{"id":2037,"date":"2024-03-07T06:19:13","date_gmt":"2024-03-07T06:19:13","guid":{"rendered":"https:\/\/swingbearing.net\/?post_type=product&#038;p=2037"},"modified":"2024-03-07T06:40:47","modified_gmt":"2024-03-07T06:40:47","slug":"swing-motors-706-7k-01011","status":"publish","type":"product","link":"https:\/\/swingbearing.net\/lv\/product\/swing-motors-706-7k-01011\/","title":{"rendered":"706-7K-01011 Hidrauliskais \u0161\u016bpo\u013cu motors priek\u0161 SANY SY135-8 SY65 SY75 SY200 SY200 SY300"},"content":{"rendered":"<h4>M\u0113s varam pied\u0101v\u0101t pla\u0161u ekskavatoru \u0161\u016bpo\u013cu motoru \/ \u0161\u016bpo\u013cu reduktoru \/ \u0161\u016bpo\u013cu reduktoru kl\u0101stu.<\/h4>\n<p>1\u3001 \u0160\u016bpo\u013cu motora funkcija<br \/>\n\u0160\u016bpo\u013cu motors ir viena no galvenaj\u0101m ekskavatora sast\u0101vda\u013c\u0101m, un t\u0101 galven\u0101 funkcija ir darbin\u0101t visu \u0161\u016bpo\u013cu sist\u0113mu, lai ekskavatora aug\u0161\u0113j\u0101 da\u013ca var\u0113tu \u0161\u016bpoties par 360 gr\u0101diem. Konkr\u0113ti, ekskavatora aug\u0161\u0113j\u0101 da\u013c\u0101 ietilpst t\u0101das sast\u0101vda\u013cas k\u0101 \u0161\u016bpo\u013cu platforma, \u0161\u016bpo\u013cu motors un \u0161\u016bpo\u013cu meh\u0101nisms. \u0160\u016bpo\u013cu motors darbina \u0161\u016bpo\u013cu meh\u0101nismu, \u013caujot ekskavatora aug\u0161\u0113jai da\u013cai \u0161\u016bpoties pa kreisi un pa labi.<br \/>\n2\u3001 \u0160\u016bpo\u013cu motora darb\u012bbas princips<br \/>\n\u0160\u016bpo\u013cu motor\u0101 izmantota hidraulisk\u0101s piedzi\u0146as metode, kas p\u0101rveido hidraulisko ener\u0123iju meh\u0101niskaj\u0101 ener\u0123ij\u0101 un ar hidraulisk\u0101s transmisijas ier\u012bces pal\u012bdz\u012bbu nodod jaudu \u0161\u016bpo\u013cu meh\u0101nismam, liekot tam griezties. \u0160\u016bpo\u013cu motor\u0101 ir vair\u0101ki virzu\u013ci, cilindra korpusi un zobrati. Kad \u0161\u016bpo\u013cu motor\u0101 no e\u013c\u013cas s\u016bk\u0146a iepl\u016bst hidraulisk\u0101 e\u013c\u013ca, uz virzu\u013ciem iedarbojas hidrauliskais spiediens un tie p\u0101rvietojas cilindra korpusa virzien\u0101, liekot zobratiem griezties un t\u0101d\u0113j\u0101di liekot rot\u0101cijas meh\u0101nismam \u0161\u016bpoties.<\/p>\n<p><strong>Atbalst\u012bt\u0101s markas<\/strong><br \/>\nPa\u0161laik m\u0113s varam pieg\u0101d\u0101t \u0161\u016bpoles motorus pla\u0161am ekskavatoru kl\u0101stam, ko ra\u017eo t\u0101di uz\u0146\u0113mumi k\u0101 Komatsu, Caterpillar, Volvo, Case, Doosan, Sumitomo, Hyundai, Kobelco, JCB, Liugong, Sany, XCMG un Hitachi.<\/p>\n<h4>Saist\u012bt\u0101s Sany ekskavatora \u0161\u016bpoles motora assy<\/h4>\n<figure class=\"wp-block-table is-style-stripes has-small-font-size\">\n<table style=\"height: 410px;\" width=\"607\">\n<tbody>\n<tr>\n<td width=\"236\">GM85<\/td>\n<td width=\"273\">MAG-1700VP-5000<\/td>\n<\/tr>\n<tr>\n<td width=\"236\">\u00a0Sany 335<\/td>\n<td width=\"273\">MAG-18000VP-6000<\/td>\n<\/tr>\n<tr>\n<td width=\"236\">Sany JS200 332\/K1192<\/td>\n<td width=\"273\">MAG-170V9-G-GT40D43B B0240-93111<\/td>\n<\/tr>\n<tr>\n<td width=\"236\">\u00a0Sany 335<\/td>\n<td width=\"273\">MAG-18000VP-6000<\/td>\n<\/tr>\n<tr>\n<td>SANY258<\/td>\n<td>SANY258<\/td>\n<\/tr>\n<tr>\n<td width=\"236\">\u00a0Sany305<\/td>\n<td width=\"273\">MAG-1700VP-5000<\/td>\n<\/tr>\n<tr>\n<td width=\"236\">\u00a0Sany 335<\/td>\n<td width=\"273\">MAG-18000VP-6000<\/td>\n<\/tr>\n<tr>\n<td width=\"236\">Sany JS200<\/td>\n<td width=\"273\">MAG-170V9-G-GT40D43B<\/td>\n<\/tr>\n<tr>\n<td width=\"236\">\u00a0 jebkur\u0161 335<\/td>\n<td width=\"273\">MAG-18000VP-6000<\/td>\n<\/tr>\n<tr>\n<td width=\"236\">SANY Sy385 Sy335 Sk350<\/td>\n<td width=\"273\">Msf-180vp-G-1<\/td>\n<\/tr>\n<tr>\n<td width=\"236\">Liugong 925D SANY SY215 SK200-8<\/td>\n<td width=\"273\">MAG170VP-3800G-10<\/td>\n<\/tr>\n<tr>\n<td>\u00a0SK460 SY485<\/td>\n<td>GM85<\/td>\n<\/tr>\n<\/tbody>\n<\/table>\n<\/figure>\n<h4><strong>Pieejams motora un p\u0101rnesumk\u0101rbas modelis:<\/strong><\/h4>\n<figure class=\"wp-block-table is-style-stripes has-small-font-size\">SANY SY135C SY230C SY55, SY60, SY65, SY70, SY75, SY85, SY95, SY115, SY135, SY155, SY195, SY200, SY205, SY215, SY220, SY225, SY235, SY245, SY285, SY305, SY335, SY365, SY375, SY395, SY415 un SY485 ekskavatoru mode\u013ci.<\/figure>\n<p><img decoding=\"async\" class=\"wp-image-1155 aligncenter\" src=\"https:\/\/swingbearing.net\/wp-content\/uploads\/2023\/11\/111-300x187.jpg\" alt=\"Ekskavatora gala piedzi\u0146a\" width=\"718\" height=\"448\" srcset=\"https:\/\/swingbearing.net\/wp-content\/uploads\/2023\/11\/111-300x187.jpg 300w, https:\/\/swingbearing.net\/wp-content\/uploads\/2023\/11\/111-768x479.jpg 768w, https:\/\/swingbearing.net\/wp-content\/uploads\/2023\/11\/111-600x374.jpg 600w, https:\/\/swingbearing.net\/wp-content\/uploads\/2023\/11\/111.jpg 850w\" sizes=\"(max-width: 718px) 100vw, 718px\" \/><\/p>\n<p><img decoding=\"async\" class=\"wp-image-1156 aligncenter\" src=\"https:\/\/swingbearing.net\/wp-content\/uploads\/2023\/11\/222.jpg\" alt=\"Ekskavatora gala piedzi\u0146a\" width=\"727\" height=\"546\" srcset=\"https:\/\/swingbearing.net\/wp-content\/uploads\/2023\/11\/222.jpg 850w, https:\/\/swingbearing.net\/wp-content\/uploads\/2023\/11\/222-300x225.jpg 300w, https:\/\/swingbearing.net\/wp-content\/uploads\/2023\/11\/222-768x576.jpg 768w, https:\/\/swingbearing.net\/wp-content\/uploads\/2023\/11\/222-600x450.jpg 600w\" sizes=\"(max-width: 727px) 100vw, 727px\" \/><\/p>","protected":false},"excerpt":{"rendered":"<h5 class=\"ct-headline\">Kategorijas: Sany \u0161\u016bpoles motors, \u0161\u016bpoles p\u0101rnesumk\u0101rba , \u0161\u016bpoles reduktors,<br \/>\nModelis: SY135-8 SY65 SY65 SY75 SY200 SY300<br \/>\nDeta\u013cas Nr.:706-7K-01011<\/h5>","protected":false},"featured_media":1887,"template":"","meta":[],"product_brand":[],"product_cat":[26],"product_tag":[],"class_list":{"0":"post-2037","1":"product","2":"type-product","3":"status-publish","4":"has-post-thumbnail","6":"product_cat-hydraulic-motors","8":"first","9":"instock","10":"shipping-taxable","11":"product-type-simple"},"_links":{"self":[{"href":"https:\/\/swingbearing.net\/lv\/wp-json\/wp\/v2\/product\/2037","targetHints":{"allow":["GET"]}}],"collection":[{"href":"https:\/\/swingbearing.net\/lv\/wp-json\/wp\/v2\/product"}],"about":[{"href":"https:\/\/swingbearing.net\/lv\/wp-json\/wp\/v2\/types\/product"}],"wp:featuredmedia":[{"embeddable":true,"href":"https:\/\/swingbearing.net\/lv\/wp-json\/wp\/v2\/media\/1887"}],"wp:attachment":[{"href":"https:\/\/swingbearing.net\/lv\/wp-json\/wp\/v2\/media?parent=2037"}],"wp:term":[{"taxonomy":"product_brand","embeddable":true,"href":"https:\/\/swingbearing.net\/lv\/wp-json\/wp\/v2\/product_brand?post=2037"},{"taxonomy":"product_cat","embeddable":true,"href":"https:\/\/swingbearing.net\/lv\/wp-json\/wp\/v2\/product_cat?post=2037"},{"taxonomy":"product_tag","embeddable":true,"href":"https:\/\/swingbearing.net\/lv\/wp-json\/wp\/v2\/product_tag?post=2037"}],"curies":[{"name":"wp","href":"https:\/\/api.w.org\/{rel}","templated":true}]}}