{"id":579,"date":"2023-09-27T05:49:33","date_gmt":"2023-09-27T05:49:33","guid":{"rendered":"https:\/\/swingbearing.net\/?post_type=product&#038;p=579"},"modified":"2024-05-15T06:39:37","modified_gmt":"2024-05-15T06:39:37","slug":"swing-bearing-sumitomo","status":"publish","type":"product","link":"https:\/\/swingbearing.net\/lt\/product\/swing-bearing-sumitomo\/","title":{"rendered":"S\u016bpyn\u0117s guolis SUMITOMO"},"content":{"rendered":"<h2 class=\"has-text-align-center\" style=\"text-align: center;\">SUMITOMO svyruoklini\u0173 guoli\u0173 parametrai<\/h2>\n<figure class=\"wp-block-table is-style-stripes has-small-font-size\">\n<table class=\"has-cyan-bluish-gray-background-color has-background\">\n<tbody>\n<tr>\n<td>I\u0161orinis skersmuo Da<\/td>\n<td>Vidinis skersmuo Di<\/td>\n<td>Montavimo auk\u0161tis H<\/td>\n<td>Pavadinimas<\/td>\n<\/tr>\n<tr>\n<td>615<\/td>\n<td>451<\/td>\n<td>53<\/td>\n<td>SH50<\/td>\n<\/tr>\n<tr>\n<td>766<\/td>\n<td>560<\/td>\n<td>97<\/td>\n<td>SH60-1<\/td>\n<\/tr>\n<tr>\n<td>1169<\/td>\n<td>971<\/td>\n<td>75<\/td>\n<td>SH120A1<\/td>\n<\/tr>\n<tr>\n<td>1171<\/td>\n<td>973<\/td>\n<td>88<\/td>\n<td>SH120A2<\/td>\n<\/tr>\n<tr>\n<td>1171<\/td>\n<td>973<\/td>\n<td>78<\/td>\n<td>SH120A3<\/td>\n<\/tr>\n<tr>\n<td>1171<\/td>\n<td>973<\/td>\n<td>88<\/td>\n<td>SH120-1<\/td>\n<\/tr>\n<tr>\n<td>1171<\/td>\n<td>973<\/td>\n<td>88<\/td>\n<td>SH120-2<\/td>\n<\/tr>\n<tr>\n<td>1171<\/td>\n<td>973<\/td>\n<td>84<\/td>\n<td>SH265<\/td>\n<\/tr>\n<tr>\n<td>1171<\/td>\n<td>973<\/td>\n<td>84<\/td>\n<td>SH260<\/td>\n<\/tr>\n<tr>\n<td>1330<\/td>\n<td>1093<\/td>\n<td>102<\/td>\n<td>SH200A1a<\/td>\n<\/tr>\n<tr>\n<td>1330<\/td>\n<td>1093<\/td>\n<td>102<\/td>\n<td>SH200A1b<\/td>\n<\/tr>\n<tr>\n<td>1330<\/td>\n<td>1093<\/td>\n<td>102<\/td>\n<td>SH200A2<\/td>\n<\/tr>\n<tr>\n<td>1330<\/td>\n<td>1093<\/td>\n<td>102.5<\/td>\n<td>SH200A3<\/td>\n<\/tr>\n<tr>\n<td>1330<\/td>\n<td>1093<\/td>\n<td>102<\/td>\n<td>SH200C2<\/td>\n<\/tr>\n<tr>\n<td>1330<\/td>\n<td>1093<\/td>\n<td>102<\/td>\n<td>SH200C3<\/td>\n<\/tr>\n<tr>\n<td>1330<\/td>\n<td>1093<\/td>\n<td>102<\/td>\n<td>SH200Z3<\/td>\n<\/tr>\n<tr>\n<td>1375<\/td>\n<td>1095<\/td>\n<td>123<\/td>\n<td>SH220-2<\/td>\n<\/tr>\n<tr>\n<td>1330<\/td>\n<td>1084<\/td>\n<td>103<\/td>\n<td>210-5<\/td>\n<\/tr>\n<tr>\n<td>1330<\/td>\n<td>1084<\/td>\n<td>103<\/td>\n<td>210-5<\/td>\n<\/tr>\n<tr>\n<td>1375<\/td>\n<td>1094<\/td>\n<td>121<\/td>\n<td>SH220-3<\/td>\n<\/tr>\n<tr>\n<td>1329<\/td>\n<td>1093<\/td>\n<td>103<\/td>\n<td>SH225<\/td>\n<\/tr>\n<tr>\n<td>1376<\/td>\n<td>1092<\/td>\n<td>123<\/td>\n<td>SH240-3<\/td>\n<\/tr>\n<tr>\n<td>1377<\/td>\n<td>1094<\/td>\n<td>123<\/td>\n<td>SH240-5<\/td>\n<\/tr>\n<tr>\n<td>1330<\/td>\n<td>1082<\/td>\n<td>99<\/td>\n<td>SH280<\/td>\n<\/tr>\n<tr>\n<td>1510<\/td>\n<td>1193<\/td>\n<td>135<\/td>\n<td>SH350<\/td>\n<\/tr>\n<tr>\n<td>1463<\/td>\n<td>1191<\/td>\n<td>135<\/td>\n<td>SH430<\/td>\n<\/tr>\n<\/tbody>\n<\/table>\n<\/figure>\n<p>Jei savo ekskavatoriui ie\u0161kote auk\u0161tos kokyb\u0117s svyruoklini\u0173 guoli\u0173, ie\u0161kokite tik SUMITOMO. J\u0173 ekskavatori\u0173 svyruokliniai guoliai suprojektuoti ir pagaminti pagal auk\u0161\u010diausius standartus, u\u017etikrinant patikim\u0105 ir ilgalaik\u012f veikim\u0105 net pa\u010diose sud\u0117tingiausiose srityse.<\/p>\n<p>SUMITOMO si\u016blo plat\u0173 ekskavatori\u0173 svyruoklini\u0173 guoli\u0173 asortiment\u0105, tinkant\u012f \u012fvairiems modeliams, \u012fskaitant SH55, SH60, SH75, SH75, SH50, SH100, SH120, SH125, SH135, SH140, SH145, SH200, SH200-3-5, SH220-2-3, SH240, SH225, SH260, SH265, SH280, SH300, SH340, SH350, SH400, SH430, SH450, SH40T, SH60-1, SH100A1, SH120, SH120A1, SH120A2, SH120A3, SH200A1, SH200A3, SH210A3, SH210A5, SH220-2, SH220-3, SH225, SH260, SH265, SH240-5, SH340, SH300A2 ir SH350.<\/p>\n<p>\u0160ie ekskavatori\u0173 svyruokliniai guoliai gaminami naudojant auk\u0161tos kokyb\u0117s med\u017eiagas ir tiksliosios in\u017einerijos metodus, u\u017etikrinan\u010dius puik\u0173 veikim\u0105 ir ilgaam\u017ei\u0161kum\u0105. Pasukimo guolis yra vienas svarbiausi\u0173 ekskavatoriaus komponent\u0173, o SUMITOMO pasukamieji guoliai yra sukurti taip, kad atlaikyt\u0173 sunkias eksploatavimo s\u0105lygas.<br \/>\nVienas i\u0161 pagrindini\u0173 SUMITOMO ekskavatori\u0173 svyruoklini\u0173 guoli\u0173 privalum\u0173 yra j\u0173 puiki laikomoji galia. \u0160ie guoliai sukurti taip, kad atlaikyt\u0173 dideles a\u0161ines ir radialines apkrovas, tod\u0117l idealiai tinka reikliems darbams. Be to, guoliai suprojektuoti taip, kad gal\u0117t\u0173 veikti dideliu grei\u010diu, o tai leid\u017eia pagreitinti cikl\u0105 ir padidinti na\u0161um\u0105.<\/p>\n<p>Dar vienas svarbus SUMITOMO ekskavatori\u0173 svyruoklini\u0173 guoli\u0173 privalumas - ma\u017ea trintis ir didelis tikslumas. \u0160ios savyb\u0117s padeda iki minimumo suma\u017einti guoli\u0173 nusid\u0117v\u0117jim\u0105, tod\u0117l suma\u017e\u0117ja technin\u0117s prie\u017ei\u016bros i\u0161laidos ir pailg\u0117ja guolio eksploatavimo laikas. Ma\u017ea trintis taip pat padeda efektyviau naudoti degalus, nes ekskavatoriui eksploatuoti reikia ma\u017eiau energijos.Apibendrinant galima pasakyti, kad jei ie\u0161kote patikimo ir auk\u0161tos kokyb\u0117s ekskavatoriaus pasukamojo guolio, SUMITOMO yra puikus pasirinkimas. J\u0173 gaminiai sukurti taip, kad atitikt\u0173 sunki\u0173j\u0173 darb\u0173 reikalavimus, pasi\u017eymi puikia laikom\u0105ja galia, ma\u017ea trintimi ir dideliu tikslumu. Taigi, nesvarbu, ar dirbate statyb\u0173, kasybos, ar bet kurioje kitoje sunkiojoje pramon\u0117je, SUMITOMO ekskavatori\u0173 pasukamieji guoliai gali pad\u0117ti efektyviai ir patikimai atlikti darb\u0105.<\/p>\n<p>Galime pasi\u016blyti alternatyvius s\u016bpuokli\u0173 guolius j\u016bs\u0173\u00a0 <a href=\"https:\/\/national-bearing.com\/excavator-swing-bearings-slewing-rings-cat\/\" target=\"_blank\" rel=\"noopener\">CAT<\/a>, HITACHI, KOMATSU, KOBELCO, HYUNDAI, VOLVO, DOOSAN, DAEWOO, JCB, CASE, SUMITOMO, KATO.Yra \u012fprast\u0173 ir nestandartini\u0173 daugiau kaip 1000 \u0161imt\u0173 tip\u0173, i\u0161 kuri\u0173 galite rinktis.<\/p>\n<figure class=\"wp-block-table aligncenter\"><\/figure>","protected":false},"excerpt":{"rendered":"<p>SUMITOMO svyruoklinis guolis<br \/>\nModelis: SH430, SH350, SH280<br \/>\nSH265, SH240-5, SH240-3, SH225<\/p>","protected":false},"featured_media":136,"template":"","meta":[],"product_brand":[],"product_cat":[22,58],"product_tag":[],"class_list":{"0":"post-579","1":"product","2":"type-product","3":"status-publish","4":"has-post-thumbnail","6":"product_cat-swing-bearing","7":"product_cat-cat-excavator-swing-bearing","9":"first","10":"instock","11":"shipping-taxable","12":"product-type-simple"},"_links":{"self":[{"href":"https:\/\/swingbearing.net\/lt\/wp-json\/wp\/v2\/product\/579","targetHints":{"allow":["GET"]}}],"collection":[{"href":"https:\/\/swingbearing.net\/lt\/wp-json\/wp\/v2\/product"}],"about":[{"href":"https:\/\/swingbearing.net\/lt\/wp-json\/wp\/v2\/types\/product"}],"wp:featuredmedia":[{"embeddable":true,"href":"https:\/\/swingbearing.net\/lt\/wp-json\/wp\/v2\/media\/136"}],"wp:attachment":[{"href":"https:\/\/swingbearing.net\/lt\/wp-json\/wp\/v2\/media?parent=579"}],"wp:term":[{"taxonomy":"product_brand","embeddable":true,"href":"https:\/\/swingbearing.net\/lt\/wp-json\/wp\/v2\/product_brand?post=579"},{"taxonomy":"product_cat","embeddable":true,"href":"https:\/\/swingbearing.net\/lt\/wp-json\/wp\/v2\/product_cat?post=579"},{"taxonomy":"product_tag","embeddable":true,"href":"https:\/\/swingbearing.net\/lt\/wp-json\/wp\/v2\/product_tag?post=579"}],"curies":[{"name":"wp","href":"https:\/\/api.w.org\/{rel}","templated":true}]}}