{"id":577,"date":"2023-09-27T05:44:31","date_gmt":"2023-09-27T05:44:31","guid":{"rendered":"https:\/\/swingbearing.net\/?post_type=product&#038;p=577"},"modified":"2024-05-15T06:41:28","modified_gmt":"2024-05-15T06:41:28","slug":"swing-bearing-yuchai","status":"publish","type":"product","link":"https:\/\/swingbearing.net\/lt\/product\/swing-bearing-yuchai\/","title":{"rendered":"S\u016bpyn\u0117s guolis YUCHAI"},"content":{"rendered":"<h4 style=\"text-align: center;\">HITACHI svyruoklini\u0173 guoli\u0173 parametrai<\/h4>\n<figure class=\"wp-block-table is-style-stripes has-small-font-size\">\n<table class=\"has-cyan-bluish-gray-background-color has-background\">\n<tbody>\n<tr>\n<td>I\u0161orinis skersmuo (Da)<\/td>\n<td>Vidinis skersmuo (Di)<\/td>\n<td>Montavimo auk\u0161tis (H)<\/td>\n<td>Pavadinimas<\/td>\n<\/tr>\n<tr>\n<td>545<\/td>\n<td>380<\/td>\n<td>50<\/td>\n<td>YC13<\/td>\n<\/tr>\n<tr>\n<td>573<\/td>\n<td>380<\/td>\n<td>55<\/td>\n<td>YC15<\/td>\n<\/tr>\n<tr>\n<td>573<\/td>\n<td>380<\/td>\n<td>55<\/td>\n<td>YC18-3<\/td>\n<\/tr>\n<tr>\n<td>573<\/td>\n<td>380<\/td>\n<td>55<\/td>\n<td>YC20<\/td>\n<\/tr>\n<tr>\n<td>640<\/td>\n<td>473<\/td>\n<td>55<\/td>\n<td>YC35<\/td>\n<\/tr>\n<tr>\n<td>640<\/td>\n<td>471<\/td>\n<td>55<\/td>\n<td>YC35<\/td>\n<\/tr>\n<tr>\n<td>800<\/td>\n<td>590<\/td>\n<td>70<\/td>\n<td>YC55<\/td>\n<\/tr>\n<tr>\n<td>800<\/td>\n<td>590<\/td>\n<td>70<\/td>\n<td>YC60(86Z)<\/td>\n<\/tr>\n<tr>\n<td>812<\/td>\n<td>623<\/td>\n<td>75<\/td>\n<td>YC6-5T(90Z)<\/td>\n<\/tr>\n<tr>\n<td>811<\/td>\n<td>621<\/td>\n<td>75<\/td>\n<td>YC65-2<\/td>\n<\/tr>\n<tr>\n<td>922<\/td>\n<td>635<\/td>\n<td>104<\/td>\n<td>YC85<\/td>\n<\/tr>\n<tr>\n<td>922<\/td>\n<td>635<\/td>\n<td>104<\/td>\n<td>YC85-3<\/td>\n<\/tr>\n<tr>\n<td>922<\/td>\n<td>635<\/td>\n<td>104<\/td>\n<td>YC85-5<\/td>\n<\/tr>\n<tr>\n<td>922<\/td>\n<td>635<\/td>\n<td>104<\/td>\n<td>YC85-6<\/td>\n<\/tr>\n<tr>\n<td>922<\/td>\n<td>635<\/td>\n<td>104<\/td>\n<td>YC85-7<\/td>\n<\/tr>\n<tr>\n<td>1195<\/td>\n<td>963<\/td>\n<td>85<\/td>\n<td>YC135,10T<\/td>\n<\/tr>\n<tr>\n<td>1323<\/td>\n<td>1071<\/td>\n<td>104<\/td>\n<td>YC210-8<\/td>\n<\/tr>\n<tr>\n<td>1327<\/td>\n<td>1083<\/td>\n<td>110<\/td>\n<td>YC230-8<\/td>\n<\/tr>\n<tr>\n<td>1534<\/td>\n<td>1238<\/td>\n<td>125<\/td>\n<td>YC350<\/td>\n<\/tr>\n<tr>\n<td>1327<\/td>\n<td>1083<\/td>\n<td>110<\/td>\n<td>YC225<\/td>\n<\/tr>\n<tr>\n<td>1534<\/td>\n<td>1238<\/td>\n<td>125<\/td>\n<td>YC400-8<\/td>\n<\/tr>\n<\/tbody>\n<\/table>\n<\/figure>\n<p>Ie\u0161kote auk\u0161tos kokyb\u0117s ekskavatori\u0173 svyruoklini\u0173 guoli\u0173? Ie\u0161kokite tik \"Yuchai\"! Naudodami pa\u017eangias technologijas ir didel\u0119 patirt\u012f \u0161ioje srityje, did\u017eiuojam\u0117s gal\u0117dami pasi\u016blyti plat\u0173 auk\u0161\u010diausios kokyb\u0117s pasukam\u0173j\u0173 guoli\u0173, skirt\u0173 vis\u0173 dyd\u017ei\u0173 ir modeli\u0173 ekskavatoriams, asortiment\u0105.<br \/>\nM\u016bs\u0173 pasukamieji guoliai gaminami naudojant tik auk\u0161\u010diausios kokyb\u0117s med\u017eiagas ir gamybos metodus, kad b\u016bt\u0173 u\u017etikrintas ilgalaikis veikimas ir patikimumas. Nesvarbu, ar jums reikia pasukamojo guolio ekskavatoriaus modeliams YC13, YC18, YC18-3, YC35, YC45, YC55, YC65, YC65-2, YC85, YC85-3, YC135, YC225LC ar YC230, mes turime puik\u0173 sprendim\u0105 j\u016bs\u0173 poreikiams.<\/p>\n<p>M\u016bs\u0173 svyruokliniai guoliai sukurti taip, kad atlaikyt\u0173 sunkiausias darbo s\u0105lygas ir u\u017etikrint\u0173 optimal\u0173 veikim\u0105 bei ilgaam\u017ei\u0161kum\u0105. Si\u016blome \u012fvairi\u0173 dyd\u017ei\u0173 ir konfig\u016bracij\u0173, tinkan\u010di\u0173 vis\u0173 tip\u0173 ekskavatoriams - nuo ma\u017e\u0173 ir kompakti\u0161k\u0173 iki dideli\u0173 ir sunkiasvori\u0173.<br \/>\nM\u016bs\u0173 ekskavatori\u0173 pasukam\u0173j\u0173 guoli\u0173 asortiment\u0105 sudaro pasukamieji \u017eiediniai guoliai, pasukamojo stalo guoliai, pasukamieji \u017eiediniai guoliai, <a href=\"https:\/\/swingbearing.net\/lt\/gear-box-parts\/\">ekskavatori\u0173 dalys<\/a> svyruokliniai guoliai ir dar daugiau. Nesvarbu, kokie b\u016bt\u0173 j\u016bs\u0173 poreikiai, mes turime puik\u0173 sprendim\u0105 jiems patenkinti.<\/p>\n<p>\"Yuchai\" yra \u012fsipareigojusi teikti savo klientams auk\u0161\u010diausios kokyb\u0117s gaminius ir geriausi\u0105 aptarnavim\u0105. M\u016bs\u0173 specialist\u0173 komanda visada pasirengusi atsakyti \u012f visus jums r\u016bpimus klausimus ir pad\u0117ti rasti puik\u0173 sprendim\u0105 j\u016bs\u0173 ekskavatoriaus poreikiams.<\/p>\n<p>Tad kod\u0117l reikia laukti? Susisiekite su mumis dar \u0161iandien ir su\u017einokite daugiau apie m\u016bs\u0173 ekskavatori\u0173 pasukam\u0173j\u0173 guoli\u0173 asortiment\u0105 ir kaip galime pad\u0117ti jums pakelti ekskavatoriaus na\u0161um\u0105 \u012f auk\u0161tesn\u012f lyg\u012f. Nekantriai laukiame bendradarbiavimo su jumis!<\/p>\n<p>Mes galime pasi\u016blyti alternatyv\u0173 s\u016bpyn\u0117s rat\u0105 j\u016bs\u0173 CAT, HITACHI, KOMATSU, KOBELCO, HYUNDAI, VOLVO, DOOSAN, DAEWOO, JCB, CASE, SUMITOMO, KATO.There yra normalus ir nestandartinis daugiau nei 1000 \u0161imtai tip\u0173 jums pasirinkti.<\/p>\n<figure class=\"wp-block-image size-full is-resized\"><a href=\"https:\/\/swingbearing.net\/lt\/swing-bearing\/\"><img decoding=\"async\" class=\"alignnone wp-image-177\" src=\"https:\/\/national-bearing.com\/wp-content\/uploads\/2023\/04\/0001.jpg\" sizes=\"(max-width: 843px) 100vw, 843px\" srcset=\"https:\/\/national-bearing.com\/wp-content\/uploads\/2023\/04\/0001.jpg 600w, https:\/\/national-bearing.com\/wp-content\/uploads\/2023\/04\/0001-300x200.jpg 300w\" alt=\"\" width=\"462\" height=\"308\" \/><\/a><\/figure>","protected":false},"excerpt":{"rendered":"<p>YUCHAI svyruoklinis guolis<br \/>\nModel:YC400-8,YC225,YC230-8<br \/>\nYC350,YC210-8,YC85-7,YC85-5<\/p>","protected":false},"featured_media":136,"template":"","meta":[],"product_brand":[],"product_cat":[22],"product_tag":[],"class_list":{"0":"post-577","1":"product","2":"type-product","3":"status-publish","4":"has-post-thumbnail","6":"product_cat-swing-bearing","8":"first","9":"instock","10":"shipping-taxable","11":"product-type-simple"},"_links":{"self":[{"href":"https:\/\/swingbearing.net\/lt\/wp-json\/wp\/v2\/product\/577","targetHints":{"allow":["GET"]}}],"collection":[{"href":"https:\/\/swingbearing.net\/lt\/wp-json\/wp\/v2\/product"}],"about":[{"href":"https:\/\/swingbearing.net\/lt\/wp-json\/wp\/v2\/types\/product"}],"wp:featuredmedia":[{"embeddable":true,"href":"https:\/\/swingbearing.net\/lt\/wp-json\/wp\/v2\/media\/136"}],"wp:attachment":[{"href":"https:\/\/swingbearing.net\/lt\/wp-json\/wp\/v2\/media?parent=577"}],"wp:term":[{"taxonomy":"product_brand","embeddable":true,"href":"https:\/\/swingbearing.net\/lt\/wp-json\/wp\/v2\/product_brand?post=577"},{"taxonomy":"product_cat","embeddable":true,"href":"https:\/\/swingbearing.net\/lt\/wp-json\/wp\/v2\/product_cat?post=577"},{"taxonomy":"product_tag","embeddable":true,"href":"https:\/\/swingbearing.net\/lt\/wp-json\/wp\/v2\/product_tag?post=577"}],"curies":[{"name":"wp","href":"https:\/\/api.w.org\/{rel}","templated":true}]}}