{"id":575,"date":"2023-09-27T05:22:14","date_gmt":"2023-09-27T05:22:14","guid":{"rendered":"https:\/\/swingbearing.net\/?post_type=product&#038;p=575"},"modified":"2024-05-15T06:44:50","modified_gmt":"2024-05-15T06:44:50","slug":"swing-bearing-liugong","status":"publish","type":"product","link":"https:\/\/swingbearing.net\/lt\/product\/swing-bearing-liugong\/","title":{"rendered":"S\u016bpyn\u0117s guolis LIUGONG"},"content":{"rendered":"<h2 style=\"text-align: center;\">LIUGONG s\u016bpuokli\u0173 guoli\u0173 parametrai<\/h2>\n<figure class=\"wp-block-table is-style-stripes has-small-font-size\">\n<table class=\"has-cyan-bluish-gray-background-color has-background\">\n<tbody>\n<tr>\n<td width=\"52\">Modelis<\/td>\n<td width=\"62\">Dalies numeris<\/td>\n<td width=\"81\">I\u0161orinis skersmuo<\/td>\n<td width=\"111\">Vidinis skersmuo<\/td>\n<td width=\"77\">Bendras auk\u0161tis<\/td>\n<td width=\"77\">I\u0161orinis auk\u0161tis<\/td>\n<td width=\"104\">Vidinis auk\u0161tis<\/td>\n<td width=\"141\">I\u0161orin\u0117s skyl\u0117s parametrai<\/td>\n<td width=\"103\">Vidin\u0117s skyl\u0117s parametrai<\/td>\n<td width=\"85\">Dant\u0173 skai\u010dius<\/td>\n<\/tr>\n<tr>\n<td width=\"52\">922<\/td>\n<td width=\"62\">26b0272<\/td>\n<td width=\"81\">1405<\/td>\n<td width=\"111\">1129<\/td>\n<td width=\"77\">100<\/td>\n<td width=\"77\">70<\/td>\n<td width=\"104\">90<\/td>\n<td width=\"141\">36-\u03c624 nevienodas<\/td>\n<td width=\"103\">36-M22<\/td>\n<td width=\"85\">95<\/td>\n<\/tr>\n<tr>\n<td width=\"52\">922<\/td>\n<td width=\"62\">26b0122<\/td>\n<td width=\"81\">1405<\/td>\n<td width=\"111\">1129<\/td>\n<td width=\"77\">100<\/td>\n<td width=\"77\">70<\/td>\n<td width=\"104\">90<\/td>\n<td width=\"141\">36-\u03c624 nevienodas<\/td>\n<td width=\"103\">36-M22<\/td>\n<td width=\"85\">95<\/td>\n<\/tr>\n<tr>\n<td width=\"52\">922<\/td>\n<td width=\"62\">26b0010<\/td>\n<td width=\"81\">1405<\/td>\n<td width=\"111\">1129<\/td>\n<td width=\"77\">100<\/td>\n<td width=\"77\">70<\/td>\n<td width=\"104\">90<\/td>\n<td width=\"141\">36 Tolygiai pasiskirst\u0119<\/td>\n<td width=\"103\">36-M22<\/td>\n<td width=\"85\">91<\/td>\n<\/tr>\n<tr>\n<td width=\"52\">LG922D<\/td>\n<td width=\"62\">26B0122<\/td>\n<td width=\"81\">1405<\/td>\n<td width=\"111\">1129<\/td>\n<td width=\"77\">100<\/td>\n<td width=\"77\">70<\/td>\n<td width=\"104\">90<\/td>\n<td width=\"141\">36-\u03c624 nevienodas<\/td>\n<td width=\"103\">36-M22<\/td>\n<td width=\"85\">95<\/td>\n<\/tr>\n<tr>\n<td width=\"52\"><strong><b>936D<\/b><\/strong><\/td>\n<td width=\"62\">26B0120<\/td>\n<td width=\"81\">1658<\/td>\n<td width=\"111\">1334.3<\/td>\n<td width=\"77\">125<\/td>\n<td width=\"77\">82<\/td>\n<td width=\"104\">115<\/td>\n<td width=\"141\">40-\u03c626 nelygus<\/td>\n<td width=\"103\">40-M24 Tolygiai paskirstytas<\/td>\n<td width=\"85\">97<\/td>\n<\/tr>\n<\/tbody>\n<\/table>\n<\/figure>\n<h5 class=\"wp-block-heading has-medium-font-size\">\"Liugong\" ekskavatori\u0173 s\u016bpuokli\u0173 guoliai<\/h5>\n<p>\"Liugong\" ekskavatoriaus s\u016bpyn\u0117s guolis: Patvarus ir patikimas pasirinkimas j\u016bs\u0173 ekskavatoriui<br \/>\nPasukamieji guoliai, dar vadinami pasukamojo stalo guoliais, yra esmin\u0117 ekskavatori\u0173 sudedamoji dalis. \u0160ie guoliai leid\u017eia ekskavatoriaus vir\u0161utinei konstrukcijai skland\u017eiai ir saugiai suktis. Ekskavatori\u0173 pasukamieji guoliai atlieka lemiam\u0105 vaidmen\u012f u\u017etikrinant ma\u0161inos na\u0161um\u0105 ir patikimum\u0105. D\u0117l \u0161ios prie\u017easties, norint u\u017etikrinti ekskavatoriaus ilgaam\u017ei\u0161kum\u0105 ir efektyvum\u0105, b\u016btina pasirinkti auk\u0161tos kokyb\u0117s pasukamuosius guolius.<br \/>\n\"Liugong\" yra \u017einomas prek\u0117s \u017eenklas statybin\u0117s \u012frangos pramon\u0117je ir si\u016blo \u012fvairius ekskavatori\u0173 pasukamuosius guolius, kurie pasi\u017eymi ilgaam\u017ei\u0161kumu ir patikimumu. \"Liugong\" ekskavatori\u0173 pasukamieji guoliai sukurti taip, kad atlaikyt\u0173 at\u0161iaurias s\u0105lygas ir dideles apkrovas, u\u017etikrinant, kad j\u016bs\u0173 ekskavatorius gal\u0117t\u0173 atlikti bet kok\u012f didel\u012f ar ma\u017e\u0105 darb\u0105.<\/p>\n<h5 class=\"wp-block-heading has-medium-font-size\">Taikomas ekskavatoriaus svyruoklinio guolio modelis<\/h5>\n<p class=\"has-text-align-left\">Galimi \u0161ie \"Liugong\" ekskavatori\u0173 svyruoklini\u0173 guoli\u0173 modeliai: CLG904, CLG9055, CLG906, CLG907, CLG9075, CLG908, CLG915, CLG150, CLG920, CLG921, CLG922, CLG225, CLG924, CLG925, CLG933, CLG936, CLG939, CLG942, CLG948, CLG950, CLG952, CLG200, CLG205, CLG220 ir CLG225.<br \/>\n\u0160ie \"Liugong\" ekskavatori\u0173 pasukamieji guoliai suprojektuoti precizi\u0161kai ir tiksliai, kad b\u016bt\u0173 u\u017etikrintas optimalus veikimas ir ilgaam\u017ei\u0161kumas. Pagaminti i\u0161 auk\u0161tos kokyb\u0117s med\u017eiag\u0173, jie gali atlaikyti ekstremalias oro s\u0105lygas ir sunkias naudojimo s\u0105lygas.<br \/>\n\"Liugong\" \u012fsipareigojimas u\u017etikrinti kokyb\u0119 ir patikimum\u0105 atsispindi visuose jos gamini\u0173 aspektuose, o ekskavatori\u0173 pasukamieji guoliai - ne i\u0161imtis. Jie sukonstruoti taip, kad u\u017etikrint\u0173 puiki\u0105 apkrovos laikom\u0105j\u0105 gali\u0105 ir didel\u012f tikslum\u0105, tod\u0117l j\u016bs\u0173 ekskavatorius veikia skland\u017eiai ir efektyviai.<br \/>\n\"Liugong\" ekskavatori\u0173 pasukamuosius guolius ne tik naudinga naudoti, bet ir lengva montuoti, be to, jiems reikia minimalios technin\u0117s prie\u017ei\u016bros, tod\u0117l suma\u017e\u0117ja prastovos ir remonto i\u0161laidos.<br \/>\nRenkantis ekskavatoriaus dali\u0173 svyruoklin\u012f guol\u012f, labai svarbu pasirinkti tok\u012f auk\u0161tos kokyb\u0117s prek\u0117s \u017eenkl\u0105 kaip \"Liugong\", kad j\u016bs\u0173 ma\u0161ina b\u016bt\u0173 ilgaam\u017e\u0117 ir patikima. Liugong ekskavatori\u0173 svyruokliniai guoliai sukurti taip, kad u\u017etikrint\u0173 geriausias eksploatacines savybes, ilgaam\u017ei\u0161kum\u0105 ir patikimum\u0105, tod\u0117l jie yra puikus pasirinkimas bet kokiam kasimo projektui.<br \/>\nApibendrinant, jei ie\u0161kote auk\u0161tos kokyb\u0117s ekskavatori\u0173 pasukam\u0173j\u0173 guoli\u0173, ie\u0161kokite tik \"Liugong\". Naudodami j\u0173 si\u016blomus patvarius ir patikimus pasukamuosius \u017eiedinius guolius galite b\u016bti tikri, kad j\u016bs\u0173 ekskavatorius dirbs efektyviai ir skland\u017eiai, u\u017etikrindamas darbui atlikti reikaling\u0105 na\u0161um\u0105 ir patikimum\u0105.<br \/>\nGalime pasi\u016blyti alternatyv\u0173 s\u016bpyn\u0117s rat\u0105 j\u016bs\u0173 ,<a href=\"https:\/\/national-bearing.com\/excavator-swing-bearings-slewing-rings-cat\/\" target=\"_blank\" rel=\"noopener\">\u00a0CAT<\/a>, HITACHI, KOMATSU, KOBELCO, HYUNDAI, VOLVO, DOOSAN, DAEWOO, JCB, CASE, SUMITOMO, KATO, , Yra \u012fprast\u0173 ir nestandartini\u0173 daugiau kaip 1000 \u0161imt\u0173 tip\u0173, kuriuos galite pasirinkti.<\/p>\n<figure class=\"wp-block-image size-full\"><\/figure>\n<p>Mes galime jums pad\u0117ti su bet kokio tipo, modelio ar mark\u0117s pasukamuoju \u017eiedu.Susisiekite su mumis \u0161iandien, jei turite klausim\u0173 apie savo poreikius.<\/p>\n<figure class=\"wp-block-table\">\n<table>\n<tbody>\n<tr>\n<td><img decoding=\"async\" class=\"wp-image-177\" src=\"https:\/\/national-bearing.com\/wp-content\/uploads\/2023\/04\/0001.jpg\" sizes=\"(max-width: 600px) 100vw, 600px\" srcset=\"https:\/\/national-bearing.com\/wp-content\/uploads\/2023\/04\/0001.jpg 600w, https:\/\/national-bearing.com\/wp-content\/uploads\/2023\/04\/0001-300x200.jpg 300w\" alt=\"ekskavatoriaus svyruoklinis guolis \" width=\"600\" height=\"400\" \/><\/td>\n<td><img decoding=\"async\" class=\"wp-image-643\" src=\"https:\/\/national-bearing.com\/wp-content\/uploads\/2023\/04\/66.jpg\" sizes=\"(max-width: 600px) 100vw, 600px\" srcset=\"https:\/\/national-bearing.com\/wp-content\/uploads\/2023\/04\/66.jpg 600w, https:\/\/national-bearing.com\/wp-content\/uploads\/2023\/04\/66-300x200.jpg 300w\" alt=\"ekskavatoriaus svyruoklinio guolio matavimas\" width=\"600\" height=\"400\" \/><\/td>\n<\/tr>\n<\/tbody>\n<\/table>\n<\/figure>","protected":false},"excerpt":{"rendered":"<p>LIUGONG s\u016bpyn\u0117s guolis<br \/>\nModel:CLG950,CLG948,LG922D<br \/>\nCLG907,CLG9075,CLG952,CLG904<\/p>","protected":false},"featured_media":136,"template":"","meta":[],"product_brand":[],"product_cat":[22,73],"product_tag":[],"class_list":{"0":"post-575","1":"product","2":"type-product","3":"status-publish","4":"has-post-thumbnail","6":"product_cat-swing-bearing","7":"product_cat-liugong-excavator-swing-bearing","9":"first","10":"instock","11":"shipping-taxable","12":"product-type-simple"},"_links":{"self":[{"href":"https:\/\/swingbearing.net\/lt\/wp-json\/wp\/v2\/product\/575","targetHints":{"allow":["GET"]}}],"collection":[{"href":"https:\/\/swingbearing.net\/lt\/wp-json\/wp\/v2\/product"}],"about":[{"href":"https:\/\/swingbearing.net\/lt\/wp-json\/wp\/v2\/types\/product"}],"wp:featuredmedia":[{"embeddable":true,"href":"https:\/\/swingbearing.net\/lt\/wp-json\/wp\/v2\/media\/136"}],"wp:attachment":[{"href":"https:\/\/swingbearing.net\/lt\/wp-json\/wp\/v2\/media?parent=575"}],"wp:term":[{"taxonomy":"product_brand","embeddable":true,"href":"https:\/\/swingbearing.net\/lt\/wp-json\/wp\/v2\/product_brand?post=575"},{"taxonomy":"product_cat","embeddable":true,"href":"https:\/\/swingbearing.net\/lt\/wp-json\/wp\/v2\/product_cat?post=575"},{"taxonomy":"product_tag","embeddable":true,"href":"https:\/\/swingbearing.net\/lt\/wp-json\/wp\/v2\/product_tag?post=575"}],"curies":[{"name":"wp","href":"https:\/\/api.w.org\/{rel}","templated":true}]}}