{"id":574,"date":"2023-09-27T05:19:35","date_gmt":"2023-09-27T05:19:35","guid":{"rendered":"https:\/\/swingbearing.net\/?post_type=product&#038;p=574"},"modified":"2024-06-12T02:15:53","modified_gmt":"2024-06-12T02:15:53","slug":"swing-bearings-sany","status":"publish","type":"product","link":"https:\/\/swingbearing.net\/lt\/product\/swing-bearings-sany\/","title":{"rendered":"S\u016bpyn\u0117s guoliai SANY"},"content":{"rendered":"<h2 style=\"text-align: center;\">SANY svyruoklini\u0173 guoli\u0173 parametrai<\/h2>\n<figure class=\"wp-block-table is-style-stripes has-small-font-size\">\n<table class=\"has-cyan-bluish-gray-background-color has-background\">\n<tbody>\n<tr>\n<td>I\u0161orinis skersmuo Da<\/td>\n<td>Vidinis skersmuo Di<\/td>\n<td>Montavimo auk\u0161tis H<\/td>\n<td>Pavadinimas<\/td>\n<\/tr>\n<tr>\n<td>811<\/td>\n<td>622<\/td>\n<td>75<\/td>\n<td>SY65<\/td>\n<\/tr>\n<tr>\n<td>810<\/td>\n<td>621<\/td>\n<td>75<\/td>\n<td>SY75(90Z)<\/td>\n<\/tr>\n<tr>\n<td>811<\/td>\n<td>601.6<\/td>\n<td>75<\/td>\n<td>SY75(76Z)<\/td>\n<\/tr>\n<tr>\n<td>1122<\/td>\n<td>821<\/td>\n<td>100<\/td>\n<td>SY135<\/td>\n<\/tr>\n<tr>\n<td>1327<\/td>\n<td>1071<\/td>\n<td>99.5<\/td>\n<td>SY185<\/td>\n<\/tr>\n<tr>\n<td>1327<\/td>\n<td>1071<\/td>\n<td>99.5<\/td>\n<td>SY195<\/td>\n<\/tr>\n<tr>\n<td>1322<\/td>\n<td>1071<\/td>\n<td>100<\/td>\n<td>SY200<\/td>\n<\/tr>\n<tr>\n<td>1327<\/td>\n<td>1071<\/td>\n<td>99.5<\/td>\n<td>SY205<\/td>\n<\/tr>\n<tr>\n<td>1322<\/td>\n<td>1071<\/td>\n<td>100<\/td>\n<td>SY210<\/td>\n<\/tr>\n<tr>\n<td>1322<\/td>\n<td>1071<\/td>\n<td>100<\/td>\n<td>SY215-7<\/td>\n<\/tr>\n<tr>\n<td>1322<\/td>\n<td>1071<\/td>\n<td>100<\/td>\n<td>SY215-8<\/td>\n<\/tr>\n<tr>\n<td>1322<\/td>\n<td>1071<\/td>\n<td>100<\/td>\n<td>SY215-9<\/td>\n<\/tr>\n<tr>\n<td>1320<\/td>\n<td>1071<\/td>\n<td>100<\/td>\n<td>SY215<\/td>\n<\/tr>\n<tr>\n<td>1327<\/td>\n<td>1071<\/td>\n<td>99.5<\/td>\n<td>SY235<\/td>\n<\/tr>\n<tr>\n<td>1532<\/td>\n<td>1235<\/td>\n<td>125<\/td>\n<td>SY300<\/td>\n<\/tr>\n<tr>\n<td>1550<\/td>\n<td>1238<\/td>\n<td>152<\/td>\n<td>SY305<\/td>\n<\/tr>\n<tr>\n<td>1532<\/td>\n<td>1235<\/td>\n<td>125<\/td>\n<td>SY310<\/td>\n<\/tr>\n<tr>\n<td>1550<\/td>\n<td>1238<\/td>\n<td>152<\/td>\n<td>SY335<\/td>\n<\/tr>\n<tr>\n<td>1532<\/td>\n<td>1235<\/td>\n<td>125<\/td>\n<td>SY360<\/td>\n<\/tr>\n<tr>\n<td>1550<\/td>\n<td>1238<\/td>\n<td>152<\/td>\n<td>SY365<\/td>\n<\/tr>\n<tr>\n<td>1550<\/td>\n<td>1238.5<\/td>\n<td>152<\/td>\n<td>SY420<\/td>\n<\/tr>\n<\/tbody>\n<\/table>\n<\/figure>\n<p>\"Sany\" ekskavatori\u0173 svyruokliniai guoliai yra esminiai bet kurio ekskavatoriaus svyravimo sistemos komponentai. \u0160ie guoliai leid\u017eia ekskavatoriui suktis ir pasisukti, tod\u0117l operatoriai gali lengvai atlikti \u012fvairias kasimo, k\u0117limo ir krovimo u\u017eduotis. \"Sany\" si\u016blo daugyb\u0119 auk\u0161tos kokyb\u0117s pasukam\u0173j\u0173 guoli\u0173, sukurt\u0173 specialiai ekskavatoriams, \u012fskaitant modelius, tinkan\u010dius SY55, SY60, SY65, SY70, SY75, SY85, SY95, SY115, SY135, SY155, SY195, SY200, SY205, SY215, SY220, SY225, SY235, SY245, SY285, SY305, SY335, SY365, SY375, SY395, SY415 ir SY485 ekskavatori\u0173 modeliams.<\/p>\n<p>M\u016bs\u0173 \"Sany\" ekskavatori\u0173 svyruokliniai guoliai sukurti taip, kad u\u017etikrint\u0173 optimal\u0173 veikim\u0105 ir ilgaam\u017ei\u0161kum\u0105 net sunkiausiomis darbo s\u0105lygomis. Jie pagaminti i\u0161 auk\u0161tos kokyb\u0117s med\u017eiag\u0173, \u012fskaitant kaltin\u012f plien\u0105 ir specializuot\u0105 guoli\u0173 plien\u0105, ir pasi\u017eymi pa\u017eangiais gamybos procesais, u\u017etikrinan\u010diais j\u0173 tikslum\u0105, patikimum\u0105 ir ilgaam\u017ei\u0161kum\u0105.<\/p>\n<p>Vienas i\u0161 pagrindini\u0173 m\u016bs\u0173 \"Sany\" ekskavatori\u0173 pasukam\u0173j\u0173 \u017eied\u0173 privalum\u0173 yra j\u0173 atsparumas didel\u0117ms apkrovoms ir ekstremalioms darbo s\u0105lygoms. Jie sukurti taip, kad atlaikyt\u0173 a\u0161ines ir radialines apkrovas, taip pat didelius sm\u016bgius ir vibracij\u0105, tod\u0117l idealiai tinka naudoti tokiose sud\u0117tingose srityse kaip kasyba, statyba ir mi\u0161kininkyst\u0117.<\/p>\n<p>M\u016bs\u0173 \"Sany\" ekskavatori\u0173 pasukamieji guoliai yra ne tik stipr\u016bs ir ilgaam\u017eiai, bet ir lengvai montuojami bei pri\u017ei\u016brimi. Jie suprojektuoti taip, kad b\u016bt\u0173 lengvai montuojami ir kei\u010diami, o norint u\u017etikrinti optimal\u0173 veikim\u0105 ir ilgaam\u017ei\u0161kum\u0105, jiems reikia minimalios prie\u017ei\u016bros.Sany\" yra \u012fsipareigojusi savo klientams teikti auk\u0161\u010diausios kokyb\u0117s gaminius ir paslaugas, ne i\u0161imtis ir m\u016bs\u0173 \"Sany\" ekskavatori\u0173 pasukamieji guoliai. Nesvarbu, ar ie\u0161kote pakaitinio guolio esamam ekskavatoriui, ar montuojate nauj\u0105 ma\u0161in\u0105, m\u016bs\u0173 ekspert\u0173 komanda gali pad\u0117ti rasti puik\u0173 sprendim\u0105, atitinkant\u012f j\u016bs\u0173 poreikius.<\/p>\n<p>Apibendrinant galima pasakyti, kad \"Sany\" ekskavatori\u0173 svyruokliniai guoliai yra esminiai bet kurio ekskavatoriaus komponentai, o pasirinkus tinkam\u0105 guol\u012f gali labai pasikeisti ma\u0161inos eksploatacin\u0117s savyb\u0117s ir ilgaam\u017ei\u0161kumas. Tur\u0117dami m\u016bs\u0173 auk\u0161tos kokyb\u0117s guoli\u0173, sukurt\u0173 specialiai ekskavatoriams, asortiment\u0105, galite b\u016bti tikri, kad gaunate patikim\u0105 ir patvar\u0173 gamin\u012f, kuris u\u017etikrins optimal\u0173 veikim\u0105 ir ilgaam\u017ei\u0161kum\u0105 net sunkiausiomis s\u0105lygomis.<br \/>\nGalime pasi\u016blyti alternatyvius pasukamuosius \u017eiedus j\u016bs\u0173 , CAT, HITACHI, KOMATSU, KOBELCO, HYUNDAI, VOLVO, DOOSAN, DAEWOO, JCB, CASE, SUMITOMO, KATO, , Yra \u012fprast\u0173 ir nestandartini\u0173 daugiau kaip 1000 \u0161imt\u0173 tip\u0173, kuriuos galite pasirinkti.<\/p>\n<figure class=\"wp-block-image size-full is-resized\"><img decoding=\"async\" class=\"wp-image-177\" src=\"https:\/\/national-bearing.com\/wp-content\/uploads\/2023\/04\/0001.jpg\" sizes=\"(max-width: 843px) 100vw, 843px\" srcset=\"https:\/\/national-bearing.com\/wp-content\/uploads\/2023\/04\/0001.jpg 600w, https:\/\/national-bearing.com\/wp-content\/uploads\/2023\/04\/0001-300x200.jpg 300w\" alt=\"\" width=\"515\" height=\"343\" \/><\/figure>\n<p>&nbsp;<\/p>","protected":false},"excerpt":{"rendered":"<p>SANY svyruokliniai guoliai<br \/>\nModel:SY485,SY415,SY395<br \/>\nSY365,SY375,SY335,SY310<\/p>","protected":false},"featured_media":136,"template":"","meta":[],"product_brand":[],"product_cat":[22,74],"product_tag":[],"class_list":{"0":"post-574","1":"product","2":"type-product","3":"status-publish","4":"has-post-thumbnail","6":"product_cat-swing-bearing","7":"product_cat-sany-excavator-swing-bearing","9":"first","10":"instock","11":"shipping-taxable","12":"product-type-simple"},"_links":{"self":[{"href":"https:\/\/swingbearing.net\/lt\/wp-json\/wp\/v2\/product\/574","targetHints":{"allow":["GET"]}}],"collection":[{"href":"https:\/\/swingbearing.net\/lt\/wp-json\/wp\/v2\/product"}],"about":[{"href":"https:\/\/swingbearing.net\/lt\/wp-json\/wp\/v2\/types\/product"}],"wp:featuredmedia":[{"embeddable":true,"href":"https:\/\/swingbearing.net\/lt\/wp-json\/wp\/v2\/media\/136"}],"wp:attachment":[{"href":"https:\/\/swingbearing.net\/lt\/wp-json\/wp\/v2\/media?parent=574"}],"wp:term":[{"taxonomy":"product_brand","embeddable":true,"href":"https:\/\/swingbearing.net\/lt\/wp-json\/wp\/v2\/product_brand?post=574"},{"taxonomy":"product_cat","embeddable":true,"href":"https:\/\/swingbearing.net\/lt\/wp-json\/wp\/v2\/product_cat?post=574"},{"taxonomy":"product_tag","embeddable":true,"href":"https:\/\/swingbearing.net\/lt\/wp-json\/wp\/v2\/product_tag?post=574"}],"curies":[{"name":"wp","href":"https:\/\/api.w.org\/{rel}","templated":true}]}}