{"id":571,"date":"2023-09-27T05:00:28","date_gmt":"2023-09-27T05:00:28","guid":{"rendered":"https:\/\/swingbearing.net\/?post_type=product&#038;p=571"},"modified":"2024-06-08T09:17:52","modified_gmt":"2024-06-08T09:17:52","slug":"swing-bearing-doosan","status":"publish","type":"product","link":"https:\/\/swingbearing.net\/lt\/product\/swing-bearing-doosan\/","title":{"rendered":"Svyruojantys guoliai DOOSAN"},"content":{"rendered":"<h2 style=\"text-align: center;\">DOOSAN svyruoklinio guolio parametrai<\/h2>\r\n<figure class=\"wp-block-table\" style=\"font-size: 12px;\">\r\n<table>\r\n<tbody>\r\n<tr>\r\n<td>Modelis<\/td>\r\n<td>Dalies numeris<\/td>\r\n<td>I\u0161orinis skersmuo<\/td>\r\n<td>Vidinis skersmuo<\/td>\r\n<td>Bendras auk\u0161tis<\/td>\r\n<td>I\u0161orinis auk\u0161tis<\/td>\r\n<td>Vidinis auk\u0161tis<\/td>\r\n<td>I\u0161orin\u0117s skyl\u0117s parametrai<\/td>\r\n<td>Vidin\u0117s skyl\u0117s parametrai<\/td>\r\n<td>Dant\u0173 skai\u010dius<\/td>\r\n<\/tr>\r\n<tr>\r\n<td>S140LC-V<\/td>\r\n<td>109-00165<\/td>\r\n<td>1202<\/td>\r\n<td>945<\/td>\r\n<td>84<\/td>\r\n<td>75<\/td>\r\n<td>70<\/td>\r\n<td>36-\u042422<\/td>\r\n<td>36-M20<\/td>\r\n<td>80<\/td>\r\n<\/tr>\r\n<tr>\r\n<td>DX225<\/td>\r\n<td>109-00162<\/td>\r\n<td>1327<\/td>\r\n<td>1082<\/td>\r\n<td>110<\/td>\r\n<td>90<\/td>\r\n<td>95<\/td>\r\n<td>36<\/td>\r\n<td>36<\/td>\r\n<td>92<\/td>\r\n<\/tr>\r\n<tr>\r\n<td>DX225<\/td>\r\n<td>109-00162A<\/td>\r\n<td>1327<\/td>\r\n<td>1082<\/td>\r\n<td>110<\/td>\r\n<td>90<\/td>\r\n<td>95<\/td>\r\n<td>36-\u03c621<\/td>\r\n<td>36-M20*1.5<\/td>\r\n<td>92<\/td>\r\n<\/tr>\r\n<tr>\r\n<td>DX225LC<\/td>\r\n<td>109-00162<\/td>\r\n<td>1327<\/td>\r\n<td>1082<\/td>\r\n<td>110<\/td>\r\n<td>90<\/td>\r\n<td>95<\/td>\r\n<td>36-\u03c621<\/td>\r\n<td>36-M20*1.5<\/td>\r\n<td>92<\/td>\r\n<\/tr>\r\n<tr>\r\n<td>DX225LCA<\/td>\r\n<td>109-00162A<\/td>\r\n<td>1327<\/td>\r\n<td>1082<\/td>\r\n<td>110<\/td>\r\n<td>90<\/td>\r\n<td>95<\/td>\r\n<td>36-\u03c621<\/td>\r\n<td>36-M20*1.5<\/td>\r\n<td>92<\/td>\r\n<\/tr>\r\n<tr>\r\n<td>DX225LCA<\/td>\r\n<td>140109-00048A<\/td>\r\n<td>1327<\/td>\r\n<td>1082<\/td>\r\n<td>110<\/td>\r\n<td>90<\/td>\r\n<td>95<\/td>\r\n<td>36-\u03c621<\/td>\r\n<td>36-M20*1.5<\/td>\r\n<td>92<\/td>\r\n<\/tr>\r\n<tr>\r\n<td>S225NLC<\/td>\r\n<td>140109-00045<\/td>\r\n<td>1327<\/td>\r\n<td>1082<\/td>\r\n<td>110<\/td>\r\n<td>90<\/td>\r\n<td>95<\/td>\r\n<td>36-\u03c621<\/td>\r\n<td>36-M20*1.5<\/td>\r\n<td>92<\/td>\r\n<\/tr>\r\n<tr>\r\n<td>SL220LC-V<\/td>\r\n<td>109-00052<\/td>\r\n<td>1328<\/td>\r\n<td>1084<\/td>\r\n<td>110<\/td>\r\n<td>91<\/td>\r\n<td>95<\/td>\r\n<td>36-\u03c621<\/td>\r\n<td>36-M20*1.5<\/td>\r\n<td>92<\/td>\r\n<\/tr>\r\n<tr>\r\n<td>225NLC-V<\/td>\r\n<td>109-00052B<\/td>\r\n<td>1328<\/td>\r\n<td>1084<\/td>\r\n<td>110<\/td>\r\n<td>91<\/td>\r\n<td>95<\/td>\r\n<td>36-\u03c621<\/td>\r\n<td>36-M20*1.5<\/td>\r\n<td>92<\/td>\r\n<\/tr>\r\n<tr>\r\n<td>225NLC-V<\/td>\r\n<td>140109-00045<\/td>\r\n<td>1328<\/td>\r\n<td>1084<\/td>\r\n<td>110<\/td>\r\n<td>91<\/td>\r\n<td>95<\/td>\r\n<td>36-\u03c621<\/td>\r\n<td>36-M20*1.5<\/td>\r\n<td>92<\/td>\r\n<\/tr>\r\n<tr>\r\n<td>255LC-V<\/td>\r\n<td>109-00030B<\/td>\r\n<td>1410<\/td>\r\n<td>1131<\/td>\r\n<td>117<\/td>\r\n<td>89<\/td>\r\n<td>105<\/td>\r\n<td>35-\u03c625<\/td>\r\n<td>36-M24*2<\/td>\r\n<td>82<\/td>\r\n<\/tr>\r\n<tr>\r\n<td>255LC-V<\/td>\r\n<td>180-00297D3<\/td>\r\n<td>1410<\/td>\r\n<td>1131<\/td>\r\n<td>117<\/td>\r\n<td>89<\/td>\r\n<td>105<\/td>\r\n<td>35-\u03c625<\/td>\r\n<td>36-M24*2<\/td>\r\n<td>82<\/td>\r\n<\/tr>\r\n<tr>\r\n<td>255lc-v<\/td>\r\n<td>140109-00042<\/td>\r\n<td>1410<\/td>\r\n<td>1131<\/td>\r\n<td>117<\/td>\r\n<td>89<\/td>\r\n<td>105<\/td>\r\n<td>35-\u03c625<\/td>\r\n<td>36-M24*2<\/td>\r\n<td>82<\/td>\r\n<\/tr>\r\n<tr>\r\n<td>255lc-v<\/td>\r\n<td>140109-00043<\/td>\r\n<td>1410<\/td>\r\n<td>1131<\/td>\r\n<td>117<\/td>\r\n<td>89<\/td>\r\n<td>105<\/td>\r\n<td>35-\u03c625<\/td>\r\n<td>36-M24*2<\/td>\r\n<td>82<\/td>\r\n<\/tr>\r\n<tr>\r\n<td>Dx300LCA<\/td>\r\n<td>140109-00010A<\/td>\r\n<td>1475<\/td>\r\n<td>1165<\/td>\r\n<td>120<\/td>\r\n<td>90<\/td>\r\n<td>110<\/td>\r\n<td>35<\/td>\r\n<td>36<\/td>\r\n<td>85<\/td>\r\n<\/tr>\r\n<tr>\r\n<td>S340<\/td>\r\n<td>140109-00038<\/td>\r\n<td>1544<\/td>\r\n<td>1235<\/td>\r\n<td>122<\/td>\r\n<td>87<\/td>\r\n<td>110<\/td>\r\n<td>35-\u03c626<\/td>\r\n<td>40-M24<\/td>\r\n<td>90<\/td>\r\n<\/tr>\r\n<tr>\r\n<td>S340LC-V<\/td>\r\n<td>140109-00038<\/td>\r\n<td>1544<\/td>\r\n<td>1235<\/td>\r\n<td>122<\/td>\r\n<td>87<\/td>\r\n<td>110<\/td>\r\n<td>35-\u03c626<\/td>\r\n<td>40-M24<\/td>\r\n<td>90<\/td>\r\n<\/tr>\r\n<tr>\r\n<td>S340LC-V<\/td>\r\n<td>2109-1059a<\/td>\r\n<td>1544<\/td>\r\n<td>1235<\/td>\r\n<td>122<\/td>\r\n<td>87<\/td>\r\n<td>110<\/td>\r\n<td>35-\u03c626<\/td>\r\n<td>40-M24<\/td>\r\n<td>90<\/td>\r\n<\/tr>\r\n<tr>\r\n<td>DOOSAN 420<\/td>\r\n<td>140109-00039<\/td>\r\n<td>1549<\/td>\r\n<td>1235<\/td>\r\n<td>134<\/td>\r\n<td>103<\/td>\r\n<td>120<\/td>\r\n<td>35-\u03c626<\/td>\r\n<td>40-M24<\/td>\r\n<td>90<\/td>\r\n<\/tr>\r\n<tr>\r\n<td>S420LC-V<\/td>\r\n<td>109-00161<\/td>\r\n<td>1550<\/td>\r\n<td>1235<\/td>\r\n<td>135<\/td>\r\n<td>102<\/td>\r\n<td>120<\/td>\r\n<td>35-\u03c626<\/td>\r\n<td>40-M24<\/td>\r\n<td>90<\/td>\r\n<\/tr>\r\n<tr>\r\n<td>DX420LC<\/td>\r\n<td>140109-00007A<\/td>\r\n<td>1550<\/td>\r\n<td>1236<\/td>\r\n<td>132<\/td>\r\n<td>103<\/td>\r\n<td>120<\/td>\r\n<td>35<\/td>\r\n<td>40<\/td>\r\n<td>90<\/td>\r\n<\/tr>\r\n<tr>\r\n<td>470<\/td>\r\n<td>109-00159<\/td>\r\n<td>1682<\/td>\r\n<td>1320<\/td>\r\n<td>139<\/td>\r\n<td>118<\/td>\r\n<td>111<\/td>\r\n<td>44<\/td>\r\n<td>44<\/td>\r\n<td>111<\/td>\r\n<\/tr>\r\n<\/tbody>\r\n<\/table>\r\n<\/figure>\r\n<h2 class=\"wp-block-heading\">Supratimas apie ekskavatori\u0173 svyruoklinius guolius<\/h2>\r\nEkskavatoriai yra sunkiasvor\u0117s ma\u0161inos, pla\u010diai naudojamos statybose, kasyboje ir kitose pramon\u0117s \u0161akose \u017eem\u0117s kasimo darbams atlikti. \u0160ias ma\u0161inas sudaro \u012fvair\u016bs komponentai, \u012fskaitant ekskavatoriaus svyruoklin\u012f guol\u012f, kuris atlieka svarb\u0173 vaidmen\u012f skland\u017eiam ekskavatoriaus darbui. Pasukamasis guolis arba pasukamojo stalo guolis yra esminis komponentas, padedantis suktis ekskavatoriaus vir\u0161utinei konstrukcijai. Jei ie\u0161kote auk\u0161tos kokyb\u0117s pasukimo guoli\u0173 savo ekskavatoriui, DOOSAN ir DAEWOO ekskavatori\u0173 pasukimo guoliai jums puikiai tiks.\r\n\r\nDOOSAN ekskavatoriaus pasukimo guolis ir DAEWOO ekskavatoriaus pasukimo guolis yra patikimi ir patvar\u016bs komponentai, galintys atlaikyti dideles apkrovas, ekstremalias temperat\u016bras ir at\u0161iauri\u0105 aplink\u0105. Jie pagaminti i\u0161 auk\u0161tos kokyb\u0117s med\u017eiag\u0173, u\u017etikrinan\u010di\u0173 j\u0173 ilgaam\u017ei\u0161kum\u0105 ir puik\u0173 veikim\u0105. \u0160ie pasukamieji guoliai suprojektuoti taip, kad suma\u017eint\u0173 trint\u012f ir nusid\u0117v\u0117jim\u0105, tod\u0117l u\u017etikrina skland\u0173 ir pastov\u0173 veikim\u0105 net esant didel\u0117ms apkrovoms.\r\n\r\nViena i\u0161 i\u0161skirtini\u0173 DOOSAN ir DAEWOO ekskavatori\u0173 pasukam\u0173j\u0173 \u017eied\u0173 savybi\u0173 - j\u0173 suderinamumas su \u012fvairiais ekskavatori\u0173 modeliais, DH35 DH55 DH60 DH55 DH60 DH60 DH80 DH80-7 DH80GOLD DH150 DH200 DH220-3-5 DH280-5 DX60-DX200-DX225 DX260 DH290 DH360 DH420 DH500 DH55-5 DH60\/DX60 DH80\/DH80GLD DH130-5 DH150-7 DX150 DH220-3 DH215-7 DH215-9E DH220-5 DH220-7 DH215-9 DH225-7\/9 DX225-7 DH250-5 DX255-5 DH258-7 DH280 DH290 DH300-5 DH300 DH300-7 DX300-9 DH360-5\/7 DH400-5 DH370-7 DH370-9 DH420 DH450-3 DH500 DH550, ir daug kit\u0173. \u0160ie pasukamieji guoliai yra \u012fvairi\u0173 dyd\u017ei\u0173 ir konfig\u016bracij\u0173, kad atitikt\u0173 konkre\u010dius j\u016bs\u0173 ekskavatoriaus reikalavimus.\r\n<h2 class=\"wp-block-heading\">Slankiojan\u010di\u0173j\u0173 guoli\u0173 svarba ekskavatoriuose<\/h2>\r\nPasukamasis \u017eiedinis guolis arba ekskavatoriaus pasukamasis \u017eiedinis guolis yra esminis komponentas, kuris palaiko ekskavatoriaus vir\u0161utin\u0119 konstrukcij\u0105. Jis leid\u017eia ekskavatoriui tolygiai ir nepertraukiamai suktis, tod\u0117l jis gali lengvai atlikti \u012fvairias kasimo u\u017eduotis. Jei n\u0117ra patikimo pasukamojo guolio, gali labai nukent\u0117ti ekskavatoriaus na\u0161umas ir efektyvumas, tod\u0117l gali tekti brangiai kainuoti prastovos ir remontas.\r\n\r\nJei ie\u0161kote ekskavatoriaus dali\u0173 pasukamojo guolio, pasi\u017eymin\u010dio puikiomis eksploatacin\u0117mis savyb\u0117mis ir ilgaam\u017ei\u0161kumu, DOOSAN ir DAEWOO ekskavatori\u0173 pasukamieji \u017eiedai yra puikus pasirinkimas. \u0160ie pasukamieji guoliai suprojektuoti taip, kad u\u017etikrint\u0173 pastov\u0173 ir patikim\u0105 veikim\u0105 net ir sud\u0117tingiausiomis s\u0105lygomis. Juos lengva sumontuoti ir pri\u017ei\u016br\u0117ti, tod\u0117l u\u017etikrinamas nesud\u0117tingas eksploatavimas ir ma\u017eesn\u0117s technin\u0117s prie\u017ei\u016bros i\u0161laidos.\r\n<h3 class=\"wp-block-heading\">Da\u017eniausiai pasitaikan\u010dios problemos, susijusios su svyruokliniais guoliais<\/h3>\r\n<h3 class=\"wp-block-heading\"><!-- \/wp:post-content --><!-- wp:paragraph --><\/h3>\r\nDa\u017eniausiai pasitaikan\u010dios problemos yra \u0161ios:\r\n<h3 class=\"wp-block-heading\"><!-- \/wp:paragraph --><!-- wp:list --><\/h3>\r\n<ul><!-- wp:list-item -->\r\n \t<li>Nusid\u0117v\u0117jimas: D\u0117l nuolatinio darbo ir dideli\u0173 apkrov\u0173.<\/li>\r\n<!-- \/wp:list-item --><!-- wp:list-item -->\r\n \t<li>U\u017eter\u0161tumas: \u012e guol\u012f patek\u0119 ne\u0161varumai, vanduo ir \u0161iuk\u0161l\u0117s.<\/li>\r\n<!-- \/wp:list-item --><!-- wp:list-item -->\r\n \t<li>Korozija: D\u0117l dr\u0117gm\u0117s ir at\u0161iauri\u0173 s\u0105lyg\u0173.<\/li>\r\n<!-- \/wp:list-item --><!-- wp:list-item -->\r\n \t<li>Neteisingas suderinimas: D\u0117l netinkamo montavimo ar konstrukcijos problem\u0173.<\/li>\r\n<!-- \/wp:list-item --><\/ul>\r\n<h3 class=\"wp-block-heading\"><!-- \/wp:list --><!-- wp:heading --><\/h3>\r\n<h2 class=\"wp-block-heading\">I\u0161vada<\/h2>\r\n<h3 class=\"wp-block-heading\"><!-- \/wp:heading --><!-- wp:paragraph --><\/h3>\r\nEkskavatori\u0173 svyruokliniai guoliai yra labai svarb\u016bs ekskavatori\u0173 funkcionalumui ir efektyvumui. Norint u\u017etikrinti optimal\u0173 veikim\u0105, b\u016btina suprasti j\u0173 sandar\u0105, tipus, svarb\u0105, prie\u017ei\u016br\u0105 ir da\u017eniausiai pasitaikan\u010dias problemas. Tinkama technin\u0117 prie\u017ei\u016bra ir savalaikis problem\u0173 sprendimas gali pailginti \u0161i\u0173 guoli\u0173 tarnavimo laik\u0105 ir padidinti j\u0173 patikimum\u0105, taip padidinant na\u0161um\u0105.","protected":false},"excerpt":{"rendered":"<p>DOOSAN svyruoklinis guolis<br \/>\nModel:DH550,DH500,DH450-3<br \/>\nDX420LC,Dx300LCA,,255LC-V<\/p>","protected":false},"featured_media":136,"template":"","meta":[],"product_brand":[],"product_cat":[22,69],"product_tag":[],"class_list":{"0":"post-571","1":"product","2":"type-product","3":"status-publish","4":"has-post-thumbnail","6":"product_cat-swing-bearing","7":"product_cat-doosan-excavator-swing-bearing","9":"first","10":"instock","11":"shipping-taxable","12":"product-type-simple"},"_links":{"self":[{"href":"https:\/\/swingbearing.net\/lt\/wp-json\/wp\/v2\/product\/571","targetHints":{"allow":["GET"]}}],"collection":[{"href":"https:\/\/swingbearing.net\/lt\/wp-json\/wp\/v2\/product"}],"about":[{"href":"https:\/\/swingbearing.net\/lt\/wp-json\/wp\/v2\/types\/product"}],"wp:featuredmedia":[{"embeddable":true,"href":"https:\/\/swingbearing.net\/lt\/wp-json\/wp\/v2\/media\/136"}],"wp:attachment":[{"href":"https:\/\/swingbearing.net\/lt\/wp-json\/wp\/v2\/media?parent=571"}],"wp:term":[{"taxonomy":"product_brand","embeddable":true,"href":"https:\/\/swingbearing.net\/lt\/wp-json\/wp\/v2\/product_brand?post=571"},{"taxonomy":"product_cat","embeddable":true,"href":"https:\/\/swingbearing.net\/lt\/wp-json\/wp\/v2\/product_cat?post=571"},{"taxonomy":"product_tag","embeddable":true,"href":"https:\/\/swingbearing.net\/lt\/wp-json\/wp\/v2\/product_tag?post=571"}],"curies":[{"name":"wp","href":"https:\/\/api.w.org\/{rel}","templated":true}]}}