{"id":568,"date":"2023-09-27T04:20:00","date_gmt":"2023-09-27T04:20:00","guid":{"rendered":"https:\/\/swingbearing.net\/?post_type=product&#038;p=568"},"modified":"2024-05-15T06:54:01","modified_gmt":"2024-05-15T06:54:01","slug":"swing-bearing-volvo","status":"publish","type":"product","link":"https:\/\/swingbearing.net\/lt\/product\/swing-bearing-volvo\/","title":{"rendered":"Svyruojantys guoliai VOLVO"},"content":{"rendered":"<h2 style=\"text-align: center;\">VOLVO svyruoklinio guolio parametrai<\/h2>\n<figure class=\"wp-block-table is-style-stripes has-small-font-size\">\n<table class=\"has-cyan-bluish-gray-background-color has-background\">\n<tbody>\n<tr>\n<td>Modelis<\/td>\n<td>Dalies numeris<\/td>\n<td>I\u0161orinis skersmuo<\/td>\n<td>Vidinis skersmuo<\/td>\n<td>Bendras auk\u0161tis<\/td>\n<td>I\u0161orinis auk\u0161tis<\/td>\n<td>Vidinis auk\u0161tis<\/td>\n<td>I\u0161orin\u0117s skyl\u0117s parametrai<\/td>\n<td>Vidin\u0117s skyl\u0117s parametrai<\/td>\n<td>Dant\u0173 skai\u010dius<\/td>\n<\/tr>\n<tr>\n<td>EC140B<\/td>\n<td>VOE14520561<\/td>\n<td>1196<\/td>\n<td>963<\/td>\n<td>90<\/td>\n<td>79<\/td>\n<td>80<\/td>\n<td>36-\u042419<\/td>\n<td>36-M16*1.5<\/td>\n<td>98<\/td>\n<\/tr>\n<tr>\n<td>EC210<\/td>\n<td>SA1155-00061<\/td>\n<td>1328<\/td>\n<td>1080<\/td>\n<td>110<\/td>\n<td>90<\/td>\n<td>90<\/td>\n<td>33-\u042422<\/td>\n<td>36-M20<\/td>\n<td>92<\/td>\n<\/tr>\n<tr>\n<td>EC210BLC<\/td>\n<td>14563341<\/td>\n<td>1327<\/td>\n<td>1082<\/td>\n<td>110<\/td>\n<td>90<\/td>\n<td>90<\/td>\n<td>34-\u03c622<\/td>\n<td>36-M20<\/td>\n<td>92<\/td>\n<\/tr>\n<tr>\n<td>EC210BLC<\/td>\n<td>14563342<\/td>\n<td>1327<\/td>\n<td>1082<\/td>\n<td>110<\/td>\n<td>90<\/td>\n<td>90<\/td>\n<td>34-\u03c622<\/td>\n<td>36-M20<\/td>\n<td>92<\/td>\n<\/tr>\n<tr>\n<td>EC210 2005 M.<\/td>\n<td>EC210V13948<\/td>\n<td>1327<\/td>\n<td>1080<\/td>\n<td>110<\/td>\n<td>90<\/td>\n<td>90<\/td>\n<td>34-\u042421.5<\/td>\n<td>36-M20<\/td>\n<td>92<\/td>\n<\/tr>\n<tr>\n<td>EC210B<\/td>\n<td>14563327<\/td>\n<td>1328<\/td>\n<td>1080<\/td>\n<td>110<\/td>\n<td>90<\/td>\n<td>90<\/td>\n<td>34-\u042421.5<\/td>\n<td>36-M20<\/td>\n<td>92<\/td>\n<\/tr>\n<tr>\n<td>EC210B<\/td>\n<td>14505766<\/td>\n<td>1328<\/td>\n<td>1080<\/td>\n<td>110<\/td>\n<td>90<\/td>\n<td>90<\/td>\n<td>34-\u03c622<\/td>\n<td>36-M20<\/td>\n<td>92<\/td>\n<\/tr>\n<tr>\n<td>EC210BLC<\/td>\n<td>14577178<\/td>\n<td>1328<\/td>\n<td>1080<\/td>\n<td>110<\/td>\n<td>90<\/td>\n<td>90<\/td>\n<td>34-\u03c622<\/td>\n<td>36-M20<\/td>\n<td>92<\/td>\n<\/tr>\n<tr>\n<td>EC210BNC<\/td>\n<td>14530323<\/td>\n<td>1328<\/td>\n<td>1080<\/td>\n<td>110<\/td>\n<td>90<\/td>\n<td>90<\/td>\n<td>34-\u03c622<\/td>\n<td>36-M20<\/td>\n<td>92<\/td>\n<\/tr>\n<tr>\n<td>EC210LC<\/td>\n<td>1155-00061<\/td>\n<td>1328<\/td>\n<td>1080<\/td>\n<td>110<\/td>\n<td>90<\/td>\n<td>90<\/td>\n<td>33-\u03c622<\/td>\n<td>36-M20<\/td>\n<td>92<\/td>\n<\/tr>\n<tr>\n<td>EC210LC<\/td>\n<td>14563328<\/td>\n<td>1326<\/td>\n<td>1083<\/td>\n<td>108<\/td>\n<td>90<\/td>\n<td>90<\/td>\n<td>34<\/td>\n<td>36<\/td>\n<td>92<\/td>\n<\/tr>\n<tr>\n<td>EC240BLC<\/td>\n<td>14563334<\/td>\n<td>1462<\/td>\n<td>1162<\/td>\n<td>120<\/td>\n<td>95<\/td>\n<td>105<\/td>\n<td>33<\/td>\n<td>36<\/td>\n<td>85<\/td>\n<\/tr>\n<tr>\n<td>EC240BLC<\/td>\n<td>SA1155-00040<\/td>\n<td>1462<\/td>\n<td>1162<\/td>\n<td>120<\/td>\n<td>95<\/td>\n<td>105<\/td>\n<td>33<\/td>\n<td>36<\/td>\n<td>85<\/td>\n<\/tr>\n<tr>\n<td>EC240BNLC<\/td>\n<td>14520572<\/td>\n<td>1462<\/td>\n<td>1162<\/td>\n<td>120<\/td>\n<td>95<\/td>\n<td>105<\/td>\n<td>33<\/td>\n<td>36<\/td>\n<td>85<\/td>\n<\/tr>\n<tr>\n<td>EC290<\/td>\n<td>14570794<\/td>\n<td>1532<\/td>\n<td>1235<\/td>\n<td>123<\/td>\n<td>90<\/td>\n<td>113<\/td>\n<td>35-\u042426<\/td>\n<td>40-M24<\/td>\n<td>90<\/td>\n<\/tr>\n<tr>\n<td>EC290BLC<\/td>\n<td>14563335<\/td>\n<td>1533<\/td>\n<td>1235<\/td>\n<td>122<\/td>\n<td>90<\/td>\n<td>110<\/td>\n<td>35-\u03c626<\/td>\n<td>40-M24<\/td>\n<td>90<\/td>\n<\/tr>\n<tr>\n<td>EC290B<\/td>\n<td>14563335<\/td>\n<td>1532<\/td>\n<td>1235<\/td>\n<td>122<\/td>\n<td>90<\/td>\n<td>110<\/td>\n<td>35-\u03c626<\/td>\n<td>40-M24<\/td>\n<td>90<\/td>\n<\/tr>\n<tr>\n<td>EC290B<\/td>\n<td>14520573<\/td>\n<td>1532<\/td>\n<td>1235<\/td>\n<td>122<\/td>\n<td>90<\/td>\n<td>110<\/td>\n<td>35-\u03c626<\/td>\n<td>40-M24<\/td>\n<td>90<\/td>\n<\/tr>\n<tr>\n<td>EX300-3C<\/td>\n<td>9112188<\/td>\n<td>1531<\/td>\n<td>1248<\/td>\n<td>117<\/td>\n<td>83<\/td>\n<td>105<\/td>\n<td>32-\u03c626<\/td>\n<td>36-M24*2<\/td>\n<td>91<\/td>\n<\/tr>\n<tr>\n<td>EC360BLC<\/td>\n<td>14563350<\/td>\n<td>1550<\/td>\n<td>1239<\/td>\n<td>150<\/td>\n<td>110<\/td>\n<td>136<\/td>\n<td>35<\/td>\n<td>40<\/td>\n<td>90<\/td>\n<\/tr>\n<tr>\n<td>EC460BLC<\/td>\n<td>14507709<\/td>\n<td>1778<\/td>\n<td>1393<\/td>\n<td>120<\/td>\n<td>110<\/td>\n<td>110<\/td>\n<td>40-\u042433<\/td>\n<td>40-M30<\/td>\n<td>112<\/td>\n<\/tr>\n<tr>\n<td>EC480DL<\/td>\n<td>14559204<\/td>\n<td>1778<\/td>\n<td>1393<\/td>\n<td>120<\/td>\n<td>110<\/td>\n<td>110<\/td>\n<td>40\/33<\/td>\n<td>40\/M30<\/td>\n<td>112<\/td>\n<\/tr>\n<tr>\n<td>EC700BLC<\/td>\n<td>14559205<\/td>\n<td>1815<\/td>\n<td>1375<\/td>\n<td>205<\/td>\n<td>148<\/td>\n<td>180<\/td>\n<td>48<\/td>\n<td>60<\/td>\n<td>100<\/td>\n<\/tr>\n<\/tbody>\n<\/table>\n<\/figure>\n<p>\"Volvo\" yra gerai \u017einomas vardas statybin\u0117s \u012frangos pramon\u0117je, si\u016blantis auk\u0161tos kokyb\u0117s ir patikimas \u012fvairios paskirties ma\u0161inas. I\u0161 plataus asortimento \"Volvo\" ekskavatoriai d\u0117l savo na\u0161umo ir ilgaam\u017ei\u0161kumo yra populiarus rangov\u0173 ir statybos \u012fmoni\u0173 pasirinkimas. \"Volvo\" ekskavatori\u0173 pasukamieji guoliai yra esmin\u0117 \u0161i\u0173 ma\u0161in\u0173 sudedamoji dalis, u\u017etikrinanti skland\u0173 ir efektyv\u0173 j\u0173 veikim\u0105.<\/p>\n<p>Swing bearings for excavators, also known as swing bearings, turntable bearings, or swing ring bearings, are responsible for connecting the upper and lower parts of an excavator. They allow the excavator&#8217;s upper structure to rotate on its lower structure, providing 360-degree movement and flexibility. This movement is crucial for excavators, allowing them to operate in tight spaces, reach difficult angles, and perform a wide range of tasks.<\/p>\n<p>\"Volvo\" ekskavatori\u0173 svyruokliniai guoliai sukurti taip, kad atlaikyt\u0173 dideles apkrovas ir ekstremalias s\u0105lygas, tod\u0117l tinka \u012fvairiems darbams. Jie gaminami i\u0161 auk\u0161tos kokyb\u0117s med\u017eiag\u0173 ir pereina grie\u017et\u0105 bandym\u0173 proces\u0105, kad b\u016bt\u0173 u\u017etikrintas j\u0173 tvirtumas ir ilgaam\u017ei\u0161kumas. Be to, \"Volvo\" ekskavatori\u0173 pasukamieji \u017eiediniai guoliai pasi\u017eymi kompakti\u0161ka konstrukcija, tod\u0117l suma\u017e\u0117ja bendras ma\u0161inos svoris ir padid\u0117ja degal\u0173 naudojimo efektyvumas.<\/p>\n<p>Pasukamieji \u017eiediniai guoliai yra labai svarb\u016bs ekskavatori\u0173 komponentai, o j\u0173 gedimas gali lemti dideles prastovas ir brangiai kainuojant\u012f remont\u0105. Naudodami \"Volvo\" ekskavatori\u0173 dali\u0173 pasukamuosius guolius, rangovai gali u\u017etikrinti, kad j\u0173 ekskavatoriai veikt\u0173 skland\u017eiai, suma\u017einti prastov\u0173 rizik\u0105 ir suma\u017einti technin\u0117s prie\u017ei\u016bros i\u0161laidas. Volvo ekskavatori\u0173 pasukamieji guoliai sukurti taip, kad tarnaut\u0173 ilgai, u\u017etikrina ilgalaik\u012f veikim\u0105 ir patikimum\u0105.<\/p>\n<p>Volvo offers a wide range of excavator slewing bearings, suitable for various models and applications. The Volvo EC55, EC60, EC140BP, EW145BP, EW160BB, EC210, EC240, EC290, EC360LC, EC380, EC460, EC480, EC700, EC210B, EC360 are just some of the models that use Volvo excavator swing bearings.In conclusion, Volvo excavator swing bearing products are an essential component of Volvo excavators, providing the flexibility and maneuverability required for various construction tasks. They are designed to withstand heavy loads and extreme conditions, ensuring the long-term performance and reliability of the machine. By using Volvo excavator swing bearings, contractors can minimize downtime, reduce maintenance costs, and increase productivity.<\/p>\n<p>We can provide alternative Swing circle for your , CAT,HITACHI, KOMATSU,KOBELCO, HYUNDAI, VOLVO, DOOSAN, DAEWOO, JCB,CASE, SUMITOMO, KATO.There are normal and non standard over 1000 hundreds types for you choose.<\/p>","protected":false},"excerpt":{"rendered":"<p>\"Volvo\" svyruoklinis guolis<br \/>\nModelis: EC700BLC, EC480DL<br \/>\nEC460BLC,EC360BLC,EC290B<\/p>","protected":false},"featured_media":136,"template":"","meta":[],"product_brand":[],"product_cat":[22,68],"product_tag":[],"class_list":{"0":"post-568","1":"product","2":"type-product","3":"status-publish","4":"has-post-thumbnail","6":"product_cat-swing-bearing","7":"product_cat-volvo-excavator-swing-bearing","9":"first","10":"instock","11":"shipping-taxable","12":"product-type-simple"},"_links":{"self":[{"href":"https:\/\/swingbearing.net\/lt\/wp-json\/wp\/v2\/product\/568","targetHints":{"allow":["GET"]}}],"collection":[{"href":"https:\/\/swingbearing.net\/lt\/wp-json\/wp\/v2\/product"}],"about":[{"href":"https:\/\/swingbearing.net\/lt\/wp-json\/wp\/v2\/types\/product"}],"wp:featuredmedia":[{"embeddable":true,"href":"https:\/\/swingbearing.net\/lt\/wp-json\/wp\/v2\/media\/136"}],"wp:attachment":[{"href":"https:\/\/swingbearing.net\/lt\/wp-json\/wp\/v2\/media?parent=568"}],"wp:term":[{"taxonomy":"product_brand","embeddable":true,"href":"https:\/\/swingbearing.net\/lt\/wp-json\/wp\/v2\/product_brand?post=568"},{"taxonomy":"product_cat","embeddable":true,"href":"https:\/\/swingbearing.net\/lt\/wp-json\/wp\/v2\/product_cat?post=568"},{"taxonomy":"product_tag","embeddable":true,"href":"https:\/\/swingbearing.net\/lt\/wp-json\/wp\/v2\/product_tag?post=568"}],"curies":[{"name":"wp","href":"https:\/\/api.w.org\/{rel}","templated":true}]}}