{"id":4900,"date":"2024-08-30T06:25:08","date_gmt":"2024-08-30T06:25:08","guid":{"rendered":"https:\/\/swingbearing.net\/?post_type=product&#038;p=4900"},"modified":"2024-08-30T06:26:25","modified_gmt":"2024-08-30T06:26:25","slug":"liebherr-924hdsl-swing-bearing-le982751901-excavator-slewing-ring","status":"publish","type":"product","link":"https:\/\/swingbearing.net\/lt\/product\/liebherr-924hdsl-swing-bearing-le982751901-excavator-slewing-ring\/","title":{"rendered":"LIEBHERR 924HDSL Swing Bearing LE982751901 Excavator Slewing Ring"},"content":{"rendered":"<h2 style=\"text-align: center;\">LIEBHERR svyruoklini\u0173 guoli\u0173 parametrai<\/h2>\n<figure class=\"wp-block-table is-style-stripes has-small-font-size\">\n<table class=\"has-cyan-bluish-gray-background-color has-background\">\n<tbody>\n<tr>\n<td>Modelis<\/td>\n<td>Dalies numeris<\/td>\n<td>I\u0161orinis skersmuo<\/td>\n<td>Vidinis skersmuo<\/td>\n<td>Bendras auk\u0161tis<\/td>\n<td>I\u0161orinis auk\u0161tis<\/td>\n<td>Vidinis auk\u0161tis<\/td>\n<td>I\u0161orin\u0117s skyl\u0117s parametrai<\/td>\n<td>Vidin\u0117s skyl\u0117s parametrai<\/td>\n<td>Dant\u0173 skai\u010dius<\/td>\n<\/tr>\n<tr>\n<td>R922<\/td>\n<td>LE982706001<\/td>\n<td>1215<\/td>\n<td>940<\/td>\n<td>115<\/td>\n<td>72<\/td>\n<td>105<\/td>\n<td>48-\u03c622<\/td>\n<td>56-M20<\/td>\n<td>94<\/td>\n<\/tr>\n<tr>\n<td>924HDSL<\/td>\n<td>LE982751901<\/td>\n<td>1215<\/td>\n<td>940<\/td>\n<td>115<\/td>\n<td>72<\/td>\n<td>105<\/td>\n<td>48-\u042422<\/td>\n<td>56-M20 audinys<\/td>\n<td>94<\/td>\n<\/tr>\n<tr>\n<td>R924C<\/td>\n<td>982751901<\/td>\n<td>1215<\/td>\n<td>940<\/td>\n<td>115<\/td>\n<td>72<\/td>\n<td>105<\/td>\n<td>48-\u042422<\/td>\n<td>56-M20 audinys<\/td>\n<td>94<\/td>\n<\/tr>\n<tr>\n<td>R924C<\/td>\n<td>932833001<\/td>\n<td>1215<\/td>\n<td>940<\/td>\n<td>115<\/td>\n<td>72<\/td>\n<td>105<\/td>\n<td>48-\u042422<\/td>\n<td>56-M20 audinys<\/td>\n<td>94<\/td>\n<\/tr>\n<tr>\n<td>R924B<\/td>\n<td>982751901<\/td>\n<td>1215<\/td>\n<td>940<\/td>\n<td>115<\/td>\n<td>72<\/td>\n<td>105<\/td>\n<td>48-\u042422<\/td>\n<td>56-M20 audinys<\/td>\n<td>94<\/td>\n<\/tr>\n<tr>\n<td>R934<\/td>\n<td>933816501<\/td>\n<td>1355<\/td>\n<td>1012<\/td>\n<td>125<\/td>\n<td><\/td>\n<td><\/td>\n<td>40<\/td>\n<td>48<\/td>\n<td>92<\/td>\n<\/tr>\n<tr>\n<td>R934HD-S<\/td>\n<td>LE939500601<\/td>\n<td>1355<\/td>\n<td>1012<\/td>\n<td>125<\/td>\n<td>92<\/td>\n<td>113<\/td>\n<td>40-26 per skyl\u0119<\/td>\n<td>48-M24<\/td>\n<td>92<\/td>\n<\/tr>\n<tr>\n<td>934<\/td>\n<td>982752401<\/td>\n<td>1355<\/td>\n<td>1012<\/td>\n<td>125<\/td>\n<td>92<\/td>\n<td>113<\/td>\n<td>40-26 per skyl\u0119<\/td>\n<td>48-M24<\/td>\n<td>92<\/td>\n<\/tr>\n<tr>\n<td>R-944C<\/td>\n<td>933628601<\/td>\n<td>1365<\/td>\n<td>1008<\/td>\n<td>150<\/td>\n<td>112<\/td>\n<td>140<\/td>\n<td>60-\u042426<\/td>\n<td>72-M24 audinys<\/td>\n<td>84<\/td>\n<\/tr>\n<tr>\n<td>R944B<\/td>\n<td>933626601<\/td>\n<td>1365<\/td>\n<td>1008<\/td>\n<td>150<\/td>\n<td>112<\/td>\n<td>140<\/td>\n<td>60<\/td>\n<td>72<\/td>\n<td>84<\/td>\n<\/tr>\n<\/tbody>\n<\/table>\n<\/figure>\n<p>\"Liebherr\" ekskavatoriai gars\u0117ja savo patikimumu ir ilgaam\u017ei\u0161kumu, tod\u0117l yra populiarus pasirinkimas statyb\u0173 ir kasybos pramon\u0117je. Vienas i\u0161 svarbiausi\u0173 komponent\u0173, lemian\u010di\u0173 ma\u0161inos na\u0161um\u0105, yra ekskavatoriaus svyruoklinis guolis. Liebherr ekskavatori\u0173 svyravimo guoliai yra sukurti taip, kad atlaikyt\u0173 sunkius sunki\u0173 darb\u0173 reikalavimus sud\u0117tingoje aplinkoje.<\/p>\n<p>Slewing bearing for excavators play a crucial role in the machine&#8217;s operation as they support the upper structure&#8217;s rotation. Without a quality slewing bearing for an excavator, the upper structure cannot rotate smoothly, which affects the overall performance of the machine. Liebherr excavator slewing bearings are engineered to provide high load capacity, accuracy, and long service life, ensuring optimal machine performance.<\/p>\n<p>\"Liebherr\" ekskavatori\u0173 pasukamieji guoliai dar vadinami pasukamaisiais \u017eiediniais guoliais, ekskavatori\u0173 pasukamaisiais \u017eiediniais guoliais arba pos\u016bkio guoliais. \u0160ie guoliai yra suprojektuoti su b\u0117gimo taku, kuris atlaiko ma\u0161inos svor\u012f, tod\u0117l vir\u0161utin\u0117 konstrukcija gali lengvai suktis. Ekskavatoriaus dali\u0173 pasukamasis guolis pagamintas i\u0161 didelio atsparumo med\u017eiag\u0173, tod\u0117l jis atlaiko dideles apkrovas, ekstremalias temperat\u016bras ir at\u0161iaurias s\u0105lygas.<\/p>\n<p>\"Liebherr\" si\u016blo \u012fvairius ekskavatori\u0173 pasukimo guolius, suderinamus su \u012fvairiais ekskavatori\u0173 modeliais. \u0160iuo metu rinkoje si\u016blomi \u0161ie modeliai: R914, R924, R944, R934 ir R944CLC. \u0160ie modeliai sukurti taip, kad b\u016bt\u0173 maksimaliai patvar\u016bs ir na\u0161\u016bs, u\u017etikrinant, kad j\u016bs\u0173 ma\u0161ina gal\u0117t\u0173 atlikti bet kok\u012f jai pavest\u0105 darb\u0105.<\/p>","protected":false},"excerpt":{"rendered":"<p><strong>Dalis<\/strong> #: LE982751901<br \/>\n<strong>Pasidarykite<\/strong>: LIEBHERR<br \/>\n<strong>Modelis<\/strong>: 924HDSL<br \/>\n<strong>B\u016bkl\u0117<\/strong>: Naujas<\/p>","protected":false},"featured_media":2928,"template":"","meta":[],"product_brand":[],"product_cat":[22,72],"product_tag":[52],"class_list":{"0":"post-4900","1":"product","2":"type-product","3":"status-publish","4":"has-post-thumbnail","6":"product_cat-swing-bearing","7":"product_cat-liebherr-excavator-swing-bearing","8":"product_tag-swing-bearing","10":"first","11":"instock","12":"shipping-taxable","13":"product-type-simple"},"_links":{"self":[{"href":"https:\/\/swingbearing.net\/lt\/wp-json\/wp\/v2\/product\/4900","targetHints":{"allow":["GET"]}}],"collection":[{"href":"https:\/\/swingbearing.net\/lt\/wp-json\/wp\/v2\/product"}],"about":[{"href":"https:\/\/swingbearing.net\/lt\/wp-json\/wp\/v2\/types\/product"}],"wp:featuredmedia":[{"embeddable":true,"href":"https:\/\/swingbearing.net\/lt\/wp-json\/wp\/v2\/media\/2928"}],"wp:attachment":[{"href":"https:\/\/swingbearing.net\/lt\/wp-json\/wp\/v2\/media?parent=4900"}],"wp:term":[{"taxonomy":"product_brand","embeddable":true,"href":"https:\/\/swingbearing.net\/lt\/wp-json\/wp\/v2\/product_brand?post=4900"},{"taxonomy":"product_cat","embeddable":true,"href":"https:\/\/swingbearing.net\/lt\/wp-json\/wp\/v2\/product_cat?post=4900"},{"taxonomy":"product_tag","embeddable":true,"href":"https:\/\/swingbearing.net\/lt\/wp-json\/wp\/v2\/product_tag?post=4900"}],"curies":[{"name":"wp","href":"https:\/\/api.w.org\/{rel}","templated":true}]}}