{"id":4371,"date":"2024-06-27T12:04:03","date_gmt":"2024-06-27T12:04:03","guid":{"rendered":"https:\/\/swingbearing.net\/?post_type=product&#038;p=4371"},"modified":"2024-06-27T12:10:46","modified_gmt":"2024-06-27T12:10:46","slug":"hydraulic-pump-705-41-03010-705-41-08090-for-komatsu-pc40-6-pc40-7-705-41-03070","status":"publish","type":"product","link":"https:\/\/swingbearing.net\/lt\/product\/hydraulic-pump-705-41-03010-705-41-08090-for-komatsu-pc40-6-pc40-7-705-41-03070\/","title":{"rendered":"Hidraulinis siurblys 705-41-03010 705-41-08090, skirtas Komatsu PC40-6 PC40-7 PC50UU-2 pagrindiniam siurbliui 705-41-08010 705-41-03070"},"content":{"rendered":"<h3 class=\"wp-block-heading\"><strong>Produkto apra\u0161ymas<\/strong><\/h3>\r\n\r\n\r\n<hr class=\"wp-block-separator has-alpha-channel-opacity\" \/>\r\n\r\n\r\n<h2 class=\"wp-block-heading\">705-41-03010 705-41-08090 705-41-08010 705-41-03070 Hydraulic Main Pump Fits For Komatsu PC40-6 PC40-7 PC50UU-2<\/h2>\r\n<p><img decoding=\"async\" class=\"alignnone wp-image-4315 size-full\" src=\"https:\/\/swingbearing.net\/wp-content\/uploads\/2024\/06\/pc35mr-206.jpg\" alt=\"pc35mr-2 hidraulinis siurblys\" width=\"743\" height=\"712\" srcset=\"https:\/\/swingbearing.net\/wp-content\/uploads\/2024\/06\/pc35mr-206.jpg 743w, https:\/\/swingbearing.net\/wp-content\/uploads\/2024\/06\/pc35mr-206-300x287.jpg 300w, https:\/\/swingbearing.net\/wp-content\/uploads\/2024\/06\/pc35mr-206-13x12.jpg 13w, https:\/\/swingbearing.net\/wp-content\/uploads\/2024\/06\/pc35mr-206-600x575.jpg 600w\" sizes=\"(max-width: 743px) 100vw, 743px\" \/><\/p>\r\n<p><img decoding=\"async\" class=\"alignnone wp-image-4317 size-full\" src=\"https:\/\/swingbearing.net\/wp-content\/uploads\/2024\/06\/pc35mr-201.jpg\" alt=\"pc35mr-2 hidraulinis siurblys\" width=\"741\" height=\"564\" srcset=\"https:\/\/swingbearing.net\/wp-content\/uploads\/2024\/06\/pc35mr-201.jpg 741w, https:\/\/swingbearing.net\/wp-content\/uploads\/2024\/06\/pc35mr-201-300x228.jpg 300w, https:\/\/swingbearing.net\/wp-content\/uploads\/2024\/06\/pc35mr-201-16x12.jpg 16w, https:\/\/swingbearing.net\/wp-content\/uploads\/2024\/06\/pc35mr-201-600x457.jpg 600w\" sizes=\"(max-width: 741px) 100vw, 741px\" \/><\/p>\r\n<table border=\"1\" cellspacing=\"0\" cellpadding=\"0\">\r\n<tbody>\r\n<tr>\r\n<td>Produkto pavadinimas\u00a0 \u00a0 \u00a0 \u00a0 \u00a0 \u00a0 \u00a0 \u00a0<\/td>\r\n<td>Ekskavatoriaus hidraulinis siurblys<\/td>\r\n<\/tr>\r\n<tr>\r\n<td>Kokyb\u0117\u00a0 \u00a0 \u00a0<\/td>\r\n<td>Auk\u0161tos kokyb\u0117s 100% Naujas<\/td>\r\n<\/tr>\r\n<tr>\r\n<td>Ma\u0161inos modelis\u00a0 \u00a0\u00a0<\/td>\r\n<td>PC40-6 PC40-7 PC50UU-2<\/td>\r\n<\/tr>\r\n<tr>\r\n<td>Pakuot\u0117s dydis<\/td>\r\n<td>84*38*49<\/td>\r\n<\/tr>\r\n<tr>\r\n<td>Paketas<\/td>\r\n<td>Standartinis eksporto medinis d\u0117klas\u00a0 \u00a0 \u00a0 \u00a0 \u00a0 \u00a0 \u00a0 \u00a0 \u00a0 \u00a0 \u00a0 \u00a0 \u00a0 \u00a0 \u00a0 \u00a0 \u00a0 \u00a0 \u00a0 \u00a0 \u00a0 \u00a0 \u00a0 \u00a0 \u00a0 \u00a0\u00a0<\/td>\r\n<\/tr>\r\n<tr>\r\n<td>Dalies numeris<\/td>\r\n<td>705-41-08010 705-41-03070<\/td>\r\n<\/tr>\r\n<tr>\r\n<td>Sl\u0117gis<\/td>\r\n<td>Standartinis, auk\u0161to sl\u0117gio<\/td>\r\n<\/tr>\r\n<\/tbody>\r\n<\/table>\r\n<h3>\r\n\r\n<\/h3>\r\n<p><\/p>\r\n<h2 class=\"wp-block-heading\">Introduction of\u00a0 PC40-6 PC40-7 PC50UU-2\u00a0 Main Pump<\/h2>\r\n<p><\/p>\r\n<p>Dirbate statyb\u0173 pramon\u0117je ir norite optimizuoti vik\u0161rini\u0173 ekskavatori\u0173 na\u0161um\u0105? Ie\u0161kokite tik ekskavatori\u0173 hidraulinio siurblio - universalaus ir patikimo gaminio, skirto \u012fvairiems scenarijams, \u012fskaitant statybvietes, kasybos darbus ir keli\u0173 tiesimo darbus, tenkinti.\u00a0<\/p>\r\n<p>\r\n\r\n<\/p>\r\n<h3 class=\"wp-block-heading\">Maksimalus siurblio efektyvumas<\/h3>\r\n<p>\r\n\r\n<\/p>\r\n<p>Atliekant kasimo darbus svarbiausia yra efektyvumas. Ekskavatorinis hidraulinis siurblys, kurio yra du numeriai: 708-2L-00202 ir 708-2L-41121, specialiai sukurtas taip, kad ekskavatoriui suteikt\u0173 maksimali\u0105 hidraulin\u0119 gali\u0105. Taip u\u017etikrinamas sklandus ir efektyvus j\u016bs\u0173 ma\u0161inos darbas, leid\u017eiantis laiku u\u017ebaigti projektus. D\u0117l patvarios konstrukcijos ir patikimo veikimo \u0161is hidraulinis siurblys sukurtas ilgam, tod\u0117l tai vertinga investicija j\u016bs\u0173 verslui.<\/p>\r\n<p>\r\n\r\n<\/p>\r\n<h3 class=\"wp-block-heading\">Suderinamumas ir universalumas<\/h3>\r\n<p>\r\n\r\n<\/p>\r\n<p>Vienas i\u0161 pagrindini\u0173 ekskavatorinio hidraulinio siurblio privalum\u0173 - jo suderinamumas su \u012fvairiais ekskavatori\u0173 modeliais. Nesvarbu, ar naudojate E317, E315, PC210-8K, ar PC210-8K, \u0161is hidraulinis siurblys sukurtas taip, kad skland\u017eiai der\u0117t\u0173 su j\u016bs\u0173 ma\u0161ina, padidindamas jos galimybes ir na\u0161um\u0105. D\u0117l \u0161io universalumo jis yra prakti\u0161kas pasirinkimas rangovams ir operatoriams, dirbantiems \u012fvairiose pramon\u0117s \u0161akose ir aplinkoje.<\/p>\r\n<p>\r\n\r\n<\/p>\r\n<h3 class=\"wp-block-heading\">I\u0161skirtinis aptarnavimas po pardavimo<\/h3>\r\n<p>\r\n\r\n<\/p>\r\n<p>\"Excavator Hydraulic Pump\" klient\u0173 pasitenkinimas yra m\u016bs\u0173 svarbiausias prioritetas. Tod\u0117l si\u016blome puiki\u0105 popardavimin\u0119 pagalb\u0105, \u012fskaitant pagalb\u0105 internetu, kad m\u016bs\u0173 klientai gaut\u0173 greit\u0105 pagalb\u0105 i\u0161kilus bet kokiems klausimams ar r\u016bpes\u010diams. M\u016bs\u0173 ekspert\u0173 komanda siekia suteikti jums reikiam\u0105 pagalb\u0105, kad j\u016bs\u0173 hidraulinis siurblys veikt\u0173 skland\u017eiai ir efektyviai, tod\u0117l gal\u0117site be joki\u0173 trukd\u017ei\u0173 susitelkti \u012f darb\u0105.<br \/><br \/><b>Galime paremti kitus:<\/b><\/p>\r\n<table>\r\n<tbody>\r\n<tr>\r\n<td colspan=\"1\" rowspan=\"1\">\r\n<div>Skirta \"Kobelco<\/div>\r\n<\/td>\r\n<td colspan=\"1\" rowspan=\"1\">\r\n<div>SK200-6,SK210-6,SK45SR,SK330-6E,SK200-4,SK460-8,SK135,SK235SRLC-1ES,SK250-8,SK210-8,SK350-8,SK350,SK350-9,SK200-8,SK210-8<\/div>\r\n<\/td>\r\n<\/tr>\r\n<tr>\r\n<td colspan=\"1\" rowspan=\"1\">\r\n<div>\"Komatsu<\/div>\r\n<\/td>\r\n<td colspan=\"1\" rowspan=\"1\">\r\n<div>PC300-8,PC200-6K,PC130-8,PC200-8,PC220-8,PC270-8,PC400-8,PC60-7,PC300-7,PC400-7,PC200-7,PC200-6,<\/div>\r\n<\/td>\r\n<\/tr>\r\n<tr>\r\n<td colspan=\"1\" rowspan=\"1\">\r\n<div>CAT<\/div>\r\n<\/td>\r\n<td colspan=\"1\" rowspan=\"1\">\r\n<div>E325C,E330D,E330C,E336D,E336C,E345B,E385C,E320C,E320D,E330,E330L,E345C<\/div>\r\n<\/td>\r\n<\/tr>\r\n<tr>\r\n<td colspan=\"1\" rowspan=\"1\">\r\n<div>\"Daewoo<\/div>\r\n<\/td>\r\n<td colspan=\"1\" rowspan=\"1\">\r\n<div>DH80,DH300-5,DH300-7,DH225-7,DH210,DH220,DH150,DH300-5,DH370,DH470-5,DH500-5<\/div>\r\n<\/td>\r\n<\/tr>\r\n<tr>\r\n<td colspan=\"1\" rowspan=\"1\">\r\n<div>\"Hitachi<\/div>\r\n<\/td>\r\n<td colspan=\"1\" rowspan=\"1\">\r\n<div>EX120-5, EX120-5 JPN, EX120-5HG, EX120-5LV JPN, EX120-5X, EX120-5Z, EX120SS-5, EX130H-5, EX130H-5 JPN, EX130K-5,<br \/>EX135UR, EX135UR-5, EX135US-5, EX135USR, EX135USRK, EX140US-5, HR240G, EX300-2, EX300-3, EX300-3C, EX310H-3C, EX200-3, EX200-5,<br \/>EX200-5 JPN, EX200-5HG, EX200-5HHE, EX200-5LV JAP, EX200-5X JPN, EX200-5Z JPN, EX200LC-5HHE, EX200SS-5, EX210H-5, EX210H-5 JPN,<br \/>EX210K-5 JPN, EX210LC-5HHE, EX225USR(LC), EX225USRK,EX60-2, EX60-3, EX60LCK-3, EX60LCT-3, EX60LCT-3, EX60WD-2, EX75UR, EX75UR-3,<br \/>EX75URLC-3,EX350-6,EX120-3,EX1200,EX300,EX200 ,EX210,EX75UR-5<\/div>\r\n<\/td>\r\n<\/tr>\r\n<tr>\r\n<td colspan=\"1\" rowspan=\"1\">\r\n<div>\"Sumitomo<\/div>\r\n<\/td>\r\n<td colspan=\"1\" rowspan=\"1\">\r\n<div>SH200-2,SH-200A3,SH200,SH120-5-0.5<\/div>\r\n<\/td>\r\n<\/tr>\r\n<tr>\r\n<td colspan=\"1\" rowspan=\"1\">\r\n<div>D\u0117l Kato<\/div>\r\n<\/td>\r\n<td colspan=\"1\" rowspan=\"1\">\r\n<div>HD1430,HD130<\/div>\r\n<\/td>\r\n<\/tr>\r\n<tr>\r\n<td colspan=\"1\" rowspan=\"1\">\r\n<div>Skirta JCB<\/div>\r\n<\/td>\r\n<td colspan=\"1\" rowspan=\"1\">\r\n<div>JCB220,JCB240,JCB 85Z<\/div>\r\n<\/td>\r\n<\/tr>\r\n<tr>\r\n<td colspan=\"1\" rowspan=\"1\">\r\n<div>Kita<\/div>\r\n<\/td>\r\n<td colspan=\"1\" rowspan=\"1\">\r\n<div>&#8230;&#8230;<\/div>\r\n<\/td>\r\n<\/tr>\r\n<\/tbody>\r\n<\/table>\r\n<p><\/p>","protected":false},"excerpt":{"rendered":"<p><strong><b>Dalis<\/b><\/strong> #: 705-41-03010 705-41-08090 705-41-08010 705-41-03070<br \/><strong><b>Pasidarykite<\/b><\/strong>:Komatsu <br \/><strong><b>Modelis<\/b><\/strong>: PC40-6 PC40-7 PC50UU-2 <br \/><strong><b>B\u016bkl\u0117<\/b><\/strong>: Naujas<\/p>","protected":false},"featured_media":4317,"template":"","meta":[],"product_brand":[],"product_cat":[382],"product_tag":[],"class_list":{"0":"post-4371","1":"product","2":"type-product","3":"status-publish","4":"has-post-thumbnail","6":"product_cat-komatsu-hydraulic-pumps","8":"first","9":"instock","10":"shipping-taxable","11":"product-type-simple"},"_links":{"self":[{"href":"https:\/\/swingbearing.net\/lt\/wp-json\/wp\/v2\/product\/4371","targetHints":{"allow":["GET"]}}],"collection":[{"href":"https:\/\/swingbearing.net\/lt\/wp-json\/wp\/v2\/product"}],"about":[{"href":"https:\/\/swingbearing.net\/lt\/wp-json\/wp\/v2\/types\/product"}],"wp:featuredmedia":[{"embeddable":true,"href":"https:\/\/swingbearing.net\/lt\/wp-json\/wp\/v2\/media\/4317"}],"wp:attachment":[{"href":"https:\/\/swingbearing.net\/lt\/wp-json\/wp\/v2\/media?parent=4371"}],"wp:term":[{"taxonomy":"product_brand","embeddable":true,"href":"https:\/\/swingbearing.net\/lt\/wp-json\/wp\/v2\/product_brand?post=4371"},{"taxonomy":"product_cat","embeddable":true,"href":"https:\/\/swingbearing.net\/lt\/wp-json\/wp\/v2\/product_cat?post=4371"},{"taxonomy":"product_tag","embeddable":true,"href":"https:\/\/swingbearing.net\/lt\/wp-json\/wp\/v2\/product_tag?post=4371"}],"curies":[{"name":"wp","href":"https:\/\/api.w.org\/{rel}","templated":true}]}}