{"id":4245,"date":"2024-06-17T08:50:33","date_gmt":"2024-06-17T08:50:33","guid":{"rendered":"https:\/\/swingbearing.net\/?post_type=product&#038;p=4245"},"modified":"2024-06-22T06:55:05","modified_gmt":"2024-06-22T06:55:05","slug":"hydraulic-pump-708-2h-00440-708-2l-00610-for-komatsu-pc1250-7","status":"publish","type":"product","link":"https:\/\/swingbearing.net\/lt\/product\/hydraulic-pump-708-2h-00440-708-2l-00610-for-komatsu-pc1250-7\/","title":{"rendered":"Hidraulinis siurblys 708-2L-00680, 708-2H-00440, 708-2L-00610, skirtas Komatsu PC1250-7 PC1250-8"},"content":{"rendered":"<h3 class=\"wp-block-heading\"><strong>Produkto apra\u0161ymas<\/strong><\/h3>\r\n\r\n\r\n<hr class=\"wp-block-separator has-alpha-channel-opacity\" \/>\r\n\r\n\r\n<h2 class=\"wp-block-heading\">708-2L-00680 ,708-2H-00440, 708-2L-00610 Hydraulic Main Pump Fits For Komatsu PC1250-7 PC1250-8<\/h2>\r\n<p><img decoding=\"async\" class=\"wp-image-4229 size-full\" src=\"https:\/\/swingbearing.net\/wp-content\/uploads\/2024\/06\/pc1250-7-8-1.jpg\" alt=\"hidraulinis siurblys\" width=\"869\" height=\"812\" srcset=\"https:\/\/swingbearing.net\/wp-content\/uploads\/2024\/06\/pc1250-7-8-1.jpg 869w, https:\/\/swingbearing.net\/wp-content\/uploads\/2024\/06\/pc1250-7-8-1-300x280.jpg 300w, https:\/\/swingbearing.net\/wp-content\/uploads\/2024\/06\/pc1250-7-8-1-768x718.jpg 768w, https:\/\/swingbearing.net\/wp-content\/uploads\/2024\/06\/pc1250-7-8-1-13x12.jpg 13w, https:\/\/swingbearing.net\/wp-content\/uploads\/2024\/06\/pc1250-7-8-1-600x561.jpg 600w\" sizes=\"(max-width: 869px) 100vw, 869px\" \/><\/p>\r\n<h3 class=\"wp-block-heading\">Importance of\u00a0 PC1250 Hydraulic Pump<\/h3>\r\n<h3>\r\n\r\n<\/h3>\r\n<p>Pagrindiniai hidrauliniai siurbliai yra ekskavatoriaus hidraulin\u0117s sistemos \u0161irdis, mechanin\u0119 energij\u0105 paver\u010dianti hidrauline. \u0160i energija naudojama \u012fvairioms funkcijoms, pavyzd\u017eiui, str\u0117l\u0117s, rankos, kau\u0161o ir kit\u0173 pried\u0173 jud\u0117jimui, valdyti. Be tinkamai veikian\u010dio pagrindinio hidraulinio siurblio ekskavatoriaus na\u0161umas gali labai pablog\u0117ti, tod\u0117l suma\u017e\u0117ja efektyvumas ir pailg\u0117ja prastovos.<\/p>\r\n<h3 class=\"wp-block-heading\">I\u0161samus \"Komatsu\" hidraulini\u0173 pagrindini\u0173 siurbli\u0173 tyrimas<\/h3>\r\n\r\n\r\n\r\n<p>The Komatsu hydraulic main pumps with part numbers 708-2L-00680 ,708-2H-00440 and 708-2L-00610 are specifically designed to fit the Komatsu PC1250-7 and PC1250-8 models. These pumps are engineered to meet the high demands of heavy-duty construction and mining operations.<\/p>\r\n\r\n\r\n\r\n<h4 class=\"wp-block-heading\">708-2L-00680 Hydraulic Main Pump<\/h4>\r\n\r\n\r\n\r\n<p>The 708-2L-00680 hydraulic main pump is known for its robust design and reliability. It is engineered to handle the intense pressure and flow requirements of the Komatsu PC1250. This model ensures smooth and efficient hydraulic power delivery, contributing to the overall performance and longevity of the excavator.<\/p>\r\n\r\n\r\n\r\n<h4 class=\"wp-block-heading\">708-2H-00440 Hydraulic Main Pump<\/h4>\r\n\r\n\r\n\r\n<p>Similar to the 708-2L-00680, the 708-2H-00440 hydraulic main pump is designed for the Komatsu PC1250-7 and PC1250-8 models. This pump offers enhanced durability and performance, making it ideal for heavy-duty applications. It features advanced hydraulic technology that ensures precise control and efficient power distribution.<\/p>\r\n\r\n\r\n\r\n<h4 class=\"wp-block-heading\">708-2L-00610 Hydraulic Main Pump<\/h4>\r\n\r\n\r\n\r\n<p>The 708-2L-00610 hydraulic main pump is another vital component for the Komatsu PC1250 series. It is built to withstand the rigors of continuous operation in challenging environments. This pump provides consistent hydraulic power, ensuring that the excavator can perform demanding tasks with ease.<\/p>\r\n<h2 class=\"wp-block-heading\">Technin\u0117 prie\u017ei\u016bra ir trik\u010di\u0173 \u0161alinimas<\/h2>\r\n\r\n\r\n\r\n<h3 class=\"wp-block-heading\">\u012eprastin\u0117 prie\u017ei\u016bra<\/h3>\r\n\r\n\r\n\r\n<p>Proper maintenance is crucial to ensure the longevity and performance of hydraulic main pumps 708-2L-00680 ,708-2H-00440and 708-2L-00610 . Regular inspection and servicing can prevent potential issues and extend the lifespan of the pumps.<\/p>\r\n\r\n\r\n\r\n<h4 class=\"wp-block-heading\">Patarimai apie tikrinim\u0105<\/h4>\r\n\r\n\r\n\r\n<ul class=\"wp-block-list\">\r\n<li><strong>Patikrinkite, ar n\u0117ra nuot\u0117kio:<\/strong> Reguliariai tikrinkite siurbl\u012f ir hidraulines linijas, ar n\u0117ra nuot\u0117kio po\u017eymi\u0173.<\/li>\r\n\r\n\r\n\r\n<li><strong>Steb\u0117kite sl\u0117gio lygius:<\/strong> U\u017etikrinkite, kad hidraulin\u0117je sistemoje b\u016bt\u0173 palaikomas tinkamas sl\u0117gio lygis.<\/li>\r\n\r\n\r\n\r\n<li><strong>Valykite filtrus:<\/strong> Kad i\u0161vengtum\u0117te u\u017eter\u0161imo, atlikdami \u012fprast\u0105 technin\u0119 prie\u017ei\u016br\u0105 pakeiskite arba i\u0161valykite hidraulinius filtrus.<\/li>\r\n<\/ul>\r\n\r\n\r\n\r\n<h3 class=\"wp-block-heading\">Bendr\u0173 problem\u0173 \u0161alinimas<\/h3>\r\n\r\n\r\n\r\n<p>Net ir atliekant reguliari\u0105 technin\u0119 prie\u017ei\u016br\u0105, hidrauliniai pagrindiniai siurbliai gali susidurti su problemomis. Supratimas apie da\u017eniausiai pasitaikan\u010dias problemas ir j\u0173 sprendimo b\u016bdus gali pad\u0117ti suma\u017einti prastovas.<\/p>\r\n\r\n\r\n\r\n<h4 class=\"wp-block-heading\">Ma\u017eas hidraulinis sl\u0117gis<\/h4>\r\n\r\n\r\n\r\n<ul class=\"wp-block-list\">\r\n<li><strong>Galimos prie\u017eastys:<\/strong> U\u017esikim\u0161\u0119 filtrai, susid\u0117v\u0117j\u0119 siurblio komponentai arba hidraulinio skys\u010dio nuot\u0117kis.<\/li>\r\n\r\n\r\n\r\n<li><strong>Sprendimai:<\/strong> Pakeiskite arba i\u0161valykite filtrus, ap\u017ei\u016br\u0117kite ir pakeiskite susid\u0117v\u0117jusias sudedam\u0105sias dalis ir pa\u0161alinkite bet kok\u012f nuot\u0117k\u012f.<\/li>\r\n<\/ul>\r\n\r\n\r\n\r\n<h4 class=\"wp-block-heading\">Perkaitimas<\/h4>\r\n\r\n\r\n\r\n<ul class=\"wp-block-list\">\r\n<li><strong>Galimos prie\u017eastys:<\/strong> Nepakankamas hidraulinio skys\u010dio kiekis, per didel\u0117 apkrova arba au\u0161inimo sistemos gedimas.<\/li>\r\n\r\n\r\n\r\n<li><strong>Sprendimai:<\/strong> Patikrinkite ir papildykite hidraulin\u012f skyst\u012f, suma\u017einkite apkrov\u0105 ir \u012fsitikinkite, kad au\u0161inimo sistema veikia tinkamai.<\/li>\r\n<\/ul>\r\n\r\n\r\n\r\n<h4 class=\"wp-block-heading\">Triuk\u0161mingas veikimas<\/h4>\r\n\r\n\r\n\r\n<ul class=\"wp-block-list\">\r\n<li><strong>Galimos prie\u017eastys:<\/strong> Hidraulin\u0117je sistemoje esantis oras, susid\u0117v\u0117j\u0119 guoliai arba kavitacija.<\/li>\r\n\r\n\r\n\r\n<li><strong>Sprendimai:<\/strong> I\u0161leiskite or\u0105 i\u0161 sistemos, pakeiskite susid\u0117v\u0117jusius guolius ir patikrinkite, ar n\u0117ra kavitacijos problem\u0173.<\/li>\r\n<\/ul>\r\n\r\n\r\n<hr class=\"wp-block-separator has-alpha-channel-opacity\" \/>\r\n\r\n\r\n<h2 class=\"wp-block-heading\">I\u0161vada<\/h2>\r\n\r\n\r\n\r\n<h3 class=\"wp-block-heading\">Pagrindini\u0173 punkt\u0173 santrauka<\/h3>\r\n\r\n\r\n\r\n<p>The hydraulic main pumps 708-2L-00680 ,708-2H-00440 and 708-2L-00610 are essential components for the Komatsu PC1250-7 and PC1250-8 excavators. These pumps are designed to deliver reliable and efficient hydraulic power, ensuring optimal performance in demanding construction and mining applications. Regular maintenance and understanding common troubleshooting techniques can further enhance the longevity and performance of these pumps.<\/p>\r\n\r\n\r\n\r\n\r\n\r\n<p><br \/><strong>Galite b\u016bti tikri, kad m\u016bs\u0173 hidrauliniai siurbliai yra pagaminti i\u0161 auk\u0161\u010diausios kokyb\u0117s med\u017eiag\u0173 ir yra grie\u017etai i\u0161bandyti, kad b\u016bt\u0173 u\u017etikrintas j\u0173 patvarumas ir ilgaam\u017ei\u0161kumas. \u0160is hidraulinis siurblys pasi\u017eymi i\u0161skirtin\u0117mis eksploatacin\u0117mis savyb\u0117mis ir patikimumu, tod\u0117l yra patikimas pasirinkimas pasaulin\u0117je pramon\u0117je.<\/strong><br \/><strong>Pasirinkite m\u016bs\u0173 hidraulin\u012f siurbl\u012f kitam projektui ir patirkite neprilygstam\u0105 jo gali\u0105 bei efektyvum\u0105. Investuokite \u012f m\u016bs\u0173 auk\u0161\u010diausios klas\u0117s hidraulini\u0173 siurbli\u0173 kokyb\u0119 ir patikimum\u0105.\u00a0\u00a0<\/strong><\/p>","protected":false},"excerpt":{"rendered":"<p><strong><b>Dalis<\/b><\/strong> #: 708-2L-00680 ,708-2H-00440\u00a0 708-2L-00610<br \/><strong><b>Pasidarykite<\/b><\/strong>:Komatsu <br \/><strong><b>Modelis<\/b><\/strong>: PC1250-7\u00a0 PC1250-8<br \/><strong><b>B\u016bkl\u0117<\/b><\/strong>: Naujas<\/p>","protected":false},"featured_media":4233,"template":"","meta":[],"product_brand":[],"product_cat":[382],"product_tag":[],"class_list":{"0":"post-4245","1":"product","2":"type-product","3":"status-publish","4":"has-post-thumbnail","6":"product_cat-komatsu-hydraulic-pumps","8":"first","9":"instock","10":"shipping-taxable","11":"product-type-simple"},"_links":{"self":[{"href":"https:\/\/swingbearing.net\/lt\/wp-json\/wp\/v2\/product\/4245","targetHints":{"allow":["GET"]}}],"collection":[{"href":"https:\/\/swingbearing.net\/lt\/wp-json\/wp\/v2\/product"}],"about":[{"href":"https:\/\/swingbearing.net\/lt\/wp-json\/wp\/v2\/types\/product"}],"wp:featuredmedia":[{"embeddable":true,"href":"https:\/\/swingbearing.net\/lt\/wp-json\/wp\/v2\/media\/4233"}],"wp:attachment":[{"href":"https:\/\/swingbearing.net\/lt\/wp-json\/wp\/v2\/media?parent=4245"}],"wp:term":[{"taxonomy":"product_brand","embeddable":true,"href":"https:\/\/swingbearing.net\/lt\/wp-json\/wp\/v2\/product_brand?post=4245"},{"taxonomy":"product_cat","embeddable":true,"href":"https:\/\/swingbearing.net\/lt\/wp-json\/wp\/v2\/product_cat?post=4245"},{"taxonomy":"product_tag","embeddable":true,"href":"https:\/\/swingbearing.net\/lt\/wp-json\/wp\/v2\/product_tag?post=4245"}],"curies":[{"name":"wp","href":"https:\/\/api.w.org\/{rel}","templated":true}]}}