{"id":4236,"date":"2024-06-17T08:03:00","date_gmt":"2024-06-17T08:03:00","guid":{"rendered":"https:\/\/swingbearing.net\/?post_type=product&#038;p=4236"},"modified":"2024-06-19T02:24:19","modified_gmt":"2024-06-19T02:24:19","slug":"hydraulic-pump-708-2k-00110-fits-for-komatsu-pc800lc-8-pc800se-8-pc800-8","status":"publish","type":"product","link":"https:\/\/swingbearing.net\/lt\/product\/hydraulic-pump-708-2k-00110-fits-for-komatsu-pc800lc-8-pc800se-8-pc800-8\/","title":{"rendered":"Hidraulinis siurblys 708-2K-00110 708-2K-00112 tinka Komatsu PC800-8 PC800LC-8 PC800SE-8"},"content":{"rendered":"<h3 class=\"wp-block-heading\"><strong>Produkto apra\u0161ymas<\/strong><\/h3>\r\n\r\n\r\n<hr class=\"wp-block-separator has-alpha-channel-opacity\" \/>\r\n\r\n\r\n<h2 class=\"wp-block-heading\">Hidraulinis siurblys 708-2K-00110 708-2K-00111 708-2K-00112 708-2K-00113<\/h2>\r\n<h2>Tinka Komatsu PC800SE-8 PC800SE-8R PC800LC-8 PC800-8 PC800-8<\/h2>\r\n<h2>Pagrindinis siurblys<\/h2>\r\n<p><img decoding=\"async\" class=\"wp-image-4229 size-full\" src=\"https:\/\/swingbearing.net\/wp-content\/uploads\/2024\/06\/pc1250-7-8-1.jpg\" alt=\"hidraulinis siurblys\" width=\"869\" height=\"812\" srcset=\"https:\/\/swingbearing.net\/wp-content\/uploads\/2024\/06\/pc1250-7-8-1.jpg 869w, https:\/\/swingbearing.net\/wp-content\/uploads\/2024\/06\/pc1250-7-8-1-300x280.jpg 300w, https:\/\/swingbearing.net\/wp-content\/uploads\/2024\/06\/pc1250-7-8-1-768x718.jpg 768w, https:\/\/swingbearing.net\/wp-content\/uploads\/2024\/06\/pc1250-7-8-1-13x12.jpg 13w, https:\/\/swingbearing.net\/wp-content\/uploads\/2024\/06\/pc1250-7-8-1-600x561.jpg 600w\" sizes=\"(max-width: 869px) 100vw, 869px\" \/><\/p>\r\n<h3 class=\"wp-block-heading\">Hidraulinio siurblio svarba<\/h3>\r\n<h3>\r\n\r\n<\/h3>\r\n<p>Pagrindiniai hidrauliniai siurbliai yra ekskavatoriaus hidraulin\u0117s sistemos \u0161irdis, mechanin\u0119 energij\u0105 paver\u010dianti hidrauline. \u0160i energija naudojama \u012fvairioms funkcijoms, pavyzd\u017eiui, str\u0117l\u0117s, rankos, kau\u0161o ir kit\u0173 pried\u0173 jud\u0117jimui, valdyti. Be tinkamai veikian\u010dio pagrindinio hidraulinio siurblio ekskavatoriaus na\u0161umas gali labai pablog\u0117ti, tod\u0117l suma\u017e\u0117ja efektyvumas ir pailg\u0117ja prastovos.<\/p>\r\n<h3 class=\"wp-block-heading\">I\u0161samus \"Komatsu\" hidraulini\u0173 pagrindini\u0173 siurbli\u0173 tyrimas<\/h3>\r\n\r\n\r\n\r\n<p>Komatsu hidrauliniai pagrindiniai siurbliai, kuri\u0173 dali\u0173 numeriai 708-2K-00110 , 708-2K-00111 ir 708-2K-00112, yra specialiai sukurti \"Komatsu\" PC800SE-8, PC800SE-8R , PC800LC-8 ir PC800-8 modeliams. \u0160ie siurbliai suprojektuoti taip, kad atitikt\u0173 auk\u0161tus sunkiasvori\u0173 statybos ir kasybos darb\u0173 reikalavimus.<\/p>\r\n\r\n\r\n\r\n<h4 class=\"wp-block-heading\">708-2K-00110 Pagrindinis hidraulinis siurblys<\/h4>\r\n\r\n\r\n\r\n<p>708-2K-00110 hidraulinis pagrindinis siurblys pasi\u017eymi tvirta konstrukcija ir patikimumu. Jis sukonstruotas taip, kad atitikt\u0173 didelius \"Komatsu PC800-8\" sl\u0117gio ir srauto reikalavimus. \u0160is modelis u\u017etikrina skland\u0173 ir efektyv\u0173 hidraulin\u0117s galios tiekim\u0105, prisideda prie bendro ekskavatoriaus na\u0161umo ir ilgaam\u017ei\u0161kumo.<\/p>\r\n\r\n\r\n\r\n<h4 class=\"wp-block-heading\">708-2K-00111 Pagrindinis hidraulinis siurblys<\/h4>\r\n\r\n\r\n\r\n<p>Pana\u0161iai kaip ir 708-2K-00110, pagrindinis hidraulinis siurblys 708-2K-00111 skirtas \"Komatsu\" PC800SE-8, PC800SE-8R, PC800LC-8 ir PC800-8 modeliams. \u0160is siurblys pasi\u017eymi didesniu patvarumu ir na\u0161umu, tod\u0117l idealiai tinka darbui didel\u0117mis apkrovomis. Jame \u012fdiegta pa\u017eangi hidraulin\u0117 technologija, u\u017etikrinanti tiksl\u0173 valdym\u0105 ir efektyv\u0173 galios paskirstym\u0105.<\/p>\r\n\r\n\r\n\r\n<h4 class=\"wp-block-heading\">708-2K-00112 Pagrindinis hidraulinis siurblys<\/h4>\r\n\r\n\r\n\r\n<p>708-2K-00112 pagrindinis hidraulinis siurblys yra dar vienas labai svarbus \"Komatsu PC800-8\" serijos traktori\u0173 komponentas. Jis sukurtas taip, kad atlaikyt\u0173 nepertraukiamo darbo sud\u0117tingoje aplinkoje sunkumus. \u0160is siurblys u\u017etikrina pastovi\u0105 hidraulin\u0119 gali\u0105, tod\u0117l ekskavatorius gali lengvai atlikti sud\u0117tingas u\u017eduotis.<\/p>\r\n<h2 class=\"wp-block-heading\">Technin\u0117 prie\u017ei\u016bra ir trik\u010di\u0173 \u0161alinimas<\/h2>\r\n\r\n\r\n\r\n<h3 class=\"wp-block-heading\">\u012eprastin\u0117 prie\u017ei\u016bra<\/h3>\r\n\r\n\r\n\r\n<p>Norint u\u017etikrinti pagrindini\u0173 hidraulini\u0173 siurbli\u0173 708-2K-00110, 708-2K-00111 ir 708-2K-00112 ilgaam\u017ei\u0161kum\u0105 ir na\u0161um\u0105, b\u016btina tinkama technin\u0117 prie\u017ei\u016bra. Reguliarus tikrinimas ir technin\u0117 prie\u017ei\u016bra gali pad\u0117ti i\u0161vengti galim\u0173 problem\u0173 ir prailginti siurbli\u0173 tarnavimo laik\u0105.<\/p>\r\n\r\n\r\n\r\n<h4 class=\"wp-block-heading\">Patarimai apie tikrinim\u0105<\/h4>\r\n\r\n\r\n\r\n<ul class=\"wp-block-list\">\r\n<li><strong>Patikrinkite, ar n\u0117ra nuot\u0117kio:<\/strong> Reguliariai tikrinkite siurbl\u012f ir hidraulines linijas, ar n\u0117ra nuot\u0117kio po\u017eymi\u0173.<\/li>\r\n\r\n\r\n\r\n<li><strong>Steb\u0117kite sl\u0117gio lygius:<\/strong> U\u017etikrinkite, kad hidraulin\u0117je sistemoje b\u016bt\u0173 palaikomas tinkamas sl\u0117gio lygis.<\/li>\r\n\r\n\r\n\r\n<li><strong>Valykite filtrus:<\/strong> Kad i\u0161vengtum\u0117te u\u017eter\u0161imo, atlikdami \u012fprast\u0105 technin\u0119 prie\u017ei\u016br\u0105 pakeiskite arba i\u0161valykite hidraulinius filtrus.<\/li>\r\n<\/ul>\r\n\r\n\r\n\r\n<h3 class=\"wp-block-heading\">Bendr\u0173 problem\u0173 \u0161alinimas<\/h3>\r\n\r\n\r\n\r\n<p>Net ir atliekant reguliari\u0105 technin\u0119 prie\u017ei\u016br\u0105, hidrauliniai pagrindiniai siurbliai gali susidurti su problemomis. Supratimas apie da\u017eniausiai pasitaikan\u010dias problemas ir j\u0173 sprendimo b\u016bdus gali pad\u0117ti suma\u017einti prastovas.<\/p>\r\n\r\n\r\n\r\n<h4 class=\"wp-block-heading\">Ma\u017eas hidraulinis sl\u0117gis<\/h4>\r\n\r\n\r\n\r\n<ul class=\"wp-block-list\">\r\n<li><strong>Galimos prie\u017eastys:<\/strong> U\u017esikim\u0161\u0119 filtrai, susid\u0117v\u0117j\u0119 siurblio komponentai arba hidraulinio skys\u010dio nuot\u0117kis.<\/li>\r\n\r\n\r\n\r\n<li><strong>Sprendimai:<\/strong> Pakeiskite arba i\u0161valykite filtrus, ap\u017ei\u016br\u0117kite ir pakeiskite susid\u0117v\u0117jusias sudedam\u0105sias dalis ir pa\u0161alinkite bet kok\u012f nuot\u0117k\u012f.<\/li>\r\n<\/ul>\r\n\r\n\r\n\r\n<h4 class=\"wp-block-heading\">Perkaitimas<\/h4>\r\n\r\n\r\n\r\n<ul class=\"wp-block-list\">\r\n<li><strong>Galimos prie\u017eastys:<\/strong> Nepakankamas hidraulinio skys\u010dio kiekis, per didel\u0117 apkrova arba au\u0161inimo sistemos gedimas.<\/li>\r\n\r\n\r\n\r\n<li><strong>Sprendimai:<\/strong> Patikrinkite ir papildykite hidraulin\u012f skyst\u012f, suma\u017einkite apkrov\u0105 ir \u012fsitikinkite, kad au\u0161inimo sistema veikia tinkamai.<\/li>\r\n<\/ul>\r\n\r\n\r\n\r\n<h4 class=\"wp-block-heading\">Triuk\u0161mingas veikimas<\/h4>\r\n\r\n\r\n\r\n<ul class=\"wp-block-list\">\r\n<li><strong>Galimos prie\u017eastys:<\/strong> Hidraulin\u0117je sistemoje esantis oras, susid\u0117v\u0117j\u0119 guoliai arba kavitacija.<\/li>\r\n\r\n\r\n\r\n<li><strong>Sprendimai:<\/strong> I\u0161leiskite or\u0105 i\u0161 sistemos, pakeiskite susid\u0117v\u0117jusius guolius ir patikrinkite, ar n\u0117ra kavitacijos problem\u0173.<\/li>\r\n<\/ul>\r\n\r\n\r\n<hr class=\"wp-block-separator has-alpha-channel-opacity\" \/>\r\n\r\n\r\n<h2 class=\"wp-block-heading\">I\u0161vada<\/h2>\r\n\r\n\r\n\r\n<h3 class=\"wp-block-heading\">Pagrindini\u0173 punkt\u0173 santrauka<\/h3>\r\n\r\n\r\n\r\n<p>Pagrindiniai hidrauliniai siurbliai 708-2K-00110, 708-2K-00111 ir 708-2K-00112 yra esminiai \"Komatsu\" ekskavatori\u0173 PC800SE-8R , PC800LC-8 ir PC800-8 komponentai. \u0160ie siurbliai suprojektuoti taip, kad u\u017etikrint\u0173 patikim\u0105 ir efektyvi\u0105 hidraulin\u0119 gali\u0105, u\u017etikrinan\u010di\u0105 optimal\u0173 veikim\u0105 sud\u0117tingose statyb\u0173 ir kasybos srityse. Reguliari technin\u0117 prie\u017ei\u016bra ir bendr\u0173 gedim\u0173 \u0161alinimo b\u016bd\u0173 supratimas gali dar labiau padidinti \u0161i\u0173 siurbli\u0173 ilgaam\u017ei\u0161kum\u0105 ir na\u0161um\u0105.<\/p>\r\n\r\n\r\n\r\n\r\n\r\n<p><br \/><strong>Galite b\u016bti tikri, kad m\u016bs\u0173 hidrauliniai siurbliai yra pagaminti i\u0161 auk\u0161\u010diausios kokyb\u0117s med\u017eiag\u0173 ir yra grie\u017etai i\u0161bandyti, kad b\u016bt\u0173 u\u017etikrintas j\u0173 patvarumas ir ilgaam\u017ei\u0161kumas. \u0160is hidraulinis siurblys pasi\u017eymi i\u0161skirtin\u0117mis eksploatacin\u0117mis savyb\u0117mis ir patikimumu, tod\u0117l yra patikimas pasirinkimas pasaulin\u0117je pramon\u0117je.<\/strong><br \/><strong>Pasirinkite m\u016bs\u0173 hidraulin\u012f siurbl\u012f kitam projektui ir patirkite neprilygstam\u0105 jo gali\u0105 bei efektyvum\u0105. Investuokite \u012f m\u016bs\u0173 auk\u0161\u010diausios klas\u0117s hidraulini\u0173 siurbli\u0173 kokyb\u0119 ir patikimum\u0105.\u00a0\u00a0<\/strong><\/p>","protected":false},"excerpt":{"rendered":"<p><strong><b>Dalis<\/b><\/strong> #: 708-2K-00110 708-2K-00111\u00a0<br \/>\u00a0 \u00a0 \u00a0 \u00a0 \u00a0 \u00a0 \u00a0 708-2K-00112 708-2K-00113 <br \/><strong><b>Pasidarykite<\/b><\/strong>:Komatsu <br \/><strong><b>Modelis<\/b><\/strong>: PC800-8 PC800SE-8 PC800SE-8R PC800LC-8\u00a0<br \/><strong><b>B\u016bkl\u0117<\/b><\/strong>: Naujas<\/p>","protected":false},"featured_media":4240,"template":"","meta":[],"product_brand":[],"product_cat":[382],"product_tag":[],"class_list":{"0":"post-4236","1":"product","2":"type-product","3":"status-publish","4":"has-post-thumbnail","6":"product_cat-komatsu-hydraulic-pumps","8":"first","9":"instock","10":"shipping-taxable","11":"product-type-simple"},"_links":{"self":[{"href":"https:\/\/swingbearing.net\/lt\/wp-json\/wp\/v2\/product\/4236","targetHints":{"allow":["GET"]}}],"collection":[{"href":"https:\/\/swingbearing.net\/lt\/wp-json\/wp\/v2\/product"}],"about":[{"href":"https:\/\/swingbearing.net\/lt\/wp-json\/wp\/v2\/types\/product"}],"wp:featuredmedia":[{"embeddable":true,"href":"https:\/\/swingbearing.net\/lt\/wp-json\/wp\/v2\/media\/4240"}],"wp:attachment":[{"href":"https:\/\/swingbearing.net\/lt\/wp-json\/wp\/v2\/media?parent=4236"}],"wp:term":[{"taxonomy":"product_brand","embeddable":true,"href":"https:\/\/swingbearing.net\/lt\/wp-json\/wp\/v2\/product_brand?post=4236"},{"taxonomy":"product_cat","embeddable":true,"href":"https:\/\/swingbearing.net\/lt\/wp-json\/wp\/v2\/product_cat?post=4236"},{"taxonomy":"product_tag","embeddable":true,"href":"https:\/\/swingbearing.net\/lt\/wp-json\/wp\/v2\/product_tag?post=4236"}],"curies":[{"name":"wp","href":"https:\/\/api.w.org\/{rel}","templated":true}]}}