{"id":4083,"date":"2024-06-11T04:06:19","date_gmt":"2024-06-11T04:06:19","guid":{"rendered":"https:\/\/swingbearing.net\/product\/225nlc-v-excavator-swing-bearing-140109-00045-slewing-ring\/"},"modified":"2024-06-12T02:35:05","modified_gmt":"2024-06-12T02:35:05","slug":"225nlc-v-excavator-swing-bearing-140109-00045-slewing-ring","status":"publish","type":"product","link":"https:\/\/swingbearing.net\/lt\/product\/225nlc-v-excavator-swing-bearing-140109-00045-slewing-ring\/","title":{"rendered":"\"Doosan 225NLC-V\" svyruoklinis guolis 140109-00045"},"content":{"rendered":"<figure class=\"wp-block-table\" style=\"font-size: 12px;\">\r\n<h2 style=\"text-align: center;\">\"Doosan Swing Bearing\" guolio keitimas<\/h2>\r\n<table>\r\n<tbody>\r\n<tr>\r\n<td>Modelis<\/td>\r\n<td>Dalies numeris<\/td>\r\n<td>I\u0161orinis skersmuo<\/td>\r\n<td>Vidinis skersmuo<\/td>\r\n<td>Bendras auk\u0161tis<\/td>\r\n<td>I\u0161orinis auk\u0161tis<\/td>\r\n<td>Vidinis auk\u0161tis<\/td>\r\n<td>I\u0161orin\u0117s skyl\u0117s parametrai<\/td>\r\n<td>Vidin\u0117s skyl\u0117s parametrai<\/td>\r\n<td>Dant\u0173 skai\u010dius<\/td>\r\n<\/tr>\r\n<tr>\r\n<td>S140LC-V<\/td>\r\n<td>109-00165<\/td>\r\n<td>1202<\/td>\r\n<td>945<\/td>\r\n<td>84<\/td>\r\n<td>75<\/td>\r\n<td>70<\/td>\r\n<td>36-\u042422<\/td>\r\n<td>36-M20<\/td>\r\n<td>80<\/td>\r\n<\/tr>\r\n<tr>\r\n<td>DX225<\/td>\r\n<td>109-00162<\/td>\r\n<td>1327<\/td>\r\n<td>1082<\/td>\r\n<td>110<\/td>\r\n<td>90<\/td>\r\n<td>95<\/td>\r\n<td>36<\/td>\r\n<td>36<\/td>\r\n<td>92<\/td>\r\n<\/tr>\r\n<tr>\r\n<td>DX225<\/td>\r\n<td>109-00162A<\/td>\r\n<td>1327<\/td>\r\n<td>1082<\/td>\r\n<td>110<\/td>\r\n<td>90<\/td>\r\n<td>95<\/td>\r\n<td>36-\u03c621<\/td>\r\n<td>36-M20*1.5<\/td>\r\n<td>92<\/td>\r\n<\/tr>\r\n<tr>\r\n<td>DX225LC<\/td>\r\n<td>109-00162<\/td>\r\n<td>1327<\/td>\r\n<td>1082<\/td>\r\n<td>110<\/td>\r\n<td>90<\/td>\r\n<td>95<\/td>\r\n<td>36-\u03c621<\/td>\r\n<td>36-M20*1.5<\/td>\r\n<td>92<\/td>\r\n<\/tr>\r\n<tr>\r\n<td>DX225LCA<\/td>\r\n<td>109-00162A<\/td>\r\n<td>1327<\/td>\r\n<td>1082<\/td>\r\n<td>110<\/td>\r\n<td>90<\/td>\r\n<td>95<\/td>\r\n<td>36-\u03c621<\/td>\r\n<td>36-M20*1.5<\/td>\r\n<td>92<\/td>\r\n<\/tr>\r\n<tr>\r\n<td>DX225LCA<\/td>\r\n<td>140109-00048A<\/td>\r\n<td>1327<\/td>\r\n<td>1082<\/td>\r\n<td>110<\/td>\r\n<td>90<\/td>\r\n<td>95<\/td>\r\n<td>36-\u03c621<\/td>\r\n<td>36-M20*1.5<\/td>\r\n<td>92<\/td>\r\n<\/tr>\r\n<tr>\r\n<td>S225NLC<\/td>\r\n<td>140109-00045<\/td>\r\n<td>1327<\/td>\r\n<td>1082<\/td>\r\n<td>110<\/td>\r\n<td>90<\/td>\r\n<td>95<\/td>\r\n<td>36-\u03c621<\/td>\r\n<td>36-M20*1.5<\/td>\r\n<td>92<\/td>\r\n<\/tr>\r\n<tr>\r\n<td>SL220LC-V<\/td>\r\n<td>109-00052<\/td>\r\n<td>1328<\/td>\r\n<td>1084<\/td>\r\n<td>110<\/td>\r\n<td>91<\/td>\r\n<td>95<\/td>\r\n<td>36-\u03c621<\/td>\r\n<td>36-M20*1.5<\/td>\r\n<td>92<\/td>\r\n<\/tr>\r\n<tr>\r\n<td>225NLC-V<\/td>\r\n<td>109-00052B<\/td>\r\n<td>1328<\/td>\r\n<td>1084<\/td>\r\n<td>110<\/td>\r\n<td>91<\/td>\r\n<td>95<\/td>\r\n<td>36-\u03c621<\/td>\r\n<td>36-M20*1.5<\/td>\r\n<td>92<\/td>\r\n<\/tr>\r\n<tr>\r\n<td>225NLC-V<\/td>\r\n<td>140109-00045<\/td>\r\n<td>1328<\/td>\r\n<td>1084<\/td>\r\n<td>110<\/td>\r\n<td>91<\/td>\r\n<td>95<\/td>\r\n<td>36-\u03c621<\/td>\r\n<td>36-M20*1.5<\/td>\r\n<td>92<\/td>\r\n<\/tr>\r\n<tr>\r\n<td>255LC-V<\/td>\r\n<td>109-00030B<\/td>\r\n<td>1410<\/td>\r\n<td>1131<\/td>\r\n<td>117<\/td>\r\n<td>89<\/td>\r\n<td>105<\/td>\r\n<td>35-\u03c625<\/td>\r\n<td>36-M24*2<\/td>\r\n<td>82<\/td>\r\n<\/tr>\r\n<tr>\r\n<td>255LC-V<\/td>\r\n<td>180-00297D3<\/td>\r\n<td>1410<\/td>\r\n<td>1131<\/td>\r\n<td>117<\/td>\r\n<td>89<\/td>\r\n<td>105<\/td>\r\n<td>35-\u03c625<\/td>\r\n<td>36-M24*2<\/td>\r\n<td>82<\/td>\r\n<\/tr>\r\n<tr>\r\n<td>255lc-v<\/td>\r\n<td>140109-00042<\/td>\r\n<td>1410<\/td>\r\n<td>1131<\/td>\r\n<td>117<\/td>\r\n<td>89<\/td>\r\n<td>105<\/td>\r\n<td>35-\u03c625<\/td>\r\n<td>36-M24*2<\/td>\r\n<td>82<\/td>\r\n<\/tr>\r\n<tr>\r\n<td>255lc-v<\/td>\r\n<td>140109-00043<\/td>\r\n<td>1410<\/td>\r\n<td>1131<\/td>\r\n<td>117<\/td>\r\n<td>89<\/td>\r\n<td>105<\/td>\r\n<td>35-\u03c625<\/td>\r\n<td>36-M24*2<\/td>\r\n<td>82<\/td>\r\n<\/tr>\r\n<tr>\r\n<td>Dx300LCA<\/td>\r\n<td>140109-00010A<\/td>\r\n<td>1475<\/td>\r\n<td>1165<\/td>\r\n<td>120<\/td>\r\n<td>90<\/td>\r\n<td>110<\/td>\r\n<td>35<\/td>\r\n<td>36<\/td>\r\n<td>85<\/td>\r\n<\/tr>\r\n<tr>\r\n<td>S340<\/td>\r\n<td>140109-00038<\/td>\r\n<td>1544<\/td>\r\n<td>1235<\/td>\r\n<td>122<\/td>\r\n<td>87<\/td>\r\n<td>110<\/td>\r\n<td>35-\u03c626<\/td>\r\n<td>40-M24<\/td>\r\n<td>90<\/td>\r\n<\/tr>\r\n<tr>\r\n<td>S340LC-V<\/td>\r\n<td>140109-00038<\/td>\r\n<td>1544<\/td>\r\n<td>1235<\/td>\r\n<td>122<\/td>\r\n<td>87<\/td>\r\n<td>110<\/td>\r\n<td>35-\u03c626<\/td>\r\n<td>40-M24<\/td>\r\n<td>90<\/td>\r\n<\/tr>\r\n<tr>\r\n<td>S340LC-V<\/td>\r\n<td>2109-1059a<\/td>\r\n<td>1544<\/td>\r\n<td>1235<\/td>\r\n<td>122<\/td>\r\n<td>87<\/td>\r\n<td>110<\/td>\r\n<td>35-\u03c626<\/td>\r\n<td>40-M24<\/td>\r\n<td>90<\/td>\r\n<\/tr>\r\n<tr>\r\n<td>DOOSAN 420<\/td>\r\n<td>140109-00039<\/td>\r\n<td>1549<\/td>\r\n<td>1235<\/td>\r\n<td>134<\/td>\r\n<td>103<\/td>\r\n<td>120<\/td>\r\n<td>35-\u03c626<\/td>\r\n<td>40-M24<\/td>\r\n<td>90<\/td>\r\n<\/tr>\r\n<tr>\r\n<td>S420LC-V<\/td>\r\n<td>109-00161<\/td>\r\n<td>1550<\/td>\r\n<td>1235<\/td>\r\n<td>135<\/td>\r\n<td>102<\/td>\r\n<td>120<\/td>\r\n<td>35-\u03c626<\/td>\r\n<td>40-M24<\/td>\r\n<td>90<\/td>\r\n<\/tr>\r\n<tr>\r\n<td>DX420LC<\/td>\r\n<td>140109-00007A<\/td>\r\n<td>1550<\/td>\r\n<td>1236<\/td>\r\n<td>132<\/td>\r\n<td>103<\/td>\r\n<td>120<\/td>\r\n<td>35<\/td>\r\n<td>40<\/td>\r\n<td>90<\/td>\r\n<\/tr>\r\n<tr>\r\n<td>470<\/td>\r\n<td>109-00159<\/td>\r\n<td>1682<\/td>\r\n<td>1320<\/td>\r\n<td>139<\/td>\r\n<td>118<\/td>\r\n<td>111<\/td>\r\n<td>44<\/td>\r\n<td>44<\/td>\r\n<td>111<\/td>\r\n<\/tr>\r\n<\/tbody>\r\n<\/table>\r\n<\/figure>\r\n\r\n<h3 class=\"wp-block-heading\"><\/h3>\r\nEkskavatoriai yra labai svarb\u016bs statybose, kasyboje ir mi\u0161kininkyst\u0117je. Vienas i\u0161 pagrindini\u0173 komponent\u0173, u\u017etikrinan\u010di\u0173 efektyv\u0173 j\u0173 veikim\u0105, yra svyruoklinis guolis. \u0160iame straipsnyje nagrin\u0117jama ekskavatori\u0173 svyruoklini\u0173 guoli\u0173 svarba, sandara, tipai, prie\u017ei\u016bra ir da\u017eniausiai pasitaikan\u010dios problemos.\r\n<h3 class=\"wp-block-heading\"><\/h3>\r\n\r\n<h2 class=\"wp-block-heading\">Supratimas apie ekskavatori\u0173 svyruoklinius guolius<\/h2>\r\n<h3 class=\"wp-block-heading\"><\/h3>\r\n\r\n\r\nEkskavatoriaus svyruoklinis guolis, dar vadinamas pasukamuoju \u017eiedu, pasukamuoju guoliu, leid\u017eia vir\u0161utinei konstrukcijai suktis 360 laipsni\u0173 kampu. \u0160is sukimasis labai svarbus kasant, perve\u017eant ir i\u0161kraunant med\u017eiagas. Guolis i\u0161laiko a\u0161ines, radialines ir momentines apkrovas, tod\u0117l yra labai svarbus ma\u0161inai.\r\n<h3 class=\"wp-block-heading\"><\/h3>\r\n\r\n<h2 class=\"wp-block-heading\">Ekskavatoriaus svyruoklinio guolio konstrukcija<\/h2>\r\n<h3 class=\"wp-block-heading\"><\/h3>\r\n\r\n\r\nEkskavatoriaus pasukam\u0105j\u012f guol\u012f sudaro:\r\n<h3 class=\"wp-block-heading\"><\/h3>\r\n\r\n<ul class=\"wp-block-list\">\r\n \t<li style=\"list-style-type: none;\">\r\n<ul>\r\n \t<li>Vidiniai ir i\u0161oriniai \u017eiedai: Pagaminti i\u0161 didelio atsparumo plieno, kad atlaikyt\u0173 dideles apkrovas.<\/li>\r\n<\/ul>\r\n<\/li>\r\n<\/ul>\r\n\r\n<ul>\r\n \t<li style=\"list-style-type: none;\">\r\n<ul>\r\n \t<li>Ried\u0117jimo elementai: Rutuliukai arba ritin\u0117liai, kurie palengvina skland\u0173 sukim\u0105si.<\/li>\r\n<\/ul>\r\n<\/li>\r\n<\/ul>\r\n\r\n<ul>\r\n \t<li style=\"list-style-type: none;\">\r\n<ul>\r\n \t<li>Narvai: Ried\u0117jimo elementai turi b\u016bti i\u0161d\u0117styti vienodais atstumais.<\/li>\r\n<\/ul>\r\n<\/li>\r\n<\/ul>\r\n\r\n<ul>\r\n \t<li style=\"list-style-type: none;\">\r\n<ul>\r\n \t<li>Sandarikliai: Apsaugokite guol\u012f nuo purvo, vandens ir \u0161iuk\u0161li\u0173.<\/li>\r\n<\/ul>\r\n<\/li>\r\n<\/ul>\r\n\r\n<h3 class=\"wp-block-heading\"><\/h3>\r\n\r\n<h2 class=\"wp-block-heading\">Ekskavatori\u0173 pasukam\u0173j\u0173 guoli\u0173 tipai<\/h2>\r\n<h3 class=\"wp-block-heading\"><\/h3>\r\n\r\n<h4 class=\"wp-block-heading\">Pasukamieji guoliai b\u016bna \u012fvairi\u0173 konstrukcij\u0173:<\/h4>\r\n<h3 class=\"wp-block-heading\"><\/h3>\r\n\r\n<ul class=\"wp-block-list\">\r\n \t<li style=\"list-style-type: none;\">\r\n<ul>\r\n \t<li>Vienos eil\u0117s rutuliniai guoliai: subalansuota apkrova ir sukimosi greitis.<\/li>\r\n<\/ul>\r\n<\/li>\r\n<\/ul>\r\n\r\n<ul>\r\n \t<li style=\"list-style-type: none;\">\r\n<ul>\r\n \t<li>Dviej\u0173 eili\u0173 rutuliniai guoliai: Didesni guoliai: u\u017etikrina didesn\u0119 apkrov\u0105 didesniems ekskavatoriams.<\/li>\r\n<\/ul>\r\n<\/li>\r\n<\/ul>\r\n\r\n<ul>\r\n \t<li style=\"list-style-type: none;\">\r\n<ul>\r\n \t<li>Kry\u017eminiai ritininiai guoliai: Atlaiko dideles a\u0161ines ir radialines apkrovas vienu metu.<\/li>\r\n<\/ul>\r\n<\/li>\r\n<\/ul>\r\n\r\n<ul>\r\n \t<li style=\"list-style-type: none;\">\r\n<ul>\r\n \t<li>Trij\u0173 eili\u0173 ritininiai guoliai: Si\u016blo did\u017eiausi\u0105 apkrovos gali\u0105 tvirtiems ekskavatoriams.<\/li>\r\n<\/ul>\r\n<\/li>\r\n<\/ul>\r\n\r\n<h3 class=\"wp-block-heading\"><\/h3>\r\n\r\n<h2 class=\"wp-block-heading\">Slankiojan\u010di\u0173j\u0173 guoli\u0173 svarba ekskavatoriuose<\/h2>\r\n<h3 class=\"wp-block-heading\"><\/h3>\r\n\r\n\r\nSukamieji guoliai u\u017etikrina tolyg\u0173 apkrovos pasiskirstym\u0105 ir i\u0161laiko ekskavatoriaus konstrukcijos vientisum\u0105. Juos galima pasukti 360 laipsni\u0173 kampu, tod\u0117l padid\u0117ja darbo efektyvumas u\u017edarose erdv\u0117se. J\u0173 ilgaam\u017ei\u0161kumas suma\u017eina prastov\u0173 laik\u0105 ir technin\u0117s prie\u017ei\u016bros i\u0161laidas.\r\n<h3 class=\"wp-block-heading\"><\/h3>\r\n\r\n<h2 class=\"wp-block-heading\">Ekskavatoriaus pasukam\u0173j\u0173 guoli\u0173 prie\u017ei\u016bra<\/h2>\r\n<h3 class=\"wp-block-heading\"><\/h3>\r\n\r\n<h4 class=\"wp-block-heading\">Tinkama technin\u0117 prie\u017ei\u016bra apima:<\/h4>\r\n<h3 class=\"wp-block-heading\"><\/h3>\r\n\r\n<ul class=\"wp-block-list\">\r\n \t<li style=\"list-style-type: none;\">\r\n<ul>\r\n \t<li>Reguliar\u016bs patikrinimai: Patikrinkite, ar n\u0117ra nusid\u0117v\u0117jimo, korozijos ar pa\u017eeidim\u0173.<\/li>\r\n<\/ul>\r\n<\/li>\r\n<\/ul>\r\n\r\n<ul>\r\n \t<li style=\"list-style-type: none;\">\r\n<ul>\r\n \t<li>Tepimas: Suma\u017einkite trint\u012f ir u\u017ekirskite keli\u0105 nusid\u0117v\u0117jimui.<\/li>\r\n<\/ul>\r\n<\/li>\r\n<\/ul>\r\n\r\n<ul>\r\n \t<li style=\"list-style-type: none;\">\r\n<ul>\r\n \t<li>Sandariklio vientisumas: U\u017etikrinkite, kad plombos b\u016bt\u0173 nepa\u017eeistos, kad b\u016bt\u0173 i\u0161vengta u\u017eter\u0161imo.<\/li>\r\n<\/ul>\r\n<\/li>\r\n<\/ul>\r\n\r\n<ul>\r\n \t<li style=\"list-style-type: none;\">\r\n<ul>\r\n \t<li>Apkrovos valdymas: Venkite per didel\u0117s ekskavatoriaus apkrovos.<\/li>\r\n<\/ul>\r\n<\/li>\r\n<\/ul>\r\n\r\n<ul>\r\n \t<li style=\"list-style-type: none;\">\r\n<ul>\r\n \t<li>Suderinimas: U\u017etikrinkite tinkam\u0105 i\u0161lyginim\u0105, kad i\u0161vengtum\u0117te netolygaus d\u0117v\u0117jimosi.<\/li>\r\n<\/ul>\r\n<\/li>\r\n<\/ul>\r\n\r\n<h3 class=\"wp-block-heading\"><\/h3>\r\n\r\n<h3 class=\"wp-block-heading\">Da\u017eniausiai pasitaikan\u010dios problemos, susijusios su svyruokliniais guoliais<\/h3>\r\n<h3 class=\"wp-block-heading\"><\/h3>\r\n\r\n\r\nDa\u017eniausiai pasitaikan\u010dios problemos yra \u0161ios:\r\n<h3 class=\"wp-block-heading\"><\/h3>\r\n\r\n<ul class=\"wp-block-list\">\r\n \t<li style=\"list-style-type: none;\">\r\n<ul>\r\n \t<li>Nusid\u0117v\u0117jimas: D\u0117l nuolatinio darbo ir dideli\u0173 apkrov\u0173.<\/li>\r\n<\/ul>\r\n<\/li>\r\n<\/ul>\r\n\r\n<ul>\r\n \t<li style=\"list-style-type: none;\">\r\n<ul>\r\n \t<li>U\u017eter\u0161tumas: \u012e guol\u012f patek\u0119 ne\u0161varumai, vanduo ir \u0161iuk\u0161l\u0117s.<\/li>\r\n<\/ul>\r\n<\/li>\r\n<\/ul>\r\n\r\n<ul>\r\n \t<li style=\"list-style-type: none;\">\r\n<ul>\r\n \t<li>Korozija: D\u0117l dr\u0117gm\u0117s ir at\u0161iauri\u0173 s\u0105lyg\u0173.<\/li>\r\n<\/ul>\r\n<\/li>\r\n<\/ul>\r\n\r\n<ul>\r\n \t<li style=\"list-style-type: none;\">\r\n<ul>\r\n \t<li>Neteisingas suderinimas: D\u0117l netinkamo montavimo ar konstrukcijos problem\u0173.\r\n\r\n<div id=\"attachment_3345\" style=\"width: 1071px\" class=\"wp-caption alignnone\"><img decoding=\"async\" aria-describedby=\"caption-attachment-3345\" class=\"wp-image-3345 size-full\" src=\"https:\/\/swingbearing.net\/wp-content\/uploads\/2024\/05\/115.jpg\" alt=\"ekskavatoriaus svyruoklinis guolis\" width=\"1061\" height=\"865\" srcset=\"https:\/\/swingbearing.net\/wp-content\/uploads\/2024\/05\/115.jpg 1061w, https:\/\/swingbearing.net\/wp-content\/uploads\/2024\/05\/115-300x245.jpg 300w, https:\/\/swingbearing.net\/wp-content\/uploads\/2024\/05\/115-1024x835.jpg 1024w, https:\/\/swingbearing.net\/wp-content\/uploads\/2024\/05\/115-768x626.jpg 768w, https:\/\/swingbearing.net\/wp-content\/uploads\/2024\/05\/115-15x12.jpg 15w, https:\/\/swingbearing.net\/wp-content\/uploads\/2024\/05\/115-600x489.jpg 600w\" sizes=\"(max-width: 1061px) 100vw, 1061px\" \/><p id=\"caption-attachment-3345\" class=\"wp-caption-text\">ekskavatoriaus svyruoklinis guolis<\/p><\/div><\/li>\r\n<\/ul>\r\n<\/li>\r\n<\/ul>\r\n\r\n<h3 class=\"wp-block-heading\"><\/h3>\r\n\r\n<h2 class=\"wp-block-heading\">I\u0161vada<\/h2>\r\n<h3 class=\"wp-block-heading\"><\/h3>\r\n\r\n\r\nEkskavatori\u0173 svyruokliniai guoliai yra labai svarb\u016bs ekskavatori\u0173 funkcionalumui ir efektyvumui. Norint u\u017etikrinti optimal\u0173 veikim\u0105, b\u016btina suprasti j\u0173 sandar\u0105, tipus, svarb\u0105, prie\u017ei\u016br\u0105 ir da\u017eniausiai pasitaikan\u010dias problemas. Tinkama technin\u0117 prie\u017ei\u016bra ir savalaikis problem\u0173 sprendimas gali pailginti \u0161i\u0173 guoli\u0173 tarnavimo laik\u0105 ir padidinti j\u0173 patikimum\u0105, taip padidinant na\u0161um\u0105.","protected":false},"excerpt":{"rendered":"<p><strong><b>Dalis<\/b><\/strong> #: 140109-00045<br \/>\n<strong><b>Pasidarykite<\/b><\/strong>:Doosan<br \/>\n<strong><b>Modelis<\/b><\/strong>: 225NLC-V<br \/>\n<strong><b>B\u016bkl\u0117<\/b><\/strong>: Naujas<\/p>","protected":false},"featured_media":2863,"template":"","meta":[],"product_brand":[],"product_cat":[69],"product_tag":[78],"class_list":{"0":"post-4083","1":"product","2":"type-product","3":"status-publish","4":"has-post-thumbnail","6":"product_cat-doosan-excavator-swing-bearing","7":"product_tag-swing-circle","9":"first","10":"instock","11":"shipping-taxable","12":"product-type-simple"},"_links":{"self":[{"href":"https:\/\/swingbearing.net\/lt\/wp-json\/wp\/v2\/product\/4083","targetHints":{"allow":["GET"]}}],"collection":[{"href":"https:\/\/swingbearing.net\/lt\/wp-json\/wp\/v2\/product"}],"about":[{"href":"https:\/\/swingbearing.net\/lt\/wp-json\/wp\/v2\/types\/product"}],"wp:featuredmedia":[{"embeddable":true,"href":"https:\/\/swingbearing.net\/lt\/wp-json\/wp\/v2\/media\/2863"}],"wp:attachment":[{"href":"https:\/\/swingbearing.net\/lt\/wp-json\/wp\/v2\/media?parent=4083"}],"wp:term":[{"taxonomy":"product_brand","embeddable":true,"href":"https:\/\/swingbearing.net\/lt\/wp-json\/wp\/v2\/product_brand?post=4083"},{"taxonomy":"product_cat","embeddable":true,"href":"https:\/\/swingbearing.net\/lt\/wp-json\/wp\/v2\/product_cat?post=4083"},{"taxonomy":"product_tag","embeddable":true,"href":"https:\/\/swingbearing.net\/lt\/wp-json\/wp\/v2\/product_tag?post=4083"}],"curies":[{"name":"wp","href":"https:\/\/api.w.org\/{rel}","templated":true}]}}