{"id":3958,"date":"2024-06-05T08:37:38","date_gmt":"2024-06-05T08:37:38","guid":{"rendered":"https:\/\/swingbearing.net\/product\/volvo-swing-bearing-ec360blc-14563350-slewing-ring-bearing\/"},"modified":"2024-06-05T15:43:17","modified_gmt":"2024-06-05T15:43:17","slug":"volvo-swing-bearing-ec360blc-14563350-slewing-ring-bearing","status":"publish","type":"product","link":"https:\/\/swingbearing.net\/lt\/product\/volvo-swing-bearing-ec360blc-14563350-slewing-ring-bearing\/","title":{"rendered":"Swing Bearing 14563350 for VOLVO  EC360BLC"},"content":{"rendered":"<h2 style=\"text-align: center;\">VOLVO svyruoklinio guolio keitimas<\/h2>\r\n<figure class=\"wp-block-table\" style=\"font-size: 12px;\">\r\n<table>\r\n<tbody>\r\n<tr>\r\n<td>Ekskavatoriaus modelio numeris<\/td>\r\n<td>Dalies numeris<\/td>\r\n<td>Ekskavatoriaus modelio numeris<\/td>\r\n<td>Dalies numeris<\/td>\r\n<\/tr>\r\n<tr>\r\n<td>EC160B EC180B\/C\/D<\/td>\r\n<td>14577175<\/td>\r\n<td>EC210LC<\/td>\r\n<td>1155-00061<\/td>\r\n<\/tr>\r\n<tr>\r\n<td>EC160B EC180B\/C\/D<\/td>\r\n<td>14577176<\/td>\r\n<td>EC210LC<\/td>\r\n<td>14563328<\/td>\r\n<\/tr>\r\n<tr>\r\n<td>EC160B EC180B\/C\/D<\/td>\r\n<td>14563341<\/td>\r\n<td>EC240BLC<\/td>\r\n<td>14575267<\/td>\r\n<\/tr>\r\n<tr>\r\n<td>EC160B EC180B\/C\/D<\/td>\r\n<td>14563342<\/td>\r\n<td>EC240BLC<\/td>\r\n<td>14563334<\/td>\r\n<\/tr>\r\n<tr>\r\n<td>EC140 CLM<\/td>\r\n<td>14563340<\/td>\r\n<td>EC240BLC<\/td>\r\n<td>SA1155-00040<\/td>\r\n<\/tr>\r\n<tr>\r\n<td>EC140B LC<\/td>\r\n<td>Serijinis numeris-V20400<\/td>\r\n<td>EC240BNLC<\/td>\r\n<td>14520572<\/td>\r\n<\/tr>\r\n<tr>\r\n<td>EC140CL<\/td>\r\n<td>SA1055-01461<\/td>\r\n<td>EC290<\/td>\r\n<td>14570794<\/td>\r\n<\/tr>\r\n<tr>\r\n<td>EC140CL<\/td>\r\n<td>VOE14520561<\/td>\r\n<td>EC290BLC<\/td>\r\n<td>14563335<\/td>\r\n<\/tr>\r\n<tr>\r\n<td>EC180B LC<\/td>\r\n<td>VOE14520569<\/td>\r\n<td>EC290B<\/td>\r\n<td>14563335<\/td>\r\n<\/tr>\r\n<tr>\r\n<td>EC210<\/td>\r\n<td>SA1155-00061<\/td>\r\n<td>EC290B<\/td>\r\n<td>14520573<\/td>\r\n<\/tr>\r\n<tr>\r\n<td>EC210BLC<\/td>\r\n<td>14563343<\/td>\r\n<td>EX300-3C<\/td>\r\n<td>9112188<\/td>\r\n<\/tr>\r\n<tr>\r\n<td>EC210BLC<\/td>\r\n<td>14647522<\/td>\r\n<td>EC360BLC<\/td>\r\n<td>14563350<\/td>\r\n<\/tr>\r\n<tr>\r\n<td>EC210 2005 M.<\/td>\r\n<td>EC210V13948<\/td>\r\n<td>EC390<\/td>\r\n<td>14647527<\/td>\r\n<\/tr>\r\n<tr>\r\n<td>EC210B<\/td>\r\n<td>14563327<\/td>\r\n<td>EC460BLC<\/td>\r\n<td>14507709<\/td>\r\n<\/tr>\r\n<tr>\r\n<td>EC210B<\/td>\r\n<td>14505766<\/td>\r\n<td>EC460<\/td>\r\n<td>14559204<\/td>\r\n<\/tr>\r\n<tr>\r\n<td>EC210BLC<\/td>\r\n<td>14577178<\/td>\r\n<td>EC480DL<\/td>\r\n<td>14559204<\/td>\r\n<\/tr>\r\n<tr>\r\n<td>EC210<\/td>\r\n<td>14647523<\/td>\r\n<td>EC700BLC<\/td>\r\n<td>14559205<\/td>\r\n<\/tr>\r\n<tr>\r\n<td>EC210BNC<\/td>\r\n<td>14530323<\/td>\r\n<td>\u00a0<\/td>\r\n<td>\u00a0<\/td>\r\n<\/tr>\r\n<\/tbody>\r\n<\/table>\r\n<p><img decoding=\"async\" class=\"alignnone wp-image-2788 size-full\" src=\"https:\/\/swingbearing.net\/wp-content\/uploads\/2024\/05\/777.jpg\" alt=\"pasukamieji \u017eiediniai guoliai\" width=\"1980\" height=\"700\" srcset=\"https:\/\/swingbearing.net\/wp-content\/uploads\/2024\/05\/777.jpg 1980w, https:\/\/swingbearing.net\/wp-content\/uploads\/2024\/05\/777-300x106.jpg 300w, https:\/\/swingbearing.net\/wp-content\/uploads\/2024\/05\/777-1024x362.jpg 1024w, https:\/\/swingbearing.net\/wp-content\/uploads\/2024\/05\/777-768x272.jpg 768w, https:\/\/swingbearing.net\/wp-content\/uploads\/2024\/05\/777-1536x543.jpg 1536w, https:\/\/swingbearing.net\/wp-content\/uploads\/2024\/05\/777-18x6.jpg 18w, https:\/\/swingbearing.net\/wp-content\/uploads\/2024\/05\/777-600x212.jpg 600w\" sizes=\"(max-width: 1980px) 100vw, 1980px\" \/><\/p>\r\n<p>&nbsp;<\/p>\r\n<\/figure>\r\n\r\n<p><\/p>\r\n<h3 class=\"wp-block-heading\"><\/h3>\r\n<p>Ekskavatoriai yra labai svarb\u016bs statybose, kasyboje ir mi\u0161kininkyst\u0117je. Vienas i\u0161 pagrindini\u0173 komponent\u0173, u\u017etikrinan\u010di\u0173 efektyv\u0173 j\u0173 veikim\u0105, yra svyruoklinis guolis. \u0160iame straipsnyje nagrin\u0117jama ekskavatori\u0173 svyruoklini\u0173 guoli\u0173 svarba, sandara, tipai, prie\u017ei\u016bra ir da\u017eniausiai pasitaikan\u010dios problemos.<\/p>\r\n<h3 class=\"wp-block-heading\">\r\n\r\n<\/h3>\r\n<h2 class=\"wp-block-heading\">Supratimas apie ekskavatori\u0173 svyruoklinius guolius<\/h2>\r\n<h3 class=\"wp-block-heading\">\r\n\r\n<\/h3>\r\n<p>Ekskavatoriaus svyruoklinis guolis, dar vadinamas pasukamuoju \u017eiedu, pasukamuoju guoliu, leid\u017eia vir\u0161utinei konstrukcijai suktis 360 laipsni\u0173 kampu. \u0160is sukimasis labai svarbus kasant, perve\u017eant ir i\u0161kraunant med\u017eiagas. Guolis i\u0161laiko a\u0161ines, radialines ir momentines apkrovas, tod\u0117l yra labai svarbus ma\u0161inai.<\/p>\r\n<h3 class=\"wp-block-heading\">\r\n\r\n<\/h3>\r\n<h2 class=\"wp-block-heading\">Ekskavatoriaus svyruoklinio guolio konstrukcija<\/h2>\r\n<h3 class=\"wp-block-heading\">\r\n\r\n<\/h3>\r\n<p>Ekskavatoriaus pasukam\u0105j\u012f guol\u012f sudaro:<\/p>\r\n<h3 class=\"wp-block-heading\">\r\n\r\n<\/h3>\r\n<ul class=\"wp-block-list\">\r\n<li>Vidiniai ir i\u0161oriniai \u017eiedai: Pagaminti i\u0161 didelio atsparumo plieno, kad atlaikyt\u0173 dideles apkrovas.<\/li>\r\n\r\n\r\n\r\n<li>Ried\u0117jimo elementai: Rutuliukai arba ritin\u0117liai, kurie palengvina skland\u0173 sukim\u0105si.<\/li>\r\n\r\n\r\n\r\n<li>Narvai: Ried\u0117jimo elementai turi b\u016bti i\u0161d\u0117styti vienodais atstumais.<\/li>\r\n\r\n\r\n\r\n<li>Sandarikliai: Apsaugokite guol\u012f nuo purvo, vandens ir \u0161iuk\u0161li\u0173.<\/li>\r\n<\/ul>\r\n<h3 class=\"wp-block-heading\">\r\n\r\n<\/h3>\r\n<h2 class=\"wp-block-heading\">Ekskavatori\u0173 pasukam\u0173j\u0173 guoli\u0173 tipai<\/h2>\r\n<h3 class=\"wp-block-heading\">\r\n\r\n<\/h3>\r\n<h4 class=\"wp-block-heading\">Pasukamieji guoliai b\u016bna \u012fvairi\u0173 konstrukcij\u0173:<\/h4>\r\n<h3 class=\"wp-block-heading\">\r\n\r\n<\/h3>\r\n<ul class=\"wp-block-list\">\r\n<li>Vienos eil\u0117s rutuliniai guoliai: subalansuota apkrova ir sukimosi greitis.<\/li>\r\n\r\n\r\n\r\n<li>Dviej\u0173 eili\u0173 rutuliniai guoliai: Didesni guoliai: u\u017etikrina didesn\u0119 apkrov\u0105 didesniems ekskavatoriams.<\/li>\r\n\r\n\r\n\r\n<li>Kry\u017eminiai ritininiai guoliai: Atlaiko dideles a\u0161ines ir radialines apkrovas vienu metu.<\/li>\r\n\r\n\r\n\r\n<li>Trij\u0173 eili\u0173 ritininiai guoliai: Si\u016blo did\u017eiausi\u0105 apkrovos gali\u0105 tvirtiems ekskavatoriams.<\/li>\r\n<\/ul>\r\n<h3 class=\"wp-block-heading\">\r\n\r\n<\/h3>\r\n<h2 class=\"wp-block-heading\">Slankiojan\u010di\u0173j\u0173 guoli\u0173 svarba ekskavatoriuose<\/h2>\r\n<h3 class=\"wp-block-heading\">\r\n\r\n<\/h3>\r\n<p>Pasukamieji guoliai u\u017etikrina tolyg\u0173 apkrovos pasiskirstym\u0105 ir i\u0161laiko ekskavatoriaus konstrukcijos vientisum\u0105. Juos galima pasukti 360 laipsni\u0173 kampu, tod\u0117l padid\u0117ja darbo efektyvumas u\u017edarose erdv\u0117se. J\u0173 ilgaam\u017ei\u0161kumas suma\u017eina prastov\u0173 laik\u0105 ir technin\u0117s prie\u017ei\u016bros i\u0161laidas.<\/p>\r\n<h3 class=\"wp-block-heading\">\r\n\r\n<\/h3>\r\n<h2 class=\"wp-block-heading\">Ekskavatoriaus pasukam\u0173j\u0173 guoli\u0173 prie\u017ei\u016bra<\/h2>\r\n<h3 class=\"wp-block-heading\">\r\n\r\n<\/h3>\r\n<h4 class=\"wp-block-heading\">Tinkama technin\u0117 prie\u017ei\u016bra apima:<\/h4>\r\n<h3 class=\"wp-block-heading\">\r\n\r\n<\/h3>\r\n<ul class=\"wp-block-list\">\r\n<li>Reguliar\u016bs patikrinimai: Patikrinkite, ar n\u0117ra nusid\u0117v\u0117jimo, korozijos ar pa\u017eeidim\u0173.<\/li>\r\n\r\n\r\n\r\n<li>Tepimas: Suma\u017einkite trint\u012f ir u\u017ekirskite keli\u0105 nusid\u0117v\u0117jimui.<\/li>\r\n\r\n\r\n\r\n<li>Sandariklio vientisumas: U\u017etikrinkite, kad plombos b\u016bt\u0173 nepa\u017eeistos, kad b\u016bt\u0173 i\u0161vengta u\u017eter\u0161imo.<\/li>\r\n\r\n\r\n\r\n<li>Apkrovos valdymas: Venkite per didel\u0117s ekskavatoriaus apkrovos.<\/li>\r\n\r\n\r\n\r\n<li>Suderinimas: U\u017etikrinkite tinkam\u0105 i\u0161lyginim\u0105, kad i\u0161vengtum\u0117te netolygaus d\u0117v\u0117jimosi.<\/li>\r\n<\/ul>\r\n<h3 class=\"wp-block-heading\">\r\n\r\n<\/h3>\r\n<h3 class=\"wp-block-heading\">Da\u017eniausiai pasitaikan\u010dios problemos, susijusios su svyruokliniais guoliais<\/h3>\r\n<h3 class=\"wp-block-heading\">\r\n\r\n<\/h3>\r\n<p>Da\u017eniausiai pasitaikan\u010dios problemos yra \u0161ios:<\/p>\r\n<h3 class=\"wp-block-heading\">\r\n\r\n<\/h3>\r\n<ul class=\"wp-block-list\">\r\n<li>Nusid\u0117v\u0117jimas: D\u0117l nuolatinio darbo ir dideli\u0173 apkrov\u0173.<\/li>\r\n\r\n\r\n\r\n<li>U\u017eter\u0161tumas: \u012e guol\u012f patek\u0119 ne\u0161varumai, vanduo ir \u0161iuk\u0161l\u0117s.<\/li>\r\n\r\n\r\n\r\n<li>Korozija: D\u0117l dr\u0117gm\u0117s ir at\u0161iauri\u0173 s\u0105lyg\u0173.<\/li>\r\n\r\n\r\n\r\n<li>Neteisingas suderinimas: D\u0117l netinkamo montavimo ar konstrukcijos problem\u0173.<\/li>\r\n<\/ul>\r\n<h3 class=\"wp-block-heading\">\r\n\r\n<\/h3>\r\n<h2 class=\"wp-block-heading\">I\u0161vada<\/h2>\r\n<h3 class=\"wp-block-heading\">\r\n\r\n<\/h3>\r\n<p><a href=\"https:\/\/swingbearing.net\/lt\/excavator-swing-bearing\/\">Ekskavatoriaus pasukamieji guoliai<\/a> yra labai svarb\u016bs ekskavatori\u0173 funkcionalumui ir efektyvumui. Norint optimaliai dirbti, b\u016btina suprasti j\u0173 sandar\u0105, tipus, svarb\u0105, prie\u017ei\u016br\u0105 ir da\u017eniausiai pasitaikan\u010dias problemas. Tinkama technin\u0117 prie\u017ei\u016bra ir savalaikis problem\u0173 sprendimas gali pailginti \u0161i\u0173 guoli\u0173 tarnavimo laik\u0105 ir padidinti j\u0173 patikimum\u0105, taip padidinant na\u0161um\u0105.<\/p>\r\n<p><\/p>","protected":false},"excerpt":{"rendered":"<p><strong><b>Dalis<\/b><\/strong> #: 14563350 <br \/><strong><b>Pasidarykite<\/b><\/strong>: VOLVO<br \/><strong><b>Modelis<\/b><\/strong>:EC360BLC<br \/><strong><b>B\u016bkl\u0117<\/b><\/strong>: Naujas<\/p>","protected":false},"featured_media":2929,"template":"","meta":[],"product_brand":[],"product_cat":[68],"product_tag":[],"class_list":{"0":"post-3958","1":"product","2":"type-product","3":"status-publish","4":"has-post-thumbnail","6":"product_cat-volvo-excavator-swing-bearing","8":"first","9":"instock","10":"shipping-taxable","11":"product-type-simple"},"_links":{"self":[{"href":"https:\/\/swingbearing.net\/lt\/wp-json\/wp\/v2\/product\/3958","targetHints":{"allow":["GET"]}}],"collection":[{"href":"https:\/\/swingbearing.net\/lt\/wp-json\/wp\/v2\/product"}],"about":[{"href":"https:\/\/swingbearing.net\/lt\/wp-json\/wp\/v2\/types\/product"}],"wp:featuredmedia":[{"embeddable":true,"href":"https:\/\/swingbearing.net\/lt\/wp-json\/wp\/v2\/media\/2929"}],"wp:attachment":[{"href":"https:\/\/swingbearing.net\/lt\/wp-json\/wp\/v2\/media?parent=3958"}],"wp:term":[{"taxonomy":"product_brand","embeddable":true,"href":"https:\/\/swingbearing.net\/lt\/wp-json\/wp\/v2\/product_brand?post=3958"},{"taxonomy":"product_cat","embeddable":true,"href":"https:\/\/swingbearing.net\/lt\/wp-json\/wp\/v2\/product_cat?post=3958"},{"taxonomy":"product_tag","embeddable":true,"href":"https:\/\/swingbearing.net\/lt\/wp-json\/wp\/v2\/product_tag?post=3958"}],"curies":[{"name":"wp","href":"https:\/\/api.w.org\/{rel}","templated":true}]}}