{"id":3380,"date":"2024-05-27T09:08:19","date_gmt":"2024-05-27T09:08:19","guid":{"rendered":"https:\/\/swingbearing.net\/product\/hyundai-r290lc-excavator-swing-bearing-7a-4921797-slewing-ring\/"},"modified":"2024-05-28T04:09:57","modified_gmt":"2024-05-28T04:09:57","slug":"hyundai-r290lc-excavator-swing-bearing-7a-4921797-slewing-ring","status":"publish","type":"product","link":"https:\/\/swingbearing.net\/lt\/product\/hyundai-r290lc-excavator-swing-bearing-7a-4921797-slewing-ring\/","title":{"rendered":"HYUNDAI R290LC s\u016bpuoklinis guolis 7A 4921797"},"content":{"rendered":"<h2 style=\"text-align: center;\">HYUNDAI svyruoklinio guolio parametrai<\/h2>\n<div class=\"bde-rich-text-243-405 bde-rich-text breakdance-rich-text-styles\">\n<figure class=\"wp-block-table\">\n<table>\n<tbody>\n<tr>\n<td>Modelis<\/td>\n<td>Dalies numeris<\/td>\n<td>I\u0161orinis skersmuo<\/td>\n<td>Vidinis skersmuo<\/td>\n<td>Bendras auk\u0161tis<\/td>\n<td>I\u0161orinis auk\u0161tis<\/td>\n<td>Vidinis auk\u0161tis<\/td>\n<td>I\u0161orin\u0117s skyl\u0117s parametrai<\/td>\n<td>Vidin\u0117s skyl\u0117s parametrai<\/td>\n<td>Dant\u0173 skai\u010dius<\/td>\n<\/tr>\n<tr>\n<td>R140LC-7<\/td>\n<td>81N4-01020<\/td>\n<td>1196<\/td>\n<td>963<\/td>\n<td>90<\/td>\n<td>79<\/td>\n<td>80<\/td>\n<td>36-\u03c619<\/td>\n<td>36-M16*1.5<\/td>\n<td>98<\/td>\n<\/tr>\n<tr>\n<td>R210LC-3<\/td>\n<td>81EM-00020<\/td>\n<td>1202<\/td>\n<td>945<\/td>\n<td>84<\/td>\n<td>75<\/td>\n<td>70<\/td>\n<td>36<\/td>\n<td>36<\/td>\n<td>80<\/td>\n<\/tr>\n<tr>\n<td>R170W-7<\/td>\n<td>81EM-00021<\/td>\n<td>1202<\/td>\n<td>947<\/td>\n<td>83<\/td>\n<td>75<\/td>\n<td>70<\/td>\n<td>36-\u03c622<\/td>\n<td>36-M20*1.5<\/td>\n<td>80<\/td>\n<\/tr>\n<tr>\n<td>R180W-9S<\/td>\n<td>81EM-00021GG<\/td>\n<td>1202<\/td>\n<td>947<\/td>\n<td>83<\/td>\n<td>75<\/td>\n<td>70<\/td>\n<td>36-\u03c622<\/td>\n<td>36-M20*1.5<\/td>\n<td>80<\/td>\n<\/tr>\n<tr>\n<td>R200W-7<\/td>\n<td>81EM-00021GG<\/td>\n<td>1327<\/td>\n<td>1083<\/td>\n<td>110<\/td>\n<td>89<\/td>\n<td>94<\/td>\n<td>30-\u03c622<\/td>\n<td>36-M20<\/td>\n<td>92<\/td>\n<\/tr>\n<tr>\n<td>R210-7<\/td>\n<td>81N6-00023BG<\/td>\n<td>1327<\/td>\n<td>1084<\/td>\n<td>110<\/td>\n<td>89<\/td>\n<td>94<\/td>\n<td>30-\u03c622<\/td>\n<td>36-M20<\/td>\n<td>92<\/td>\n<\/tr>\n<tr>\n<td>R210LC-7<\/td>\n<td>81N6-01020<\/td>\n<td>1326<\/td>\n<td>1084<\/td>\n<td>110<\/td>\n<td>89<\/td>\n<td>94<\/td>\n<td>30-\u03c622<\/td>\n<td>36-M20<\/td>\n<td>92<\/td>\n<\/tr>\n<tr>\n<td>R210-7<\/td>\n<td>81N6-00022<\/td>\n<td>1326<\/td>\n<td>1084<\/td>\n<td>110<\/td>\n<td>89<\/td>\n<td>94<\/td>\n<td>30-\u03c622<\/td>\n<td>36-M20<\/td>\n<td>92<\/td>\n<\/tr>\n<tr>\n<td>R210-7<\/td>\n<td>81N6-00021<\/td>\n<td>1326<\/td>\n<td>1084<\/td>\n<td>110<\/td>\n<td>89<\/td>\n<td>94<\/td>\n<td>30-\u03c622<\/td>\n<td>36-M20<\/td>\n<td>92<\/td>\n<\/tr>\n<tr>\n<td>R210LC7<\/td>\n<td>31N 812020<\/td>\n<td>1326<\/td>\n<td>1084<\/td>\n<td>110<\/td>\n<td>89<\/td>\n<td>94<\/td>\n<td>30-\u03a622<\/td>\n<td>36-M20<\/td>\n<td>92<\/td>\n<\/tr>\n<tr>\n<td>R210W-9S<\/td>\n<td>81Q5-01020<\/td>\n<td>1327<\/td>\n<td>1083<\/td>\n<td>110<\/td>\n<td>89<\/td>\n<td>94<\/td>\n<td>30-\u03c622<\/td>\n<td>36-M20<\/td>\n<td>92<\/td>\n<\/tr>\n<tr>\n<td>R210W-9S<\/td>\n<td>81Q5-01021<\/td>\n<td>1327<\/td>\n<td>1083<\/td>\n<td>110<\/td>\n<td>89<\/td>\n<td>94<\/td>\n<td>30-\u03c622<\/td>\n<td>36-M20<\/td>\n<td>92<\/td>\n<\/tr>\n<tr>\n<td>R220LC-9S<\/td>\n<td>81Q6-00020<\/td>\n<td>1326<\/td>\n<td>1084<\/td>\n<td>110<\/td>\n<td>89<\/td>\n<td>94<\/td>\n<td>30-\u03c622<\/td>\n<td>36-M20<\/td>\n<td>92<\/td>\n<\/tr>\n<tr>\n<td>R220LC-9S<\/td>\n<td>81Q6-01020<\/td>\n<td>1326<\/td>\n<td>1084<\/td>\n<td>110<\/td>\n<td>89<\/td>\n<td>94<\/td>\n<td>30-\u03c622<\/td>\n<td>36-M20<\/td>\n<td>92<\/td>\n<\/tr>\n<tr>\n<td>R220LC-9S<\/td>\n<td>81Q6-01021<\/td>\n<td>1326<\/td>\n<td>1084<\/td>\n<td>110<\/td>\n<td>89<\/td>\n<td>94<\/td>\n<td>30-\u03c622<\/td>\n<td>36-M20<\/td>\n<td>92<\/td>\n<\/tr>\n<tr>\n<td>R220LC-9S<\/td>\n<td>81Q6-00021<\/td>\n<td>1326<\/td>\n<td>1084<\/td>\n<td>110<\/td>\n<td>89<\/td>\n<td>94<\/td>\n<td>30-\u03c622<\/td>\n<td>36-M20<\/td>\n<td>92<\/td>\n<\/tr>\n<tr>\n<td>R250LC-7<\/td>\n<td>81EN-00052<\/td>\n<td>1410<\/td>\n<td>1131<\/td>\n<td>120<\/td>\n<td>88<\/td>\n<td>110<\/td>\n<td>34-\u03c623<\/td>\n<td>36-M20<\/td>\n<td>82<\/td>\n<\/tr>\n<tr>\n<td>290LC-7<\/td>\n<td>81N8-0003<\/td>\n<td>1526<\/td>\n<td>1235<\/td>\n<td>123<\/td>\n<td>97<\/td>\n<td>110<\/td>\n<td>38-\u03c626<\/td>\n<td>40-M24<\/td>\n<td>90<\/td>\n<\/tr>\n<tr>\n<td>R290<\/td>\n<td>81N8-00021<\/td>\n<td>1526<\/td>\n<td>1235<\/td>\n<td>122<\/td>\n<td>87<\/td>\n<td>110<\/td>\n<td>37-\u042426<\/td>\n<td>40-M24<\/td>\n<td>90<\/td>\n<\/tr>\n<tr>\n<td>R290<\/td>\n<td>81N8-00022<\/td>\n<td>1526<\/td>\n<td>1235<\/td>\n<td>122<\/td>\n<td>87<\/td>\n<td>110<\/td>\n<td>37-\u042426<\/td>\n<td>40-M24<\/td>\n<td>90<\/td>\n<\/tr>\n<tr>\n<td>R290LC 7A<\/td>\n<td>4921797<\/td>\n<td>1526<\/td>\n<td>1235<\/td>\n<td>123<\/td>\n<td>97<\/td>\n<td>110<\/td>\n<td>38-\u03c626<\/td>\n<td>40-M24<\/td>\n<td>90<\/td>\n<\/tr>\n<tr>\n<td>R290LC-7<\/td>\n<td>81N8-00023<\/td>\n<td>1526<\/td>\n<td>1235<\/td>\n<td>123<\/td>\n<td>97<\/td>\n<td>110<\/td>\n<td>38-\u03c626<\/td>\n<td>40-M24<\/td>\n<td>90<\/td>\n<\/tr>\n<tr>\n<td>R290LC-7A<\/td>\n<td>81N8-00024GG<\/td>\n<td>1526<\/td>\n<td>1235<\/td>\n<td>122<\/td>\n<td>97<\/td>\n<td>110<\/td>\n<td>38-\u03c626<\/td>\n<td>40-M24<\/td>\n<td>90<\/td>\n<\/tr>\n<tr>\n<td>R320-7<\/td>\n<td>81N9-01020<\/td>\n<td>1526<\/td>\n<td>1235<\/td>\n<td>122<\/td>\n<td>97<\/td>\n<td>110<\/td>\n<td>38-\u042426<\/td>\n<td>40-M24<\/td>\n<td>90<\/td>\n<\/tr>\n<tr>\n<td>R320LC-7<\/td>\n<td>81N9-01021<\/td>\n<td>1526<\/td>\n<td>1235<\/td>\n<td>122<\/td>\n<td>97<\/td>\n<td>110<\/td>\n<td>38-\u042426<\/td>\n<td>40-M24<\/td>\n<td>90<\/td>\n<\/tr>\n<tr>\n<td>R320LC-7<\/td>\n<td>81N9-01022<\/td>\n<td>1526<\/td>\n<td>1235<\/td>\n<td>122<\/td>\n<td>97<\/td>\n<td>110<\/td>\n<td>38-\u042426<\/td>\n<td>40-M24<\/td>\n<td>90<\/td>\n<\/tr>\n<tr>\n<td>R320LC-7<\/td>\n<td>81n9-01022 BG<\/td>\n<td>1526<\/td>\n<td>1235<\/td>\n<td>122<\/td>\n<td>97<\/td>\n<td>110<\/td>\n<td>38-\u042426<\/td>\n<td>40-M24<\/td>\n<td>90<\/td>\n<\/tr>\n<tr>\n<td>R320LC-7<\/td>\n<td>81N9-00021<\/td>\n<td>1526<\/td>\n<td>1235<\/td>\n<td>122<\/td>\n<td>97<\/td>\n<td>110<\/td>\n<td>38<\/td>\n<td>40<\/td>\n<td>90<\/td>\n<\/tr>\n<tr>\n<td>R360LC-7<\/td>\n<td>81NA-01020<\/td>\n<td>1550<\/td>\n<td>1250<\/td>\n<td><\/td>\n<td>108<\/td>\n<td>140<\/td>\n<td>35<\/td>\n<td>40<\/td>\n<td>106<\/td>\n<\/tr>\n<tr>\n<td>R360LC-7<\/td>\n<td>81NA-01022GG<\/td>\n<td>1550<\/td>\n<td>1250<\/td>\n<td>152<\/td>\n<td>108<\/td>\n<td>140<\/td>\n<td>35<\/td>\n<td>40<\/td>\n<td>106<\/td>\n<\/tr>\n<tr>\n<td>R360LC-7A<\/td>\n<td>81NA-01021BG<\/td>\n<td>1550<\/td>\n<td>1250<\/td>\n<td>152<\/td>\n<td>108<\/td>\n<td>140<\/td>\n<td>35<\/td>\n<td>40<\/td>\n<td>106<\/td>\n<\/tr>\n<\/tbody>\n<\/table>\n<\/figure>\n<\/div>\n<h3>\u012evadas apie ekskavatori\u0173 svyruoklinius guolius<\/h3>\n<p>Sunkiosios technikos srityje ekskavatoriai yra nepakei\u010diami \u012frankiai atliekant \u012fvairias statybos ir \u017eem\u0117s kasimo u\u017eduotis. Vienas i\u0161 svarbiausi\u0173 komponent\u0173, lemian\u010di\u0173 j\u0173 i\u0161skirtin\u012f na\u0161um\u0105, yra pasukamasis guolis. \u0160is gyvybi\u0161kai svarbus komponentas atlieka pagrindin\u012f vaidmen\u012f, kad ekskavatoriaus vir\u0161utin\u0117 konstrukcija gal\u0117t\u0173 skland\u017eiai ir efektyviai suktis.<\/p>\n<p>Svyruojantis guolis yra didelis apskritas guolis, esantis ekskavatoriaus vir\u0161utin\u0117s konstrukcijos pagrinde. Jis sudaro ma\u017eos trinties pavir\u0161i\u0173, leid\u017eiant\u012f vir\u0161utinei konstrukcijai laisvai suktis ant apatin\u0117s konstrukcijos. \u0160is sukimasis yra b\u016btinas, kad ekskavatorius gal\u0117t\u0173 atlikti pagrindines funkcijas, pavyzd\u017eiui, kasti, kasti tran\u0161\u0117jas ir krauti med\u017eiagas.<\/p>\n<p>Pasukamojo guolio konstrukcija yra labai svarbi bendram ekskavatoriaus veikimui. Jis turi atlaikyti did\u017eiules apkrovas ir j\u0117gas, kurios susidaro darbo metu. \u0160ios apkrovos apima vir\u0161utin\u0117s konstrukcijos svor\u012f, kasimo j\u0117gas ir inercines j\u0117gas, atsirandan\u010dias greit\u0117jimo ir l\u0117t\u0117jimo metu.<\/p>\n<p>Kad atitikt\u0173 \u0161iuos reikalavimus, svyruokliniai guoliai paprastai gaminami i\u0161 didelio atsparumo med\u017eiag\u0173, pavyzd\u017eiui, kaltinio plieno arba ketaus. Juose taip pat yra kelios eil\u0117s ried\u0117jimo element\u0173, kurie paskirsto apkrov\u0105 ir suma\u017eina trint\u012f. Ried\u0117jimo elementai paprastai gaminami i\u0161 gr\u016bdinto plieno arba keramini\u0173 med\u017eiag\u0173, kad b\u016bt\u0173 u\u017etikrintas patvarumas ir ilgaam\u017ei\u0161kumas.<\/p>\n<p>Norint u\u017etikrinti optimal\u0173 ekskavatoriaus veikim\u0105 ir ilgaam\u017ei\u0161kum\u0105, b\u016btina tinkamai pri\u017ei\u016br\u0117ti svyruoklinius guolius. Reguliarus tepimas yra labai svarbus, kad b\u016bt\u0173 i\u0161vengta susid\u0117v\u0117jimo ir pailgintas guolio tarnavimo laikas. Be to, reik\u0117t\u0173 periodi\u0161kai tikrinti, kad b\u016bt\u0173 nustatyti bet kokie pa\u017eeidimo ar pernelyg didelio susid\u0117v\u0117jimo po\u017eymiai.<\/p>\n<p>Renkantis ekskavatoriaus svyruoklin\u012f guol\u012f, svarbu atsi\u017evelgti \u012f konkre\u010dius naudojimo reikalavimus. Reik\u0117t\u0173 atsi\u017evelgti \u012f tokius veiksnius, kaip ekskavatoriaus dydis, svoris ir numatoma paskirtis. Taip pat patartina pasikonsultuoti su ekskavatoriaus gamintoju arba kvalifikuotu guoli\u0173 tiek\u0117ju, kad b\u016bt\u0173 u\u017etikrintas tinkamas guolio parinkimas ir montavimas.<\/p>\n<p>Apibendrinant galima teigti, kad svyruoklinis guolis yra labai svarbus komponentas, kuris atlieka svarb\u0173 vaidmen\u012f ekskavatori\u0173 na\u0161umui ir efektyvumui. Suprasdami svyruoklini\u0173 guoli\u0173 konstrukcij\u0105, funkcij\u0105 ir technin\u0117s prie\u017ei\u016bros reikalavimus, operatoriai ir technin\u0117s prie\u017ei\u016bros darbuotojai gali u\u017etikrinti, kad j\u0173 ekskavatoriai ilgus metus veikt\u0173 maksimaliu na\u0161umu.<\/p>\n<h4><a href=\"https:\/\/swingbearing.net\/lt\/swing-bearing\/\">\"Hyundai\" svyruoklinis guolis<\/a><\/h4>\n<p>\"Hyundai\" yra gerai \u017einomas statybin\u0117s \u012frangos pramon\u0117s prek\u0117s \u017eenklas, teikiantis kokybi\u0161kas ma\u0161inas ir atsargines ekskavatori\u0173 dalis. \"Hyundai\" ekskavatori\u0173 svyruoklini\u0173 guoli\u0173 gaminys sukurtas taip, kad u\u017etikrint\u0173 ilgaam\u017ei\u0161kum\u0105, tikslum\u0105 ir na\u0161um\u0105, tod\u0117l yra idealus pasirinkimas ekskavatori\u0173 savininkams ir operatoriams.<\/p>\n<p>\"Hyundai\" ekskavatoriaus svyruoklin\u012f guol\u012f galima \u012fsigyti \u012fvairiems ekskavatori\u0173 modeliams, \u012fskaitant R55, R60, R80, R130LC-3-5, R150, R190, R200, R200-5, R210, R215-7\/9, R220, R225LC-7\/9, R245, R260, R265, R290, R290LC-7, R300LC, R305LC, R330LC, R340, R375, R360LC-7, R390, R450LC, R470, R485, R500, R55-5, R60-5, R55-7, R60-7, R70-7, R80, R110LC-7, R130-5, R130-7, R140LC-7, R150LC-7, R150LC-7, R150LC-9, R200W-7, R200, R200-3, R200-5, R210-3, R210-5, R210-5D, R220-3, R220-5, R210-7, R210-9, R215-7, R225-7, R220-9, R225-9, R260-7, R265-7, R290-3, R300-5, R290-7, R305-7, R305-9, R320-7, R300, R350, R400, R450, R480 ir R550.<\/p>","protected":false},"excerpt":{"rendered":"<p><strong><b>Dalis<\/b><\/strong> #: 7A 4921797<br \/>\n<strong><b>Pasidarykite<\/b><\/strong>: HYUNDAI<br \/>\n<strong><b>Modelis<\/b><\/strong>:R290LC<br \/>\n<strong><b>B\u016bkl\u0117<\/b><\/strong>: Naujas<\/p>","protected":false},"featured_media":3038,"template":"","meta":[],"product_brand":[],"product_cat":[66,22],"product_tag":[],"class_list":{"0":"post-3380","1":"product","2":"type-product","3":"status-publish","4":"has-post-thumbnail","6":"product_cat-hyundai-excavator-swing-bearing","7":"product_cat-swing-bearing","9":"first","10":"instock","11":"shipping-taxable","12":"product-type-simple"},"_links":{"self":[{"href":"https:\/\/swingbearing.net\/lt\/wp-json\/wp\/v2\/product\/3380","targetHints":{"allow":["GET"]}}],"collection":[{"href":"https:\/\/swingbearing.net\/lt\/wp-json\/wp\/v2\/product"}],"about":[{"href":"https:\/\/swingbearing.net\/lt\/wp-json\/wp\/v2\/types\/product"}],"wp:featuredmedia":[{"embeddable":true,"href":"https:\/\/swingbearing.net\/lt\/wp-json\/wp\/v2\/media\/3038"}],"wp:attachment":[{"href":"https:\/\/swingbearing.net\/lt\/wp-json\/wp\/v2\/media?parent=3380"}],"wp:term":[{"taxonomy":"product_brand","embeddable":true,"href":"https:\/\/swingbearing.net\/lt\/wp-json\/wp\/v2\/product_brand?post=3380"},{"taxonomy":"product_cat","embeddable":true,"href":"https:\/\/swingbearing.net\/lt\/wp-json\/wp\/v2\/product_cat?post=3380"},{"taxonomy":"product_tag","embeddable":true,"href":"https:\/\/swingbearing.net\/lt\/wp-json\/wp\/v2\/product_tag?post=3380"}],"curies":[{"name":"wp","href":"https:\/\/api.w.org\/{rel}","templated":true}]}}