{"id":329,"date":"2023-09-18T08:26:46","date_gmt":"2023-09-18T08:26:46","guid":{"rendered":"https:\/\/swingbearing.net\/?post_type=product&#038;p=329"},"modified":"2023-11-09T07:09:30","modified_gmt":"2023-11-09T07:09:30","slug":"swing-bearing-komatsu","status":"publish","type":"product","link":"https:\/\/swingbearing.net\/lt\/product\/swing-bearing-komatsu\/","title":{"rendered":"pasukamasis guolis KOMATSU"},"content":{"rendered":"<figure class=\"wp-block-table is-style-stripes has-small-font-size\">\n<table class=\"has-cyan-bluish-white-background-color has-background\">\n<tbody>\n<tr>\n<td width=\"113\"><strong><a href=\"https:\/\/swingbearing.net\/lt\/product\/swing-bearing-cat\/\" target=\"_parent\" rel=\"noopener\">CAT<\/a><\/strong><\/td>\n<td width=\"113\"><strong><a href=\"https:\/\/swingbearing.net\/lt\/product\/swing-bearing-komatsu\/\" rel=\"noopener\">KOMATSU<\/a><\/strong><\/td>\n<td width=\"113\"><strong><a href=\"https:\/\/swingbearing.net\/lt\/product\/swing-bearings-hitachi\/\" rel=\"noopener\">HITACHI<\/a><\/strong><\/td>\n<td width=\"113\"><strong><a href=\"https:\/\/swingbearing.net\/lt\/product\/swing-bearing-kobelco\/\" target=\"_parent\" rel=\"noopener\">KOBELCO<\/a><\/strong><\/td>\n<td width=\"113\"><strong><a href=\"https:\/\/swingbearing.net\/lt\/product\/swing-bearing-hyundai\/\" target=\"_parent\" rel=\"noopener\">HYUNDAI<\/a><\/strong><\/td>\n<\/tr>\n<tr>\n<td width=\"113\"><strong><a href=\"https:\/\/swingbearing.net\/lt\/product\/swing-bearing-doosan\/\" target=\"_parent\" rel=\"noopener\">DOOSAN<\/a><\/strong><\/td>\n<td width=\"113\"><strong><a href=\"https:\/\/swingbearing.net\/lt\/product\/swing-bearing-volvo\/\" target=\"_parent\" rel=\"noopener\">VOLVO<\/a><\/strong><\/td>\n<td width=\"113\"><strong><a href=\"https:\/\/swingbearing.net\/lt\/product\/swing-bearing-jcb\/\" target=\"_parent\" rel=\"noopener\">JCB<\/a><\/strong><\/td>\n<td width=\"113\"><strong><a href=\"https:\/\/swingbearing.net\/lt\/product\/swing-bearing-case\/\" target=\"_parent\" rel=\"noopener\">ATVEJIS<\/a><\/strong><\/td>\n<td width=\"113\"><strong><a href=\"https:\/\/swingbearing.net\/lt\/product\/swing-bearing-liebherr\/\" target=\"_parent\" rel=\"noopener\">LIEBHERR<\/a><\/strong><\/td>\n<\/tr>\n<tr>\n<td width=\"113\"><strong><a href=\"https:\/\/swingbearing.net\/lt\/product\/swing-bearing-liugong\/\" target=\"_parent\" rel=\"noopener\">LIUGONG<\/a><\/strong><\/td>\n<td width=\"113\"><strong><a href=\"https:\/\/swingbearing.net\/lt\/product\/swing-bearings-sany\/\" target=\"_parent\" rel=\"noopener\">SANY<\/a><\/strong><\/td>\n<td width=\"113\"><strong><a href=\"https:\/\/swingbearing.net\/lt\/product\/swing-bearing-yuchai\/\" target=\"_parent\" rel=\"noopener\">YUCHAI<\/a><\/strong><\/td>\n<td width=\"113\"><strong><a href=\"https:\/\/swingbearing.net\/lt\/product\/swing-bearing-xcmg\/\" target=\"_parent\" rel=\"noopener\">XCMG<\/a><\/strong><\/td>\n<td width=\"113\"><strong><a href=\"https:\/\/swingbearing.net\/lt\/product\/swing-bearing-sumitomo\/\" target=\"_parent\" rel=\"noopener\">SUMITOMO<\/a><\/strong><\/td>\n<\/tr>\n<\/tbody>\n<\/table>\n<\/figure>\n<h4 style=\"text-align: center;\">Excavator KOMATSU Swing Bearing<\/h4>\n<figure class=\"wp-block-table is-style-stripes has-small-font-size\">\n<table class=\"has-cyan-bluish-gray-background-color has-background\">\n<tbody>\n<tr>\n<td>Modelis<\/td>\n<td>Dalies numeris<\/td>\n<td>I\u0161orinis skersmuo<\/td>\n<td>Vidinis skersmuo<\/td>\n<td>Bendras auk\u0161tis<\/td>\n<td>I\u0161orinis auk\u0161tis<\/td>\n<td>Vidinis auk\u0161tis<\/td>\n<td>I\u0161orin\u0117s skyl\u0117s parametrai<\/td>\n<td>Vidin\u0117s skyl\u0117s parametrai<\/td>\n<td>Dant\u0173 skai\u010dius<\/td>\n<td>Pavadinimas<\/td>\n<\/tr>\n<tr>\n<td>PC75UU-2<\/td>\n<td>201-25-61100<\/td>\n<td>806<\/td>\n<td>594<\/td>\n<td>74<\/td>\n<td>59<\/td>\n<td>61<\/td>\n<td>24-\u03c618<\/td>\n<td>24-\u03c618<\/td>\n<td>76<\/td>\n<td>\u00a0S\u016bpyn\u0117s guolis<\/td>\n<\/tr>\n<tr>\n<td>PC100-6<\/td>\n<td>203-25-62100<\/td>\n<td>1105.5<\/td>\n<td>883.5<\/td>\n<td>75<\/td>\n<td>65<\/td>\n<td>65<\/td>\n<td>34-\u03c618<\/td>\n<td>38-M16<\/td>\n<td>90<\/td>\n<td><\/td>\n<\/tr>\n<tr>\n<td>PC110R<\/td>\n<td>206-25-11100<\/td>\n<td>1106<\/td>\n<td>884<\/td>\n<td>75<\/td>\n<td>65<\/td>\n<td>64<\/td>\n<td>34-\u03c618<\/td>\n<td>36-M16<\/td>\n<td>90<\/td>\n<td>\u00a0Pasukamasis \u017eiedas<\/td>\n<\/tr>\n<tr>\n<td>PC120-6<\/td>\n<td>203-25-62100<\/td>\n<td>1105.5<\/td>\n<td>883.5<\/td>\n<td>75<\/td>\n<td>65<\/td>\n<td>65<\/td>\n<td>34-\u03c618<\/td>\n<td>38-M16<\/td>\n<td>90<\/td>\n<td><\/td>\n<\/tr>\n<tr>\n<td>PC130-7<\/td>\n<td>SAA4D95L<\/td>\n<td>1106<\/td>\n<td>884<\/td>\n<td>75<\/td>\n<td>65<\/td>\n<td>64<\/td>\n<td>34-\u042418<\/td>\n<td>38-M16<\/td>\n<td>110<\/td>\n<td><\/td>\n<\/tr>\n<tr>\n<td>PC150LCK-6<\/td>\n<td>21P-25-K1100<\/td>\n<td>1188<\/td>\n<td>923<\/td>\n<td>83<\/td>\n<td>73<\/td>\n<td>67<\/td>\n<td>26-\u03a622<\/td>\n<td>30-\u042422<\/td>\n<td>94<\/td>\n<td>Swing Bearingg<\/td>\n<\/tr>\n<tr>\n<td>PC160-6K<\/td>\n<td>21P-25-K1100<\/td>\n<td>1188<\/td>\n<td>923<\/td>\n<td>83<\/td>\n<td>73<\/td>\n<td>67<\/td>\n<td>26-\u03a622<\/td>\n<td>30-\u042422<\/td>\n<td>94<\/td>\n<td>\u00a0Pasukamasis \u017eiedas<\/td>\n<\/tr>\n<tr>\n<td>PC160-7<\/td>\n<td>21K-25-00101<\/td>\n<td>1224<\/td>\n<td>973<\/td>\n<td>82<\/td>\n<td>67<\/td>\n<td>74<\/td>\n<td>32-\u03c624<\/td>\n<td>36-M20<\/td>\n<td>99<\/td>\n<td><\/td>\n<\/tr>\n<tr>\n<td>PC200<\/td>\n<td>205-25-00015<\/td>\n<td>1242<\/td>\n<td>916<\/td>\n<td>100<\/td>\n<td>90<\/td>\n<td>90<\/td>\n<td>22<\/td>\n<td>36<\/td>\n<td>78<\/td>\n<td><\/td>\n<\/tr>\n<tr>\n<td>PC210NlC-7K<\/td>\n<td>20Y-25-00301<\/td>\n<td>1323<\/td>\n<td>1074<\/td>\n<td>112<\/td>\n<td>78<\/td>\n<td>102<\/td>\n<td>33-\u042424<\/td>\n<td>36-M22<\/td>\n<td>92<\/td>\n<td>Pasukamasis \u017eiedas<\/td>\n<\/tr>\n<tr>\n<td>PC200-5<\/td>\n<td>20Y-25-11103<\/td>\n<td>1303<\/td>\n<td>1083.5<\/td>\n<td>109<\/td>\n<td>86<\/td>\n<td>90<\/td>\n<td>26-M24<\/td>\n<td>36-M20<\/td>\n<td>110<\/td>\n<td>\u00a0Pasukamasis \u017eiedas<\/td>\n<\/tr>\n<tr>\n<td>PC200-8<\/td>\n<td>206-25-00200<\/td>\n<td>1321<\/td>\n<td>1077<\/td>\n<td>100<\/td>\n<td>77<\/td>\n<td>90<\/td>\n<td>32-\u042424<\/td>\n<td>36-M20<\/td>\n<td>96<\/td>\n<td><\/td>\n<\/tr>\n<tr>\n<td>PC200-6<\/td>\n<td>20Y-25-20200<\/td>\n<td>1322<\/td>\n<td>1083<\/td>\n<td>100<\/td>\n<td>77<\/td>\n<td>90<\/td>\n<td>32-\u042424<\/td>\n<td>36-M20<\/td>\n<td>110<\/td>\n<td>\u00a0Pasukamasis \u017eiedas<\/td>\n<\/tr>\n<tr>\n<td>PC200-6Z<\/td>\n<td>20Y-25-22200<\/td>\n<td>1322<\/td>\n<td>1083.5<\/td>\n<td>99<\/td>\n<td>76<\/td>\n<td>90<\/td>\n<td>32-\u03c624<\/td>\n<td>36-M20<\/td>\n<td>110<\/td>\n<td><\/td>\n<\/tr>\n<tr>\n<td>PC200-6<\/td>\n<td>S6D102-1<\/td>\n<td>1323<\/td>\n<td>1083<\/td>\n<td>100<\/td>\n<td>77<\/td>\n<td>90<\/td>\n<td>32-\u042426<\/td>\n<td>32-M20<\/td>\n<td>92<\/td>\n<td>\u00a0Pasukamasis \u017eiedas<\/td>\n<\/tr>\n<tr>\n<td>PC200-7<\/td>\n<td>20Y-25-21200<\/td>\n<td>1322<\/td>\n<td>1083.5<\/td>\n<td>99<\/td>\n<td>76<\/td>\n<td>90<\/td>\n<td>32-\u03c624<\/td>\n<td>36-M20<\/td>\n<td>110<\/td>\n<td><\/td>\n<\/tr>\n<tr>\n<td>PC220-7<\/td>\n<td>120Y-25-21300<\/td>\n<td>1322<\/td>\n<td>1082<\/td>\n<td>100<\/td>\n<td>76<\/td>\n<td>90<\/td>\n<td>32-\u03c624<\/td>\n<td>36-M20<\/td>\n<td>110<\/td>\n<td>S\u016bpyn\u0117s guolis<\/td>\n<\/tr>\n<tr>\n<td>PC200LC-7<\/td>\n<td>20Y-25-21200<\/td>\n<td>1323<\/td>\n<td>1083<\/td>\n<td>100<\/td>\n<td>77<\/td>\n<td>90<\/td>\n<td>32-\u042426<\/td>\n<td>36-M20<\/td>\n<td>110<\/td>\n<td><\/td>\n<\/tr>\n<tr>\n<td>PC220<\/td>\n<td>205-25-00022<\/td>\n<td>1302<\/td>\n<td>1083<\/td>\n<td>104<\/td>\n<td>82<\/td>\n<td>90<\/td>\n<td>26<\/td>\n<td>36<\/td>\n<td>110<\/td>\n<td>S\u016bpyn\u0117s guolis<\/td>\n<\/tr>\n<tr>\n<td>PC220LC-6LE<\/td>\n<td>20Y-25-A1101<\/td>\n<td>1322<\/td>\n<td>1082<\/td>\n<td>100<\/td>\n<td>76<\/td>\n<td>90<\/td>\n<td>32-\u042426<\/td>\n<td>36-M22<\/td>\n<td>110<\/td>\n<td>S\u016bpyn\u0117s guolis<\/td>\n<\/tr>\n<tr>\n<td>PC220-6<\/td>\n<td>20Y-25-21200<\/td>\n<td>1323<\/td>\n<td>1083<\/td>\n<td>100<\/td>\n<td>77<\/td>\n<td>90<\/td>\n<td>32-\u042426<\/td>\n<td>36-M20<\/td>\n<td>110<\/td>\n<td>S\u016bpyn\u0117s guolis<\/td>\n<\/tr>\n<tr>\n<td>PC220-6<\/td>\n<td>20Y-25-21100<\/td>\n<td>1323<\/td>\n<td>1083<\/td>\n<td>100<\/td>\n<td>77<\/td>\n<td>90<\/td>\n<td>32-\u042426<\/td>\n<td>36-M20<\/td>\n<td>110<\/td>\n<td><\/td>\n<\/tr>\n<tr>\n<td>PC220-7<\/td>\n<td>206-25-00301<\/td>\n<td>1323<\/td>\n<td>1074<\/td>\n<td>112<\/td>\n<td>78<\/td>\n<td>102<\/td>\n<td>32-\u042424<\/td>\n<td>36-M22<\/td>\n<td>92<\/td>\n<td>\u00a0Pasukamasis \u017eiedas<\/td>\n<\/tr>\n<tr>\n<td>PC220-8<\/td>\n<td>206-25-00320<\/td>\n<td>1321<\/td>\n<td>1077<\/td>\n<td>100<\/td>\n<td>77<\/td>\n<td>90<\/td>\n<td>32-\u03c624<\/td>\n<td>36-M20<\/td>\n<td>96<\/td>\n<td><\/td>\n<\/tr>\n<tr>\n<td>PC220LC-8<\/td>\n<td>206-25-00301<\/td>\n<td>1323<\/td>\n<td>1072<\/td>\n<td>112<\/td>\n<td>77<\/td>\n<td>102<\/td>\n<td>32-\u042424<\/td>\n<td>36-M22<\/td>\n<td>92<\/td>\n<td>S\u016bpyn\u0117s guolis<\/td>\n<\/tr>\n<tr>\n<td>PC228US-3<\/td>\n<td>22U-25-00201<\/td>\n<td>1322<\/td>\n<td>1082<\/td>\n<td>100<\/td>\n<td>76<\/td>\n<td>90<\/td>\n<td>32-\u042426<\/td>\n<td>36-M20<\/td>\n<td>110<\/td>\n<td><\/td>\n<\/tr>\n<tr>\n<td>PC228<\/td>\n<td>22U-25-00210<\/td>\n<td>1322<\/td>\n<td>1082<\/td>\n<td>100<\/td>\n<td>76<\/td>\n<td>90<\/td>\n<td>32-\u042426<\/td>\n<td>36-M20<\/td>\n<td>110<\/td>\n<td>\u00a0Pasukamasis guolis<\/td>\n<\/tr>\n<tr>\n<td>PC228<\/td>\n<td>22U-25-00220<\/td>\n<td>1322<\/td>\n<td>1082<\/td>\n<td>100<\/td>\n<td>76<\/td>\n<td>90<\/td>\n<td>32-\u042426<\/td>\n<td>36-M20<\/td>\n<td>110<\/td>\n<td><\/td>\n<\/tr>\n<tr>\n<td>PC240-3<\/td>\n<td>205-25-00023<\/td>\n<td>1303<\/td>\n<td>1084<\/td>\n<td>104<\/td>\n<td>83<\/td>\n<td>90<\/td>\n<td>26<\/td>\n<td>36<\/td>\n<td>110<\/td>\n<td>Pasukamasis guolis<\/td>\n<\/tr>\n<tr>\n<td>PC240-7<\/td>\n<td>206-25-00301<\/td>\n<td>1323<\/td>\n<td>1072<\/td>\n<td>112<\/td>\n<td>77<\/td>\n<td>102<\/td>\n<td>32<\/td>\n<td>36<\/td>\n<td>92<\/td>\n<td><\/td>\n<\/tr>\n<tr>\n<td>PC300-6<\/td>\n<td>207-25-61100<\/td>\n<td>1532<\/td>\n<td>1235<\/td>\n<td>125<\/td>\n<td>95<\/td>\n<td>113<\/td>\n<td>35-\u03c626<\/td>\n<td>40-M24<\/td>\n<td>90<\/td>\n<td>Pasukamasis guolis<\/td>\n<\/tr>\n<tr>\n<td>PC300-7<\/td>\n<td>207-25-61100<\/td>\n<td>1532<\/td>\n<td>1235<\/td>\n<td>125<\/td>\n<td>95<\/td>\n<td>113<\/td>\n<td>35-\u03c626<\/td>\n<td>40-M24<\/td>\n<td>90<\/td>\n<td><\/td>\n<\/tr>\n<tr>\n<td>PC300-7<\/td>\n<td>207-25-61700<\/td>\n<td>1532<\/td>\n<td>1235<\/td>\n<td>125<\/td>\n<td>95<\/td>\n<td>113<\/td>\n<td>35-\u03c626<\/td>\n<td>40-M24<\/td>\n<td>90<\/td>\n<td>Excavator Slewing Ring<\/td>\n<\/tr>\n<tr>\n<td>PC300LC-5<\/td>\n<td>207-25-51100<\/td>\n<td>1532<\/td>\n<td>1235<\/td>\n<td>125<\/td>\n<td>95<\/td>\n<td>113<\/td>\n<td>35-M24<\/td>\n<td>40-M24<\/td>\n<td>90<\/td>\n<td><\/td>\n<\/tr>\n<tr>\n<td>PC300LC-6<\/td>\n<td>207-25-61100<\/td>\n<td>1532<\/td>\n<td>1235<\/td>\n<td>125<\/td>\n<td>95<\/td>\n<td>113<\/td>\n<td>35-\u03c626<\/td>\n<td>40-M24<\/td>\n<td>90<\/td>\n<td>Excavator Slewing Ring<\/td>\n<\/tr>\n<tr>\n<td>PC300LC-7<\/td>\n<td>207-25-61100<\/td>\n<td>1532<\/td>\n<td>1235<\/td>\n<td>125<\/td>\n<td>95<\/td>\n<td>113<\/td>\n<td>35-\u03c626<\/td>\n<td>40-M24<\/td>\n<td>90<\/td>\n<td><\/td>\n<\/tr>\n<tr>\n<td>PC300-8<\/td>\n<td>207-25-61100<\/td>\n<td>1532<\/td>\n<td>1235<\/td>\n<td>124<\/td>\n<td>95<\/td>\n<td>113<\/td>\n<td>35<\/td>\n<td>40<\/td>\n<td>90<\/td>\n<td>Pasukamasis guolis<\/td>\n<\/tr>\n<tr>\n<td>PC300-8<\/td>\n<td>207-25-00121<\/td>\n<td>1532<\/td>\n<td>1235<\/td>\n<td>124<\/td>\n<td>95<\/td>\n<td>113<\/td>\n<td>35-\u03c626<\/td>\n<td>40-M24*3<\/td>\n<td>90<\/td>\n<td><\/td>\n<\/tr>\n<tr>\n<td>PC340<\/td>\n<td>207-25-61200<\/td>\n<td>1532<\/td>\n<td>1235<\/td>\n<td>124<\/td>\n<td>95<\/td>\n<td>113<\/td>\n<td>35-\u03c626<\/td>\n<td>40-M24*3<\/td>\n<td>90<\/td>\n<td>\u00a0Pasukamasis \u017eiedas<\/td>\n<\/tr>\n<tr>\n<td>PC380LC-6K<\/td>\n<td>207-25-61200<\/td>\n<td>1532<\/td>\n<td>1235<\/td>\n<td>124<\/td>\n<td>95<\/td>\n<td>113<\/td>\n<td>35-\u03c626<\/td>\n<td>40-M24*3<\/td>\n<td>90<\/td>\n<td><\/td>\n<\/tr>\n<tr>\n<td>PC400-7<\/td>\n<td>208-25-61100<\/td>\n<td>1563<\/td>\n<td>1240<\/td>\n<td>152<\/td>\n<td>108<\/td>\n<td>140<\/td>\n<td>35-\u042429<\/td>\n<td>40-M24<\/td>\n<td>84<\/td>\n<td>\u00a0Pasukamasis \u017eiedas<\/td>\n<\/tr>\n<tr>\n<td>PC400LC-5<\/td>\n<td>208-25-52100<\/td>\n<td>1563<\/td>\n<td>1238<\/td>\n<td>152<\/td>\n<td>108<\/td>\n<td>140<\/td>\n<td>35-\u042429<\/td>\n<td>40-M24<\/td>\n<td>84<\/td>\n<td><\/td>\n<\/tr>\n<tr>\n<td>PC400LC-5<\/td>\n<td>208-25-52101<\/td>\n<td>1563<\/td>\n<td>1238<\/td>\n<td>152<\/td>\n<td>108<\/td>\n<td>140<\/td>\n<td>35-\u042429<\/td>\n<td>40-M24<\/td>\n<td><\/td>\n<td><\/td>\n<\/tr>\n<tr>\n<td>PC400LC-5<\/td>\n<td>208-25-A2100<\/td>\n<td>1563<\/td>\n<td>1238<\/td>\n<td>152<\/td>\n<td>108<\/td>\n<td>140<\/td>\n<td>35-\u042429<\/td>\n<td>40-M24<\/td>\n<td>84<\/td>\n<td><\/td>\n<\/tr>\n<tr>\n<td>PC400LC-6<\/td>\n<td>208-25-61100<\/td>\n<td>1563<\/td>\n<td>1238<\/td>\n<td>152<\/td>\n<td>108<\/td>\n<td>140<\/td>\n<td>35-\u042429<\/td>\n<td>40-M24<\/td>\n<td>84<\/td>\n<td>\u00a0Pasukamasis \u017eiedas<\/td>\n<\/tr>\n<tr>\n<td>PC400<\/td>\n<td>208-25-61100<\/td>\n<td>1563<\/td>\n<td>1240<\/td>\n<td>152<\/td>\n<td>108<\/td>\n<td>140<\/td>\n<td>35-\u03c629<\/td>\n<td>40-M24<\/td>\n<td>84<\/td>\n<td><\/td>\n<\/tr>\n<tr>\n<td>PC450-7<\/td>\n<td>208-25-61100<\/td>\n<td>1563<\/td>\n<td>1240<\/td>\n<td>152<\/td>\n<td>108<\/td>\n<td>140<\/td>\n<td>35-\u03c629<\/td>\n<td>40-M24<\/td>\n<td><\/td>\n<td>Pasukamasis guolis<\/td>\n<\/tr>\n<tr>\n<td>PC600-7<\/td>\n<td>21M-25-11100<\/td>\n<td>1794<\/td>\n<td>1380<\/td>\n<td>190<\/td>\n<td>138<\/td>\n<td>160<\/td>\n<td>35-\u042433<\/td>\n<td>44-\u042429<\/td>\n<td>100<\/td>\n<td><\/td>\n<\/tr>\n<tr>\n<td>pc600-7<\/td>\n<td>21M-25-11102<\/td>\n<td>1794<\/td>\n<td>1380<\/td>\n<td>190<\/td>\n<td>138<\/td>\n<td>160<\/td>\n<td>35-\u042433<\/td>\n<td>44-\u042429<\/td>\n<td>100<\/td>\n<td>Pasukamasis guolis<\/td>\n<\/tr>\n<tr>\n<td>PC600LC-6<\/td>\n<td>21M-25-11100<\/td>\n<td>1794<\/td>\n<td>1380<\/td>\n<td>190<\/td>\n<td>138<\/td>\n<td>160<\/td>\n<td>35-\u042433<\/td>\n<td>44-\u042429<\/td>\n<td>92<\/td>\n<td><\/td>\n<\/tr>\n<tr>\n<td>PC600LC-8<\/td>\n<td>21M-25-11101<\/td>\n<td>1794<\/td>\n<td>1380<\/td>\n<td>190<\/td>\n<td>138<\/td>\n<td>160<\/td>\n<td>35-\u042433<\/td>\n<td>44-\u042429<\/td>\n<td>100Slewing Bearing<\/td>\n<td>Pasukamasis guolis<\/td>\n<\/tr>\n<tr>\n<td>PC800LC-8<\/td>\n<td>209-25-00102<\/td>\n<td>1980<\/td>\n<td>1540<\/td>\n<td>205<\/td>\n<td>153<\/td>\n<td>173<\/td>\n<td>44<\/td>\n<td>48<\/td>\n<td>112<\/td>\n<td><\/td>\n<\/tr>\n<tr>\n<td>PC1250<\/td>\n<td>21N-25-00201<\/td>\n<td>2440<\/td>\n<td>1955<\/td>\n<td>238<\/td>\n<td>168<\/td>\n<td>200<\/td>\n<td>56<\/td>\n<td>60<\/td>\n<td>132<\/td>\n<td>\u00a0Pasukamasis \u017eiedas<\/td>\n<\/tr>\n<\/tbody>\n<\/table>\n<\/figure>\n<figure class=\"wp-block-table is-style-stripes has-small-font-size\">\n<h5>Ekskavatoriaus svyruoklinis guolis: Kod\u0117l svarbu pasirinkti tinkam\u0105<\/h5>\n<p>Kalbant apie ekskavatori\u0173 ma\u0161inas, negalima pervertinti tinkam\u0173 dali\u0173 pasirinkimo svarbos. Ekskavatoriams sukti kabin\u0105 ir str\u0117l\u0119 padeda pasukamieji \u017eiedai, tod\u0117l jie yra labai svarbi sklandaus ma\u0161inos veikimo sudedamoji dalis.<br \/>\n\"Komatsu\" ekskavatori\u0173 pasukamieji \u017eiedai yra \u017einomi d\u0117l savo kokyb\u0117s ir patvarumo, tod\u0117l jie yra populiarus ekskavatori\u0173 savinink\u0173 ir operatori\u0173 pasirinkimas. Suderinami \u012fvair\u016bs modeliai, \u012fskaitant PC30, PC45, PC50, PC55, PC56, PC60-5-6-7, PC60-8, PC70-8, PC78, PC100-3, PC120-6, PC130-7, PC150, PC160, PC200-7\/8, PC220, PC228, PC270, PC240, PC300-6\/7, PC360, PC400-6\/7\/8, PC450-6, PC600-6, PC650-3, PC650, PC800, PC1000, PC1200 ir PC1250, yra \"Komatsu\" ekskavatori\u0173 pasukam\u0173j\u0173 guoli\u0173 kiekvienam poreikiui.<\/figure>\n<figure class=\"wp-block-table is-style-stripes has-small-font-size\">Pasukamasis guolis, dar vadinamas pasukamuoju \u017eiediniu guoliu arba pos\u016bkio guoliu, leid\u017eia ekskavatoriui ant pagrindo suktis 360 laipsni\u0173 kampu. Tai leid\u017eia operatoriui pasiekti sud\u0117tingus kampus ir pad\u0117tis, tod\u0117l tai yra labai svarbi ma\u0161inos dalis.<br \/>\n\"Komatsu\" ekskavatoriaus dali\u0173 svyruoklinis guolis pagamintas i\u0161 auk\u0161tos kokyb\u0117s med\u017eiag\u0173, \u012fskaitant gr\u016bdint\u0105 plien\u0105, kad b\u016bt\u0173 u\u017etikrintas jo ilgaam\u017ei\u0161kumas ir patvarumas. Jis sukurtas taip, kad atlaikyt\u0173 intensyvaus naudojimo s\u0105lygas, \u012fskaitant at\u0161iauri\u0105 aplink\u0105 ir dideles apkrovas. Tinkamai pri\u017ei\u016brint, \"Komatsu\" ekskavatori\u0173 pasukamieji \u017eiedai gali tarnauti daugel\u012f met\u0173, tod\u0117l jie yra protinga investicija bet kuriam ekskavatoriaus savininkui.<\/figure>\n<figure class=\"wp-block-table is-style-stripes has-small-font-size\">Be pasukamojo \u017eiedo, \"Komatsu\" ekskavatoriaus pos\u016bkio guolis ir<a href=\"https:\/\/swingbearing.net\/lt\/slewing-gear\/\"> ekskavatoriaus pasukamoji pavara<\/a> taip pat yra labai svarb\u016bs ekskavatoriaus veikimo komponentai. \u0160ios dalys veikia kartu, kad u\u017etikrint\u0173 skland\u0173 sukim\u0105si ir jud\u0117jim\u0105, tod\u0117l ma\u0161in\u0105 galima naudoti efektyviai ir veiksmingai.Jei ekskavatoriui reikia pasukamojo guolio, protinga rinktis \"Komatsu\" ekskavatoriaus pasukam\u0105j\u012f guol\u012f. D\u0117l j\u0173 kokyb\u0117s ir ilgaam\u017ei\u0161kumo galite b\u016bti tikri, kad j\u016bs\u0173 ma\u0161ina veiks skland\u017eiai ir efektyviai net ir sunkiausiomis s\u0105lygomis.<br \/>\nTokie modeliai kaip PC200-5, PC210-5K, PC220-5, PC200-6(S6D95), PC210-6(S6D95), PC220-6(S6D95), PC220-6(S6D95), PC230-6(S6D95), PC200-6(S6D102), PC210-6(S6D102), PC220-6(S6D102), PC230-6(S6D102), PC200-7(S6D102), PC200-7, PC18, PC50-7, PC56, PC60-1, PC60-5, PC60-6, PC60-7, PC60-6, PC70-6, PC70-8, PC60-7, PC70-7, PC100-5, PC120-5, PC100-6(S4D95), PC120-6(S4D95), PC130-6(S4D95), PC130-7(S4D95), PC100-6(4D102), PC110-7(4D102), PC120-6(4D102) ir PC130-6(4D102) - tai tik keli ekskavatori\u0173 modeli\u0173, suderinam\u0173 su \"Komatsu\", pavyzd\u017eiai.<a href=\"https:\/\/national-bearing.com\/\" target=\"_blank\" rel=\"noopener\"> ekskavatoriaus pasukamieji guoliai<\/a>.<\/figure>\n<figure class=\"wp-block-table is-style-stripes has-small-font-size\">We can provide alternative Swing bearing for your , CAT,HITACHI, KOMATSU,KOBELCO, HYUNDAI, VOLVO, DOOSAN, DAEWOO, JCB,CASE, SUMITOMO, KATO, ,There are normal and non standard over 1000 hundreds types for you to choose from.<\/figure>","protected":false},"excerpt":{"rendered":"<p>KOMATSU Swing bearing<br \/>\nModel:PC1250,PC1200,PC650-3<br \/>\nPC1000,PC800LC-8,PC600LC-8<\/p>","protected":false},"featured_media":61,"template":"","meta":[],"product_brand":[],"product_cat":[22],"product_tag":[],"class_list":{"0":"post-329","1":"product","2":"type-product","3":"status-publish","4":"has-post-thumbnail","6":"product_cat-swing-bearing","8":"first","9":"instock","10":"shipping-taxable","11":"product-type-simple"},"_links":{"self":[{"href":"https:\/\/swingbearing.net\/lt\/wp-json\/wp\/v2\/product\/329","targetHints":{"allow":["GET"]}}],"collection":[{"href":"https:\/\/swingbearing.net\/lt\/wp-json\/wp\/v2\/product"}],"about":[{"href":"https:\/\/swingbearing.net\/lt\/wp-json\/wp\/v2\/types\/product"}],"wp:featuredmedia":[{"embeddable":true,"href":"https:\/\/swingbearing.net\/lt\/wp-json\/wp\/v2\/media\/61"}],"wp:attachment":[{"href":"https:\/\/swingbearing.net\/lt\/wp-json\/wp\/v2\/media?parent=329"}],"wp:term":[{"taxonomy":"product_brand","embeddable":true,"href":"https:\/\/swingbearing.net\/lt\/wp-json\/wp\/v2\/product_brand?post=329"},{"taxonomy":"product_cat","embeddable":true,"href":"https:\/\/swingbearing.net\/lt\/wp-json\/wp\/v2\/product_cat?post=329"},{"taxonomy":"product_tag","embeddable":true,"href":"https:\/\/swingbearing.net\/lt\/wp-json\/wp\/v2\/product_tag?post=329"}],"curies":[{"name":"wp","href":"https:\/\/api.w.org\/{rel}","templated":true}]}}