{"id":2323,"date":"2024-04-12T06:49:35","date_gmt":"2024-04-12T06:49:35","guid":{"rendered":"https:\/\/swingbearing.net\/?post_type=product&#038;p=2323"},"modified":"2024-05-15T05:58:52","modified_gmt":"2024-05-15T05:58:52","slug":"swing-bearing-liebherr-r944c","status":"publish","type":"product","link":"https:\/\/swingbearing.net\/lt\/product\/swing-bearing-liebherr-r944c\/","title":{"rendered":"LIEBHERR svyruoklinis guolis"},"content":{"rendered":"<h2 style=\"text-align: center;\">LIEBHERR svyruoklini\u0173 guoli\u0173 parametrai<\/h2>\n<figure class=\"wp-block-table is-style-stripes has-small-font-size\">\n<table class=\"has-cyan-bluish-gray-background-color has-background\">\n<tbody>\n<tr>\n<td>Modelis<\/td>\n<td>Dalies numeris<\/td>\n<td>I\u0161orinis skersmuo<\/td>\n<td>Vidinis skersmuo<\/td>\n<td>Bendras auk\u0161tis<\/td>\n<td>I\u0161orinis auk\u0161tis<\/td>\n<td>Vidinis auk\u0161tis<\/td>\n<td>I\u0161orin\u0117s skyl\u0117s parametrai<\/td>\n<td>Vidin\u0117s skyl\u0117s parametrai<\/td>\n<td>Dant\u0173 skai\u010dius<\/td>\n<\/tr>\n<tr>\n<td>R922<\/td>\n<td>LE982706001<\/td>\n<td>1215<\/td>\n<td>940<\/td>\n<td>115<\/td>\n<td>72<\/td>\n<td>105<\/td>\n<td>48-\u03c622<\/td>\n<td>56-M20<\/td>\n<td>94<\/td>\n<\/tr>\n<tr>\n<td>924HDSL<\/td>\n<td>LE982751901<\/td>\n<td>1215<\/td>\n<td>940<\/td>\n<td>115<\/td>\n<td>72<\/td>\n<td>105<\/td>\n<td>48-\u042422<\/td>\n<td>56-M20 audinys<\/td>\n<td>94<\/td>\n<\/tr>\n<tr>\n<td>R924C<\/td>\n<td>982751901<\/td>\n<td>1215<\/td>\n<td>940<\/td>\n<td>115<\/td>\n<td>72<\/td>\n<td>105<\/td>\n<td>48-\u042422<\/td>\n<td>56-M20 audinys<\/td>\n<td>94<\/td>\n<\/tr>\n<tr>\n<td>R924C<\/td>\n<td>932833001<\/td>\n<td>1215<\/td>\n<td>940<\/td>\n<td>115<\/td>\n<td>72<\/td>\n<td>105<\/td>\n<td>48-\u042422<\/td>\n<td>56-M20 audinys<\/td>\n<td>94<\/td>\n<\/tr>\n<tr>\n<td>R924B<\/td>\n<td>982751901<\/td>\n<td>1215<\/td>\n<td>940<\/td>\n<td>115<\/td>\n<td>72<\/td>\n<td>105<\/td>\n<td>48-\u042422<\/td>\n<td>56-M20 audinys<\/td>\n<td>94<\/td>\n<\/tr>\n<tr>\n<td>R934<\/td>\n<td>933816501<\/td>\n<td>1355<\/td>\n<td>1012<\/td>\n<td>125<\/td>\n<td><\/td>\n<td><\/td>\n<td>40<\/td>\n<td>48<\/td>\n<td>92<\/td>\n<\/tr>\n<tr>\n<td>R934HD-S<\/td>\n<td>LE939500601<\/td>\n<td>1355<\/td>\n<td>1012<\/td>\n<td>125<\/td>\n<td>92<\/td>\n<td>113<\/td>\n<td>40-26 per skyl\u0119<\/td>\n<td>48-M24<\/td>\n<td>92<\/td>\n<\/tr>\n<tr>\n<td>934<\/td>\n<td>982752401<\/td>\n<td>1355<\/td>\n<td>1012<\/td>\n<td>125<\/td>\n<td>92<\/td>\n<td>113<\/td>\n<td>40-26 per skyl\u0119<\/td>\n<td>48-M24<\/td>\n<td>92<\/td>\n<\/tr>\n<tr>\n<td>R-944C<\/td>\n<td>933628601<\/td>\n<td>1365<\/td>\n<td>1008<\/td>\n<td>150<\/td>\n<td>112<\/td>\n<td>140<\/td>\n<td>60-\u042426<\/td>\n<td>72-M24 audinys<\/td>\n<td>84<\/td>\n<\/tr>\n<tr>\n<td>R944B<\/td>\n<td>933626601<\/td>\n<td>1365<\/td>\n<td>1008<\/td>\n<td>150<\/td>\n<td>112<\/td>\n<td>140<\/td>\n<td>60<\/td>\n<td>72<\/td>\n<td>84<\/td>\n<\/tr>\n<\/tbody>\n<\/table>\n<\/figure>\n<p>\"Liebherr\" ekskavatoriai gars\u0117ja savo patikimumu ir ilgaam\u017ei\u0161kumu, tod\u0117l yra populiarus pasirinkimas statyb\u0173 ir kasybos pramon\u0117je. Vienas i\u0161 svarbiausi\u0173 komponent\u0173, lemian\u010di\u0173 ma\u0161inos na\u0161um\u0105, yra ekskavatoriaus svyruoklinis guolis. Liebherr ekskavatori\u0173 svyravimo guoliai yra sukurti taip, kad atlaikyt\u0173 sunkius sunki\u0173 darb\u0173 reikalavimus sud\u0117tingoje aplinkoje.<\/p>\n<p>Ekskavatori\u0173 svyruokliniai guoliai atlieka labai svarb\u0173 vaidmen\u012f ma\u0161inos veikimui, nes jie palaiko vir\u0161utin\u0117s konstrukcijos sukim\u0105si. Be kokybi\u0161ko ekskavatoriaus svyruoklinio guolio vir\u0161utin\u0117 konstrukcija negali skland\u017eiai suktis, o tai turi \u012ftakos bendram ma\u0161inos veikimui. Liebherr ekskavatori\u0173 pasukamieji guoliai sukonstruoti taip, kad u\u017etikrint\u0173 didel\u0119 apkrov\u0105, tikslum\u0105 ir ilg\u0105 tarnavimo laik\u0105, taip u\u017etikrinant optimal\u0173 ma\u0161inos veikim\u0105.<\/p>\n<p>\"Liebherr\" ekskavatori\u0173 pasukamieji guoliai dar vadinami pasukamaisiais \u017eiediniais guoliais, ekskavatori\u0173 pasukamaisiais \u017eiediniais guoliais arba pos\u016bkio guoliais. \u0160ie guoliai yra suprojektuoti su b\u0117gimo taku, kuris atlaiko ma\u0161inos svor\u012f, tod\u0117l vir\u0161utin\u0117 konstrukcija gali lengvai suktis. Ekskavatoriaus dali\u0173 pasukamasis guolis pagamintas i\u0161 didelio atsparumo med\u017eiag\u0173, tod\u0117l jis atlaiko dideles apkrovas, ekstremalias temperat\u016bras ir at\u0161iaurias s\u0105lygas.<\/p>\n<p>\"Liebherr\" si\u016blo \u012fvairius ekskavatori\u0173 pasukimo guolius, suderinamus su \u012fvairiais ekskavatori\u0173 modeliais. \u0160iuo metu rinkoje si\u016blomi \u0161ie modeliai: R914, R924, R944, R934 ir R944CLC. \u0160ie modeliai sukurti taip, kad b\u016bt\u0173 maksimaliai patvar\u016bs ir na\u0161\u016bs, u\u017etikrinant, kad j\u016bs\u0173 ma\u0161ina gal\u0117t\u0173 atlikti bet kok\u012f jai pavest\u0105 darb\u0105.<\/p>\n<p>\"Liebherr\" taip pat si\u016blo ne tik ekskavatoriaus pasukam\u0105j\u012f guol\u012f, bet ir ekskavatoriaus pasukam\u0105j\u0105 pavar\u0105 bei ekskavatoriaus pasukam\u0105j\u0105 pavar\u0105. \u0160ie komponentai kartu u\u017etikrina skland\u0173 ir efektyv\u0173 ma\u0161inos vir\u0161utin\u0117s konstrukcijos sukim\u0105si, tod\u0117l jie yra esmin\u0117s bet kurio \"Liebherr\" ekskavatoriaus dalys.<\/p>\n<p>Apibendrinant galima pasakyti, kad, kalbant apie ekskavatori\u0173 pasukamuosius guolius, \"Liebherr\" yra vardas, kuriuo galite pasitik\u0117ti. J\u0173 gaminami kokybi\u0161ki ekskavatori\u0173 pasukamieji guoliai sukurti taip, kad atlaikyt\u0173 sunkiausias s\u0105lygas, u\u017etikrint\u0173 didel\u0119 apkrov\u0105, tikslum\u0105 ir ilg\u0105 tarnavimo laik\u0105. Nesvarbu, ar dirbate statyb\u0173, ar kasybos srityje, \"Liebherr\" ekskavatori\u0173 pasukamieji guoliai yra idealus pasirinkimas siekiant u\u017etikrinti optimal\u0173 ma\u0161inos veikim\u0105.<\/p>\n<p>Mes galime pasi\u016blyti alternatyv\u0173 s\u016bpuokli\u0173 rat\u0105 j\u016bs\u0173, CAT, HITACHI, KOMATSU, KOBELCO, HYUNDAI, VOLVO, DOOSAN, DAEWOO, JCB, CASE, SUMITOMO, XCMG.There yra normalus ir nestandartinis daugiau nei 1000 \u0161imtai tip\u0173 jums pasirinkti.<\/p>\n<figure class=\"wp-block-image size-full is-resized\"><img decoding=\"async\" class=\"wp-image-177\" src=\"https:\/\/national-bearing.com\/wp-content\/uploads\/2023\/04\/0001.jpg\" sizes=\"(max-width: 843px) 100vw, 843px\" srcset=\"https:\/\/national-bearing.com\/wp-content\/uploads\/2023\/04\/0001.jpg 600w, https:\/\/national-bearing.com\/wp-content\/uploads\/2023\/04\/0001-300x200.jpg 300w\" alt=\"\" width=\"515\" height=\"343\" \/><\/figure>","protected":false},"excerpt":{"rendered":"<p><strong>Dalis<\/strong> #: 932833001<br \/>\n<strong>Pasidarykite<\/strong>: LIEBHERR<br \/>\n<strong>Modelis<\/strong>:  R944c<br \/>\n<strong>B\u016bkl\u0117<\/strong>: Naujas svyruoklinis guolis<br \/>\n<strong>Daugiau<\/strong>:R944B,934,R924B<br \/>\nR922, R934, 926,R914<\/p>","protected":false},"featured_media":2338,"template":"","meta":[],"product_brand":[],"product_cat":[22,72],"product_tag":[52],"class_list":{"0":"post-2323","1":"product","2":"type-product","3":"status-publish","4":"has-post-thumbnail","6":"product_cat-swing-bearing","7":"product_cat-liebherr-excavator-swing-bearing","8":"product_tag-swing-bearing","10":"first","11":"instock","12":"shipping-taxable","13":"product-type-simple"},"_links":{"self":[{"href":"https:\/\/swingbearing.net\/lt\/wp-json\/wp\/v2\/product\/2323","targetHints":{"allow":["GET"]}}],"collection":[{"href":"https:\/\/swingbearing.net\/lt\/wp-json\/wp\/v2\/product"}],"about":[{"href":"https:\/\/swingbearing.net\/lt\/wp-json\/wp\/v2\/types\/product"}],"wp:featuredmedia":[{"embeddable":true,"href":"https:\/\/swingbearing.net\/lt\/wp-json\/wp\/v2\/media\/2338"}],"wp:attachment":[{"href":"https:\/\/swingbearing.net\/lt\/wp-json\/wp\/v2\/media?parent=2323"}],"wp:term":[{"taxonomy":"product_brand","embeddable":true,"href":"https:\/\/swingbearing.net\/lt\/wp-json\/wp\/v2\/product_brand?post=2323"},{"taxonomy":"product_cat","embeddable":true,"href":"https:\/\/swingbearing.net\/lt\/wp-json\/wp\/v2\/product_cat?post=2323"},{"taxonomy":"product_tag","embeddable":true,"href":"https:\/\/swingbearing.net\/lt\/wp-json\/wp\/v2\/product_tag?post=2323"}],"curies":[{"name":"wp","href":"https:\/\/api.w.org\/{rel}","templated":true}]}}