{"id":2322,"date":"2024-04-12T06:49:19","date_gmt":"2024-04-12T06:49:19","guid":{"rendered":"https:\/\/swingbearing.net\/?post_type=product&#038;p=2322"},"modified":"2024-05-15T06:03:20","modified_gmt":"2024-05-15T06:03:20","slug":"swing-bearing-case-2","status":"publish","type":"product","link":"https:\/\/swingbearing.net\/lt\/product\/swing-bearing-case-2\/","title":{"rendered":"CASE svyruoklinis guolis"},"content":{"rendered":"<h2 style=\"text-align: center;\">CASE svyruoklinio guolio parametrai<\/h2>\n<figure class=\"wp-block-table is-style-stripes has-small-font-size\">\n<table class=\"has-cyan-bluish-gray-background-color has-background\">\n<tbody>\n<tr>\n<td style=\"text-align: right;\">Modelis<\/td>\n<td style=\"text-align: right;\">Dalies numeris<\/td>\n<td style=\"text-align: right;\">I\u0161orinis skersmuo<\/td>\n<td style=\"text-align: right;\">Vidinis skersmuo<\/td>\n<td style=\"text-align: right;\">Bendras auk\u0161tis<\/td>\n<td style=\"text-align: right;\">I\u0161orinis auk\u0161tis<\/td>\n<td style=\"text-align: right;\">Vidinis auk\u0161tis<\/td>\n<td style=\"text-align: right;\">I\u0161orin\u0117s skyl\u0117s parametrai<\/td>\n<td style=\"text-align: right;\">Vidin\u0117s skyl\u0117s parametrai<\/td>\n<td style=\"text-align: right;\">Dant\u0173 skai\u010dius<\/td>\n<\/tr>\n<tr>\n<td>CX130<\/td>\n<td>KNB10130<\/td>\n<td>1172<\/td>\n<td>972<\/td>\n<td>88<\/td>\n<td>65<\/td>\n<td>78<\/td>\n<td>28<\/td>\n<td>36<\/td>\n<td>98<\/td>\n<\/tr>\n<tr>\n<td>CX130<\/td>\n<td>KNB 11840<\/td>\n<td>1172<\/td>\n<td>973<\/td>\n<td>88<\/td>\n<td>65<\/td>\n<td>78<\/td>\n<td>28<\/td>\n<td>36<\/td>\n<td>98<\/td>\n<\/tr>\n<tr>\n<td>CX210<\/td>\n<td>KRB1347<\/td>\n<td>1330<\/td>\n<td>1094<\/td>\n<td>103<\/td>\n<td>74<\/td>\n<td>92<\/td>\n<td>31<\/td>\n<td>36<\/td>\n<td>92<\/td>\n<\/tr>\n<tr>\n<td>CX210<\/td>\n<td>KRB1603<\/td>\n<td>1330<\/td>\n<td>1094<\/td>\n<td>103<\/td>\n<td>74<\/td>\n<td>92<\/td>\n<td>31<\/td>\n<td>36<\/td>\n<td>92<\/td>\n<\/tr>\n<tr>\n<td>CX210<\/td>\n<td>KRB10160<\/td>\n<td>1330<\/td>\n<td>1093<\/td>\n<td>102<\/td>\n<td>74<\/td>\n<td>92<\/td>\n<td>31-\u03c622<\/td>\n<td>36-M20<\/td>\n<td>92<\/td>\n<\/tr>\n<tr>\n<td>CX210B<\/td>\n<td>KRB10160<\/td>\n<td>1330<\/td>\n<td>1093<\/td>\n<td>102<\/td>\n<td>74<\/td>\n<td>92<\/td>\n<td>31-\u03c622<\/td>\n<td>36-M20<\/td>\n<td>92<\/td>\n<\/tr>\n<tr>\n<td>CX210<\/td>\n<td>KRB10180<\/td>\n<td>1330<\/td>\n<td>1093<\/td>\n<td>102<\/td>\n<td>74<\/td>\n<td>92<\/td>\n<td>31-\u03c622.5<\/td>\n<td>36-M20<\/td>\n<td>92<\/td>\n<\/tr>\n<tr>\n<td>CX210B<\/td>\n<td>KRB11710<\/td>\n<td>1330<\/td>\n<td>1093<\/td>\n<td>102<\/td>\n<td>74<\/td>\n<td>92<\/td>\n<td>31-\u03c622<\/td>\n<td>36-M20<\/td>\n<td>92<\/td>\n<\/tr>\n<tr>\n<td>CX210C<\/td>\n<td>KRB11710<\/td>\n<td>1330<\/td>\n<td>1093<\/td>\n<td>102<\/td>\n<td>74<\/td>\n<td>92<\/td>\n<td>31-\u03c622<\/td>\n<td>36-M20<\/td>\n<td>92<\/td>\n<\/tr>\n<tr>\n<td>CNH E215<\/td>\n<td>72203516<\/td>\n<td>1312<\/td>\n<td>1082<\/td>\n<td>110<\/td>\n<td>79<\/td>\n<td>98<\/td>\n<td>33<\/td>\n<td>36<\/td>\n<td>110<\/td>\n<\/tr>\n<tr>\n<td>CNH E215<\/td>\n<td>87472588<\/td>\n<td>1312<\/td>\n<td>1082<\/td>\n<td>110<\/td>\n<td>79<\/td>\n<td>98<\/td>\n<td>33<\/td>\n<td>36<\/td>\n<td>110<\/td>\n<\/tr>\n<tr>\n<td>CX240<\/td>\n<td>KBB0878<\/td>\n<td>1375<\/td>\n<td>1094<\/td>\n<td>124<\/td>\n<td>88<\/td>\n<td>114<\/td>\n<td>27-\u03a626<\/td>\n<td>36-M24<\/td>\n<td>92<\/td>\n<\/tr>\n<tr>\n<td>CX240<\/td>\n<td>KBB0282<\/td>\n<td>1375<\/td>\n<td>1094<\/td>\n<td>124<\/td>\n<td>80<\/td>\n<td>114<\/td>\n<td>26-\u03c626<\/td>\n<td>36-M24<\/td>\n<td>92<\/td>\n<\/tr>\n<tr>\n<td>CX240<\/td>\n<td>KBB 10080<\/td>\n<td>1376<\/td>\n<td>1093<\/td>\n<td>125<\/td>\n<td>88<\/td>\n<td>114<\/td>\n<td>27<\/td>\n<td>36<\/td>\n<td>92<\/td>\n<\/tr>\n<tr>\n<td>CX240B<\/td>\n<td>KBB11350<\/td>\n<td>1377<\/td>\n<td>1094<\/td>\n<td>124<\/td>\n<td>88<\/td>\n<td>114<\/td>\n<td>28-26<\/td>\n<td>36-M24<\/td>\n<td>92<\/td>\n<\/tr>\n<tr>\n<td>CX460<\/td>\n<td>KTB10010<\/td>\n<td>1615<\/td>\n<td>1275<\/td>\n<td>145<\/td>\n<td>125<\/td>\n<td>135<\/td>\n<td>41-\u03a626<\/td>\n<td>46-M24<\/td>\n<td>92<\/td>\n<\/tr>\n<tr>\n<td>CX290<\/td>\n<td>KBB10100<\/td>\n<td>1615<\/td>\n<td>1274<\/td>\n<td>122<\/td>\n<td>100<\/td>\n<td>110<\/td>\n<td>41<\/td>\n<td>46<\/td>\n<td>92<\/td>\n<\/tr>\n<\/tbody>\n<\/table>\n<\/figure>\n<p>Ekskavatoriai - tai sunkiasvor\u0117s ma\u0161inos, naudojamos kasti, perve\u017eti ir kelti sunkius krovinius statyb\u0173, kasybos ir kitose pramon\u0117s \u0161akose. Pagrindin\u0117 ekskavatoriaus sudedamoji dalis yra pasukamasis guolis, dar vadinamas svyruokliniu guoliu, kuris leid\u017eia ma\u0161inai suktis 360 laipsni\u0173 kampu. Jei savo CASE ekskavatoriui ie\u0161kote auk\u0161tos kokyb\u0117s pasukam\u0173j\u0173 guoli\u0173, ie\u0161kokite tik m\u016bs\u0173 si\u016blom\u0173 gamini\u0173.<\/p>\n<p>M\u016bs\u0173 si\u016blomi CASE ekskavatoriams skirti svyruokliniai guoliai apima \u0161iuos modelius: CX50B, CX55, CX210, CX210B, CX240A ir CX240B. \u0160ie guoliai specialiai sukurti j\u016bs\u0173 CASE ekskavatoriui ir u\u017etikrina skland\u0173 bei patikim\u0105 sukim\u0105si net ir esant didel\u0117ms apkrovoms.<br \/>\nM\u016bs\u0173 ekskavatori\u0173 svyruokliniai guoliai gaminami i\u0161 auk\u0161tos kokyb\u0117s med\u017eiag\u0173, kad b\u016bt\u0173 u\u017etikrintas maksimalus patvarumas ir na\u0161umas. Pos\u016bkio stalo guolio ir pasukamojo \u017eiedo guolio komponentai apdirbami laikantis grie\u017et\u0173 leistin\u0173 nuokrypi\u0173, kad puikiai priglust\u0173 ir skland\u017eiai veikt\u0173. Be to, guoliai suprojektuoti taip, kad b\u016bt\u0173 atspar\u016bs nusid\u0117v\u0117jimui, tod\u0117l idealiai tinka darbui didel\u0117mis apkrovomis.<\/p>\n<p>Be auk\u0161tos kokyb\u0117s konstrukcijos, m\u016bs\u0173 CASE ekskavatori\u0173 svyravimo guolius lengva montuoti ir pri\u017ei\u016br\u0117ti. Jie sukurti taip, kad pakeist\u0173 originalios \u012frangos gamintojo (OEM) dalis, nereikalaujant joki\u0173 pakeitim\u0173, tod\u0117l j\u0173 montavimas tampa lengvas. Taip pat si\u016blome daugyb\u0119 m\u016bs\u0173 guoliams skirt\u0173 atsargini\u0173 dali\u0173, tod\u0117l gal\u0117site u\u017etikrinti, kad j\u016bs\u0173 ekskavatorius skland\u017eiai veikt\u0173 ilgus metus.<\/p>\n<p>M\u016bs\u0173 ekskavatori\u0173 pasukamieji guoliai yra esminis j\u016bs\u0173 ekskavatoriaus pasukamosios pavaros sistemos komponentas. Su pasukamuoju guoliu sujungta pasukamoji pavara leid\u017eia ekskavatoriui suktis. Ekskavatoriaus pasukamoji pavara taip pat veikia kartu su pasukamuoju guoliu, kad b\u016bt\u0173 u\u017etikrintas sklandus ir efektyvus veikimas.<br \/>\nApibendrinant galima teigti, kad m\u016bs\u0173 si\u016blomi CASE ekskavatori\u0173 svyruokliniai guoliai yra puikus pasirinkimas tiems, kurie ie\u0161ko auk\u0161tos kokyb\u0117s, patikim\u0173 ir patvari\u0173 dali\u0173 savo ekskavatoriui. M\u016bs\u0173 si\u016blomi pasukamieji guoliai yra specialiai sukurti taip, kad tikt\u0173 j\u016bs\u0173 CASE ekskavatoriui ir u\u017etikrint\u0173 skland\u0173 bei efektyv\u0173 veikim\u0105 net ir esant didel\u0117ms apkrovoms. Susisiekite su mumis \u0161iandien, kad su\u017einotum\u0117te daugiau apie m\u016bs\u0173 gaminius ir apie tai, kaip galime pad\u0117ti jums u\u017etikrinti skland\u0173 ekskavatoriaus veikim\u0105.<br \/>\nGalime pasi\u016blyti alternatyv\u0173 s\u016bpyn\u0117s guol\u012f j\u016bs\u0173 , CAT, HITACHI, KOMATSU, KOBELCO, HYUNDAI, VOLVO, DOOSAN, DAEWOO, JCB, CASE, SUMITOMO, XCMG .There yra normalus ir nestandartinis daugiau nei 1000 \u0161imt\u0173 tip\u0173 jums pasirinkti.<\/p>","protected":false},"excerpt":{"rendered":"<p><strong>Dalis<\/strong> #: Kbb0878<br \/>\n<strong>Pasidarykite<\/strong>: Byla<br \/>\n<strong>Modelis<\/strong>: \"Case CX240<br \/>\nB\u016bkl\u0117: Naujas s\u016bpyn\u0117s guolis<br \/>\n<strong>Daugiau<\/strong>:CX290,CX460,CX240B<br \/>\n9050B, CX210C, CX210B<\/p>","protected":false},"featured_media":2353,"template":"","meta":[],"product_brand":[],"product_cat":[22,71],"product_tag":[52],"class_list":{"0":"post-2322","1":"product","2":"type-product","3":"status-publish","4":"has-post-thumbnail","6":"product_cat-swing-bearing","7":"product_cat-case-excavator-swing-bearing","8":"product_tag-swing-bearing","10":"first","11":"instock","12":"shipping-taxable","13":"product-type-simple"},"_links":{"self":[{"href":"https:\/\/swingbearing.net\/lt\/wp-json\/wp\/v2\/product\/2322","targetHints":{"allow":["GET"]}}],"collection":[{"href":"https:\/\/swingbearing.net\/lt\/wp-json\/wp\/v2\/product"}],"about":[{"href":"https:\/\/swingbearing.net\/lt\/wp-json\/wp\/v2\/types\/product"}],"wp:featuredmedia":[{"embeddable":true,"href":"https:\/\/swingbearing.net\/lt\/wp-json\/wp\/v2\/media\/2353"}],"wp:attachment":[{"href":"https:\/\/swingbearing.net\/lt\/wp-json\/wp\/v2\/media?parent=2322"}],"wp:term":[{"taxonomy":"product_brand","embeddable":true,"href":"https:\/\/swingbearing.net\/lt\/wp-json\/wp\/v2\/product_brand?post=2322"},{"taxonomy":"product_cat","embeddable":true,"href":"https:\/\/swingbearing.net\/lt\/wp-json\/wp\/v2\/product_cat?post=2322"},{"taxonomy":"product_tag","embeddable":true,"href":"https:\/\/swingbearing.net\/lt\/wp-json\/wp\/v2\/product_tag?post=2322"}],"curies":[{"name":"wp","href":"https:\/\/api.w.org\/{rel}","templated":true}]}}