{"id":2321,"date":"2024-04-12T06:49:03","date_gmt":"2024-04-12T06:49:03","guid":{"rendered":"https:\/\/swingbearing.net\/?post_type=product&#038;p=2321"},"modified":"2024-06-12T01:50:14","modified_gmt":"2024-06-12T01:50:14","slug":"swing-circle-255lc-v","status":"publish","type":"product","link":"https:\/\/swingbearing.net\/lt\/product\/swing-circle-255lc-v\/","title":{"rendered":"DOOSAN s\u016bpyni\u0173 ratas"},"content":{"rendered":"<h2 style=\"text-align: center;\">DOOSAN s\u016bpuokli\u0173 rato keitimas<\/h2>\n<figure class=\"wp-block-table\" style=\"font-size: 12px;\">\n<table>\n<tbody>\n<tr>\n<td>Modelis<\/td>\n<td>Dalies numeris<\/td>\n<td>I\u0161orinis skersmuo<\/td>\n<td>Vidinis skersmuo<\/td>\n<td>Bendras auk\u0161tis<\/td>\n<td>I\u0161orinis auk\u0161tis<\/td>\n<td>Vidinis auk\u0161tis<\/td>\n<td>I\u0161orin\u0117s skyl\u0117s parametrai<\/td>\n<td>Vidin\u0117s skyl\u0117s parametrai<\/td>\n<td>Dant\u0173 skai\u010dius<\/td>\n<\/tr>\n<tr>\n<td>S140LC-V<\/td>\n<td>109-00165<\/td>\n<td>1202<\/td>\n<td>945<\/td>\n<td>84<\/td>\n<td>75<\/td>\n<td>70<\/td>\n<td>36-\u042422<\/td>\n<td>36-M20<\/td>\n<td>80<\/td>\n<\/tr>\n<tr>\n<td>DX225<\/td>\n<td>109-00162<\/td>\n<td>1327<\/td>\n<td>1082<\/td>\n<td>110<\/td>\n<td>90<\/td>\n<td>95<\/td>\n<td>36<\/td>\n<td>36<\/td>\n<td>92<\/td>\n<\/tr>\n<tr>\n<td>DX225<\/td>\n<td>109-00162A<\/td>\n<td>1327<\/td>\n<td>1082<\/td>\n<td>110<\/td>\n<td>90<\/td>\n<td>95<\/td>\n<td>36-\u03c621<\/td>\n<td>36-M20*1.5<\/td>\n<td>92<\/td>\n<\/tr>\n<tr>\n<td>DX225LC<\/td>\n<td>109-00162<\/td>\n<td>1327<\/td>\n<td>1082<\/td>\n<td>110<\/td>\n<td>90<\/td>\n<td>95<\/td>\n<td>36-\u03c621<\/td>\n<td>36-M20*1.5<\/td>\n<td>92<\/td>\n<\/tr>\n<tr>\n<td>DX225LCA<\/td>\n<td>109-00162A<\/td>\n<td>1327<\/td>\n<td>1082<\/td>\n<td>110<\/td>\n<td>90<\/td>\n<td>95<\/td>\n<td>36-\u03c621<\/td>\n<td>36-M20*1.5<\/td>\n<td>92<\/td>\n<\/tr>\n<tr>\n<td>DX225LCA<\/td>\n<td>140109-00048A<\/td>\n<td>1327<\/td>\n<td>1082<\/td>\n<td>110<\/td>\n<td>90<\/td>\n<td>95<\/td>\n<td>36-\u03c621<\/td>\n<td>36-M20*1.5<\/td>\n<td>92<\/td>\n<\/tr>\n<tr>\n<td>S225NLC<\/td>\n<td>140109-00045<\/td>\n<td>1327<\/td>\n<td>1082<\/td>\n<td>110<\/td>\n<td>90<\/td>\n<td>95<\/td>\n<td>36-\u03c621<\/td>\n<td>36-M20*1.5<\/td>\n<td>92<\/td>\n<\/tr>\n<tr>\n<td>SL220LC-V<\/td>\n<td>109-00052<\/td>\n<td>1328<\/td>\n<td>1084<\/td>\n<td>110<\/td>\n<td>91<\/td>\n<td>95<\/td>\n<td>36-\u03c621<\/td>\n<td>36-M20*1.5<\/td>\n<td>92<\/td>\n<\/tr>\n<tr>\n<td>225NLC-V<\/td>\n<td>109-00052B<\/td>\n<td>1328<\/td>\n<td>1084<\/td>\n<td>110<\/td>\n<td>91<\/td>\n<td>95<\/td>\n<td>36-\u03c621<\/td>\n<td>36-M20*1.5<\/td>\n<td>92<\/td>\n<\/tr>\n<tr>\n<td>225NLC-V<\/td>\n<td>140109-00045<\/td>\n<td>1328<\/td>\n<td>1084<\/td>\n<td>110<\/td>\n<td>91<\/td>\n<td>95<\/td>\n<td>36-\u03c621<\/td>\n<td>36-M20*1.5<\/td>\n<td>92<\/td>\n<\/tr>\n<tr>\n<td>255LC-V<\/td>\n<td>109-00030B<\/td>\n<td>1410<\/td>\n<td>1131<\/td>\n<td>117<\/td>\n<td>89<\/td>\n<td>105<\/td>\n<td>35-\u03c625<\/td>\n<td>36-M24*2<\/td>\n<td>82<\/td>\n<\/tr>\n<tr>\n<td>255LC-V<\/td>\n<td>180-00297D3<\/td>\n<td>1410<\/td>\n<td>1131<\/td>\n<td>117<\/td>\n<td>89<\/td>\n<td>105<\/td>\n<td>35-\u03c625<\/td>\n<td>36-M24*2<\/td>\n<td>82<\/td>\n<\/tr>\n<tr>\n<td>255lc-v<\/td>\n<td>140109-00042<\/td>\n<td>1410<\/td>\n<td>1131<\/td>\n<td>117<\/td>\n<td>89<\/td>\n<td>105<\/td>\n<td>35-\u03c625<\/td>\n<td>36-M24*2<\/td>\n<td>82<\/td>\n<\/tr>\n<tr>\n<td>255lc-v<\/td>\n<td>140109-00043<\/td>\n<td>1410<\/td>\n<td>1131<\/td>\n<td>117<\/td>\n<td>89<\/td>\n<td>105<\/td>\n<td>35-\u03c625<\/td>\n<td>36-M24*2<\/td>\n<td>82<\/td>\n<\/tr>\n<tr>\n<td>Dx300LCA<\/td>\n<td>140109-00010A<\/td>\n<td>1475<\/td>\n<td>1165<\/td>\n<td>120<\/td>\n<td>90<\/td>\n<td>110<\/td>\n<td>35<\/td>\n<td>36<\/td>\n<td>85<\/td>\n<\/tr>\n<tr>\n<td>S340<\/td>\n<td>140109-00038<\/td>\n<td>1544<\/td>\n<td>1235<\/td>\n<td>122<\/td>\n<td>87<\/td>\n<td>110<\/td>\n<td>35-\u03c626<\/td>\n<td>40-M24<\/td>\n<td>90<\/td>\n<\/tr>\n<tr>\n<td>S340LC-V<\/td>\n<td>140109-00038<\/td>\n<td>1544<\/td>\n<td>1235<\/td>\n<td>122<\/td>\n<td>87<\/td>\n<td>110<\/td>\n<td>35-\u03c626<\/td>\n<td>40-M24<\/td>\n<td>90<\/td>\n<\/tr>\n<tr>\n<td>S340LC-V<\/td>\n<td>2109-1059a<\/td>\n<td>1544<\/td>\n<td>1235<\/td>\n<td>122<\/td>\n<td>87<\/td>\n<td>110<\/td>\n<td>35-\u03c626<\/td>\n<td>40-M24<\/td>\n<td>90<\/td>\n<\/tr>\n<tr>\n<td>DOOSAN 420<\/td>\n<td>140109-00039<\/td>\n<td>1549<\/td>\n<td>1235<\/td>\n<td>134<\/td>\n<td>103<\/td>\n<td>120<\/td>\n<td>35-\u03c626<\/td>\n<td>40-M24<\/td>\n<td>90<\/td>\n<\/tr>\n<tr>\n<td>S420LC-V<\/td>\n<td>109-00161<\/td>\n<td>1550<\/td>\n<td>1235<\/td>\n<td>135<\/td>\n<td>102<\/td>\n<td>120<\/td>\n<td>35-\u03c626<\/td>\n<td>40-M24<\/td>\n<td>90<\/td>\n<\/tr>\n<tr>\n<td>DX420LC<\/td>\n<td>140109-00007A<\/td>\n<td>1550<\/td>\n<td>1236<\/td>\n<td>132<\/td>\n<td>103<\/td>\n<td>120<\/td>\n<td>35<\/td>\n<td>40<\/td>\n<td>90<\/td>\n<\/tr>\n<tr>\n<td>470<\/td>\n<td>109-00159<\/td>\n<td>1682<\/td>\n<td>1320<\/td>\n<td>139<\/td>\n<td>118<\/td>\n<td>111<\/td>\n<td>44<\/td>\n<td>44<\/td>\n<td>111<\/td>\n<\/tr>\n<\/tbody>\n<\/table>\n<p><img decoding=\"async\" class=\"alignnone wp-image-2788 size-full\" src=\"https:\/\/swingbearing.net\/wp-content\/uploads\/2024\/05\/777.jpg\" alt=\"pasukamieji \u017eiediniai guoliai\" width=\"1980\" height=\"700\" srcset=\"https:\/\/swingbearing.net\/wp-content\/uploads\/2024\/05\/777.jpg 1980w, https:\/\/swingbearing.net\/wp-content\/uploads\/2024\/05\/777-300x106.jpg 300w, https:\/\/swingbearing.net\/wp-content\/uploads\/2024\/05\/777-1024x362.jpg 1024w, https:\/\/swingbearing.net\/wp-content\/uploads\/2024\/05\/777-768x272.jpg 768w, https:\/\/swingbearing.net\/wp-content\/uploads\/2024\/05\/777-1536x543.jpg 1536w, https:\/\/swingbearing.net\/wp-content\/uploads\/2024\/05\/777-18x6.jpg 18w, https:\/\/swingbearing.net\/wp-content\/uploads\/2024\/05\/777-600x212.jpg 600w\" sizes=\"(max-width: 1980px) 100vw, 1980px\" \/><\/p>\n<p><img decoding=\"async\" class=\"alignnone wp-image-2754 size-full\" src=\"https:\/\/swingbearing.net\/wp-content\/uploads\/2024\/05\/\u672a\u6807\u9898-3_03-e1715445132148.jpg\" alt=\"S\u016bpyn\u0117s guolis\" width=\"1970\" height=\"590\" srcset=\"https:\/\/swingbearing.net\/wp-content\/uploads\/2024\/05\/\u672a\u6807\u9898-3_03-e1715445132148.jpg 1970w, https:\/\/swingbearing.net\/wp-content\/uploads\/2024\/05\/\u672a\u6807\u9898-3_03-e1715445132148-300x90.jpg 300w, https:\/\/swingbearing.net\/wp-content\/uploads\/2024\/05\/\u672a\u6807\u9898-3_03-e1715445132148-1024x307.jpg 1024w, https:\/\/swingbearing.net\/wp-content\/uploads\/2024\/05\/\u672a\u6807\u9898-3_03-e1715445132148-768x230.jpg 768w, https:\/\/swingbearing.net\/wp-content\/uploads\/2024\/05\/\u672a\u6807\u9898-3_03-e1715445132148-1536x460.jpg 1536w, https:\/\/swingbearing.net\/wp-content\/uploads\/2024\/05\/\u672a\u6807\u9898-3_03-e1715445132148-18x5.jpg 18w, https:\/\/swingbearing.net\/wp-content\/uploads\/2024\/05\/\u672a\u6807\u9898-3_03-e1715445132148-600x180.jpg 600w\" sizes=\"(max-width: 1970px) 100vw, 1970px\" \/><\/figure>\n<h2>Ekskavatori\u0173 s\u016bpyn\u0117s ratas<\/h2>\n<p>Ekskavatoriai yra sunkiasvor\u0117s ma\u0161inos, pla\u010diai naudojamos statybose, kasyboje ir kitose pramon\u0117s \u0161akose \u017eem\u0117s kasimo darbams atlikti. \u0160ias ma\u0161inas sudaro \u012fvairios sudedamosios dalys, \u012fskaitant ekskavatoriaus pasukam\u0105j\u012f rat\u0105, kuris atlieka svarb\u0173 vaidmen\u012f skland\u017eiam ekskavatoriaus darbui. Pasukamasis ratas arba pasukamasis guolis yra esminis komponentas, padedantis suktis ekskavatoriaus vir\u0161utinei konstrukcijai. Jei ie\u0161kote auk\u0161tos kokyb\u0117s ekskavatoriaus pasukam\u0173j\u0173 guoli\u0173, DOOSAN ir DAEWOO ekskavatori\u0173 pasukamieji guoliai jums puikiai tiks.<\/p>\n<p>DOOSAN ir DAEWOO ekskavatori\u0173 svyravimo ratas yra patikimi ir patvar\u016bs komponentai, galintys atlaikyti dideles apkrovas, ekstremalias temperat\u016bras ir at\u0161iauri\u0105 aplink\u0105. Jie pagaminti i\u0161 auk\u0161tos kokyb\u0117s med\u017eiag\u0173, u\u017etikrinan\u010di\u0173 j\u0173 ilgaam\u017ei\u0161kum\u0105 ir puik\u0173 veikim\u0105. \u0160ie pasukamieji ratai suprojektuoti taip, kad suma\u017eint\u0173 trint\u012f ir nusid\u0117v\u0117jim\u0105, u\u017etikrinant skland\u0173 ir pastov\u0173 veikim\u0105 net esant didel\u0117ms apkrovoms.<\/p>\n<p>Viena i\u0161 i\u0161skirtini\u0173 DOOSAN ir DAEWOO svyruoklini\u0173 guoli\u0173 savybi\u0173 - j\u0173 suderinamumas su \u012fvairiais ekskavatori\u0173 modeliais, DH35 DH55 DH60 DH55 DH60 DH60 DH80 DH80-7 DH80GOLD DH150 DH200 DH220-3-5 DH280-5 DX60-DX200-DX225 DX260 DH290 DH360 DH420 DH500 DH55-5 DH60\/DX60 DH80\/DH80GLD DH130-5 DH150-7 DX150 DH220-3 DH215-7 DH215-9E DH220-5 DH220-7 DH215-9 DH225-7\/9 DX225-7 DH250-5 DX255-5 DH258-7 DH280 DH290 DH300-5 DH300 DH300-7 DX300-9 DH360-5\/7 DH400-5 DH370-7 DH370-9 DH420 DH450-3 DH500 DH550, ir daug kit\u0173.<\/p>\n<h3>\u0160ie svyruokliniai ratai b\u016bna \u012fvairi\u0173 dyd\u017ei\u0173 ir konfig\u016bracij\u0173, kad atitikt\u0173 konkre\u010dius j\u016bs\u0173 ekskavatoriaus reikalavimus.<\/h3>\n<p>Jei ie\u0161kote ekskavatori\u0173 dali\u0173 svyruoklini\u0173 guoli\u0173, pasi\u017eymin\u010di\u0173 puikiomis eksploatacin\u0117mis savyb\u0117mis ir ilgaam\u017ei\u0161kumu, DOOSAN ir DAEWOO ekskavatori\u0173 svyruokliniai apskritimai yra puikus pasirinkimas. \u0160ie svyruokliniai apskritimai suprojektuoti taip, kad u\u017etikrint\u0173 pastov\u0173 ir patikim\u0105 veikim\u0105 net ir sud\u0117tingiausiomis s\u0105lygomis. Juos lengva montuoti ir pri\u017ei\u016br\u0117ti, tod\u0117l u\u017etikrinamas nesud\u0117tingas eksploatavimas ir ma\u017eesn\u0117s technin\u0117s prie\u017ei\u016bros i\u0161laidos.<\/p>\n<p>Apibendrinant galima teigti, kad DOOSAN ekskavatoriaus svyruoklinis guolis ir DAEWOO ekskavatoriaus svyruoklinis guolis yra puikus pasirinkimas, jei ie\u0161kote auk\u0161tos kokyb\u0117s, patvari\u0173 ir patikim\u0173 ekskavatoriaus svyruoklini\u0173 guoli\u0173. Jie suprojektuoti taip, kad u\u017etikrint\u0173 i\u0161skirtin\u012f na\u0161um\u0105, suma\u017eint\u0173 prastov\u0173 laik\u0105 ir padidint\u0173 bendr\u0105 na\u0161um\u0105. D\u0117l j\u0173 suderinamumo su \u012fvairiais ekskavatoriais.<\/p>","protected":false},"excerpt":{"rendered":"<div class=\"woocommerce-product-details__short-description\">\n<p><strong>Dalis<\/strong> #: 140109-00043<br \/>\n<strong>Pasidarykite<\/strong>: DOOSAN<br \/>\n<strong>Modelis<\/strong>: 255LC-V<br \/>\nB\u016bkl\u0117: S\u016bpyn\u0117s ratas<br \/>\n<strong>Daugiau<\/strong>:DH550,DH500,DH450-3<br \/>\nDX420LC, Dx300LCA, S140LC-V<\/p>\n<\/div>","protected":false},"featured_media":2858,"template":"","meta":[],"product_brand":[],"product_cat":[22,69],"product_tag":[52],"class_list":{"0":"post-2321","1":"product","2":"type-product","3":"status-publish","4":"has-post-thumbnail","6":"product_cat-swing-bearing","7":"product_cat-doosan-excavator-swing-bearing","8":"product_tag-swing-bearing","10":"first","11":"instock","12":"shipping-taxable","13":"product-type-simple"},"_links":{"self":[{"href":"https:\/\/swingbearing.net\/lt\/wp-json\/wp\/v2\/product\/2321","targetHints":{"allow":["GET"]}}],"collection":[{"href":"https:\/\/swingbearing.net\/lt\/wp-json\/wp\/v2\/product"}],"about":[{"href":"https:\/\/swingbearing.net\/lt\/wp-json\/wp\/v2\/types\/product"}],"wp:featuredmedia":[{"embeddable":true,"href":"https:\/\/swingbearing.net\/lt\/wp-json\/wp\/v2\/media\/2858"}],"wp:attachment":[{"href":"https:\/\/swingbearing.net\/lt\/wp-json\/wp\/v2\/media?parent=2321"}],"wp:term":[{"taxonomy":"product_brand","embeddable":true,"href":"https:\/\/swingbearing.net\/lt\/wp-json\/wp\/v2\/product_brand?post=2321"},{"taxonomy":"product_cat","embeddable":true,"href":"https:\/\/swingbearing.net\/lt\/wp-json\/wp\/v2\/product_cat?post=2321"},{"taxonomy":"product_tag","embeddable":true,"href":"https:\/\/swingbearing.net\/lt\/wp-json\/wp\/v2\/product_tag?post=2321"}],"curies":[{"name":"wp","href":"https:\/\/api.w.org\/{rel}","templated":true}]}}