{"id":2319,"date":"2024-04-12T06:48:22","date_gmt":"2024-04-12T06:48:22","guid":{"rendered":"https:\/\/swingbearing.net\/?post_type=product&#038;p=2319"},"modified":"2024-08-27T05:48:19","modified_gmt":"2024-08-27T05:48:19","slug":"jcb-swing-bearing","status":"publish","type":"product","link":"https:\/\/swingbearing.net\/lt\/product\/jcb-swing-bearing\/","title":{"rendered":"JCB s\u016bpyn\u0117s guolis"},"content":{"rendered":"<h2 style=\"text-align: center;\">JCB s\u016bpyn\u0117s guoli\u0173 parametrai<\/h2>\n<figure class=\"wp-block-table is-style-stripes has-small-font-size\">\n<table class=\"has-cyan-bluish-gray-background-color has-background\">\n<tbody>\n<tr>\n<td>Modelis<\/td>\n<td>Dalies numeris<\/td>\n<td>I\u0161orinis skersmuo<\/td>\n<td>Vidinis skersmuo<\/td>\n<td>Bendras auk\u0161tis<\/td>\n<td>I\u0161orinis auk\u0161tis<\/td>\n<td>Vidinis auk\u0161tis<\/td>\n<td>I\u0161orin\u0117s skyl\u0117s parametrai<\/td>\n<td>Vidin\u0117s skyl\u0117s parametrai<\/td>\n<td>Dant\u0173 skai\u010dius<\/td>\n<\/tr>\n<tr>\n<td>JCB 8060<\/td>\n<td>234\/11000<\/td>\n<td>852<\/td>\n<td>648.5<\/td>\n<td>70<\/td>\n<td>55<\/td>\n<td>60<\/td>\n<td>24<\/td>\n<td>24<\/td>\n<td>109<\/td>\n<\/tr>\n<tr>\n<td>JCB JS130<\/td>\n<td>332\/K8067\uff08New)<\/td>\n<td>1174<\/td>\n<td>972<\/td>\n<td>88<\/td>\n<td>56<\/td>\n<td>78<\/td>\n<td>32-\u042418<\/td>\n<td>36-M16<\/td>\n<td>98<\/td>\n<\/tr>\n<tr>\n<td>JCB JS130<\/td>\n<td>JNB0146\uff08Old\uff09<\/td>\n<td>1174<\/td>\n<td>972<\/td>\n<td>80<\/td>\n<td>56<\/td>\n<td>70<\/td>\n<td>28-\u042418<\/td>\n<td>36-M16<\/td>\n<td>98<\/td>\n<\/tr>\n<tr>\n<td>JCB JS130<\/td>\n<td>JNB0160<\/td>\n<td>1174<\/td>\n<td>972<\/td>\n<td>80<\/td>\n<td>56<\/td>\n<td>70<\/td>\n<td>28-\u042418<\/td>\n<td>36-M16<\/td>\n<td>98<\/td>\n<\/tr>\n<tr>\n<td>JCB160<\/td>\n<td>331\/12091<\/td>\n<td>1330<\/td>\n<td>1093<\/td>\n<td>102<\/td>\n<td>74<\/td>\n<td>92<\/td>\n<td>31-\u042422.5<\/td>\n<td>36-M20<\/td>\n<td>92<\/td>\n<\/tr>\n<tr>\n<td>JCB 205<\/td>\n<td>333\/P7280<\/td>\n<td>1328<\/td>\n<td>1092<\/td>\n<td>102<\/td>\n<td>74<\/td>\n<td>92<\/td>\n<td>31-\u03c622<\/td>\n<td>36-M20<\/td>\n<td>92<\/td>\n<\/tr>\n<tr>\n<td>JS200LC<\/td>\n<td>JRB0017<\/td>\n<td>1328<\/td>\n<td>1092<\/td>\n<td>102<\/td>\n<td>74<\/td>\n<td>92<\/td>\n<td>31-\u042422.5<\/td>\n<td>36-M20<\/td>\n<td>92<\/td>\n<\/tr>\n<tr>\n<td>JCB JS220<\/td>\n<td>JRB0017<\/td>\n<td>1328<\/td>\n<td>1092<\/td>\n<td>102<\/td>\n<td>74<\/td>\n<td>92<\/td>\n<td>31-\u042422.5<\/td>\n<td>36-M20<\/td>\n<td>92<\/td>\n<\/tr>\n<tr>\n<td>JCB JS220<\/td>\n<td>JRB0017<\/td>\n<td>1328<\/td>\n<td>1092<\/td>\n<td>102<\/td>\n<td>74<\/td>\n<td>92<\/td>\n<td>31-\u042422.5<\/td>\n<td>36-M20<\/td>\n<td>92<\/td>\n<\/tr>\n<tr>\n<td>JCB 240<\/td>\n<td>JBB0001<\/td>\n<td>1375<\/td>\n<td>1094<\/td>\n<td>125<\/td>\n<td>80<\/td>\n<td>115<\/td>\n<td>26<\/td>\n<td>36<\/td>\n<td>92<\/td>\n<\/tr>\n<tr>\n<td>JCB JS240<\/td>\n<td>916\/10029<\/td>\n<td>1375<\/td>\n<td>1094<\/td>\n<td>124<\/td>\n<td>80<\/td>\n<td>114<\/td>\n<td>26-\u042426<\/td>\n<td>36-M24<\/td>\n<td>92<\/td>\n<\/tr>\n<tr>\n<td>JCB JS330<\/td>\n<td>JSB0022<\/td>\n<td>1509<\/td>\n<td>1192<\/td>\n<td>135<\/td>\n<td>100<\/td>\n<td>125<\/td>\n<td>38-\u03c626<\/td>\n<td>43-M24<\/td>\n<td>86<\/td>\n<\/tr>\n<tr>\n<td>JCB 360<\/td>\n<td>JSB0022<\/td>\n<td>1510<\/td>\n<td>1193<\/td>\n<td>135<\/td>\n<td>101<\/td>\n<td>125<\/td>\n<td>38-\u03c626<\/td>\n<td>30-M22<\/td>\n<td>86<\/td>\n<\/tr>\n<\/tbody>\n<\/table>\n<\/figure>\n<p>Pasukamieji guoliai yra esminiai ekskavatoriaus konstrukcijos komponentai, leid\u017eiantys jam suktis aplink savo a\u0161\u012f. \u0160ie guoliai turi b\u016bti tvirti ir kokybi\u0161ki, kad atlaikyt\u0173 at\u0161iaurias s\u0105lygas ir darbo kr\u016bv\u012f statybviet\u0117se. JCB ekskavatori\u0173 svyruokliniai guoliai yra puikus pasirinkimas tiems, kurie ie\u0161ko patikim\u0173, patvari\u0173 ir auk\u0161tos kokyb\u0117s gamini\u0173.<\/p>\n<p>Pasukamieji guoliai kartais vadinami ekskavatori\u0173 pasukamaisiais guoliais, pasukamaisiais \u017eiediniais guoliais, pos\u016bkio guoliais ir ekskavatori\u0173 pasukamaisiais \u017eiedais bei kitais pavadinimais. Ta\u010diau vis\u0173 j\u0173 paskirtis ta pati: u\u017etikrinti skland\u0173 ir stabil\u0173 ekskavatoriaus vir\u0161utin\u0117s konstrukcijos sukim\u0105si.<\/p>\n<p>Ekskavatoriaus svyruoklinis guolis yra viena svarbiausi\u0173 ma\u0161inos dali\u0173, tod\u0117l jis turi b\u016bti tvirtas ir patikimas, kad u\u017etikrint\u0173 optimal\u0173 veikim\u0105. JCB ekskavatori\u0173 svyruokliniai guoliai gaminami i\u0161 auk\u0161tos kokyb\u0117s med\u017eiag\u0173, o gamybos procese laikomasi grie\u017et\u0173 kokyb\u0117s kontrol\u0117s priemoni\u0173, kad b\u016bt\u0173 u\u017etikrintas puikus veikimas, patikimumas ir ilgaam\u017ei\u0161kumas. \u0160ie guoliai gali atlaikyti dideles apkrovas ir veikti at\u0161iauriomis aplinkos s\u0105lygomis, taip u\u017etikrinant ekskavatoriaus sukimosi sistemos ilgaam\u017ei\u0161kum\u0105.<\/p>\n<p>JCB ekskavatori\u0173 svyruokliniai guoliai yra lengvai montuojami ir reikalauja minimalios prie\u017ei\u016bros. \u0160ie guoliai sukurti taip, kad suma\u017eint\u0173 prastov\u0173 laik\u0105 ir padidint\u0173 na\u0161um\u0105, o investicijos puikiai atsipirkt\u0173. U\u017etikrindami skland\u0173 ir patikim\u0105 ekskavatoriaus vir\u0161utin\u0117s konstrukcijos sukim\u0105si, JCB ekskavatori\u0173 svyruokliniai guoliai padeda operatoriams projektus \u012fgyvendinti laiku ir nevir\u0161ijant biud\u017eeto.<\/p>\n<p>Apibendrinant galima teigti, kad JCB ekskavatori\u0173 svyruokliniai guoliai yra puikus pasirinkimas tiems, kurie ie\u0161ko auk\u0161tos kokyb\u0117s, patvari\u0173 ir patikim\u0173 gamini\u0173. J\u0173 galima \u012fsigyti \u012fvairiems modeliams, \u012fskaitant JCB8045, JCB8055, JCB8056, JCB8060, JCB8061, JCB8065, JS130, JS140, JS200, JS210, JS220, JCB70, JCB360 ir JS205. \u0160iuos guolius lengva sumontuoti, jiems reikia minimalios prie\u017ei\u016bros, jie sukurti taip, kad atlaikyt\u0173 dideles apkrovas ir at\u0161iaurias aplinkos s\u0105lygas, taip u\u017etikrinant ekskavatoriaus sukimosi sistemos ilgaam\u017ei\u0161kum\u0105. Naudodami JCB ekskavatori\u0173 pasukamuosius guolius, galite b\u016bti tikri, kad j\u016bs\u0173 ekskavatorius dirbs optimaliai, didindamas na\u0161um\u0105 ir u\u017etikrindamas patikim\u0105 investicij\u0173 gr\u0105\u017e\u0105.<\/p>","protected":false},"excerpt":{"rendered":"<p><strong>Dalis<\/strong> #: JSB0022<br \/>\n<strong>Pasidarykite<\/strong>: JCB<br \/>\n<strong>Modelis<\/strong>: JCB 36<br \/>\n<strong>B\u016bkl\u0117<\/strong>: Naujas svyruoklinis guolis<br \/>\n<strong>Daugiau<\/strong>:JCB8045,JCB8055,8056<br \/>\nJCB8061,JCB360,JS330,JS240<\/p>","protected":false},"featured_media":2336,"template":"","meta":[],"product_brand":[],"product_cat":[22,70],"product_tag":[52],"class_list":{"0":"post-2319","1":"product","2":"type-product","3":"status-publish","4":"has-post-thumbnail","6":"product_cat-swing-bearing","7":"product_cat-jcb-excavator-swing-bearing","8":"product_tag-swing-bearing","10":"first","11":"instock","12":"shipping-taxable","13":"product-type-simple"},"_links":{"self":[{"href":"https:\/\/swingbearing.net\/lt\/wp-json\/wp\/v2\/product\/2319","targetHints":{"allow":["GET"]}}],"collection":[{"href":"https:\/\/swingbearing.net\/lt\/wp-json\/wp\/v2\/product"}],"about":[{"href":"https:\/\/swingbearing.net\/lt\/wp-json\/wp\/v2\/types\/product"}],"wp:featuredmedia":[{"embeddable":true,"href":"https:\/\/swingbearing.net\/lt\/wp-json\/wp\/v2\/media\/2336"}],"wp:attachment":[{"href":"https:\/\/swingbearing.net\/lt\/wp-json\/wp\/v2\/media?parent=2319"}],"wp:term":[{"taxonomy":"product_brand","embeddable":true,"href":"https:\/\/swingbearing.net\/lt\/wp-json\/wp\/v2\/product_brand?post=2319"},{"taxonomy":"product_cat","embeddable":true,"href":"https:\/\/swingbearing.net\/lt\/wp-json\/wp\/v2\/product_cat?post=2319"},{"taxonomy":"product_tag","embeddable":true,"href":"https:\/\/swingbearing.net\/lt\/wp-json\/wp\/v2\/product_tag?post=2319"}],"curies":[{"name":"wp","href":"https:\/\/api.w.org\/{rel}","templated":true}]}}