{"id":2318,"date":"2024-04-12T06:48:07","date_gmt":"2024-04-12T06:48:07","guid":{"rendered":"https:\/\/swingbearing.net\/?post_type=product&#038;p=2318"},"modified":"2024-06-05T06:15:39","modified_gmt":"2024-06-05T06:15:39","slug":"excavator-swing-bearing-kobelco-sk170","status":"publish","type":"product","link":"https:\/\/swingbearing.net\/lt\/product\/excavator-swing-bearing-kobelco-sk170\/","title":{"rendered":"KOBELCO svyruoklinis guolis"},"content":{"rendered":"<h2 style=\"text-align: center;\">KOBELCO svyruoklini\u0173 guoli\u0173 parametrai<\/h2>\n<figure class=\"wp-block-table is-style-stripes has-small-font-size\">\n<table class=\"has-cyan-bluish-gray-background-color has-background\">\n<tbody>\n<tr>\n<td>Modelis<\/td>\n<td>Dalies numeris<\/td>\n<td>I\u0161orinis skersmuo<\/td>\n<td>Vidinis skersmuo<\/td>\n<td>Bendras auk\u0161tis<\/td>\n<td>I\u0161orinis auk\u0161tis<\/td>\n<td>Vidinis auk\u0161tis<\/td>\n<td>I\u0161orin\u0117s skyl\u0117s parametrai<\/td>\n<td>Vidin\u0117s skyl\u0117s parametrai<\/td>\n<td>Dant\u0173 skai\u010dius<\/td>\n<\/tr>\n<tr>\n<td>SK75-8<\/td>\n<td>YT40F00004F1<\/td>\n<td>810<\/td>\n<td>586<\/td>\n<td>80<\/td>\n<td>62<\/td>\n<td>61<\/td>\n<td>24<\/td>\n<td>30<\/td>\n<td>75<\/td>\n<\/tr>\n<tr>\n<td>SK75 UR-3<\/td>\n<td>2425U261F1<\/td>\n<td>810<\/td>\n<td>587<\/td>\n<td>84<\/td>\n<td>67<\/td>\n<td>67<\/td>\n<td>25<\/td>\n<td>30<\/td>\n<td>75<\/td>\n<\/tr>\n<tr>\n<td>SK130LC IV<\/td>\n<td>LP40FU0001F1<\/td>\n<td>1093<\/td>\n<td>880<\/td>\n<td>85<\/td>\n<td>60<\/td>\n<td>75<\/td>\n<td>28-\u03c617<\/td>\n<td>36-M16<\/td>\n<td>89<\/td>\n<\/tr>\n<tr>\n<td>SK-140<\/td>\n<td>YY40F00009F1<\/td>\n<td>1131<\/td>\n<td>921<\/td>\n<td>85<\/td>\n<td>60<\/td>\n<td>75<\/td>\n<td>34-\u03c617<\/td>\n<td>36-M16<\/td>\n<td>93<\/td>\n<\/tr>\n<tr>\n<td>SK140SR<\/td>\n<td>YY40F00009F1<\/td>\n<td>1129<\/td>\n<td>919.5<\/td>\n<td>85<\/td>\n<td>60<\/td>\n<td>75<\/td>\n<td>34<\/td>\n<td>36<\/td>\n<td>93<\/td>\n<\/tr>\n<tr>\n<td>SK200<\/td>\n<td>24100N7440F1<\/td>\n<td>1312<\/td>\n<td>1082<\/td>\n<td>106<\/td>\n<td>78<\/td>\n<td>95<\/td>\n<td>33-\u042422<\/td>\n<td>36-M20<\/td>\n<td>110<\/td>\n<\/tr>\n<tr>\n<td>K907LC-2<\/td>\n<td>24100N3978F<\/td>\n<td>1312<\/td>\n<td>1084<\/td>\n<td>105<\/td>\n<td>78<\/td>\n<td>95<\/td>\n<td>32-\u03c622<\/td>\n<td>36-M20*1.5<\/td>\n<td>110<\/td>\n<\/tr>\n<tr>\n<td>SK200<\/td>\n<td>YN40FU0001F1<\/td>\n<td>1312<\/td>\n<td>1082<\/td>\n<td>106<\/td>\n<td>\uff1f<\/td>\n<td>\uff1f<\/td>\n<td>33<\/td>\n<td>36<\/td>\n<td>110<\/td>\n<\/tr>\n<tr>\n<td>SK200-6<\/td>\n<td>YN40F00008F1<\/td>\n<td>1312<\/td>\n<td>1081.5<\/td>\n<td>106<\/td>\n<td>78<\/td>\n<td>95<\/td>\n<td>33-\u042422<\/td>\n<td>36-M20<\/td>\n<td>110<\/td>\n<\/tr>\n<tr>\n<td>SK200-6<\/td>\n<td>YN40F00004F2<\/td>\n<td>1312<\/td>\n<td>1082<\/td>\n<td>105<\/td>\n<td>78<\/td>\n<td>95<\/td>\n<td>33-\u042422<\/td>\n<td>36-M20<\/td>\n<td>110<\/td>\n<\/tr>\n<tr>\n<td>SK200-8\/ E215<\/td>\n<td>YN40F00026F1<\/td>\n<td>1310<\/td>\n<td>1081<\/td>\n<td>109<\/td>\n<td>78<\/td>\n<td>97<\/td>\n<td>33<\/td>\n<td>36<\/td>\n<td>110<\/td>\n<\/tr>\n<tr>\n<td>SK200-8<\/td>\n<td>YN40F00026F2<\/td>\n<td>1312<\/td>\n<td>1082<\/td>\n<td>106<\/td>\n<td>78<\/td>\n<td>95<\/td>\n<td>33-\u03c622<\/td>\n<td>36-M20*1.5<\/td>\n<td>110<\/td>\n<\/tr>\n<tr>\n<td>SK200-10<\/td>\n<td>Yn40f00042f2<\/td>\n<td>1310<\/td>\n<td>1082<\/td>\n<td>108<\/td>\n<td>78<\/td>\n<td>98<\/td>\n<td>33-\u03c621.5<\/td>\n<td>36-M20*1.5<\/td>\n<td>110<\/td>\n<\/tr>\n<tr>\n<td>SK210LC<\/td>\n<td>YN40F00019F2<\/td>\n<td>1312<\/td>\n<td>1081.5<\/td>\n<td>106<\/td>\n<td>78<\/td>\n<td>95<\/td>\n<td>33-\u042422<\/td>\n<td>36-M20*1.5<\/td>\n<td>110<\/td>\n<\/tr>\n<tr>\n<td>SK210LC-6<\/td>\n<td>Yn40f00004f1<\/td>\n<td>1312<\/td>\n<td>1081.5<\/td>\n<td>106<\/td>\n<td>78<\/td>\n<td>95<\/td>\n<td>33-\u042422<\/td>\n<td>36-M20*1.5<\/td>\n<td>110<\/td>\n<\/tr>\n<tr>\n<td>SK210LC-8<\/td>\n<td>YN40F00026F1<\/td>\n<td>1310<\/td>\n<td>1081<\/td>\n<td>109<\/td>\n<td>78<\/td>\n<td>97<\/td>\n<td>33<\/td>\n<td>36<\/td>\n<td>110<\/td>\n<\/tr>\n<tr>\n<td>SK220LC III\/IV<\/td>\n<td>24100N7441F1<\/td>\n<td>1312<\/td>\n<td>1082<\/td>\n<td>106<\/td>\n<td>78<\/td>\n<td>95<\/td>\n<td>33-\u042423<\/td>\n<td>36-M20*1.5<\/td>\n<td>110<\/td>\n<\/tr>\n<tr>\n<td>SK230-6<\/td>\n<td>LQ40F00004F1<\/td>\n<td>1410<\/td>\n<td>1131<\/td>\n<td>120<\/td>\n<td>88<\/td>\n<td>110<\/td>\n<td>33-\u03c622<\/td>\n<td>36-M20*1.5<\/td>\n<td>82<\/td>\n<\/tr>\n<tr>\n<td>SK235<\/td>\n<td>YN40F01004P1<\/td>\n<td>1409<\/td>\n<td>1080<\/td>\n<td>116<\/td>\n<td>88<\/td>\n<td>106<\/td>\n<td>33<\/td>\n<td>36<\/td>\n<td>110<\/td>\n<\/tr>\n<tr>\n<td>SK250-6E<\/td>\n<td>LQ40F00005F1<\/td>\n<td>1416<\/td>\n<td>1131<\/td>\n<td>120<\/td>\n<td>85<\/td>\n<td>110<\/td>\n<td>33-\u03c621<\/td>\n<td>36-M20*1.5<\/td>\n<td>82<\/td>\n<\/tr>\n<tr>\n<td>SK250-8<\/td>\n<td>LQ40F00014F1<\/td>\n<td>1416<\/td>\n<td>1131<\/td>\n<td>120<\/td>\n<td>85<\/td>\n<td>110<\/td>\n<td>33-\u03c621<\/td>\n<td>36-M20*1.5<\/td>\n<td>82<\/td>\n<\/tr>\n<tr>\n<td>SK250LC-6E<\/td>\n<td>LQ40f00004f1<\/td>\n<td>1410<\/td>\n<td>1131<\/td>\n<td>120<\/td>\n<td>88<\/td>\n<td>110<\/td>\n<td>33-\u03c622<\/td>\n<td>36-M20<\/td>\n<td>82<\/td>\n<\/tr>\n<tr>\n<td>SK250NLC-6<\/td>\n<td>24100N7441F1<\/td>\n<td>1410<\/td>\n<td>1131<\/td>\n<td>120<\/td>\n<td>88<\/td>\n<td>110<\/td>\n<td>33-\u03c622<\/td>\n<td>36-M20*1.5<\/td>\n<td>82<\/td>\n<\/tr>\n<tr>\n<td>SK260-8<\/td>\n<td>LQ40F000014F1<\/td>\n<td>1418<\/td>\n<td>1132<\/td>\n<td>120<\/td>\n<td>86<\/td>\n<td>110<\/td>\n<td>33-\u042421<\/td>\n<td>36-M20*1.5<\/td>\n<td>82<\/td>\n<\/tr>\n<tr>\n<td>SK330<\/td>\n<td>LC40F00019F1<\/td>\n<td>1613<\/td>\n<td>1272<\/td>\n<td>120<\/td>\n<td>100<\/td>\n<td>110<\/td>\n<td>35-\u03c626<\/td>\n<td>36-M24*2<\/td>\n<td>92<\/td>\n<\/tr>\n<tr>\n<td>SK330-6E<\/td>\n<td>LC40F00009F1<\/td>\n<td>1564<\/td>\n<td>1200<\/td>\n<td>125<\/td>\n<td>105<\/td>\n<td>115<\/td>\n<td>35-\u03a626<\/td>\n<td>36-M24<\/td>\n<td>77<\/td>\n<\/tr>\n<tr>\n<td>SK330LC V1<\/td>\n<td>LC40FU0001F1<\/td>\n<td>1564<\/td>\n<td>1200<\/td>\n<td>125<\/td>\n<td>105<\/td>\n<td>115<\/td>\n<td>35-\u03a626<\/td>\n<td>36-M24<\/td>\n<td>77<\/td>\n<\/tr>\n<tr>\n<td>SK330LC-6E<\/td>\n<td>LC40F00009F1<\/td>\n<td>1564<\/td>\n<td>1200<\/td>\n<td>125<\/td>\n<td>105<\/td>\n<td>115<\/td>\n<td>35-\u03a626<\/td>\n<td>36-M24<\/td>\n<td>77<\/td>\n<\/tr>\n<tr>\n<td>SK330-6E<\/td>\n<td>LC40F00012F<\/td>\n<td>1560<\/td>\n<td>1200<\/td>\n<td>125<\/td>\n<td>105<\/td>\n<td>115<\/td>\n<td>35<\/td>\n<td>36<\/td>\n<td>77<\/td>\n<\/tr>\n<tr>\n<td>SK350<\/td>\n<td>LC40F00018F1<\/td>\n<td>1613<\/td>\n<td>1272<\/td>\n<td>120<\/td>\n<td>100<\/td>\n<td>110<\/td>\n<td>35-\u042426<\/td>\n<td>36-M24*2<\/td>\n<td>92<\/td>\n<\/tr>\n<tr>\n<td>SK350ME<\/td>\n<td>FG4E9648E-J6<\/td>\n<td>1613<\/td>\n<td>1272<\/td>\n<td>120<\/td>\n<td>100<\/td>\n<td>110<\/td>\n<td>35-\u03c626<\/td>\n<td>36-M24*2<\/td>\n<td>92<\/td>\n<\/tr>\n<\/tbody>\n<\/table>\n<\/figure>\n<p>Ekskavatoriaus pasukamieji guoliai yra labai svarb\u016bs ekskavatoriaus sukimosi sistemos komponentai. Jie sujungia vir\u0161utin\u0119 konstrukcij\u0105 su va\u017eiuokle ir leid\u017eia ekskavatoriui suktis apie savo a\u0161\u012f. M\u016bs\u0173 \u012fmon\u0117 gamina auk\u0161tos kokyb\u0117s ekskavatori\u0173 pasukamuosius guolius, dar vadinamus pasukamaisiais \u017eiedais, pos\u016bkio guoliais, pasukamaisiais apskritimais ir kitais, specialiai sukurtus \u012fvairiems KOBELCO ekskavatori\u0173 modeliams.<\/p>\n<p>\u0160ie ekskavatori\u0173 svyruokliniai guoliai sukurti taip, kad atlaikyt\u0173 ekstremalias darbo s\u0105lygas ir u\u017etikrint\u0173 patikim\u0105 ir ilgaam\u017e\u012f veikim\u0105 ilg\u0105 laik\u0105. Jie gaminami i\u0161 auk\u0161tos kokyb\u0117s med\u017eiag\u0173 ir yra grie\u017etai i\u0161bandomi, kad atitikt\u0173 auk\u0161\u010diausius pramon\u0117s standartus. Taip u\u017etikrinamas optimalus veikimas, saugumas ir patikimumas, kartu suma\u017einamos prastovos ir technin\u0117s prie\u017ei\u016bros i\u0161laidos.<\/p>\n<h4>M\u016bs\u0173 \u012fmon\u0117 si\u016blo plat\u0173 KOBELCO ekskavatori\u0173 svyruoklini\u0173 guoli\u0173 modeli\u0173 asortiment\u0105<\/h4>\n<p>\u012fskaitant SK35, SK50, SK60, SK75, SK100, SK120, SK200-1-2-3-4-5-6, SK230, SK250, SK260, SK280, SK300, SK330, SK330-6, SK350, SK400, SK450, SK480, RK200, SK55, SK60-3, SK60-5, SK60-8, SK60SR, SK75\/SK75-8, K904C, SK905C, SK907B, K907C, SK100, SK120-3, SK120-5, SK135, SK03, SK04, SK045N2, SK130, SK140-8, SK07-1-N2, SK07-N2, SK200-1, SK200-2, SK200-3, SK200-5, SK200-6, SK210-6-6, SK200-8, SK210-8, SK230-6E, SK250-6, SK250-8, SK260-8, SK270D, SK330-8, SK350-8, SK480-6 ir SK480-8.<\/p>\n<p>J\u016bs\u0173 \u012fmon\u0117 gamina ne tik ekskavatori\u0173 pasukamuosius guolius, bet ir kitas ekskavatori\u0173 dalis, pavyzd\u017eiui, ekskavatori\u0173 pasukam\u0105sias pavaras ir pasukamuosius guolius. Jos suprojektuotos taip, kad skland\u017eiai veikt\u0173 kartu su ekskavatoriaus pasukamaisiais guoliais ir u\u017etikrint\u0173 did\u017eiausi\u0105 efektyvum\u0105, na\u0161um\u0105 ir saugum\u0105 darbo vietoje.<\/p>\n<p>Taigi, jei ie\u0161kote patikim\u0173 ir auk\u0161tos kokyb\u0117s ekskavatoriaus pasukam\u0173j\u0173 guoli\u0173 savo KOBELCO ekskavatoriui, ie\u0161kokite tik savo \u012fmon\u0117je. Tur\u0117dami plat\u0173 modeli\u0173 pasirinkim\u0105, galite b\u016bti tikri, kad rasite savo ekskavatoriui puikiai tinkant\u012f variant\u0105. J\u016bs\u0173 \u012fmon\u0117s \u012fsipareigojimas u\u017etikrinti kokyb\u0119 ir klient\u0173 pasitenkinim\u0105 garantuoja, kad gausite geriausi\u0105 gamin\u012f ir aptarnavim\u0105.<\/p>\n<figure class=\"wp-block-image size-full is-resized\"><a href=\"https:\/\/national-bearing.com\/\" target=\"_blank\" rel=\"noopener\"><img decoding=\"async\" class=\"ls-is-cached lazyloaded alignnone wp-image-177\" src=\"https:\/\/national-bearing.com\/wp-content\/uploads\/2023\/04\/0001.jpg\" sizes=\"(max-width: 843px) 100vw, 843px\" srcset=\"https:\/\/national-bearing.com\/wp-content\/uploads\/2023\/04\/0001.jpg 600w, https:\/\/national-bearing.com\/wp-content\/uploads\/2023\/04\/0001-300x200.jpg 300w\" alt=\"\" width=\"699\" height=\"466\" data-srcset=\"https:\/\/national-bearing.com\/wp-content\/uploads\/2023\/04\/0001.jpg 600w, https:\/\/national-bearing.com\/wp-content\/uploads\/2023\/04\/0001-300x200.jpg 300w\" data-src=\"https:\/\/national-bearing.com\/wp-content\/uploads\/2023\/04\/0001.jpg\" data-sizes=\"(max-width: 843px) 100vw, 843px\" \/><\/a><\/figure>","protected":false},"excerpt":{"rendered":"<p><strong>Dalis<\/strong> #: YM40F00006F1<br \/>\n<strong>Pasidarykite<\/strong>: KOBELCO<br \/>\n<strong>Modelis<\/strong>: SK170LC-8<br \/>\n<strong>B\u016bkl\u0117<\/strong>: Naujas s\u016bpuokli\u0173 guolis<br \/>\n<strong>Daugiau<\/strong>:K904C,SK480-8,SK330-8<br \/>\nSK350-8SK905C,SK907B,SK350<\/p>","protected":false},"featured_media":2350,"template":"","meta":[],"product_brand":[],"product_cat":[67,22],"product_tag":[52],"class_list":{"0":"post-2318","1":"product","2":"type-product","3":"status-publish","4":"has-post-thumbnail","6":"product_cat-kobelco-excavator-swing-bearing","7":"product_cat-swing-bearing","8":"product_tag-swing-bearing","10":"first","11":"instock","12":"shipping-taxable","13":"product-type-simple"},"_links":{"self":[{"href":"https:\/\/swingbearing.net\/lt\/wp-json\/wp\/v2\/product\/2318","targetHints":{"allow":["GET"]}}],"collection":[{"href":"https:\/\/swingbearing.net\/lt\/wp-json\/wp\/v2\/product"}],"about":[{"href":"https:\/\/swingbearing.net\/lt\/wp-json\/wp\/v2\/types\/product"}],"wp:featuredmedia":[{"embeddable":true,"href":"https:\/\/swingbearing.net\/lt\/wp-json\/wp\/v2\/media\/2350"}],"wp:attachment":[{"href":"https:\/\/swingbearing.net\/lt\/wp-json\/wp\/v2\/media?parent=2318"}],"wp:term":[{"taxonomy":"product_brand","embeddable":true,"href":"https:\/\/swingbearing.net\/lt\/wp-json\/wp\/v2\/product_brand?post=2318"},{"taxonomy":"product_cat","embeddable":true,"href":"https:\/\/swingbearing.net\/lt\/wp-json\/wp\/v2\/product_cat?post=2318"},{"taxonomy":"product_tag","embeddable":true,"href":"https:\/\/swingbearing.net\/lt\/wp-json\/wp\/v2\/product_tag?post=2318"}],"curies":[{"name":"wp","href":"https:\/\/api.w.org\/{rel}","templated":true}]}}