{"id":2178,"date":"2024-03-26T07:47:56","date_gmt":"2024-03-26T07:47:56","guid":{"rendered":"https:\/\/swingbearing.net\/?post_type=product&#038;p=2178"},"modified":"2024-05-06T03:58:33","modified_gmt":"2024-05-06T03:58:33","slug":"excavator-hydraulic-pump-k5v160dth","status":"publish","type":"product","link":"https:\/\/swingbearing.net\/lt\/product\/excavator-hydraulic-pump-k5v160dth\/","title":{"rendered":"K5V160DTH-9N4A XE370CA\/ XE335C\/XE370DK\/ XE335\/XE370G\/XE360UA ekskavatori\u0173 hidrauliniam siurbliui"},"content":{"rendered":"<h4>Ekskavatoriaus hidraulinio siurblio veikimo principas<\/h4>\n<p>Ekskavatoriai - tai \u012fprasta statybos ma\u0161in\u0173 ir \u012frangos r\u016b\u0161is, pla\u010diai naudojama \u017eem\u0117s kasimo, transportavimo, krovos ir kitoms in\u017einerin\u0117ms operacijoms. Hidraulinis siurblys yra vienas i\u0161 pagrindini\u0173 ekskavatoriaus komponent\u0173, atsakingas u\u017e stabilios hidraulin\u0117s galios u\u017etikrinim\u0105. Taigi, kaip veikia ekskavatoriaus hidraulinis siurblys? Dabar i\u0161samiai supraskime ekskavatoriaus hidraulinio siurblio veikimo princip\u0105.<\/p>\n<p>Ekskavatoriaus hidraulin\u012f siurbl\u012f daugiausia sudaro hidraulinio siurblio korpusas, perdavimo velenas, movos ir siurblio valdymo sistema. Jo veikimo principas - mechanin\u0119 energij\u0105 paversti hidrauline energija ir per hidraulin\u0119 sistem\u0105 perduoti j\u0105 kitoms hidraulin\u0117ms pavaroms, kad b\u016bt\u0173 pasiektas ekskavatoriaus veikimas.<\/p>\n<p><b>Susij\u0119s ekskavatoriaus hidraulinis siurblys, kur\u012f tiekiame:<\/b><\/p>\n<div class=\"rich-text-table\">\n<figure class=\"wp-block-table is-style-stripes has-small-font-size\">\n<table class=\"has-cyan-bluish-gray-background-color has-background\">\n<tbody>\n<tr>\n<td>K3V63DT hidraulinis siurblys 9C\/14T<\/td>\n<td>K7V63DTP hidraulinis siurblys 9N0E\/14T(LG915)<\/td>\n<td>K3V112DT hidraulinis siurblys 9N\/14T<\/td>\n<td>K3V112DTP OE11\/14T(SY215-8S\/9)<\/td>\n<td>K5V140DTP 9N\/17T(DH300-7\/19)<\/td>\n<\/tr>\n<tr>\n<td>K3V63DT hidraulinis siurblys 9N\/14T<\/td>\n<td>K5V80DTP hidraulinis siurblys 9N\/12T (R150-9)<\/td>\n<td>K3V112DTP 9Y14\/14T(SH210A5)<\/td>\n<td>K3V112DT 1E42\/14T(EC220D)<\/td>\n<td>K5V140DTP 9C\/17T(R305-7\/25)<\/td>\n<\/tr>\n<tr>\n<td>K3V63DT hidraulinis siurblys HN\/14T<\/td>\n<td>K5V80DTP HN\/12T(DH150W-7)<\/td>\n<td>K3V112DT 9T1L\/14T(SK200-6)<\/td>\n<td>K3V112DTP 9C\/14T(JCB220\/25)<\/td>\n<td>K5V140DTP 9N\/17T(DX300-7\/25)<\/td>\n<\/tr>\n<tr>\n<td>K3V63DT hidraulinis siurblys 9P\/14T<\/td>\n<td>K3V112DT hidraulinis siurblys 9C\/12T<\/td>\n<td>K3V112DTP hidraulinis siurblys 9TCM\/14T (SK200-6)<\/td>\n<td>K3V112DTP 9P12\/12T(R225-9)<\/td>\n<td>K5V140DT 9N\/17T(Liu Gong933E)<\/td>\n<\/tr>\n<tr>\n<td>K3V63DTP 9N\/14T(Takeuchi135)<\/td>\n<td>K3V112DT hidraulinis siurblys 9N\/12T<\/td>\n<td>K3V112DTP 9TEL\/14T(SK200-6E)<\/td>\n<td>K3V112DTP hidraulinis siurblys 9N\/14T (LG920E)<\/td>\n<td>K5V140DTPYT6K\/17T(SK350-8)<\/td>\n<\/tr>\n<tr>\n<td>K3V63DTP OE02\/14T(SK135)<\/td>\n<td>K3V112DT hidraulinis siurblys HN\/12T<\/td>\n<td>K3V112DTP hidraulinis siurblys YT6K\/17T (SK200-8)<\/td>\n<td>K3V112DTP 9N\/14T(SH200A3)<\/td>\n<td>K5V140DT 1E05\/17T(EC250D)<\/td>\n<\/tr>\n<tr>\n<td>K3V63DTP 9C\/14T(JCB130)<\/td>\n<td>K3V112DT 9C\/14T<\/td>\n<td>K3V112DTP hidraulinis siurblys 9T8L\/14T (SY215-8)<\/td>\n<td>K3V112DTP 9P12\/16T(PC200-7)<\/td>\n<td>K5V140DTP 9T1L\/17T(SY235-8)<\/td>\n<\/tr>\n<\/tbody>\n<\/table>\n<p><strong>M\u016bs\u0173 i\u0161samiame kataloge rasite plat\u0173 ekskavatori\u0173 dali\u0173 pasirinkim\u0105, \u012fskaitant, bet neapsiribojant:<\/strong><\/p>\n<table class=\"has-cyan-bluish-gray-background-color has-background\">\n<tbody>\n<tr>\n<td rowspan=\"2\">omatsu<\/td>\n<td>PC40, PC60-5-6-7, PC100, PC120, PC130, PC240, PC270, PC300, PC360, PC400, PC450, PC650, PC1250<\/td>\n<\/tr>\n<tr>\n<td>PC200-1-3-3-5-6, PC220-1-3-5, PC300-3-5, PC400-1-3-5, D20, D30, D31, D50, D60, D75, D80 (D85), D155<\/td>\n<\/tr>\n<tr>\n<td rowspan=\"2\">Hitachi<\/td>\n<td>EX40, EX60, EX150, EX100M, EX100, EX100, EX120, EX150,<\/td>\n<\/tr>\n<tr>\n<td>EX200-1-2-3, EX300-1-3-5, EX400, ZX450,ZX470,ZX870,ZX1200<\/td>\n<\/tr>\n<tr>\n<td>\"Volvo\"<\/td>\n<td>EC55\/60, EC140, EC210, EC240, EC290, EC360, EC460, EC700<\/td>\n<\/tr>\n<tr>\n<td>Doosan<\/td>\n<td>DH215, DH220, DH260, DH280, DH300, DH370, DH420, DH450, DH500<\/td>\n<\/tr>\n<tr>\n<td>Hyundai<\/td>\n<td>R200, R210, R225, R265, R335, R455, R505<\/td>\n<\/tr>\n<tr>\n<td>Kobelco<\/td>\n<td>SK200, SK210, SK220, SK260, SK300, SK330, SK350, SK450, SK460, SK480, SK800<\/td>\n<\/tr>\n<tr>\n<td>Sumitomo<\/td>\n<td>SH120, SH200, SH280, SH300, SH350, SH400, SH450, SH460, SH70<\/td>\n<\/tr>\n<\/tbody>\n<\/table>\n<p>Caterpilla r serija:<br \/>\nVRD63, E200B, AP12, AP14, CAT320C, SPK10\/10, SPV10\/10, CAT12G, CAT14G, CAT16G, CAT215, CAT245, CAT330B, PSV450, CAT992.<br \/>\nLiebher serija:<br \/>\nLPVD45, LPVD64, LPVD90, LPVD100, LPVD125, LPVD140, LPVD250<br \/>\n\"Kawasaki\" serija:<br \/>\nK3SP30, K3SP36C, K3V63DT\/BDT, K3V112DT, K3V140DT, K3V180DT, K5V140, K5V200, NV64, NV84, NV111DT, NV137, NV172, NV270, NX15, NVK45, KVC925, KVC930, KVC932, M2X63, M2X96, M2X120, M2X146, M2X120, M2X1150\/170, M2X210, M5X130, M5X180, MX150, MX173, MX500, MAG150, MAG170, GM05VL, GM06VL, GM05VA, GM07VA, GM08, GM09, GM10, GM23, GM24, GM30, GM35, GM38.<br \/>\n\"Kobelco\" serija:<br \/>\nSK200-1\/3,SK220-3(MA340),SK220-2,SK200-6,SK320,SK430.<br \/>\nVOLVO serija:<br \/>\nF11-28, F11-39, F11-010, F11-150, F11-250, F12-060, F12-080, F12-110.<\/figure>\n<\/div>\n<p><img decoding=\"async\" class=\"wp-image-2162 size-full\" src=\"https:\/\/swingbearing.net\/wp-content\/uploads\/2024\/03\/00001.jpg\" alt=\"ekskavatoriaus hidraulinis siurblys\" width=\"837\" height=\"777\" srcset=\"https:\/\/swingbearing.net\/wp-content\/uploads\/2024\/03\/00001.jpg 837w, https:\/\/swingbearing.net\/wp-content\/uploads\/2024\/03\/00001-300x278.jpg 300w, https:\/\/swingbearing.net\/wp-content\/uploads\/2024\/03\/00001-768x713.jpg 768w, https:\/\/swingbearing.net\/wp-content\/uploads\/2024\/03\/00001-13x12.jpg 13w, https:\/\/swingbearing.net\/wp-content\/uploads\/2024\/03\/00001-600x557.jpg 600w\" sizes=\"(max-width: 837px) 100vw, 837px\" \/><\/p>\n<div id=\"attachment_2163\" style=\"width: 847px\" class=\"wp-caption alignnone\"><img decoding=\"async\" aria-describedby=\"caption-attachment-2163\" class=\"wp-image-2163 size-full\" src=\"https:\/\/swingbearing.net\/wp-content\/uploads\/2024\/03\/00002.jpg\" alt=\"ekskavatoriaus hidraulinis siurblys\" width=\"837\" height=\"677\" srcset=\"https:\/\/swingbearing.net\/wp-content\/uploads\/2024\/03\/00002.jpg 837w, https:\/\/swingbearing.net\/wp-content\/uploads\/2024\/03\/00002-300x243.jpg 300w, https:\/\/swingbearing.net\/wp-content\/uploads\/2024\/03\/00002-768x621.jpg 768w, https:\/\/swingbearing.net\/wp-content\/uploads\/2024\/03\/00002-15x12.jpg 15w, https:\/\/swingbearing.net\/wp-content\/uploads\/2024\/03\/00002-600x485.jpg 600w\" sizes=\"(max-width: 837px) 100vw, 837px\" \/><p id=\"caption-attachment-2163\" class=\"wp-caption-text\"><a href=\"https:\/\/swingbearing.net\/lt\/hydraulic-motor\/\">ekskavatoriaus hidraulinis siurblys<\/a><\/p><\/div>\n<p>Hidraulinio siurblio korpusas yra pagrindin\u0117 ekskavatoriaus hidraulinio siurblio sudedamoji dalis, paprastai naudojamas krumpliaratinis arba plun\u017eerinis siurblys.Hidraulinio siurblio korpuse yra pora krumpliara\u010di\u0173 arba plun\u017eeri\u0173, kurie tarpusavyje sujungti hidraulinio siurblio korpuse ir sudaro tam tikr\u0105 t\u016br\u012f siurblio korpuse. Sukantis hidraulinio siurblio transmisijos velenui, atitinkamai sukasi krumpliaratis arba plun\u017eeris, taip keisdamas siurblio kameros t\u016br\u012f.<\/p>\n<p>Kai siurblio kameros t\u016bris padid\u0117ja, sl\u0117gis siurblio viduje suma\u017e\u0117ja, ir hidraulin\u0117 alyva patenka \u012f siurblio kamer\u0105 per \u012fsiurbimo ang\u0105; kai siurblio kameros t\u016bris suma\u017e\u0117ja, sl\u0117gis siurblio viduje padid\u0117ja, ir hidraulin\u0117 alyva i\u0161teka i\u0161 siurblio kameros per sl\u0117gio ang\u0105. Tokiu principu veikiantis hidraulinis siurblys gali nuolat \u012fsiurbti ir i\u0161leisti hidraulin\u0119 alyv\u0105, formuodamas stabili\u0105 hidraulin\u0119 energij\u0105.<\/p>\n<p>Veikiant hidrauliniam siurbliui, jis turi b\u016bti sujungtas su kitomis sistemomis, tod\u0117l reikia, kad veikt\u0173 transmisijos velenas ir sankaba. Perdavimo velenas perduoda variklio gali\u0105 hidrauliniam siurbliui ir priver\u010dia j\u012f suktis; sankaba sujungia hidraulin\u012f siurbl\u012f su perdavimo velenu, kad b\u016bt\u0173 u\u017etikrintas j\u0173 sinchroninis veikimas. Hidraulinio siurblio valdymo sistema yra atsakinga u\u017e hidraulinio siurblio paleidimo, stabdymo ir darbinio sl\u0117gio parametr\u0173 valdym\u0105. Kai ekskavatoriui reikia dirbti, valdymo sistema siun\u010dia signal\u0105 hidrauliniam siurbliui \u012fsijungti ir u\u017etikrina atitinkam\u0105 darbin\u012f sl\u0117g\u012f.<\/p>\n<p>Kai ekskavatoriui nereikia dirbti, valdymo sistema sustabdo hidraulinio siurblio veikim\u0105, kad b\u016bt\u0173 taupoma energija. Apskritai ekskavatoriaus hidraulinio siurblio veikimo principas - per hidraulinio siurblio korpus\u0105 mechanin\u0119 energij\u0105 paversti hidrauline energija ir per hidraulin\u0119 sistem\u0105 perduoti j\u0105 kitoms hidraulin\u0117ms pavaroms, kad b\u016bt\u0173 pasiektas ekskavatoriaus veikimas.<\/p>\n<p>Hidrauliniams siurbliams veikti reikia suderinti transmisijos velen\u0105 ir mov\u0105, o valdymo sistema kontroliuoja j\u0173 paleidimo, stabdymo ir darbinio sl\u0117gio parametrus. Ekskavatoriaus hidraulinio siurblio veikimo principas yra paprastas, ta\u010diau nuo jo priklauso normalus ekskavatoriaus veikimas. Tik u\u017etikrinus normal\u0173 hidraulinio siurblio veikim\u0105 galima pagerinti ekskavatoriaus efektyvum\u0105 ir na\u0161um\u0105. Tod\u0117l ekskavatori\u0173 eksploatavimo ir technin\u0117s prie\u017ei\u016bros procese b\u016btina ai\u0161kiai suprasti hidraulini\u0173 siurbli\u0173 veikimo princip\u0105 ir laiku atlikti technin\u0119 prie\u017ei\u016br\u0105 bei remont\u0105, kad b\u016bt\u0173 u\u017etikrintas normalus ekskavatori\u0173 veikimas.<\/p>\n<div id=\"attachment_2159\" style=\"width: 978px\" class=\"wp-caption aligncenter\"><a href=\"https:\/\/national-bearing.com\/excavator-swing-bearings-slewing-rings-cat\/\" target=\"_blank\" rel=\"noopener\"><img decoding=\"async\" aria-describedby=\"caption-attachment-2159\" class=\"wp-image-2158\" src=\"https:\/\/swingbearing.net\/wp-content\/uploads\/2024\/03\/\u5fae\u4fe1\u622a\u56fe_20240320145420.jpg\" alt=\" ekskavatoriaus hidraulinis siurblys\" width=\"968\" height=\"575\" srcset=\"https:\/\/swingbearing.net\/wp-content\/uploads\/2024\/03\/\u5fae\u4fe1\u622a\u56fe_20240320145420.jpg 842w, https:\/\/swingbearing.net\/wp-content\/uploads\/2024\/03\/\u5fae\u4fe1\u622a\u56fe_20240320145420-300x178.jpg 300w, https:\/\/swingbearing.net\/wp-content\/uploads\/2024\/03\/\u5fae\u4fe1\u622a\u56fe_20240320145420-768x456.jpg 768w, https:\/\/swingbearing.net\/wp-content\/uploads\/2024\/03\/\u5fae\u4fe1\u622a\u56fe_20240320145420-18x12.jpg 18w, https:\/\/swingbearing.net\/wp-content\/uploads\/2024\/03\/\u5fae\u4fe1\u622a\u56fe_20240320145420-600x356.jpg 600w\" sizes=\"(max-width: 968px) 100vw, 968px\" \/><\/a><p id=\"caption-attachment-2159\" class=\"wp-caption-text\"><img decoding=\"async\" class=\"wp-image-2160 aligncenter\" style=\"font-size: 16px;\" src=\"https:\/\/swingbearing.net\/wp-content\/uploads\/2024\/03\/\u5fae\u4fe1\u56fe\u7247_20240320143749.png\" alt=\" ekskavatoriaus hidraulinis siurblys\" width=\"972\" height=\"311\" srcset=\"https:\/\/swingbearing.net\/wp-content\/uploads\/2024\/03\/\u5fae\u4fe1\u56fe\u7247_20240320143749.png 1043w, https:\/\/swingbearing.net\/wp-content\/uploads\/2024\/03\/\u5fae\u4fe1\u56fe\u7247_20240320143749-300x96.png 300w, https:\/\/swingbearing.net\/wp-content\/uploads\/2024\/03\/\u5fae\u4fe1\u56fe\u7247_20240320143749-1024x328.png 1024w, https:\/\/swingbearing.net\/wp-content\/uploads\/2024\/03\/\u5fae\u4fe1\u56fe\u7247_20240320143749-768x246.png 768w, https:\/\/swingbearing.net\/wp-content\/uploads\/2024\/03\/\u5fae\u4fe1\u56fe\u7247_20240320143749-18x6.png 18w, https:\/\/swingbearing.net\/wp-content\/uploads\/2024\/03\/\u5fae\u4fe1\u56fe\u7247_20240320143749-600x192.png 600w\" sizes=\"(max-width: 972px) 100vw, 972px\" \/><\/p><\/div>\n<p>ekskavatoriaus hidraulinis siurblys<\/p>","protected":false},"excerpt":{"rendered":"<p>ekskavatoriaus hidraulinis siurblys<\/p>\n<pre title=\"K7V63DTP-9N03 for Doosan Dx140lcr-3 Gamintojo tiek\u0117jas Hidraulinio siurblio komplektas ekskavatoriaus dalims su elektromagnetiniu vo\u017etuvu\" data-spm-anchor-id=\"a2700.details.0.i49.7222be96aP5ElP\"><\/pre>","protected":false},"featured_media":2136,"template":"","meta":[],"product_brand":[],"product_cat":[34],"product_tag":[],"class_list":{"0":"post-2178","1":"product","2":"type-product","3":"status-publish","4":"has-post-thumbnail","6":"product_cat-hydraulic-pumps","8":"first","9":"instock","10":"shipping-taxable","11":"product-type-simple"},"_links":{"self":[{"href":"https:\/\/swingbearing.net\/lt\/wp-json\/wp\/v2\/product\/2178","targetHints":{"allow":["GET"]}}],"collection":[{"href":"https:\/\/swingbearing.net\/lt\/wp-json\/wp\/v2\/product"}],"about":[{"href":"https:\/\/swingbearing.net\/lt\/wp-json\/wp\/v2\/types\/product"}],"wp:featuredmedia":[{"embeddable":true,"href":"https:\/\/swingbearing.net\/lt\/wp-json\/wp\/v2\/media\/2136"}],"wp:attachment":[{"href":"https:\/\/swingbearing.net\/lt\/wp-json\/wp\/v2\/media?parent=2178"}],"wp:term":[{"taxonomy":"product_brand","embeddable":true,"href":"https:\/\/swingbearing.net\/lt\/wp-json\/wp\/v2\/product_brand?post=2178"},{"taxonomy":"product_cat","embeddable":true,"href":"https:\/\/swingbearing.net\/lt\/wp-json\/wp\/v2\/product_cat?post=2178"},{"taxonomy":"product_tag","embeddable":true,"href":"https:\/\/swingbearing.net\/lt\/wp-json\/wp\/v2\/product_tag?post=2178"}],"curies":[{"name":"wp","href":"https:\/\/api.w.org\/{rel}","templated":true}]}}