{"id":2116,"date":"2024-03-11T07:23:22","date_gmt":"2024-03-11T07:23:22","guid":{"rendered":"https:\/\/swingbearing.net\/?post_type=product&#038;p=2116"},"modified":"2024-03-11T07:43:37","modified_gmt":"2024-03-11T07:43:37","slug":"final-drive-jcb-js180","status":"publish","type":"product","link":"https:\/\/swingbearing.net\/lt\/product\/final-drive-jcb-js180\/","title":{"rendered":"Final Drive JCB JS180 track drive JLA0369, 400\/S8564, 20\/925532, 05\/903832"},"content":{"rendered":"<h4>Galime pasi\u016blyti plat\u0173 ekskavatoriams skirt\u0173 va\u017eiavimo varikli\u0173 \/ galutin\u0117s pavaros agregat\u0173 \/ va\u017eiavimo reduktori\u0173 asortiment\u0105.<\/h4>\n<p>Va\u017eiavimo variklis (galutin\u0117 pavara) yra mechaninis \u012ftaisas, da\u017eniausiai naudojamas elektriniams prietaisams, pavyzd\u017eiui, robotams, motoroleriams ir elektriniams dvira\u010diams, varyti \u012f priek\u012f arba dirbti. Pagrindinis jo veikimo principas - naudojant elektromagnetin\u0117s indukcijos princip\u0105 generuoti sukimo moment\u0105, o po to per vidin\u012f reduktori\u0173 suma\u017einti greit\u012f, kad jud\u0117t\u0173 i\u0161oriniai ratai arba grandin\u0117s. Konstrukciniu po\u017ei\u016briu va\u017eiavimo varikl\u012f paprastai sudaro greitaeigis hidraulinis variklis, stabd\u017eiai, planetinis reduktorius, vo\u017etuv\u0173 grup\u0117 ir t. t. Jame naudojama didel\u0117s apkrovos k\u016bgini\u0173 ritinini\u0173 guoli\u0173 konstrukcija, skirta ekskavatoriaus a\u0161in\u0117ms ir radialin\u0117ms j\u0117goms, atsirandan\u010dioms ekskavatoriui dirbant ir sukantis, atlaikyti.<br \/>\nM\u016bs\u0173 patyrusi pardavim\u0173 komanda turi daugyb\u0119 \u017eini\u0173 ir patirties apie galutin\u0119 kelioni\u0173 pavar\u0105, tod\u0117l galime u\u017etikrinti, kad j\u016bs\u0173 kelioni\u0173 variklio reikalavimus \u012fvykdysime greitai ir ekonomi\u0161kai efektyviai.<\/p>\n<p><strong>\u00a0Palaikomi gamintojai<\/strong><br \/>\n\u0160iuo metu galime pasi\u016blyti \u012fvairi\u0173 kompanij\u0173, toki\u0173 kaip \"Komatsu\", \"Hitachi\", \"Caterpillar\", \"Volvo\", \"Case\", \"Doosan\", \"Sumitomo\", \"Hyundai\", \"Kobelco\", JCB, \"Liugong\", \"Sany\" ir XCMG, gaminam\u0173 ekskavatori\u0173 variklius.<\/p>\n<h4>Related JCB\u00a0 Excavator Einal Drive \u00a0Assy<\/h4>\n<figure class=\"wp-block-table is-style-stripes has-small-font-size\">\n<table class=\"has-cyan-bluish-gray-background-color has-background\" style=\"height: 1166px;\" width=\"920\">\n<tbody>\n<tr>\n<td width=\"361\">JLA0327 KLA0134 JS180<\/td>\n<td width=\"302\">\u00a0JLA0327 KLA0134 JS160JCB<\/td>\n<\/tr>\n<tr>\n<td width=\"361\">\u00a0LNM0447 JLA0369 KLA0113 JS180<\/td>\n<td width=\"302\">JLA0369 05\/903832 KLA0113 JS160JCB<\/td>\n<\/tr>\n<tr>\n<td width=\"361\">LNM0334 JS70JCB<\/td>\n<td width=\"302\">JG0RA012 KRA0917 JS200LCJCB<\/td>\n<\/tr>\n<tr>\n<td width=\"361\">LNM0331 KAA0715 JS70MONOJCB<\/td>\n<td width=\"302\">JG0RA012 JRA0121 KRA0917 JS200LCJCB<\/td>\n<\/tr>\n<tr>\n<td width=\"361\">LNM0323 KMA0961 KNA0381 JS130AUTOJCB<\/td>\n<td width=\"302\">JBA0167 JS260JCB<\/td>\n<\/tr>\n<tr>\n<td width=\"361\">\u00a0KTA0663 KTA0664 KTA0483 KTA0665 JS450LCJCB<\/td>\n<td width=\"302\">JBA0055 JBA0167 JS240JCB<\/td>\n<\/tr>\n<tr>\n<td width=\"361\">KSA0642 JS300LCJCB<\/td>\n<td width=\"302\">332\/J1841 332\/J3238 20\/925532 332\/E5626 JS145HD<\/td>\n<\/tr>\n<tr>\n<td width=\"361\">KNA0767 KNA0630 05\/903832 JS130JCB<\/td>\n<td width=\"302\">332\/J1841 20\/925532 332\/E5626 JS145LCJCB<\/td>\n<\/tr>\n<tr>\n<td width=\"361\">\u00a0KMA0961 KNA0381 JS110JCB<\/td>\n<td width=\"302\">332\/E5680 20\/951655JCB<\/td>\n<\/tr>\n<tr>\n<td width=\"361\">\u00a0KMA0961 JS150LCJCB<\/td>\n<td width=\"302\">332\/D1987 05\/204600 05\/204600 JS360LRJCB<\/td>\n<\/tr>\n<tr>\n<td width=\"361\">\u00a0JSA0073 05\/202500 JS330AUTOJCB<\/td>\n<td width=\"302\">332\/D1987 05\/204600 JS360XDJCB<\/td>\n<\/tr>\n<tr>\n<td width=\"361\">JSA0073 05\/903857 05\/202500 JSA0073 JS330XDJCB<\/td>\n<td width=\"302\">20\/951655 332\/E5680 JZ140HDJCB<\/td>\n<\/tr>\n<tr>\n<td width=\"361\">JRA0264 JRA0124 JS210JCB<\/td>\n<td width=\"302\">\u00a020\/951655 JZ140RJCB<\/td>\n<\/tr>\n<tr>\n<td width=\"361\">\u00a0JRA0264 JS220XDJCB<\/td>\n<td width=\"302\">20\/950725 JAA0018 20\/950742 JZ70JCB<\/td>\n<\/tr>\n<tr>\n<td width=\"361\">JRA0124 JS200JCB<\/td>\n<td width=\"302\">20\/925645 JS290JCB<\/td>\n<\/tr>\n<tr>\n<td width=\"361\">JNA0221 05\/903837 JS115AUTOJCB<\/td>\n<td width=\"302\">20\/925550 50\/100177 JS460JCB<\/td>\n<\/tr>\n<tr>\n<td width=\"361\">JNA0221 05\/903837 JS110AUTOJCB<\/td>\n<td width=\"302\">20\/925550 05\/204000 JS460-T2JCB<\/td>\n<\/tr>\n<tr>\n<td width=\"361\">JLA0369 20\/925463 JZ140 JS130LCJCB<\/td>\n<td width=\"302\">20\/925532 JS180T3 JS160T3 JS190T3 JS160AUTOJCB<\/td>\n<\/tr>\n<tr>\n<td width=\"361\">20\/925463 JLA0369 JS145AUTOJCB<\/td>\n<td width=\"302\">20\/925465 20\/925520 20\/925318 JZ255JCB<\/td>\n<\/tr>\n<tr>\n<td width=\"361\">20\/925318 05\/903899 JS220LRJCB<\/td>\n<td width=\"302\">20\/925465 20\/925520 20\/925318 JZ255JCB<\/td>\n<\/tr>\n<tr>\n<td width=\"361\">20\/925318 05\/903899 JS220LRJCB<\/td>\n<td width=\"302\">20\/925465 JS260XDAutoJCB<\/td>\n<\/tr>\n<tr>\n<td width=\"361\">20\/925318 JS235HDJCB<\/td>\n<td width=\"302\">05\/903899 20\/925318 JS220LRJCB<\/td>\n<\/tr>\n<tr>\n<td width=\"361\">20\/925318 JS220HDJCB<\/td>\n<td width=\"302\">05\/903899 JZ235JCB<\/td>\n<\/tr>\n<tr>\n<td width=\"361\">20\/925318 05\/903899 JS220CHINA JS220JCB<\/td>\n<td width=\"302\">\u00a005\/903857 05\/202500 JSA0073 JSA0073 JS330JCB<\/td>\n<\/tr>\n<tr>\n<td width=\"361\">20\/925532 20\/925318 JS190JCB<\/td>\n<td width=\"302\">\u00a005\/903832 20\/925532 JS180AUTOJCB<\/td>\n<\/tr>\n<tr>\n<td width=\"361\">05\/903899 20\/925532 05\/903832 JS190JCB<\/td>\n<td width=\"302\">05\/204600 332\/D1987 JS360JCB<\/td>\n<\/tr>\n<tr>\n<td width=\"361\">JCB 801: 231\/80800.<\/td>\n<td width=\"302\">JCB 8050:\u00a0 20\/925682<\/td>\n<\/tr>\n<tr>\n<td width=\"361\">\u00a0JCB 8010-Micro: galutin\u0117 pavara, vik\u0161rin\u0117 pavara 20\/951891<\/td>\n<td width=\"302\">JCB 8052: 20\/951287, 20\/918200<\/td>\n<\/tr>\n<tr>\n<td width=\"361\">JCB 8014: 231\/80800\u00a0 JCB 8016: 231\/80800<\/td>\n<td width=\"302\">JCB 8055: 332\/P2511<\/td>\n<\/tr>\n<tr>\n<td width=\"361\">\u00a0JCB 8018: JCB 8018\u00a0 20\/925365, 20\/918400, 20\/925543,<\/td>\n<td width=\"302\">JCB 8060 20\/925564.<\/td>\n<\/tr>\n<tr>\n<td width=\"361\">JCB 8018 CTS t20\/925543,20\/925543.<\/td>\n<td width=\"302\">\u00a0JCB 8061: 20\/925564<\/td>\n<\/tr>\n<tr>\n<td width=\"361\">JCB 8018\u00a0 20\/925543<\/td>\n<td width=\"302\">JCB 8065: track drive\u00a0 20\/925564<\/td>\n<\/tr>\n<tr>\n<td width=\"361\">JCB 8025: 20\/925692.<\/td>\n<td width=\"302\">JCB 8080: track drive 20\/925448<\/td>\n<\/tr>\n<tr>\n<td width=\"361\">JCB 8026: 333\/S0071<\/td>\n<td width=\"302\">JCB 8085:\u00a0 332\/P2511, 332\/J6834<\/td>\n<\/tr>\n<tr>\n<td width=\"361\">JCB 8030\u00a0 20\/925691, 20\/925692<\/td>\n<td width=\"302\">JCB JS180:\u00a0 JLA0369, 400\/S8564, 20\/925532, 05\/903832.<\/td>\n<\/tr>\n<tr>\n<td width=\"361\">JCB 8035:\u00a0 20\/925692.<\/td>\n<td width=\"302\">\u00a0JCB240; SH240A5 SK250-8; 240; MAG-170VP-3800<\/td>\n<\/tr>\n<tr>\n<td width=\"361\">JCB 8040:\u00a0 20\/925682<\/td>\n<td width=\"302\">JS330; HD1430 KYB MAG170VP-5000 KYB B0240-93040<\/td>\n<\/tr>\n<\/tbody>\n<\/table>\n<p><strong>\u00a0Variklis ir pavar\u0173 d\u0117\u017e\u0117 Turimas modelis:<br \/>\n<\/strong>JCB 100C-1 8008 CTS 801.4 801.5 8014 8015 8016 8017 8018 8018 CTS 8018 Super 802 802 SUPER 802.4 802.4 SUPER 802.7 802.7 PLUS 802.7 SUPER 8020 8025 ZTS 8026 CTS 8027Z 8029 CTS 803 803 PLUS 803 SUPER 8030 ZTS 8032 ZTS 8032Z 8035 ZTS 804 SUPER 8050 ZTS 8052 8055 RTS 8055 ZTS 8056 8060 8061 CTS 8065 RTS 8080 811 812 812 Super 814 814 Super 814S R&#8217;Master 816 Super 817 818 R&#8217;Master 818 Super 820 820 Super 820D 85Z-1 86C-1 90Z-1 JS110 JS115 AUTO JS120 JS130 JS130 AUTO JS130 HD JS130LC JS130LC D JS130LC T4 JS140 UPGRADE JS145 JS145HD JS145LC JS145LCTAB JS150LC JS160 JS160 T3 JS160LC JS160LC TAB JS180 JS180 AUTO JS180 T3 JS180LC JS180LCTAB JS180NLC JS190 JS190 T3 JS200 JS200 L.Reach JS200 TIER 3 JS200L JS200LC JS200LC BR JS200LC T2 JS200LCBT2 JS200LR JS200NLCT2 JS200S T2 JS200SC CH JS210 JS210 ASIA JS210LC JS220 JS220 CHINA JS220 L.Reach JS220HD JS220LC CH JS220LC T2 JS220LR JS220LR TIER 3 JS220S T2 JS220SC CH JS220XD JS235 JS235 TIER 3 JS235HD JS240 JS240LC JS240LCT4 JS240NLCT4 JS240SC T4 JS240SCT4 JS260 JS260LCT4 JS260LRT4 JS260LXDT4 JS260NLCT4 JS260NXDT4 JS260SCT4 JS260SXDT4 JS260XD JS290 JS330 JS330XD JS360 JS360 Auto JS370 JS460 JS70 JS81 JS81 I JZ140 JZ140WM JZ235 JZ235 LCD JZ255 JZ70 MICRO MICRO 8008 MICRO PLUS MICRO PLUS-T2 TD10 TD7<\/p>\n<figure class=\"wp-block-table is-style-stripes has-small-font-size\">&nbsp;<\/p>\n<figure class=\"wp-block-table is-style-stripes has-small-font-size\">\n<figure class=\"wp-block-table is-style-stripes has-small-font-size\">\n<div id=\"attachment_2045\" style=\"width: 425px\" class=\"wp-caption alignnone\"><img decoding=\"async\" aria-describedby=\"caption-attachment-2045\" class=\"wp-image-2045\" src=\"https:\/\/swingbearing.net\/wp-content\/uploads\/2024\/03\/\u884c\u8d70_01-300x99.jpg\" alt=\"kelion\u0117s variklis\" width=\"415\" height=\"137\" srcset=\"https:\/\/swingbearing.net\/wp-content\/uploads\/2024\/03\/\u884c\u8d70_01-300x99.jpg 300w, https:\/\/swingbearing.net\/wp-content\/uploads\/2024\/03\/\u884c\u8d70_01-18x6.jpg 18w, https:\/\/swingbearing.net\/wp-content\/uploads\/2024\/03\/\u884c\u8d70_01-600x199.jpg 600w, https:\/\/swingbearing.net\/wp-content\/uploads\/2024\/03\/\u884c\u8d70_01.jpg 749w\" sizes=\"(max-width: 415px) 100vw, 415px\" \/><p id=\"caption-attachment-2045\" class=\"wp-caption-text\"><a href=\"https:\/\/swingbearing.net\/lt\/travel-reducer\/\">vaik\u0161\u010diojimo variklis<\/a><\/p><\/div>\n<div id=\"attachment_2046\" style=\"width: 445px\" class=\"wp-caption alignnone\"><img decoding=\"async\" aria-describedby=\"caption-attachment-2046\" class=\"wp-image-2046\" src=\"https:\/\/swingbearing.net\/wp-content\/uploads\/2024\/03\/\u884c\u8d70_03-300x100.jpg\" alt=\"kelion\u0117s variklis\" width=\"435\" height=\"145\" srcset=\"https:\/\/swingbearing.net\/wp-content\/uploads\/2024\/03\/\u884c\u8d70_03-300x100.jpg 300w, https:\/\/swingbearing.net\/wp-content\/uploads\/2024\/03\/\u884c\u8d70_03-18x6.jpg 18w, https:\/\/swingbearing.net\/wp-content\/uploads\/2024\/03\/\u884c\u8d70_03-600x201.jpg 600w, https:\/\/swingbearing.net\/wp-content\/uploads\/2024\/03\/\u884c\u8d70_03.jpg 750w\" sizes=\"(max-width: 435px) 100vw, 435px\" \/><p id=\"caption-attachment-2046\" class=\"wp-caption-text\"><a href=\"https:\/\/swingbearing.net\/lt\/hydraulic-motor\/\">va\u017eiavimo galutin\u0117 pavara<\/a><\/p><\/div>\n<p><div id=\"attachment_2047\" style=\"width: 450px\" class=\"wp-caption alignnone\"><img decoding=\"async\" aria-describedby=\"caption-attachment-2047\" class=\"wp-image-2047\" src=\"https:\/\/swingbearing.net\/wp-content\/uploads\/2024\/03\/\u884c\u8d70_04-300x101.jpg\" alt=\"Kelioni\u0173 ma\u017einimas\" width=\"440\" height=\"148\" srcset=\"https:\/\/swingbearing.net\/wp-content\/uploads\/2024\/03\/\u884c\u8d70_04-300x101.jpg 300w, https:\/\/swingbearing.net\/wp-content\/uploads\/2024\/03\/\u884c\u8d70_04-18x6.jpg 18w, https:\/\/swingbearing.net\/wp-content\/uploads\/2024\/03\/\u884c\u8d70_04-600x202.jpg 600w, https:\/\/swingbearing.net\/wp-content\/uploads\/2024\/03\/\u884c\u8d70_04.jpg 750w\" sizes=\"(max-width: 440px) 100vw, 440px\" \/><p id=\"caption-attachment-2047\" class=\"wp-caption-text\"><a href=\"https:\/\/swingbearing.net\/lt\/swing-bearing\/\">Kelioni\u0173 ma\u017einimas<\/a><\/p><\/div><\/figure>\n<\/figure>\n<\/figure>\n<\/figure>","protected":false},"excerpt":{"rendered":"<h5 class=\"ct-headline\">Categories:JCB\u00a0 Travel\u00a0 Motor\u00a0 Hydraulic Motor\u00a0 Final Drive<br \/>\nModel: JCB JS180JLA0369<br \/>\nPart No.:400\/S8564, 20\/925532, 05\/903832<\/h5>","protected":false},"featured_media":2118,"template":"","meta":[],"product_brand":[],"product_cat":[26],"product_tag":[],"class_list":{"0":"post-2116","1":"product","2":"type-product","3":"status-publish","4":"has-post-thumbnail","6":"product_cat-hydraulic-motors","8":"first","9":"instock","10":"shipping-taxable","11":"product-type-simple"},"_links":{"self":[{"href":"https:\/\/swingbearing.net\/lt\/wp-json\/wp\/v2\/product\/2116","targetHints":{"allow":["GET"]}}],"collection":[{"href":"https:\/\/swingbearing.net\/lt\/wp-json\/wp\/v2\/product"}],"about":[{"href":"https:\/\/swingbearing.net\/lt\/wp-json\/wp\/v2\/types\/product"}],"wp:featuredmedia":[{"embeddable":true,"href":"https:\/\/swingbearing.net\/lt\/wp-json\/wp\/v2\/media\/2118"}],"wp:attachment":[{"href":"https:\/\/swingbearing.net\/lt\/wp-json\/wp\/v2\/media?parent=2116"}],"wp:term":[{"taxonomy":"product_brand","embeddable":true,"href":"https:\/\/swingbearing.net\/lt\/wp-json\/wp\/v2\/product_brand?post=2116"},{"taxonomy":"product_cat","embeddable":true,"href":"https:\/\/swingbearing.net\/lt\/wp-json\/wp\/v2\/product_cat?post=2116"},{"taxonomy":"product_tag","embeddable":true,"href":"https:\/\/swingbearing.net\/lt\/wp-json\/wp\/v2\/product_tag?post=2116"}],"curies":[{"name":"wp","href":"https:\/\/api.w.org\/{rel}","templated":true}]}}