{"id":2114,"date":"2024-03-11T07:13:28","date_gmt":"2024-03-11T07:13:28","guid":{"rendered":"https:\/\/swingbearing.net\/?post_type=product&#038;p=2114"},"modified":"2024-03-11T07:16:47","modified_gmt":"2024-03-11T07:16:47","slug":"travel-motor-31n7-40020","status":"publish","type":"product","link":"https:\/\/swingbearing.net\/lt\/product\/travel-motor-31n7-40020\/","title":{"rendered":"HYUNDAI R250LC-7 vik\u0161rin\u0117s pavaros va\u017eiavimo variklis 31N7-40020"},"content":{"rendered":"<h4>Galime pasi\u016blyti plat\u0173 ekskavatoriams skirt\u0173 va\u017eiavimo varikli\u0173 \/ galutin\u0117s pavaros agregat\u0173 \/ va\u017eiavimo reduktori\u0173 asortiment\u0105.<\/h4>\n<p>Va\u017eiavimo variklis (galutin\u0117 pavara) yra mechaninis \u012ftaisas, da\u017eniausiai naudojamas elektriniams prietaisams, pavyzd\u017eiui, robotams, motoroleriams ir elektriniams dvira\u010diams, varyti \u012f priek\u012f arba dirbti. Pagrindinis jo veikimo principas - naudojant elektromagnetin\u0117s indukcijos princip\u0105 generuoti sukimo moment\u0105, o po to per vidin\u012f reduktori\u0173 suma\u017einti greit\u012f, kad jud\u0117t\u0173 i\u0161oriniai ratai arba grandin\u0117s. Konstrukciniu po\u017ei\u016briu va\u017eiavimo varikl\u012f paprastai sudaro greitaeigis hidraulinis variklis, stabd\u017eiai, planetinis reduktorius, vo\u017etuv\u0173 grup\u0117 ir t. t. Jame naudojama didel\u0117s apkrovos k\u016bgini\u0173 ritinini\u0173 guoli\u0173 konstrukcija, skirta ekskavatoriaus a\u0161in\u0117ms ir radialin\u0117ms j\u0117goms, atsirandan\u010dioms ekskavatoriui dirbant ir sukantis, atlaikyti.<br \/>\nM\u016bs\u0173 patyrusi pardavim\u0173 komanda turi daugyb\u0119 \u017eini\u0173 ir patirties apie galutin\u0119 kelioni\u0173 pavar\u0105, tod\u0117l galime u\u017etikrinti, kad j\u016bs\u0173 kelioni\u0173 variklio reikalavimus \u012fvykdysime greitai ir ekonomi\u0161kai efektyviai.<\/p>\n<p><strong>\u00a0Palaikomi gamintojai<\/strong><br \/>\n\u0160iuo metu galime pasi\u016blyti \u012fvairi\u0173 kompanij\u0173, toki\u0173 kaip \"Komatsu\", \"Hitachi\", \"Caterpillar\", \"Volvo\", \"Case\", \"Doosan\", \"Sumitomo\", \"Hyundai\", \"Kobelco\", JCB, \"Liugong\", \"Sany\" ir XCMG, gaminam\u0173 ekskavatori\u0173 variklius.<\/p>\n<h4>Susij\u0119s \"Hyundai\" ekskavatoriaus kelion\u0117s variklio mazgas<\/h4>\n<figure class=\"wp-block-table is-style-stripes has-small-font-size\">\n<table class=\"has-cyan-bluish-gray-background-color has-background\">\n<tbody>\n<tr>\n<td width=\"477\">\u00a031N840060BG 31N840061BG R290-7A R200LCM, va\u017eiavimo pavara, E131-0609 31N8-40054, 31N8-40056, 31N8-40070.<\/td>\n<td width=\"431\">\u00a0Robex R290, R290LC, Hyundai R290LC-7 R290NLC-7. R290 31N8-40050, 31N8-40051, 31N8-40053,<\/td>\n<\/tr>\n<tr>\n<td width=\"477\">\u00a031N8-40052 31N8-40053 31N840052 31N840053 R290-7A<\/td>\n<td>R305: 31N-40011, 31N-40050, 31N-40051, 31N-40052, 31N-40053.<\/td>\n<\/tr>\n<tr>\n<td width=\"477\">\u00a0 31N840050BG 31N840051BG R290-7A<\/td>\n<td>\"Hyundai R330\": vik\u0161rin\u0117 pavara 31Q7-40040, 39Q9-40100<\/td>\n<\/tr>\n<tr>\n<td width=\"477\">\u00a031N8-40062 31N8-40071BG 31N8-40072 31N840062 31N840071BG 31N840072 R300-7<\/td>\n<td>\"Hyundai R75-7\": galin\u0117 pavara, b\u0117gi\u0173 pavara XJDH-01749<\/td>\n<\/tr>\n<tr>\n<td width=\"477\">31N840053 31N840061BG R300-7<\/td>\n<td>R330LC-9S 31Q9-40011<\/td>\n<\/tr>\n<tr>\n<td width=\"477\">\u00a031N8-40052 31N840051BG 31N840052 R300-7<\/td>\n<td>SOLAR225LC-V K1003939A<\/td>\n<\/tr>\n<tr>\n<td width=\"477\">\u00a0 31N940031BG 31N940032 R320-7 R320-7A<\/td>\n<td>R330LC-9S 31Q9-40011 R300 39Q8-42100<\/td>\n<\/tr>\n<tr>\n<td width=\"477\">31N940023 31N940030BG R320-7 R320-7A<\/td>\n<td>SOLAR225LC-V K1003939A<\/td>\n<\/tr>\n<tr>\n<td width=\"477\">31N940021BG 31N940022 R320-7 R320-7A<\/td>\n<td>R320LC-7 R320-7 31N9-40024 31N9-40021<\/td>\n<\/tr>\n<tr>\n<td width=\"477\">\u00a0XJCK00139 31N940020BG R320-7 R320-7A<\/td>\n<td>39Q8-42100 R300 31N8-40052<\/td>\n<\/tr>\n<tr>\n<td width=\"477\">\u00a031N940010 XJCK00123 R320-7 R320-7A<\/td>\n<td>Arba R480LC-9 39QB-40101 39QB-41100<\/td>\n<\/tr>\n<tr>\n<td width=\"477\">\u00a0 XKAH-01061 XJBN00645 XJBN00993 XKAH01061 R360-7<\/td>\n<td width=\"431\">R330LC-9S 31Q9-40011 Variklin\u0117 alyva 31Q9-4001<\/td>\n<\/tr>\n<tr>\n<td width=\"477\">\u00a0 31NA40020 31NA40020BG R360-7<\/td>\n<td width=\"431\">\u00a0R305 R335 R290-7 R300LC-9S TM60 GM60 31N8-40011<\/td>\n<\/tr>\n<tr>\n<td width=\"477\">31NA-40021 XKAH-01061 31NA40021 XKAH01061 R360-7A<\/td>\n<td width=\"431\">\u00a0Hyundai 210 Lc7 R210 Lc-7 R210lc-7 31N6-40010<\/td>\n<\/tr>\n<tr>\n<td width=\"477\">\u00a031NA-40020BG 31NA-40021 XKAH-00939 31NA40020BG 31NA40021 XKAH00939 R370-7<\/td>\n<td width=\"431\">R210W-9 706-77-00800 706-77-42001 706-77-42000<\/td>\n<\/tr>\n<tr>\n<td width=\"477\">\u00a034E7-03050 34E7-02490 34E703050 34E702490 R450-7A<\/td>\n<td width=\"431\">R210NLC7A 31n6-40030 R210-7 31N6-40060<\/td>\n<\/tr>\n<tr>\n<td width=\"477\">\u00a031NB-11150 31QB-10140 31NB11150 31QB10140 R450-7A<\/td>\n<td>Hyundai R260LC 31Q7-40040, 39Q9-40100.<\/td>\n<\/tr>\n<tr>\n<td width=\"477\">\u00a031NB-40030 34E7-02500 XKAH-01287 31NB40030 34E702500 XKAH01287 R520-9<\/td>\n<td width=\"431\">R290-7 31N8-40010 31N8-40011 31N840010 31N840011<\/td>\n<\/tr>\n<tr>\n<td width=\"477\">31ND-40040 31ND-40050 31ND40040 31ND40050 31ND40050 R800-7A<\/td>\n<td width=\"431\">\"Hyundai\" R360-7 R370-7 kelion\u0117s variklio mazgas 31NA-40021<\/td>\n<\/tr>\n<tr>\n<td width=\"477\">31Q4-40030 XKAH-01182 XKAH-01458 31Q440030 XKAH01182 XKAH01458 R140-9 R145CR-9<\/td>\n<td width=\"431\">R210-7 EC210B SK200-6 DH225 Ekskavatorius TM40 14533651<\/td>\n<\/tr>\n<tr>\n<td width=\"477\">\u00a031Q5-41010 31Q541010 R170W-9 y<\/td>\n<td width=\"431\">R450-7 Galin\u0117s pavaros mazgas 34E7-03050 34E7-02490<\/td>\n<\/tr>\n<tr>\n<td width=\"477\">\u00a031Q5-42050 31Q5-42030 31Q6-40020 31Q542050 31Q542030 31Q640020 R160-9<\/td>\n<td width=\"431\">R360-7 R370-7 DX370 DX340 EC340 EC360 31NA-40021<\/td>\n<\/tr>\n<tr>\n<td width=\"477\">Hyundai R180R180LC-3, va\u017eiavimo pavara, 31EL-00020, 31EL-40011, 31EL-40010, R180LC-7, va\u017eiavimo pavara, 31N5-40061, 31N5-40060, 31N5-40060, 31N5-40081, 31N5-4200,Hyundai Robex R180NLC-7<\/td>\n<td width=\"431\">R210-7 EC210C SK200-6 DH225 TM40 31N640050 VOE14533651 14528930 31N6-40011 31N6-40051 2401-9287B<\/td>\n<\/tr>\n<tr>\n<td width=\"477\">\"Hyundai R200\": galin\u0117 pavara, R200LC, R200LC-2, R200LC-3, E131-0609, E131-0445,<\/td>\n<td width=\"431\">31NA-40021 Hyundai R360-7 R370-7<br \/>\nR200NLC-3, va\u017eiavimo pavara, va\u017eiavimo variklis E31EL-40010,<\/td>\n<\/tr>\n<tr>\n<td>\"Hyundai R205LC\": galin\u0117 pavara, b\u0117gi\u0173 pavara 31N6-40111.<\/td>\n<td width=\"431\">\u00a0R305-7 R450-7 R220-9 31Q6-40020<\/td>\n<\/tr>\n<tr>\n<td width=\"477\">R210:  R210-7, 31N6-40051, R210LC-7, 31N6-40010, 31N6-40011, 31EM-40011, 31N6-40050, 31N6-40051, 31N6-40060,<\/td>\n<td width=\"431\">\"Hyundai\" reduktorius R60-7 R250LC7 R480-9 XKAH-00901<br \/>\nR210NLC-7, 31N6-40011, 31N6-40050, 31N6-40051<\/td>\n<\/tr>\n<tr>\n<td>\"Hyundai R2200LC\": galin\u0117 pavara, b\u0117gi\u0173 pavara 38Q6-40100<\/td>\n<td width=\"431\">\"Hyundai\" galutin\u0117 pavara ekskavatoriui R290-7 31N8-40060<\/td>\n<\/tr>\n<tr>\n<td>R480LC-9 R450LC-7 <a href=\"https:\/\/swingbearing.net\/lt\/excavator-swing-bearing\/\">Ekskavatoriaus galutin\u0117 pavara<\/a> 34E7-03050 39QB-40101 34E7-03050 39QB-40101<\/td>\n<td width=\"431\">\"Hyundai\" kelioninis variklis 34E7-02500 34E7-02490 34E7-03050 R450-7<\/td>\n<\/tr>\n<tr>\n<td width=\"477\">31N9-40030 Kelion\u0117s variklio R320LC-7 galin\u0117s pavaros mazgas<\/td>\n<td width=\"431\">R160LC-3 R160LC-7 31EG-40010 31N5-40010<\/td>\n<\/tr>\n<\/tbody>\n<\/table>\n<p><strong>\u00a0Variklis ir pavar\u0173 d\u0117\u017e\u0117 Turimas modelis:<br \/>\n<\/strong>HYUNDAI 305LC-7 33HDLL 39HDRB 42HDLL 42HDLL\/39HDRB R110-7 R110-7A R110M-7\/A R130LC-3 R130LCD-3 R130LCM-3 R140LC-7 R140LC-7 R140LC-7A R140LC-9 R140LC-9S R140LCM-7 R140LCM-7A R145CR-9 R15-7 R160LC-3 R160LC-7 R160LC-7 R160LC-7A R16-7 R180LC-3 R180LC-7 R180LC-7A R180NLC-7 R200LC R200LCM R200NLC-3 R210 ECONO R210LC R210LC-3 R210LC-3 R210LC-3 Auk\u0161ta va\u017eiuokl\u0117 R210LC-3 LL R210LC-3H R210LC-7 R210LC-7 Auk\u0161ta vaik\u0161tyn\u0117 R210LC-7A R210LC-7H R210LC-7H R210NLC-7 R210NLC-7A R210NLC-7H OPTION R22-7 R240LC-3 R250LC-3 R250LC-3 R250LC-3 Auk\u0161ta va\u017eiuokl\u0117 R250LC-7 R250LC-7 Auk\u0161ta vaik\u0161tyn\u0117 R250LC-7A R250LC-9 R255LC-3 R260LC-9S R280LC R28-7 R2900LC R2900LC R2900LC-3 R290LC R290LC-3 LL\/RB R290LC-3H R290LC-7 R290LC-7 R290LC-7A R290LC-7H R300LC-7 R305LC-7 R320LC R320LC-3 R320LC-7A R320LC-9 R330LC-9A R33HDLL R35-7 R360LC-3 R360LC-3 R360LC-3H R360LC-7 R360LC-7 R360LC-7A R36N-7 R370LC-7 R380LC-9 R380LC-9SH R450LC-3 R450LC-7 R450LC-7 R450LC-7A R480LC-9 R480LC-9S R500LC-7 R500LC-7A R520LC-9 R55-3 R55-7 R55-7A R55-9 R55-9 R60-9S R60CR-9 R75-7 R80-7 R80-7A R110M-7A R260LC-9 R210NLC-7H R250LC-7 HW R250LC-7A HW R320LC-7 R250LC-9 HW R250LC-9S HW R250LC-9S HW R290LC-9 R300LC-9S R300LC-9SH R330LC-9S R330LC-9S R330LC-9SH<\/p>\n<figure class=\"wp-block-table is-style-stripes has-small-font-size\">\n<figure class=\"wp-block-table is-style-stripes has-small-font-size\">\n<div id=\"attachment_2045\" style=\"width: 425px\" class=\"wp-caption alignnone\"><img decoding=\"async\" aria-describedby=\"caption-attachment-2045\" class=\"wp-image-2045\" src=\"https:\/\/swingbearing.net\/wp-content\/uploads\/2024\/03\/\u884c\u8d70_01-300x99.jpg\" alt=\"kelion\u0117s variklis\" width=\"415\" height=\"137\" srcset=\"https:\/\/swingbearing.net\/wp-content\/uploads\/2024\/03\/\u884c\u8d70_01-300x99.jpg 300w, https:\/\/swingbearing.net\/wp-content\/uploads\/2024\/03\/\u884c\u8d70_01-18x6.jpg 18w, https:\/\/swingbearing.net\/wp-content\/uploads\/2024\/03\/\u884c\u8d70_01-600x199.jpg 600w, https:\/\/swingbearing.net\/wp-content\/uploads\/2024\/03\/\u884c\u8d70_01.jpg 749w\" sizes=\"(max-width: 415px) 100vw, 415px\" \/><p id=\"caption-attachment-2045\" class=\"wp-caption-text\"><a href=\"https:\/\/swingbearing.net\/lt\/travel-reducer\/\">vaik\u0161\u010diojimo variklis<\/a><\/p><\/div>\n<div id=\"attachment_2046\" style=\"width: 445px\" class=\"wp-caption alignnone\"><img decoding=\"async\" aria-describedby=\"caption-attachment-2046\" class=\"wp-image-2046\" src=\"https:\/\/swingbearing.net\/wp-content\/uploads\/2024\/03\/\u884c\u8d70_03-300x100.jpg\" alt=\"kelion\u0117s variklis\" width=\"435\" height=\"145\" srcset=\"https:\/\/swingbearing.net\/wp-content\/uploads\/2024\/03\/\u884c\u8d70_03-300x100.jpg 300w, https:\/\/swingbearing.net\/wp-content\/uploads\/2024\/03\/\u884c\u8d70_03-18x6.jpg 18w, https:\/\/swingbearing.net\/wp-content\/uploads\/2024\/03\/\u884c\u8d70_03-600x201.jpg 600w, https:\/\/swingbearing.net\/wp-content\/uploads\/2024\/03\/\u884c\u8d70_03.jpg 750w\" sizes=\"(max-width: 435px) 100vw, 435px\" \/><p id=\"caption-attachment-2046\" class=\"wp-caption-text\"><a href=\"https:\/\/swingbearing.net\/lt\/hydraulic-motor\/\">va\u017eiavimo galutin\u0117 pavara<\/a><\/p><\/div>\n<p><div id=\"attachment_2047\" style=\"width: 450px\" class=\"wp-caption alignnone\"><img decoding=\"async\" aria-describedby=\"caption-attachment-2047\" class=\"wp-image-2047\" src=\"https:\/\/swingbearing.net\/wp-content\/uploads\/2024\/03\/\u884c\u8d70_04-300x101.jpg\" alt=\"Kelioni\u0173 ma\u017einimas\" width=\"440\" height=\"148\" srcset=\"https:\/\/swingbearing.net\/wp-content\/uploads\/2024\/03\/\u884c\u8d70_04-300x101.jpg 300w, https:\/\/swingbearing.net\/wp-content\/uploads\/2024\/03\/\u884c\u8d70_04-18x6.jpg 18w, https:\/\/swingbearing.net\/wp-content\/uploads\/2024\/03\/\u884c\u8d70_04-600x202.jpg 600w, https:\/\/swingbearing.net\/wp-content\/uploads\/2024\/03\/\u884c\u8d70_04.jpg 750w\" sizes=\"(max-width: 440px) 100vw, 440px\" \/><p id=\"caption-attachment-2047\" class=\"wp-caption-text\"><a href=\"https:\/\/swingbearing.net\/lt\/swing-bearing\/\">Kelioni\u0173 ma\u017einimas<\/a><\/p><\/div><\/figure>\n<\/figure>\n<\/figure>","protected":false},"excerpt":{"rendered":"<h5 class=\"ct-headline\">Kategorijos: \"Hyundai\" kelioni\u0173 variklis Hidraulinis variklis Galutin\u0117 pavara<br \/>\nModelis: R250LC-7<br \/>\nDalies Nr.: 31N7-40020<\/h5>","protected":false},"featured_media":2056,"template":"","meta":[],"product_brand":[],"product_cat":[26],"product_tag":[],"class_list":{"0":"post-2114","1":"product","2":"type-product","3":"status-publish","4":"has-post-thumbnail","6":"product_cat-hydraulic-motors","8":"first","9":"instock","10":"shipping-taxable","11":"product-type-simple"},"_links":{"self":[{"href":"https:\/\/swingbearing.net\/lt\/wp-json\/wp\/v2\/product\/2114","targetHints":{"allow":["GET"]}}],"collection":[{"href":"https:\/\/swingbearing.net\/lt\/wp-json\/wp\/v2\/product"}],"about":[{"href":"https:\/\/swingbearing.net\/lt\/wp-json\/wp\/v2\/types\/product"}],"wp:featuredmedia":[{"embeddable":true,"href":"https:\/\/swingbearing.net\/lt\/wp-json\/wp\/v2\/media\/2056"}],"wp:attachment":[{"href":"https:\/\/swingbearing.net\/lt\/wp-json\/wp\/v2\/media?parent=2114"}],"wp:term":[{"taxonomy":"product_brand","embeddable":true,"href":"https:\/\/swingbearing.net\/lt\/wp-json\/wp\/v2\/product_brand?post=2114"},{"taxonomy":"product_cat","embeddable":true,"href":"https:\/\/swingbearing.net\/lt\/wp-json\/wp\/v2\/product_cat?post=2114"},{"taxonomy":"product_tag","embeddable":true,"href":"https:\/\/swingbearing.net\/lt\/wp-json\/wp\/v2\/product_tag?post=2114"}],"curies":[{"name":"wp","href":"https:\/\/api.w.org\/{rel}","templated":true}]}}