{"id":2106,"date":"2024-03-11T06:04:50","date_gmt":"2024-03-11T06:04:50","guid":{"rendered":"https:\/\/swingbearing.net\/?post_type=product&#038;p=2106"},"modified":"2024-03-11T06:44:48","modified_gmt":"2024-03-11T06:44:48","slug":"travel-motor-py15v00006f1","status":"publish","type":"product","link":"https:\/\/swingbearing.net\/lt\/product\/travel-motor-py15v00006f1\/","title":{"rendered":"KOBELCO SK45SR-2 va\u017eiavimo variklis PY15V00006F1"},"content":{"rendered":"<h4>Galime pasi\u016blyti plat\u0173 ekskavatoriams skirt\u0173 va\u017eiavimo varikli\u0173 \/ galutin\u0117s pavaros agregat\u0173 \/ va\u017eiavimo reduktori\u0173 asortiment\u0105.<\/h4>\n<p>Va\u017eiavimo variklis (galutin\u0117 pavara) yra mechaninis \u012ftaisas, da\u017eniausiai naudojamas elektriniams prietaisams, pavyzd\u017eiui, robotams, motoroleriams ir elektriniams dvira\u010diams, varyti \u012f priek\u012f arba dirbti. Pagrindinis jo veikimo principas - naudojant elektromagnetin\u0117s indukcijos princip\u0105 generuoti sukimo moment\u0105, o po to per vidin\u012f reduktori\u0173 suma\u017einti greit\u012f, kad jud\u0117t\u0173 i\u0161oriniai ratai arba grandin\u0117s. Konstrukciniu po\u017ei\u016briu va\u017eiavimo varikl\u012f paprastai sudaro greitaeigis hidraulinis variklis, stabd\u017eiai, planetinis reduktorius, vo\u017etuv\u0173 grup\u0117 ir t. t. Jame naudojama didel\u0117s apkrovos k\u016bgini\u0173 ritinini\u0173 guoli\u0173 konstrukcija, skirta ekskavatoriaus a\u0161in\u0117ms ir radialin\u0117ms j\u0117goms, atsirandan\u010dioms ekskavatoriui dirbant ir sukantis, atlaikyti.<br \/>\nM\u016bs\u0173 patyrusi pardavim\u0173 komanda turi daugyb\u0119 \u017eini\u0173 ir patirties apie galutin\u0119 kelioni\u0173 pavar\u0105, tod\u0117l galime u\u017etikrinti, kad j\u016bs\u0173 kelioni\u0173 variklio reikalavimus \u012fvykdysime greitai ir ekonomi\u0161kai efektyviai.<\/p>\n<p><strong>\u00a0Palaikomi gamintojai<\/strong><br \/>\n\u0160iuo metu galime pasi\u016blyti \u012fvairi\u0173 kompanij\u0173, toki\u0173 kaip \"Komatsu\", \"Hitachi\", \"Caterpillar\", \"Volvo\", \"Case\", \"Doosan\", \"Sumitomo\", \"Hyundai\", \"Kobelco\", JCB, \"Liugong\", \"Sany\" ir XCMG, gaminam\u0173 ekskavatori\u0173 variklius.<\/p>\n<h4>Susij\u0119s Kobelco ekskavatoriaus kelion\u0117s variklio mazgas<\/h4>\n<figure class=\"wp-block-table is-style-stripes has-small-font-size\">\n<table class=\"has-cyan-bluish-gray-background-color has-background\">\n<tbody>\n<tr>\n<td width=\"568\">YN15V00011F4 SK200-6E Kobelco<\/td>\n<td width=\"492\">LC15V00023F2R LC15V00023F2C SK350-8<\/td>\n<\/tr>\n<tr>\n<td width=\"568\">\u00a0YN53D00008F2 YN53D00008F3 SK210-6E Ekskavatorius<\/td>\n<td width=\"492\">LC15V00023F2 LC53D00011F1 LC15V00023F1 SK350-8<\/td>\n<\/tr>\n<tr>\n<td width=\"568\">\u00a0YN15V00011F4 YN15V00017F1 YN15V00017F3 SK210-6E<\/td>\n<td width=\"492\">\u00a0LC15V00023F1 LC15V00023F2R LC15V00023F2C SK350-8<\/td>\n<\/tr>\n<tr>\n<td width=\"568\">\u00a0YN15V00037F2 YN15V00037F2R YN15V00037F2C SK210-9<\/td>\n<td width=\"492\">\u00a0LC15V00023F2 LC15VU0001F1 SK350-9<\/td>\n<\/tr>\n<tr>\n<td width=\"568\">\u00a0YN15V00051F3 YN15V00051F4 YN15V00051F YN15V00037F1 SK210-9<\/td>\n<td width=\"492\">\u00a0LP15V00001F1 LP15V00001F2 YW15V00005F1 SK120-V<\/td>\n<\/tr>\n<tr>\n<td width=\"568\">YN53D00001F2 YN15V00003F1 YN15V00003F2 SK200-V<\/td>\n<td width=\"492\">\u00a0LQ15V00004F1 LQ15V00005F1 SK250-IV<\/td>\n<\/tr>\n<tr>\n<td width=\"568\">YN53D00001F1 YN53D00001F2 YN53D00001F1 SK200-V<\/td>\n<td width=\"492\">\u00a0LQ15V00007F1 SK235SR SK250<\/td>\n<\/tr>\n<tr>\n<td width=\"568\">\u00a0YN53D00001F2 YN15V00007F1 YN15V00007F2 YN15V00003F2 SK200<\/td>\n<td width=\"492\">\u00a0LQ15V00007F2 LQ15V00019F1 LQ15V00019F1R LQ15V00019F1C<\/td>\n<\/tr>\n<tr>\n<td width=\"568\">\u00a0YN15V00037F2C YN53D00012F1 SK200-8 Kobelco<\/td>\n<td width=\"492\">LQ15V00031F1 LQ15V00031F3 SK260-9<\/td>\n<\/tr>\n<tr>\n<td width=\"568\">\u00a0YN53D00015F1 YN15V00037F1 YN15V00037F2R SK200-8<\/td>\n<td width=\"492\">\u00a0LS15V00020F1 SK485-8<\/td>\n<\/tr>\n<tr>\n<td width=\"568\">\u00a0YN15V00037F2R YN15V00037F2C YN15V00037F3 SK210-8<\/td>\n<td width=\"492\">\u00a0LS53D00007F2 LS15V00022F2 LS15V00022F3 LS15V00022F4 SK485-9<\/td>\n<\/tr>\n<tr>\n<td width=\"568\">\u00a0YN53D00015F2 YN53D00015F3 YN15V00037F2 SK210-8<\/td>\n<td width=\"492\">LS15V00020F3 LS15V00020F4 LS53D00007F1 SK485-9<\/td>\n<\/tr>\n<tr>\n<td width=\"568\">31Q6-40010 31Q6-40020 31Q640010 31Q640020 R210-9 R235R-9<\/td>\n<td width=\"492\">\u00a0YM15V00007F1 SK170-8<\/td>\n<\/tr>\n<tr>\n<td width=\"568\">\u00a031Q6-41010 31Q641010 R210W-9<\/td>\n<td width=\"492\">YN15V00007F1 YN53D00001F2 YN15V00009F1 YN53D00004F1 SK200-IV<\/td>\n<\/tr>\n<tr>\n<td width=\"568\">31Q8-40040 31Q9-40020 31Q9-40021 31Q840040 31Q940020 31Q940021 R250-9<\/td>\n<td width=\"492\">\u00a0YN15V00017F3 YN53D00008F1 YN53D00008F3 SK200-6<\/td>\n<\/tr>\n<tr>\n<td width=\"568\">\u00a031Q8-40040 31Q9-40020 31Q9-40021 31Q840040 31Q940020 31Q940021 R250-9<\/td>\n<td width=\"492\">YN15V00011F1 YN15V00011F4 YN15V00017F1 SK200-6<\/td>\n<\/tr>\n<tr>\n<td width=\"568\">31Q7-40030 XKAH-01095 31Q740030 XKAH01095 R250-9<\/td>\n<td width=\"492\">YN53D00008F3 YN53D00008F2 YN15V00011F4 YN15V00017F3 SK200SR<\/td>\n<\/tr>\n<tr>\n<td width=\"568\">31Q9-40010 31Q9-40020 31Q9-40021 31Q940010 31Q940020 31Q940021 R320-9<\/td>\n<td width=\"492\">YN53D00015F1 YN15V00037F1YN15V00037F2R SK200-8<\/td>\n<\/tr>\n<tr>\n<td width=\"568\">31Q9-40030 31Q9-40031 31Q940030 31Q940031 R320-9<\/td>\n<td width=\"492\">\u00a0YT15V00019F1 YT15V00019F2 SK75SR Kobelco<\/td>\n<\/tr>\n<tr>\n<td width=\"568\">\u00a0XKAY-01623 XKAH-01449 XKAY-01704 XKAY01623 XKAH01449 XKAY01704 R360-9<\/td>\n<td width=\"492\">\u00a0YT53D00001F1 YT53D00002F1 YT15V00012F1 SK70SR-2<\/td>\n<\/tr>\n<tr>\n<td width=\"568\">31QA-40020 31QA-40040 31QA40020 31QA40040 R360-9<\/td>\n<td width=\"492\">YY15V00015F1 YY15V00035F1 SK140SR<\/td>\n<\/tr>\n<tr>\n<td width=\"568\">XKAH-01287 XKAH01287 R450-7 R480-9 R500-7 R500-7A<\/td>\n<td width=\"492\">\u00a0YM15V00001F2 SK160-6E<\/td>\n<\/tr>\n<tr>\n<td width=\"568\">31NB-40030 34E7-02500 31NB40030 34EZ02500 R450-7 R480-9 R500-7 R500-7A<\/td>\n<td width=\"492\">YX15V00003F4C YX15V00003F1 2441U994F2 SK135SR<\/td>\n<\/tr>\n<tr>\n<td width=\"568\">34E7-03050 34E7-02490 34E703050 34E702490 R450-7 R480-9 R500-7 R500-7A<\/td>\n<td width=\"492\">\u00a0YX15V00003F2 YX15V00003F4 YX15V00003F4R SK135SR<\/td>\n<\/tr>\n<tr>\n<td width=\"568\">\u00a0XJDH-01749 XJDH01749 R75-7<\/td>\n<td width=\"492\">\u00a024100U1079F1 2441U1030F1 24100U1682F1 24100U1682F1 SK300-IV<\/td>\n<\/tr>\n<tr>\n<td width=\"568\">LB15V00002F1 LB15V00002F3 SK290<\/td>\n<td width=\"492\">2441U787F3 24100U1079F1 2441U792F3 SK330-IV<\/td>\n<\/tr>\n<tr>\n<td width=\"568\">24100J11090F3 2441U820F1 2437U407F1 SK200-III<\/td>\n<td width=\"492\">\u00a02441U1029F1 2441U1030F1 24100U1682F1 SK330-IV<\/td>\n<\/tr>\n<tr>\n<td width=\"568\">\u00a024100J11675F4 2441U928F1 2441U928F2 SK220-III<\/td>\n<td width=\"492\">2441U928F1 2441U928F2 24100J11675F2 24100J11675F4 SK220-IV<\/td>\n<\/tr>\n<tr>\n<td width=\"568\">\u00a024100U1743F2 LS15V00003F1 LS15V00004F1 SK480<\/td>\n<td width=\"492\">\u00a02441U948F1 2441U948F2 SK300-2<\/td>\n<\/tr>\n<tr>\n<td width=\"568\">24100U1079F1 2441U792F1 2441U792F3 SK300-III<\/td>\n<td width=\"492\">\u00a0LB15V00003F1 LB15V00003F3 LB53D00002F1 SK290-6E<\/td>\n<\/tr>\n<tr>\n<td width=\"568\">\u00a02441U787F2 2441U787F3 2441U787F1 SK300-III<\/td>\n<td width=\"492\">\u00a0LB15V00002F1 LB15V00002F1 LB15V00002F3 SK290-6E K<\/td>\n<\/tr>\n<tr>\n<td width=\"568\">LB15V00002F1 LB15V00002F3 SK290<\/td>\n<td width=\"492\">LC15V00005F1 LC15V00005F4R LC15V00005F4C SK330<\/td>\n<\/tr>\n<tr>\n<td width=\"568\">LV53D00007F2 LV53D00007F3 LV15V00001F1 SK850<\/td>\n<td width=\"492\">LC15V00005F5 LC15V00007F3 LC15V00007F4 LC53D00003F2 SK330-6E<\/td>\n<\/tr>\n<tr>\n<td width=\"568\">\u00a0LV53D00006F2 LV53D00006F3 SK850 LS15V00003F4 SK480-6E<\/td>\n<td width=\"492\">LC15V00005F4 LC15V00005F4R LC15V00005F4C SK330-6E<\/td>\n<\/tr>\n<tr>\n<td width=\"568\">Sk200-6e YN15V00011F1 YN15V00011F3 YN15V00011F4<\/td>\n<td width=\"492\">MAG-1700VP-3800 SK230-6<\/td>\n<\/tr>\n<\/tbody>\n<\/table>\n<figure class=\"wp-block-table is-style-stripes has-small-font-size\">\n<figure class=\"wp-block-table is-style-stripes has-small-font-size\"><strong>\u00a0Variklis ir pavar\u0173 d\u0117\u017e\u0117 Turimas modelis:<\/strong><\/figure>\n<figure class=\"wp-block-table is-style-stripes has-small-font-size\">KOBELCO 17SR-3 27SR-3 27SR-5 30SR 30SR-2 30SR-3 30SR-5 35SR 35SR-2 35SR-3 35SR-5 50SR 50SR-3 50SR-5 70SR 70SR-1E 80MSR-1E ED150 ED150-1E ED150-2 ED160 K903C K903-II K904E K904EL K904-II K905A K905A LC K905LC-II MD140BLC MD140C SD40SR SK015 SK024 SK025 SK025-2 SK027 SK030-2 SK035 SK035-2 SK04-2 SK045 SK050 SK100 IV SK100 V SK100-III SK115DZ IV SK115SR SK115SRDZ-1E SK120 IV SK120LC IV SK120LC IV SK120LC V SK120LC-III SK130LC IV SK130UR SK130UR-1E SK130UR-1ES SK135SR SK135SR-1E SK135SRL SK135SRLC SK135SRLC-2 SK13SR SK140SR SK140SRLC-3 SK150LC IV SK150LC-III SK15MSR SK16 SK160LC IV SK160LC VI SK160LC-6E SK16MSR SK17 SK170-8 SK170LC-8 SK17SR-3 SK200-6 SK200-6ES SK200LC-6 SK200SR SK200SR SK200SR LC SK20SR SK210-9 SK210D-8 SK210DLC-8 SK210LC VI SK210LC-6E SK210LC-8 SK215SR SK215SRLC SK235SR-2 SK235SRLC-2 SK25SR SK25SR-2 SK260-9 SK260LC-8 SK27SR SK27SR SK27SR-3 SK27SR-5 SK290LC-6E SK295-9 SK300-III SK300LC IV SK300LC-III SK30SR SK30SR-2 SK330LC VI SK330LC-6E SK350-9 SK350LC-8 SK35SR SK35SR-2 SK40SR SK40SR-2 SK40SR-3 SK45SR SK45SR-2 SK50SR-5 SK50UR SK50UR-2 SK50UR-3 SK55SRX SK55SRX-6E SK60 IV SK60 V SK60-III SK70SR SK70SR-1E SK70SR-2 SK75UR SK80CS SK80CS-1E SK80CS-2 SK80MSR SK95UR SK80MSR-1E SK150LC III SK290LC-VI<\/figure>\n<div id=\"attachment_2045\" style=\"width: 425px\" class=\"wp-caption alignnone\"><img decoding=\"async\" aria-describedby=\"caption-attachment-2045\" class=\"wp-image-2045\" src=\"https:\/\/swingbearing.net\/wp-content\/uploads\/2024\/03\/\u884c\u8d70_01-300x99.jpg\" alt=\"kelion\u0117s variklis\" width=\"415\" height=\"137\" srcset=\"https:\/\/swingbearing.net\/wp-content\/uploads\/2024\/03\/\u884c\u8d70_01-300x99.jpg 300w, https:\/\/swingbearing.net\/wp-content\/uploads\/2024\/03\/\u884c\u8d70_01-18x6.jpg 18w, https:\/\/swingbearing.net\/wp-content\/uploads\/2024\/03\/\u884c\u8d70_01-600x199.jpg 600w, https:\/\/swingbearing.net\/wp-content\/uploads\/2024\/03\/\u884c\u8d70_01.jpg 749w\" sizes=\"(max-width: 415px) 100vw, 415px\" \/><p id=\"caption-attachment-2045\" class=\"wp-caption-text\"><a href=\"https:\/\/swingbearing.net\/lt\/travel-reducer\/\">vaik\u0161\u010diojimo variklis<\/a><\/p><\/div>\n<div id=\"attachment_2046\" style=\"width: 445px\" class=\"wp-caption alignnone\"><img decoding=\"async\" aria-describedby=\"caption-attachment-2046\" class=\"wp-image-2046\" src=\"https:\/\/swingbearing.net\/wp-content\/uploads\/2024\/03\/\u884c\u8d70_03-300x100.jpg\" alt=\"kelion\u0117s variklis\" width=\"435\" height=\"145\" srcset=\"https:\/\/swingbearing.net\/wp-content\/uploads\/2024\/03\/\u884c\u8d70_03-300x100.jpg 300w, https:\/\/swingbearing.net\/wp-content\/uploads\/2024\/03\/\u884c\u8d70_03-18x6.jpg 18w, https:\/\/swingbearing.net\/wp-content\/uploads\/2024\/03\/\u884c\u8d70_03-600x201.jpg 600w, https:\/\/swingbearing.net\/wp-content\/uploads\/2024\/03\/\u884c\u8d70_03.jpg 750w\" sizes=\"(max-width: 435px) 100vw, 435px\" \/><p id=\"caption-attachment-2046\" class=\"wp-caption-text\"><a href=\"https:\/\/swingbearing.net\/lt\/hydraulic-motor\/\">va\u017eiavimo galutin\u0117 pavara<\/a><\/p><\/div>\n<p><div id=\"attachment_2047\" style=\"width: 450px\" class=\"wp-caption alignnone\"><img decoding=\"async\" aria-describedby=\"caption-attachment-2047\" class=\"wp-image-2047\" src=\"https:\/\/swingbearing.net\/wp-content\/uploads\/2024\/03\/\u884c\u8d70_04-300x101.jpg\" alt=\"Kelioni\u0173 ma\u017einimas\" width=\"440\" height=\"148\" srcset=\"https:\/\/swingbearing.net\/wp-content\/uploads\/2024\/03\/\u884c\u8d70_04-300x101.jpg 300w, https:\/\/swingbearing.net\/wp-content\/uploads\/2024\/03\/\u884c\u8d70_04-18x6.jpg 18w, https:\/\/swingbearing.net\/wp-content\/uploads\/2024\/03\/\u884c\u8d70_04-600x202.jpg 600w, https:\/\/swingbearing.net\/wp-content\/uploads\/2024\/03\/\u884c\u8d70_04.jpg 750w\" sizes=\"(max-width: 440px) 100vw, 440px\" \/><p id=\"caption-attachment-2047\" class=\"wp-caption-text\"><a href=\"https:\/\/swingbearing.net\/lt\/swing-bearing\/\">Kelioni\u0173 ma\u017einimas<\/a><\/p><\/div><\/figure>\n<\/figure>","protected":false},"excerpt":{"rendered":"<h5 class=\"ct-headline\">Kategorijos: Kobelco Travel Motor Hidraulinis variklis Galutin\u0117 pavara<br \/>\nModelis: SK45SR-2<br \/>\nDalies Nr.:PY15V00006F1<\/h5>","protected":false},"featured_media":2059,"template":"","meta":[],"product_brand":[],"product_cat":[26],"product_tag":[],"class_list":{"0":"post-2106","1":"product","2":"type-product","3":"status-publish","4":"has-post-thumbnail","6":"product_cat-hydraulic-motors","8":"first","9":"instock","10":"shipping-taxable","11":"product-type-simple"},"_links":{"self":[{"href":"https:\/\/swingbearing.net\/lt\/wp-json\/wp\/v2\/product\/2106","targetHints":{"allow":["GET"]}}],"collection":[{"href":"https:\/\/swingbearing.net\/lt\/wp-json\/wp\/v2\/product"}],"about":[{"href":"https:\/\/swingbearing.net\/lt\/wp-json\/wp\/v2\/types\/product"}],"wp:featuredmedia":[{"embeddable":true,"href":"https:\/\/swingbearing.net\/lt\/wp-json\/wp\/v2\/media\/2059"}],"wp:attachment":[{"href":"https:\/\/swingbearing.net\/lt\/wp-json\/wp\/v2\/media?parent=2106"}],"wp:term":[{"taxonomy":"product_brand","embeddable":true,"href":"https:\/\/swingbearing.net\/lt\/wp-json\/wp\/v2\/product_brand?post=2106"},{"taxonomy":"product_cat","embeddable":true,"href":"https:\/\/swingbearing.net\/lt\/wp-json\/wp\/v2\/product_cat?post=2106"},{"taxonomy":"product_tag","embeddable":true,"href":"https:\/\/swingbearing.net\/lt\/wp-json\/wp\/v2\/product_tag?post=2106"}],"curies":[{"name":"wp","href":"https:\/\/api.w.org\/{rel}","templated":true}]}}