{"id":2097,"date":"2024-03-11T05:30:14","date_gmt":"2024-03-11T05:30:14","guid":{"rendered":"https:\/\/swingbearing.net\/?post_type=product&#038;p=2097"},"modified":"2024-03-11T05:34:57","modified_gmt":"2024-03-11T05:34:57","slug":"travel-motor-pc400lc","status":"publish","type":"product","link":"https:\/\/swingbearing.net\/lt\/product\/travel-motor-pc400lc\/","title":{"rendered":"Va\u017eiavimo variklis 208-27-00102 PC400LC-5 20U-60-12100 PC50UU-1"},"content":{"rendered":"<h4>Galime pasi\u016blyti plat\u0173 ekskavatoriams skirt\u0173 va\u017eiavimo varikli\u0173 \/ galutin\u0117s pavaros agregat\u0173 \/ va\u017eiavimo reduktori\u0173 asortiment\u0105.<\/h4>\n<p>Va\u017eiavimo variklis (galutin\u0117 pavara) yra mechaninis \u012ftaisas, da\u017eniausiai naudojamas elektriniams prietaisams, pavyzd\u017eiui, robotams, motoroleriams ir elektriniams dvira\u010diams, varyti \u012f priek\u012f arba dirbti. Pagrindinis jo veikimo principas - naudojant elektromagnetin\u0117s indukcijos princip\u0105 generuoti sukimo moment\u0105, o po to per vidin\u012f reduktori\u0173 suma\u017einti greit\u012f, kad jud\u0117t\u0173 i\u0161oriniai ratai arba grandin\u0117s. Konstrukciniu po\u017ei\u016briu va\u017eiavimo varikl\u012f paprastai sudaro greitaeigis hidraulinis variklis, stabd\u017eiai, planetinis reduktorius, vo\u017etuv\u0173 grup\u0117 ir t. t. Jame naudojama didel\u0117s apkrovos k\u016bgini\u0173 ritinini\u0173 guoli\u0173 konstrukcija, skirta ekskavatoriaus a\u0161in\u0117ms ir radialin\u0117ms j\u0117goms, atsirandan\u010dioms ekskavatoriui dirbant ir sukantis, atlaikyti.<br \/>\nM\u016bs\u0173 patyrusi pardavim\u0173 komanda turi daugyb\u0119 \u017eini\u0173 ir patirties apie galutin\u0119 kelioni\u0173 pavar\u0105, tod\u0117l galime u\u017etikrinti, kad j\u016bs\u0173 kelioni\u0173 variklio reikalavimus \u012fvykdysime greitai ir ekonomi\u0161kai efektyviai.<\/p>\n<p><strong>\u00a0Palaikomi gamintojai<\/strong><br \/>\n\u0160iuo metu galime pasi\u016blyti \u012fvairi\u0173 kompanij\u0173, toki\u0173 kaip \"Komatsu\", \"Caterpillar\", \"Volvo\", \"Case\", \"Doosan\", \"Sumitomo\", \"Hyundai\", \"Kobelco\", \"JCB\", \"Liugong\", \"Sany\", \"XCMG\" ir \"Hitachi\", gaminam\u0173 ekskavatori\u0173 variklius.<\/p>\n<h4>Related Komatsu Excavator Travel Motor\u00a0 Assy<\/h4>\n<figure class=\"wp-block-table is-style-stripes has-small-font-size\">\n<table class=\"has-cyan-bluish-gray-background-color has-background\">\n<tbody>\n<tr>\n<td width=\"523\">708-8F-00192 708-8F-00191 708-8F-00190 708-8F-00192 PC220-7<\/td>\n<td width=\"486\">20T-60-82121 20T-60-82120 20T-60-82121 20T-60-82120 PC45R-8<\/td>\n<\/tr>\n<tr>\n<td width=\"523\">203-60-00302 203-60-00301 203-60-00300 203-60-41101 203-60-00310 pc120-3<\/td>\n<td width=\"486\">\u00a0208-27-00243 706-8J-01012 PC450-8<\/td>\n<\/tr>\n<tr>\n<td width=\"523\">706-88-02100 PC600-8 Komatsu<\/td>\n<td width=\"486\">20T-60-72120 PC45-1\u00a0\u00a0\u00a0 706-7L-01110 PC2000-8<\/td>\n<\/tr>\n<tr>\n<td width=\"523\">706-77-00800 706-77-42001 706-77-42000 PC400-1 PC650-1Komatsu<\/td>\n<td width=\"486\">208-27-00104 208-27-00103 208-27-00102\u00a0 PC410-5<\/td>\n<\/tr>\n<tr>\n<td width=\"523\">207-27-00440 708-8H-00320 PC300-7E0 PC350-7E0Komatsu<\/td>\n<td width=\"486\">20T-60-87120 PC40R-8Komatsu<\/td>\n<\/tr>\n<tr>\n<td width=\"523\">207-27-00440 708-8H-00320 PC300-7E0 PC350-7E0Komatsu<\/td>\n<td width=\"486\">208-27-00243 706-8J-01012 PC400-8Komatsu<\/td>\n<\/tr>\n<tr>\n<td width=\"523\">21D-60-15001 21D-60-16400 PC95-1Komatsu<\/td>\n<td width=\"486\">706-8J-01012 706-8J-01011 PC400-7 PC450-7<\/td>\n<\/tr>\n<tr>\n<td width=\"523\">201-60-73101 PC78US-5Komatsu20X-60-31200 PC90-1<\/td>\n<td width=\"486\">706-88-00112 706-88-00111 706-88-00110 PC400-6 PC450-6<\/td>\n<\/tr>\n<tr>\n<td width=\"523\">\u00a0PC1250-7 PC1250-8 21n-60-34100 TRAVEL MOTOR<\/td>\n<td width=\"486\">706-88-00112 706-88-00111 706-88-00110 PC400-6 PC450-6<\/td>\n<\/tr>\n<tr>\n<td width=\"523\">21W-60-41201 PC78MR-6 PC78US-6 PC78UU-6Komatsu<\/td>\n<td width=\"486\">706-88-00151 706-88-00150 706-88-00151 706-88-00150 PC400-6 PC450-6<\/td>\n<\/tr>\n<tr>\n<td width=\"523\">21W-60-33100 PC75UU-3Komatsu final drive motor<\/td>\n<td width=\"486\">\u00a0208-27-00104 208-27-00103\u00a0 208-27-00100 PC400-5<\/td>\n<\/tr>\n<tr>\n<td width=\"523\">21W-60-22411 PC75UU-2Komatsu\u00a0 PC750-7Komatsu\u00a0 209-60-75101<\/td>\n<td width=\"486\">208-27-00023 208-27-00022 208-27-00021 PC400-3<\/td>\n<\/tr>\n<tr>\n<td width=\"523\">20U-60-12200 20U-60-12100 PC50UU-1<\/td>\n<td width=\"486\">706-87-01202 706-87-01201 706-87-01200 706-87-00101 PC400-3<\/td>\n<\/tr>\n<tr>\n<td width=\"523\">209-27-00271 209-27-00270 209-27-00261 209-27-00260 PC750-6 PC800-6 PC800-7<\/td>\n<td width=\"486\">20T-60-42100\u00a0 20S-60-22101 PC40-6<\/td>\n<\/tr>\n<tr>\n<td width=\"523\">978B0000-00-NG TZ971B200000NG PC75-1 PC75R-2Komatsu<\/td>\n<td width=\"486\">20S-60-82121 20S-60-82120 PC35R-8<\/td>\n<\/tr>\n<tr>\n<td width=\"523\">201-60-61100 201-60-61200 PC70-6Komatsu<\/td>\n<td width=\"486\">708-8H-00320 PC350-7 PC350-8<\/td>\n<\/tr>\n<tr>\n<td width=\"523\">209-60-63502 209-60-63501 PC650-5 PC710-5Komatsu<\/td>\n<td width=\"486\">207-27-00440 708-8H-00320 PC300-8 PC300-7E0 PC350-7E0<\/td>\n<\/tr>\n<tr>\n<td width=\"523\">209-27-00060 209-27-00121 209-27-00120 PC650-3Komatsu<\/td>\n<td width=\"486\">708-8H-00320 207-27-00371 207-27-00410 PC300-7<\/td>\n<\/tr>\n<tr>\n<td width=\"523\">209-27-00063 209-27-00062 209-27-00061 PC650-3Komatsu<\/td>\n<td width=\"486\">708-8H-00250 708-8H-00210 207-27-00160 PC300-6 PC350-6<\/td>\n<\/tr>\n<tr>\n<td width=\"523\">706-8L-01010 706-88-01110 706-88-01101 PC600-7 Komatsu<\/td>\n<td width=\"486\">708-8H-00270 207-27-00151 207-27-00150 PC300-6 PC350-6<\/td>\n<\/tr>\n<tr>\n<td width=\"523\">21M-27-00041 21M-27-00030 21M-27-00010 PC600-7Komatsu<\/td>\n<td width=\"486\">207-27-00102 207-27-00101 207-27-00100 PC300-5C<\/td>\n<\/tr>\n<tr>\n<td width=\"523\">706-88-01101 706-88-01110 PC600-6\u00a0 20U-60-42111 PC58UU-3-N<\/td>\n<td width=\"486\">207-27-X1100 207-27-00105 207-27-00104 207-27-00103 PC300-5C<\/td>\n<\/tr>\n<tr>\n<td width=\"523\">201-60-71100 201-60-71700 201-60-71800 PC60-7<\/td>\n<td width=\"486\">207-27-00055 207-27-00054 207-27-00053 PC300-3<\/td>\n<\/tr>\n<tr>\n<td width=\"523\">201-60-73500 201-60-73101 201-60-73100 PC60-7<\/td>\n<td width=\"486\">706-75-10402 706-75-10400 207-27-00052 207-27-00051 PC300-3<\/td>\n<\/tr>\n<tr>\n<td width=\"523\">208-27-00101 208-27-00100 PC410-5<\/td>\n<td width=\"486\">20S-60-72120 PC30-7\u00a0\u00a0\u00a0 20S-60-32100 PC30-6<\/td>\n<\/tr>\n<tr>\n<td width=\"523\">\u00a020U-60-23331 20U-60-23330 20U-60-23320 20U-60-12200 PC50UU-2<\/td>\n<td width=\"486\">\u00a0206-27-00030 708-8H-00081 708-8H-00080 708-8H-00041 PC220-5<\/td>\n<\/tr>\n<tr>\n<td width=\"523\">21N-27-00130 705-21-26050 21N-27-00140 21N-60-34100 PC1250-7\u00a0PC1250-8<\/td>\n<td width=\"486\">21U-60-22101 PC28UU-2\u00a0 708-8H-00280 PC250-6<\/td>\n<\/tr>\n<tr>\n<td width=\"523\">206-27-00022 206-27-00021 206-27-00020 PC220-3<\/td>\n<td width=\"486\">207-27-00440 207-27-00470 708-8H-00350 708-8H-00320 PC270-8<\/td>\n<\/tr>\n<tr>\n<td width=\"523\">206-27-00025 206-27-00024 206-27-00023 PC220-3<\/td>\n<td width=\"486\">207-27-00270 207-27-00261 708-8H-00320 708-8H-00330 PC270-7-W1<\/td>\n<\/tr>\n<tr>\n<td width=\"523\">706-75-10402 706-75-10400 206-27-00027 206-27-00026 PC220-3<\/td>\n<td width=\"486\">708-8H-00250 708-8H-00210 PC250HD-6Z<\/td>\n<\/tr>\n<tr>\n<td width=\"523\">708-8F-00110 708-8F-00061 708-8F-00060 PC200CA-6 PC210-6<\/td>\n<td width=\"486\">708-8F-00071 708-8F-00070 PC220-6<\/td>\n<\/tr>\n<tr>\n<td width=\"523\">20Y-27-00202 20Y-27-00201 20Y-27-00200 PC200CA-6-C1<\/td>\n<td width=\"486\">708-8F-00220 708-8F-00150 PC228US-3-KU PC228US-3N-W1<\/td>\n<\/tr>\n<tr>\n<td width=\"523\">20Y-27-00102 20Y-27-00101 708-8H-00171 20Y-27-00203 PC200CA-6-C1<\/td>\n<td width=\"486\">708-8F-00120 206-27-00202 22U-60-12510 PC228US-2-KJ<\/td>\n<\/tr>\n<tr>\n<td width=\"523\">206-27-00033 206-27-00032 206-27-00031 206-27-00038 206-27-00037 PC220-5<\/td>\n<td width=\"486\">708-8F-00120 PC228US-1T<\/td>\n<\/tr>\n<tr>\n<td width=\"523\">206-27-00035 206-27-00034 206-27-00033 206-27-00032 PC220-5<\/td>\n<td width=\"486\">\u00a0206-27-00422 708-8F-00192 PC220-8<\/td>\n<\/tr>\n<tr>\n<td width=\"523\">20Y-27-00360 20Y-27-00441 20Y-27-00440 PC200-7<\/td>\n<td width=\"486\">708-8F-00192 708-8F-00191 708-8F-00190 708-8F-00192 PC220-7<\/td>\n<\/tr>\n<tr>\n<td width=\"523\">\u00a020Y-27-00300 20Y-27-00352 20Y-27-00351 20Y-27-00361 PC200-8<\/td>\n<td width=\"486\">708-8F-00121 708-8F-00120 PC230-6<\/td>\n<\/tr>\n<tr>\n<td width=\"523\">708-8F-00111 708-8F-00110 708-8F-00061 708-8F-00060 PC200-6-A PC200-6H-A PC200-6Z<\/td>\n<td width=\"486\">206-27-X1111 206-27-00029 206-27-00028 206-27-00027 PC220-5C<\/td>\n<\/tr>\n<\/tbody>\n<\/table>\n<figure class=\"wp-block-table is-style-stripes has-small-font-size\"><strong>\u00a0Variklis ir pavar\u0173 d\u0117\u017e\u0117 Turimas modelis:<\/strong><\/figure>\n<figure class=\"wp-block-table is-style-stripes has-small-font-size\">KOMATSUCK1122 CK20-1 CK25-1 CK30-1 CK35-1 HB205-1 HB205-1M0 HB215LC-1 MX352 MX502 PC05-6 PC05-7 PC07-1 PC07-2 PC100-3 PC100-5Z PC100-6 PC100U-3 PC10-5 PC10-6 PC10-7 PC110R-1 PC118MR-8 PC120-3 PC120-3K PC120-5 PC120-5K PC120-5Z PC120-6 PC120-6Z PC120-8 PC120LC-6 PC128US-1 PC128US-2 PC128UU-1 PC128UU-2 PC128UU-8 PC12R-8 PC12UU-1 PC130-5K PC130-6 PC130-6K PC130-7 PC130-7K PC130-8 PC138US-2 PC138US-2-AE PC138US-8 PC138USLC-2 PC138USLC-2A PC14R-2 PC14R-3 PC14R-3 HS PC150-6K PC150LC-6K PC150LGP-6K PC15-2 PC15-3 PC15FR-1 PC15MRX-1 PC15R-8 PC160-6K PC160LC-8 LGP PC160LC-LGP PC16R-2 PC16R-3 PC16R-3 HS PC180LC-6K PC180NLC-6K PC18MR-2 PC18MR-3 PC200-6 PC200-6-A PC200-6B PC200-6H-A PC200-6L PC200-6LC PC200-7 PC200-7B PC200-8 PC200CA-6 PC200CA-6-C1 PC200EL-6K PC200EN-6K PC200LC-6 PC200LC-6-A PC200LC-6H-A PC200LC-6L PC200LC-6LC PC200LC-6LE PC200LC-7 PC200LC-7B PC200LC-7L PC200LC-8 PC200LC-8E0 PC200LL-6 PC200LL-7L PC200Z-6LE PC20-3 PC20-5 PC20-6 PC20-7 PC20FR-1 PC20FR-2 PC20MR-1-K PC20MR-2 PC20MRX-1 PC20R-8 PC210-6 PC210-6K PC210-7K PC210-8K PC210LC-6 PC210LC-6K PC210LC-6L PC210LC-6LC PC210LC-6LE PC210LC-7K PC210LC-8K PC210NLC-7K PC210NLC-8K PC220-6 PC220LC-6 PC220LC-6L PC220LC-6LC PC220LC-6LE PC220LC-7 PC220LC-7L PC220LC-8 PC220LL-6 PC228US-3EO-D PC228USLC-1 PC228USLC-2 PC228USLC-3 PC228USLC-3EO-D PC228UU-1 PC230NHD-7K PC230NHD-8K PC240-6K PC240-8 PC240LC-6K PC240LC-7 PC240LC-8K PC240NLC-6K PC240NLC-7 PC240NLC-8K PC25-1 PC26MR-3 PC27MR-2 PC27MR-3 PC27MRX-1 PC27MRX-1A PC27MRX-2 PC27R-8 PC28UU-3 PC30-3 PC30-5 PC30-6 PC30-7 PC30FR-1 PC30FR-2 PC30MR-2 PC30MR-3 PC30MRX-1 PC30R-8 PC35MR-2 PC35MR-3 PC35MRX-1 PC35R-8 PC35R-8 DELUXE PC38UU-1 PC38UU-2 PC38UU-3 PC38UUM-2 PC40-3 PC40-5 PC40-6 PC40-7 PC40FR-1 PC40MR-1 PC40MR-2 PC40MRX-1 PC40R-8 PC45-1 PC45MR-3 PC45MRX-1 PC45R-8 PC45R-8 DELUXE PC50FR-1 PC50FR-2 PC50MR-2 PC50UU-1 PC50UU-2 PC50UU-2 &amp; -2E PC50UU-2E PC55MR-3 PC58UU-3 PC58UU-5 PC60-2 PC60-3 PC60-5 PC60-6 PC60-7 PC60-7B PC60L-5 PC60U-5 PC70-6 PC70-7 PC70FR-1 PC75-1 PC75R-2 PC75R-2HD PC75UU-1 PC75UU-2 PC75UU-3 PC78MR-6 PC78US-5 PC78US-6 PC78US-8 PC78UU-6 PC80MR-3 PC88MR-10 PC88MR-6 PC88MR-8 PC95-1 PC95R-2 PC138USLC-8 PC220-7<\/figure>\n<div id=\"attachment_2045\" style=\"width: 425px\" class=\"wp-caption alignnone\"><img decoding=\"async\" aria-describedby=\"caption-attachment-2045\" class=\"wp-image-2045\" src=\"https:\/\/swingbearing.net\/wp-content\/uploads\/2024\/03\/\u884c\u8d70_01-300x99.jpg\" alt=\"kelion\u0117s variklis\" width=\"415\" height=\"137\" srcset=\"https:\/\/swingbearing.net\/wp-content\/uploads\/2024\/03\/\u884c\u8d70_01-300x99.jpg 300w, https:\/\/swingbearing.net\/wp-content\/uploads\/2024\/03\/\u884c\u8d70_01-18x6.jpg 18w, https:\/\/swingbearing.net\/wp-content\/uploads\/2024\/03\/\u884c\u8d70_01-600x199.jpg 600w, https:\/\/swingbearing.net\/wp-content\/uploads\/2024\/03\/\u884c\u8d70_01.jpg 749w\" sizes=\"(max-width: 415px) 100vw, 415px\" \/><p id=\"caption-attachment-2045\" class=\"wp-caption-text\"><a href=\"https:\/\/swingbearing.net\/lt\/travel-reducer\/\">vaik\u0161\u010diojimo variklis<\/a><\/p><\/div>\n<div id=\"attachment_2046\" style=\"width: 445px\" class=\"wp-caption alignnone\"><img decoding=\"async\" aria-describedby=\"caption-attachment-2046\" class=\"wp-image-2046\" src=\"https:\/\/swingbearing.net\/wp-content\/uploads\/2024\/03\/\u884c\u8d70_03-300x100.jpg\" alt=\"kelion\u0117s variklis\" width=\"435\" height=\"145\" srcset=\"https:\/\/swingbearing.net\/wp-content\/uploads\/2024\/03\/\u884c\u8d70_03-300x100.jpg 300w, https:\/\/swingbearing.net\/wp-content\/uploads\/2024\/03\/\u884c\u8d70_03-18x6.jpg 18w, https:\/\/swingbearing.net\/wp-content\/uploads\/2024\/03\/\u884c\u8d70_03-600x201.jpg 600w, https:\/\/swingbearing.net\/wp-content\/uploads\/2024\/03\/\u884c\u8d70_03.jpg 750w\" sizes=\"(max-width: 435px) 100vw, 435px\" \/><p id=\"caption-attachment-2046\" class=\"wp-caption-text\"><a href=\"https:\/\/swingbearing.net\/lt\/hydraulic-motor\/\">va\u017eiavimo galutin\u0117 pavara<\/a><\/p><\/div>\n<p><div id=\"attachment_2047\" style=\"width: 450px\" class=\"wp-caption alignnone\"><img decoding=\"async\" aria-describedby=\"caption-attachment-2047\" class=\"wp-image-2047\" src=\"https:\/\/swingbearing.net\/wp-content\/uploads\/2024\/03\/\u884c\u8d70_04-300x101.jpg\" alt=\"Kelioni\u0173 ma\u017einimas\" width=\"440\" height=\"148\" srcset=\"https:\/\/swingbearing.net\/wp-content\/uploads\/2024\/03\/\u884c\u8d70_04-300x101.jpg 300w, https:\/\/swingbearing.net\/wp-content\/uploads\/2024\/03\/\u884c\u8d70_04-18x6.jpg 18w, https:\/\/swingbearing.net\/wp-content\/uploads\/2024\/03\/\u884c\u8d70_04-600x202.jpg 600w, https:\/\/swingbearing.net\/wp-content\/uploads\/2024\/03\/\u884c\u8d70_04.jpg 750w\" sizes=\"(max-width: 440px) 100vw, 440px\" \/><p id=\"caption-attachment-2047\" class=\"wp-caption-text\"><a href=\"https:\/\/swingbearing.net\/lt\/swing-bearing\/\">Kelioni\u0173 ma\u017einimas<\/a><\/p><\/div><\/figure>","protected":false},"excerpt":{"rendered":"<h5 class=\"ct-headline\">Categories:Komatsu Travel\u00a0 Motor\u00a0 Hydraulic Motor\u00a0 Final Drive<br \/>\nModel: PC400LC-5\u00a0 \u00a0PC50UU-1<br \/>\nPart No.: 208-27-00102 omatsu\u00a0 20U-60-12100<\/h5>","protected":false},"featured_media":2060,"template":"","meta":[],"product_brand":[],"product_cat":[26],"product_tag":[],"class_list":{"0":"post-2097","1":"product","2":"type-product","3":"status-publish","4":"has-post-thumbnail","6":"product_cat-hydraulic-motors","8":"first","9":"instock","10":"shipping-taxable","11":"product-type-simple"},"_links":{"self":[{"href":"https:\/\/swingbearing.net\/lt\/wp-json\/wp\/v2\/product\/2097","targetHints":{"allow":["GET"]}}],"collection":[{"href":"https:\/\/swingbearing.net\/lt\/wp-json\/wp\/v2\/product"}],"about":[{"href":"https:\/\/swingbearing.net\/lt\/wp-json\/wp\/v2\/types\/product"}],"wp:featuredmedia":[{"embeddable":true,"href":"https:\/\/swingbearing.net\/lt\/wp-json\/wp\/v2\/media\/2060"}],"wp:attachment":[{"href":"https:\/\/swingbearing.net\/lt\/wp-json\/wp\/v2\/media?parent=2097"}],"wp:term":[{"taxonomy":"product_brand","embeddable":true,"href":"https:\/\/swingbearing.net\/lt\/wp-json\/wp\/v2\/product_brand?post=2097"},{"taxonomy":"product_cat","embeddable":true,"href":"https:\/\/swingbearing.net\/lt\/wp-json\/wp\/v2\/product_cat?post=2097"},{"taxonomy":"product_tag","embeddable":true,"href":"https:\/\/swingbearing.net\/lt\/wp-json\/wp\/v2\/product_tag?post=2097"}],"curies":[{"name":"wp","href":"https:\/\/api.w.org\/{rel}","templated":true}]}}