{"id":2069,"date":"2024-03-08T06:40:15","date_gmt":"2024-03-08T06:40:15","guid":{"rendered":"https:\/\/swingbearing.net\/?post_type=product&#038;p=2069"},"modified":"2024-03-08T06:44:36","modified_gmt":"2024-03-08T06:44:36","slug":"final-drive-kla0156cx160","status":"publish","type":"product","link":"https:\/\/swingbearing.net\/lt\/product\/final-drive-kla0156cx160\/","title":{"rendered":"Galutin\u0117 pavara CASE Cx160 Kelion\u0117s reduktorius Kla0156 Kla10030,Kla10710"},"content":{"rendered":"<h4>Galime pasi\u016blyti plat\u0173 ekskavatoriams skirt\u0173 va\u017eiavimo varikli\u0173 \/ galutin\u0117s pavaros agregat\u0173 \/ va\u017eiavimo reduktori\u0173 asortiment\u0105.<\/h4>\n<p>Va\u017eiavimo variklis (galutin\u0117 pavara) yra mechaninis \u012ftaisas, da\u017eniausiai naudojamas elektriniams prietaisams, pavyzd\u017eiui, robotams, motoroleriams ir elektriniams dvira\u010diams, varyti \u012f priek\u012f arba dirbti. Pagrindinis jo veikimo principas - naudojant elektromagnetin\u0117s indukcijos princip\u0105 generuoti sukimo moment\u0105, o po to per vidin\u012f reduktori\u0173 suma\u017einti greit\u012f, kad jud\u0117t\u0173 i\u0161oriniai ratai arba grandin\u0117s. Konstrukciniu po\u017ei\u016briu va\u017eiavimo varikl\u012f paprastai sudaro greitaeigis hidraulinis variklis, stabd\u017eiai, planetinis reduktorius, vo\u017etuv\u0173 grup\u0117 ir t. t. Jame naudojama didel\u0117s apkrovos k\u016bgini\u0173 ritinini\u0173 guoli\u0173 konstrukcija, skirta ekskavatoriaus a\u0161in\u0117ms ir radialin\u0117ms j\u0117goms, atsirandan\u010dioms ekskavatoriui dirbant ir sukantis, atlaikyti.<br \/>\nM\u016bs\u0173 patyrusi pardavim\u0173 komanda turi daugyb\u0119 \u017eini\u0173 ir patirties apie galutin\u0119 kelioni\u0173 pavar\u0105, tod\u0117l galime u\u017etikrinti, kad j\u016bs\u0173 kelioni\u0173 variklio reikalavimus \u012fvykdysime greitai ir ekonomi\u0161kai efektyviai.<\/p>\n<p><strong>\u00a0Palaikomi gamintojai<\/strong><br \/>\n\u0160iuo metu galime pasi\u016blyti \u012fvairi\u0173 kompanij\u0173, toki\u0173 kaip \"Komatsu\", \"Caterpillar\", \"Volvo\", \"Case\", \"Doosan\", \"Sumitomo\", \"Hyundai\", \"Kobelco\", \"JCB\", \"Liugong\", \"Sany\", \"XCMG\" ir \"Hitachi\", gaminam\u0173 ekskavatori\u0173 variklius.<\/p>\n<h4>Susij\u0119 Case Excavator Travel Motor Assy<\/h4>\n<figure class=\"wp-block-table is-style-stripes has-small-font-size\">\n<table class=\"has-cyan-bluish-gray-background-color has-background\" style=\"height: 675px;\" width=\"807\">\n<tbody>\n<tr>\n<td width=\"413\">LJ015920 KLA10710 CX130B<\/td>\n<td width=\"357\">\u00a0KSA10220 LJ013790 LN001600 CX370B<\/td>\n<\/tr>\n<tr>\n<td width=\"413\">\u00a0LJ015920 CX135SR<\/td>\n<td width=\"357\">\u00a0KSA10222 LJ018710 LN002190 CX350B<\/td>\n<\/tr>\n<tr>\n<td width=\"413\">\u00a0LJ013420 KNA10460 LJ013420 164693A1 CX130<\/td>\n<td width=\"357\">KSA10221 LJ013790 LN001600 CX350B<\/td>\n<\/tr>\n<tr>\n<td width=\"413\">\u00a0KWA0018 CX700<\/td>\n<td width=\"357\">\u00a0KSA10220 LJ013790 LN001600 CX350B<\/td>\n<\/tr>\n<tr>\n<td width=\"413\">\u00a0KWA0017 KWA0019 KWA0018 CX700B<\/td>\n<td width=\"357\">\u00a0KRA1860 KRA10120 CX180<\/td>\n<\/tr>\n<tr>\n<td width=\"413\">\u00a0KWA0017 KWA0019 CX750D<\/td>\n<td width=\"357\">KSA10220 KSA10221 KSA10222 CX330<\/td>\n<\/tr>\n<tr>\n<td width=\"413\">\u00a0KUA10590 KUA10580 CX800 CX800B<\/td>\n<td width=\"357\">\u00a0KBA14710 CX250D<\/td>\n<\/tr>\n<tr>\n<td width=\"413\">\u00a0KTA1070 LN00102 LJ00993 CX460<\/td>\n<td width=\"357\">\u00a0KRA15450 KRA14000 KRA10150 CX210B CX220B<\/td>\n<\/tr>\n<tr>\n<td width=\"413\">\u00a0KTA10192 LN003780 CX490C CX500C<\/td>\n<td width=\"357\">KBA14710 CX230D CX240C CX260C CX290D<\/td>\n<\/tr>\n<tr>\n<td width=\"413\">\u00a0KTA10192 LN001990 LJ018720 CX470C<\/td>\n<td width=\"357\">\u00a0KBA13690 CX235C<\/td>\n<\/tr>\n<tr>\n<td width=\"413\">\u00a0KTA10192 KTA10192 CX490D CX500D<\/td>\n<td width=\"357\">\u00a0KBA1319 LN00092 KBA1312 LN00133 CX290<\/td>\n<\/tr>\n<tr>\n<td width=\"413\">\u00a0KTA10192 LN001990 LJ018720 CX470B<\/td>\n<td width=\"357\">\u00a0KBA12640 KBA13690 CX250C<\/td>\n<\/tr>\n<tr>\n<td width=\"413\">\u00a0KTA10191 LN001990 LJ015030 CX470B<\/td>\n<td width=\"357\">\u00a0KBA10750 LJ014910 LN001980 CX300B<\/td>\n<\/tr>\n<tr>\n<td width=\"413\">\u00a0KTA10190 LN001990 LJ015030 CX470B<\/td>\n<td width=\"357\">\u00a0KBA10750 LJ014910 LN001980 CX290B<\/td>\n<\/tr>\n<tr>\n<td width=\"413\">\u00a0KSA15860 LJ018770 CX300C<\/td>\n<td width=\"357\">\u00a0KBA10290 KBA12640 CX230B CX240B<\/td>\n<\/tr>\n<tr>\n<td width=\"413\">\u00a0KSA14090 CX350D CX370D<\/td>\n<td width=\"357\">KBA10060 LN001410 CX230<\/td>\n<\/tr>\n<tr>\n<td width=\"413\">\u00a0KSA13050 CX380C LN002190 LJ018710 CX350C<\/td>\n<td width=\"357\">\u00a0KBA10060 KBA1024 CX225SR<\/td>\n<\/tr>\n<tr>\n<td width=\"413\">\u00a0KSA1298 KSA1288 CX350<\/td>\n<td width=\"357\">\u00a0KBA10060 CX240<\/td>\n<\/tr>\n<tr>\n<td width=\"413\">\u00a0KSA10222 LJ018710 CX370C<\/td>\n<td width=\"357\">\u00a0KAA1132 LN00106 CX80<\/td>\n<\/tr>\n<tr>\n<td width=\"413\">\u00a0LJ013790 LN001600 CX360B<\/td>\n<td width=\"357\">\u00a0KAA10310 CX75C<\/td>\n<\/tr>\n<tr>\n<td width=\"413\">\u00a0KSA10221 LJ013790 LN001600 KSC10070 CX370B<\/td>\n<td width=\"357\">47813966 KRA16480 CX180D LC<\/td>\n<\/tr>\n<tr>\n<td width=\"413\">\u00a047875247 CX160D LC<\/td>\n<td width=\"357\">47789945 CX300D 47757461 CX240D<\/td>\n<\/tr>\n<\/tbody>\n<\/table>\n<table width=\"601\">\n<tbody>\n<tr>\n<td width=\"601\">\u00a0CX80: LN017130 LJ01025 LN002390 LN00106<\/td>\n<\/tr>\n<tr>\n<td>Byla CX75: KAA10310, KAA1132, LN017130, LJ01025.<\/td>\n<\/tr>\n<tr>\n<td>Case CX60: track drive 31M8-40040CG.<\/td>\n<\/tr>\n<tr>\n<td>Case CX39: track drive 72280157.<\/td>\n<\/tr>\n<tr>\n<td>\u00a0Case CX36: track drive PX15V00020F2<\/td>\n<\/tr>\n<tr>\n<td>\"Case CX350\": galin\u0117 pavara KSA10220, KSA1298<\/td>\n<\/tr>\n<tr>\n<td>\u00a0Case CX35: 47043513, va\u017eiavimo variklis 47046013<\/td>\n<\/tr>\n<tr>\n<td>\u00a0CX330: KSA10220, KSA1101, KSA1298, KSA1322<\/td>\n<\/tr>\n<tr>\n<td>\"Case CX290\": galin\u0117 pavara KBA1137, KBA10750.<\/td>\n<\/tr>\n<tr>\n<td>Case CX28:\u00a0 track drive 47043512<\/td>\n<\/tr>\n<tr>\n<td>Case CX27: PM15V00021F1, 72281630<\/td>\n<\/tr>\n<tr>\n<td>Case CX25:\u00a0 PV15V00018F1<\/td>\n<\/tr>\n<tr>\n<td>\"Case CX240\": galin\u0117 pavara KBA10290, KBA1024, KRA10120<\/td>\n<\/tr>\n<tr>\n<td>\u00a0Case CX23: track drive PM15V00009F1<\/td>\n<\/tr>\n<tr>\n<td>Case CX225SR: KBA1024, KBA1318, KRA12910, KBA10060.<\/td>\n<\/tr>\n<tr>\n<td>Case CX22:\u00a0 track drive 72282278<\/td>\n<\/tr>\n<tr>\n<td width=\"601\">\u00a0CX210B, CX210C-LR, CaseCX 210C-LC, Case CX210C-NLC.<\/td>\n<\/tr>\n<tr>\n<td width=\"601\">Case CX180 KRA1860, CX180C:\u00a0 KRA15450.CX180B: fKRA12910<\/td>\n<\/tr>\n<tr>\n<td>\"Case CX17\": galin\u0117 pavara PU15V00018F1, PU15V00021F1<\/td>\n<\/tr>\n<tr>\n<td>Case CX18:\u00a0 track drive 72271598<\/td>\n<\/tr>\n<tr>\n<td width=\"601\">Case CX160: vik\u0161rin\u0117 pavara KLA0156, KLA10030, KLA10710,<br \/>\n\"Case CX160B\": galin\u0117 pavara, b\u0117gi\u0173 pavara LN00083, LN002060<\/td>\n<\/tr>\n<tr>\n<td>Case CX15: galin\u0117 pavara, vik\u0161rin\u0117 pavara 72271598, 87595370.<\/td>\n<\/tr>\n<tr>\n<td>Case CX16: galin\u0117 pavara, vik\u0161rin\u0117 pavara 47043305, 72271598.<\/td>\n<\/tr>\n<tr>\n<td>\u00a0\"Case CX135SR\": KNA10520 LJ015920, vik\u0161rin\u0117 pavara LN0002260<\/td>\n<\/tr>\n<tr>\n<td width=\"601\">\u00a0CX130:169351A1, KNA10460, LJ013420, LN00072, 164693A1<\/td>\n<\/tr>\n<tr>\n<td>Case CK50: vik\u0161rin\u0117 pavara 6867761290, 6867113300<\/td>\n<\/tr>\n<tr>\n<td>Case CK52: final drive, track drive 200166A1<\/td>\n<\/tr>\n<tr>\n<td>Case CK38:\u00a0 track drive 200107A1.<\/td>\n<\/tr>\n<tr>\n<td>Case CK36: final drive, track drive 6865761290.<\/td>\n<\/tr>\n<tr>\n<td>Case 1188: track drive J2948562<\/td>\n<\/tr>\n<tr>\n<td>Case 9020:\u00a0 track drive 161303A1, KLA0134<\/td>\n<\/tr>\n<tr>\n<td>Case CK13:\u00a0 6815761290, 6971561290, 6971561292<\/td>\n<\/tr>\n<tr>\n<td>Case CK15:\u00a0 6815761290, 6971561290, 6971561292<\/td>\n<\/tr>\n<tr>\n<td>Case CK32:\u00a0 track drive 200035A1<\/td>\n<\/tr>\n<tr>\n<td>Case CK28: final drive, track drive 6831161390<\/td>\n<\/tr>\n<tr>\n<td>\u00a0Case CX460 KTA10190 LJ015030<\/td>\n<\/tr>\n<tr>\n<td>\u00a0Case CX130B: KNA10520, LJ015920 LN0002260.<\/td>\n<\/tr>\n<tr>\n<td>Case CX210 KRA1426, KRA10150, KRA15450, KRA12900, KRA10120<\/td>\n<\/tr>\n<\/tbody>\n<\/table>\n<\/figure>\n<h4><strong>\u00a0Variklis ir pavar\u0173 d\u0117\u017e\u0117 Turimas modelis:<\/strong><\/h4>\n<figure class=\"wp-block-table is-style-stripes has-small-font-size\">1188 CK 1188 LC 1288CK 1288NLC 15 16 23 23 28 31 35 588 688 688B 688B 688B CK 788CK 788LC 788LLC 888 888 888 Amfibija 888B CK 888B CKE 888B CKL 9007 9007B 9010 9010B 9013 9020 9020B 9021 9030 9030B 9040 9040B 988 CK C15 CK13 CK15 CK25 CK28 CK32 CK36 CK38 CK50 CK52 CX130 CX130B CX130C CX135SR CX14 CX145C SR CX15 CX15B CX16 CX16B CX17B CX180 CX180B CX18B CX20B CX210 CX210B CX210BLR CX210BNLC CX210LR CX210N CX225SR CX22B CX23 CX230 CX230B CX235C SR CX240 CX240B CX240BLR CX240LC CX240LC CX240LR CX240NLC CX25 CX250C LR CX26B CX27B CX28 CX290 CX290B CX300C CX30B CX31 CX31B CX330 CX35 CX350 CX350B CX36 CX36B CX40B CX45B CX47 CX50 CX50B CX55B CX75C SR CX75SR CX80 CX80C TR320 420CT 440CT 445CT 450CT TR270 TV380 9030B TK CX250C CX330B CX350C CX370C<\/figure>\n<div id=\"attachment_2045\" style=\"width: 425px\" class=\"wp-caption alignnone\"><img decoding=\"async\" aria-describedby=\"caption-attachment-2045\" class=\"wp-image-2045\" src=\"https:\/\/swingbearing.net\/wp-content\/uploads\/2024\/03\/\u884c\u8d70_01-300x99.jpg\" alt=\"kelion\u0117s variklis\" width=\"415\" height=\"137\" srcset=\"https:\/\/swingbearing.net\/wp-content\/uploads\/2024\/03\/\u884c\u8d70_01-300x99.jpg 300w, https:\/\/swingbearing.net\/wp-content\/uploads\/2024\/03\/\u884c\u8d70_01-18x6.jpg 18w, https:\/\/swingbearing.net\/wp-content\/uploads\/2024\/03\/\u884c\u8d70_01-600x199.jpg 600w, https:\/\/swingbearing.net\/wp-content\/uploads\/2024\/03\/\u884c\u8d70_01.jpg 749w\" sizes=\"(max-width: 415px) 100vw, 415px\" \/><p id=\"caption-attachment-2045\" class=\"wp-caption-text\"><a href=\"https:\/\/swingbearing.net\/lt\/travel-reducer\/\">vaik\u0161\u010diojimo variklis<\/a><\/p><\/div>\n<div id=\"attachment_2046\" style=\"width: 445px\" class=\"wp-caption alignnone\"><img decoding=\"async\" aria-describedby=\"caption-attachment-2046\" class=\"wp-image-2046\" src=\"https:\/\/swingbearing.net\/wp-content\/uploads\/2024\/03\/\u884c\u8d70_03-300x100.jpg\" alt=\"kelion\u0117s variklis\" width=\"435\" height=\"145\" srcset=\"https:\/\/swingbearing.net\/wp-content\/uploads\/2024\/03\/\u884c\u8d70_03-300x100.jpg 300w, https:\/\/swingbearing.net\/wp-content\/uploads\/2024\/03\/\u884c\u8d70_03-18x6.jpg 18w, https:\/\/swingbearing.net\/wp-content\/uploads\/2024\/03\/\u884c\u8d70_03-600x201.jpg 600w, https:\/\/swingbearing.net\/wp-content\/uploads\/2024\/03\/\u884c\u8d70_03.jpg 750w\" sizes=\"(max-width: 435px) 100vw, 435px\" \/><p id=\"caption-attachment-2046\" class=\"wp-caption-text\"><a href=\"https:\/\/swingbearing.net\/lt\/hydraulic-motor\/\">va\u017eiavimo galutin\u0117 pavara<\/a><\/p><\/div>\n<div id=\"attachment_2047\" style=\"width: 450px\" class=\"wp-caption alignnone\"><img decoding=\"async\" aria-describedby=\"caption-attachment-2047\" class=\"wp-image-2047\" src=\"https:\/\/swingbearing.net\/wp-content\/uploads\/2024\/03\/\u884c\u8d70_04-300x101.jpg\" alt=\"Kelioni\u0173 ma\u017einimas\" width=\"440\" height=\"148\" srcset=\"https:\/\/swingbearing.net\/wp-content\/uploads\/2024\/03\/\u884c\u8d70_04-300x101.jpg 300w, https:\/\/swingbearing.net\/wp-content\/uploads\/2024\/03\/\u884c\u8d70_04-18x6.jpg 18w, https:\/\/swingbearing.net\/wp-content\/uploads\/2024\/03\/\u884c\u8d70_04-600x202.jpg 600w, https:\/\/swingbearing.net\/wp-content\/uploads\/2024\/03\/\u884c\u8d70_04.jpg 750w\" sizes=\"(max-width: 440px) 100vw, 440px\" \/><p id=\"caption-attachment-2047\" class=\"wp-caption-text\"><a href=\"https:\/\/swingbearing.net\/lt\/swing-bearing\/\">Kelioni\u0173 ma\u017einimas<\/a><\/p><\/div>","protected":false},"excerpt":{"rendered":"<h5 class=\"ct-headline\">Kategorijos: Hidraulinis variklis Hidraulinis variklis Galutin\u0117 pavara<br \/>\nModel: Cx160<br \/>\nPart No.:Kla0156 Kla10030,Kla10710<\/h5>","protected":false},"featured_media":2055,"template":"","meta":[],"product_brand":[],"product_cat":[26],"product_tag":[],"class_list":{"0":"post-2069","1":"product","2":"type-product","3":"status-publish","4":"has-post-thumbnail","6":"product_cat-hydraulic-motors","8":"first","9":"instock","10":"shipping-taxable","11":"product-type-simple"},"_links":{"self":[{"href":"https:\/\/swingbearing.net\/lt\/wp-json\/wp\/v2\/product\/2069","targetHints":{"allow":["GET"]}}],"collection":[{"href":"https:\/\/swingbearing.net\/lt\/wp-json\/wp\/v2\/product"}],"about":[{"href":"https:\/\/swingbearing.net\/lt\/wp-json\/wp\/v2\/types\/product"}],"wp:featuredmedia":[{"embeddable":true,"href":"https:\/\/swingbearing.net\/lt\/wp-json\/wp\/v2\/media\/2055"}],"wp:attachment":[{"href":"https:\/\/swingbearing.net\/lt\/wp-json\/wp\/v2\/media?parent=2069"}],"wp:term":[{"taxonomy":"product_brand","embeddable":true,"href":"https:\/\/swingbearing.net\/lt\/wp-json\/wp\/v2\/product_brand?post=2069"},{"taxonomy":"product_cat","embeddable":true,"href":"https:\/\/swingbearing.net\/lt\/wp-json\/wp\/v2\/product_cat?post=2069"},{"taxonomy":"product_tag","embeddable":true,"href":"https:\/\/swingbearing.net\/lt\/wp-json\/wp\/v2\/product_tag?post=2069"}],"curies":[{"name":"wp","href":"https:\/\/api.w.org\/{rel}","templated":true}]}}