{"id":2065,"date":"2024-03-08T06:28:34","date_gmt":"2024-03-08T06:28:34","guid":{"rendered":"https:\/\/swingbearing.net\/?post_type=product&#038;p=2065"},"modified":"2024-03-11T03:55:55","modified_gmt":"2024-03-11T03:55:55","slug":"travel-motor-ec290b","status":"publish","type":"product","link":"https:\/\/swingbearing.net\/lt\/product\/travel-motor-ec290b\/","title":{"rendered":"Hidraulinis eigos variklis SA7117-38020 SA7240-10402 EC290B eigos reduktorius"},"content":{"rendered":"<h4>Galime pasi\u016blyti plat\u0173 ekskavatoriams skirt\u0173 va\u017eiavimo varikli\u0173 \/ galutin\u0117s pavaros agregat\u0173 \/ va\u017eiavimo reduktori\u0173 asortiment\u0105.<\/h4>\n<p>Va\u017eiavimo variklis (galutin\u0117 pavara) yra mechaninis \u012ftaisas, da\u017eniausiai naudojamas elektriniams prietaisams, pavyzd\u017eiui, robotams, motoroleriams ir elektriniams dvira\u010diams, varyti \u012f priek\u012f arba dirbti. Pagrindinis jo veikimo principas - naudojant elektromagnetin\u0117s indukcijos princip\u0105 generuoti sukimo moment\u0105, o po to per vidin\u012f reduktori\u0173 suma\u017einti greit\u012f, kad jud\u0117t\u0173 i\u0161oriniai ratai arba grandin\u0117s. Konstrukciniu po\u017ei\u016briu va\u017eiavimo varikl\u012f paprastai sudaro greitaeigis hidraulinis variklis, stabd\u017eiai, planetinis reduktorius, vo\u017etuv\u0173 grup\u0117 ir t. t. Jame naudojama didel\u0117s apkrovos k\u016bgini\u0173 ritinini\u0173 guoli\u0173 konstrukcija, skirta ekskavatoriaus a\u0161in\u0117ms ir radialin\u0117ms j\u0117goms, atsirandan\u010dioms ekskavatoriui dirbant ir sukantis, atlaikyti.<br \/>\nM\u016bs\u0173 patyrusi pardavim\u0173 komanda turi daugyb\u0119 \u017eini\u0173 ir patirties apie galutin\u0119 kelioni\u0173 pavar\u0105, tod\u0117l galime u\u017etikrinti, kad j\u016bs\u0173 kelioni\u0173 variklio reikalavimus \u012fvykdysime greitai ir ekonomi\u0161kai efektyviai.<\/p>\n<p><strong>\u00a0Palaikomi gamintojai<\/strong><br \/>\n\u0160iuo metu galime pasi\u016blyti \u012fvairi\u0173 kompanij\u0173, toki\u0173 kaip \"Komatsu\", \"Caterpillar\", \"Volvo\", \"Case\", \"Doosan\", \"Sumitomo\", \"Hyundai\", \"Kobelco\", \"JCB\", \"Liugong\", \"Sany\", \"XCMG\" ir \"Hitachi\", gaminam\u0173 ekskavatori\u0173 variklius.<\/p>\n<h4>Susij\u0119s \"Volvo\" ekskavatoriaus va\u017eiavimo variklio mazgas<\/h4>\n<figure class=\"wp-block-table is-style-stripes has-small-font-size\">\n<table class=\"has-cyan-bluish-gray-background-color has-background\">\n<tbody>\n<tr>\n<td width=\"598\">\u00a0\"Volvo EC150\", \"Volvo EC150LC\" va\u017eiavimo pavaros: SA7117-30011,<br \/>\n- \"Volvo 150 Akerman\" va\u017eiavimo pavaros agregatas: 14216035,<br \/>\n- \"Volvo 150C\", \"Volvo 150\" pavar\u0173 d\u0117\u017e\u0117: 14214704 variklis: 14268106<\/td>\n<td width=\"614\">\"Volvo 160\" va\u017eiavimo pavaros agregatas: 14370176,<br \/>\n- \"Volvo 160BLC\/BNLC\" va\u017eiavimo pavaros agregatas: 14515045, 14528730,<br \/>\n- \"Volvo 160CL\/CNL\" va\u017eiavimo pavaros agregatas: 14538585<\/td>\n<\/tr>\n<tr>\n<td width=\"598\">\"Volvo 180BLC\" va\u017eiavimo pavaros agregatas: 145212111, 14528731,<br \/>\n180CL 14538586<\/td>\n<td width=\"614\">EC210\/F\/LC\/NLC\/BF\/BFX\/BLC\/BLR\/BNLC\/BNC\/CL\/LD\/LR\/N\/N\/NL SA7117-30030, 14525366, 14528732, 14528930<\/td>\n<\/tr>\n<tr>\n<td width=\"598\">\"Volvo EC 200\/200B\" va\u017eiavimo pavaros agregatas: 14528732<\/td>\n<td width=\"614\">\"Volvo EC 235\/235-C\" va\u017eiavimo pavaros agregatas: 14550250<\/td>\n<\/tr>\n<tr>\n<td width=\"598\">\"Volvo EC210\", \"Volvo EC210F\", \"Volvo EC210LC\", \"Volvo EC210NLC\", \"Volvo EC210BF\", \"Volvo EC210BFX\", \"Volvo EC210BLC\", \"Volvo EC210BLR\", \"Volvo EC210BNLC\", \"Volvo EC210BNC\", \"Volvo EC210CL\", \"Volvo EC210LD\", \"Volvo EC210LR\", \"Volvo EC210N\", \"Volvo EC210NL\" dali\u0173 numeriai: SA7117-30030, 14525366, 14528732, 14528930.<\/td>\n<td width=\"614\">\"Volvo EC290,290LC, 290LR, 290NLC: galutin\u0117 pavara: SA7117-38001, Vik\u0161rin\u0117 pavara: SA7117-38001, Vik\u0161rin\u0117 pavara: SA7240-10402, pavar\u0173 d\u0117\u017e\u0117: SA7117-38050,<br \/>\nVolvo EC290BFX , EC 290BLC: SA7117-38020, VOE14521691, VOE14522894, VOE14551154<br \/>\nVolvo EC290 BLR , EC290 BNLC: galutin\u0117 pavara: VOE14509996, VOE14521389, VOE14528280.<\/td>\n<\/tr>\n<tr>\n<td width=\"598\">\"Volvo EC 240\/LC\/LR\/NLC\/B\/B-LC\/B-LR\/B-NLC\/C\/CL\/C-LD\/C-LR\/C-NL\" va\u017eiavimo pavaros blokas:  SA7117-34001, SA8230-21631, 14528734, 14533652, 14528258<\/td>\n<td width=\"614\">\"Volvo ECR 88\" va\u017eiavimo pavaros bloko dali\u0173 numeriai: 14516538, va\u017eiavimo variklio: 14520757<\/td>\n<\/tr>\n<tr>\n<td width=\"598\">\"Volvo EC360\", \"Volvo EC360LC\", \"Volvo EC360NLC\", \"Volvo EC360B\", \"Volvo EC360B-LC\", \"Volvo EC360B-LR\", \"Volvo EC360B-NLC\", \"Volvo EC360C\", \"Volvo EC360CL\", \"Volvo EC360C\", \"Volvo EC360CL\", \"Volvo EC360C\", \"Volvo EC360C\".<\/td>\n<td width=\"614\">EC360C-LD, \"Volvo\" EC360C-LR, \"Volvo\" EC360C-NL ekskavatorius<br \/>\n- \"Volvo EC 360\" SA7117-45010, 14551150, 14566400, 14513049, 14521695, 14522994<\/td>\n<\/tr>\n<tr>\n<td width=\"598\">\"Volvo ECR 145\" va\u017eiavimo pavaros bloko dali\u0173 numeriai: 14573820, 14614941<\/td>\n<td width=\"614\">\"Volvo G726\" va\u017eiavimo pavaros blokas: 12725795<\/td>\n<\/tr>\n<tr>\n<td width=\"598\">EC460 EC460B VOE 14508165 EC460 EC480<\/td>\n<td width=\"614\">EC700 EC700B EC700BLC VOE 14522564<\/td>\n<\/tr>\n<tr>\n<td width=\"598\">EC460 EC480 14733880 14727995 EC460 EC460 EC460B<\/td>\n<td width=\"614\">7117-38020 EC290 Galin\u0117s pavaros mazgas, t. Vo<\/td>\n<\/tr>\n<tr>\n<td width=\"598\">\u00a0EC460 EC460B VOE 14508165 14522563<\/td>\n<td width=\"614\">Vol Vo EC700BHR EC700C EC700B<\/td>\n<\/tr>\n<tr>\n<td width=\"598\">EC290 Vol Vo ekskavatoriaus galin\u0117 pavara<\/td>\n<td width=\"614\">\u00a07117-38020 14551154 14524707 14522894 14528257 14521691<\/td>\n<\/tr>\n<tr>\n<td width=\"598\">Variklis EC360C EC360B EC290B<\/td>\n<td width=\"614\">\u00a014528259 14513049 14521695<\/td>\n<\/tr>\n<tr>\n<td width=\"598\">\u00a0Vol Vo Ekskavatorius EC290B EC330B EC360B EC360C<\/td>\n<td width=\"614\">\u00a0VOE14551150 14528260 14528281<\/td>\n<\/tr>\n<tr>\n<td width=\"598\">Vol Vo EC290B 7117-38020 14551154 14592030<\/td>\n<td width=\"614\">\u00a07117-38020 14551154 14592030<\/td>\n<\/tr>\n<tr>\n<td width=\"598\">EC460 EC460B<\/td>\n<td width=\"614\">VOE 14508165<\/td>\n<\/tr>\n<tr>\n<td width=\"598\">EC210BLC VOE14533651<\/td>\n<td width=\"614\">EC210BLC VOE14533651<\/td>\n<\/tr>\n<tr>\n<td width=\"598\">R140LC-9 R140-9 31Q4-4003 Kelion\u0117s variklio mazgas<\/td>\n<td width=\"614\">R140LC-9 R140-9 31Q4-4003<\/td>\n<\/tr>\n<tr>\n<td width=\"598\">E349D2 209-5992 215-9982<\/td>\n<td width=\"614\">E349D2 209-5992 215-9982<\/td>\n<\/tr>\n<tr>\n<td width=\"598\">VIO50-3 TM06F MAG33VP-550F-10 Reduktorius<\/td>\n<td width=\"614\">VIO50-3 TM06F MAG33VP-550F-10 Reduktorius<\/td>\n<\/tr>\n<tr>\n<td width=\"598\">E349D2 MCA250 MOBA250 390-1088<\/td>\n<td width=\"614\">E349D2 MCA250 MOBA250 390-1088<\/td>\n<\/tr>\n<tr>\n<td width=\"598\">EC210BLC SA1143-01270 Hidraulin\u0117s eigos variklis<\/td>\n<td width=\"614\">EC210BLC SA1143-01270<\/td>\n<\/tr>\n<\/tbody>\n<\/table>\n<\/figure>\n<h4><strong>\u00a0Variklis ir pavar\u0173 d\u0117\u017e\u0117 Turimas modelis:<\/strong><\/h4>\n<figure class=\"wp-block-table is-style-stripes has-small-font-size\">1188 CK 1188 LC 1288CK 1288NLC 15 16 23 23 28 31 35 588 688 688B 688B 688B CK 788CK 788LC 788LLC 888 888 888 Amfibija 888B CK 888B CKE 888B CKL 9007 9007B 9010 9010B 9013 9020 9020B 9021 9030 9030B 9040 9040B 988 CK C15 CK13 CK15 CK25 CK28 CK32 CK36 CK38 CK50 CK52 CX130 CX130B CX130C CX135SR CX14 CX145C SR CX15 CX15B CX16 CX16B CX17B CX180 CX180B CX18B CX20B CX210 CX210B CX210BLR CX210BNLC CX210LR CX210N CX225SR CX22B CX23 CX230 CX230B CX235C SR CX240 CX240B CX240BLR CX240LC CX240LC CX240LR CX240NLC CX25 CX250C LR CX26B CX27B CX28 CX290 CX290B CX300C CX30B CX31 CX31B CX330 CX35 CX350 CX350B CX36 CX36B CX40B CX45B CX47 CX50 CX50B CX55B CX75C SR CX75SR CX80 CX80C TR320 420CT 440CT 445CT 450CT TR270 TV380 9030B TK CX250C CX330B CX350C CX370C<\/figure>\n<div id=\"attachment_2045\" style=\"width: 425px\" class=\"wp-caption alignnone\"><img decoding=\"async\" aria-describedby=\"caption-attachment-2045\" class=\"wp-image-2045\" src=\"https:\/\/swingbearing.net\/wp-content\/uploads\/2024\/03\/\u884c\u8d70_01-300x99.jpg\" alt=\"kelion\u0117s variklis\" width=\"415\" height=\"137\" srcset=\"https:\/\/swingbearing.net\/wp-content\/uploads\/2024\/03\/\u884c\u8d70_01-300x99.jpg 300w, https:\/\/swingbearing.net\/wp-content\/uploads\/2024\/03\/\u884c\u8d70_01-18x6.jpg 18w, https:\/\/swingbearing.net\/wp-content\/uploads\/2024\/03\/\u884c\u8d70_01-600x199.jpg 600w, https:\/\/swingbearing.net\/wp-content\/uploads\/2024\/03\/\u884c\u8d70_01.jpg 749w\" sizes=\"(max-width: 415px) 100vw, 415px\" \/><p id=\"caption-attachment-2045\" class=\"wp-caption-text\"><a href=\"https:\/\/swingbearing.net\/lt\/travel-reducer\/\">vaik\u0161\u010diojimo variklis<\/a><\/p><\/div>\n<div id=\"attachment_2046\" style=\"width: 445px\" class=\"wp-caption alignnone\"><img decoding=\"async\" aria-describedby=\"caption-attachment-2046\" class=\"wp-image-2046\" src=\"https:\/\/swingbearing.net\/wp-content\/uploads\/2024\/03\/\u884c\u8d70_03-300x100.jpg\" alt=\"kelion\u0117s variklis\" width=\"435\" height=\"145\" srcset=\"https:\/\/swingbearing.net\/wp-content\/uploads\/2024\/03\/\u884c\u8d70_03-300x100.jpg 300w, https:\/\/swingbearing.net\/wp-content\/uploads\/2024\/03\/\u884c\u8d70_03-18x6.jpg 18w, https:\/\/swingbearing.net\/wp-content\/uploads\/2024\/03\/\u884c\u8d70_03-600x201.jpg 600w, https:\/\/swingbearing.net\/wp-content\/uploads\/2024\/03\/\u884c\u8d70_03.jpg 750w\" sizes=\"(max-width: 435px) 100vw, 435px\" \/><p id=\"caption-attachment-2046\" class=\"wp-caption-text\"><a href=\"https:\/\/swingbearing.net\/lt\/hydraulic-motor\/\">va\u017eiavimo galutin\u0117 pavara<\/a><\/p><\/div>\n<div id=\"attachment_2047\" style=\"width: 450px\" class=\"wp-caption alignnone\"><img decoding=\"async\" aria-describedby=\"caption-attachment-2047\" class=\"wp-image-2047\" src=\"https:\/\/swingbearing.net\/wp-content\/uploads\/2024\/03\/\u884c\u8d70_04-300x101.jpg\" alt=\"Kelioni\u0173 ma\u017einimas\" width=\"440\" height=\"148\" srcset=\"https:\/\/swingbearing.net\/wp-content\/uploads\/2024\/03\/\u884c\u8d70_04-300x101.jpg 300w, https:\/\/swingbearing.net\/wp-content\/uploads\/2024\/03\/\u884c\u8d70_04-18x6.jpg 18w, https:\/\/swingbearing.net\/wp-content\/uploads\/2024\/03\/\u884c\u8d70_04-600x202.jpg 600w, https:\/\/swingbearing.net\/wp-content\/uploads\/2024\/03\/\u884c\u8d70_04.jpg 750w\" sizes=\"(max-width: 440px) 100vw, 440px\" \/><p id=\"caption-attachment-2047\" class=\"wp-caption-text\"><a href=\"https:\/\/swingbearing.net\/lt\/swing-bearing\/\">Kelioni\u0173 ma\u017einimas<\/a><\/p><\/div>","protected":false},"excerpt":{"rendered":"<h5 class=\"ct-headline\">Kategorijos: \"Volvo\" kelioni\u0173 variklis Hidraulinis variklis Galutin\u0117 pavara<br \/>\nModelis: EC290B<br \/>\nDalies Nr.:SA7117-38020 SA7240-10402<\/h5>","protected":false},"featured_media":2068,"template":"","meta":[],"product_brand":[],"product_cat":[26],"product_tag":[],"class_list":{"0":"post-2065","1":"product","2":"type-product","3":"status-publish","4":"has-post-thumbnail","6":"product_cat-hydraulic-motors","8":"first","9":"instock","10":"shipping-taxable","11":"product-type-simple"},"_links":{"self":[{"href":"https:\/\/swingbearing.net\/lt\/wp-json\/wp\/v2\/product\/2065","targetHints":{"allow":["GET"]}}],"collection":[{"href":"https:\/\/swingbearing.net\/lt\/wp-json\/wp\/v2\/product"}],"about":[{"href":"https:\/\/swingbearing.net\/lt\/wp-json\/wp\/v2\/types\/product"}],"wp:featuredmedia":[{"embeddable":true,"href":"https:\/\/swingbearing.net\/lt\/wp-json\/wp\/v2\/media\/2068"}],"wp:attachment":[{"href":"https:\/\/swingbearing.net\/lt\/wp-json\/wp\/v2\/media?parent=2065"}],"wp:term":[{"taxonomy":"product_brand","embeddable":true,"href":"https:\/\/swingbearing.net\/lt\/wp-json\/wp\/v2\/product_brand?post=2065"},{"taxonomy":"product_cat","embeddable":true,"href":"https:\/\/swingbearing.net\/lt\/wp-json\/wp\/v2\/product_cat?post=2065"},{"taxonomy":"product_tag","embeddable":true,"href":"https:\/\/swingbearing.net\/lt\/wp-json\/wp\/v2\/product_tag?post=2065"}],"curies":[{"name":"wp","href":"https:\/\/api.w.org\/{rel}","templated":true}]}}