{"id":2053,"date":"2024-03-08T03:35:06","date_gmt":"2024-03-08T03:35:06","guid":{"rendered":"https:\/\/swingbearing.net\/?post_type=product&#038;p=2053"},"modified":"2024-03-08T06:05:16","modified_gmt":"2024-03-08T06:05:16","slug":"travel-motor-169351a1","status":"publish","type":"product","link":"https:\/\/swingbearing.net\/lt\/product\/travel-motor-169351a1\/","title":{"rendered":"CASE hidraulinis va\u017eiavimo variklis 169351A1, skirtas CX135SR galinei pavarai"},"content":{"rendered":"<h4>Galime pasi\u016blyti plat\u0173 ekskavatoriams skirt\u0173 va\u017eiavimo varikli\u0173 \/ galutin\u0117s pavaros agregat\u0173 \/ va\u017eiavimo reduktori\u0173 asortiment\u0105.<\/h4>\n<p>Kelion\u0117s variklis yra mechaninis \u012ftaisas, da\u017eniausiai naudojamas elektriniams prietaisams, pavyzd\u017eiui, robotams, motoroleriams ir elektriniams dvira\u010diams, varyti \u012f priek\u012f arba dirbti. Pagrindinis jo veikimo principas - naudojant elektromagnetin\u0117s indukcijos princip\u0105 sukurti sukimo moment\u0105, o tada per vidin\u012f reduktori\u0173 suma\u017einti greit\u012f, kad jud\u0117t\u0173 i\u0161oriniai ratai arba grandin\u0117s. Konstrukciniu po\u017ei\u016briu va\u017eiavimo varikl\u012f paprastai sudaro greitaeigis hidraulinis variklis, stabd\u017eiai, planetinis reduktorius, vo\u017etuv\u0173 grup\u0117 ir t. t. Jame naudojama didel\u0117s apkrovos k\u016bgini\u0173 ritinini\u0173 guoli\u0173 konstrukcija, skirta ekskavatoriaus a\u0161in\u0117ms ir radialin\u0117ms j\u0117goms, atsirandan\u010dioms ekskavatoriui dirbant ir sukantis, atlaikyti.<br \/>\nM\u016bs\u0173 patyrusi pardavim\u0173 komanda turi daugyb\u0119 \u017eini\u0173 ir patirties apie galutin\u0119 kelioni\u0173 pavar\u0105, tod\u0117l galime u\u017etikrinti, kad j\u016bs\u0173 kelioni\u0173 variklio reikalavimus \u012fvykdysime greitai ir ekonomi\u0161kai efektyviai.<\/p>\n<p><strong>\u00a0Palaikomi gamintojai<\/strong><br \/>\n\u0160iuo metu galime pasi\u016blyti \u012fvairi\u0173 kompanij\u0173, toki\u0173 kaip \"Komatsu\", \"Caterpillar\", \"Volvo\", \"Case\", \"Doosan\", \"Sumitomo\", \"Hyundai\", \"Kobelco\", \"JCB\", \"Liugong\", \"Sany\", \"XCMG\" ir \"Hitachi\", gaminam\u0173 ekskavatori\u0173 variklius.<\/p>\n<h4>Susij\u0119 Case Excavator Travel Motor Assy<\/h4>\n<figure class=\"wp-block-table is-style-stripes has-small-font-size\">\n<table class=\"has-cyan-bluish-gray-background-color has-background\">\n<tbody>\n<tr>\n<td width=\"413\">LJ015920 KLA10710 CX130B<\/td>\n<td width=\"357\">\u00a0KSA10220 LJ013790 LN001600 CX370B<\/td>\n<\/tr>\n<tr>\n<td width=\"413\">\u00a0LJ015920 CX135SR<\/td>\n<td width=\"357\">\u00a0KSA10222 LJ018710 LN002190 CX350B<\/td>\n<\/tr>\n<tr>\n<td width=\"413\">\u00a0LJ013420 KNA10460 LJ013420 164693A1 CX130<\/td>\n<td width=\"357\">KSA10221 LJ013790 LN001600 CX350B<\/td>\n<\/tr>\n<tr>\n<td width=\"413\">\u00a0KWA0018 CX700<\/td>\n<td width=\"357\">\u00a0KSA10220 LJ013790 LN001600 CX350B<\/td>\n<\/tr>\n<tr>\n<td width=\"413\">\u00a0KWA0017 KWA0019 KWA0018 CX700B<\/td>\n<td width=\"357\">\u00a0KRA1860 KRA10120 CX180<\/td>\n<\/tr>\n<tr>\n<td width=\"413\">\u00a0KWA0017 KWA0019 CX750D<\/td>\n<td width=\"357\">KSA10220 KSA10221 KSA10222 CX330<\/td>\n<\/tr>\n<tr>\n<td width=\"413\">\u00a0KUA10590 KUA10580 CX800 CX800B<\/td>\n<td width=\"357\">\u00a0KBA14710 CX250D<\/td>\n<\/tr>\n<tr>\n<td width=\"413\">\u00a0KTA1070 LN00102 LJ00993 CX460<\/td>\n<td width=\"357\">\u00a0KRA15450 KRA14000 KRA10150 CX210B CX220B<\/td>\n<\/tr>\n<tr>\n<td width=\"413\">\u00a0KTA10192 LN003780 CX490C CX500C<\/td>\n<td width=\"357\">KBA14710 CX230D CX240C CX260C CX290D<\/td>\n<\/tr>\n<tr>\n<td width=\"413\">\u00a0KTA10192 LN001990 LJ018720 CX470C<\/td>\n<td width=\"357\">\u00a0KBA13690 CX235C<\/td>\n<\/tr>\n<tr>\n<td width=\"413\">\u00a0KTA10192 KTA10192 CX490D CX500D<\/td>\n<td width=\"357\">\u00a0KBA1319 LN00092 KBA1312 LN00133 CX290<\/td>\n<\/tr>\n<tr>\n<td width=\"413\">\u00a0KTA10192 LN001990 LJ018720 CX470B<\/td>\n<td width=\"357\">\u00a0KBA12640 KBA13690 CX250C<\/td>\n<\/tr>\n<tr>\n<td width=\"413\">\u00a0KTA10191 LN001990 LJ015030 CX470B<\/td>\n<td width=\"357\">\u00a0KBA10750 LJ014910 LN001980 CX300B<\/td>\n<\/tr>\n<tr>\n<td width=\"413\">\u00a0KTA10190 LN001990 LJ015030 CX470B<\/td>\n<td width=\"357\">\u00a0KBA10750 LJ014910 LN001980 CX290B<\/td>\n<\/tr>\n<tr>\n<td width=\"413\">\u00a0KSA15860 LJ018770 CX300C<\/td>\n<td width=\"357\">\u00a0KBA10290 KBA12640 CX230B CX240B<\/td>\n<\/tr>\n<tr>\n<td width=\"413\">\u00a0KSA14090 CX350D CX370D<\/td>\n<td width=\"357\">KBA10060 LN001410 CX230<\/td>\n<\/tr>\n<tr>\n<td width=\"413\">\u00a0KSA13050 CX380C LN002190 LJ018710 CX350C<\/td>\n<td width=\"357\">\u00a0KBA10060 KBA1024 CX225SR<\/td>\n<\/tr>\n<tr>\n<td width=\"413\">\u00a0KSA1298 KSA1288 CX350<\/td>\n<td width=\"357\">\u00a0KBA10060 CX240<\/td>\n<\/tr>\n<tr>\n<td width=\"413\">\u00a0KSA10222 LJ018710 CX370C<\/td>\n<td width=\"357\">\u00a0KAA1132 LN00106 CX80<\/td>\n<\/tr>\n<tr>\n<td width=\"413\">\u00a0LJ013790 LN001600 CX360B<\/td>\n<td width=\"357\">\u00a0KAA10310 CX75C<\/td>\n<\/tr>\n<tr>\n<td width=\"413\">\u00a0KSA10221 LJ013790 LN001600 KSC10070 CX370B<\/td>\n<td width=\"357\">47813966 KRA16480 CX180D LC<\/td>\n<\/tr>\n<tr>\n<td width=\"413\">\u00a047875247 CX160D LC<\/td>\n<td width=\"357\">47789945 CX300D 47757461 CX240D<\/td>\n<\/tr>\n<\/tbody>\n<\/table>\n<\/figure>\n<h4><strong>\u00a0Variklis ir pavar\u0173 d\u0117\u017e\u0117 Turimas modelis:<\/strong><\/h4>\n<figure class=\"wp-block-table is-style-stripes has-small-font-size\">1188 CK 1188 LC 1288CK 1288NLC 15 16 23 23 28 31 35 588 688 688B 688B 688B CK 788CK 788LC 788LLC 888 888 888 Amfibija 888B CK 888B CKE 888B CKL 9007 9007B 9010 9010B 9013 9020 9020B 9021 9030 9030B 9040 9040B 988 CK C15 CK13 CK15 CK25 CK28 CK32 CK36 CK38 CK50 CK52 CX130 CX130B CX130C CX135SR CX14 CX145C SR CX15 CX15B CX16 CX16B CX17B CX180 CX180B CX18B CX20B CX210 CX210B CX210BLR CX210BNLC CX210LR CX210N CX225SR CX22B CX23 CX230 CX230B CX235C SR CX240 CX240B CX240BLR CX240LC CX240LC CX240LR CX240NLC CX25 CX250C LR CX26B CX27B CX28 CX290 CX290B CX300C CX30B CX31 CX31B CX330 CX35 CX350 CX350B CX36 CX36B CX40B CX45B CX47 CX50 CX50B CX55B CX75C SR CX75SR CX80 CX80C TR320 420CT 440CT 445CT 450CT TR270 TV380 9030B TK CX250C CX330B CX350C CX370C<\/figure>\n<p class=\"wp-block-table is-style-stripes has-small-font-size\">\n<div id=\"attachment_2045\" style=\"width: 425px\" class=\"wp-caption alignnone\"><img decoding=\"async\" aria-describedby=\"caption-attachment-2045\" class=\"wp-image-2045\" src=\"https:\/\/swingbearing.net\/wp-content\/uploads\/2024\/03\/\u884c\u8d70_01-300x99.jpg\" alt=\"kelion\u0117s variklis\" width=\"415\" height=\"137\" srcset=\"https:\/\/swingbearing.net\/wp-content\/uploads\/2024\/03\/\u884c\u8d70_01-300x99.jpg 300w, https:\/\/swingbearing.net\/wp-content\/uploads\/2024\/03\/\u884c\u8d70_01-18x6.jpg 18w, https:\/\/swingbearing.net\/wp-content\/uploads\/2024\/03\/\u884c\u8d70_01-600x199.jpg 600w, https:\/\/swingbearing.net\/wp-content\/uploads\/2024\/03\/\u884c\u8d70_01.jpg 749w\" sizes=\"(max-width: 415px) 100vw, 415px\" \/><p id=\"caption-attachment-2045\" class=\"wp-caption-text\"><a href=\"https:\/\/swingbearing.net\/lt\/travel-reducer\/\">vaik\u0161\u010diojimo variklis<\/a><\/p><\/div>\n<div id=\"attachment_2046\" style=\"width: 445px\" class=\"wp-caption alignnone\"><img decoding=\"async\" aria-describedby=\"caption-attachment-2046\" class=\"wp-image-2046\" src=\"https:\/\/swingbearing.net\/wp-content\/uploads\/2024\/03\/\u884c\u8d70_03-300x100.jpg\" alt=\"kelion\u0117s variklis\" width=\"435\" height=\"145\" srcset=\"https:\/\/swingbearing.net\/wp-content\/uploads\/2024\/03\/\u884c\u8d70_03-300x100.jpg 300w, https:\/\/swingbearing.net\/wp-content\/uploads\/2024\/03\/\u884c\u8d70_03-18x6.jpg 18w, https:\/\/swingbearing.net\/wp-content\/uploads\/2024\/03\/\u884c\u8d70_03-600x201.jpg 600w, https:\/\/swingbearing.net\/wp-content\/uploads\/2024\/03\/\u884c\u8d70_03.jpg 750w\" sizes=\"(max-width: 435px) 100vw, 435px\" \/><p id=\"caption-attachment-2046\" class=\"wp-caption-text\"><a href=\"https:\/\/swingbearing.net\/lt\/hydraulic-motor\/\">va\u017eiavimo galutin\u0117 pavara<\/a><\/p><\/div>\n<div id=\"attachment_2047\" style=\"width: 450px\" class=\"wp-caption alignnone\"><img decoding=\"async\" aria-describedby=\"caption-attachment-2047\" class=\"wp-image-2047\" src=\"https:\/\/swingbearing.net\/wp-content\/uploads\/2024\/03\/\u884c\u8d70_04-300x101.jpg\" alt=\"Kelioni\u0173 ma\u017einimas\" width=\"440\" height=\"148\" srcset=\"https:\/\/swingbearing.net\/wp-content\/uploads\/2024\/03\/\u884c\u8d70_04-300x101.jpg 300w, https:\/\/swingbearing.net\/wp-content\/uploads\/2024\/03\/\u884c\u8d70_04-18x6.jpg 18w, https:\/\/swingbearing.net\/wp-content\/uploads\/2024\/03\/\u884c\u8d70_04-600x202.jpg 600w, https:\/\/swingbearing.net\/wp-content\/uploads\/2024\/03\/\u884c\u8d70_04.jpg 750w\" sizes=\"(max-width: 440px) 100vw, 440px\" \/><p id=\"caption-attachment-2047\" class=\"wp-caption-text\"><a href=\"https:\/\/swingbearing.net\/lt\/swing-bearing\/\">Kelioni\u0173 ma\u017einimas<\/a><\/p><\/div>","protected":false},"excerpt":{"rendered":"<h5 class=\"ct-headline\">Kategorijos: Hidraulinis variklis Hidraulinis variklis Galutin\u0117 pavara<br \/>\nModelis: CX135SR<br \/>\nDalies Nr.: 169351A1, skirtas<\/h5>","protected":false},"featured_media":2054,"template":"","meta":[],"product_brand":[],"product_cat":[26],"product_tag":[],"class_list":{"0":"post-2053","1":"product","2":"type-product","3":"status-publish","4":"has-post-thumbnail","6":"product_cat-hydraulic-motors","8":"first","9":"instock","10":"shipping-taxable","11":"product-type-simple"},"_links":{"self":[{"href":"https:\/\/swingbearing.net\/lt\/wp-json\/wp\/v2\/product\/2053","targetHints":{"allow":["GET"]}}],"collection":[{"href":"https:\/\/swingbearing.net\/lt\/wp-json\/wp\/v2\/product"}],"about":[{"href":"https:\/\/swingbearing.net\/lt\/wp-json\/wp\/v2\/types\/product"}],"wp:featuredmedia":[{"embeddable":true,"href":"https:\/\/swingbearing.net\/lt\/wp-json\/wp\/v2\/media\/2054"}],"wp:attachment":[{"href":"https:\/\/swingbearing.net\/lt\/wp-json\/wp\/v2\/media?parent=2053"}],"wp:term":[{"taxonomy":"product_brand","embeddable":true,"href":"https:\/\/swingbearing.net\/lt\/wp-json\/wp\/v2\/product_brand?post=2053"},{"taxonomy":"product_cat","embeddable":true,"href":"https:\/\/swingbearing.net\/lt\/wp-json\/wp\/v2\/product_cat?post=2053"},{"taxonomy":"product_tag","embeddable":true,"href":"https:\/\/swingbearing.net\/lt\/wp-json\/wp\/v2\/product_tag?post=2053"}],"curies":[{"name":"wp","href":"https:\/\/api.w.org\/{rel}","templated":true}]}}