{"id":2037,"date":"2024-03-07T06:19:13","date_gmt":"2024-03-07T06:19:13","guid":{"rendered":"https:\/\/swingbearing.net\/?post_type=product&#038;p=2037"},"modified":"2024-03-07T06:40:47","modified_gmt":"2024-03-07T06:40:47","slug":"swing-motors-706-7k-01011","status":"publish","type":"product","link":"https:\/\/swingbearing.net\/lt\/product\/swing-motors-706-7k-01011\/","title":{"rendered":"706-7K-01011 Hidraulinis s\u016bpuoklinis variklis, skirtas SANY SY135-8 SY65 SY75 SY200 SY300"},"content":{"rendered":"<h4>Galime pasi\u016blyti plat\u0173 ekskavatoriams skirt\u0173 s\u016bki\u0173 varikli\u0173 \/ s\u016bki\u0173 reduktori\u0173 \/ s\u016bki\u0173 reduktori\u0173 asortiment\u0105.<\/h4>\n<p>1\u3001 S\u016bpyn\u0117s variklio funkcija<br \/>\nS\u016bpyn\u0117s variklis yra vienas i\u0161 pagrindini\u0173 ekskavatoriaus komponent\u0173, kurio pagrindin\u0117 funkcija - valdyti vis\u0105 s\u016bpyn\u0117s sistem\u0105, kad vir\u0161utin\u0117 ekskavatoriaus dalis gal\u0117t\u0173 pasisukti 360 laipsni\u0173 kampu. Konkre\u010diai, vir\u0161utin\u0119 ekskavatoriaus dal\u012f sudaro tokie komponentai kaip supamoji platforma, supamasis variklis ir supamasis mechanizmas. S\u016bpyn\u0117s variklis suka s\u016bpyn\u0117s mechanizm\u0105, tod\u0117l vir\u0161utin\u0117 ekskavatoriaus dalis gali svyruoti \u012f kair\u0119 ir \u012f de\u0161in\u0119.<br \/>\n2\u3001 Sukamojo variklio veikimo principas<br \/>\nS\u016bpyn\u0117s variklyje naudojamas hidraulin\u0117s pavaros metodas, kuriuo hidraulin\u0117 energija paver\u010diama mechanine ir per hidraulin\u012f perdavimo \u012ftais\u0105 perduodama galia s\u016bpyn\u0117s mechanizmui, tod\u0117l jis sukasi. Konkre\u010diai, s\u016bpuoklin\u012f varikl\u012f sudaro keli st\u016bmokliai, cilindr\u0173 korpusai ir krumpliara\u010diai. Kai \u012f s\u016bpuoklin\u012f varikl\u012f i\u0161 alyvos siurblio teka hidraulin\u0117 alyva, st\u016bmoklius veikia hidraulinis sl\u0117gis ir jie juda cilindro korpuso link, tod\u0117l krumpliara\u010diai sukasi ir taip sukasi sukamasis mechanizmas.<\/p>\n<p><strong>Palaikomi gamintojai<\/strong><br \/>\n\u0160iuo metu galime pateikti \u012fvairi\u0173 kompanij\u0173, toki\u0173 kaip \"Komatsu\", \"Caterpillar\", \"Volvo\", \"Case\", \"Doosan\", \"Sumitomo\", \"Hyundai\", \"Kobelco\", JCB, \"Liugong\", \"Sany\", XCMG ir \"Hitachi\", gaminam\u0173 ekskavatori\u0173 pasukamuosius variklius.<\/p>\n<h4>Related Sany Excavator Swing Motor\u00a0 Assy<\/h4>\n<figure class=\"wp-block-table is-style-stripes has-small-font-size\">\n<table style=\"height: 410px;\" width=\"607\">\n<tbody>\n<tr>\n<td width=\"236\">GM85<\/td>\n<td width=\"273\">MAG-1700VP-5000<\/td>\n<\/tr>\n<tr>\n<td width=\"236\">\u00a0Sany 335<\/td>\n<td width=\"273\">MAG-18000VP-6000<\/td>\n<\/tr>\n<tr>\n<td width=\"236\">Sany\u00a0JS200\u00a0 332\/K1192<\/td>\n<td width=\"273\">MAG-170V9-G-GT40D43B B0240-93111<\/td>\n<\/tr>\n<tr>\n<td width=\"236\">\u00a0Sany 335<\/td>\n<td width=\"273\">MAG-18000VP-6000<\/td>\n<\/tr>\n<tr>\n<td>SANY258<\/td>\n<td>SANY258<\/td>\n<\/tr>\n<tr>\n<td width=\"236\">\u00a0Sany305<\/td>\n<td width=\"273\">MAG-1700VP-5000<\/td>\n<\/tr>\n<tr>\n<td width=\"236\">\u00a0Sany 335<\/td>\n<td width=\"273\">MAG-18000VP-6000<\/td>\n<\/tr>\n<tr>\n<td width=\"236\">Sany\u00a0JS200<\/td>\n<td width=\"273\">MAG-170V9-G-GT40D43B<\/td>\n<\/tr>\n<tr>\n<td width=\"236\">\u00a0 any 335<\/td>\n<td width=\"273\">MAG-18000VP-6000<\/td>\n<\/tr>\n<tr>\n<td width=\"236\">SANY\u00a0Sy385 Sy335 Sk350<\/td>\n<td width=\"273\">Msf-180vp-G-1<\/td>\n<\/tr>\n<tr>\n<td width=\"236\">Liugong 925D SANY SY215 SK200-8<\/td>\n<td width=\"273\">MAG170VP-3800G-10<\/td>\n<\/tr>\n<tr>\n<td>\u00a0SK460 SY485<\/td>\n<td>GM85<\/td>\n<\/tr>\n<\/tbody>\n<\/table>\n<\/figure>\n<h4><strong>Variklis ir pavar\u0173 d\u0117\u017e\u0117 Turimas modelis:<\/strong><\/h4>\n<figure class=\"wp-block-table is-style-stripes has-small-font-size\">SANY\u00a0 SY135C \u00a0\u00a0SY230C \u00a0SY55, SY60, SY65, SY70, SY75, SY85, SY95, SY115, SY135, SY155, SY195, SY200, SY205, SY215, SY220, SY225, SY235, SY245, SY285, SY305, SY335, SY365, SY375, SY395, SY415, and SY485 excavator models.<\/figure>\n<p><img decoding=\"async\" class=\"wp-image-1155 aligncenter\" src=\"https:\/\/swingbearing.net\/wp-content\/uploads\/2023\/11\/111-300x187.jpg\" alt=\"Ekskavatoriaus galutin\u0117 pavara\" width=\"718\" height=\"448\" srcset=\"https:\/\/swingbearing.net\/wp-content\/uploads\/2023\/11\/111-300x187.jpg 300w, https:\/\/swingbearing.net\/wp-content\/uploads\/2023\/11\/111-768x479.jpg 768w, https:\/\/swingbearing.net\/wp-content\/uploads\/2023\/11\/111-600x374.jpg 600w, https:\/\/swingbearing.net\/wp-content\/uploads\/2023\/11\/111.jpg 850w\" sizes=\"(max-width: 718px) 100vw, 718px\" \/><\/p>\n<p><img decoding=\"async\" class=\"wp-image-1156 aligncenter\" src=\"https:\/\/swingbearing.net\/wp-content\/uploads\/2023\/11\/222.jpg\" alt=\"Ekskavatoriaus galutin\u0117 pavara\" width=\"727\" height=\"546\" srcset=\"https:\/\/swingbearing.net\/wp-content\/uploads\/2023\/11\/222.jpg 850w, https:\/\/swingbearing.net\/wp-content\/uploads\/2023\/11\/222-300x225.jpg 300w, https:\/\/swingbearing.net\/wp-content\/uploads\/2023\/11\/222-768x576.jpg 768w, https:\/\/swingbearing.net\/wp-content\/uploads\/2023\/11\/222-600x450.jpg 600w\" sizes=\"(max-width: 727px) 100vw, 727px\" \/><\/p>","protected":false},"excerpt":{"rendered":"<h5 class=\"ct-headline\">Categories: Sany Swing Motor, Swing Gearbox ,Swing Reducer,<br \/>\nModel: SY135-8 SY65 SY75 SY200 SY300<br \/>\nPart No.:706-7K-01011<\/h5>","protected":false},"featured_media":1887,"template":"","meta":[],"product_brand":[],"product_cat":[26],"product_tag":[],"class_list":{"0":"post-2037","1":"product","2":"type-product","3":"status-publish","4":"has-post-thumbnail","6":"product_cat-hydraulic-motors","8":"first","9":"instock","10":"shipping-taxable","11":"product-type-simple"},"_links":{"self":[{"href":"https:\/\/swingbearing.net\/lt\/wp-json\/wp\/v2\/product\/2037","targetHints":{"allow":["GET"]}}],"collection":[{"href":"https:\/\/swingbearing.net\/lt\/wp-json\/wp\/v2\/product"}],"about":[{"href":"https:\/\/swingbearing.net\/lt\/wp-json\/wp\/v2\/types\/product"}],"wp:featuredmedia":[{"embeddable":true,"href":"https:\/\/swingbearing.net\/lt\/wp-json\/wp\/v2\/media\/1887"}],"wp:attachment":[{"href":"https:\/\/swingbearing.net\/lt\/wp-json\/wp\/v2\/media?parent=2037"}],"wp:term":[{"taxonomy":"product_brand","embeddable":true,"href":"https:\/\/swingbearing.net\/lt\/wp-json\/wp\/v2\/product_brand?post=2037"},{"taxonomy":"product_cat","embeddable":true,"href":"https:\/\/swingbearing.net\/lt\/wp-json\/wp\/v2\/product_cat?post=2037"},{"taxonomy":"product_tag","embeddable":true,"href":"https:\/\/swingbearing.net\/lt\/wp-json\/wp\/v2\/product_tag?post=2037"}],"curies":[{"name":"wp","href":"https:\/\/api.w.org\/{rel}","templated":true}]}}