{"id":2029,"date":"2024-03-07T05:08:13","date_gmt":"2024-03-07T05:08:13","guid":{"rendered":"https:\/\/swingbearing.net\/?post_type=product&#038;p=2029"},"modified":"2024-03-07T05:59:43","modified_gmt":"2024-03-07T05:59:43","slug":"swing-motors-k907dlc","status":"publish","type":"product","link":"https:\/\/swingbearing.net\/lt\/product\/swing-motors-k907dlc\/","title":{"rendered":"\"Kobelco\" hidrauliniai s\u016bpuokliniai varikliai 2441U362F7 K909A LC 2441U549F1 K907DLC"},"content":{"rendered":"<h4>Galime pasi\u016blyti plat\u0173 ekskavatoriams skirt\u0173 s\u016bki\u0173 varikli\u0173 \/ s\u016bki\u0173 reduktori\u0173 \/ s\u016bki\u0173 reduktori\u0173 asortiment\u0105.<\/h4>\n<p>1\u3001 S\u016bpyn\u0117s variklio funkcija<br \/>\nS\u016bpyn\u0117s variklis yra vienas i\u0161 pagrindini\u0173 ekskavatoriaus komponent\u0173, kurio pagrindin\u0117 funkcija - valdyti vis\u0105 s\u016bpyn\u0117s sistem\u0105, kad vir\u0161utin\u0117 ekskavatoriaus dalis gal\u0117t\u0173 pasisukti 360 laipsni\u0173 kampu. Konkre\u010diai, vir\u0161utin\u0119 ekskavatoriaus dal\u012f sudaro tokie komponentai kaip supamoji platforma, supamasis variklis ir supamasis mechanizmas. S\u016bpyn\u0117s variklis suka s\u016bpyn\u0117s mechanizm\u0105, tod\u0117l vir\u0161utin\u0117 ekskavatoriaus dalis gali svyruoti \u012f kair\u0119 ir \u012f de\u0161in\u0119.<br \/>\n2\u3001 Sukamojo variklio veikimo principas<br \/>\nS\u016bpyn\u0117s variklyje naudojamas hidraulin\u0117s pavaros metodas, kuriuo hidraulin\u0117 energija paver\u010diama mechanine ir per hidraulin\u012f perdavimo \u012ftais\u0105 perduodama galia s\u016bpyn\u0117s mechanizmui, tod\u0117l jis sukasi. Konkre\u010diai, s\u016bpuoklin\u012f varikl\u012f sudaro keli st\u016bmokliai, cilindr\u0173 korpusai ir krumpliara\u010diai. Kai \u012f s\u016bpuoklin\u012f varikl\u012f i\u0161 alyvos siurblio teka hidraulin\u0117 alyva, st\u016bmoklius veikia hidraulinis sl\u0117gis ir jie juda cilindro korpuso link, tod\u0117l krumpliara\u010diai sukasi ir taip sukasi sukamasis mechanizmas.<\/p>\n<p><strong>Palaikomi gamintojai<\/strong><br \/>\n\u0160iuo metu galime pateikti \u012fvairi\u0173 kompanij\u0173, toki\u0173 kaip \"Komatsu\", \"Caterpillar\", \"Volvo\", \"Case\", \"Doosan\", \"Sumitomo\", \"Hyundai\", \"Kobelco\", JCB, \"Liugong\", \"Sany\", XCMG ir \"Hitachi\", gaminam\u0173 ekskavatori\u0173 pasukamuosius variklius.<\/p>\n<h4>Susij\u0119s Kobelco ekskavatoriaus s\u016bpyn\u0117s variklio mazgas<\/h4>\n<figure class=\"wp-block-table is-style-stripes has-small-font-size\">\n<table class=\"has-cyan-bluish-gray-background-color has-background\">\n<tbody>\n<tr>\n<td width=\"452\">\u00a0LQ15V00015F1 LQ15V00015F2 LQ15V00023F1 LQ32W00014F2 SK260 SK260-8<\/td>\n<td width=\"510\">\u00a0YN53D00008F2 YN53D00008F3 SK210-6E Ekskavatorius<br \/>\nLS15V00027F1 SK485-9<\/td>\n<\/tr>\n<tr>\n<td width=\"452\">\u00a0LQ15VU0004F1 LQ32WU0002F1 SK260-9<\/td>\n<td width=\"510\">\u00a0YN15V00011F4 YN15V00017F1 YN15V00017F3 SK210-6E<\/td>\n<\/tr>\n<tr>\n<td width=\"452\">\u00a0LQ15V00025F1 LQ15V00023F1 LQ32W00014F2 SK260-9<\/td>\n<td width=\"510\">\u00a0YN15V00037F2 YN15V00037F2R YN15V00037F2C SK210-9<\/td>\n<\/tr>\n<tr>\n<td width=\"452\">LS15V00004F1 LS15V00014F1R LS15V00014F1C SK480<\/td>\n<td width=\"510\">\u00a0YN15V00051F3 YN15V00051F4 XKAY01704 R360-9<\/td>\n<\/tr>\n<tr>\n<td width=\"452\">\u00a0LS15V00005F1 LS15V00002F2 LS15V00005F2 SK480<\/td>\n<td width=\"510\">YN53D00001F2 YN15V00003F1 YN15V00003F2 SK200-V<\/td>\n<\/tr>\n<tr>\n<td width=\"452\">\u00a0LS32W00012F1 LS15V00019F1 SK485-8 Kobelco<\/td>\n<td width=\"510\">YN53D00001F1 YN53D00001F2 YN53D00001F1 SK200-V<\/td>\n<\/tr>\n<tr>\n<td width=\"452\">LS15V00023F1 LS15V00024F1 LS15V00018F1 SK485-8<\/td>\n<td width=\"510\">\u00a0YN53D00001F2 YN15V00007F1 YN15V00007F2<\/td>\n<\/tr>\n<tr>\n<td width=\"452\">LS15V00026F1 LS32W00016F1 LS32W00016F1<\/td>\n<td width=\"510\">\u00a0YN15V00037F2C YN53D00012F1 SK200-8 Kobelco<\/td>\n<\/tr>\n<tr>\n<td width=\"452\">\u00a0LV15V00005F1 LV15V00002F2 LV32W00003F1 SK850<\/td>\n<td width=\"510\">\u00a0YN53D00015F1 YN15V00037F1 YN15V00037F2R SK200-8<\/td>\n<\/tr>\n<tr>\n<td width=\"452\">\u00a0YF15V00003F1 YF15V00004F1 YF32W00001F1 SK235SR-2<\/td>\n<td width=\"510\">\u00a0YN15V00037F2R YN15V00037F2C YN15V00037F3 SK210-8<\/td>\n<\/tr>\n<tr>\n<td width=\"452\">\u00a0YM15V00004F1 YM15V00004F3 YM15V00004F2 SK170-8<\/td>\n<td width=\"510\">\u00a0YN53D00015F2 YN53D00015F3 YN15V00037F2 SK210-8<\/td>\n<\/tr>\n<tr>\n<td width=\"452\">\u00a0YN15V00002F4 YN15V00002F5 SK200SR<\/td>\n<td width=\"510\">31Q6-40010 31Q6-40020 31Q640010 31Q640020 R210-9 R235R-9<\/td>\n<\/tr>\n<tr>\n<td width=\"452\">\u00a0YN15V00002F4 YN15V00026F5 YN15V00010F1 SK200-6<\/td>\n<td width=\"510\">YN15V00011F4 SK200-6E Kobelco LS15V00002F1<\/td>\n<\/tr>\n<tr>\n<td width=\"452\">YN32W00004F2 YN32W00006F1 SK235SR<\/td>\n<td width=\"510\">\u00a031Q840040 31Q940020 31Q940021 R250-9<\/td>\n<\/tr>\n<tr>\n<td width=\"452\">YN15V00025F3 YN15V00025F5R YN15V00025F5C SK210-6E<\/td>\n<td width=\"510\">\u00a031Q8-40040 31Q9-40020 31Q9-40021 31Q840040 31Q940020 31Q940021 R250-9<\/td>\n<\/tr>\n<tr>\n<td width=\"452\">\u00a0YN32W00004F1R YN32W00004F1C SK200-6E<\/td>\n<td width=\"510\">31Q7-40030 XKAH-01095 31Q740030 XKAH01095 R250-9<\/td>\n<\/tr>\n<tr>\n<td width=\"452\">\u00a0YT15V00015F3 SK75SR Kobelco<\/td>\n<td width=\"510\">\u00a031Q9-40021 31Q940010 31Q940020 31Q940021 R320-9<\/td>\n<\/tr>\n<tr>\n<td width=\"452\">\u00a0YY15V00004F1 YX15V00002F3 YY15V00005F2 SK135SR<\/td>\n<td width=\"510\">31Q9-40030 31Q9-40031 31Q940030 31Q940031 R320-9<\/td>\n<\/tr>\n<tr>\n<td width=\"452\">MFC160-068MSP17051 su SK250-8 s\u016bpuokliniu varikliu<\/td>\n<td width=\"510\">\u00a0XKAY-01623 XKAH-01449 XKAY-01704 XKAY01623 XKAH01449<\/td>\n<\/tr>\n<tr>\n<td width=\"452\">24100J9088F9 2441U825F1 SK100-IV<\/td>\n<td width=\"510\">\u00a0LC15V00023F1 LC15V00023F2R LC15V00023F2C SK350-8<\/td>\n<\/tr>\n<tr>\n<td width=\"452\">\u00a0LC15V00022F1 LC15V00022F2 LC32W00007F1 LC32W00011F1 SK350-8 S<\/td>\n<td width=\"510\">\u00a0LC15V00023F2 LC15VU0001F1 SK350-9 YN15V00051F YN15V00037F1 SK210-9<\/td>\n<\/tr>\n<tr>\n<td width=\"452\">\u00a0LS15V00002F2 24100J13532F6 SK480-6E Kobelco<\/td>\n<td width=\"510\">\u00a0LP15V00001F1 LP15V00001F2 YW15V00005F1 SK120-V<\/td>\n<\/tr>\n<tr>\n<td width=\"452\">YN15V00025F4 YM32W00001F1 YM32W00002F1 SK160-6E<\/td>\n<td width=\"510\">\u00a0LQ15V00004F1 LQ15V00005F1 SK250-IV<\/td>\n<\/tr>\n<tr>\n<td width=\"452\">\u00a0YN15V00002F1 YN15V00002F2 YN15V00003F1<\/td>\n<td width=\"510\">\u00a0LQ15V00007F1 SK235SR SK250 YN15V00003F2 SK200-V<\/td>\n<\/tr>\n<tr>\n<td width=\"452\">\u00a024100J13639F2 24100J13639F3 SK200-III K<\/td>\n<td width=\"510\">LB15V00002F1 LB15V00002F3 SK290<\/td>\n<\/tr>\n<tr>\n<td width=\"452\">\u00a024100J11091F3 24100J11091F5 24100J11091F7 SK200-III<\/td>\n<td width=\"510\">24100J11090F3 2441U820F1 2437U407F1 SK200-III<\/td>\n<\/tr>\n<tr>\n<td width=\"452\">\u00a02441U786F1 24100J11720F4 24100J13483F2 SK250-IV<\/td>\n<td width=\"510\">\u00a024100J11675F4 2441U928F1 2441U928F2 SK220-III<\/td>\n<\/tr>\n<tr>\n<td width=\"452\">\u00a02441U947F1 2441U947F1 2441U947F2 SK300-2<\/td>\n<td width=\"510\">\u00a024100U1743F2 LS15V00003F1 LS15V00004F1 SK480<\/td>\n<\/tr>\n<tr>\n<td width=\"452\">\u00a02441U952F1 24100J13528F4 SK300-IV<\/td>\n<td width=\"510\">24100U1079F1 2441U792F1 2441U792F3 SK300-III<\/td>\n<\/tr>\n<tr>\n<td width=\"452\">\u00a02441U952F1 2441U952F2 SK330-IV Kobelco<\/td>\n<td width=\"510\">\u00a02441U787F2 2441U787F3 2441U787F1 SK300-III<\/td>\n<\/tr>\n<tr>\n<td width=\"452\">\u00a0LB15V00007F1 24100J16661F4 SK290 Kobelco<\/td>\n<td width=\"510\">LB15V00002F1 LB15V00002F3 SK290<\/td>\n<\/tr>\n<tr>\n<td width=\"452\">\u00a0LB15V00009F1 LB15V00009F2 24100J16661F4 SK290-6E<\/td>\n<td width=\"510\">LS15V00003F4 SK480-6E Kobelco LQ15V00007F2<\/td>\n<\/tr>\n<tr>\n<td width=\"452\">LC15V00003F2R LC15V00003F2C SK330<\/td>\n<td width=\"510\">\u00a0LV53D00006F2 LV53D00006F3 SK850<\/td>\n<\/tr>\n<tr>\n<td width=\"452\">LC15V00027F2 LC32W00011F1 LC15V00022F2 SK350-9<\/td>\n<td width=\"510\">LV53D00007F2 LV53D00007F3 LV15V00001F1 SK850<\/td>\n<\/tr>\n<tr>\n<td width=\"452\">\u00a0LC15V00006F3 LC15V00003F2 LC15V00007F3<\/td>\n<td width=\"510\">\u00a0YM15V00001F2 SK160-6E LC15V00007F4 SK330-6E<\/td>\n<\/tr>\n<tr>\n<td width=\"452\">\u00a0LC32W00001F1 LC15V00006F1 LC15V00003F1 SK330-6E<\/td>\n<td width=\"510\">YX15V00003F4C YX15V00003F1 2441U994F2 SK135SR<\/td>\n<\/tr>\n<tr>\n<td width=\"452\">\u00a0LQ32W00007F1 LQ15V00008F2 LQ32W00007F3 SK250<\/td>\n<td width=\"510\">\u00a0YX15V00003F2 YX15V00003F4 YX15V00003F4R SK135SR<\/td>\n<\/tr>\n<tr>\n<td width=\"452\">\u00a0LQ15V00006F1 LQ15V00006F2 LQ15V00008F1 SK250<\/td>\n<td width=\"510\">\u00a024100U1079F1 2441U1030F1 24100U1682F1 24100U1682F1 SK300-IV<\/td>\n<\/tr>\n<tr>\n<td width=\"452\">\u00a0LQ15V00019F1 LQ15V00019F1R LQ15V00019F1C<\/td>\n<td width=\"510\">2441U787F3 24100U1079F1 2441U792F3 SK330-IV<\/td>\n<\/tr>\n<tr>\n<td width=\"452\">LQ15V00031F1 LQ15V00031F3 SK260-9<\/td>\n<td width=\"510\">\u00a02441U1029F1 2441U1030F1 24100U1682F1 SK330-IV<\/td>\n<\/tr>\n<tr>\n<td width=\"452\">\u00a0LS15V00020F1 SK485-8 YM15V00007F1 SK170-8<\/td>\n<td width=\"510\">2441U928F1 2441U928F2 24100J11675F2 24100J11675F4 SK220-IV<\/td>\n<\/tr>\n<tr>\n<td width=\"452\">\u00a0LS53D00007F2 LS15V00022F2 LS15V00022F3<\/td>\n<td width=\"510\">\u00a02441U948F1 2441U948F2 SK300-2 LS15V00022F4 SK485-9<\/td>\n<\/tr>\n<tr>\n<td width=\"452\">LS15V00020F3 LS15V00020F4 LS53D00007F1 SK485-9<\/td>\n<td width=\"510\">\u00a0LB15V00003F1 LB15V00003F3 LB53D00002F1 SK290-6E<\/td>\n<\/tr>\n<tr>\n<td width=\"452\">YY15V00015F1 YY15V00035F1 SK140SR<\/td>\n<td width=\"510\">\u00a0LB15V00002F1 LB15V00002F1 LB15V00002F3 SK290-6E K<\/td>\n<\/tr>\n<tr>\n<td width=\"452\">\u00a0YN53D00001F2 YN15V00009F1 YN53D00004F1 SK200-IV<\/td>\n<td width=\"510\">LC15V00005F1 LC15V00005F4R LC15V00005F4C SK330<\/td>\n<\/tr>\n<tr>\n<td width=\"452\">\u00a0YN15V00017F3 YN53D00008F1 YN53D00008F3 SK200-6<\/td>\n<td width=\"510\">V00007F3 LC15V00007F4 LC53D00003F2 SK330-6E<\/td>\n<\/tr>\n<tr>\n<td width=\"452\">YN15V00011F1 YN15V00011F4 YN15V00017F1 SK200-6<\/td>\n<td width=\"510\">LC15V00005F4 LC15V00005F4R LC15V00005F4C SK330-6E<\/td>\n<\/tr>\n<tr>\n<td width=\"452\">YN53D00008F3 YN53D00008F2 YN15V00011F4<\/td>\n<td width=\"510\">LC15V00023F2R LC15V00023F2C SK350-8 YN15V00017F3 SK200SR<\/td>\n<\/tr>\n<tr>\n<td width=\"452\">YN53D00015F1 YN15V00037F1YN15V00037F2R SK200-8<\/td>\n<td width=\"510\">LC15V00023F2 LC53D00011F1 LC15V00023F1 SK350-8<\/td>\n<\/tr>\n<tr>\n<td width=\"452\">\u00a0YT15V00019F1 YT15V00019F2 SK75SR Kobelco<\/td>\n<td width=\"510\">\u00a0YT53D00001F1 YT53D00002F1 YT15V00012F1 SK70SR-2<\/td>\n<\/tr>\n<\/tbody>\n<\/table>\n<\/figure>\n<h4><strong>Variklis ir pavar\u0173 d\u0117\u017e\u0117 Turimas modelis:<\/strong><\/h4>\n<figure class=\"wp-block-table is-style-stripes has-small-font-size\">KOBELCO<br \/>\n17SR-3 27SR-3 27SR-5 30SR 30SR-2 30SR-3 30SR-5 35SR 35SR-2 35SR-3 35SR-5 50SR 50SR-3 50SR-5 70SR 70SR-1E 80MSR-1E ED150 ED150-1E ED150-2 ED160 K903C K903-II K904E K904EL K904-II K905A K905A LC K905LC-II MD140BLC MD140C SD40SR SK015 SK024 SK025 SK025-2 SK027 SK030-2 SK035 SK035-2 SK04-2 SK045 SK050 SK100 IV SK100 V SK100-III SK115DZ IV SK115SR SK115SRDZ-1E SK120 IV SK120LC IV SK120LC IV SK120LC V SK120LC-III SK130LC IV SK130UR SK130UR-1E SK130UR-1ES SK135SR SK135SR-1E SK135SRL SK135SRLC SK135SRLC-2 SK13SR SK140SR SK140SRLC-3 SK150LC IV SK150LC-III SK15MSR SK16 SK160LC IV SK160LC VI SK160LC-6E SK16MSR SK17 SK170-8 SK170LC-8 SK17SR-3 SK200-6 SK200-6ES SK200LC-6 SK200SR SK200SR SK200SR LC SK20SR SK210-9 SK210D-8 SK210DLC-8 SK210LC VI SK210LC-6E SK210LC-8 SK215SR SK215SRLC SK235SR-2 SK235SRLC-2 SK25SR SK25SR-2 SK260-9 SK260LC-8 SK27SR SK27SR SK27SR-3 SK27SR-5 SK290LC-6E SK295-9 SK300-III SK300LC IV SK300LC-III SK30SR SK30SR-2 SK330LC VI SK330LC-6E SK350-9 SK350LC-8 SK35SR SK35SR-2 SK40SR SK40SR-2 SK40SR-3 SK45SR SK45SR-2 SK50SR-5 SK50UR SK50UR-2 SK50UR-3 SK55SRX SK55SRX-6E SK60 IV SK60 V SK60-III SK70SR SK70SR-1E SK70SR-2 SK75UR SK80CS SK80CS-1E SK80CS-2 SK80MSR SK95UR SK80MSR-1E SK150LC III SK290LC-VI<\/figure>\n<p><img decoding=\"async\" class=\"wp-image-1155 aligncenter\" src=\"https:\/\/swingbearing.net\/wp-content\/uploads\/2023\/11\/111-300x187.jpg\" alt=\"Ekskavatoriaus galutin\u0117 pavara\" width=\"718\" height=\"448\" srcset=\"https:\/\/swingbearing.net\/wp-content\/uploads\/2023\/11\/111-300x187.jpg 300w, https:\/\/swingbearing.net\/wp-content\/uploads\/2023\/11\/111-768x479.jpg 768w, https:\/\/swingbearing.net\/wp-content\/uploads\/2023\/11\/111-600x374.jpg 600w, https:\/\/swingbearing.net\/wp-content\/uploads\/2023\/11\/111.jpg 850w\" sizes=\"(max-width: 718px) 100vw, 718px\" \/><\/p>\n<p><img decoding=\"async\" class=\"wp-image-1156 aligncenter\" src=\"https:\/\/swingbearing.net\/wp-content\/uploads\/2023\/11\/222.jpg\" alt=\"Ekskavatoriaus galutin\u0117 pavara\" width=\"727\" height=\"546\" srcset=\"https:\/\/swingbearing.net\/wp-content\/uploads\/2023\/11\/222.jpg 850w, https:\/\/swingbearing.net\/wp-content\/uploads\/2023\/11\/222-300x225.jpg 300w, https:\/\/swingbearing.net\/wp-content\/uploads\/2023\/11\/222-768x576.jpg 768w, https:\/\/swingbearing.net\/wp-content\/uploads\/2023\/11\/222-600x450.jpg 600w\" sizes=\"(max-width: 727px) 100vw, 727px\" \/><\/p>","protected":false},"excerpt":{"rendered":"<h5 class=\"ct-headline\">Kategorijos: Kobelco s\u016bpuoklinis variklis, s\u016bpuoklin\u0117 pavar\u0173 d\u0117\u017e\u0117, s\u016bpuoklinis reduktorius,<br \/>\nModelis:  K907DLC<br \/>\nDalies Nr.:2441U362F7 K909A LC 2441U549F1<\/h5>","protected":false},"featured_media":2005,"template":"","meta":[],"product_brand":[],"product_cat":[26],"product_tag":[],"class_list":{"0":"post-2029","1":"product","2":"type-product","3":"status-publish","4":"has-post-thumbnail","6":"product_cat-hydraulic-motors","8":"first","9":"instock","10":"shipping-taxable","11":"product-type-simple"},"_links":{"self":[{"href":"https:\/\/swingbearing.net\/lt\/wp-json\/wp\/v2\/product\/2029","targetHints":{"allow":["GET"]}}],"collection":[{"href":"https:\/\/swingbearing.net\/lt\/wp-json\/wp\/v2\/product"}],"about":[{"href":"https:\/\/swingbearing.net\/lt\/wp-json\/wp\/v2\/types\/product"}],"wp:featuredmedia":[{"embeddable":true,"href":"https:\/\/swingbearing.net\/lt\/wp-json\/wp\/v2\/media\/2005"}],"wp:attachment":[{"href":"https:\/\/swingbearing.net\/lt\/wp-json\/wp\/v2\/media?parent=2029"}],"wp:term":[{"taxonomy":"product_brand","embeddable":true,"href":"https:\/\/swingbearing.net\/lt\/wp-json\/wp\/v2\/product_brand?post=2029"},{"taxonomy":"product_cat","embeddable":true,"href":"https:\/\/swingbearing.net\/lt\/wp-json\/wp\/v2\/product_cat?post=2029"},{"taxonomy":"product_tag","embeddable":true,"href":"https:\/\/swingbearing.net\/lt\/wp-json\/wp\/v2\/product_tag?post=2029"}],"curies":[{"name":"wp","href":"https:\/\/api.w.org\/{rel}","templated":true}]}}