{"id":1990,"date":"2024-03-06T05:54:40","date_gmt":"2024-03-06T05:54:40","guid":{"rendered":"https:\/\/swingbearing.net\/?post_type=product&#038;p=1990"},"modified":"2024-03-06T05:58:21","modified_gmt":"2024-03-06T05:58:21","slug":"swing-motor-pc300lc-2","status":"publish","type":"product","link":"https:\/\/swingbearing.net\/lt\/product\/swing-motor-pc300lc-2\/","title":{"rendered":"PC300LC-6LC 706-77-01280 \"Komatsu\" svyruoklinis variklis 706-77-01170"},"content":{"rendered":"<h4>Galime pasi\u016blyti plat\u0173 ekskavatoriams skirt\u0173 s\u016bki\u0173 varikli\u0173 \/ s\u016bki\u0173 reduktori\u0173 \/ s\u016bki\u0173 reduktori\u0173 asortiment\u0105.<\/h4>\n<p>Sukamieji varikliai (kartais vadinami rotaciniu reduktoriumi) suteikia galing\u0105 ekskavatori\u0173 str\u0117li\u0173 sukimosi j\u0117g\u0105, naudojant hidraulin\u0119 alyv\u0105.<br \/>\nsl\u0117g\u012f ir yra tiksliai suprojektuoti, kad u\u017etikrint\u0173 skland\u0173 veikim\u0105 ir na\u0161um\u0105.<\/p>\n<h4>Palaikomi gamintojai<\/h4>\n<p>\u0160iuo metu galime pateikti \u012fvairi\u0173 kompanij\u0173, toki\u0173 kaip \"Komatsu\", \"Caterpillar\", \"Volvo\", \"Case\", \"Doosan\", \"Sumitomo\", \"Hyundai\", \"Kobelco\", JCB, \"Liugong\", \"Sany\", XCMG ir \"Hitachi\", gaminam\u0173 ekskavatori\u0173 pasukamuosius variklius.<\/p>\n<h4>Susij\u0119s Komatsu ekskavatoriaus s\u016bpyn\u0117s variklio mazgas<\/h4>\n<figure class=\"wp-block-table is-style-stripes has-small-font-size\">\n<table class=\"has-cyan-bluish-gray-background-color has-background\">\n<tbody>\n<tr>\n<td width=\"401\">\u00a0PC200-7 706-7G-01041 PC300-3 PC300-5C<\/td>\n<td width=\"466\">\u00a0205-26-00041 205-26-00040 205-26-71323 706-75-11304 PC220-3<\/td>\n<\/tr>\n<tr>\n<td width=\"401\">\u00a0708-7T-00041 708-7T-00040 PC40-6 Komatsu<br \/>\n708-7R-00024 708-7R-00023 708-7R-00022 PC35R-8<\/td>\n<td width=\"466\">\u00a0205-26-00023 205-26-00023 205-26-00022 205-26-00021 205-26-00042 PC220-3 PC300-3 PC300-5C<\/td>\n<\/tr>\n<tr>\n<td width=\"401\">708-7T-00041 708-7T-00040 PC40-6 Komatsu<\/td>\n<td width=\"466\">\u00a0706-7K-01110 706-77-01320 706-77-03140 PC1250-8<\/td>\n<\/tr>\n<tr>\n<td width=\"401\">706-7K-01040 706-7K-01011 PC350-7<\/td>\n<td width=\"466\">706-7K-01040 PC300-8 PC400-7 PC400-8 PC450-7<\/td>\n<\/tr>\n<tr>\n<td width=\"401\">\u00a0706-7K-01040 PC350-8 708-8F-00250 PC200-8 PC220-8<\/td>\n<td width=\"466\">\u00a0706-7G-01170 706-7G-01041 20Y-26-00230 706-7G-01130<\/td>\n<\/tr>\n<tr>\n<td width=\"401\">706-7G-01030 209-26-00040 PC750-6 PC800-6 PC800-7<\/td>\n<td width=\"466\">706-7K-01120 PC2000-8 21M-26-00011 PC600-6<\/td>\n<\/tr>\n<tr>\n<td width=\"401\">\u00a0706-77-04502 706-77-04501 706-77-04500 706-77-42001<\/td>\n<td width=\"466\">\u00a0706-7K-01040 207-26-00220 PC300-7E0 PC350-7E0 PC300-2<\/td>\n<\/tr>\n<tr>\n<td width=\"401\">706-77-06701 706-77-41001 706-77-00901<\/td>\n<td width=\"466\">\u00a0706-7K-01040 PC450-8 706-77-42001 PC300-2<\/td>\n<\/tr>\n<tr>\n<td width=\"401\">\u00a0706-77-01702 706-77-41001 706-77-41000 PC650-1<\/td>\n<td width=\"466\">706-7K-01011 706-7K-01040 706-7K-01080 PC300-7<\/td>\n<\/tr>\n<tr>\n<td width=\"401\">706-77-01705 706-77-01705 706-77-01704 706-77-01703 PC650-1<\/td>\n<td width=\"466\">706-75-01460 21M-26-00030 PC600-8<\/td>\n<\/tr>\n<tr>\n<td width=\"401\">706-77-01370 706-77-01301 706-77-01180 PC450-6<\/td>\n<td width=\"466\">706-75-01170 PC228US-1T 21D-60-16030<\/td>\n<\/tr>\n<tr>\n<td width=\"401\">706-77-01124 209-26-00022 209-26-00021 209-27-00200 209-27-00210 PC650-5 PC710-5 s\u016bpuoklinis variklis<\/td>\n<td width=\"466\">706-75-01150 706-75-01170 706-75-01101 706-75-01100 PC220-6Z<br \/>\n206-26-00330 20Y-26-00240 PC220-7<\/td>\n<\/tr>\n<tr>\n<td width=\"401\">\u00a0706-75-04700 706-75-42003 706-75-11001 PC200-2<\/td>\n<td width=\"466\">706-7G-01041 206-26-00510 PC270-8<\/td>\n<\/tr>\n<tr>\n<td width=\"401\">706-75-03704 706-75-42003 PC100-1 PC350-6<\/td>\n<td width=\"466\">706-7G-01040 20Y-26-00211 20Y-26-00210 206-26-00331<\/td>\n<\/tr>\n<tr>\n<td width=\"401\">\u00a0706-73-10400 PC60-3 206-26-00330 20Y-26-00240<\/td>\n<td width=\"466\">\u00a0706-7G-01040 20Y-26-00211 20Y-26-00210 206-26-00331<\/td>\n<\/tr>\n<tr>\n<td width=\"401\">\u00a0706-73-01181 203-26-00121 PC128US-1<\/td>\n<td width=\"466\">\u00a0706-7G-01040 PC270-7-W1 706-77-01271 706-77-01281<\/td>\n<\/tr>\n<tr>\n<td width=\"401\">\u00a0706-73-01162 706-73-03511 PC120-6Z706<\/td>\n<td width=\"466\">\u00a0706-7G-01030 PC750-7 21W-26-00020<\/td>\n<\/tr>\n<tr>\n<td width=\"401\">706-73-01130 706-73-01130 706-73-01200 203-26-00121 PC128UU-1<\/td>\n<td width=\"466\">\u00a022U-27-00100 708-8F-00220 708-8F-00150 PC228US-3-KU<\/td>\n<\/tr>\n<tr>\n<td width=\"401\">\u00a022B-26-21101 706-7C-01010 PC138USLC-8<\/td>\n<td width=\"466\">706-7G-01011 706-7G-01010 22U-26-00100<\/td>\n<\/tr>\n<tr>\n<td width=\"401\">226-60-16100 226-60-16530 PC110R-1 PC228US-3N-W1<\/td>\n<td width=\"466\">\u00a0706-77-01370 706-77-01301 706-77-01180 PC400-6<\/td>\n<\/tr>\n<tr>\n<td width=\"401\">\u00a021W-26-00052 21W-26-00051 21W-26-00070 PC75UU-3<\/td>\n<td width=\"466\">706-77-01271 706-77-01281 207-26-00151 207-26-00150<\/td>\n<\/tr>\n<tr>\n<td width=\"401\">\u00a021W-26-00021 708-7T-00230 PC75UU-2<\/td>\n<td width=\"466\">\u00a0 207-26-00151 207-26-00150 207-26-00160 706-77-01170 PC300-6<\/td>\n<\/tr>\n<tr>\n<td width=\"401\">21D-60-16010 21D-60-16020 226-60-16530 PC95R-2<\/td>\n<td width=\"466\">\u00a0706-75-01430 706-75-01251 21M-26-00012 21M-26-00011 PC600-7<\/td>\n<\/tr>\n<tr>\n<td width=\"401\">\u00a020X-26-00011 PC90-1 207-26-00160 706-77-01170<\/td>\n<td width=\"466\">706-75-01251 706-75-01430 706-75-01251 21M-26-00010<\/td>\n<\/tr>\n<tr>\n<td width=\"401\">\u00a020T-60-00410 PC40-5 706-77-10203<\/td>\n<td width=\"466\">\u00a0706-75-01230 PC250-6 PC250HD-6Z<\/td>\n<\/tr>\n<tr>\n<td width=\"401\">20T-26-00100 20U-26-00010 20T-26-00080 PC50UU-1<\/td>\n<td width=\"466\">\u00a0706-75-01170 20Y-26-00151 PC228US-2-KJ<\/td>\n<\/tr>\n<tr>\n<td width=\"401\">\u00a020R-26-00202 20R-26-00202 20R-26-00201 20R-26-00200 PC30R-8<\/td>\n<td width=\"466\">\u00a0706-75-01170 20Y-26-00100 20Y-26-00151 20Y-26-00150 706-75-01101 706-75-01100 PC200-6-A<\/td>\n<\/tr>\n<tr>\n<td width=\"401\">\u00a0706-77-10202 706-77-10201 706-77-10200 PC400-3<\/td>\n<td width=\"466\">\u00a0706-75-01150 706-75-01101 706-75-01100 PC200CA-6-U1<\/td>\n<\/tr>\n<tr>\n<td width=\"401\">208-26-00013 208-26-00012 208-26-00011 208-26-00010 706-77-10204 PC400-3<\/td>\n<td width=\"466\">\u00a0706-75-01150 706-75-01101 706-75-01100 PC200-6H-A PC200-6Z PC200CA-6-C1<\/td>\n<\/tr>\n<tr>\n<td width=\"401\">\u00a0207-26-00100 207-60-X1120 706-77-01150 PC300-5C<\/td>\n<td width=\"466\">\u00a021Y-26-01000 706-73-01260 PC128UU-2<\/td>\n<\/tr>\n<tr>\n<td width=\"401\">\u00a0207-26-00023 207-26-00022 207-26-00021 PC300-3<\/td>\n<td width=\"466\">\u00a021K-26-71100 PC160LC-7 PC160LC-7E0 207-26-00020<\/td>\n<\/tr>\n<tr>\n<td width=\"401\">706-75-11902 706-75-11901 706-75-11900 PC220-3<\/td>\n<td width=\"466\">\u00a020Y-26-00010 20Y-26-00011 706-75-01101 706-75-01100 PC220-5C<\/td>\n<\/tr>\n<tr>\n<td width=\"401\">\u00a0706-75-11303 706-75-11301 706-75-11300 PC300-3<\/td>\n<td width=\"466\">\u00a0208-26-00100 706-77-01162 706-77-01161 PC400-5 PC410-5<\/td>\n<\/tr>\n<tr>\n<td width=\"401\">\u00a0203-26-00112 PC120-5 706-73-01161 PC130-6<\/td>\n<td width=\"466\">\u00a0203-26-00121 203-26-00120 706-73-01181 706-73-01180<\/td>\n<\/tr>\n<tr>\n<td width=\"401\">20Y-26-00010 20Y-26-00011 706-75-01081 PC200-5<\/td>\n<td width=\"466\">\u00a0706-75-01500 706-75-42003 PC100-2 PC200-5C PC200-5T<\/td>\n<\/tr>\n<tr>\n<td width=\"401\">22U-27-00101 PC228US-3-KU PC228US-3N-W1<\/td>\n<td width=\"466\">706-75-01500 706-75-42003 Ekskavatorius PC100-2<\/td>\n<\/tr>\n<\/tbody>\n<\/table>\n<\/figure>\n<h4><strong>Variklis ir pavar\u0173 d\u0117\u017e\u0117 Turimas modelis:<\/strong><\/h4>\n<figure class=\"wp-block-table is-style-stripes has-small-font-size\">KOMATSUCK1122 CK20-1 CK25-1 CK30-1 CK35-1 HB205-1 HB205-1M0 HB215LC-1 MX352 MX502 PC05-6 PC05-7 PC07-1 PC07-2 PC100-3 PC100-5Z PC100-6 PC100U-3 PC10-5 PC10-6 PC10-7 PC110R-1 PC118MR-8 PC120-3 PC120-3K PC120-5 PC120-5K PC120-5Z PC120-6 PC120-6Z PC120-8 PC120LC-6 PC128US-1 PC128US-2 PC128UU-1 PC128UU-2 PC128UU-8 PC12R-8 PC12UU-1 PC130-5K PC130-6 PC130-6K PC130-7 PC130-7K PC130-8 PC138US-2 PC138US-2-AE PC138US-8 PC138USLC-2 PC138USLC-2A PC14R-2 PC14R-3 PC14R-3 HS PC150-6K PC150LC-6K PC150LGP-6K PC15-2 PC15-3 PC15FR-1 PC15MRX-1 PC15R-8 PC160-6K PC160LC-8 LGP PC160LC-LGP PC16R-2 PC16R-3 PC16R-3 HS PC180LC-6K PC180NLC-6K PC18MR-2 PC18MR-3 PC200-6 PC200-6-A PC200-6B PC200-6H-A PC200-6L PC200-6LC PC200-7 PC200-7B PC200-8 PC200CA-6 PC200CA-6 PC200CA-6-C1 PC200EL-6K PC200EN-6K PC200LC-6 PC200LC-6 PC200LC-6-A PC200LC-6H-A PC200LC-6L PC200LC-6LC PC200LC-6LE PC200LC-7 PC200LC-7B PC200LC-7L PC200LC-8 PC200LC-8E0 PC200LL-6 PC200LL-7L PC200Z-6LE PC20-3 PC20-5 PC20-6 PC20-7 PC20FR-1 PC20FR-2 PC20MR-1-K PC20MR-2 PC20MRX-1 PC20R-8 PC210-6 PC210-6K PC210-7K PC210-8K PC210LC-6 PC210LC-6K PC210LC-6K PC210LC-6L PC210LC-6LC PC210LC-6LC PC210LC-6LE PC210LC-7K PC210LC-8K PC210NLC-7K PC210NLC-8K PC220-6 PC220LC-6 PC220LC-6L PC220LC-6LC PC220LC-6LC PC220LC-6LE PC220LC-7 PC220LC-7L PC220LC-8 PC220LL-6 PC228US-3EO-D PC228USLC-1 PC228USLC-2 PC228USLC-3 PC228USLC-3EO-D PC228USLC-3EO-D PC228UU-1 PC230NHD-7K PC230NHD-8K PC240-6K PC240-8 PC240LC-6K PC240LC-7 PC240LC-8K PC240NLC-6K PC240NLC-7 PC240NLC-8K PC25-1 PC26MR-3 PC27MR-2 PC27MR-3 PC27MRX-1 PC27MRX-1A PC27MRX-2 PC27R-8 PC28UU-3 PC30-3 PC30-5 PC30-6 PC30-7 PC30FR-1 PC30FR-2 PC30MR-2 PC30MR-3 PC30MRX-1 PC30R-8 PC35MR-2 PC35MR-3 PC35MRX-1 PC35R-8 PC35R-8 DELUXE PC38UU-1 PC38UU-2 PC38UU-3 PC38UUM-2 PC40-3 PC40-5 PC40-6 PC40-7 PC40FR-1 PC40MR-1 PC40MR-2 PC40MRX-1 PC40R-8 PC45-1 PC45MR-3 PC45MRX-1 PC45R-8 PC45R-8 DELUXE PC50FR-1 PC50FR-2 PC50MR-2 PC50UU-1 PC50UU-2 PC50UU-2 PC50UU-2 IR -2E PC50UU-2E PC55MR-3 PC58UU-3 PC58UU-5 PC60-2 PC60-3 PC60-5 PC60-6 PC60-7 PC60-7B PC60L-5 PC60U-5 PC70-6 PC70-7 PC70FR-1 PC75-1 PC75R-2 PC75R-2HD PC75UU-1 PC75UU-2 PC75UU-3 PC78MR-6 PC78US-5 PC78US-6 PC78US-6 PC78US-8 PC78UU-6 PC80MR-3 PC88MR-10 PC88MR-6 PC88MR-8 PC95-1 PC95R-2 PC138USLC-8 PC220-7<\/figure>\n<p><img decoding=\"async\" class=\"wp-image-1155 aligncenter\" src=\"https:\/\/swingbearing.net\/wp-content\/uploads\/2023\/11\/111-300x187.jpg\" alt=\"Ekskavatoriaus galutin\u0117 pavara\" width=\"718\" height=\"448\" srcset=\"https:\/\/swingbearing.net\/wp-content\/uploads\/2023\/11\/111-300x187.jpg 300w, https:\/\/swingbearing.net\/wp-content\/uploads\/2023\/11\/111-768x479.jpg 768w, https:\/\/swingbearing.net\/wp-content\/uploads\/2023\/11\/111-600x374.jpg 600w, https:\/\/swingbearing.net\/wp-content\/uploads\/2023\/11\/111.jpg 850w\" sizes=\"(max-width: 718px) 100vw, 718px\" \/><\/p>\n<p><img decoding=\"async\" class=\"wp-image-1156 aligncenter\" src=\"https:\/\/swingbearing.net\/wp-content\/uploads\/2023\/11\/222.jpg\" alt=\"Ekskavatoriaus galutin\u0117 pavara\" width=\"727\" height=\"546\" srcset=\"https:\/\/swingbearing.net\/wp-content\/uploads\/2023\/11\/222.jpg 850w, https:\/\/swingbearing.net\/wp-content\/uploads\/2023\/11\/222-300x225.jpg 300w, https:\/\/swingbearing.net\/wp-content\/uploads\/2023\/11\/222-768x576.jpg 768w, https:\/\/swingbearing.net\/wp-content\/uploads\/2023\/11\/222-600x450.jpg 600w\" sizes=\"(max-width: 727px) 100vw, 727px\" \/><\/p>","protected":false},"excerpt":{"rendered":"<h5 class=\"ct-headline\">Kategorijos: KOMATSU s\u016bpuoklinis variklis, s\u016bpuoklin\u0117 pavar\u0173 d\u0117\u017e\u0117, s\u016bpuoklinis reduktorius,<br \/>\nModel:PC300LC-6LC<br \/>\nPart No.:706-75-11304 706-77-01280 706-77-01170<\/h5>","protected":false},"featured_media":1617,"template":"","meta":[],"product_brand":[],"product_cat":[26],"product_tag":[],"class_list":{"0":"post-1990","1":"product","2":"type-product","3":"status-publish","4":"has-post-thumbnail","6":"product_cat-hydraulic-motors","8":"first","9":"instock","10":"shipping-taxable","11":"product-type-simple"},"_links":{"self":[{"href":"https:\/\/swingbearing.net\/lt\/wp-json\/wp\/v2\/product\/1990","targetHints":{"allow":["GET"]}}],"collection":[{"href":"https:\/\/swingbearing.net\/lt\/wp-json\/wp\/v2\/product"}],"about":[{"href":"https:\/\/swingbearing.net\/lt\/wp-json\/wp\/v2\/types\/product"}],"wp:featuredmedia":[{"embeddable":true,"href":"https:\/\/swingbearing.net\/lt\/wp-json\/wp\/v2\/media\/1617"}],"wp:attachment":[{"href":"https:\/\/swingbearing.net\/lt\/wp-json\/wp\/v2\/media?parent=1990"}],"wp:term":[{"taxonomy":"product_brand","embeddable":true,"href":"https:\/\/swingbearing.net\/lt\/wp-json\/wp\/v2\/product_brand?post=1990"},{"taxonomy":"product_cat","embeddable":true,"href":"https:\/\/swingbearing.net\/lt\/wp-json\/wp\/v2\/product_cat?post=1990"},{"taxonomy":"product_tag","embeddable":true,"href":"https:\/\/swingbearing.net\/lt\/wp-json\/wp\/v2\/product_tag?post=1990"}],"curies":[{"name":"wp","href":"https:\/\/api.w.org\/{rel}","templated":true}]}}