{"id":575,"date":"2023-09-27T05:22:14","date_gmt":"2023-09-27T05:22:14","guid":{"rendered":"https:\/\/swingbearing.net\/?post_type=product&#038;p=575"},"modified":"2024-05-15T06:44:50","modified_gmt":"2024-05-15T06:44:50","slug":"swing-bearing-liugong","status":"publish","type":"product","link":"https:\/\/swingbearing.net\/it\/prodotto\/cuscinetto-oscillante-liugong\/","title":{"rendered":"Cuscinetto oscillante LIUGONG"},"content":{"rendered":"<h2 style=\"text-align: center;\">Parametri del cuscinetto dell'oscillazione LIUGONG<\/h2>\n<figure class=\"wp-block-table is-style-stripes has-small-font-size\">\n<table class=\"has-cyan-bluish-gray-background-color has-background\">\n<tbody>\n<tr>\n<td width=\"52\">Modello<\/td>\n<td width=\"62\">Numero di parte<\/td>\n<td width=\"81\">Diametro esterno<\/td>\n<td width=\"111\">Diametro interno<\/td>\n<td width=\"77\">Altezza totale<\/td>\n<td width=\"77\">Altezza esterna<\/td>\n<td width=\"104\">Altezza interna<\/td>\n<td width=\"141\">Parametri del foro esterno<\/td>\n<td width=\"103\">Parametri del foro interno<\/td>\n<td width=\"85\">Numero di denti<\/td>\n<\/tr>\n<tr>\n<td width=\"52\">922<\/td>\n<td width=\"62\">26b0272<\/td>\n<td width=\"81\">1405<\/td>\n<td width=\"111\">1129<\/td>\n<td width=\"77\">100<\/td>\n<td width=\"77\">70<\/td>\n<td width=\"104\">90<\/td>\n<td width=\"141\">36-\u03c624 irregolare<\/td>\n<td width=\"103\">36-M22<\/td>\n<td width=\"85\">95<\/td>\n<\/tr>\n<tr>\n<td width=\"52\">922<\/td>\n<td width=\"62\">26b0122<\/td>\n<td width=\"81\">1405<\/td>\n<td width=\"111\">1129<\/td>\n<td width=\"77\">100<\/td>\n<td width=\"77\">70<\/td>\n<td width=\"104\">90<\/td>\n<td width=\"141\">36-\u03c624 irregolare<\/td>\n<td width=\"103\">36-M22<\/td>\n<td width=\"85\">95<\/td>\n<\/tr>\n<tr>\n<td width=\"52\">922<\/td>\n<td width=\"62\">26b0010<\/td>\n<td width=\"81\">1405<\/td>\n<td width=\"111\">1129<\/td>\n<td width=\"77\">100<\/td>\n<td width=\"77\">70<\/td>\n<td width=\"104\">90<\/td>\n<td width=\"141\">36 Distribuito in modo uniforme<\/td>\n<td width=\"103\">36-M22<\/td>\n<td width=\"85\">91<\/td>\n<\/tr>\n<tr>\n<td width=\"52\">LG922D<\/td>\n<td width=\"62\">26B0122<\/td>\n<td width=\"81\">1405<\/td>\n<td width=\"111\">1129<\/td>\n<td width=\"77\">100<\/td>\n<td width=\"77\">70<\/td>\n<td width=\"104\">90<\/td>\n<td width=\"141\">36-\u03c624 irregolare<\/td>\n<td width=\"103\">36-M22<\/td>\n<td width=\"85\">95<\/td>\n<\/tr>\n<tr>\n<td width=\"52\"><strong><b>936D<\/b><\/strong><\/td>\n<td width=\"62\">26B0120<\/td>\n<td width=\"81\">1658<\/td>\n<td width=\"111\">1334.3<\/td>\n<td width=\"77\">125<\/td>\n<td width=\"77\">82<\/td>\n<td width=\"104\">115<\/td>\n<td width=\"141\">40-\u03c626 irregolare<\/td>\n<td width=\"103\">40-M24 Distribuito uniformemente<\/td>\n<td width=\"85\">97<\/td>\n<\/tr>\n<\/tbody>\n<\/table>\n<\/figure>\n<h5 class=\"wp-block-heading has-medium-font-size\">Cuscinetti di oscillazione per escavatori Liugong<\/h5>\n<p>Cuscinetti oscillanti per escavatori Liugong: Una scelta durevole e affidabile per l'escavatore<br \/>\nI cuscinetti oscillanti, noti anche come cuscinetti della piattaforma girevole, sono un componente essenziale degli escavatori. Questi cuscinetti consentono alla struttura superiore dell'escavatore di ruotare in modo fluido e sicuro. I cuscinetti di rotazione degli escavatori svolgono un ruolo cruciale per le prestazioni e l'affidabilit\u00e0 della macchina. Per questo motivo, la scelta di cuscinetti di rotazione di alta qualit\u00e0 \u00e8 essenziale per la longevit\u00e0 e l'efficienza dell'escavatore.<br \/>\nLiugong \u00e8 un marchio rinomato nel settore delle macchine edili e offre una gamma di cuscinetti di rotazione per escavatori noti per la loro durata e affidabilit\u00e0. I cuscinetti di rotazione per escavatori Liugong sono progettati per resistere a condizioni difficili e a carichi pesanti, garantendo che il vostro escavatore possa affrontare qualsiasi lavoro, grande o piccolo che sia.<\/p>\n<h5 class=\"wp-block-heading has-medium-font-size\">Modello di cuscinetto oscillante per escavatore applicabile<\/h5>\n<p class=\"has-text-align-left\">Sono disponibili i seguenti modelli di cuscinetti oscillanti per escavatori Liugong: CLG904, CLG9055, CLG906, CLG907, CLG9075, CLG908, CLG915, CLG150, CLG920, CLG921, CLG922, CLG225, CLG924, CLG925, CLG933, CLG936, CLG939, CLG942, CLG948, CLG950, CLG952, CLG200, CLG205, CLG220 e CLG225.<br \/>\nQuesti cuscinetti di rotazione per escavatori Liugong sono progettati con precisione e accuratezza per garantire prestazioni e durata ottimali. Realizzati con materiali di alta qualit\u00e0, sono in grado di resistere a condizioni climatiche estreme e ad applicazioni gravose.<br \/>\nL'impegno di Liugong per la qualit\u00e0 e l'affidabilit\u00e0 si riflette in ogni aspetto dei suoi prodotti, e i cuscinetti di rotazione per escavatori non fanno eccezione. Sono progettati per garantire un'eccellente capacit\u00e0 di carico e un'elevata precisione, assicurando che il vostro escavatore funzioni in modo fluido ed efficiente.<br \/>\nOltre ai vantaggi in termini di prestazioni, i cuscinetti di rotazione per escavatori Liugong sono anche facili da installare e richiedono una manutenzione minima, riducendo i tempi di fermo e i costi di riparazione.<br \/>\nQuando si tratta di selezionare parti di escavatori con cuscinetti oscillanti, scegliere un marchio di alta qualit\u00e0 come Liugong \u00e8 fondamentale per la longevit\u00e0 e l'affidabilit\u00e0 della macchina. I cuscinetti oscillanti per escavatori Liugong sono progettati per fornire le migliori prestazioni, durata e affidabilit\u00e0, il che li rende una scelta eccellente per qualsiasi progetto di scavo.<br \/>\nIn conclusione, se cercate cuscinetti per ralle di alta qualit\u00e0 per escavatori, non cercate altro che Liugong. Con la loro gamma di cuscinetti per ralle durevoli e affidabili, potete essere certi che il vostro escavatore funzioner\u00e0 in modo efficiente e senza intoppi, fornendovi le prestazioni e l'affidabilit\u00e0 necessarie per portare a termine il lavoro.<br \/>\nSiamo in grado di fornire un cerchio alternativo per il vostro ,<a href=\"https:\/\/national-bearing.com\/excavator-swing-bearings-slewing-rings-cat\/\" target=\"_blank\" rel=\"noopener\">\u00a0CAT<\/a>HITACHI, KOMATSU, KOBELCO, HYUNDAI, VOLVO, DOOSAN, DAEWOO, JCB, CASE, SUMITOMO, KATO, ci sono tipi normali e non standard oltre 1000 centinaia per voi scegliere.<\/p>\n<figure class=\"wp-block-image size-full\"><\/figure>\n<p>Siamo a vostra disposizione per qualsiasi tipo, modello o marca di ralla. Contattateci oggi stesso per qualsiasi domanda sulle vostre esigenze.<\/p>\n<figure class=\"wp-block-table\">\n<table>\n<tbody>\n<tr>\n<td><img decoding=\"async\" class=\"wp-image-177\" src=\"https:\/\/national-bearing.com\/wp-content\/uploads\/2023\/04\/0001.jpg\" sizes=\"(max-width: 600px) 100vw, 600px\" srcset=\"https:\/\/national-bearing.com\/wp-content\/uploads\/2023\/04\/0001.jpg 600w, https:\/\/national-bearing.com\/wp-content\/uploads\/2023\/04\/0001-300x200.jpg 300w\" alt=\"cuscinetto di oscillazione dell&#039;escavatore \" width=\"600\" height=\"400\" \/><\/td>\n<td><img decoding=\"async\" class=\"wp-image-643\" src=\"https:\/\/national-bearing.com\/wp-content\/uploads\/2023\/04\/66.jpg\" sizes=\"(max-width: 600px) 100vw, 600px\" srcset=\"https:\/\/national-bearing.com\/wp-content\/uploads\/2023\/04\/66.jpg 600w, https:\/\/national-bearing.com\/wp-content\/uploads\/2023\/04\/66-300x200.jpg 300w\" alt=\"Misura del cuscinetto di oscillazione dell&#039;escavatore\" width=\"600\" height=\"400\" \/><\/td>\n<\/tr>\n<\/tbody>\n<\/table>\n<\/figure>","protected":false},"excerpt":{"rendered":"<p>Cuscinetto oscillante LIUGONG<br \/>\nModel:CLG950,CLG948,LG922D<br \/>\nCLG907,CLG9075,CLG952,CLG904<\/p>","protected":false},"featured_media":136,"template":"","meta":[],"product_brand":[],"product_cat":[22,73],"product_tag":[],"class_list":{"0":"post-575","1":"product","2":"type-product","3":"status-publish","4":"has-post-thumbnail","6":"product_cat-swing-bearing","7":"product_cat-liugong-excavator-swing-bearing","9":"first","10":"instock","11":"shipping-taxable","12":"product-type-simple"},"_links":{"self":[{"href":"https:\/\/swingbearing.net\/it\/wp-json\/wp\/v2\/product\/575","targetHints":{"allow":["GET"]}}],"collection":[{"href":"https:\/\/swingbearing.net\/it\/wp-json\/wp\/v2\/product"}],"about":[{"href":"https:\/\/swingbearing.net\/it\/wp-json\/wp\/v2\/types\/product"}],"wp:featuredmedia":[{"embeddable":true,"href":"https:\/\/swingbearing.net\/it\/wp-json\/wp\/v2\/media\/136"}],"wp:attachment":[{"href":"https:\/\/swingbearing.net\/it\/wp-json\/wp\/v2\/media?parent=575"}],"wp:term":[{"taxonomy":"product_brand","embeddable":true,"href":"https:\/\/swingbearing.net\/it\/wp-json\/wp\/v2\/product_brand?post=575"},{"taxonomy":"product_cat","embeddable":true,"href":"https:\/\/swingbearing.net\/it\/wp-json\/wp\/v2\/product_cat?post=575"},{"taxonomy":"product_tag","embeddable":true,"href":"https:\/\/swingbearing.net\/it\/wp-json\/wp\/v2\/product_tag?post=575"}],"curies":[{"name":"wp","href":"https:\/\/api.w.org\/{rel}","templated":true}]}}