{"id":574,"date":"2023-09-27T05:19:35","date_gmt":"2023-09-27T05:19:35","guid":{"rendered":"https:\/\/swingbearing.net\/?post_type=product&#038;p=574"},"modified":"2024-06-12T02:15:53","modified_gmt":"2024-06-12T02:15:53","slug":"swing-bearings-sany","status":"publish","type":"product","link":"https:\/\/swingbearing.net\/it\/prodotto\/cuscinetti-a-sfera-sany\/","title":{"rendered":"Cuscinetti oscillanti SANY"},"content":{"rendered":"<h2 style=\"text-align: center;\">Parametri dei cuscinetti oscillanti SANY<\/h2>\n<figure class=\"wp-block-table is-style-stripes has-small-font-size\">\n<table class=\"has-cyan-bluish-gray-background-color has-background\">\n<tbody>\n<tr>\n<td>Diametro esterno Da<\/td>\n<td>Diametro interno Di<\/td>\n<td>Altezza di montaggio H<\/td>\n<td>Designazione<\/td>\n<\/tr>\n<tr>\n<td>811<\/td>\n<td>622<\/td>\n<td>75<\/td>\n<td>SY65<\/td>\n<\/tr>\n<tr>\n<td>810<\/td>\n<td>621<\/td>\n<td>75<\/td>\n<td>SY75(90Z)<\/td>\n<\/tr>\n<tr>\n<td>811<\/td>\n<td>601.6<\/td>\n<td>75<\/td>\n<td>SY75(76Z)<\/td>\n<\/tr>\n<tr>\n<td>1122<\/td>\n<td>821<\/td>\n<td>100<\/td>\n<td>SY135<\/td>\n<\/tr>\n<tr>\n<td>1327<\/td>\n<td>1071<\/td>\n<td>99.5<\/td>\n<td>SY185<\/td>\n<\/tr>\n<tr>\n<td>1327<\/td>\n<td>1071<\/td>\n<td>99.5<\/td>\n<td>SY195<\/td>\n<\/tr>\n<tr>\n<td>1322<\/td>\n<td>1071<\/td>\n<td>100<\/td>\n<td>SY200<\/td>\n<\/tr>\n<tr>\n<td>1327<\/td>\n<td>1071<\/td>\n<td>99.5<\/td>\n<td>SY205<\/td>\n<\/tr>\n<tr>\n<td>1322<\/td>\n<td>1071<\/td>\n<td>100<\/td>\n<td>SY210<\/td>\n<\/tr>\n<tr>\n<td>1322<\/td>\n<td>1071<\/td>\n<td>100<\/td>\n<td>SY215-7<\/td>\n<\/tr>\n<tr>\n<td>1322<\/td>\n<td>1071<\/td>\n<td>100<\/td>\n<td>SY215-8<\/td>\n<\/tr>\n<tr>\n<td>1322<\/td>\n<td>1071<\/td>\n<td>100<\/td>\n<td>SY215-9<\/td>\n<\/tr>\n<tr>\n<td>1320<\/td>\n<td>1071<\/td>\n<td>100<\/td>\n<td>SY215<\/td>\n<\/tr>\n<tr>\n<td>1327<\/td>\n<td>1071<\/td>\n<td>99.5<\/td>\n<td>SY235<\/td>\n<\/tr>\n<tr>\n<td>1532<\/td>\n<td>1235<\/td>\n<td>125<\/td>\n<td>SY300<\/td>\n<\/tr>\n<tr>\n<td>1550<\/td>\n<td>1238<\/td>\n<td>152<\/td>\n<td>SY305<\/td>\n<\/tr>\n<tr>\n<td>1532<\/td>\n<td>1235<\/td>\n<td>125<\/td>\n<td>SY310<\/td>\n<\/tr>\n<tr>\n<td>1550<\/td>\n<td>1238<\/td>\n<td>152<\/td>\n<td>SY335<\/td>\n<\/tr>\n<tr>\n<td>1532<\/td>\n<td>1235<\/td>\n<td>125<\/td>\n<td>SY360<\/td>\n<\/tr>\n<tr>\n<td>1550<\/td>\n<td>1238<\/td>\n<td>152<\/td>\n<td>SY365<\/td>\n<\/tr>\n<tr>\n<td>1550<\/td>\n<td>1238.5<\/td>\n<td>152<\/td>\n<td>SY420<\/td>\n<\/tr>\n<\/tbody>\n<\/table>\n<\/figure>\n<p>I cuscinetti di rotazione degli escavatori Sany sono componenti essenziali del sistema di rotazione di qualsiasi escavatore. Questi cuscinetti permettono all'escavatore di ruotare e ruotare, consentendo agli operatori di eseguire con facilit\u00e0 un'ampia gamma di operazioni di scavo, sollevamento e carico. Sany offre una gamma di cuscinetti di rotazione di alta qualit\u00e0 progettati specificamente per gli escavatori, compresi i modelli adatti ai modelli SY55, SY60, SY65, SY70, SY75, SY85, SY95, SY115, SY135, SY155, SY195, SY200, SY205, SY215, SY220, SY225, SY235, SY245, SY285, SY305, SY335, SY365, SY375, SY395, SY415 e SY485.<\/p>\n<p>I nostri cuscinetti a staffa rotante per escavatori Sany sono progettati per fornire prestazioni e durata ottimali anche nelle condizioni di lavoro pi\u00f9 difficili. Sono realizzati con materiali di alta qualit\u00e0, tra cui acciaio forgiato e acciaio speciale per cuscinetti, e sono caratterizzati da processi di produzione avanzati che ne garantiscono la precisione, l'affidabilit\u00e0 e la durata.<\/p>\n<p>Uno dei vantaggi principali delle nostre ralle per escavatori Sany \u00e8 la loro capacit\u00e0 di sopportare carichi pesanti e condizioni operative estreme. Sono progettate per resistere a carichi assiali e radiali, nonch\u00e9 a livelli elevati di urti e vibrazioni, il che le rende ideali per l'uso in applicazioni impegnative come quelle minerarie, edilizie e forestali.<\/p>\n<p>Oltre alla loro resistenza e durata, i nostri cuscinetti di rotazione per escavatori Sany sono progettati per garantire facilit\u00e0 di installazione e manutenzione. Sono progettati per essere facili da montare e sostituire e richiedono una manutenzione minima per garantire prestazioni e durata ottimali.In Sany ci impegniamo a fornire ai nostri clienti prodotti e servizi di altissima qualit\u00e0 e i nostri cuscinetti per ralle per escavatori Sany non fanno eccezione. Sia che stiate cercando un cuscinetto di ricambio per un escavatore esistente, sia che stiate allestendo una nuova macchina, il nostro team di esperti pu\u00f2 aiutarvi a trovare la soluzione perfetta per soddisfare le vostre esigenze.<\/p>\n<p>In conclusione, i cuscinetti di rotazione per escavatori Sany sono componenti essenziali per qualsiasi escavatore e la scelta di quello giusto pu\u00f2 fare una differenza significativa nelle prestazioni e nella longevit\u00e0 della macchina. Con la nostra gamma di cuscinetti di alta qualit\u00e0 progettati specificamente per gli escavatori, potete essere certi di ottenere un prodotto affidabile e durevole, in grado di fornire prestazioni ottimali e una lunga durata anche nelle condizioni pi\u00f9 difficili.<br \/>\nPossiamo fornire ralle alternative per il vostro, CAT, HITACHI, KOMATSU, KOBELCO, HYUNDAI, VOLVO, DOOSAN, DAEWOO, JCB, CASE, SUMITOMO, KATO, ,Ci sono normali e non standard oltre 1000 tipi di centinaia per voi scegliere.<\/p>\n<figure class=\"wp-block-image size-full is-resized\"><img decoding=\"async\" class=\"wp-image-177\" src=\"https:\/\/national-bearing.com\/wp-content\/uploads\/2023\/04\/0001.jpg\" sizes=\"(max-width: 843px) 100vw, 843px\" srcset=\"https:\/\/national-bearing.com\/wp-content\/uploads\/2023\/04\/0001.jpg 600w, https:\/\/national-bearing.com\/wp-content\/uploads\/2023\/04\/0001-300x200.jpg 300w\" alt=\"\" width=\"515\" height=\"343\" \/><\/figure>\n<p>&nbsp;<\/p>","protected":false},"excerpt":{"rendered":"<p>Cuscinetti oscillanti SANY<br \/>\nModel:SY485,SY415,SY395<br \/>\nSY365,SY375,SY335,SY310<\/p>","protected":false},"featured_media":136,"template":"","meta":[],"product_brand":[],"product_cat":[22,74],"product_tag":[],"class_list":{"0":"post-574","1":"product","2":"type-product","3":"status-publish","4":"has-post-thumbnail","6":"product_cat-swing-bearing","7":"product_cat-sany-excavator-swing-bearing","9":"first","10":"instock","11":"shipping-taxable","12":"product-type-simple"},"_links":{"self":[{"href":"https:\/\/swingbearing.net\/it\/wp-json\/wp\/v2\/product\/574","targetHints":{"allow":["GET"]}}],"collection":[{"href":"https:\/\/swingbearing.net\/it\/wp-json\/wp\/v2\/product"}],"about":[{"href":"https:\/\/swingbearing.net\/it\/wp-json\/wp\/v2\/types\/product"}],"wp:featuredmedia":[{"embeddable":true,"href":"https:\/\/swingbearing.net\/it\/wp-json\/wp\/v2\/media\/136"}],"wp:attachment":[{"href":"https:\/\/swingbearing.net\/it\/wp-json\/wp\/v2\/media?parent=574"}],"wp:term":[{"taxonomy":"product_brand","embeddable":true,"href":"https:\/\/swingbearing.net\/it\/wp-json\/wp\/v2\/product_brand?post=574"},{"taxonomy":"product_cat","embeddable":true,"href":"https:\/\/swingbearing.net\/it\/wp-json\/wp\/v2\/product_cat?post=574"},{"taxonomy":"product_tag","embeddable":true,"href":"https:\/\/swingbearing.net\/it\/wp-json\/wp\/v2\/product_tag?post=574"}],"curies":[{"name":"wp","href":"https:\/\/api.w.org\/{rel}","templated":true}]}}