{"id":573,"date":"2023-09-27T05:12:21","date_gmt":"2023-09-27T05:12:21","guid":{"rendered":"https:\/\/swingbearing.net\/?post_type=product&#038;p=573"},"modified":"2024-05-15T06:48:42","modified_gmt":"2024-05-15T06:48:42","slug":"swing-bearing-liebherr","status":"publish","type":"product","link":"https:\/\/swingbearing.net\/it\/prodotto\/cuscinetto-oscillante-liebherr\/","title":{"rendered":"Cuscinetto oscillante LIEBHERR"},"content":{"rendered":"<h2 style=\"text-align: center;\">Parametri dei cuscinetti oscillanti LIEBHERR<\/h2>\n<figure class=\"wp-block-table is-style-stripes has-small-font-size\">\n<table class=\"has-cyan-bluish-gray-background-color has-background\">\n<tbody>\n<tr>\n<td>Modello<\/td>\n<td>Numero di parte<\/td>\n<td>Diametro esterno<\/td>\n<td>Diametro interno<\/td>\n<td>Altezza totale<\/td>\n<td>Altezza esterna<\/td>\n<td>Altezza interna<\/td>\n<td>Parametri del foro esterno<\/td>\n<td>Parametri del foro interno<\/td>\n<td>Numero di denti<\/td>\n<\/tr>\n<tr>\n<td>R922<\/td>\n<td>LE982706001<\/td>\n<td>1215<\/td>\n<td>940<\/td>\n<td>115<\/td>\n<td>72<\/td>\n<td>105<\/td>\n<td>48-\u03c622<\/td>\n<td>56-M20<\/td>\n<td>94<\/td>\n<\/tr>\n<tr>\n<td>924HDSL<\/td>\n<td>LE982751901<\/td>\n<td>1215<\/td>\n<td>940<\/td>\n<td>115<\/td>\n<td>72<\/td>\n<td>105<\/td>\n<td>48-\u042422<\/td>\n<td>56-M20Tessuto<\/td>\n<td>94<\/td>\n<\/tr>\n<tr>\n<td>R924C<\/td>\n<td>982751901<\/td>\n<td>1215<\/td>\n<td>940<\/td>\n<td>115<\/td>\n<td>72<\/td>\n<td>105<\/td>\n<td>48-\u042422<\/td>\n<td>56-M20Tessuto<\/td>\n<td>94<\/td>\n<\/tr>\n<tr>\n<td>R924C<\/td>\n<td>932833001<\/td>\n<td>1215<\/td>\n<td>940<\/td>\n<td>115<\/td>\n<td>72<\/td>\n<td>105<\/td>\n<td>48-\u042422<\/td>\n<td>56-M20Tessuto<\/td>\n<td>94<\/td>\n<\/tr>\n<tr>\n<td>R924B<\/td>\n<td>982751901<\/td>\n<td>1215<\/td>\n<td>940<\/td>\n<td>115<\/td>\n<td>72<\/td>\n<td>105<\/td>\n<td>48-\u042422<\/td>\n<td>56-M20Tessuto<\/td>\n<td>94<\/td>\n<\/tr>\n<tr>\n<td>R934<\/td>\n<td>933816501<\/td>\n<td>1355<\/td>\n<td>1012<\/td>\n<td>125<\/td>\n<td><\/td>\n<td><\/td>\n<td>40<\/td>\n<td>48<\/td>\n<td>92<\/td>\n<\/tr>\n<tr>\n<td>R934HD-S<\/td>\n<td>LE939500601<\/td>\n<td>1355<\/td>\n<td>1012<\/td>\n<td>125<\/td>\n<td>92<\/td>\n<td>113<\/td>\n<td>Foro passante 40-26<\/td>\n<td>48-M24<\/td>\n<td>92<\/td>\n<\/tr>\n<tr>\n<td>934<\/td>\n<td>982752401<\/td>\n<td>1355<\/td>\n<td>1012<\/td>\n<td>125<\/td>\n<td>92<\/td>\n<td>113<\/td>\n<td>Foro passante 40-26<\/td>\n<td>48-M24<\/td>\n<td>92<\/td>\n<\/tr>\n<tr>\n<td>R-944C<\/td>\n<td>933628601<\/td>\n<td>1365<\/td>\n<td>1008<\/td>\n<td>150<\/td>\n<td>112<\/td>\n<td>140<\/td>\n<td>60-\u042426<\/td>\n<td>72-M24tessuto<\/td>\n<td>84<\/td>\n<\/tr>\n<tr>\n<td>R944B<\/td>\n<td>933626601<\/td>\n<td>1365<\/td>\n<td>1008<\/td>\n<td>150<\/td>\n<td>112<\/td>\n<td>140<\/td>\n<td>60<\/td>\n<td>72<\/td>\n<td>84<\/td>\n<\/tr>\n<\/tbody>\n<\/table>\n<\/figure>\n<p>Gli escavatori Liebherr sono rinomati per la loro affidabilit\u00e0 e durata, che li rendono una scelta popolare per le industrie edili e minerarie. Uno dei componenti critici che contribuiscono alle prestazioni della macchina \u00e8 il cuscinetto di rotazione dell'escavatore. I cuscinetti di brandeggio degli escavatori Liebherr sono progettati per far fronte alle esigenze di un lavoro pesante in ambienti difficili.<\/p>\n<p>I cuscinetti oscillanti per escavatori svolgono un ruolo cruciale nel funzionamento della macchina, in quanto supportano la rotazione della struttura superiore. Senza un cuscinetto oscillante di qualit\u00e0 per un escavatore, la struttura superiore non pu\u00f2 ruotare in modo fluido, il che influisce sulle prestazioni complessive della macchina. I cuscinetti di rotazione per escavatori Liebherr sono progettati per garantire un'elevata capacit\u00e0 di carico, precisione e lunga durata, assicurando prestazioni ottimali della macchina.<\/p>\n<p>I cuscinetti a staffa rotante per escavatori Liebherr sono noti anche come cuscinetti ad anello rotante, cuscinetti ad anello rotante per escavatori o cuscinetti per piattaforme girevoli. Questi cuscinetti sono progettati con una pista di rotolamento per sostenere il peso della macchina, consentendo alla struttura superiore di ruotare con facilit\u00e0. I cuscinetti di rotazione per escavatori sono realizzati con materiali ad alta resistenza, in grado di sopportare carichi pesanti, temperature estreme e condizioni difficili.<\/p>\n<p>Liebherr offre una gamma di cuscinetti di rotazione per escavatori compatibili con vari modelli di escavatori. I modelli attualmente disponibili sul mercato sono R914, R924, R944, R934 e R944CLC. Questi modelli sono progettati per garantire la massima durata e le massime prestazioni, assicurando che la vostra macchina possa affrontare qualsiasi lavoro.<\/p>\n<p>Oltre al cuscinetto di rotazione dell'escavatore, Liebherr fornisce anche<a href=\"https:\/\/swingbearing.net\/it\/swing-bearing\/\"> ralla dell'escavatore<\/a> e l'ingranaggio di rotazione dell'escavatore. Questi componenti lavorano insieme per garantire una rotazione fluida ed efficiente della struttura superiore della macchina, rendendoli parti essenziali di qualsiasi escavatore Liebherr.<br \/>\nIn conclusione, quando si tratta di cuscinetti di rotazione per escavatori, Liebherr \u00e8 un nome di cui ci si pu\u00f2 fidare. I loro cuscinetti di qualit\u00e0 per escavatori sono progettati per resistere alle condizioni pi\u00f9 difficili, garantendo un'elevata capacit\u00e0 di carico, precisione e lunga durata. Che si tratti di costruzioni o di attivit\u00e0 minerarie, i cuscinetti per ralle Liebherr per escavatori sono la scelta ideale per ottenere prestazioni ottimali della macchina.<\/p>\n<p>Possiamo fornire un cerchio alternativo per il vostro, CAT, HITACHI, KOMATSU, KOBELCO, HYUNDAI, VOLVO, DOOSAN, DAEWOO, JCB, CASE, SUMITOMO, KATO.There sono normali e non standard oltre 1000 tipi di centinaia per voi scegliere.<\/p>\n<figure class=\"wp-block-image size-full is-resized\"><img decoding=\"async\" class=\"wp-image-177\" src=\"https:\/\/national-bearing.com\/wp-content\/uploads\/2023\/04\/0001.jpg\" sizes=\"(max-width: 843px) 100vw, 843px\" srcset=\"https:\/\/national-bearing.com\/wp-content\/uploads\/2023\/04\/0001.jpg 600w, https:\/\/national-bearing.com\/wp-content\/uploads\/2023\/04\/0001-300x200.jpg 300w\" alt=\"\" width=\"515\" height=\"343\" \/><\/figure>","protected":false},"excerpt":{"rendered":"<p>Cuscinetti oscillanti LIEBHERR<br \/>\nModel:R944B,934,R-944C<br \/>\nR924B, R924C, 924HDSL<\/p>","protected":false},"featured_media":136,"template":"","meta":[],"product_brand":[],"product_cat":[22,72],"product_tag":[],"class_list":{"0":"post-573","1":"product","2":"type-product","3":"status-publish","4":"has-post-thumbnail","6":"product_cat-swing-bearing","7":"product_cat-liebherr-excavator-swing-bearing","9":"first","10":"instock","11":"shipping-taxable","12":"product-type-simple"},"_links":{"self":[{"href":"https:\/\/swingbearing.net\/it\/wp-json\/wp\/v2\/product\/573","targetHints":{"allow":["GET"]}}],"collection":[{"href":"https:\/\/swingbearing.net\/it\/wp-json\/wp\/v2\/product"}],"about":[{"href":"https:\/\/swingbearing.net\/it\/wp-json\/wp\/v2\/types\/product"}],"wp:featuredmedia":[{"embeddable":true,"href":"https:\/\/swingbearing.net\/it\/wp-json\/wp\/v2\/media\/136"}],"wp:attachment":[{"href":"https:\/\/swingbearing.net\/it\/wp-json\/wp\/v2\/media?parent=573"}],"wp:term":[{"taxonomy":"product_brand","embeddable":true,"href":"https:\/\/swingbearing.net\/it\/wp-json\/wp\/v2\/product_brand?post=573"},{"taxonomy":"product_cat","embeddable":true,"href":"https:\/\/swingbearing.net\/it\/wp-json\/wp\/v2\/product_cat?post=573"},{"taxonomy":"product_tag","embeddable":true,"href":"https:\/\/swingbearing.net\/it\/wp-json\/wp\/v2\/product_tag?post=573"}],"curies":[{"name":"wp","href":"https:\/\/api.w.org\/{rel}","templated":true}]}}