{"id":572,"date":"2023-09-27T05:08:54","date_gmt":"2023-09-27T05:08:54","guid":{"rendered":"https:\/\/swingbearing.net\/?post_type=product&#038;p=572"},"modified":"2024-05-15T06:51:15","modified_gmt":"2024-05-15T06:51:15","slug":"swing-bearing-case","status":"publish","type":"product","link":"https:\/\/swingbearing.net\/it\/prodotto\/cassa-del-cuscinetto-oscillante\/","title":{"rendered":"Cuscinetto oscillante CASE"},"content":{"rendered":"<h2 style=\"text-align: center;\">Parametri dei cuscinetti CASE Swing<\/h2>\n<figure class=\"wp-block-table is-style-stripes has-small-font-size\">\n<table class=\"has-cyan-bluish-gray-background-color has-background\">\n<tbody>\n<tr>\n<td style=\"text-align: right;\">Modello<\/td>\n<td style=\"text-align: right;\">Numero di parte<\/td>\n<td style=\"text-align: right;\">Diametro esterno<\/td>\n<td style=\"text-align: right;\">Diametro interno<\/td>\n<td style=\"text-align: right;\">Altezza totale<\/td>\n<td style=\"text-align: right;\">Altezza esterna<\/td>\n<td style=\"text-align: right;\">Altezza interna<\/td>\n<td style=\"text-align: right;\">Parametri del foro esterno<\/td>\n<td style=\"text-align: right;\">Parametri del foro interno<\/td>\n<td style=\"text-align: right;\">Numero di denti<\/td>\n<\/tr>\n<tr>\n<td>CX130<\/td>\n<td>KNB10130<\/td>\n<td>1172<\/td>\n<td>972<\/td>\n<td>88<\/td>\n<td>65<\/td>\n<td>78<\/td>\n<td>28<\/td>\n<td>36<\/td>\n<td>98<\/td>\n<\/tr>\n<tr>\n<td>CX130<\/td>\n<td>KNB 11840<\/td>\n<td>1172<\/td>\n<td>973<\/td>\n<td>88<\/td>\n<td>65<\/td>\n<td>78<\/td>\n<td>28<\/td>\n<td>36<\/td>\n<td>98<\/td>\n<\/tr>\n<tr>\n<td>CX210<\/td>\n<td>KRB1347<\/td>\n<td>1330<\/td>\n<td>1094<\/td>\n<td>103<\/td>\n<td>74<\/td>\n<td>92<\/td>\n<td>31<\/td>\n<td>36<\/td>\n<td>92<\/td>\n<\/tr>\n<tr>\n<td>CX210<\/td>\n<td>KRB1603<\/td>\n<td>1330<\/td>\n<td>1094<\/td>\n<td>103<\/td>\n<td>74<\/td>\n<td>92<\/td>\n<td>31<\/td>\n<td>36<\/td>\n<td>92<\/td>\n<\/tr>\n<tr>\n<td>CX210<\/td>\n<td>KRB10160<\/td>\n<td>1330<\/td>\n<td>1093<\/td>\n<td>102<\/td>\n<td>74<\/td>\n<td>92<\/td>\n<td>31-\u03c622<\/td>\n<td>36-M20<\/td>\n<td>92<\/td>\n<\/tr>\n<tr>\n<td>CX210B<\/td>\n<td>KRB10160<\/td>\n<td>1330<\/td>\n<td>1093<\/td>\n<td>102<\/td>\n<td>74<\/td>\n<td>92<\/td>\n<td>31-\u03c622<\/td>\n<td>36-M20<\/td>\n<td>92<\/td>\n<\/tr>\n<tr>\n<td>CX210<\/td>\n<td>KRB10180<\/td>\n<td>1330<\/td>\n<td>1093<\/td>\n<td>102<\/td>\n<td>74<\/td>\n<td>92<\/td>\n<td>31-\u03c622.5<\/td>\n<td>36-M20<\/td>\n<td>92<\/td>\n<\/tr>\n<tr>\n<td>CX210B<\/td>\n<td>KRB11710<\/td>\n<td>1330<\/td>\n<td>1093<\/td>\n<td>102<\/td>\n<td>74<\/td>\n<td>92<\/td>\n<td>31-\u03c622<\/td>\n<td>36-M20<\/td>\n<td>92<\/td>\n<\/tr>\n<tr>\n<td>CX210C<\/td>\n<td>KRB11710<\/td>\n<td>1330<\/td>\n<td>1093<\/td>\n<td>102<\/td>\n<td>74<\/td>\n<td>92<\/td>\n<td>31-\u03c622<\/td>\n<td>36-M20<\/td>\n<td>92<\/td>\n<\/tr>\n<tr>\n<td>CNH E215<\/td>\n<td>72203516<\/td>\n<td>1312<\/td>\n<td>1082<\/td>\n<td>110<\/td>\n<td>79<\/td>\n<td>98<\/td>\n<td>33<\/td>\n<td>36<\/td>\n<td>110<\/td>\n<\/tr>\n<tr>\n<td>CNH E215<\/td>\n<td>87472588<\/td>\n<td>1312<\/td>\n<td>1082<\/td>\n<td>110<\/td>\n<td>79<\/td>\n<td>98<\/td>\n<td>33<\/td>\n<td>36<\/td>\n<td>110<\/td>\n<\/tr>\n<tr>\n<td>CX240<\/td>\n<td>KBB0878<\/td>\n<td>1375<\/td>\n<td>1094<\/td>\n<td>124<\/td>\n<td>88<\/td>\n<td>114<\/td>\n<td>27-\u03a626<\/td>\n<td>36-M24<\/td>\n<td>92<\/td>\n<\/tr>\n<tr>\n<td>CX240<\/td>\n<td>KBB0282<\/td>\n<td>1375<\/td>\n<td>1094<\/td>\n<td>124<\/td>\n<td>80<\/td>\n<td>114<\/td>\n<td>26-\u03c626<\/td>\n<td>36-M24<\/td>\n<td>92<\/td>\n<\/tr>\n<tr>\n<td>CX240<\/td>\n<td>KBB 10080<\/td>\n<td>1376<\/td>\n<td>1093<\/td>\n<td>125<\/td>\n<td>88<\/td>\n<td>114<\/td>\n<td>27<\/td>\n<td>36<\/td>\n<td>92<\/td>\n<\/tr>\n<tr>\n<td>CX240B<\/td>\n<td>KBB11350<\/td>\n<td>1377<\/td>\n<td>1094<\/td>\n<td>124<\/td>\n<td>88<\/td>\n<td>114<\/td>\n<td>28-26<\/td>\n<td>36-M24<\/td>\n<td>92<\/td>\n<\/tr>\n<tr>\n<td>CX460<\/td>\n<td>KTB10010<\/td>\n<td>1615<\/td>\n<td>1275<\/td>\n<td>145<\/td>\n<td>125<\/td>\n<td>135<\/td>\n<td>41-\u03a626<\/td>\n<td>46-M24<\/td>\n<td>92<\/td>\n<\/tr>\n<tr>\n<td>CX290<\/td>\n<td>KBB10100<\/td>\n<td>1615<\/td>\n<td>1274<\/td>\n<td>122<\/td>\n<td>100<\/td>\n<td>110<\/td>\n<td>41<\/td>\n<td>46<\/td>\n<td>92<\/td>\n<\/tr>\n<\/tbody>\n<\/table>\n<\/figure>\n<p>Gli escavatori sono macchine pesanti che vengono utilizzate per scavare, spostare e sollevare carichi pesanti nell'edilizia, nell'industria mineraria e in altri settori. Un componente chiave di un escavatore \u00e8 il cuscinetto di rotazione, noto anche come cuscinetto di oscillazione, che consente alla macchina di ruotare di 360 gradi. Se siete alla ricerca di cuscinetti girevoli di alta qualit\u00e0 per il vostro escavatore CASE, non cercate oltre la nostra selezione di prodotti.<\/p>\n<p>La nostra gamma di cuscinetti oscillanti per escavatori CASE comprende i seguenti modelli: CX50B, CX55, CX210, CX210B, CX240A e CX240B. Questi cuscinetti sono progettati specificamente per adattarsi al vostro escavatore CASE e garantiscono una rotazione fluida e affidabile, anche in presenza di carichi pesanti.<br \/>\nI nostri cuscinetti di rotazione per escavatori sono realizzati con materiali di alta qualit\u00e0 per garantire la massima durata e le migliori prestazioni. I componenti del cuscinetto della piattaforma girevole e dell'anello di oscillazione sono lavorati con tolleranze ristrette per garantire un accoppiamento perfetto e un funzionamento regolare. Inoltre, i cuscinetti sono progettati per resistere all'usura, rendendoli ideali per le applicazioni pi\u00f9 gravose.<\/p>\n<p>Oltre alla loro struttura di alta qualit\u00e0, i nostri cuscinetti di rotazione per escavatori CASE sono facili da installare e mantenere. Sono progettati per sostituire le parti originali del produttore di apparecchiature (OEM) senza richiedere modifiche, rendendo l'installazione un gioco da ragazzi. Offriamo anche una gamma di parti di ricambio per i nostri cuscinetti, assicurandovi un funzionamento regolare del vostro escavatore per gli anni a venire.<\/p>\n<p>I nostri cuscinetti di rotazione per escavatori sono un componente essenziale del sistema di ralla dell'escavatore. La ralla, collegata al cuscinetto di rotazione, consente all'escavatore di ruotare. Anche la ruota di rotazione dell'escavatore lavora insieme al cuscinetto di rotazione per garantire un funzionamento regolare ed efficiente.<br \/>\nIn conclusione, la nostra gamma di cuscinetti di rotazione per escavatori CASE \u00e8 una scelta eccellente per chiunque sia alla ricerca di componenti di alta qualit\u00e0, affidabili e durevoli per il proprio escavatore. La nostra selezione di cuscinetti di rotazione \u00e8 progettata specificamente per adattarsi al vostro escavatore CASE e garantire un funzionamento fluido ed efficiente, anche in presenza di carichi pesanti. Contattateci oggi stesso per saperne di pi\u00f9 sui nostri prodotti e su come possiamo aiutarvi a mantenere il vostro escavatore in perfetta efficienza.<br \/>\nPossiamo fornire il cuscinetto alternativo dell'oscillazione per il vostro, CAT, HITACHI, KOMATSU, KOBELCO, HYUNDAI, VOLVO, DOOSAN, DAEWOO, JCB, CASE, SUMITOMO, KATO,, ci sono tipi normali e non standard oltre 1000 centinaia per voi scegliere.<\/p>","protected":false},"excerpt":{"rendered":"<p>Cuscinetto oscillante CASE<br \/>\nModel:CX290,CX460,CX240B<br \/>\nCNH E215,CX210C,CX210B<\/p>","protected":false},"featured_media":136,"template":"","meta":[],"product_brand":[],"product_cat":[22,71],"product_tag":[],"class_list":{"0":"post-572","1":"product","2":"type-product","3":"status-publish","4":"has-post-thumbnail","6":"product_cat-swing-bearing","7":"product_cat-case-excavator-swing-bearing","9":"first","10":"instock","11":"shipping-taxable","12":"product-type-simple"},"_links":{"self":[{"href":"https:\/\/swingbearing.net\/it\/wp-json\/wp\/v2\/product\/572","targetHints":{"allow":["GET"]}}],"collection":[{"href":"https:\/\/swingbearing.net\/it\/wp-json\/wp\/v2\/product"}],"about":[{"href":"https:\/\/swingbearing.net\/it\/wp-json\/wp\/v2\/types\/product"}],"wp:featuredmedia":[{"embeddable":true,"href":"https:\/\/swingbearing.net\/it\/wp-json\/wp\/v2\/media\/136"}],"wp:attachment":[{"href":"https:\/\/swingbearing.net\/it\/wp-json\/wp\/v2\/media?parent=572"}],"wp:term":[{"taxonomy":"product_brand","embeddable":true,"href":"https:\/\/swingbearing.net\/it\/wp-json\/wp\/v2\/product_brand?post=572"},{"taxonomy":"product_cat","embeddable":true,"href":"https:\/\/swingbearing.net\/it\/wp-json\/wp\/v2\/product_cat?post=572"},{"taxonomy":"product_tag","embeddable":true,"href":"https:\/\/swingbearing.net\/it\/wp-json\/wp\/v2\/product_tag?post=572"}],"curies":[{"name":"wp","href":"https:\/\/api.w.org\/{rel}","templated":true}]}}