{"id":4343,"date":"2024-06-27T01:37:12","date_gmt":"2024-06-27T01:37:12","guid":{"rendered":"https:\/\/swingbearing.net\/?post_type=product&#038;p=4343"},"modified":"2024-06-27T01:46:04","modified_gmt":"2024-06-27T01:46:04","slug":"708-3s-00461-705-41-08090-for-hydraulic-pump-pc50mr-2-pc40mr-2","status":"publish","type":"product","link":"https:\/\/swingbearing.net\/it\/prodotto\/708-3s-00461-705-41-08090-for-hydraulic-pump-pc50mr-2-pc40mr-2\/","title":{"rendered":"Pompa idraulica 708-3S-00461 705-41-08090 per pompa idraulica PC50MR-2 PC40MR-2"},"content":{"rendered":"<h3 class=\"wp-block-heading\"><strong>Descrizione del prodotto<\/strong><\/h3>\r\n\r\n\r\n<hr class=\"wp-block-separator has-alpha-channel-opacity\" \/>\r\n\r\n\r\n<h2 class=\"wp-block-heading\">708-3S-00461 705-41-08090 Hydraulic Main Pump Fits For Komatsu PC50MR-2 PC40MR-2<\/h2>\r\n<p><img decoding=\"async\" class=\"alignnone wp-image-4344 size-full\" src=\"https:\/\/swingbearing.net\/wp-content\/uploads\/2024\/06\/pc50mr-2.jpg\" alt=\"pc50mr-2 hydraulic pump\" width=\"783\" height=\"825\" srcset=\"https:\/\/swingbearing.net\/wp-content\/uploads\/2024\/06\/pc50mr-2.jpg 783w, https:\/\/swingbearing.net\/wp-content\/uploads\/2024\/06\/pc50mr-2-285x300.jpg 285w, https:\/\/swingbearing.net\/wp-content\/uploads\/2024\/06\/pc50mr-2-768x809.jpg 768w, https:\/\/swingbearing.net\/wp-content\/uploads\/2024\/06\/pc50mr-2-11x12.jpg 11w, https:\/\/swingbearing.net\/wp-content\/uploads\/2024\/06\/pc50mr-2-600x632.jpg 600w\" sizes=\"(max-width: 783px) 100vw, 783px\" \/><\/p>\r\n<table border=\"1\" cellspacing=\"0\" cellpadding=\"0\">\r\n<tbody>\r\n<tr>\r\n<td>Nome del prodotto\u00a0 \u00a0 \u00a0 \u00a0 \u00a0 \u00a0 \u00a0 \u00a0<\/td>\r\n<td>Pompa idraulica per escavatori<\/td>\r\n<\/tr>\r\n<tr>\r\n<td>Qualit\u00e0\u00a0 \u00a0 \u00a0<\/td>\r\n<td>Alta qualit\u00e0 100% Nuovo<\/td>\r\n<\/tr>\r\n<tr>\r\n<td>Modello di macchina\u00a0 \u00a0\u00a0<\/td>\r\n<td>\u00a0PC50MR-2 PC40MR-2<\/td>\r\n<\/tr>\r\n<tr>\r\n<td>Dimensione dell'imballaggio<\/td>\r\n<td>84*38*49<\/td>\r\n<\/tr>\r\n<tr>\r\n<td>Pacchetto<\/td>\r\n<td>Valigetta in legno per l'esportazione standard\u00a0 \u00a0 \u00a0 \u00a0 \u00a0 \u00a0 \u00a0 \u00a0 \u00a0 \u00a0 \u00a0 \u00a0 \u00a0 \u00a0 \u00a0 \u00a0 \u00a0 \u00a0 \u00a0 \u00a0 \u00a0 \u00a0 \u00a0 \u00a0 \u00a0 \u00a0\u00a0<\/td>\r\n<\/tr>\r\n<tr>\r\n<td>Numero di parte<\/td>\r\n<td>708-3S-00461 705-41-08090 f<\/td>\r\n<\/tr>\r\n<tr>\r\n<td>Pressione<\/td>\r\n<td>Standard, alta pressione<\/td>\r\n<\/tr>\r\n<\/tbody>\r\n<\/table>\r\n<h3>\r\n\r\n<\/h3>\r\n<p><\/p>\r\n<h2 class=\"wp-block-heading\">Introduction of\u00a0 PC50MR-2\u00a0 PC40MR-2 Main Pump<\/h2>\r\n<p><\/p>\r\n<p>Are you in the construction industry and looking to optimize the performance of your crawler excavators? Look no further than the Excavator Hydraulic Pump, a versatile and reliable product designed to meet the demands of various scenarios, including construction sites, mining operations, and roadworks. .<\/p>\r\n<p>\r\n\r\n<\/p>\r\n<h3 class=\"wp-block-heading\">Massimizzare l'efficienza con la pompa<\/h3>\r\n<p>\r\n\r\n<\/p>\r\n<p>Quando si tratta di attivit\u00e0 di scavo, l'efficienza \u00e8 fondamentale. La pompa idraulica per escavatori, disponibile in due numeri di pompa, 708-2L-00202 e 708-2L-41121, \u00e8 progettata specificamente per fornire la massima potenza idraulica al vostro escavatore. Ci\u00f2 garantisce un funzionamento fluido ed efficiente della macchina, consentendo di completare i progetti in modo tempestivo. Grazie alla sua struttura resistente e alle prestazioni affidabili, questa pompa idraulica \u00e8 costruita per durare nel tempo e rappresenta un investimento prezioso per la vostra azienda.<\/p>\r\n<p>\r\n\r\n<\/p>\r\n<h3 class=\"wp-block-heading\">Compatibilit\u00e0 e versatilit\u00e0<\/h3>\r\n<p>\r\n\r\n<\/p>\r\n<p>Uno dei vantaggi principali della pompa idraulica per escavatori \u00e8 la sua compatibilit\u00e0 con diversi modelli di escavatori. Sia che si utilizzi un E317, un E315, un PC210-8K o un PC210-8K, questa pompa idraulica \u00e8 progettata per integrarsi perfettamente con la macchina, migliorandone le capacit\u00e0 e le prestazioni. Questa versatilit\u00e0 la rende una scelta pratica per gli appaltatori e gli operatori che lavorano in diversi settori e ambienti.<\/p>\r\n<p>\r\n\r\n<\/p>\r\n<h3 class=\"wp-block-heading\">Assistenza post-vendita eccezionale<\/h3>\r\n<p>\r\n\r\n<\/p>\r\n<p>Per noi di Excavator Hydraulic Pump la soddisfazione del cliente \u00e8 la priorit\u00e0 assoluta. Ecco perch\u00e9 offriamo un eccellente supporto post-vendita, compresa l'assistenza online, per garantire che i nostri clienti ricevano un aiuto tempestivo in caso di problemi o dubbi. Il nostro team di esperti si dedica a fornirvi il supporto necessario per far funzionare la vostra pompa idraulica in modo fluido ed efficiente, consentendovi di concentrarvi sul vostro lavoro senza interruzioni.<br \/><br \/><b>Possiamo sostenere gli altri:<\/b><\/p>\r\n<table>\r\n<tbody>\r\n<tr>\r\n<td colspan=\"1\" rowspan=\"1\">\r\n<div>Per Kobelco<\/div>\r\n<\/td>\r\n<td colspan=\"1\" rowspan=\"1\">\r\n<div>SK200-6,SK210-6,SK45SR,SK330-6E,SK200-4,SK460-8,SK135,SK235SRLC-1ES,SK250-8,SK210-8,SK350-8,SK350,SK350-9,SK200-8,SK210-8<\/div>\r\n<\/td>\r\n<\/tr>\r\n<tr>\r\n<td colspan=\"1\" rowspan=\"1\">\r\n<div>Per Komatsu<\/div>\r\n<\/td>\r\n<td colspan=\"1\" rowspan=\"1\">\r\n<div>PC300-8,PC200-6K,PC130-8,PC200-8,PC220-8,PC270-8,PC400-8,PC60-7,PC300-7,PC400-7,PC200-7,PC200-6,<\/div>\r\n<\/td>\r\n<\/tr>\r\n<tr>\r\n<td colspan=\"1\" rowspan=\"1\">\r\n<div>Per CAT<\/div>\r\n<\/td>\r\n<td colspan=\"1\" rowspan=\"1\">\r\n<div>E325C,E330D,E330C,E336D,E336C,E345B,E385C,E320C,E320D,E330,E330L,E345C<\/div>\r\n<\/td>\r\n<\/tr>\r\n<tr>\r\n<td colspan=\"1\" rowspan=\"1\">\r\n<div>Per Daewoo<\/div>\r\n<\/td>\r\n<td colspan=\"1\" rowspan=\"1\">\r\n<div>DH80,DH300-5,DH300-7,DH225-7,DH210,DH220,DH150,DH300-5,DH370,DH470-5,DH500-5<\/div>\r\n<\/td>\r\n<\/tr>\r\n<tr>\r\n<td colspan=\"1\" rowspan=\"1\">\r\n<div>Per Hitachi<\/div>\r\n<\/td>\r\n<td colspan=\"1\" rowspan=\"1\">\r\n<div>EX120-5, EX120-5 JPN, EX120-5HG, EX120-5LV JPN, EX120-5X, EX120-5Z, EX120SS-5, EX130H-5, EX130H-5 JPN, EX130K-5,<br \/>EX135UR, EX135UR-5, EX135US-5, EX135USR, EX135USRK, EX140US-5, HR240G, EX300-2, EX300-3, EX300-3C, EX310H-3C, EX200-3, EX200-5,<br \/>EX200-5 JPN, EX200-5HG, EX200-5HHE, EX200-5LV JAP, EX200-5X JPN, EX200-5Z JPN, EX200LC-5HHE, EX200SS-5, EX210H-5, EX210H-5 JPN,<br \/>EX210K-5 JPN, EX210LC-5HHE, EX225USR(LC), EX225USRK, EX60-2, EX60-3, EX60LCK-3, EX60LCT-3, EX60WD-2, EX75UR, EX75UR-3,<br \/>EX75URLC-3,EX350-6,EX120-3,EX1200,EX300,EX200 ,EX210,EX75UR-5<\/div>\r\n<\/td>\r\n<\/tr>\r\n<tr>\r\n<td colspan=\"1\" rowspan=\"1\">\r\n<div>Per Sumitomo<\/div>\r\n<\/td>\r\n<td colspan=\"1\" rowspan=\"1\">\r\n<div>SH200-2,SH-200A3,SH200,SH120-5-0.5<\/div>\r\n<\/td>\r\n<\/tr>\r\n<tr>\r\n<td colspan=\"1\" rowspan=\"1\">\r\n<div>Per Kato<\/div>\r\n<\/td>\r\n<td colspan=\"1\" rowspan=\"1\">\r\n<div>HD1430, HD130<\/div>\r\n<\/td>\r\n<\/tr>\r\n<tr>\r\n<td colspan=\"1\" rowspan=\"1\">\r\n<div>Per JCB<\/div>\r\n<\/td>\r\n<td colspan=\"1\" rowspan=\"1\">\r\n<div>JCB220, JCB240, JCB 85Z<\/div>\r\n<\/td>\r\n<\/tr>\r\n<tr>\r\n<td colspan=\"1\" rowspan=\"1\">\r\n<div>Altro<\/div>\r\n<\/td>\r\n<td colspan=\"1\" rowspan=\"1\">\r\n<div>&#8230;&#8230;<\/div>\r\n<\/td>\r\n<\/tr>\r\n<\/tbody>\r\n<\/table>\r\n<p><\/p>","protected":false},"excerpt":{"rendered":"<p><strong><b>Parte<\/b><\/strong> #: 708-3S-00461 705-41-08090<br \/><strong><b>Fare<\/b><\/strong>Komatsu <br \/><strong><b>Modello<\/b><\/strong>: PC50MR-2 PC40MR-2<br \/><strong><b>Condizione<\/b><\/strong>: Nuovo<\/p>","protected":false},"featured_media":4345,"template":"","meta":[],"product_brand":[],"product_cat":[382],"product_tag":[],"class_list":{"0":"post-4343","1":"product","2":"type-product","3":"status-publish","4":"has-post-thumbnail","6":"product_cat-komatsu-hydraulic-pumps","8":"first","9":"instock","10":"shipping-taxable","11":"product-type-simple"},"_links":{"self":[{"href":"https:\/\/swingbearing.net\/it\/wp-json\/wp\/v2\/product\/4343","targetHints":{"allow":["GET"]}}],"collection":[{"href":"https:\/\/swingbearing.net\/it\/wp-json\/wp\/v2\/product"}],"about":[{"href":"https:\/\/swingbearing.net\/it\/wp-json\/wp\/v2\/types\/product"}],"wp:featuredmedia":[{"embeddable":true,"href":"https:\/\/swingbearing.net\/it\/wp-json\/wp\/v2\/media\/4345"}],"wp:attachment":[{"href":"https:\/\/swingbearing.net\/it\/wp-json\/wp\/v2\/media?parent=4343"}],"wp:term":[{"taxonomy":"product_brand","embeddable":true,"href":"https:\/\/swingbearing.net\/it\/wp-json\/wp\/v2\/product_brand?post=4343"},{"taxonomy":"product_cat","embeddable":true,"href":"https:\/\/swingbearing.net\/it\/wp-json\/wp\/v2\/product_cat?post=4343"},{"taxonomy":"product_tag","embeddable":true,"href":"https:\/\/swingbearing.net\/it\/wp-json\/wp\/v2\/product_tag?post=4343"}],"curies":[{"name":"wp","href":"https:\/\/api.w.org\/{rel}","templated":true}]}}