{"id":3935,"date":"2024-06-05T07:51:05","date_gmt":"2024-06-05T07:51:05","guid":{"rendered":"https:\/\/swingbearing.net\/product\/volvo-swing-bearing-ec210blc-14577178-slewing-ring-bearing\/"},"modified":"2024-06-08T08:45:52","modified_gmt":"2024-06-08T08:45:52","slug":"volvo-swing-bearing-ec210blc-14577178-slewing-ring-bearing","status":"publish","type":"product","link":"https:\/\/swingbearing.net\/it\/prodotto\/volvo-swing-bearing-ec210blc-14577178-slewing-ring-bearing\/","title":{"rendered":"Cuscinetto oscillante 14577178 per VOLVO EC210BLC"},"content":{"rendered":"<h2 style=\"text-align: center;\">VOLVO Sostituzione del cuscinetto oscillante<\/h2>\r\n<figure class=\"wp-block-table\" style=\"font-size: 12px;\">\r\n<table>\r\n<tbody>\r\n<tr>\r\n<td>Numero di modello dell'escavatore<\/td>\r\n<td>Numero di parte<\/td>\r\n<td>Numero di modello dell'escavatore<\/td>\r\n<td>Numero di parte<\/td>\r\n<\/tr>\r\n<tr>\r\n<td>EC160B EC180B\/C\/D<\/td>\r\n<td>14577175<\/td>\r\n<td>EC210LC<\/td>\r\n<td>1155-00061<\/td>\r\n<\/tr>\r\n<tr>\r\n<td>EC160B EC180B\/C\/D<\/td>\r\n<td>14577176<\/td>\r\n<td>EC210LC<\/td>\r\n<td>14563328<\/td>\r\n<\/tr>\r\n<tr>\r\n<td>EC160B EC180B\/C\/D<\/td>\r\n<td>14563341<\/td>\r\n<td>EC240BLC<\/td>\r\n<td>14575267<\/td>\r\n<\/tr>\r\n<tr>\r\n<td>EC160B EC180B\/C\/D<\/td>\r\n<td>14563342<\/td>\r\n<td>EC240BLC<\/td>\r\n<td>14563334<\/td>\r\n<\/tr>\r\n<tr>\r\n<td>EC140 CLM<\/td>\r\n<td>14563340<\/td>\r\n<td>EC240BLC<\/td>\r\n<td>SA1155-00040<\/td>\r\n<\/tr>\r\n<tr>\r\n<td>EC140B LC<\/td>\r\n<td>Seriale-V20400<\/td>\r\n<td>EC240BNLC<\/td>\r\n<td>14520572<\/td>\r\n<\/tr>\r\n<tr>\r\n<td>EC140CL<\/td>\r\n<td>SA1055-01461<\/td>\r\n<td>EC290<\/td>\r\n<td>14570794<\/td>\r\n<\/tr>\r\n<tr>\r\n<td>EC140CL<\/td>\r\n<td>VOE14520561<\/td>\r\n<td>EC290BLC<\/td>\r\n<td>14563335<\/td>\r\n<\/tr>\r\n<tr>\r\n<td>EC180B LC<\/td>\r\n<td>VOE14520569<\/td>\r\n<td>EC290B<\/td>\r\n<td>14563335<\/td>\r\n<\/tr>\r\n<tr>\r\n<td>EC210<\/td>\r\n<td>SA1155-00061<\/td>\r\n<td>EC290B<\/td>\r\n<td>14520573<\/td>\r\n<\/tr>\r\n<tr>\r\n<td>EC210BLC<\/td>\r\n<td>14563343<\/td>\r\n<td>EX300-3C<\/td>\r\n<td>9112188<\/td>\r\n<\/tr>\r\n<tr>\r\n<td>EC210BLC<\/td>\r\n<td>14647522<\/td>\r\n<td>EC360BLC<\/td>\r\n<td>14563350<\/td>\r\n<\/tr>\r\n<tr>\r\n<td>EC210 2005<\/td>\r\n<td>EC210V13948<\/td>\r\n<td>EC390<\/td>\r\n<td>14647527<\/td>\r\n<\/tr>\r\n<tr>\r\n<td>EC210B<\/td>\r\n<td>14563327<\/td>\r\n<td>EC460BLC<\/td>\r\n<td>14507709<\/td>\r\n<\/tr>\r\n<tr>\r\n<td>EC210B<\/td>\r\n<td>14505766<\/td>\r\n<td>EC460<\/td>\r\n<td>14559204<\/td>\r\n<\/tr>\r\n<tr>\r\n<td>EC210BLC<\/td>\r\n<td>14577178<\/td>\r\n<td>EC480DL<\/td>\r\n<td>14559204<\/td>\r\n<\/tr>\r\n<tr>\r\n<td>EC210<\/td>\r\n<td>14647523<\/td>\r\n<td>EC700BLC<\/td>\r\n<td>14559205<\/td>\r\n<\/tr>\r\n<tr>\r\n<td>EC210BNC<\/td>\r\n<td>14530323<\/td>\r\n<td>?<\/td>\r\n<td>?<\/td>\r\n<\/tr>\r\n<\/tbody>\r\n<\/table>\r\n<p><img decoding=\"async\" class=\"alignnone wp-image-2788 size-full\" src=\"https:\/\/swingbearing.net\/wp-content\/uploads\/2024\/05\/777.jpg\" alt=\"cuscinetti per ralle\" width=\"1980\" height=\"700\" srcset=\"https:\/\/swingbearing.net\/wp-content\/uploads\/2024\/05\/777.jpg 1980w, https:\/\/swingbearing.net\/wp-content\/uploads\/2024\/05\/777-300x106.jpg 300w, https:\/\/swingbearing.net\/wp-content\/uploads\/2024\/05\/777-1024x362.jpg 1024w, https:\/\/swingbearing.net\/wp-content\/uploads\/2024\/05\/777-768x272.jpg 768w, https:\/\/swingbearing.net\/wp-content\/uploads\/2024\/05\/777-1536x543.jpg 1536w, https:\/\/swingbearing.net\/wp-content\/uploads\/2024\/05\/777-18x6.jpg 18w, https:\/\/swingbearing.net\/wp-content\/uploads\/2024\/05\/777-600x212.jpg 600w\" sizes=\"(max-width: 1980px) 100vw, 1980px\" \/><\/p>\r\n<p><img decoding=\"async\" class=\"alignnone wp-image-2754 size-full\" src=\"https:\/\/swingbearing.net\/wp-content\/uploads\/2024\/05\/\u03b4????-3_03-e1715445132148.jpg\" alt=\"Cuscinetti oscillanti per escavatori\" width=\"1970\" height=\"590\" \/><\/p>\r\n<\/figure>\r\n\r\n<p><\/p>\r\n<h3 class=\"wp-block-heading\"><\/h3>\r\n<p>Gli escavatori sono essenziali nelle costruzioni, nelle miniere e nella silvicoltura. Un componente chiave che ne garantisce il funzionamento efficiente \u00e8 il cuscinetto di rotazione. Questo articolo analizza l'importanza, la struttura, i tipi, la manutenzione e i problemi pi\u00f9 comuni dei cuscinetti oscillanti degli escavatori.<\/p>\r\n<h3 class=\"wp-block-heading\">\r\n\r\n<\/h3>\r\n<h2 class=\"wp-block-heading\">Conoscere i cuscinetti oscillanti degli escavatori<\/h2>\r\n<h3 class=\"wp-block-heading\">\r\n\r\n<\/h3>\r\n<p>Il cuscinetto di rotazione di un escavatore, noto anche come ralla o cuscinetto di rotazione, consente alla struttura superiore di ruotare di 360 gradi. Questa rotazione \u00e8 fondamentale per scavare, spostare e scaricare i materiali. Il cuscinetto supporta carichi assiali, radiali e di momento, rendendolo fondamentale per la flessibilit\u00e0 della macchina.<\/p>\r\n<h3 class=\"wp-block-heading\">\r\n\r\n<\/h3>\r\n<h2 class=\"wp-block-heading\">Struttura di un cuscinetto oscillante per escavatori<\/h2>\r\n<h3 class=\"wp-block-heading\">\r\n\r\n<\/h3>\r\n<p>Il cuscinetto di rotazione di un escavatore \u00e8 costituito da:<\/p>\r\n<h3 class=\"wp-block-heading\">\r\n\r\n<\/h3>\r\n<ul class=\"wp-block-list\">\r\n<li>Anelli interni ed esterni: Realizzati in acciaio ad alta resistenza per sopportare carichi pesanti.<\/li>\r\n\r\n\r\n\r\n<li>Elementi di rotolamento: Sfere o rulli che facilitano la rotazione regolare.<\/li>\r\n\r\n\r\n\r\n<li>Gabbie: Mantenere gli elementi di rotolamento uniformemente distanziati.<\/li>\r\n\r\n\r\n\r\n<li>Guarnizioni: Proteggono il cuscinetto da sporco, acqua e detriti.<\/li>\r\n<\/ul>\r\n<h3 class=\"wp-block-heading\">\r\n\r\n<\/h3>\r\n<h2 class=\"wp-block-heading\">Tipi di cuscinetti volventi per escavatori<\/h2>\r\n<h3 class=\"wp-block-heading\">\r\n\r\n<\/h3>\r\n<h4 class=\"wp-block-heading\">I cuscinetti rotanti sono disponibili in diverse versioni:<\/h4>\r\n<h3 class=\"wp-block-heading\">\r\n\r\n<\/h3>\r\n<ul class=\"wp-block-list\">\r\n<li>Cuscinetti a sfere a una corona: Equilibrio tra capacit\u00e0 di carico e velocit\u00e0 di rotazione.<\/li>\r\n\r\n\r\n\r\n<li>Cuscinetti a sfera a due corone: Offrono capacit\u00e0 di carico superiori per gli escavatori pi\u00f9 grandi.<\/li>\r\n\r\n\r\n\r\n<li>Cuscinetti a rulli incrociati: Gestiscono contemporaneamente carichi assiali e radiali elevati.<\/li>\r\n\r\n\r\n\r\n<li>Cuscinetti a rulli a tre corone: Offrono la massima capacit\u00e0 di carico per escavatori robusti.<\/li>\r\n<\/ul>\r\n<h3 class=\"wp-block-heading\">\r\n\r\n<\/h3>\r\n<h2 class=\"wp-block-heading\">Importanza dei cuscinetti volventi negli escavatori<\/h2>\r\n<h3 class=\"wp-block-heading\">\r\n\r\n<\/h3>\r\n<p>I cuscinetti di rotazione assicurano una distribuzione uniforme del carico, mantenendo l'integrit\u00e0 strutturale dell'escavatore. Consentono una rotazione a 360 gradi, migliorando l'efficienza operativa in spazi ristretti. La loro durata riduce i tempi di fermo e i costi di manutenzione.<\/p>\r\n<h3 class=\"wp-block-heading\">\r\n\r\n<\/h3>\r\n<h2 class=\"wp-block-heading\">Manutenzione dei cuscinetti di rotazione degli escavatori<\/h2>\r\n<h3 class=\"wp-block-heading\">\r\n\r\n<\/h3>\r\n<h4 class=\"wp-block-heading\">La corretta manutenzione comprende:<\/h4>\r\n<h3 class=\"wp-block-heading\">\r\n\r\n<\/h3>\r\n<ul class=\"wp-block-list\">\r\n<li>Ispezioni regolari: Verificare l'assenza di usura, corrosione o danni.<\/li>\r\n\r\n\r\n\r\n<li>Lubrificazione: Riduce l'attrito e previene l'usura.<\/li>\r\n\r\n\r\n\r\n<li>Integrit\u00e0 delle guarnizioni: Assicurarsi che le guarnizioni siano intatte per evitare la contaminazione.<\/li>\r\n\r\n\r\n\r\n<li>Gestione del carico: Evitare di sovraccaricare l'escavatore.<\/li>\r\n\r\n\r\n\r\n<li>Allineamento: Assicurare un allineamento corretto per evitare un'usura irregolare.<\/li>\r\n<\/ul>\r\n<h3 class=\"wp-block-heading\">\r\n\r\n<\/h3>\r\n<h3 class=\"wp-block-heading\">Problemi comuni con i cuscinetti oscillanti<\/h3>\r\n<h3 class=\"wp-block-heading\">\r\n\r\n<\/h3>\r\n<p>I problemi pi\u00f9 comuni includono:<\/p>\r\n<h3 class=\"wp-block-heading\">\r\n\r\n<\/h3>\r\n<ul class=\"wp-block-list\">\r\n<li>Usura: Causata dal funzionamento continuo e dai carichi pesanti.<\/li>\r\n\r\n\r\n\r\n<li>Contaminazione: Sporco, acqua e detriti che entrano nel cuscinetto.<\/li>\r\n\r\n\r\n\r\n<li>Corrosione: A causa dell'umidit\u00e0 e delle condizioni difficili.<\/li>\r\n\r\n\r\n\r\n<li>Disallineamento: Risultano da un'installazione non corretta o da problemi strutturali.<\/li>\r\n<\/ul>\r\n<h3 class=\"wp-block-heading\">\r\n\r\n<\/h3>\r\n<h2 class=\"wp-block-heading\">Conclusione<\/h2>\r\n<h3 class=\"wp-block-heading\">\r\n\r\n<\/h3>\r\n<p><a href=\"https:\/\/swingbearing.net\/it\/cuscinetto-di-oscillazione-dellescavatore\/\">Cuscinetti di rotazione per escavatori<\/a> sono fondamentali per la funzionalit\u00e0 e l'efficienza degli escavatori. Conoscere la loro struttura, i tipi, l'importanza, la manutenzione e i problemi pi\u00f9 comuni \u00e8 essenziale per ottenere prestazioni ottimali. Una manutenzione adeguata e la risoluzione tempestiva dei problemi possono prolungare la durata e l'affidabilit\u00e0 di questi cuscinetti, migliorando la produttivit\u00e0.<\/p>\r\n<h3 class=\"wp-block-heading\">?<\/h3>\r\n<p><\/p>","protected":false},"excerpt":{"rendered":"<p><strong><b>Parte<\/b><\/strong> #: 14577178<br \/><strong><b>Fare<\/b><\/strong>: KOMATSU<br \/><strong><b>Modello<\/b><\/strong>EC210BLC <br \/><strong><b>Condizione<\/b><\/strong>: Nuovo<\/p>","protected":false},"featured_media":2928,"template":"","meta":[],"product_brand":[],"product_cat":[68],"product_tag":[],"class_list":{"0":"post-3935","1":"product","2":"type-product","3":"status-publish","4":"has-post-thumbnail","6":"product_cat-volvo-excavator-swing-bearing","8":"first","9":"instock","10":"shipping-taxable","11":"product-type-simple"},"_links":{"self":[{"href":"https:\/\/swingbearing.net\/it\/wp-json\/wp\/v2\/product\/3935","targetHints":{"allow":["GET"]}}],"collection":[{"href":"https:\/\/swingbearing.net\/it\/wp-json\/wp\/v2\/product"}],"about":[{"href":"https:\/\/swingbearing.net\/it\/wp-json\/wp\/v2\/types\/product"}],"wp:featuredmedia":[{"embeddable":true,"href":"https:\/\/swingbearing.net\/it\/wp-json\/wp\/v2\/media\/2928"}],"wp:attachment":[{"href":"https:\/\/swingbearing.net\/it\/wp-json\/wp\/v2\/media?parent=3935"}],"wp:term":[{"taxonomy":"product_brand","embeddable":true,"href":"https:\/\/swingbearing.net\/it\/wp-json\/wp\/v2\/product_brand?post=3935"},{"taxonomy":"product_cat","embeddable":true,"href":"https:\/\/swingbearing.net\/it\/wp-json\/wp\/v2\/product_cat?post=3935"},{"taxonomy":"product_tag","embeddable":true,"href":"https:\/\/swingbearing.net\/it\/wp-json\/wp\/v2\/product_tag?post=3935"}],"curies":[{"name":"wp","href":"https:\/\/api.w.org\/{rel}","templated":true}]}}