{"id":579,"date":"2023-09-27T05:49:33","date_gmt":"2023-09-27T05:49:33","guid":{"rendered":"https:\/\/swingbearing.net\/?post_type=product&#038;p=579"},"modified":"2024-05-15T06:39:37","modified_gmt":"2024-05-15T06:39:37","slug":"swing-bearing-sumitomo","status":"publish","type":"product","link":"https:\/\/swingbearing.net\/fr\/produit\/palier-oscillant-sumitomo\/","title":{"rendered":"Palier pivotant SUMITOMO"},"content":{"rendered":"<h2 class=\"has-text-align-center\" style=\"text-align: center;\">Param\u00e8tres du roulement SUMITOMO Swing<\/h2>\n<figure class=\"wp-block-table is-style-stripes has-small-font-size\">\n<table class=\"has-cyan-bluish-gray-background-color has-background\">\n<tbody>\n<tr>\n<td>Diam\u00e8tre ext\u00e9rieur Da<\/td>\n<td>Diam\u00e8tre int\u00e9rieur Di<\/td>\n<td>Hauteur de montage H<\/td>\n<td>D\u00e9signation<\/td>\n<\/tr>\n<tr>\n<td>615<\/td>\n<td>451<\/td>\n<td>53<\/td>\n<td>SH50<\/td>\n<\/tr>\n<tr>\n<td>766<\/td>\n<td>560<\/td>\n<td>97<\/td>\n<td>SH60-1<\/td>\n<\/tr>\n<tr>\n<td>1169<\/td>\n<td>971<\/td>\n<td>75<\/td>\n<td>SH120A1<\/td>\n<\/tr>\n<tr>\n<td>1171<\/td>\n<td>973<\/td>\n<td>88<\/td>\n<td>SH120A2<\/td>\n<\/tr>\n<tr>\n<td>1171<\/td>\n<td>973<\/td>\n<td>78<\/td>\n<td>SH120A3<\/td>\n<\/tr>\n<tr>\n<td>1171<\/td>\n<td>973<\/td>\n<td>88<\/td>\n<td>SH120-1<\/td>\n<\/tr>\n<tr>\n<td>1171<\/td>\n<td>973<\/td>\n<td>88<\/td>\n<td>SH120-2<\/td>\n<\/tr>\n<tr>\n<td>1171<\/td>\n<td>973<\/td>\n<td>84<\/td>\n<td>SH265<\/td>\n<\/tr>\n<tr>\n<td>1171<\/td>\n<td>973<\/td>\n<td>84<\/td>\n<td>SH260<\/td>\n<\/tr>\n<tr>\n<td>1330<\/td>\n<td>1093<\/td>\n<td>102<\/td>\n<td>SH200A1a<\/td>\n<\/tr>\n<tr>\n<td>1330<\/td>\n<td>1093<\/td>\n<td>102<\/td>\n<td>SH200A1b<\/td>\n<\/tr>\n<tr>\n<td>1330<\/td>\n<td>1093<\/td>\n<td>102<\/td>\n<td>SH200A2<\/td>\n<\/tr>\n<tr>\n<td>1330<\/td>\n<td>1093<\/td>\n<td>102.5<\/td>\n<td>SH200A3<\/td>\n<\/tr>\n<tr>\n<td>1330<\/td>\n<td>1093<\/td>\n<td>102<\/td>\n<td>SH200C2<\/td>\n<\/tr>\n<tr>\n<td>1330<\/td>\n<td>1093<\/td>\n<td>102<\/td>\n<td>SH200C3<\/td>\n<\/tr>\n<tr>\n<td>1330<\/td>\n<td>1093<\/td>\n<td>102<\/td>\n<td>SH200Z3<\/td>\n<\/tr>\n<tr>\n<td>1375<\/td>\n<td>1095<\/td>\n<td>123<\/td>\n<td>SH220-2<\/td>\n<\/tr>\n<tr>\n<td>1330<\/td>\n<td>1084<\/td>\n<td>103<\/td>\n<td>210-5<\/td>\n<\/tr>\n<tr>\n<td>1330<\/td>\n<td>1084<\/td>\n<td>103<\/td>\n<td>210-5<\/td>\n<\/tr>\n<tr>\n<td>1375<\/td>\n<td>1094<\/td>\n<td>121<\/td>\n<td>SH220-3<\/td>\n<\/tr>\n<tr>\n<td>1329<\/td>\n<td>1093<\/td>\n<td>103<\/td>\n<td>SH225<\/td>\n<\/tr>\n<tr>\n<td>1376<\/td>\n<td>1092<\/td>\n<td>123<\/td>\n<td>SH240-3<\/td>\n<\/tr>\n<tr>\n<td>1377<\/td>\n<td>1094<\/td>\n<td>123<\/td>\n<td>SH240-5<\/td>\n<\/tr>\n<tr>\n<td>1330<\/td>\n<td>1082<\/td>\n<td>99<\/td>\n<td>SH280<\/td>\n<\/tr>\n<tr>\n<td>1510<\/td>\n<td>1193<\/td>\n<td>135<\/td>\n<td>SH350<\/td>\n<\/tr>\n<tr>\n<td>1463<\/td>\n<td>1191<\/td>\n<td>135<\/td>\n<td>SH430<\/td>\n<\/tr>\n<\/tbody>\n<\/table>\n<\/figure>\n<p>Si vous \u00eates \u00e0 la recherche de roulements d'oscillation de haute qualit\u00e9 pour votre excavateur, ne cherchez pas plus loin que SUMITOMO. Leurs roulements d'oscillation pour excavateurs sont con\u00e7us et fabriqu\u00e9s selon les normes les plus strictes, garantissant des performances fiables et durables, m\u00eame dans les applications les plus exigeantes.<\/p>\n<p>SUMITOMO propose une large gamme de roulements \u00e0 billes pour pelles hydrauliques adapt\u00e9s \u00e0 diff\u00e9rents mod\u00e8les, notamment les SH55, SH60, SH75, SH50, SH100, SH120, SH125, SH135, SH140, SH145, SH200, SH200-3-5, SH220-2-3, SH240, SH225, SH260, SH265, SH280, SH300, SH340, SH350, SH400, SH430, SH450, SH40T, SH60-1, SH100A1, SH120, SH120A1, SH120A2, SH120A3, SH200A1, SH200A3, SH210A3, SH210A5, SH220-2, SH220-3, SH225, SH260, SH265, SH240-5, SH340, SH300A2 et SH350.<\/p>\n<p>Ces roulements d'orientation pour excavateurs sont fabriqu\u00e9s \u00e0 l'aide de mat\u00e9riaux de haute qualit\u00e9 et de techniques d'ing\u00e9nierie de pr\u00e9cision, garantissant des performances et une durabilit\u00e9 sup\u00e9rieures. Le roulement de la plaque tournante est l'un des composants les plus critiques d'une excavatrice, et les roulements d'orientation SUMITOMO sont con\u00e7us pour r\u00e9sister aux rigueurs des applications lourdes.<br \/>\nL'un des principaux avantages des paliers d'oscillation SUMITOMO pour excavateurs est leur excellente capacit\u00e9 de charge. Les roulements sont con\u00e7us pour supporter des charges axiales et radiales \u00e9lev\u00e9es, ce qui les rend id\u00e9aux pour les applications exigeantes. En outre, les roulements sont con\u00e7us pour fonctionner \u00e0 des vitesses \u00e9lev\u00e9es, ce qui permet d'acc\u00e9l\u00e9rer les cycles et d'am\u00e9liorer la productivit\u00e9.<\/p>\n<p>Un autre avantage cl\u00e9 des paliers d'oscillation SUMITOMO pour excavateurs est leur faible frottement et leur haute pr\u00e9cision. Ces caract\u00e9ristiques contribuent \u00e0 minimiser l'usure des roulements, \u00e0 r\u00e9duire les co\u00fbts de maintenance et \u00e0 prolonger la dur\u00e9e de vie des roulements. En conclusion, si vous \u00eates \u00e0 la recherche d'une couronne d'orientation pour excavateur fiable et de haute qualit\u00e9, SUMITOMO est un excellent choix. Leurs produits sont con\u00e7us pour r\u00e9pondre aux exigences des applications lourdes et offrent une excellente capacit\u00e9 de charge, un faible frottement et une grande pr\u00e9cision. Ainsi, que vous travailliez dans la construction, l'exploitation mini\u00e8re ou toute autre industrie lourde, les couronnes d'orientation pour excavateurs SUMITOMO peuvent vous aider \u00e0 accomplir votre travail de mani\u00e8re efficace et fiable.<\/p>\n<p>Nous pouvons vous proposer des roulements alternatifs pour vos\u00a0 <a href=\"https:\/\/national-bearing.com\/excavator-swing-bearings-slewing-rings-cat\/\" target=\"_blank\" rel=\"noopener\">CAT<\/a>HITACHI, KOMATSU, KOBELCO, HYUNDAI, VOLVO, DOOSAN, DAEWOO, JCB, CASE, SUMITOMO, KATO... Il y a des centaines de types normaux et non normaux parmi lesquels vous pouvez choisir.<\/p>\n<figure class=\"wp-block-table aligncenter\"><\/figure>","protected":false},"excerpt":{"rendered":"<p>SUMITOMO Palier oscillant<br \/>\nMod\u00e8le : SH430, SH350, SH280<br \/>\nSH265,SH240-5, SH240-3,SH225<\/p>","protected":false},"featured_media":136,"template":"","meta":[],"product_brand":[],"product_cat":[22,58],"product_tag":[],"class_list":{"0":"post-579","1":"product","2":"type-product","3":"status-publish","4":"has-post-thumbnail","6":"product_cat-swing-bearing","7":"product_cat-cat-excavator-swing-bearing","9":"first","10":"instock","11":"shipping-taxable","12":"product-type-simple"},"_links":{"self":[{"href":"https:\/\/swingbearing.net\/fr\/wp-json\/wp\/v2\/product\/579","targetHints":{"allow":["GET"]}}],"collection":[{"href":"https:\/\/swingbearing.net\/fr\/wp-json\/wp\/v2\/product"}],"about":[{"href":"https:\/\/swingbearing.net\/fr\/wp-json\/wp\/v2\/types\/product"}],"wp:featuredmedia":[{"embeddable":true,"href":"https:\/\/swingbearing.net\/fr\/wp-json\/wp\/v2\/media\/136"}],"wp:attachment":[{"href":"https:\/\/swingbearing.net\/fr\/wp-json\/wp\/v2\/media?parent=579"}],"wp:term":[{"taxonomy":"product_brand","embeddable":true,"href":"https:\/\/swingbearing.net\/fr\/wp-json\/wp\/v2\/product_brand?post=579"},{"taxonomy":"product_cat","embeddable":true,"href":"https:\/\/swingbearing.net\/fr\/wp-json\/wp\/v2\/product_cat?post=579"},{"taxonomy":"product_tag","embeddable":true,"href":"https:\/\/swingbearing.net\/fr\/wp-json\/wp\/v2\/product_tag?post=579"}],"curies":[{"name":"wp","href":"https:\/\/api.w.org\/{rel}","templated":true}]}}