{"id":577,"date":"2023-09-27T05:44:31","date_gmt":"2023-09-27T05:44:31","guid":{"rendered":"https:\/\/swingbearing.net\/?post_type=product&#038;p=577"},"modified":"2024-05-15T06:41:28","modified_gmt":"2024-05-15T06:41:28","slug":"swing-bearing-yuchai","status":"publish","type":"product","link":"https:\/\/swingbearing.net\/fr\/produit\/swing-bearing-yuchai\/","title":{"rendered":"Roulement \u00e0 billes YUCHAI"},"content":{"rendered":"<h4 style=\"text-align: center;\">Param\u00e8tres des roulements HITACHI Swing<\/h4>\n<figure class=\"wp-block-table is-style-stripes has-small-font-size\">\n<table class=\"has-cyan-bluish-gray-background-color has-background\">\n<tbody>\n<tr>\n<td>Diam\u00e8tre ext\u00e9rieur (Da)<\/td>\n<td>Diam\u00e8tre int\u00e9rieur (Di)<\/td>\n<td>Hauteur de montage (H)<\/td>\n<td>D\u00e9signation<\/td>\n<\/tr>\n<tr>\n<td>545<\/td>\n<td>380<\/td>\n<td>50<\/td>\n<td>YC13<\/td>\n<\/tr>\n<tr>\n<td>573<\/td>\n<td>380<\/td>\n<td>55<\/td>\n<td>YC15<\/td>\n<\/tr>\n<tr>\n<td>573<\/td>\n<td>380<\/td>\n<td>55<\/td>\n<td>YC18-3<\/td>\n<\/tr>\n<tr>\n<td>573<\/td>\n<td>380<\/td>\n<td>55<\/td>\n<td>YC20<\/td>\n<\/tr>\n<tr>\n<td>640<\/td>\n<td>473<\/td>\n<td>55<\/td>\n<td>YC35<\/td>\n<\/tr>\n<tr>\n<td>640<\/td>\n<td>471<\/td>\n<td>55<\/td>\n<td>YC35<\/td>\n<\/tr>\n<tr>\n<td>800<\/td>\n<td>590<\/td>\n<td>70<\/td>\n<td>YC55<\/td>\n<\/tr>\n<tr>\n<td>800<\/td>\n<td>590<\/td>\n<td>70<\/td>\n<td>YC60(86Z)<\/td>\n<\/tr>\n<tr>\n<td>812<\/td>\n<td>623<\/td>\n<td>75<\/td>\n<td>YC6-5T(90Z)<\/td>\n<\/tr>\n<tr>\n<td>811<\/td>\n<td>621<\/td>\n<td>75<\/td>\n<td>YC65-2<\/td>\n<\/tr>\n<tr>\n<td>922<\/td>\n<td>635<\/td>\n<td>104<\/td>\n<td>YC85<\/td>\n<\/tr>\n<tr>\n<td>922<\/td>\n<td>635<\/td>\n<td>104<\/td>\n<td>YC85-3<\/td>\n<\/tr>\n<tr>\n<td>922<\/td>\n<td>635<\/td>\n<td>104<\/td>\n<td>YC85-5<\/td>\n<\/tr>\n<tr>\n<td>922<\/td>\n<td>635<\/td>\n<td>104<\/td>\n<td>YC85-6<\/td>\n<\/tr>\n<tr>\n<td>922<\/td>\n<td>635<\/td>\n<td>104<\/td>\n<td>YC85-7<\/td>\n<\/tr>\n<tr>\n<td>1195<\/td>\n<td>963<\/td>\n<td>85<\/td>\n<td>YC135,10T<\/td>\n<\/tr>\n<tr>\n<td>1323<\/td>\n<td>1071<\/td>\n<td>104<\/td>\n<td>YC210-8<\/td>\n<\/tr>\n<tr>\n<td>1327<\/td>\n<td>1083<\/td>\n<td>110<\/td>\n<td>YC230-8<\/td>\n<\/tr>\n<tr>\n<td>1534<\/td>\n<td>1238<\/td>\n<td>125<\/td>\n<td>YC350<\/td>\n<\/tr>\n<tr>\n<td>1327<\/td>\n<td>1083<\/td>\n<td>110<\/td>\n<td>YC225<\/td>\n<\/tr>\n<tr>\n<td>1534<\/td>\n<td>1238<\/td>\n<td>125<\/td>\n<td>YC400-8<\/td>\n<\/tr>\n<\/tbody>\n<\/table>\n<\/figure>\n<p>Vous \u00eates \u00e0 la recherche de roulements \u00e0 billes de haute qualit\u00e9 pour excavateurs ? Ne cherchez pas plus loin que Yuchai ! Gr\u00e2ce \u00e0 notre technologie avanc\u00e9e et \u00e0 notre vaste exp\u00e9rience dans le domaine, nous sommes fiers de proposer une large gamme de couronnes d'orientation de qualit\u00e9 sup\u00e9rieure pour les excavateurs de toutes tailles et de tous mod\u00e8les.<br \/>\nNos couronnes d'orientation sont fabriqu\u00e9es \u00e0 l'aide de mat\u00e9riaux et de m\u00e9thodes de production de la plus haute qualit\u00e9 afin de garantir des performances et une fiabilit\u00e9 durables. Que vous ayez besoin d'un roulement d'orientation pour les mod\u00e8les de pelles YC13, YC18, YC18-3, YC35, YC45, YC55, YC65, YC65-2, YC85, YC85-3, YC135, YC225LC, ou YC230, nous avons la solution parfaite pour vos besoins.<\/p>\n<p>Nos paliers oscillants sont con\u00e7us pour r\u00e9sister aux conditions de travail les plus difficiles, garantissant des performances optimales et une grande long\u00e9vit\u00e9. Nous proposons une large gamme de tailles et de configurations pour convenir \u00e0 tous les types de pelles, qu'elles soient petites et compactes ou grandes et robustes.<br \/>\nNotre gamme de roulements d'orientation pour excavateurs comprend des roulements de bague d'oscillation, des roulements de table tournante et des roulements de bague d'orientation, <a href=\"https:\/\/swingbearing.net\/fr\/gear-box-parts\/\">pi\u00e8ces pour excavateurs<\/a> roulements \u00e0 billes et bien plus encore. Quels que soient vos besoins, nous avons la solution parfaite pour y r\u00e9pondre.<\/p>\n<p>Chez Yuchai, nous nous engageons \u00e0 fournir \u00e0 nos clients des produits de la plus haute qualit\u00e9 et le meilleur service possible. Notre \u00e9quipe d'experts est toujours \u00e0 votre disposition pour r\u00e9pondre \u00e0 vos questions et vous aider \u00e0 trouver la solution parfaite pour vos besoins en mati\u00e8re de pelleteuses.<\/p>\n<p>Alors pourquoi attendre ? Contactez-nous d\u00e8s aujourd'hui pour en savoir plus sur notre gamme de couronnes d'orientation pour pelles et pour d\u00e9couvrir comment nous pouvons vous aider \u00e0 porter les performances de vos pelles \u00e0 un niveau sup\u00e9rieur. Nous sommes impatients de travailler avec vous !<\/p>\n<p>Nous pouvons fournir des cercles d'oscillation alternatifs pour vos CAT, HITACHI, KOMATSU, KOBELCO, HYUNDAI, VOLVO, DOOSAN, DAEWOO, JCB, CASE, SUMITOMO, KATO, ainsi que des centaines de types normaux et non standard.<\/p>\n<figure class=\"wp-block-image size-full is-resized\"><a href=\"https:\/\/swingbearing.net\/fr\/swing-bearing\/\"><img decoding=\"async\" class=\"alignnone wp-image-177\" src=\"https:\/\/national-bearing.com\/wp-content\/uploads\/2023\/04\/0001.jpg\" sizes=\"(max-width: 843px) 100vw, 843px\" srcset=\"https:\/\/national-bearing.com\/wp-content\/uploads\/2023\/04\/0001.jpg 600w, https:\/\/national-bearing.com\/wp-content\/uploads\/2023\/04\/0001-300x200.jpg 300w\" alt=\"\" width=\"462\" height=\"308\" \/><\/a><\/figure>","protected":false},"excerpt":{"rendered":"<p>YUCHAI Roulement pivotant<br \/>\nModel:YC400-8,YC225,YC230-8<br \/>\nYC350,YC210-8,YC85-7,YC85-5<\/p>","protected":false},"featured_media":136,"template":"","meta":[],"product_brand":[],"product_cat":[22],"product_tag":[],"class_list":{"0":"post-577","1":"product","2":"type-product","3":"status-publish","4":"has-post-thumbnail","6":"product_cat-swing-bearing","8":"first","9":"instock","10":"shipping-taxable","11":"product-type-simple"},"_links":{"self":[{"href":"https:\/\/swingbearing.net\/fr\/wp-json\/wp\/v2\/product\/577","targetHints":{"allow":["GET"]}}],"collection":[{"href":"https:\/\/swingbearing.net\/fr\/wp-json\/wp\/v2\/product"}],"about":[{"href":"https:\/\/swingbearing.net\/fr\/wp-json\/wp\/v2\/types\/product"}],"wp:featuredmedia":[{"embeddable":true,"href":"https:\/\/swingbearing.net\/fr\/wp-json\/wp\/v2\/media\/136"}],"wp:attachment":[{"href":"https:\/\/swingbearing.net\/fr\/wp-json\/wp\/v2\/media?parent=577"}],"wp:term":[{"taxonomy":"product_brand","embeddable":true,"href":"https:\/\/swingbearing.net\/fr\/wp-json\/wp\/v2\/product_brand?post=577"},{"taxonomy":"product_cat","embeddable":true,"href":"https:\/\/swingbearing.net\/fr\/wp-json\/wp\/v2\/product_cat?post=577"},{"taxonomy":"product_tag","embeddable":true,"href":"https:\/\/swingbearing.net\/fr\/wp-json\/wp\/v2\/product_tag?post=577"}],"curies":[{"name":"wp","href":"https:\/\/api.w.org\/{rel}","templated":true}]}}