{"id":575,"date":"2023-09-27T05:22:14","date_gmt":"2023-09-27T05:22:14","guid":{"rendered":"https:\/\/swingbearing.net\/?post_type=product&#038;p=575"},"modified":"2024-05-15T06:44:50","modified_gmt":"2024-05-15T06:44:50","slug":"swing-bearing-liugong","status":"publish","type":"product","link":"https:\/\/swingbearing.net\/fr\/produit\/palier-oscillant-liugong\/","title":{"rendered":"Palier oscillant LIUGONG"},"content":{"rendered":"<h2 style=\"text-align: center;\">LIUGONG Swing Bearing Parameters<\/h2>\n<figure class=\"wp-block-table is-style-stripes has-small-font-size\">\n<table class=\"has-cyan-bluish-gray-background-color has-background\">\n<tbody>\n<tr>\n<td width=\"52\">Mod\u00e8le<\/td>\n<td width=\"62\">Num\u00e9ro de pi\u00e8ce<\/td>\n<td width=\"81\">Diam\u00e8tre ext\u00e9rieur<\/td>\n<td width=\"111\">Diam\u00e8tre int\u00e9rieur<\/td>\n<td width=\"77\">Hauteur totale<\/td>\n<td width=\"77\">Hauteur ext\u00e9rieure<\/td>\n<td width=\"104\">Hauteur int\u00e9rieure<\/td>\n<td width=\"141\">Param\u00e8tres du trou ext\u00e9rieur<\/td>\n<td width=\"103\">Param\u00e8tres du trou int\u00e9rieur<\/td>\n<td width=\"85\">Nombre de dents<\/td>\n<\/tr>\n<tr>\n<td width=\"52\">922<\/td>\n<td width=\"62\">26b0272<\/td>\n<td width=\"81\">1405<\/td>\n<td width=\"111\">1129<\/td>\n<td width=\"77\">100<\/td>\n<td width=\"77\">70<\/td>\n<td width=\"104\">90<\/td>\n<td width=\"141\">36-\u03c624 in\u00e9gale<\/td>\n<td width=\"103\">36-M22<\/td>\n<td width=\"85\">95<\/td>\n<\/tr>\n<tr>\n<td width=\"52\">922<\/td>\n<td width=\"62\">26b0122<\/td>\n<td width=\"81\">1405<\/td>\n<td width=\"111\">1129<\/td>\n<td width=\"77\">100<\/td>\n<td width=\"77\">70<\/td>\n<td width=\"104\">90<\/td>\n<td width=\"141\">36-\u03c624 in\u00e9gale<\/td>\n<td width=\"103\">36-M22<\/td>\n<td width=\"85\">95<\/td>\n<\/tr>\n<tr>\n<td width=\"52\">922<\/td>\n<td width=\"62\">26b0010<\/td>\n<td width=\"81\">1405<\/td>\n<td width=\"111\">1129<\/td>\n<td width=\"77\">100<\/td>\n<td width=\"77\">70<\/td>\n<td width=\"104\">90<\/td>\n<td width=\"141\">36 R\u00e9partition homog\u00e8ne<\/td>\n<td width=\"103\">36-M22<\/td>\n<td width=\"85\">91<\/td>\n<\/tr>\n<tr>\n<td width=\"52\">LG922D<\/td>\n<td width=\"62\">26B0122<\/td>\n<td width=\"81\">1405<\/td>\n<td width=\"111\">1129<\/td>\n<td width=\"77\">100<\/td>\n<td width=\"77\">70<\/td>\n<td width=\"104\">90<\/td>\n<td width=\"141\">36-\u03c624 in\u00e9gale<\/td>\n<td width=\"103\">36-M22<\/td>\n<td width=\"85\">95<\/td>\n<\/tr>\n<tr>\n<td width=\"52\"><strong><b>936D<\/b><\/strong><\/td>\n<td width=\"62\">26B0120<\/td>\n<td width=\"81\">1658<\/td>\n<td width=\"111\">1334.3<\/td>\n<td width=\"77\">125<\/td>\n<td width=\"77\">82<\/td>\n<td width=\"104\">115<\/td>\n<td width=\"141\">40-\u03c626 in\u00e9gale<\/td>\n<td width=\"103\">40-M24 R\u00e9partition homog\u00e8ne<\/td>\n<td width=\"85\">97<\/td>\n<\/tr>\n<\/tbody>\n<\/table>\n<\/figure>\n<h5 class=\"wp-block-heading has-medium-font-size\">Roulements pivotants de pelleteuse Liugong<\/h5>\n<p>Liugong Excavator Swing Bearing : Un choix durable et fiable pour votre pelleteuse<br \/>\nLes paliers oscillants, \u00e9galement connus sous le nom de paliers de table tournante, sont un composant essentiel des excavateurs. Ces roulements permettent \u00e0 la structure sup\u00e9rieure de la pelle de tourner en douceur et en toute s\u00e9curit\u00e9. Les roulements d'orientation des pelles jouent un r\u00f4le crucial dans les performances et la fiabilit\u00e9 de la machine. C'est pourquoi le choix de couronnes d'orientation de haute qualit\u00e9 est essentiel pour la long\u00e9vit\u00e9 et l'efficacit\u00e9 de votre excavatrice.<br \/>\nLiugong est une marque r\u00e9put\u00e9e dans l'industrie des \u00e9quipements de construction et propose une gamme de couronnes d'orientation pour excavateurs qui sont connues pour leur durabilit\u00e9 et leur fiabilit\u00e9. Les paliers d'orientation pour excavateurs Liugong sont con\u00e7us pour r\u00e9sister \u00e0 des conditions difficiles et \u00e0 de lourdes charges, ce qui permet \u00e0 votre excavateur de faire face \u00e0 tous les travaux, petits ou grands.<\/p>\n<h5 class=\"wp-block-heading has-medium-font-size\">Mod\u00e8le de roulement de balancier d'excavateur applicable<\/h5>\n<p class=\"has-text-align-left\">Les mod\u00e8les suivants de paliers oscillants pour excavateurs Liugong sont disponibles : CLG904, CLG9055, CLG906, CLG907, CLG9075, CLG908, CLG915, CLG150, CLG920, CLG921, CLG922, CLG225, CLG924, CLG925, CLG933, CLG936, CLG939, CLG942, CLG948, CLG950, CLG952, CLG200, CLG205, CLG220 et CLG225.<br \/>\nCes roulements d'orientation Liugong pour excavateurs sont con\u00e7us avec pr\u00e9cision et exactitude pour garantir des performances et une durabilit\u00e9 optimales. Fabriqu\u00e9es \u00e0 partir de mat\u00e9riaux de haute qualit\u00e9, elles peuvent r\u00e9sister \u00e0 des conditions m\u00e9t\u00e9orologiques extr\u00eames et \u00e0 des applications intensives.<br \/>\nL'engagement de Liugong en faveur de la qualit\u00e9 et de la fiabilit\u00e9 se refl\u00e8te dans tous les aspects de ses produits, et les roulements oscillants pour excavateurs ne font pas exception \u00e0 la r\u00e8gle. Ils sont con\u00e7us pour offrir une excellente capacit\u00e9 de charge et une grande pr\u00e9cision, garantissant ainsi le bon fonctionnement et l'efficacit\u00e9 de votre excavatrice.<br \/>\nOutre leurs avantages en termes de performances, les couronnes d'orientation Liugong pour excavateurs sont \u00e9galement faciles \u00e0 installer et n\u00e9cessitent un entretien minimal, ce qui r\u00e9duit les temps d'arr\u00eat et les co\u00fbts de r\u00e9paration.<br \/>\nLorsqu'il s'agit de s\u00e9lectionner des pi\u00e8ces d'excavateur, le choix d'une marque de haute qualit\u00e9 comme Liugong est crucial pour la long\u00e9vit\u00e9 et la fiabilit\u00e9 de votre machine. Les paliers oscillants pour excavateurs Liugong sont con\u00e7us pour offrir les meilleures performances, la meilleure durabilit\u00e9 et la meilleure fiabilit\u00e9, ce qui en fait un excellent choix pour tout projet d'excavation.<br \/>\nEn conclusion, si vous \u00eates \u00e0 la recherche de couronnes d'orientation pour excavateurs de haute qualit\u00e9, ne cherchez pas plus loin que Liugong. Gr\u00e2ce \u00e0 leur gamme de roulements de couronne d'orientation durables et fiables, vous pouvez \u00eatre s\u00fbr que votre excavatrice fonctionnera efficacement et en douceur, en vous offrant les performances et la fiabilit\u00e9 dont vous avez besoin pour accomplir votre travail.<br \/>\nNous pouvons vous proposer d'autres cercles de pivotement pour votre ,<a href=\"https:\/\/national-bearing.com\/excavator-swing-bearings-slewing-rings-cat\/\" target=\"_blank\" rel=\"noopener\">\u00a0CAT<\/a>HITACHI, KOMATSU, KOBELCO, HYUNDAI, VOLVO, DOOSAN, DAEWOO, JCB, CASE, SUMITOMO, KATO, ,Il existe des centaines de types normaux et non normaux, plus de 1000, que vous pouvez choisir.<\/p>\n<figure class=\"wp-block-image size-full\"><\/figure>\n<p>Nous pouvons \u00eatre \u00e0 votre service pour tout type, mod\u00e8le ou marque de couronnes d'orientation, contactez-nous d\u00e8s aujourd'hui pour toute question relative \u00e0 vos besoins.<\/p>\n<figure class=\"wp-block-table\">\n<table>\n<tbody>\n<tr>\n<td><img decoding=\"async\" class=\"wp-image-177\" src=\"https:\/\/national-bearing.com\/wp-content\/uploads\/2023\/04\/0001.jpg\" sizes=\"(max-width: 600px) 100vw, 600px\" srcset=\"https:\/\/national-bearing.com\/wp-content\/uploads\/2023\/04\/0001.jpg 600w, https:\/\/national-bearing.com\/wp-content\/uploads\/2023\/04\/0001-300x200.jpg 300w\" alt=\"palier d&#039;oscillation pour excavateur \" width=\"600\" height=\"400\" \/><\/td>\n<td><img decoding=\"async\" class=\"wp-image-643\" src=\"https:\/\/national-bearing.com\/wp-content\/uploads\/2023\/04\/66.jpg\" sizes=\"(max-width: 600px) 100vw, 600px\" srcset=\"https:\/\/national-bearing.com\/wp-content\/uploads\/2023\/04\/66.jpg 600w, https:\/\/national-bearing.com\/wp-content\/uploads\/2023\/04\/66-300x200.jpg 300w\" alt=\"mesure du palier d&#039;oscillation de l&#039;excavateur\" width=\"600\" height=\"400\" \/><\/td>\n<\/tr>\n<\/tbody>\n<\/table>\n<\/figure>","protected":false},"excerpt":{"rendered":"<p>LIUGONG Palier oscillant<br \/>\nModel:CLG950,CLG948,LG922D<br \/>\nCLG907,CLG9075,CLG952,CLG904<\/p>","protected":false},"featured_media":136,"template":"","meta":[],"product_brand":[],"product_cat":[22,73],"product_tag":[],"class_list":{"0":"post-575","1":"product","2":"type-product","3":"status-publish","4":"has-post-thumbnail","6":"product_cat-swing-bearing","7":"product_cat-liugong-excavator-swing-bearing","9":"first","10":"instock","11":"shipping-taxable","12":"product-type-simple"},"_links":{"self":[{"href":"https:\/\/swingbearing.net\/fr\/wp-json\/wp\/v2\/product\/575","targetHints":{"allow":["GET"]}}],"collection":[{"href":"https:\/\/swingbearing.net\/fr\/wp-json\/wp\/v2\/product"}],"about":[{"href":"https:\/\/swingbearing.net\/fr\/wp-json\/wp\/v2\/types\/product"}],"wp:featuredmedia":[{"embeddable":true,"href":"https:\/\/swingbearing.net\/fr\/wp-json\/wp\/v2\/media\/136"}],"wp:attachment":[{"href":"https:\/\/swingbearing.net\/fr\/wp-json\/wp\/v2\/media?parent=575"}],"wp:term":[{"taxonomy":"product_brand","embeddable":true,"href":"https:\/\/swingbearing.net\/fr\/wp-json\/wp\/v2\/product_brand?post=575"},{"taxonomy":"product_cat","embeddable":true,"href":"https:\/\/swingbearing.net\/fr\/wp-json\/wp\/v2\/product_cat?post=575"},{"taxonomy":"product_tag","embeddable":true,"href":"https:\/\/swingbearing.net\/fr\/wp-json\/wp\/v2\/product_tag?post=575"}],"curies":[{"name":"wp","href":"https:\/\/api.w.org\/{rel}","templated":true}]}}