{"id":574,"date":"2023-09-27T05:19:35","date_gmt":"2023-09-27T05:19:35","guid":{"rendered":"https:\/\/swingbearing.net\/?post_type=product&#038;p=574"},"modified":"2024-06-12T02:15:53","modified_gmt":"2024-06-12T02:15:53","slug":"swing-bearings-sany","status":"publish","type":"product","link":"https:\/\/swingbearing.net\/fr\/produit\/swing-bearings-sany\/","title":{"rendered":"Paliers oscillants SANY"},"content":{"rendered":"<h2 style=\"text-align: center;\">Param\u00e8tres des paliers oscillants SANY<\/h2>\n<figure class=\"wp-block-table is-style-stripes has-small-font-size\">\n<table class=\"has-cyan-bluish-gray-background-color has-background\">\n<tbody>\n<tr>\n<td>Diam\u00e8tre ext\u00e9rieur Da<\/td>\n<td>Diam\u00e8tre int\u00e9rieur Di<\/td>\n<td>Hauteur de montage H<\/td>\n<td>D\u00e9signation<\/td>\n<\/tr>\n<tr>\n<td>811<\/td>\n<td>622<\/td>\n<td>75<\/td>\n<td>SY65<\/td>\n<\/tr>\n<tr>\n<td>810<\/td>\n<td>621<\/td>\n<td>75<\/td>\n<td>SY75(90Z)<\/td>\n<\/tr>\n<tr>\n<td>811<\/td>\n<td>601.6<\/td>\n<td>75<\/td>\n<td>SY75(76Z)<\/td>\n<\/tr>\n<tr>\n<td>1122<\/td>\n<td>821<\/td>\n<td>100<\/td>\n<td>SY135<\/td>\n<\/tr>\n<tr>\n<td>1327<\/td>\n<td>1071<\/td>\n<td>99.5<\/td>\n<td>SY185<\/td>\n<\/tr>\n<tr>\n<td>1327<\/td>\n<td>1071<\/td>\n<td>99.5<\/td>\n<td>SY195<\/td>\n<\/tr>\n<tr>\n<td>1322<\/td>\n<td>1071<\/td>\n<td>100<\/td>\n<td>SY200<\/td>\n<\/tr>\n<tr>\n<td>1327<\/td>\n<td>1071<\/td>\n<td>99.5<\/td>\n<td>SY205<\/td>\n<\/tr>\n<tr>\n<td>1322<\/td>\n<td>1071<\/td>\n<td>100<\/td>\n<td>SY210<\/td>\n<\/tr>\n<tr>\n<td>1322<\/td>\n<td>1071<\/td>\n<td>100<\/td>\n<td>SY215-7<\/td>\n<\/tr>\n<tr>\n<td>1322<\/td>\n<td>1071<\/td>\n<td>100<\/td>\n<td>SY215-8<\/td>\n<\/tr>\n<tr>\n<td>1322<\/td>\n<td>1071<\/td>\n<td>100<\/td>\n<td>SY215-9<\/td>\n<\/tr>\n<tr>\n<td>1320<\/td>\n<td>1071<\/td>\n<td>100<\/td>\n<td>SY215<\/td>\n<\/tr>\n<tr>\n<td>1327<\/td>\n<td>1071<\/td>\n<td>99.5<\/td>\n<td>SY235<\/td>\n<\/tr>\n<tr>\n<td>1532<\/td>\n<td>1235<\/td>\n<td>125<\/td>\n<td>SY300<\/td>\n<\/tr>\n<tr>\n<td>1550<\/td>\n<td>1238<\/td>\n<td>152<\/td>\n<td>SY305<\/td>\n<\/tr>\n<tr>\n<td>1532<\/td>\n<td>1235<\/td>\n<td>125<\/td>\n<td>SY310<\/td>\n<\/tr>\n<tr>\n<td>1550<\/td>\n<td>1238<\/td>\n<td>152<\/td>\n<td>SY335<\/td>\n<\/tr>\n<tr>\n<td>1532<\/td>\n<td>1235<\/td>\n<td>125<\/td>\n<td>SY360<\/td>\n<\/tr>\n<tr>\n<td>1550<\/td>\n<td>1238<\/td>\n<td>152<\/td>\n<td>SY365<\/td>\n<\/tr>\n<tr>\n<td>1550<\/td>\n<td>1238.5<\/td>\n<td>152<\/td>\n<td>SY420<\/td>\n<\/tr>\n<\/tbody>\n<\/table>\n<\/figure>\n<p>Les paliers d'oscillation Sany pour excavateurs sont des composants essentiels du syst\u00e8me d'oscillation de tout excavateur. Ces roulements permettent \u00e0 l'excavatrice de tourner et de pivoter, ce qui permet aux op\u00e9rateurs d'effectuer un large \u00e9ventail de t\u00e2ches de creusage, de levage et de chargement avec facilit\u00e9. Chez Sany, nous proposons une gamme de roulements d'orientation de haute qualit\u00e9 con\u00e7us sp\u00e9cifiquement pour les excavateurs, y compris des mod\u00e8les adapt\u00e9s aux mod\u00e8les d'excavateurs SY55, SY60, SY65, SY70, SY75, SY85, SY95, SY115, SY135, SY155, SY195, SY200, SY205, SY215, SY220, SY225, SY235, SY245, SY285, SY305, SY335, SY365, SY375, SY395, SY415, et SY485.<\/p>\n<p>Nos paliers oscillants pour excavateurs Sany sont con\u00e7us pour offrir des performances optimales et une grande durabilit\u00e9, m\u00eame dans les conditions de travail les plus difficiles. Ils sont fabriqu\u00e9s \u00e0 partir de mat\u00e9riaux de haute qualit\u00e9, notamment de l'acier forg\u00e9 et de l'acier sp\u00e9cial pour roulements, et b\u00e9n\u00e9ficient de processus de fabrication avanc\u00e9s qui garantissent leur pr\u00e9cision, leur fiabilit\u00e9 et leur long\u00e9vit\u00e9.<\/p>\n<p>L'un des principaux avantages de nos couronnes d'orientation pour excavatrices Sany est leur capacit\u00e9 \u00e0 r\u00e9sister \u00e0 de lourdes charges et \u00e0 des conditions de fonctionnement extr\u00eames. Elles sont con\u00e7ues pour r\u00e9sister aux charges axiales et radiales, ainsi qu'\u00e0 des niveaux \u00e9lev\u00e9s de chocs et de vibrations, ce qui les rend id\u00e9ales pour des applications exigeantes telles que l'exploitation mini\u00e8re, la construction et la sylviculture.<\/p>\n<p>En plus de leur r\u00e9sistance et de leur durabilit\u00e9, nos roulements d'orientation pour excavatrice Sany sont \u00e9galement con\u00e7us pour faciliter l'installation et l'entretien. Chez Sany, nous nous engageons \u00e0 fournir \u00e0 nos clients des produits et des services de la plus haute qualit\u00e9, et nos roulements d'orientation d'excavatrice Sany ne font pas exception \u00e0 la r\u00e8gle. Que vous soyez \u00e0 la recherche d'un roulement de remplacement pour une excavatrice existante ou que vous \u00e9quipiez une nouvelle machine, notre \u00e9quipe d'experts peut vous aider \u00e0 trouver la solution parfaite pour r\u00e9pondre \u00e0 vos besoins.<\/p>\n<p>En conclusion, les paliers oscillants pour excavateurs Sany sont des composants essentiels pour tout excavateur, et le choix du bon palier peut faire une diff\u00e9rence significative dans la performance et la long\u00e9vit\u00e9 de votre machine. Avec notre gamme de roulements de haute qualit\u00e9 con\u00e7us sp\u00e9cifiquement pour les excavateurs, vous pouvez \u00eatre s\u00fbr que vous obtenez un produit fiable et durable qui fournira des performances optimales et une long\u00e9vit\u00e9 dans les conditions les plus difficiles.<br \/>\nNous pouvons fournir des couronnes d'orientation alternatives pour votre , CAT,HITACHI, KOMATSU,KOBELCO, HYUNDAI, VOLVO, DOOSAN, DAEWOO, JCB,CASE, SUMITOMO, KATO, ,Il y a des couronnes d'orientation normales et non standard plus de 1000 centaines de types que vous pouvez choisir.<\/p>\n<figure class=\"wp-block-image size-full is-resized\"><img decoding=\"async\" class=\"wp-image-177\" src=\"https:\/\/national-bearing.com\/wp-content\/uploads\/2023\/04\/0001.jpg\" sizes=\"(max-width: 843px) 100vw, 843px\" srcset=\"https:\/\/national-bearing.com\/wp-content\/uploads\/2023\/04\/0001.jpg 600w, https:\/\/national-bearing.com\/wp-content\/uploads\/2023\/04\/0001-300x200.jpg 300w\" alt=\"\" width=\"515\" height=\"343\" \/><\/figure>\n<p>&nbsp;<\/p>","protected":false},"excerpt":{"rendered":"<p>Paliers oscillants SANY<br \/>\nModel:SY485,SY415,SY395<br \/>\nSY365,SY375,SY335,SY310<\/p>","protected":false},"featured_media":136,"template":"","meta":[],"product_brand":[],"product_cat":[22,74],"product_tag":[],"class_list":{"0":"post-574","1":"product","2":"type-product","3":"status-publish","4":"has-post-thumbnail","6":"product_cat-swing-bearing","7":"product_cat-sany-excavator-swing-bearing","9":"first","10":"instock","11":"shipping-taxable","12":"product-type-simple"},"_links":{"self":[{"href":"https:\/\/swingbearing.net\/fr\/wp-json\/wp\/v2\/product\/574","targetHints":{"allow":["GET"]}}],"collection":[{"href":"https:\/\/swingbearing.net\/fr\/wp-json\/wp\/v2\/product"}],"about":[{"href":"https:\/\/swingbearing.net\/fr\/wp-json\/wp\/v2\/types\/product"}],"wp:featuredmedia":[{"embeddable":true,"href":"https:\/\/swingbearing.net\/fr\/wp-json\/wp\/v2\/media\/136"}],"wp:attachment":[{"href":"https:\/\/swingbearing.net\/fr\/wp-json\/wp\/v2\/media?parent=574"}],"wp:term":[{"taxonomy":"product_brand","embeddable":true,"href":"https:\/\/swingbearing.net\/fr\/wp-json\/wp\/v2\/product_brand?post=574"},{"taxonomy":"product_cat","embeddable":true,"href":"https:\/\/swingbearing.net\/fr\/wp-json\/wp\/v2\/product_cat?post=574"},{"taxonomy":"product_tag","embeddable":true,"href":"https:\/\/swingbearing.net\/fr\/wp-json\/wp\/v2\/product_tag?post=574"}],"curies":[{"name":"wp","href":"https:\/\/api.w.org\/{rel}","templated":true}]}}