{"id":572,"date":"2023-09-27T05:08:54","date_gmt":"2023-09-27T05:08:54","guid":{"rendered":"https:\/\/swingbearing.net\/?post_type=product&#038;p=572"},"modified":"2024-05-15T06:51:15","modified_gmt":"2024-05-15T06:51:15","slug":"swing-bearing-case","status":"publish","type":"product","link":"https:\/\/swingbearing.net\/fr\/produit\/swing-bearing-case\/","title":{"rendered":"Palier de pivotement CASE"},"content":{"rendered":"<h2 style=\"text-align: center;\">Param\u00e8tres du palier de pivotement CASE<\/h2>\n<figure class=\"wp-block-table is-style-stripes has-small-font-size\">\n<table class=\"has-cyan-bluish-gray-background-color has-background\">\n<tbody>\n<tr>\n<td style=\"text-align: right;\">Mod\u00e8le<\/td>\n<td style=\"text-align: right;\">Num\u00e9ro de pi\u00e8ce<\/td>\n<td style=\"text-align: right;\">Diam\u00e8tre ext\u00e9rieur<\/td>\n<td style=\"text-align: right;\">Diam\u00e8tre int\u00e9rieur<\/td>\n<td style=\"text-align: right;\">Hauteur totale<\/td>\n<td style=\"text-align: right;\">Hauteur ext\u00e9rieure<\/td>\n<td style=\"text-align: right;\">Hauteur int\u00e9rieure<\/td>\n<td style=\"text-align: right;\">Param\u00e8tres du trou ext\u00e9rieur<\/td>\n<td style=\"text-align: right;\">Param\u00e8tres du trou int\u00e9rieur<\/td>\n<td style=\"text-align: right;\">Nombre de dents<\/td>\n<\/tr>\n<tr>\n<td>CX130<\/td>\n<td>KNB10130<\/td>\n<td>1172<\/td>\n<td>972<\/td>\n<td>88<\/td>\n<td>65<\/td>\n<td>78<\/td>\n<td>28<\/td>\n<td>36<\/td>\n<td>98<\/td>\n<\/tr>\n<tr>\n<td>CX130<\/td>\n<td>KNB 11840<\/td>\n<td>1172<\/td>\n<td>973<\/td>\n<td>88<\/td>\n<td>65<\/td>\n<td>78<\/td>\n<td>28<\/td>\n<td>36<\/td>\n<td>98<\/td>\n<\/tr>\n<tr>\n<td>CX210<\/td>\n<td>KRB1347<\/td>\n<td>1330<\/td>\n<td>1094<\/td>\n<td>103<\/td>\n<td>74<\/td>\n<td>92<\/td>\n<td>31<\/td>\n<td>36<\/td>\n<td>92<\/td>\n<\/tr>\n<tr>\n<td>CX210<\/td>\n<td>KRB1603<\/td>\n<td>1330<\/td>\n<td>1094<\/td>\n<td>103<\/td>\n<td>74<\/td>\n<td>92<\/td>\n<td>31<\/td>\n<td>36<\/td>\n<td>92<\/td>\n<\/tr>\n<tr>\n<td>CX210<\/td>\n<td>KRB10160<\/td>\n<td>1330<\/td>\n<td>1093<\/td>\n<td>102<\/td>\n<td>74<\/td>\n<td>92<\/td>\n<td>31-\u03c622<\/td>\n<td>36-M20<\/td>\n<td>92<\/td>\n<\/tr>\n<tr>\n<td>CX210B<\/td>\n<td>KRB10160<\/td>\n<td>1330<\/td>\n<td>1093<\/td>\n<td>102<\/td>\n<td>74<\/td>\n<td>92<\/td>\n<td>31-\u03c622<\/td>\n<td>36-M20<\/td>\n<td>92<\/td>\n<\/tr>\n<tr>\n<td>CX210<\/td>\n<td>KRB10180<\/td>\n<td>1330<\/td>\n<td>1093<\/td>\n<td>102<\/td>\n<td>74<\/td>\n<td>92<\/td>\n<td>31-\u03c622.5<\/td>\n<td>36-M20<\/td>\n<td>92<\/td>\n<\/tr>\n<tr>\n<td>CX210B<\/td>\n<td>KRB11710<\/td>\n<td>1330<\/td>\n<td>1093<\/td>\n<td>102<\/td>\n<td>74<\/td>\n<td>92<\/td>\n<td>31-\u03c622<\/td>\n<td>36-M20<\/td>\n<td>92<\/td>\n<\/tr>\n<tr>\n<td>CX210C<\/td>\n<td>KRB11710<\/td>\n<td>1330<\/td>\n<td>1093<\/td>\n<td>102<\/td>\n<td>74<\/td>\n<td>92<\/td>\n<td>31-\u03c622<\/td>\n<td>36-M20<\/td>\n<td>92<\/td>\n<\/tr>\n<tr>\n<td>CNH E215<\/td>\n<td>72203516<\/td>\n<td>1312<\/td>\n<td>1082<\/td>\n<td>110<\/td>\n<td>79<\/td>\n<td>98<\/td>\n<td>33<\/td>\n<td>36<\/td>\n<td>110<\/td>\n<\/tr>\n<tr>\n<td>CNH E215<\/td>\n<td>87472588<\/td>\n<td>1312<\/td>\n<td>1082<\/td>\n<td>110<\/td>\n<td>79<\/td>\n<td>98<\/td>\n<td>33<\/td>\n<td>36<\/td>\n<td>110<\/td>\n<\/tr>\n<tr>\n<td>CX240<\/td>\n<td>KBB0878<\/td>\n<td>1375<\/td>\n<td>1094<\/td>\n<td>124<\/td>\n<td>88<\/td>\n<td>114<\/td>\n<td>27-\u03a626<\/td>\n<td>36-M24<\/td>\n<td>92<\/td>\n<\/tr>\n<tr>\n<td>CX240<\/td>\n<td>KBB0282<\/td>\n<td>1375<\/td>\n<td>1094<\/td>\n<td>124<\/td>\n<td>80<\/td>\n<td>114<\/td>\n<td>26-\u03c626<\/td>\n<td>36-M24<\/td>\n<td>92<\/td>\n<\/tr>\n<tr>\n<td>CX240<\/td>\n<td>KBB 10080<\/td>\n<td>1376<\/td>\n<td>1093<\/td>\n<td>125<\/td>\n<td>88<\/td>\n<td>114<\/td>\n<td>27<\/td>\n<td>36<\/td>\n<td>92<\/td>\n<\/tr>\n<tr>\n<td>CX240B<\/td>\n<td>KBB11350<\/td>\n<td>1377<\/td>\n<td>1094<\/td>\n<td>124<\/td>\n<td>88<\/td>\n<td>114<\/td>\n<td>28-26<\/td>\n<td>36-M24<\/td>\n<td>92<\/td>\n<\/tr>\n<tr>\n<td>CX460<\/td>\n<td>KTB10010<\/td>\n<td>1615<\/td>\n<td>1275<\/td>\n<td>145<\/td>\n<td>125<\/td>\n<td>135<\/td>\n<td>41-\u03a626<\/td>\n<td>46-M24<\/td>\n<td>92<\/td>\n<\/tr>\n<tr>\n<td>CX290<\/td>\n<td>KBB10100<\/td>\n<td>1615<\/td>\n<td>1274<\/td>\n<td>122<\/td>\n<td>100<\/td>\n<td>110<\/td>\n<td>41<\/td>\n<td>46<\/td>\n<td>92<\/td>\n<\/tr>\n<\/tbody>\n<\/table>\n<\/figure>\n<p>Les excavatrices sont des machines lourdes utilis\u00e9es pour creuser, d\u00e9placer et soulever de lourdes charges dans les secteurs de la construction, de l'exploitation mini\u00e8re et d'autres industries. L'un des \u00e9l\u00e9ments cl\u00e9s d'une excavatrice est son roulement d'orientation, \u00e9galement connu sous le nom de roulement pivotant, qui permet \u00e0 la machine de pivoter sur 360 degr\u00e9s. Si vous \u00eates \u00e0 la recherche d'un roulement d'orientation de haute qualit\u00e9 pour votre excavatrice CASE, ne cherchez pas plus loin que notre s\u00e9lection de produits.<\/p>\n<p>Notre gamme de paliers oscillants pour les pelles CASE comprend les mod\u00e8les suivants : CX50B, CX55, CX210, CX210B, CX240A et CX240B. Ces roulements sont sp\u00e9cialement con\u00e7us pour s'adapter \u00e0 votre pelle CASE et assurent une rotation r\u00e9guli\u00e8re et fiable, m\u00eame sous de lourdes charges.<br \/>\nNos paliers oscillants pour excavateurs sont fabriqu\u00e9s \u00e0 partir de mat\u00e9riaux de haute qualit\u00e9 afin de garantir une durabilit\u00e9 et des performances maximales. Les composants du roulement de la plaque tournante et du roulement de l'anneau d'oscillation sont usin\u00e9s avec des tol\u00e9rances serr\u00e9es pour assurer un ajustement parfait et un fonctionnement en douceur. En outre, les roulements sont con\u00e7us pour r\u00e9sister \u00e0 l'usure, ce qui les rend id\u00e9aux pour les applications lourdes.<\/p>\n<p>En plus de leur construction de haute qualit\u00e9, nos paliers d'oscillation pour pelles CASE sont faciles \u00e0 installer et \u00e0 entretenir. Ils sont con\u00e7us pour remplacer les pi\u00e8ces du fabricant d'\u00e9quipement d'origine (OEM) sans aucune modification, ce qui facilite l'installation. Nous proposons \u00e9galement une gamme de pi\u00e8ces de rechange pour nos paliers, ce qui vous permet d'assurer le bon fonctionnement de votre excavatrice pendant de nombreuses ann\u00e9es.<\/p>\n<p>Nos roulements d'orientation pour excavateurs sont un composant essentiel du syst\u00e8me d'orientation de votre excavateur. La couronne d'orientation, qui est reli\u00e9e au palier d'oscillation, permet \u00e0 l'excavateur de tourner. Le m\u00e9canisme d'orientation de l'excavateur travaille \u00e9galement en collaboration avec la couronne d'orientation pour assurer un fonctionnement souple et efficace.<br \/>\nEn conclusion, notre gamme de roulements d'orientation pour pelles CASE est un excellent choix pour tous ceux qui recherchent des pi\u00e8ces de haute qualit\u00e9, fiables et durables pour leur pelle. Notre s\u00e9lection de couronnes d'orientation est sp\u00e9cialement con\u00e7ue pour s'adapter \u00e0 votre excavatrice CASE et assurer un fonctionnement souple et efficace, m\u00eame sous de lourdes charges. Contactez-nous d\u00e8s aujourd'hui pour en savoir plus sur nos produits et sur la fa\u00e7on dont nous pouvons vous aider \u00e0 assurer le bon fonctionnement de votre excavatrice.<br \/>\nNous pouvons fournir des roulements Swing alternatifs pour votre , CAT,HITACHI, KOMATSU,KOBELCO, HYUNDAI, VOLVO, DOOSAN, DAEWOO, JCB,CASE, SUMITOMO, KATO, ,Il y a plus de 1000 centaines de types normaux et non-normaux que vous pouvez choisir.<\/p>","protected":false},"excerpt":{"rendered":"<p>Palier de pivotement CASE<br \/>\nModel:CX290,CX460,CX240B<br \/>\nCNH E215,CX210C,CX210B<\/p>","protected":false},"featured_media":136,"template":"","meta":[],"product_brand":[],"product_cat":[22,71],"product_tag":[],"class_list":{"0":"post-572","1":"product","2":"type-product","3":"status-publish","4":"has-post-thumbnail","6":"product_cat-swing-bearing","7":"product_cat-case-excavator-swing-bearing","9":"first","10":"instock","11":"shipping-taxable","12":"product-type-simple"},"_links":{"self":[{"href":"https:\/\/swingbearing.net\/fr\/wp-json\/wp\/v2\/product\/572","targetHints":{"allow":["GET"]}}],"collection":[{"href":"https:\/\/swingbearing.net\/fr\/wp-json\/wp\/v2\/product"}],"about":[{"href":"https:\/\/swingbearing.net\/fr\/wp-json\/wp\/v2\/types\/product"}],"wp:featuredmedia":[{"embeddable":true,"href":"https:\/\/swingbearing.net\/fr\/wp-json\/wp\/v2\/media\/136"}],"wp:attachment":[{"href":"https:\/\/swingbearing.net\/fr\/wp-json\/wp\/v2\/media?parent=572"}],"wp:term":[{"taxonomy":"product_brand","embeddable":true,"href":"https:\/\/swingbearing.net\/fr\/wp-json\/wp\/v2\/product_brand?post=572"},{"taxonomy":"product_cat","embeddable":true,"href":"https:\/\/swingbearing.net\/fr\/wp-json\/wp\/v2\/product_cat?post=572"},{"taxonomy":"product_tag","embeddable":true,"href":"https:\/\/swingbearing.net\/fr\/wp-json\/wp\/v2\/product_tag?post=572"}],"curies":[{"name":"wp","href":"https:\/\/api.w.org\/{rel}","templated":true}]}}