{"id":4911,"date":"2024-09-02T07:11:56","date_gmt":"2024-09-02T07:11:56","guid":{"rendered":"https:\/\/swingbearing.net\/?post_type=product&#038;p=4911"},"modified":"2024-09-02T07:39:04","modified_gmt":"2024-09-02T07:39:04","slug":"excavator-hydraulic-pump-ec700b-ec620-ec650-main-pump-voe-14522561-14250327-14250328-14244106-14245961","status":"publish","type":"product","link":"https:\/\/swingbearing.net\/fr\/produit\/excavator-hydraulic-pump-ec700b-ec620-ec650-main-pump-voe-14522561-14250327-14250328-14244106-14245961\/","title":{"rendered":"Pompe hydraulique pour pelleteuse EC700B EC620 EC650 Pompe principale VOE 14522561 14250327 14250328 14244106 14245961"},"content":{"rendered":"<h3 class=\"wp-block-heading\"><strong>Description du produit<\/strong><\/h3>\r\n\r\n\r\n<hr class=\"wp-block-separator has-alpha-channel-opacity\" \/>\r\n\r\n\r\n<h2 class=\"wp-block-heading\">Pompe hydraulique pour pelleteuse EC700B EC620 EC650 Pompe principale VOE 14522561 14250327 14250328 14244106 14245961<\/h2>\r\n<div id=\"attachment_4916\" style=\"width: 310px\" class=\"wp-caption alignnone\"><img decoding=\"async\" aria-describedby=\"caption-attachment-4916\" class=\"wp-image-4916 size-medium\" src=\"https:\/\/swingbearing.net\/wp-content\/uploads\/2024\/09\/C700B-EC620-EC6502-300x242.jpg\" alt=\"Pompe hydraulique\" width=\"300\" height=\"242\" srcset=\"https:\/\/swingbearing.net\/wp-content\/uploads\/2024\/09\/C700B-EC620-EC6502-300x242.jpg 300w, https:\/\/swingbearing.net\/wp-content\/uploads\/2024\/09\/C700B-EC620-EC6502-15x12.jpg 15w, https:\/\/swingbearing.net\/wp-content\/uploads\/2024\/09\/C700B-EC620-EC6502-600x484.jpg 600w, https:\/\/swingbearing.net\/wp-content\/uploads\/2024\/09\/C700B-EC620-EC6502.jpg 632w\" sizes=\"(max-width: 300px) 100vw, 300px\" \/><p id=\"caption-attachment-4916\" class=\"wp-caption-text\">Pompe hydraulique<\/p><\/div>\r\n<div id=\"attachment_4912\" style=\"width: 690px\" class=\"wp-caption alignnone\"><img decoding=\"async\" aria-describedby=\"caption-attachment-4912\" class=\"wp-image-4912 size-full\" src=\"https:\/\/swingbearing.net\/wp-content\/uploads\/2024\/09\/C700B-EC620-EC6504.jpg\" alt=\"Pompe hydraulique\" width=\"680\" height=\"441\" srcset=\"https:\/\/swingbearing.net\/wp-content\/uploads\/2024\/09\/C700B-EC620-EC6504.jpg 680w, https:\/\/swingbearing.net\/wp-content\/uploads\/2024\/09\/C700B-EC620-EC6504-300x195.jpg 300w, https:\/\/swingbearing.net\/wp-content\/uploads\/2024\/09\/C700B-EC620-EC6504-18x12.jpg 18w, https:\/\/swingbearing.net\/wp-content\/uploads\/2024\/09\/C700B-EC620-EC6504-600x389.jpg 600w\" sizes=\"(max-width: 680px) 100vw, 680px\" \/><p id=\"caption-attachment-4912\" class=\"wp-caption-text\">Pompe hydraulique<\/p><\/div>\r\n<p>&nbsp;<\/p>\r\n<table border=\"1\" cellspacing=\"0\" cellpadding=\"0\">\r\n<tbody>\r\n<tr>\r\n<td rowspan=\"2\"><strong>#<\/strong><\/td>\r\n<td rowspan=\"2\"><strong>Part No<\/strong><\/td>\r\n<td rowspan=\"2\"><strong>Nom de la pi\u00e8ce<\/strong><\/td>\r\n<td><strong>Qty.<\/strong><\/td>\r\n<td><strong>Price request<\/strong><\/td>\r\n<\/tr>\r\n<tr>\r\n<td><strong>8279230<\/strong><\/td>\r\n<td>\u00a0<\/td>\r\n<\/tr>\r\n<tr>\r\n<td>\u00a0<\/td>\r\n<td>VOE 14522561<\/td>\r\n<td>Pump<\/td>\r\n<td>1<\/td>\r\n<td>\u2002<\/td>\r\n<\/tr>\r\n<tr>\r\n<td>1<\/td>\r\n<td>VOE 14535198<\/td>\r\n<td>Piston<\/td>\r\n<td>1<\/td>\r\n<td>\u2002<\/td>\r\n<\/tr>\r\n<tr>\r\n<td>2<\/td>\r\n<td>VOE 14535158<\/td>\r\n<td>Piston<\/td>\r\n<td>18<\/td>\r\n<td>\u2002<\/td>\r\n<\/tr>\r\n<tr>\r\n<td>3<\/td>\r\n<td>VOE 14531598<\/td>\r\n<td>Case more<\/td>\r\n<td>18<\/td>\r\n<td>\u2002<\/td>\r\n<\/tr>\r\n<tr>\r\n<td>4<\/td>\r\n<td>VOE 14531599<\/td>\r\n<td>Guard<\/td>\r\n<td>1<\/td>\r\n<td>\u2002<\/td>\r\n<\/tr>\r\n<tr>\r\n<td>5<\/td>\r\n<td>VOE 14535157<\/td>\r\n<td>Cylinder Block<\/td>\r\n<td>1<\/td>\r\n<td>\u2002<\/td>\r\n<\/tr>\r\n<tr>\r\n<td>6<\/td>\r\n<td>VOE 14535173<\/td>\r\n<td>Plate<\/td>\r\n<td>1<\/td>\r\n<td>\u2002<\/td>\r\n<\/tr>\r\n<tr>\r\n<td>7<\/td>\r\n<td>VOE 14535200<\/td>\r\n<td>Cylinder<\/td>\r\n<td>1<\/td>\r\n<td>\u2002<\/td>\r\n<\/tr>\r\n<tr>\r\n<td>8<\/td>\r\n<td>VOE 14535157<\/td>\r\n<td>Cylinder Block<\/td>\r\n<td>1<\/td>\r\n<td>\u2002<\/td>\r\n<\/tr>\r\n<tr>\r\n<td>9<\/td>\r\n<td>VOE 14535174<\/td>\r\n<td>Plate<\/td>\r\n<td>1<\/td>\r\n<td>\u2002<\/td>\r\n<\/tr>\r\n<tr>\r\n<td>10<\/td>\r\n<td>VOE 14535201<\/td>\r\n<td>Plate<\/td>\r\n<td>2<\/td>\r\n<td>\u2002<\/td>\r\n<\/tr>\r\n<tr>\r\n<td>11<\/td>\r\n<td>VOE 14535164<\/td>\r\n<td>Plate<\/td>\r\n<td>2<\/td>\r\n<td>\u2002<\/td>\r\n<\/tr>\r\n<tr>\r\n<td>12<\/td>\r\n<td>VOE 14535165<\/td>\r\n<td>Bushing<\/td>\r\n<td>2<\/td>\r\n<td>\u2002<\/td>\r\n<\/tr>\r\n<tr>\r\n<td>13<\/td>\r\n<td>SA 8230-32080<\/td>\r\n<td>Valve more<\/td>\r\n<td>1<\/td>\r\n<td>\u2002<\/td>\r\n<\/tr>\r\n<tr>\r\n<td>14<\/td>\r\n<td>VOE 14535150<\/td>\r\n<td>Shaft<\/td>\r\n<td>1<\/td>\r\n<td>\u2002<\/td>\r\n<\/tr>\r\n<tr>\r\n<td>15<\/td>\r\n<td>VOE 14535151<\/td>\r\n<td>Shaft<\/td>\r\n<td>1<\/td>\r\n<td>\u2002<\/td>\r\n<\/tr>\r\n<tr>\r\n<td>16<\/td>\r\n<td>VOE 14535152<\/td>\r\n<td>Coupling<\/td>\r\n<td>1<\/td>\r\n<td>\u2002<\/td>\r\n<\/tr>\r\n<tr>\r\n<td>17<\/td>\r\n<td>VOE 14535153<\/td>\r\n<td>Bearing<\/td>\r\n<td>2<\/td>\r\n<td>\u2002<\/td>\r\n<\/tr>\r\n<tr>\r\n<td>18<\/td>\r\n<td>VOE 14535154<\/td>\r\n<td>Bearing<\/td>\r\n<td>2<\/td>\r\n<td>\u2002<\/td>\r\n<\/tr>\r\n<tr>\r\n<td>19<\/td>\r\n<td>VOE 14535155<\/td>\r\n<td>Spacer<\/td>\r\n<td>4<\/td>\r\n<td>\u2002<\/td>\r\n<\/tr>\r\n<tr>\r\n<td>20<\/td>\r\n<td>VOE 14535156<\/td>\r\n<td>Booster<\/td>\r\n<td>1<\/td>\r\n<td>\u2002<\/td>\r\n<\/tr>\r\n<tr>\r\n<td>21<\/td>\r\n<td>VOE 14535160<\/td>\r\n<td>Plate<\/td>\r\n<td>3<\/td>\r\n<td>\u2002<\/td>\r\n<\/tr>\r\n<tr>\r\n<td>22<\/td>\r\n<td>VOE 14535161<\/td>\r\n<td>Bushing<\/td>\r\n<td>2<\/td>\r\n<td>\u2002<\/td>\r\n<\/tr>\r\n<tr>\r\n<td>23<\/td>\r\n<td>VOE 14535162<\/td>\r\n<td>Spring<\/td>\r\n<td>18<\/td>\r\n<td>\u2002<\/td>\r\n<\/tr>\r\n<tr>\r\n<td>24<\/td>\r\n<td>VOE 14535169<\/td>\r\n<td>Cover<\/td>\r\n<td>1<\/td>\r\n<td>\u2002<\/td>\r\n<\/tr>\r\n<tr>\r\n<td>25<\/td>\r\n<td>VOE 14535163<\/td>\r\n<td>Plate<\/td>\r\n<td>2<\/td>\r\n<td>\u2002<\/td>\r\n<\/tr>\r\n<tr>\r\n<td>26<\/td>\r\n<td>VOE 14535166<\/td>\r\n<td>Support<\/td>\r\n<td>2<\/td>\r\n<td>\u2002<\/td>\r\n<\/tr>\r\n<tr>\r\n<td>27<\/td>\r\n<td>VOE 14535168<\/td>\r\n<td>Cover<\/td>\r\n<td>1<\/td>\r\n<td>\u2002<\/td>\r\n<\/tr>\r\n<tr>\r\n<td>28<\/td>\r\n<td>VOE 14535170<\/td>\r\n<td>Casing<\/td>\r\n<td>2<\/td>\r\n<td>\u2002<\/td>\r\n<\/tr>\r\n<tr>\r\n<td>29<\/td>\r\n<td>VOE 14535171<\/td>\r\n<td>Cover<\/td>\r\n<td>1<\/td>\r\n<td>\u2002<\/td>\r\n<\/tr>\r\n<tr>\r\n<td>30<\/td>\r\n<td>VOE 14535172<\/td>\r\n<td>Cover<\/td>\r\n<td>1<\/td>\r\n<td>\u2002<\/td>\r\n<\/tr>\r\n<tr>\r\n<td>31<\/td>\r\n<td>VOE 14535175<\/td>\r\n<td>Screw<\/td>\r\n<td>4<\/td>\r\n<td>\u2002<\/td>\r\n<\/tr>\r\n<tr>\r\n<td>32<\/td>\r\n<td>VOE 14535176<\/td>\r\n<td>Screw<\/td>\r\n<td>4<\/td>\r\n<td>\u2002<\/td>\r\n<\/tr>\r\n<tr>\r\n<td>33<\/td>\r\n<td>SA 9016-10804<\/td>\r\n<td>Bolt more<\/td>\r\n<td>8<\/td>\r\n<td>\u2002<\/td>\r\n<\/tr>\r\n<tr>\r\n<td>34<\/td>\r\n<td>SA 9415-11021<\/td>\r\n<td>Plug more<\/td>\r\n<td>4<\/td>\r\n<td>\u2002<\/td>\r\n<\/tr>\r\n<tr>\r\n<td>35<\/td>\r\n<td>SA 9415-11051<\/td>\r\n<td>Plug more<\/td>\r\n<td>4<\/td>\r\n<td>\u2002<\/td>\r\n<\/tr>\r\n<tr>\r\n<td>36<\/td>\r\n<td>SA 7242-11040<\/td>\r\n<td>Plug more<\/td>\r\n<td>31<\/td>\r\n<td>\u2002<\/td>\r\n<\/tr>\r\n<tr>\r\n<td>37<\/td>\r\n<td>VOE 14512382<\/td>\r\n<td>Plug<\/td>\r\n<td>5<\/td>\r\n<td>\u2002<\/td>\r\n<\/tr>\r\n<tr>\r\n<td>38<\/td>\r\n<td>VOE 14535202<\/td>\r\n<td>Pin<\/td>\r\n<td>2<\/td>\r\n<td>\u2002<\/td>\r\n<\/tr>\r\n<tr>\r\n<td>39<\/td>\r\n<td>VOE 14535180<\/td>\r\n<td>Pin<\/td>\r\n<td>2<\/td>\r\n<td>\u2002<\/td>\r\n<\/tr>\r\n<tr>\r\n<td>40<\/td>\r\n<td>VOE 14535184<\/td>\r\n<td>Pin<\/td>\r\n<td>2<\/td>\r\n<td>\u2002<\/td>\r\n<\/tr>\r\n<tr>\r\n<td>41<\/td>\r\n<td>VOE 14535181<\/td>\r\n<td>Piston<\/td>\r\n<td>2<\/td>\r\n<td>\u2002<\/td>\r\n<\/tr>\r\n<tr>\r\n<td>42<\/td>\r\n<td>VOE 14535182<\/td>\r\n<td>Plug<\/td>\r\n<td>2<\/td>\r\n<td>\u2002<\/td>\r\n<\/tr>\r\n<tr>\r\n<td>43<\/td>\r\n<td>VOE 14535183<\/td>\r\n<td>Plug<\/td>\r\n<td>2<\/td>\r\n<td>\u2002<\/td>\r\n<\/tr>\r\n<tr>\r\n<td>44<\/td>\r\n<td>VOE 14535185<\/td>\r\n<td>O-ring<\/td>\r\n<td>2<\/td>\r\n<td>\u2002<\/td>\r\n<\/tr>\r\n<tr>\r\n<td>45<\/td>\r\n<td>VOE 14535186<\/td>\r\n<td>O-ring<\/td>\r\n<td>1<\/td>\r\n<td>\u2002<\/td>\r\n<\/tr>\r\n<tr>\r\n<td>46<\/td>\r\n<td>VOE 14535187<\/td>\r\n<td>O-ring<\/td>\r\n<td>2<\/td>\r\n<td>\u2002<\/td>\r\n<\/tr>\r\n<tr>\r\n<td>47<\/td>\r\n<td>VOE 14535188<\/td>\r\n<td>O-ring<\/td>\r\n<td>2<\/td>\r\n<td>\u2002<\/td>\r\n<\/tr>\r\n<tr>\r\n<td>48<\/td>\r\n<td>VOE 14535189<\/td>\r\n<td>O-ring<\/td>\r\n<td>1<\/td>\r\n<td>\u2002<\/td>\r\n<\/tr>\r\n<tr>\r\n<td>49<\/td>\r\n<td>VOE 14534030<\/td>\r\n<td>O-ring more<\/td>\r\n<td>15<\/td>\r\n<td>\u2002<\/td>\r\n<\/tr>\r\n<tr>\r\n<td>50<\/td>\r\n<td>VOE 14534029<\/td>\r\n<td>O-ring more<\/td>\r\n<td>10<\/td>\r\n<td>\u2002<\/td>\r\n<\/tr>\r\n<tr>\r\n<td>51<\/td>\r\n<td>VOE 14535387<\/td>\r\n<td>O-ring more<\/td>\r\n<td>4<\/td>\r\n<td>\u2002<\/td>\r\n<\/tr>\r\n<tr>\r\n<td>52<\/td>\r\n<td>VOE 14534049<\/td>\r\n<td>O-ring more<\/td>\r\n<td>2<\/td>\r\n<td>\u2002<\/td>\r\n<\/tr>\r\n<tr>\r\n<td>53<\/td>\r\n<td>VOE 14535190<\/td>\r\n<td>Seal<\/td>\r\n<td>1<\/td>\r\n<td>\u2002<\/td>\r\n<\/tr>\r\n<tr>\r\n<td>54<\/td>\r\n<td>VOE 14535191<\/td>\r\n<td>Ring<\/td>\r\n<td>2<\/td>\r\n<td>\u2002<\/td>\r\n<\/tr>\r\n<tr>\r\n<td>55<\/td>\r\n<td>VOE 14535192<\/td>\r\n<td>Ring<\/td>\r\n<td>2<\/td>\r\n<td>\u2002<\/td>\r\n<\/tr>\r\n<tr>\r\n<td>56<\/td>\r\n<td>SA 9111-12000<\/td>\r\n<td>Nut more<\/td>\r\n<td>4<\/td>\r\n<td>\u2002<\/td>\r\n<\/tr>\r\n<tr>\r\n<td>57<\/td>\r\n<td>SA 9541-01055<\/td>\r\n<td>Ring<\/td>\r\n<td>2<\/td>\r\n<td>\u2002<\/td>\r\n<\/tr>\r\n<tr>\r\n<td>58<\/td>\r\n<td>VOE 979022<\/td>\r\n<td>Nut more<\/td>\r\n<td>2<\/td>\r\n<td>\u2002<\/td>\r\n<\/tr>\r\n<tr>\r\n<td>59<\/td>\r\n<td>VOE 14535193<\/td>\r\n<td>Pin<\/td>\r\n<td>5<\/td>\r\n<td>\u2002<\/td>\r\n<\/tr>\r\n<tr>\r\n<td>60<\/td>\r\n<td>VOE 14535194<\/td>\r\n<td>Bolt<\/td>\r\n<td>2<\/td>\r\n<td>\u2002<\/td>\r\n<\/tr>\r\n<tr>\r\n<td>61<\/td>\r\n<td>VOE 14535195<\/td>\r\n<td>Screw<\/td>\r\n<td>2<\/td>\r\n<td>\u2002<\/td>\r\n<\/tr>\r\n<tr>\r\n<td>62<\/td>\r\n<td>VOE 14535196<\/td>\r\n<td>Screw<\/td>\r\n<td>2<\/td>\r\n<td>\u2002<\/td>\r\n<\/tr>\r\n<tr>\r\n<td>63<\/td>\r\n<td>VOE 14535167<\/td>\r\n<td>Washer<\/td>\r\n<td>8<\/td>\r\n<td>\u2002<\/td>\r\n<\/tr>\r\n<tr>\r\n<td>64<\/td>\r\n<td>VOE 14535178<\/td>\r\n<td>Screw<\/td>\r\n<td>4<\/td>\r\n<td>\u2002<\/td>\r\n<\/tr>\r\n<tr>\r\n<td>65<\/td>\r\n<td>VOE 14535177<\/td>\r\n<td>Screw<\/td>\r\n<td>4<\/td>\r\n<td>\u2002<\/td>\r\n<\/tr>\r\n<tr>\r\n<td>66<\/td>\r\n<td>VOE 14535197<\/td>\r\n<td>Screw<\/td>\r\n<td>8<\/td>\r\n<td>\u2002<\/td>\r\n<\/tr>\r\n<tr>\r\n<td>67<\/td>\r\n<td>VOE 14535179<\/td>\r\n<td>Plate<\/td>\r\n<td>4<\/td>\r\n<td>\u2002<\/td>\r\n<\/tr>\r\n<tr>\r\n<td>100<\/td>\r\n<td>VOE 14535209<\/td>\r\n<td>Seal<\/td>\r\n<td>1<\/td>\r\n<td>\u2002<\/td>\r\n<\/tr>\r\n<\/tbody>\r\n<\/table>\r\n<p>&nbsp;<\/p>\r\n<table style=\"height: 263px;\" border=\"1\" width=\"1138\" cellspacing=\"0\" cellpadding=\"0\"><colgroup><col width=\"167\" \/><col width=\"125\" \/><col width=\"78\" \/><col width=\"70\" \/><col width=\"59\" \/><col width=\"60\" \/><col width=\"61\" \/><col width=\"97\" \/><col span=\"2\" width=\"36\" \/><col width=\"145\" \/><col width=\"75\" \/><col span=\"3\" width=\"72\" \/><\/colgroup>\r\n<tbody>\r\n<tr>\r\n<td class=\"et3\" rowspan=\"3\" width=\"167\" height=\"74\"><br \/>Mod\u00e8le<\/td>\r\n<td class=\"et4\" rowspan=\"3\" width=\"125\"><br \/>Nominal<br \/>displacement<br \/>(ml\/r)<\/td>\r\n<td class=\"et5\" colspan=\"2\" width=\"149\">Pressure(MPa)<\/td>\r\n<td class=\"et7\" colspan=\"3\" width=\"181\"><br \/>Speed(r\/min)<\/td>\r\n<td class=\"et4\" rowspan=\"3\" width=\"97\"><br \/>Volumetric<br \/>efficiency<br \/>(\u2265%)<\/td>\r\n<td class=\"et3\" rowspan=\"3\" width=\"36\">L1<\/td>\r\n<td class=\"et14\" rowspan=\"3\" width=\"36\">L<\/td>\r\n<td class=\"et3\" rowspan=\"3\" width=\"145\">A<\/td>\r\n<td class=\"et3\" rowspan=\"3\" width=\"75\">d<\/td>\r\n<td class=\"et9\" colspan=\"2\" rowspan=\"2\" width=\"144\">D<\/td>\r\n<td class=\"et15\" rowspan=\"3\" width=\"72\"><br \/>Weight<br \/>(kg)<\/td>\r\n<\/tr>\r\n<tr>\r\n<td class=\"et3\" rowspan=\"2\" width=\"78\"><br \/>Rated<\/td>\r\n<td class=\"et3\" rowspan=\"2\" width=\"70\"><br \/>Max<\/td>\r\n<td class=\"et3\" rowspan=\"2\" width=\"59\"><br \/>Min<\/td>\r\n<td class=\"et4\" rowspan=\"2\" width=\"60\"><br \/>Rated<\/td>\r\n<td class=\"et3\" rowspan=\"2\" width=\"61\"><br \/>Max<\/td>\r\n<\/tr>\r\n<tr>\r\n<td class=\"et4\" width=\"72\"><br \/>Intet<\/td>\r\n<td class=\"et3\" width=\"72\"><br \/>Outlet<\/td>\r\n<\/tr>\r\n<tr>\r\n<td class=\"et11\" width=\"167\" height=\"19\">CBN-F520-BF**<\/td>\r\n<td class=\"et12\" width=\"125\">20<\/td>\r\n<td class=\"et12\" rowspan=\"6\" width=\"78\">20<\/td>\r\n<td class=\"et12\" rowspan=\"6\" width=\"70\">25<\/td>\r\n<td class=\"et12\" rowspan=\"6\" width=\"59\">600<\/td>\r\n<td class=\"et12\" rowspan=\"6\" width=\"60\">2500<\/td>\r\n<td class=\"et12\" rowspan=\"6\" width=\"61\">3000<\/td>\r\n<td class=\"et12\" rowspan=\"2\" width=\"97\">92<\/td>\r\n<td class=\"et18\" width=\"36\">66.5<\/td>\r\n<td class=\"et19\" width=\"36\">134<\/td>\r\n<td class=\"et12\" rowspan=\"3\" width=\"145\">48<\/td>\r\n<td class=\"et12\" rowspan=\"3\" width=\"75\">65<\/td>\r\n<td class=\"et12\" rowspan=\"2\" width=\"72\">25<\/td>\r\n<td class=\"et12\" rowspan=\"4\" width=\"72\">20<\/td>\r\n<td class=\"et18\" width=\"72\">5.1<\/td>\r\n<\/tr>\r\n<tr>\r\n<td class=\"et11\" width=\"167\" height=\"19\">CBN-F525-BF**<\/td>\r\n<td class=\"et12\" width=\"125\">25<\/td>\r\n<td class=\"et18\" width=\"36\">68.5<\/td>\r\n<td class=\"et19\" width=\"36\">138<\/td>\r\n<td class=\"et18\" width=\"72\">5.3<\/td>\r\n<\/tr>\r\n<tr>\r\n<td class=\"et11\" width=\"167\" height=\"19\">CBN-F532-BF**<\/td>\r\n<td class=\"et12\" width=\"125\">32<\/td>\r\n<td class=\"et12\" rowspan=\"4\" width=\"97\">93<\/td>\r\n<td class=\"et12\" width=\"36\">69<\/td>\r\n<td class=\"et19\" width=\"36\">139<\/td>\r\n<td class=\"et12\" width=\"72\">30<\/td>\r\n<td class=\"et18\" width=\"72\">5.6<\/td>\r\n<\/tr>\r\n<tr>\r\n<td class=\"et11\" width=\"167\" height=\"19\">CBN-F540-BF**<\/td>\r\n<td class=\"et12\" width=\"125\">40<\/td>\r\n<td class=\"et12\" width=\"36\">72<\/td>\r\n<td class=\"et19\" width=\"36\">145<\/td>\r\n<td class=\"et12\" rowspan=\"3\" width=\"145\">51<\/td>\r\n<td class=\"et12\" rowspan=\"3\" width=\"75\">76<\/td>\r\n<td class=\"et12\" rowspan=\"3\" width=\"72\">35<\/td>\r\n<td class=\"et18\" width=\"72\">5.9<\/td>\r\n<\/tr>\r\n<tr>\r\n<td class=\"et11\" width=\"167\" height=\"19\">CBN-F550-BF**<\/td>\r\n<td class=\"et12\" width=\"125\">50<\/td>\r\n<td class=\"et12\" width=\"36\">76<\/td>\r\n<td class=\"et19\" width=\"36\">153<\/td>\r\n<td class=\"et12\" rowspan=\"2\" width=\"72\">25<\/td>\r\n<td class=\"et18\" width=\"72\">6.3<\/td>\r\n<\/tr>\r\n<tr>\r\n<td class=\"et11\" width=\"167\" height=\"19\">CBN-F563-BF**<\/td>\r\n<td class=\"et12\" width=\"125\">63<\/td>\r\n<td class=\"et18\" width=\"36\">81.5<\/td>\r\n<td class=\"et19\" width=\"36\">164<\/td>\r\n<td class=\"et18\" width=\"72\">6.8<\/td>\r\n<\/tr>\r\n<\/tbody>\r\n<\/table>\r\n<p>&nbsp;<\/p>\r\n<p>&nbsp;<\/p>\r\n<h2 class=\"wp-block-heading\">Introduction of\u00a0 Volvo EC700B EC620 EC650 Hydraulic Main Pump<\/h2>\r\n<div id=\"attachment_4814\" style=\"width: 310px\" class=\"wp-caption alignnone\"><a href=\"https:\/\/swingbearing.net\/wp-content\/uploads\/2024\/08\/VOLVOEC7001.jpg\"><img decoding=\"async\" aria-describedby=\"caption-attachment-4814\" class=\"wp-image-4814 size-medium\" src=\"https:\/\/swingbearing.net\/wp-content\/uploads\/2024\/08\/VOLVOEC7001-300x249.jpg\" alt=\"Pompe hydraulique\" width=\"300\" height=\"249\" srcset=\"https:\/\/swingbearing.net\/wp-content\/uploads\/2024\/08\/VOLVOEC7001-300x249.jpg 300w, https:\/\/swingbearing.net\/wp-content\/uploads\/2024\/08\/VOLVOEC7001-768x637.jpg 768w, https:\/\/swingbearing.net\/wp-content\/uploads\/2024\/08\/VOLVOEC7001-14x12.jpg 14w, https:\/\/swingbearing.net\/wp-content\/uploads\/2024\/08\/VOLVOEC7001-600x497.jpg 600w, https:\/\/swingbearing.net\/wp-content\/uploads\/2024\/08\/VOLVOEC7001.jpg 1000w\" sizes=\"(max-width: 300px) 100vw, 300px\" \/><\/a><p id=\"caption-attachment-4814\" class=\"wp-caption-text\">Pompe hydraulique<\/p><\/div>\r\n<table border=\"1\" cellspacing=\"0\" cellpadding=\"0\">\r\n<tbody>\r\n<tr>\r\n<td>Nom du produit\u00a0 \u00a0 \u00a0 \u00a0 \u00a0 \u00a0 \u00a0 \u00a0<\/td>\r\n<td>Pompe hydraulique de pelleteuse<\/td>\r\n<\/tr>\r\n<tr>\r\n<td>Qualit\u00e9\u00a0 \u00a0 \u00a0<\/td>\r\n<td>Haute qualit\u00e9 100% Nouveau<\/td>\r\n<\/tr>\r\n<tr>\r\n<td>Mod\u00e8le de machine\u00a0 \u00a0\u00a0<\/td>\r\n<td>EC700B EC620 EC650<\/td>\r\n<\/tr>\r\n<tr>\r\n<td>Taille de l'emballage<\/td>\r\n<td>84*38*49<\/td>\r\n<\/tr>\r\n<tr>\r\n<td>Paquet<\/td>\r\n<td>Caisse en bois standard pour l'exportation\u00a0 \u00a0 \u00a0 \u00a0 \u00a0 \u00a0 \u00a0 \u00a0 \u00a0 \u00a0 \u00a0 \u00a0 \u00a0 \u00a0 \u00a0 \u00a0 \u00a0 \u00a0 \u00a0 \u00a0 \u00a0 \u00a0 \u00a0 \u00a0 \u00a0 \u00a0\u00a0<\/td>\r\n<\/tr>\r\n<tr>\r\n<td>Num\u00e9ro de pi\u00e8ce<\/td>\r\n<td>VOE 14522561 14250327 14250328 14244106 14245961 14212322 14213401 14214124 \u00a0 \u00a0\u00a0<\/td>\r\n<\/tr>\r\n<tr>\r\n<td>Pression<\/td>\r\n<td>Standard, Haute pression<\/td>\r\n<\/tr>\r\n<\/tbody>\r\n<\/table>\r\n<p>Les pompes hydrauliques sont des composants essentiels des syst\u00e8mes hydrauliques, charg\u00e9s de convertir l'\u00e9nergie m\u00e9canique en \u00e9nergie hydraulique. Il est essentiel de comprendre la structure, les fonctions et la maintenance des pompes hydrauliques pour garantir le fonctionnement efficace des machines et des \u00e9quipements dans diverses industries.<\/p>\r\n<p>\r\n\r\n<\/p>\r\n<h2 class=\"wp-block-heading\">Composants de la pompe hydraulique principale<\/h2>\r\n<p>\r\n\r\n<\/p>\r\n<p>Les pompes hydrauliques sont constitu\u00e9es de plusieurs composants cl\u00e9s qui fonctionnent ensemble pour g\u00e9n\u00e9rer de l'\u00e9nergie hydraulique. Les principaux composants d'une pompe hydraulique sont les suivants<\/p>\r\n<p>\r\n\r\n<\/p>\r\n<ul class=\"wp-block-list\">\r\n<li><strong>Bo\u00eetier de pompe<\/strong>: L'enveloppe ext\u00e9rieure qui renferme et prot\u00e8ge les composants internes de la pompe.<\/li>\r\n\r\n\r\n\r\n<li><strong>Ports d'entr\u00e9e et de sortie<\/strong>: Points d'entr\u00e9e et de sortie du fluide hydraulique dans la pompe.<\/li>\r\n\r\n\r\n\r\n<li><strong>Groupe de rotation<\/strong>: Il est compos\u00e9 d'engrenages, d'ailettes ou de pistons qui tournent pour cr\u00e9er un flux et une pression dans le syst\u00e8me.<\/li>\r\n\r\n\r\n\r\n<li><strong>Arbre d'entra\u00eenement<\/strong>: Transf\u00e8re l'\u00e9nergie m\u00e9canique du moteur principal au groupe rotatif de la pompe.<\/li>\r\n\r\n\r\n\r\n<li><strong>Joints et joints toriques<\/strong>: Pr\u00e9venir les fuites et maintenir l'int\u00e9grit\u00e9 du syst\u00e8me hydraulique.\r\n<div id=\"attachment_4916\" style=\"width: 642px\" class=\"wp-caption alignnone\"><img decoding=\"async\" aria-describedby=\"caption-attachment-4916\" class=\"wp-image-4916 size-full\" src=\"https:\/\/swingbearing.net\/wp-content\/uploads\/2024\/09\/C700B-EC620-EC6502.jpg\" alt=\"Pompe hydraulique\" width=\"632\" height=\"510\" srcset=\"https:\/\/swingbearing.net\/wp-content\/uploads\/2024\/09\/C700B-EC620-EC6502.jpg 632w, https:\/\/swingbearing.net\/wp-content\/uploads\/2024\/09\/C700B-EC620-EC6502-300x242.jpg 300w, https:\/\/swingbearing.net\/wp-content\/uploads\/2024\/09\/C700B-EC620-EC6502-15x12.jpg 15w, https:\/\/swingbearing.net\/wp-content\/uploads\/2024\/09\/C700B-EC620-EC6502-600x484.jpg 600w\" sizes=\"(max-width: 632px) 100vw, 632px\" \/><p id=\"caption-attachment-4916\" class=\"wp-caption-text\">Pompe hydraulique<\/p><\/div>\r\n<p><a href=\"https:\/\/swingbearing.net\/wp-content\/uploads\/2024\/08\/tt.jpg\"><img decoding=\"async\" class=\"alignnone wp-image-4824 size-woocommerce_single\" src=\"https:\/\/swingbearing.net\/wp-content\/uploads\/2024\/08\/tt-600x755.jpg\" alt=\"Pompe hydraulique\" width=\"600\" height=\"755\" srcset=\"https:\/\/swingbearing.net\/wp-content\/uploads\/2024\/08\/tt-600x755.jpg 600w, https:\/\/swingbearing.net\/wp-content\/uploads\/2024\/08\/tt-239x300.jpg 239w, https:\/\/swingbearing.net\/wp-content\/uploads\/2024\/08\/tt-814x1024.jpg 814w, https:\/\/swingbearing.net\/wp-content\/uploads\/2024\/08\/tt-768x966.jpg 768w, https:\/\/swingbearing.net\/wp-content\/uploads\/2024\/08\/tt-10x12.jpg 10w, https:\/\/swingbearing.net\/wp-content\/uploads\/2024\/08\/tt.jpg 900w\" sizes=\"(max-width: 600px) 100vw, 600px\" \/><\/a><\/p>\r\n<\/li>\r\n<li>\r\n<p>&nbsp;<\/p>\r\n\n\t\t<style type=\"text\/css\">\n\t\t\t#gallery-1 {\n\t\t\t\tmargin: auto;\n\t\t\t}\n\t\t\t#gallery-1 .gallery-item {\n\t\t\t\tfloat: left;\n\t\t\t\tmargin-top: 10px;\n\t\t\t\ttext-align: center;\n\t\t\t\twidth: 25%;\n\t\t\t}\n\t\t\t#gallery-1 img {\n\t\t\t\tborder: 2px solid #cfcfcf;\n\t\t\t}\n\t\t\t#gallery-1 .gallery-caption {\n\t\t\t\tmargin-left: 0;\n\t\t\t}\n\t\t\t\/* see gallery_shortcode() in wp-includes\/media.php *\/\n\t\t<\/style>\n\t\t<div id='gallery-1' class='gallery galleryid-4911 gallery-columns-4 gallery-size-woocommerce_single'><dl class='gallery-item'>\n\t\t\t<dt class='gallery-icon landscape'>\n\t\t\t\t<a href='https:\/\/swingbearing.net\/wp-content\/uploads\/2024\/08\/1tt.jpg'><img decoding=\"async\" width=\"600\" height=\"450\" src=\"https:\/\/swingbearing.net\/wp-content\/uploads\/2024\/08\/1tt-600x450.jpg\" class=\"attachment-woocommerce_single size-woocommerce_single\" alt=\"Pompe hydraulique\" srcset=\"https:\/\/swingbearing.net\/wp-content\/uploads\/2024\/08\/1tt-600x450.jpg 600w, https:\/\/swingbearing.net\/wp-content\/uploads\/2024\/08\/1tt-300x225.jpg 300w, https:\/\/swingbearing.net\/wp-content\/uploads\/2024\/08\/1tt-768x576.jpg 768w, https:\/\/swingbearing.net\/wp-content\/uploads\/2024\/08\/1tt-16x12.jpg 16w, https:\/\/swingbearing.net\/wp-content\/uploads\/2024\/08\/1tt.jpg 1000w\" sizes=\"(max-width: 600px) 100vw, 600px\" \/><\/a>\n\t\t\t<\/dt><\/dl><dl class='gallery-item'>\n\t\t\t<dt class='gallery-icon landscape'>\n\t\t\t\t<a href='https:\/\/swingbearing.net\/wp-content\/uploads\/2024\/08\/tt2.jpg'><img decoding=\"async\" width=\"600\" height=\"450\" src=\"https:\/\/swingbearing.net\/wp-content\/uploads\/2024\/08\/tt2-600x450.jpg\" class=\"attachment-woocommerce_single size-woocommerce_single\" alt=\"Pompe hydraulique\" srcset=\"https:\/\/swingbearing.net\/wp-content\/uploads\/2024\/08\/tt2-600x450.jpg 600w, https:\/\/swingbearing.net\/wp-content\/uploads\/2024\/08\/tt2-300x225.jpg 300w, https:\/\/swingbearing.net\/wp-content\/uploads\/2024\/08\/tt2-768x576.jpg 768w, https:\/\/swingbearing.net\/wp-content\/uploads\/2024\/08\/tt2-16x12.jpg 16w, https:\/\/swingbearing.net\/wp-content\/uploads\/2024\/08\/tt2.jpg 1000w\" sizes=\"(max-width: 600px) 100vw, 600px\" \/><\/a>\n\t\t\t<\/dt><\/dl><dl class='gallery-item'>\n\t\t\t<dt class='gallery-icon landscape'>\n\t\t\t\t<a href='https:\/\/swingbearing.net\/wp-content\/uploads\/2024\/08\/tt3.jpg'><img decoding=\"async\" width=\"600\" height=\"406\" src=\"https:\/\/swingbearing.net\/wp-content\/uploads\/2024\/08\/tt3-600x406.jpg\" class=\"attachment-woocommerce_single size-woocommerce_single\" alt=\"Pompe hydraulique\" srcset=\"https:\/\/swingbearing.net\/wp-content\/uploads\/2024\/08\/tt3-600x406.jpg 600w, https:\/\/swingbearing.net\/wp-content\/uploads\/2024\/08\/tt3-300x203.jpg 300w, https:\/\/swingbearing.net\/wp-content\/uploads\/2024\/08\/tt3-768x519.jpg 768w, https:\/\/swingbearing.net\/wp-content\/uploads\/2024\/08\/tt3-18x12.jpg 18w, https:\/\/swingbearing.net\/wp-content\/uploads\/2024\/08\/tt3.jpg 1000w\" sizes=\"(max-width: 600px) 100vw, 600px\" \/><\/a>\n\t\t\t<\/dt><\/dl><dl class='gallery-item'>\n\t\t\t<dt class='gallery-icon landscape'>\n\t\t\t\t<a href='https:\/\/swingbearing.net\/wp-content\/uploads\/2024\/08\/tt4.jpg'><img decoding=\"async\" width=\"600\" height=\"450\" src=\"https:\/\/swingbearing.net\/wp-content\/uploads\/2024\/08\/tt4-600x450.jpg\" class=\"attachment-woocommerce_single size-woocommerce_single\" alt=\"Pompe hydraulique\" srcset=\"https:\/\/swingbearing.net\/wp-content\/uploads\/2024\/08\/tt4-600x450.jpg 600w, https:\/\/swingbearing.net\/wp-content\/uploads\/2024\/08\/tt4-300x225.jpg 300w, https:\/\/swingbearing.net\/wp-content\/uploads\/2024\/08\/tt4-768x576.jpg 768w, https:\/\/swingbearing.net\/wp-content\/uploads\/2024\/08\/tt4-16x12.jpg 16w, https:\/\/swingbearing.net\/wp-content\/uploads\/2024\/08\/tt4.jpg 1000w\" sizes=\"(max-width: 600px) 100vw, 600px\" \/><\/a>\n\t\t\t<\/dt><\/dl><br style=\"clear: both\" \/>\n\t\t<\/div>\n\r\n<\/li>\r\n<\/ul>\r\n<p>\r\n\r\n<\/p>\r\n<ul><\/ul>\r\n<p><!-- \/wp:post-content -->\r\n\r\n<!-- wp:heading --><\/p>\r\n<h2 class=\"wp-block-heading\">Conclusion<\/h2>\r\n<p><!-- \/wp:heading -->\r\n\r\n<!-- wp:paragraph --><\/p>\r\n<p>En conclusion, les pompes hydrauliques font partie int\u00e9grante des syst\u00e8mes hydrauliques, fournissant la puissance et le contr\u00f4le n\u00e9cessaires au fonctionnement des machines et des \u00e9quipements. Il est essentiel de comprendre les composants, les fonctions et les exigences de maintenance des pompes hydrauliques pour maximiser les performances, l'efficacit\u00e9 et la dur\u00e9e de vie. En adoptant des pratiques de maintenance appropri\u00e9es et en traitant les probl\u00e8mes de mani\u00e8re proactive, les entreprises peuvent garantir le bon fonctionnement des syst\u00e8mes hydrauliques et minimiser les temps d'arr\u00eat. La consultation de sp\u00e9cialistes de l'hydraulique pour des services de maintenance et de r\u00e9paration peut encore am\u00e9liorer la fiabilit\u00e9 et la long\u00e9vit\u00e9 des syst\u00e8mes de pompes hydrauliques.<\/p>\r\n<!-- \/wp:paragraph -->\r\n\r\n<!-- wp:heading {\"level\":4} \/-->\r\n\r\n<!-- wp:paragraph \/-->","protected":false},"excerpt":{"rendered":"<p><strong><b>Partie<\/b><\/strong> #: VOE 14522561 14250327 14250328 14244106 14245961<br \/><strong><b>Faire<\/b><\/strong>:Volvo<br \/><strong><b>Mod\u00e8le<\/b><\/strong>: EC700B EC620 EC650 <br \/><strong><b>Condition<\/b><\/strong>: Nouveau\u00a0\u00a0<\/p>","protected":false},"featured_media":4918,"template":"","meta":[],"product_brand":[],"product_cat":[384],"product_tag":[],"class_list":{"0":"post-4911","1":"product","2":"type-product","3":"status-publish","4":"has-post-thumbnail","6":"product_cat-volvo-hydraulic-pump","8":"first","9":"instock","10":"shipping-taxable","11":"product-type-simple"},"_links":{"self":[{"href":"https:\/\/swingbearing.net\/fr\/wp-json\/wp\/v2\/product\/4911","targetHints":{"allow":["GET"]}}],"collection":[{"href":"https:\/\/swingbearing.net\/fr\/wp-json\/wp\/v2\/product"}],"about":[{"href":"https:\/\/swingbearing.net\/fr\/wp-json\/wp\/v2\/types\/product"}],"wp:featuredmedia":[{"embeddable":true,"href":"https:\/\/swingbearing.net\/fr\/wp-json\/wp\/v2\/media\/4918"}],"wp:attachment":[{"href":"https:\/\/swingbearing.net\/fr\/wp-json\/wp\/v2\/media?parent=4911"}],"wp:term":[{"taxonomy":"product_brand","embeddable":true,"href":"https:\/\/swingbearing.net\/fr\/wp-json\/wp\/v2\/product_brand?post=4911"},{"taxonomy":"product_cat","embeddable":true,"href":"https:\/\/swingbearing.net\/fr\/wp-json\/wp\/v2\/product_cat?post=4911"},{"taxonomy":"product_tag","embeddable":true,"href":"https:\/\/swingbearing.net\/fr\/wp-json\/wp\/v2\/product_tag?post=4911"}],"curies":[{"name":"wp","href":"https:\/\/api.w.org\/{rel}","templated":true}]}}