{"id":4899,"date":"2024-08-30T06:08:06","date_gmt":"2024-08-30T06:08:06","guid":{"rendered":"https:\/\/swingbearing.net\/?post_type=product&#038;p=4899"},"modified":"2024-08-30T06:10:00","modified_gmt":"2024-08-30T06:10:00","slug":"liebherr-a924c-swing-bearing-982751901-excavator-slewing-ring","status":"publish","type":"product","link":"https:\/\/swingbearing.net\/fr\/produit\/liebherr-a924c-swing-bearing-982751901-excavator-slewing-ring\/","title":{"rendered":"LIEBHERR A924C Swing Bearing 982751901 Excavator Slewing Ring"},"content":{"rendered":"<h2 style=\"text-align: center;\">Param\u00e8tres du palier oscillant LIEBHERR<\/h2>\n<figure class=\"wp-block-table is-style-stripes has-small-font-size\">\n<table class=\"has-cyan-bluish-gray-background-color has-background\">\n<tbody>\n<tr>\n<td>Mod\u00e8le<\/td>\n<td>Num\u00e9ro de pi\u00e8ce<\/td>\n<td>Diam\u00e8tre ext\u00e9rieur<\/td>\n<td>Diam\u00e8tre int\u00e9rieur<\/td>\n<td>Hauteur totale<\/td>\n<td>Hauteur ext\u00e9rieure<\/td>\n<td>Hauteur int\u00e9rieure<\/td>\n<td>Param\u00e8tres du trou ext\u00e9rieur<\/td>\n<td>Param\u00e8tres du trou int\u00e9rieur<\/td>\n<td>Nombre de dents<\/td>\n<\/tr>\n<tr>\n<td>R922<\/td>\n<td>LE982706001<\/td>\n<td>1215<\/td>\n<td>940<\/td>\n<td>115<\/td>\n<td>72<\/td>\n<td>105<\/td>\n<td>48-\u03c622<\/td>\n<td>56-M20<\/td>\n<td>94<\/td>\n<\/tr>\n<tr>\n<td>924HDSL<\/td>\n<td>LE982751901<\/td>\n<td>1215<\/td>\n<td>940<\/td>\n<td>115<\/td>\n<td>72<\/td>\n<td>105<\/td>\n<td>48-\u042422<\/td>\n<td>56-M20 tissu<\/td>\n<td>94<\/td>\n<\/tr>\n<tr>\n<td>R924C<\/td>\n<td>982751901<\/td>\n<td>1215<\/td>\n<td>940<\/td>\n<td>115<\/td>\n<td>72<\/td>\n<td>105<\/td>\n<td>48-\u042422<\/td>\n<td>56-M20 tissu<\/td>\n<td>94<\/td>\n<\/tr>\n<tr>\n<td>R924C<\/td>\n<td>932833001<\/td>\n<td>1215<\/td>\n<td>940<\/td>\n<td>115<\/td>\n<td>72<\/td>\n<td>105<\/td>\n<td>48-\u042422<\/td>\n<td>56-M20 tissu<\/td>\n<td>94<\/td>\n<\/tr>\n<tr>\n<td>R924B<\/td>\n<td>982751901<\/td>\n<td>1215<\/td>\n<td>940<\/td>\n<td>115<\/td>\n<td>72<\/td>\n<td>105<\/td>\n<td>48-\u042422<\/td>\n<td>56-M20 tissu<\/td>\n<td>94<\/td>\n<\/tr>\n<tr>\n<td>R934<\/td>\n<td>933816501<\/td>\n<td>1355<\/td>\n<td>1012<\/td>\n<td>125<\/td>\n<td><\/td>\n<td><\/td>\n<td>40<\/td>\n<td>48<\/td>\n<td>92<\/td>\n<\/tr>\n<tr>\n<td>R934HD-S<\/td>\n<td>LE939500601<\/td>\n<td>1355<\/td>\n<td>1012<\/td>\n<td>125<\/td>\n<td>92<\/td>\n<td>113<\/td>\n<td>40-26 trou de passage<\/td>\n<td>48-M24<\/td>\n<td>92<\/td>\n<\/tr>\n<tr>\n<td>934<\/td>\n<td>982752401<\/td>\n<td>1355<\/td>\n<td>1012<\/td>\n<td>125<\/td>\n<td>92<\/td>\n<td>113<\/td>\n<td>40-26 trou de passage<\/td>\n<td>48-M24<\/td>\n<td>92<\/td>\n<\/tr>\n<tr>\n<td>R-944C<\/td>\n<td>933628601<\/td>\n<td>1365<\/td>\n<td>1008<\/td>\n<td>150<\/td>\n<td>112<\/td>\n<td>140<\/td>\n<td>60-\u042426<\/td>\n<td>72-M24 tissu<\/td>\n<td>84<\/td>\n<\/tr>\n<tr>\n<td>R944B<\/td>\n<td>933626601<\/td>\n<td>1365<\/td>\n<td>1008<\/td>\n<td>150<\/td>\n<td>112<\/td>\n<td>140<\/td>\n<td>60<\/td>\n<td>72<\/td>\n<td>84<\/td>\n<\/tr>\n<\/tbody>\n<\/table>\n<\/figure>\n<p>Les pelles Liebherr sont r\u00e9put\u00e9es pour leur fiabilit\u00e9 et leur durabilit\u00e9, ce qui en fait un choix populaire dans les secteurs de la construction et de l'exploitation mini\u00e8re. L'un des composants essentiels qui contribuent aux performances de la machine est le palier d'orientation de la pelle. Les paliers d'orientation Liebherr pour pelles sont con\u00e7us pour r\u00e9pondre aux exigences \u00e9lev\u00e9es des travaux lourds dans des environnements difficiles.<\/p>\n<p>Les couronnes d'orientation pour excavateurs jouent un r\u00f4le crucial dans le fonctionnement de la machine, car elles soutiennent la rotation de la structure sup\u00e9rieure. Sans une couronne d'orientation de qualit\u00e9 pour une excavatrice, la structure sup\u00e9rieure ne peut pas tourner en douceur, ce qui affecte les performances globales de la machine. Les couronnes d'orientation Liebherr pour pelles sont con\u00e7ues pour offrir une capacit\u00e9 de charge \u00e9lev\u00e9e, une grande pr\u00e9cision et une longue dur\u00e9e de vie, garantissant ainsi des performances optimales de la machine.<\/p>\n<p>Les paliers oscillants pour pelles Liebherr sont \u00e9galement connus sous le nom de paliers de couronne d'oscillation, paliers de couronne d'orientation pour pelles ou paliers de table tournante. Ces roulements sont con\u00e7us avec un chemin de roulement pour supporter le poids de la machine, ce qui permet \u00e0 la structure sup\u00e9rieure de tourner facilement. Le palier d'orientation des pi\u00e8ces d'excavateur est fabriqu\u00e9 \u00e0 partir de mat\u00e9riaux tr\u00e8s r\u00e9sistants, ce qui lui permet de supporter de lourdes charges, des temp\u00e9ratures extr\u00eames et des conditions difficiles.<\/p>\n<p>Liebherr propose une gamme de roulements d'orientation pour excavateurs compatibles avec diff\u00e9rents mod\u00e8les d'excavateurs. Les mod\u00e8les actuellement disponibles sur le march\u00e9 sont R914, R924, R944, R934 et R944CLC. Ces mod\u00e8les sont con\u00e7us pour offrir une durabilit\u00e9 et des performances maximales, garantissant ainsi que votre machine peut faire face \u00e0 tous les travaux que vous lui confiez.<\/p>","protected":false},"excerpt":{"rendered":"<p><strong>Partie<\/strong> #: 982751901<br \/>\n<strong>Faire<\/strong>: LIEBHERR<br \/>\n<strong>Mod\u00e8le<\/strong>: A924C<br \/>\n<strong>Condition<\/strong>: Nouveau<\/p>","protected":false},"featured_media":2930,"template":"","meta":[],"product_brand":[],"product_cat":[22,72],"product_tag":[52],"class_list":{"0":"post-4899","1":"product","2":"type-product","3":"status-publish","4":"has-post-thumbnail","6":"product_cat-swing-bearing","7":"product_cat-liebherr-excavator-swing-bearing","8":"product_tag-swing-bearing","10":"first","11":"instock","12":"shipping-taxable","13":"product-type-simple"},"_links":{"self":[{"href":"https:\/\/swingbearing.net\/fr\/wp-json\/wp\/v2\/product\/4899","targetHints":{"allow":["GET"]}}],"collection":[{"href":"https:\/\/swingbearing.net\/fr\/wp-json\/wp\/v2\/product"}],"about":[{"href":"https:\/\/swingbearing.net\/fr\/wp-json\/wp\/v2\/types\/product"}],"wp:featuredmedia":[{"embeddable":true,"href":"https:\/\/swingbearing.net\/fr\/wp-json\/wp\/v2\/media\/2930"}],"wp:attachment":[{"href":"https:\/\/swingbearing.net\/fr\/wp-json\/wp\/v2\/media?parent=4899"}],"wp:term":[{"taxonomy":"product_brand","embeddable":true,"href":"https:\/\/swingbearing.net\/fr\/wp-json\/wp\/v2\/product_brand?post=4899"},{"taxonomy":"product_cat","embeddable":true,"href":"https:\/\/swingbearing.net\/fr\/wp-json\/wp\/v2\/product_cat?post=4899"},{"taxonomy":"product_tag","embeddable":true,"href":"https:\/\/swingbearing.net\/fr\/wp-json\/wp\/v2\/product_tag?post=4899"}],"curies":[{"name":"wp","href":"https:\/\/api.w.org\/{rel}","templated":true}]}}