{"id":4826,"date":"2024-08-15T10:41:49","date_gmt":"2024-08-15T10:41:49","guid":{"rendered":"https:\/\/swingbearing.net\/?post_type=product&#038;p=4826"},"modified":"2024-08-15T10:55:27","modified_gmt":"2024-08-15T10:55:27","slug":"excavator-hydraulic-pump-sa-7220-00601-piston-pump-for-volvo-ec290-ec210","status":"publish","type":"product","link":"https:\/\/swingbearing.net\/fr\/produit\/excavator-hydraulic-pump-sa-7220-00601-piston-pump-for-volvo-ec290-ec210\/","title":{"rendered":"Pompe hydraulique pour pelleteuse SA 7220-00601 Pompe \u00e0 piston pour Volvo EC290 EC210"},"content":{"rendered":"<h3 class=\"wp-block-heading\"><strong>Description du produit<\/strong><\/h3>\r\n\r\n\r\n<hr class=\"wp-block-separator has-alpha-channel-opacity\" \/>\r\n\r\n\r\n<h2 class=\"wp-block-heading\">SA 7220-00601 Hydraulic Main Pump Fits For Volvo EC290 EC210<\/h2>\r\n<p><a href=\"https:\/\/swingbearing.net\/wp-content\/uploads\/2024\/08\/VOLVOEC70012.jpg\"><img decoding=\"async\" class=\"alignnone wp-image-4816 size-woocommerce_single\" src=\"https:\/\/swingbearing.net\/wp-content\/uploads\/2024\/08\/VOLVOEC70012-600x456.jpg\" alt=\"Pompe hydraulique\" width=\"600\" height=\"456\" srcset=\"https:\/\/swingbearing.net\/wp-content\/uploads\/2024\/08\/VOLVOEC70012-600x456.jpg 600w, https:\/\/swingbearing.net\/wp-content\/uploads\/2024\/08\/VOLVOEC70012-300x228.jpg 300w, https:\/\/swingbearing.net\/wp-content\/uploads\/2024\/08\/VOLVOEC70012-768x584.jpg 768w, https:\/\/swingbearing.net\/wp-content\/uploads\/2024\/08\/VOLVOEC70012-16x12.jpg 16w, https:\/\/swingbearing.net\/wp-content\/uploads\/2024\/08\/VOLVOEC70012.jpg 900w\" sizes=\"(max-width: 600px) 100vw, 600px\" \/><\/a><\/p>\r\n<div id=\"attachment_4827\" style=\"width: 610px\" class=\"wp-caption alignnone\"><a href=\"https:\/\/swingbearing.net\/wp-content\/uploads\/2024\/08\/EC290.png\"><img decoding=\"async\" aria-describedby=\"caption-attachment-4827\" class=\"wp-image-4827 size-woocommerce_single\" src=\"https:\/\/swingbearing.net\/wp-content\/uploads\/2024\/08\/EC290-600x424.png\" alt=\"Pompe hydraulique\" width=\"600\" height=\"424\" srcset=\"https:\/\/swingbearing.net\/wp-content\/uploads\/2024\/08\/EC290-600x424.png 600w, https:\/\/swingbearing.net\/wp-content\/uploads\/2024\/08\/EC290-300x212.png 300w, https:\/\/swingbearing.net\/wp-content\/uploads\/2024\/08\/EC290-18x12.png 18w, https:\/\/swingbearing.net\/wp-content\/uploads\/2024\/08\/EC290.png 680w\" sizes=\"(max-width: 600px) 100vw, 600px\" \/><\/a><p id=\"caption-attachment-4827\" class=\"wp-caption-text\">Pompe hydraulique<\/p><\/div>\r\n<p>&nbsp;<\/p>\r\n<table style=\"height: 1797px;\" border=\"1\" width=\"563\" cellspacing=\"0\" cellpadding=\"0\">\r\n<tbody>\r\n<tr>\r\n<td rowspan=\"2\"><strong>#<\/strong><\/td>\r\n<td rowspan=\"2\"><strong>Part No<\/strong><\/td>\r\n<td rowspan=\"2\"><strong>Nom de la pi\u00e8ce<\/strong><\/td>\r\n<td><strong>Qty.<\/strong><\/td>\r\n<td><strong>Price request<\/strong><\/td>\r\n<\/tr>\r\n<tr>\r\n<td><strong>DG00A001<\/strong><\/td>\r\n<td>\u00a0<\/td>\r\n<\/tr>\r\n<tr>\r\n<td>\u00a0<\/td>\r\n<td>SA 7220-00601<\/td>\r\n<td>Pump more<\/td>\r\n<td>1<\/td>\r\n<td>\u2002<\/td>\r\n<\/tr>\r\n<tr>\r\n<td>1<\/td>\r\n<td>SA 7223-00110<\/td>\r\n<td>Piston<\/td>\r\n<td>2<\/td>\r\n<td>\u2002<\/td>\r\n<\/tr>\r\n<tr>\r\n<td>2<\/td>\r\n<td>SA 7223-00120<\/td>\r\n<td>Piston<\/td>\r\n<td>9<\/td>\r\n<td>\u2002<\/td>\r\n<\/tr>\r\n<tr>\r\n<td>3<\/td>\r\n<td>SA 7223-00130<\/td>\r\n<td>Pad<\/td>\r\n<td>9<\/td>\r\n<td>\u2002<\/td>\r\n<\/tr>\r\n<tr>\r\n<td>4<\/td>\r\n<td>SA 7223-00760<\/td>\r\n<td>Cylinder<\/td>\r\n<td>1<\/td>\r\n<td>\u2002<\/td>\r\n<\/tr>\r\n<tr>\r\n<td>5<\/td>\r\n<td>SA 7223-00070<\/td>\r\n<td>Cylinder Block<\/td>\r\n<td>1<\/td>\r\n<td>\u2002<\/td>\r\n<\/tr>\r\n<tr>\r\n<td>6<\/td>\r\n<td>SA 7223-00340<\/td>\r\n<td>Plate<\/td>\r\n<td>1<\/td>\r\n<td>\u2002<\/td>\r\n<\/tr>\r\n<tr>\r\n<td>7<\/td>\r\n<td>SA 7223-00770<\/td>\r\n<td>Cylinder<\/td>\r\n<td>1<\/td>\r\n<td>\u2002<\/td>\r\n<\/tr>\r\n<tr>\r\n<td>8<\/td>\r\n<td>SA 7223-00070<\/td>\r\n<td>Cylinder Block<\/td>\r\n<td>1<\/td>\r\n<td>\u2002<\/td>\r\n<\/tr>\r\n<tr>\r\n<td>9<\/td>\r\n<td>SA 7223-00350<\/td>\r\n<td>Plate<\/td>\r\n<td>1<\/td>\r\n<td>\u2002<\/td>\r\n<\/tr>\r\n<tr>\r\n<td>10<\/td>\r\n<td>SA 7223-00820<\/td>\r\n<td>Valve more<\/td>\r\n<td>1<\/td>\r\n<td>\u2002<\/td>\r\n<\/tr>\r\n<tr>\r\n<td>11<\/td>\r\n<td>SA 7223-00010<\/td>\r\n<td>Shaft<\/td>\r\n<td>1<\/td>\r\n<td>\u2002<\/td>\r\n<\/tr>\r\n<tr>\r\n<td>12<\/td>\r\n<td>SA 7223-00020<\/td>\r\n<td>Shaft<\/td>\r\n<td>1<\/td>\r\n<td>\u2002<\/td>\r\n<\/tr>\r\n<tr>\r\n<td>13<\/td>\r\n<td>SA 7223-00030<\/td>\r\n<td>Connector<\/td>\r\n<td>1<\/td>\r\n<td>\u2002<\/td>\r\n<\/tr>\r\n<tr>\r\n<td>14<\/td>\r\n<td>SA 7223-00040<\/td>\r\n<td>Roller Bearing<\/td>\r\n<td>2<\/td>\r\n<td>\u2002<\/td>\r\n<\/tr>\r\n<tr>\r\n<td>15<\/td>\r\n<td>SA 7223-00050<\/td>\r\n<td>Needle Bearing<\/td>\r\n<td>2<\/td>\r\n<td>\u2002<\/td>\r\n<\/tr>\r\n<tr>\r\n<td>16<\/td>\r\n<td>SA 7223-00060<\/td>\r\n<td>Spacer<\/td>\r\n<td>3<\/td>\r\n<td>\u2002<\/td>\r\n<\/tr>\r\n<tr>\r\n<td>17<\/td>\r\n<td>SA 7242-10210<\/td>\r\n<td>Plate<\/td>\r\n<td>2<\/td>\r\n<td>\u2002<\/td>\r\n<\/tr>\r\n<tr>\r\n<td>18<\/td>\r\n<td>VOE 14510060<\/td>\r\n<td>Bushing<\/td>\r\n<td>2<\/td>\r\n<td>\u2002<\/td>\r\n<\/tr>\r\n<tr>\r\n<td>19<\/td>\r\n<td>SA 7223-00170<\/td>\r\n<td>Spring<\/td>\r\n<td>18<\/td>\r\n<td>\u2002<\/td>\r\n<\/tr>\r\n<tr>\r\n<td>20<\/td>\r\n<td>SA 7223-00430<\/td>\r\n<td>Stop<\/td>\r\n<td>2<\/td>\r\n<td>\u2002<\/td>\r\n<\/tr>\r\n<tr>\r\n<td>21<\/td>\r\n<td>SA 7223-00210<\/td>\r\n<td>Plate<\/td>\r\n<td>2<\/td>\r\n<td>\u2002<\/td>\r\n<\/tr>\r\n<tr>\r\n<td>22<\/td>\r\n<td>VOE 14506635<\/td>\r\n<td>Plate<\/td>\r\n<td>2<\/td>\r\n<td>\u2002<\/td>\r\n<\/tr>\r\n<tr>\r\n<td>23<\/td>\r\n<td>SA 7223-00220<\/td>\r\n<td>Plate<\/td>\r\n<td>1<\/td>\r\n<td>\u2002<\/td>\r\n<\/tr>\r\n<tr>\r\n<td>24<\/td>\r\n<td>SA 7223-00240<\/td>\r\n<td>Bushing<\/td>\r\n<td>1<\/td>\r\n<td>\u2002<\/td>\r\n<\/tr>\r\n<tr>\r\n<td>25<\/td>\r\n<td>VOE 14506666<\/td>\r\n<td>Support<\/td>\r\n<td>2<\/td>\r\n<td>\u2002<\/td>\r\n<\/tr>\r\n<tr>\r\n<td>26<\/td>\r\n<td>SA 7223-00250<\/td>\r\n<td>Support<\/td>\r\n<td>1<\/td>\r\n<td>\u2002<\/td>\r\n<\/tr>\r\n<tr>\r\n<td>27<\/td>\r\n<td>SA 7242-11040<\/td>\r\n<td>Plug more<\/td>\r\n<td>29<\/td>\r\n<td>\u2002<\/td>\r\n<\/tr>\r\n<tr>\r\n<td>28<\/td>\r\n<td>VOE 14506634<\/td>\r\n<td>Pin<\/td>\r\n<td>2<\/td>\r\n<td>\u2002<\/td>\r\n<\/tr>\r\n<tr>\r\n<td>29<\/td>\r\n<td>SA 7223-00400<\/td>\r\n<td>Pin<\/td>\r\n<td>1<\/td>\r\n<td>\u2002<\/td>\r\n<\/tr>\r\n<tr>\r\n<td>30<\/td>\r\n<td>SA 7223-00570<\/td>\r\n<td>Pin<\/td>\r\n<td>1<\/td>\r\n<td>\u2002<\/td>\r\n<\/tr>\r\n<tr>\r\n<td>31<\/td>\r\n<td>SA 7223-00280<\/td>\r\n<td>Cover<\/td>\r\n<td>1<\/td>\r\n<td>\u2002<\/td>\r\n<\/tr>\r\n<tr>\r\n<td>32<\/td>\r\n<td>SA 7223-00290<\/td>\r\n<td>Casing more<\/td>\r\n<td>2<\/td>\r\n<td>\u2002<\/td>\r\n<\/tr>\r\n<tr>\r\n<td>33<\/td>\r\n<td>SA 7223-00310<\/td>\r\n<td>Block<\/td>\r\n<td>1<\/td>\r\n<td>\u2002<\/td>\r\n<\/tr>\r\n<tr>\r\n<td>34<\/td>\r\n<td>SA 7223-00390<\/td>\r\n<td>Bolt<\/td>\r\n<td>8<\/td>\r\n<td>\u2002<\/td>\r\n<\/tr>\r\n<tr>\r\n<td>35<\/td>\r\n<td>VOE 967630<\/td>\r\n<td>Allen Hd Screw more<\/td>\r\n<td>4<\/td>\r\n<td>\u2002<\/td>\r\n<\/tr>\r\n<tr>\r\n<td>36<\/td>\r\n<td>SA 9415-11021<\/td>\r\n<td>Plug more<\/td>\r\n<td>2<\/td>\r\n<td>\u2002<\/td>\r\n<\/tr>\r\n<tr>\r\n<td>37<\/td>\r\n<td>SA 7223-00480<\/td>\r\n<td>Check valve<\/td>\r\n<td>2<\/td>\r\n<td>\u2002<\/td>\r\n<\/tr>\r\n<tr>\r\n<td>38<\/td>\r\n<td>SA 7223-00510<\/td>\r\n<td>Seat<\/td>\r\n<td>1<\/td>\r\n<td>\u2002<\/td>\r\n<\/tr>\r\n<tr>\r\n<td>39<\/td>\r\n<td>SA 7223-00530<\/td>\r\n<td>Stop<\/td>\r\n<td>1<\/td>\r\n<td>\u2002<\/td>\r\n<\/tr>\r\n<tr>\r\n<td>40<\/td>\r\n<td>SA 9676-73200<\/td>\r\n<td>Ball more<\/td>\r\n<td>1<\/td>\r\n<td>\u2002<\/td>\r\n<\/tr>\r\n<tr>\r\n<td>41<\/td>\r\n<td>SA 7223-00490<\/td>\r\n<td>Check valve<\/td>\r\n<td>2<\/td>\r\n<td>\u2002<\/td>\r\n<\/tr>\r\n<tr>\r\n<td>42<\/td>\r\n<td>SA 7223-00510<\/td>\r\n<td>Seat<\/td>\r\n<td>1<\/td>\r\n<td>\u2002<\/td>\r\n<\/tr>\r\n<tr>\r\n<td>43<\/td>\r\n<td>SA 7223-00550<\/td>\r\n<td>Stop<\/td>\r\n<td>1<\/td>\r\n<td>\u2002<\/td>\r\n<\/tr>\r\n<tr>\r\n<td>44<\/td>\r\n<td>SA 9676-73200<\/td>\r\n<td>Ball more<\/td>\r\n<td>1<\/td>\r\n<td>\u2002<\/td>\r\n<\/tr>\r\n<tr>\r\n<td>45<\/td>\r\n<td>SA 9415-11051<\/td>\r\n<td>Plug more<\/td>\r\n<td>3<\/td>\r\n<td>\u2002<\/td>\r\n<\/tr>\r\n<tr>\r\n<td>46<\/td>\r\n<td>SA 7223-00690<\/td>\r\n<td>O-ring<\/td>\r\n<td>2<\/td>\r\n<td>\u2002<\/td>\r\n<\/tr>\r\n<tr>\r\n<td>47<\/td>\r\n<td>SA 9511-22105<\/td>\r\n<td>O-ring more<\/td>\r\n<td>1<\/td>\r\n<td>\u2002<\/td>\r\n<\/tr>\r\n<tr>\r\n<td>48<\/td>\r\n<td>SA 7223-00590<\/td>\r\n<td>O-ring<\/td>\r\n<td>2<\/td>\r\n<td>\u2002<\/td>\r\n<\/tr>\r\n<tr>\r\n<td>49<\/td>\r\n<td>SA 7223-00600<\/td>\r\n<td>O-ring<\/td>\r\n<td>2<\/td>\r\n<td>\u2002<\/td>\r\n<\/tr>\r\n<tr>\r\n<td>50<\/td>\r\n<td>SA 9511-12008<\/td>\r\n<td>O-ring more<\/td>\r\n<td>16<\/td>\r\n<td>\u2002<\/td>\r\n<\/tr>\r\n<tr>\r\n<td>51<\/td>\r\n<td>SA 9511-12011<\/td>\r\n<td>O-ring more<\/td>\r\n<td>4<\/td>\r\n<td>\u2002<\/td>\r\n<\/tr>\r\n<tr>\r\n<td>52<\/td>\r\n<td>SA 9511-12024<\/td>\r\n<td>O-ring more<\/td>\r\n<td>3<\/td>\r\n<td>\u2002<\/td>\r\n<\/tr>\r\n<tr>\r\n<td>53<\/td>\r\n<td>SA 7223-00700<\/td>\r\n<td>O-ring<\/td>\r\n<td>2<\/td>\r\n<td>\u2002<\/td>\r\n<\/tr>\r\n<tr>\r\n<td>54<\/td>\r\n<td>SA 7223-00710<\/td>\r\n<td>Seal<\/td>\r\n<td>1<\/td>\r\n<td>\u2002<\/td>\r\n<\/tr>\r\n<tr>\r\n<td>55<\/td>\r\n<td>SA 7223-00640<\/td>\r\n<td>Ring<\/td>\r\n<td>2<\/td>\r\n<td>\u2002<\/td>\r\n<\/tr>\r\n<tr>\r\n<td>56<\/td>\r\n<td>SA 7223-00650<\/td>\r\n<td>Ring<\/td>\r\n<td>2<\/td>\r\n<td>\u2002<\/td>\r\n<\/tr>\r\n<tr>\r\n<td>57<\/td>\r\n<td>VOE 979022<\/td>\r\n<td>Nut more<\/td>\r\n<td>4<\/td>\r\n<td>\u2002<\/td>\r\n<\/tr>\r\n<tr>\r\n<td>58<\/td>\r\n<td>SA 9541-01045<\/td>\r\n<td>Snap Ring more<\/td>\r\n<td>2<\/td>\r\n<td>\u2002<\/td>\r\n<\/tr>\r\n<tr>\r\n<td>59<\/td>\r\n<td>SA 7242-10560<\/td>\r\n<td>Pin<\/td>\r\n<td>2<\/td>\r\n<td>\u2002<\/td>\r\n<\/tr>\r\n<tr>\r\n<td>60<\/td>\r\n<td>SA 7223-00660<\/td>\r\n<td>Spring Pin<\/td>\r\n<td>4<\/td>\r\n<td>\u2002<\/td>\r\n<\/tr>\r\n<tr>\r\n<td>61<\/td>\r\n<td>SA 9031-11200<\/td>\r\n<td>Eye Bolt more<\/td>\r\n<td>2<\/td>\r\n<td>\u2002<\/td>\r\n<\/tr>\r\n<tr>\r\n<td>62<\/td>\r\n<td>SA 7223-00670<\/td>\r\n<td>Set Screw<\/td>\r\n<td>2<\/td>\r\n<td>\u2002<\/td>\r\n<\/tr>\r\n<tr>\r\n<td>63<\/td>\r\n<td>SA 7223-00680<\/td>\r\n<td>Set Screw<\/td>\r\n<td>2<\/td>\r\n<td>\u2002<\/td>\r\n<\/tr>\r\n<tr>\r\n<td>64<\/td>\r\n<td>SA 7223-00410<\/td>\r\n<td>Piston<\/td>\r\n<td>2<\/td>\r\n<td>\u2002<\/td>\r\n<\/tr>\r\n<tr>\r\n<td>65<\/td>\r\n<td>SA 7223-00420<\/td>\r\n<td>Stop<\/td>\r\n<td>2<\/td>\r\n<td>\u2002<\/td>\r\n<\/tr>\r\n<tr>\r\n<td>100<\/td>\r\n<td>SA 8148-15050<\/td>\r\n<td>Sealing Kit more<\/td>\r\n<td>1<\/td>\r\n<td>\u2002<\/td>\r\n<\/tr>\r\n<\/tbody>\r\n<\/table>\r\n<p>&nbsp;<\/p>\r\n<h2 class=\"wp-block-heading\">Introduction of\u00a0 Volvo EC290 EC210 Hydraulic Main Pump<\/h2>\r\n<div id=\"attachment_4814\" style=\"width: 310px\" class=\"wp-caption alignnone\"><a href=\"https:\/\/swingbearing.net\/wp-content\/uploads\/2024\/08\/VOLVOEC7001.jpg\"><img decoding=\"async\" aria-describedby=\"caption-attachment-4814\" class=\"wp-image-4814 size-medium\" src=\"https:\/\/swingbearing.net\/wp-content\/uploads\/2024\/08\/VOLVOEC7001-300x249.jpg\" alt=\"Pompe hydraulique\" width=\"300\" height=\"249\" srcset=\"https:\/\/swingbearing.net\/wp-content\/uploads\/2024\/08\/VOLVOEC7001-300x249.jpg 300w, https:\/\/swingbearing.net\/wp-content\/uploads\/2024\/08\/VOLVOEC7001-768x637.jpg 768w, https:\/\/swingbearing.net\/wp-content\/uploads\/2024\/08\/VOLVOEC7001-14x12.jpg 14w, https:\/\/swingbearing.net\/wp-content\/uploads\/2024\/08\/VOLVOEC7001-600x497.jpg 600w, https:\/\/swingbearing.net\/wp-content\/uploads\/2024\/08\/VOLVOEC7001.jpg 1000w\" sizes=\"(max-width: 300px) 100vw, 300px\" \/><\/a><p id=\"caption-attachment-4814\" class=\"wp-caption-text\">Pompe hydraulique<\/p><\/div>\r\n<table border=\"1\" cellspacing=\"0\" cellpadding=\"0\">\r\n<tbody>\r\n<tr>\r\n<td>Nom du produit\u00a0 \u00a0 \u00a0 \u00a0 \u00a0 \u00a0 \u00a0 \u00a0<\/td>\r\n<td>Pompe hydraulique de pelleteuse<\/td>\r\n<\/tr>\r\n<tr>\r\n<td>Qualit\u00e9\u00a0 \u00a0 \u00a0<\/td>\r\n<td>Haute qualit\u00e9 100% Nouveau<\/td>\r\n<\/tr>\r\n<tr>\r\n<td>Mod\u00e8le de machine\u00a0 \u00a0\u00a0<\/td>\r\n<td>EC290 EC210 \u00a0 \u00a0 \u00a0<\/td>\r\n<\/tr>\r\n<tr>\r\n<td>Weight\u00a0<\/td>\r\n<td>190KG<\/td>\r\n<\/tr>\r\n<tr>\r\n<td>Paquet<\/td>\r\n<td>Caisse en bois standard pour l'exportation\u00a0 \u00a0 \u00a0 \u00a0 \u00a0 \u00a0 \u00a0 \u00a0 \u00a0 \u00a0 \u00a0 \u00a0 \u00a0 \u00a0 \u00a0 \u00a0 \u00a0 \u00a0 \u00a0 \u00a0 \u00a0 \u00a0 \u00a0 \u00a0 \u00a0 \u00a0\u00a0<\/td>\r\n<\/tr>\r\n<tr>\r\n<td>Num\u00e9ro de pi\u00e8ce<\/td>\r\n<td>SA 7220-00601 14524052 14531591 14641331 \u00a0 \u00a0 \u00a0 \u00a0 \u00a0 \u00a0 \u00a0 \u00a0<\/td>\r\n<\/tr>\r\n<tr>\r\n<td>Pression<\/td>\r\n<td>Standard, Haute pression<\/td>\r\n<\/tr>\r\n<\/tbody>\r\n<\/table>\r\n<h3>\r\n\r\n<\/h3>\r\n<p><\/p>\r\n<p>Les pompes hydrauliques sont des composants essentiels des syst\u00e8mes hydrauliques, charg\u00e9s de convertir l'\u00e9nergie m\u00e9canique en \u00e9nergie hydraulique. Il est essentiel de comprendre la structure, les fonctions et la maintenance des pompes hydrauliques pour garantir le fonctionnement efficace des machines et des \u00e9quipements dans diverses industries.<\/p>\r\n<p>\r\n\r\n<\/p>\r\n<h2 class=\"wp-block-heading\">Composants de la pompe hydraulique principale<\/h2>\r\n<p>\r\n\r\n<\/p>\r\n<p>Les pompes hydrauliques sont constitu\u00e9es de plusieurs composants cl\u00e9s qui fonctionnent ensemble pour g\u00e9n\u00e9rer de l'\u00e9nergie hydraulique. Les principaux composants d'une pompe hydraulique sont les suivants<\/p>\r\n<p>\r\n\r\n<\/p>\r\n<ul class=\"wp-block-list\">\r\n<li><strong>Bo\u00eetier de pompe<\/strong>: L'enveloppe ext\u00e9rieure qui renferme et prot\u00e8ge les composants internes de la pompe.<\/li>\r\n\r\n\r\n\r\n<li><strong>Ports d'entr\u00e9e et de sortie<\/strong>: Points d'entr\u00e9e et de sortie du fluide hydraulique dans la pompe.<\/li>\r\n\r\n\r\n\r\n<li><strong>Groupe de rotation<\/strong>: Il est compos\u00e9 d'engrenages, d'ailettes ou de pistons qui tournent pour cr\u00e9er un flux et une pression dans le syst\u00e8me.<\/li>\r\n\r\n\r\n\r\n<li><strong>Arbre d'entra\u00eenement<\/strong>: Transf\u00e8re l'\u00e9nergie m\u00e9canique du moteur principal au groupe rotatif de la pompe.<\/li>\r\n\r\n\r\n\r\n<li><strong>Joints et joints toriques<\/strong>: Pr\u00e9venir les fuites et maintenir l'int\u00e9grit\u00e9 du syst\u00e8me hydraulique.\r\n<p><a href=\"https:\/\/swingbearing.net\/wp-content\/uploads\/2024\/08\/VOLVOEC70013.jpg\"><img decoding=\"async\" class=\"alignnone wp-image-4817 size-woocommerce_single\" src=\"https:\/\/swingbearing.net\/wp-content\/uploads\/2024\/08\/VOLVOEC70013-600x565.jpg\" alt=\"Pompe hydraulique\" width=\"600\" height=\"565\" srcset=\"https:\/\/swingbearing.net\/wp-content\/uploads\/2024\/08\/VOLVOEC70013-600x565.jpg 600w, https:\/\/swingbearing.net\/wp-content\/uploads\/2024\/08\/VOLVOEC70013-300x282.jpg 300w, https:\/\/swingbearing.net\/wp-content\/uploads\/2024\/08\/VOLVOEC70013-768x723.jpg 768w, https:\/\/swingbearing.net\/wp-content\/uploads\/2024\/08\/VOLVOEC70013-13x12.jpg 13w, https:\/\/swingbearing.net\/wp-content\/uploads\/2024\/08\/VOLVOEC70013.jpg 950w\" sizes=\"(max-width: 600px) 100vw, 600px\" \/><\/a><\/p>\r\n<p><a href=\"https:\/\/swingbearing.net\/wp-content\/uploads\/2024\/08\/tt.jpg\"><img decoding=\"async\" class=\"alignnone wp-image-4824 size-woocommerce_single\" src=\"https:\/\/swingbearing.net\/wp-content\/uploads\/2024\/08\/tt-600x755.jpg\" alt=\"Pompe hydraulique\" width=\"600\" height=\"755\" srcset=\"https:\/\/swingbearing.net\/wp-content\/uploads\/2024\/08\/tt-600x755.jpg 600w, https:\/\/swingbearing.net\/wp-content\/uploads\/2024\/08\/tt-239x300.jpg 239w, https:\/\/swingbearing.net\/wp-content\/uploads\/2024\/08\/tt-814x1024.jpg 814w, https:\/\/swingbearing.net\/wp-content\/uploads\/2024\/08\/tt-768x966.jpg 768w, https:\/\/swingbearing.net\/wp-content\/uploads\/2024\/08\/tt-10x12.jpg 10w, https:\/\/swingbearing.net\/wp-content\/uploads\/2024\/08\/tt.jpg 900w\" sizes=\"(max-width: 600px) 100vw, 600px\" \/><\/a><\/p>\r\n<\/li>\r\n<li>\r\n<p>&nbsp;<\/p>\r\n\n\t\t<style type=\"text\/css\">\n\t\t\t#gallery-1 {\n\t\t\t\tmargin: auto;\n\t\t\t}\n\t\t\t#gallery-1 .gallery-item {\n\t\t\t\tfloat: left;\n\t\t\t\tmargin-top: 10px;\n\t\t\t\ttext-align: center;\n\t\t\t\twidth: 25%;\n\t\t\t}\n\t\t\t#gallery-1 img {\n\t\t\t\tborder: 2px solid #cfcfcf;\n\t\t\t}\n\t\t\t#gallery-1 .gallery-caption {\n\t\t\t\tmargin-left: 0;\n\t\t\t}\n\t\t\t\/* see gallery_shortcode() in wp-includes\/media.php *\/\n\t\t<\/style>\n\t\t<div id='gallery-1' class='gallery galleryid-4826 gallery-columns-4 gallery-size-woocommerce_single'><dl class='gallery-item'>\n\t\t\t<dt class='gallery-icon landscape'>\n\t\t\t\t<a href='https:\/\/swingbearing.net\/wp-content\/uploads\/2024\/08\/1tt.jpg'><img decoding=\"async\" width=\"600\" height=\"450\" src=\"https:\/\/swingbearing.net\/wp-content\/uploads\/2024\/08\/1tt-600x450.jpg\" class=\"attachment-woocommerce_single size-woocommerce_single\" alt=\"Pompe hydraulique\" srcset=\"https:\/\/swingbearing.net\/wp-content\/uploads\/2024\/08\/1tt-600x450.jpg 600w, https:\/\/swingbearing.net\/wp-content\/uploads\/2024\/08\/1tt-300x225.jpg 300w, https:\/\/swingbearing.net\/wp-content\/uploads\/2024\/08\/1tt-768x576.jpg 768w, https:\/\/swingbearing.net\/wp-content\/uploads\/2024\/08\/1tt-16x12.jpg 16w, https:\/\/swingbearing.net\/wp-content\/uploads\/2024\/08\/1tt.jpg 1000w\" sizes=\"(max-width: 600px) 100vw, 600px\" \/><\/a>\n\t\t\t<\/dt><\/dl><dl class='gallery-item'>\n\t\t\t<dt class='gallery-icon landscape'>\n\t\t\t\t<a href='https:\/\/swingbearing.net\/wp-content\/uploads\/2024\/08\/tt2.jpg'><img decoding=\"async\" width=\"600\" height=\"450\" src=\"https:\/\/swingbearing.net\/wp-content\/uploads\/2024\/08\/tt2-600x450.jpg\" class=\"attachment-woocommerce_single size-woocommerce_single\" alt=\"Pompe hydraulique\" srcset=\"https:\/\/swingbearing.net\/wp-content\/uploads\/2024\/08\/tt2-600x450.jpg 600w, https:\/\/swingbearing.net\/wp-content\/uploads\/2024\/08\/tt2-300x225.jpg 300w, https:\/\/swingbearing.net\/wp-content\/uploads\/2024\/08\/tt2-768x576.jpg 768w, https:\/\/swingbearing.net\/wp-content\/uploads\/2024\/08\/tt2-16x12.jpg 16w, https:\/\/swingbearing.net\/wp-content\/uploads\/2024\/08\/tt2.jpg 1000w\" sizes=\"(max-width: 600px) 100vw, 600px\" \/><\/a>\n\t\t\t<\/dt><\/dl><dl class='gallery-item'>\n\t\t\t<dt class='gallery-icon landscape'>\n\t\t\t\t<a href='https:\/\/swingbearing.net\/wp-content\/uploads\/2024\/08\/tt3.jpg'><img decoding=\"async\" width=\"600\" height=\"406\" src=\"https:\/\/swingbearing.net\/wp-content\/uploads\/2024\/08\/tt3-600x406.jpg\" class=\"attachment-woocommerce_single size-woocommerce_single\" alt=\"Pompe hydraulique\" srcset=\"https:\/\/swingbearing.net\/wp-content\/uploads\/2024\/08\/tt3-600x406.jpg 600w, https:\/\/swingbearing.net\/wp-content\/uploads\/2024\/08\/tt3-300x203.jpg 300w, https:\/\/swingbearing.net\/wp-content\/uploads\/2024\/08\/tt3-768x519.jpg 768w, https:\/\/swingbearing.net\/wp-content\/uploads\/2024\/08\/tt3-18x12.jpg 18w, https:\/\/swingbearing.net\/wp-content\/uploads\/2024\/08\/tt3.jpg 1000w\" sizes=\"(max-width: 600px) 100vw, 600px\" \/><\/a>\n\t\t\t<\/dt><\/dl><dl class='gallery-item'>\n\t\t\t<dt class='gallery-icon landscape'>\n\t\t\t\t<a href='https:\/\/swingbearing.net\/wp-content\/uploads\/2024\/08\/tt4.jpg'><img decoding=\"async\" width=\"600\" height=\"450\" src=\"https:\/\/swingbearing.net\/wp-content\/uploads\/2024\/08\/tt4-600x450.jpg\" class=\"attachment-woocommerce_single size-woocommerce_single\" alt=\"Pompe hydraulique\" srcset=\"https:\/\/swingbearing.net\/wp-content\/uploads\/2024\/08\/tt4-600x450.jpg 600w, https:\/\/swingbearing.net\/wp-content\/uploads\/2024\/08\/tt4-300x225.jpg 300w, https:\/\/swingbearing.net\/wp-content\/uploads\/2024\/08\/tt4-768x576.jpg 768w, https:\/\/swingbearing.net\/wp-content\/uploads\/2024\/08\/tt4-16x12.jpg 16w, https:\/\/swingbearing.net\/wp-content\/uploads\/2024\/08\/tt4.jpg 1000w\" sizes=\"(max-width: 600px) 100vw, 600px\" \/><\/a>\n\t\t\t<\/dt><\/dl><br style=\"clear: both\" \/>\n\t\t<\/div>\n\r\n<\/li>\r\n<\/ul>\r\n<p>\r\n\r\n<\/p>\r\n<ul><\/ul>\r\n<p>\r\n\r\n<\/p>\r\n<h2 class=\"wp-block-heading\">Conclusion<\/h2>\r\n<p>\r\n\r\n<\/p>\r\n<p>En conclusion, les pompes hydrauliques font partie int\u00e9grante des syst\u00e8mes hydrauliques, fournissant la puissance et le contr\u00f4le n\u00e9cessaires au fonctionnement des machines et des \u00e9quipements. Il est essentiel de comprendre les composants, les fonctions et les exigences de maintenance des pompes hydrauliques pour maximiser les performances, l'efficacit\u00e9 et la dur\u00e9e de vie. En adoptant des pratiques de maintenance appropri\u00e9es et en traitant les probl\u00e8mes de mani\u00e8re proactive, les entreprises peuvent garantir le bon fonctionnement des syst\u00e8mes hydrauliques et minimiser les temps d'arr\u00eat. La consultation de sp\u00e9cialistes de l'hydraulique pour des services de maintenance et de r\u00e9paration peut encore am\u00e9liorer la fiabilit\u00e9 et la long\u00e9vit\u00e9 des syst\u00e8mes de pompes hydrauliques.<\/p>","protected":false},"excerpt":{"rendered":"<p><strong><b>Partie<\/b><\/strong> #: SA 7220-00601 <br \/><strong><b>Faire<\/b><\/strong>:Volvo<br \/><strong><b>Mod\u00e8le<\/b><\/strong>: EC290 EC210<br \/><strong><b>Condition<\/b><\/strong>: Nouveau\u00a0<\/p>","protected":false},"featured_media":4815,"template":"","meta":[],"product_brand":[],"product_cat":[384],"product_tag":[],"class_list":{"0":"post-4826","1":"product","2":"type-product","3":"status-publish","4":"has-post-thumbnail","6":"product_cat-volvo-hydraulic-pump","8":"first","9":"instock","10":"shipping-taxable","11":"product-type-simple"},"_links":{"self":[{"href":"https:\/\/swingbearing.net\/fr\/wp-json\/wp\/v2\/product\/4826","targetHints":{"allow":["GET"]}}],"collection":[{"href":"https:\/\/swingbearing.net\/fr\/wp-json\/wp\/v2\/product"}],"about":[{"href":"https:\/\/swingbearing.net\/fr\/wp-json\/wp\/v2\/types\/product"}],"wp:featuredmedia":[{"embeddable":true,"href":"https:\/\/swingbearing.net\/fr\/wp-json\/wp\/v2\/media\/4815"}],"wp:attachment":[{"href":"https:\/\/swingbearing.net\/fr\/wp-json\/wp\/v2\/media?parent=4826"}],"wp:term":[{"taxonomy":"product_brand","embeddable":true,"href":"https:\/\/swingbearing.net\/fr\/wp-json\/wp\/v2\/product_brand?post=4826"},{"taxonomy":"product_cat","embeddable":true,"href":"https:\/\/swingbearing.net\/fr\/wp-json\/wp\/v2\/product_cat?post=4826"},{"taxonomy":"product_tag","embeddable":true,"href":"https:\/\/swingbearing.net\/fr\/wp-json\/wp\/v2\/product_tag?post=4826"}],"curies":[{"name":"wp","href":"https:\/\/api.w.org\/{rel}","templated":true}]}}