{"id":4372,"date":"2024-06-27T12:12:18","date_gmt":"2024-06-27T12:12:18","guid":{"rendered":"https:\/\/swingbearing.net\/?post_type=product&#038;p=4372"},"modified":"2024-06-27T12:16:50","modified_gmt":"2024-06-27T12:16:50","slug":"hydraulic-pump-3f3055053-890001691-20t-60-00400-for-komatsu-pc35r-8-pc40-5-pc50uu-1","status":"publish","type":"product","link":"https:\/\/swingbearing.net\/fr\/produit\/hydraulic-pump-3f3055053-890001691-20t-60-00400-for-komatsu-pc35r-8-pc40-5-pc50uu-1\/","title":{"rendered":"Pompe hydraulique 3F3055053 890001691 20T-60-00400 pour Komatsu PC35R-8 PC40-5 PC50UU-1"},"content":{"rendered":"<h3 class=\"wp-block-heading\"><strong>Description du produit<\/strong><\/h3>\r\n\r\n\r\n<hr class=\"wp-block-separator has-alpha-channel-opacity\" \/>\r\n\r\n\r\n<h2 class=\"wp-block-heading\">3F3055053 890001691 20T-60-00400Hydraulic Main Pump Fits For Komatsu PC35R-8 PC40-5 PC50UU-1<\/h2>\r\n<p><img decoding=\"async\" class=\"alignnone wp-image-4373 size-full\" src=\"https:\/\/swingbearing.net\/wp-content\/uploads\/2024\/06\/ps35r-8.jpg\" alt=\"pompe hydraulique\" width=\"899\" height=\"863\" srcset=\"https:\/\/swingbearing.net\/wp-content\/uploads\/2024\/06\/ps35r-8.jpg 899w, https:\/\/swingbearing.net\/wp-content\/uploads\/2024\/06\/ps35r-8-300x288.jpg 300w, https:\/\/swingbearing.net\/wp-content\/uploads\/2024\/06\/ps35r-8-768x737.jpg 768w, https:\/\/swingbearing.net\/wp-content\/uploads\/2024\/06\/ps35r-8-13x12.jpg 13w, https:\/\/swingbearing.net\/wp-content\/uploads\/2024\/06\/ps35r-8-600x576.jpg 600w\" sizes=\"(max-width: 899px) 100vw, 899px\" \/><\/p>\r\n<p><img decoding=\"async\" class=\"alignnone wp-image-4317 size-full\" src=\"https:\/\/swingbearing.net\/wp-content\/uploads\/2024\/06\/pc35mr-201.jpg\" alt=\"pompe hydraulique pc35mr-2\" width=\"741\" height=\"564\" srcset=\"https:\/\/swingbearing.net\/wp-content\/uploads\/2024\/06\/pc35mr-201.jpg 741w, https:\/\/swingbearing.net\/wp-content\/uploads\/2024\/06\/pc35mr-201-300x228.jpg 300w, https:\/\/swingbearing.net\/wp-content\/uploads\/2024\/06\/pc35mr-201-16x12.jpg 16w, https:\/\/swingbearing.net\/wp-content\/uploads\/2024\/06\/pc35mr-201-600x457.jpg 600w\" sizes=\"(max-width: 741px) 100vw, 741px\" \/><\/p>\r\n<table border=\"1\" cellspacing=\"0\" cellpadding=\"0\">\r\n<tbody>\r\n<tr>\r\n<td>Nom du produit\u00a0 \u00a0 \u00a0 \u00a0 \u00a0 \u00a0 \u00a0 \u00a0<\/td>\r\n<td>Pompe hydraulique de pelleteuse<\/td>\r\n<\/tr>\r\n<tr>\r\n<td>Qualit\u00e9\u00a0 \u00a0 \u00a0<\/td>\r\n<td>Haute qualit\u00e9 100% Nouveau<\/td>\r\n<\/tr>\r\n<tr>\r\n<td>Mod\u00e8le de machine\u00a0 \u00a0\u00a0<\/td>\r\n<td>PC35R-8 PC40-5 PC50UU-1<\/td>\r\n<\/tr>\r\n<tr>\r\n<td>Taille de l'emballage<\/td>\r\n<td>84*38*49<\/td>\r\n<\/tr>\r\n<tr>\r\n<td>Paquet<\/td>\r\n<td>Caisse en bois standard pour l'exportation\u00a0 \u00a0 \u00a0 \u00a0 \u00a0 \u00a0 \u00a0 \u00a0 \u00a0 \u00a0 \u00a0 \u00a0 \u00a0 \u00a0 \u00a0 \u00a0 \u00a0 \u00a0 \u00a0 \u00a0 \u00a0 \u00a0 \u00a0 \u00a0 \u00a0 \u00a0\u00a0<\/td>\r\n<\/tr>\r\n<tr>\r\n<td>Num\u00e9ro de pi\u00e8ce<\/td>\r\n<td>3F3055053 890001691 20T-60-00400<\/td>\r\n<\/tr>\r\n<tr>\r\n<td>Pression<\/td>\r\n<td>Standard, Haute pression<\/td>\r\n<\/tr>\r\n<\/tbody>\r\n<\/table>\r\n<h3>\r\n\r\n<\/h3>\r\n<p><\/p>\r\n<h2 class=\"wp-block-heading\">Introduction of\u00a0 PC35R-8 PC40-5 PC50UU-1 Main Pump<\/h2>\r\n<p><\/p>\r\n<p>Vous travaillez dans le secteur de la construction et vous cherchez \u00e0 optimiser les performances de vos pelles sur chenilles ? La pompe hydraulique pour pelleteuses est un produit polyvalent et fiable, con\u00e7u pour r\u00e9pondre aux exigences de divers sc\u00e9narios, notamment les chantiers de construction, les op\u00e9rations mini\u00e8res et les travaux routiers.\u00a0<\/p>\r\n<p>\r\n\r\n<\/p>\r\n<h3 class=\"wp-block-heading\">Maximiser l'efficacit\u00e9 de la pompe<\/h3>\r\n<p>\r\n\r\n<\/p>\r\n<p>Lorsqu'il s'agit de travaux d'excavation, l'efficacit\u00e9 est essentielle. La pompe hydraulique pour excavateur, disponible en deux num\u00e9ros de pompe, 708-2L-00202 et 708-2L-41121, est sp\u00e9cialement con\u00e7ue pour fournir une puissance hydraulique maximale \u00e0 votre excavateur. Cela garantit un fonctionnement souple et efficace de votre machine, vous permettant ainsi d'achever vos projets dans les d\u00e9lais impartis. Avec sa construction durable et ses performances fiables, cette pompe hydraulique est faite pour durer, ce qui en fait un investissement pr\u00e9cieux pour votre entreprise.<\/p>\r\n<p>\r\n\r\n<\/p>\r\n<h3 class=\"wp-block-heading\">Compatibilit\u00e9 et polyvalence<\/h3>\r\n<p>\r\n\r\n<\/p>\r\n<p>L'un des principaux avantages de la pompe hydraulique pour pelleteuse est sa compatibilit\u00e9 avec un grand nombre de mod\u00e8les de pelleteuses. Que vous utilisiez une E317, une E315, une PC210-8K ou une PC210-8K, cette pompe hydraulique est con\u00e7ue pour s'int\u00e9grer parfaitement \u00e0 votre machine, en am\u00e9liorant ses capacit\u00e9s et ses performances. Cette polyvalence en fait un choix pratique pour les entrepreneurs et les op\u00e9rateurs travaillant dans diff\u00e9rents secteurs et environnements.<\/p>\r\n<p>\r\n\r\n<\/p>\r\n<h3 class=\"wp-block-heading\">Un service apr\u00e8s-vente exceptionnel<\/h3>\r\n<p>\r\n\r\n<\/p>\r\n<p>Chez Excavator Hydraulic Pump, la satisfaction du client est notre priorit\u00e9 absolue. C'est pourquoi nous offrons un excellent service apr\u00e8s-vente, y compris une assistance en ligne, pour s'assurer que nos clients re\u00e7oivent une aide rapide en cas de probl\u00e8mes ou de pr\u00e9occupations. Notre \u00e9quipe d'experts se consacre \u00e0 vous fournir l'assistance dont vous avez besoin pour que votre pompe hydraulique fonctionne sans probl\u00e8me et efficacement, vous permettant ainsi de vous concentrer sur votre travail sans interruption.<br \/><br \/><b>Nous pouvons soutenir les autres :<\/b><\/p>\r\n<table>\r\n<tbody>\r\n<tr>\r\n<td colspan=\"1\" rowspan=\"1\">\r\n<div>Pour Kobelco<\/div>\r\n<\/td>\r\n<td colspan=\"1\" rowspan=\"1\">\r\n<div>SK200-6,SK210-6,SK45SR,SK330-6E,SK200-4,SK460-8,SK135,SK235SRLC-1ES,SK250-8,SK210-8,SK350-8,SK350,SK350-9,SK200-8,SK210-8<\/div>\r\n<\/td>\r\n<\/tr>\r\n<tr>\r\n<td colspan=\"1\" rowspan=\"1\">\r\n<div>Pour Komatsu<\/div>\r\n<\/td>\r\n<td colspan=\"1\" rowspan=\"1\">\r\n<div>PC300-8,PC200-6K,PC130-8,PC200-8,PC220-8,PC270-8,PC400-8,PC60-7,PC300-7,PC400-7,PC200-7,PC200-6,<\/div>\r\n<\/td>\r\n<\/tr>\r\n<tr>\r\n<td colspan=\"1\" rowspan=\"1\">\r\n<div>Pour le CAT<\/div>\r\n<\/td>\r\n<td colspan=\"1\" rowspan=\"1\">\r\n<div>E325C,E330D,E330C,E336D,E336C,E345B,E385C,E320C,E320D,E330,E330L,E345C<\/div>\r\n<\/td>\r\n<\/tr>\r\n<tr>\r\n<td colspan=\"1\" rowspan=\"1\">\r\n<div>Pour Daewoo<\/div>\r\n<\/td>\r\n<td colspan=\"1\" rowspan=\"1\">\r\n<div>DH80,DH300-5,DH300-7,DH225-7,DH210,DH220,DH150,DH300-5,DH370,DH470-5,DH500-5<\/div>\r\n<\/td>\r\n<\/tr>\r\n<tr>\r\n<td colspan=\"1\" rowspan=\"1\">\r\n<div>Pour Hitachi<\/div>\r\n<\/td>\r\n<td colspan=\"1\" rowspan=\"1\">\r\n<div>EX120-5, EX120-5 JPN, EX120-5HG, EX120-5LV JPN, EX120-5X, EX120-5Z, EX120SS-5, EX130H-5, EX130H-5 JPN, EX130K-5,<br \/>EX135UR,EX135UR-5, EX135US-5, EX135USR, EX135USRK, EX140US-5, HR240G,EX300-2, EX300-3, EX300-3C, EX310H-3C,EX200-3, EX200-5,<br \/>EX200-5 JPN, EX200-5HG, EX200-5HHE, EX200-5LV JAP, EX200-5X JPN, EX200-5Z JPN, EX200LC-5HHE, EX200SS-5,EX210H-5, EX210H-5 JPN,<br \/>EX210K-5 JPN, EX210LC-5HHE, EX225USR(LC), EX225USRK,EX60-2, EX60-3, EX60LCK-3, EX60LCT-3, EX60WD-2, EX75UR, EX75UR-3,<br \/>EX75URLC-3,EX350-6,EX120-3,EX1200,EX300,EX200 ,EX210,EX75UR-5<\/div>\r\n<\/td>\r\n<\/tr>\r\n<tr>\r\n<td colspan=\"1\" rowspan=\"1\">\r\n<div>Pour Sumitomo<\/div>\r\n<\/td>\r\n<td colspan=\"1\" rowspan=\"1\">\r\n<div>SH200-2,SH-200A3,SH200,SH120-5-0.5<\/div>\r\n<\/td>\r\n<\/tr>\r\n<tr>\r\n<td colspan=\"1\" rowspan=\"1\">\r\n<div>Pour Kato<\/div>\r\n<\/td>\r\n<td colspan=\"1\" rowspan=\"1\">\r\n<div>HD1430,HD130<\/div>\r\n<\/td>\r\n<\/tr>\r\n<tr>\r\n<td colspan=\"1\" rowspan=\"1\">\r\n<div>Pour JCB<\/div>\r\n<\/td>\r\n<td colspan=\"1\" rowspan=\"1\">\r\n<div>JCB220,JCB240,JCB 85Z<\/div>\r\n<\/td>\r\n<\/tr>\r\n<tr>\r\n<td colspan=\"1\" rowspan=\"1\">\r\n<div>Autres<\/div>\r\n<\/td>\r\n<td colspan=\"1\" rowspan=\"1\">\r\n<div>&#8230;&#8230;<\/div>\r\n<\/td>\r\n<\/tr>\r\n<\/tbody>\r\n<\/table>\r\n<p><\/p>","protected":false},"excerpt":{"rendered":"<p><strong><b>Partie<\/b><\/strong> #: 3F3055053 890001691 20T-60-00400 <br \/><strong><b>Faire<\/b><\/strong>:Komatsu <br \/><strong><b>Mod\u00e8le<\/b><\/strong>: PC35R-8 PC40-5 PC50UU-1<br \/><strong><b>Condition<\/b><\/strong>: Nouveau<\/p>","protected":false},"featured_media":4316,"template":"","meta":[],"product_brand":[],"product_cat":[382],"product_tag":[],"class_list":{"0":"post-4372","1":"product","2":"type-product","3":"status-publish","4":"has-post-thumbnail","6":"product_cat-komatsu-hydraulic-pumps","8":"first","9":"instock","10":"shipping-taxable","11":"product-type-simple"},"_links":{"self":[{"href":"https:\/\/swingbearing.net\/fr\/wp-json\/wp\/v2\/product\/4372","targetHints":{"allow":["GET"]}}],"collection":[{"href":"https:\/\/swingbearing.net\/fr\/wp-json\/wp\/v2\/product"}],"about":[{"href":"https:\/\/swingbearing.net\/fr\/wp-json\/wp\/v2\/types\/product"}],"wp:featuredmedia":[{"embeddable":true,"href":"https:\/\/swingbearing.net\/fr\/wp-json\/wp\/v2\/media\/4316"}],"wp:attachment":[{"href":"https:\/\/swingbearing.net\/fr\/wp-json\/wp\/v2\/media?parent=4372"}],"wp:term":[{"taxonomy":"product_brand","embeddable":true,"href":"https:\/\/swingbearing.net\/fr\/wp-json\/wp\/v2\/product_brand?post=4372"},{"taxonomy":"product_cat","embeddable":true,"href":"https:\/\/swingbearing.net\/fr\/wp-json\/wp\/v2\/product_cat?post=4372"},{"taxonomy":"product_tag","embeddable":true,"href":"https:\/\/swingbearing.net\/fr\/wp-json\/wp\/v2\/product_tag?post=4372"}],"curies":[{"name":"wp","href":"https:\/\/api.w.org\/{rel}","templated":true}]}}