{"id":4303,"date":"2024-06-25T11:55:21","date_gmt":"2024-06-25T11:55:21","guid":{"rendered":"https:\/\/swingbearing.net\/?post_type=product&#038;p=4303"},"modified":"2024-06-25T15:46:04","modified_gmt":"2024-06-25T15:46:04","slug":"hydraulic-pump-pc400lc-3-main-pump-for-komatsu-708-27-02025-708-27-02024","status":"publish","type":"product","link":"https:\/\/swingbearing.net\/fr\/produit\/hydraulic-pump-pc400lc-3-main-pump-for-komatsu-708-27-02025-708-27-02024\/","title":{"rendered":"Pompe hydraulique PC400LC-3 Pompe principale pour Komatsu 708-27-02025 708-27-02024"},"content":{"rendered":"<h3 class=\"wp-block-heading\"><strong>Description du produit<\/strong><\/h3>\r\n\r\n\r\n<hr class=\"wp-block-separator has-alpha-channel-opacity\" \/>\r\n\r\n\r\n<h2 class=\"wp-block-heading\">708-27-02025 708-27-02024 Hydraulic Main Pump Fits For Komatsu PC400LC-3<\/h2>\r\n<p>&nbsp;<\/p>\r\n<p><img decoding=\"async\" class=\"alignnone wp-image-4306 size-full\" src=\"https:\/\/swingbearing.net\/wp-content\/uploads\/2024\/06\/pc400-3-02.jpg\" alt=\"pc400-3 hydraulic pump\" width=\"806\" height=\"903\" srcset=\"https:\/\/swingbearing.net\/wp-content\/uploads\/2024\/06\/pc400-3-02.jpg 806w, https:\/\/swingbearing.net\/wp-content\/uploads\/2024\/06\/pc400-3-02-268x300.jpg 268w, https:\/\/swingbearing.net\/wp-content\/uploads\/2024\/06\/pc400-3-02-768x860.jpg 768w, https:\/\/swingbearing.net\/wp-content\/uploads\/2024\/06\/pc400-3-02-11x12.jpg 11w, https:\/\/swingbearing.net\/wp-content\/uploads\/2024\/06\/pc400-3-02-600x672.jpg 600w\" sizes=\"(max-width: 806px) 100vw, 806px\" \/><\/p>\r\n<table style=\"font-size: 16px;\" border=\"1\" cellspacing=\"0\" cellpadding=\"0\">\r\n<tbody>\r\n<tr>\r\n<td>Nom du produit<\/td>\r\n<td>Pompe hydraulique de pelleteuse<\/td>\r\n<\/tr>\r\n<tr>\r\n<td>Qualit\u00e9<\/td>\r\n<td>High Quality 100% New<\/td>\r\n<\/tr>\r\n<tr>\r\n<td>Mod\u00e8le de machine\u00a0\u00a0<\/td>\r\n<td>PC400-3 PC400LC-3<\/td>\r\n<\/tr>\r\n<tr>\r\n<td>Taille de l'emballage<\/td>\r\n<td>84*38*49<\/td>\r\n<\/tr>\r\n<tr>\r\n<td>Paquet<\/td>\r\n<td>Caisse en bois standard pour l'exportation<\/td>\r\n<\/tr>\r\n<tr>\r\n<td>Num\u00e9ro de pi\u00e8ce<\/td>\r\n<td>708-27-02025 708-27-02024 708-27-02021 708-27-02020 708-27-01010 708-27-10100\u00a0\u00a0<\/td>\r\n<\/tr>\r\n<tr>\r\n<td>Pression<\/td>\r\n<td>Standard, Haute pression<\/td>\r\n<\/tr>\r\n<\/tbody>\r\n<\/table>\r\n<h3>\r\n\r\n<\/h3>\r\n<p><\/p>\r\n<h2 class=\"wp-block-heading\">Introduction of\u00a0 PC400LC-3 Hydraulic Main Pump<\/h2>\r\n<p>\r\n\r\n<\/p>\r\n<p>Les pompes hydrauliques sont des composants essentiels des syst\u00e8mes hydrauliques, charg\u00e9s de convertir l'\u00e9nergie m\u00e9canique en \u00e9nergie hydraulique. Il est essentiel de comprendre la structure, les fonctions et la maintenance des pompes hydrauliques pour garantir le fonctionnement efficace des machines et des \u00e9quipements dans diverses industries.<\/p>\r\n<p>\r\n\r\n<\/p>\r\n<h2 class=\"wp-block-heading\">Composants de la pompe hydraulique principale<\/h2>\r\n<p>\r\n\r\n<\/p>\r\n<p>Les pompes hydrauliques sont constitu\u00e9es de plusieurs composants cl\u00e9s qui fonctionnent ensemble pour g\u00e9n\u00e9rer de l'\u00e9nergie hydraulique. Les principaux composants d'une pompe hydraulique sont les suivants<\/p>\r\n<p>\r\n\r\n<\/p>\r\n<ul class=\"wp-block-list\">\r\n<li><strong>Bo\u00eetier de pompe<\/strong>: L'enveloppe ext\u00e9rieure qui renferme et prot\u00e8ge les composants internes de la pompe.<\/li>\r\n\r\n\r\n\r\n<li><strong>Inlet and Outlet Ports<\/strong>: Points d'entr\u00e9e et de sortie du fluide hydraulique dans la pompe.<\/li>\r\n\r\n\r\n\r\n<li><strong>Groupe de rotation<\/strong>: Il est compos\u00e9 d'engrenages, d'ailettes ou de pistons qui tournent pour cr\u00e9er un flux et une pression dans le syst\u00e8me.<\/li>\r\n\r\n\r\n\r\n<li><strong>Arbre d'entra\u00eenement<\/strong>: Transf\u00e8re l'\u00e9nergie m\u00e9canique du moteur principal au groupe rotatif de la pompe.<\/li>\r\n\r\n\r\n\r\n<li><strong>Joints et joints toriques<\/strong>: Pr\u00e9venir les fuites et maintenir l'int\u00e9grit\u00e9 du syst\u00e8me hydraulique.<\/li>\r\n<\/ul>\r\n<p>\r\n\r\n<\/p>\r\n<h3 class=\"wp-block-heading\">Fonctions\u00a0<\/h3>\r\n<p>\r\n\r\n<\/p>\r\n<p>Les pompes hydrauliques remplissent des fonctions essentielles qui permettent le fonctionnement des syst\u00e8mes hydrauliques :<\/p>\r\n<p>\r\n\r\n<\/p>\r\n<ul class=\"wp-block-list\">\r\n<li><strong>G\u00e9n\u00e9ration de flux de fluides<\/strong>: Cr\u00e9er un flux continu de fluide hydraulique pour alimenter les cylindres, les moteurs et les actionneurs hydrauliques.<\/li>\r\n\r\n\r\n\r\n<li><strong>G\u00e9n\u00e9ration de pression<\/strong>: L'augmentation de la pression \u00e0 l'int\u00e9rieur du syst\u00e8me pour effectuer des t\u00e2ches telles que soulever des charges lourdes ou utiliser des machines.<\/li>\r\n\r\n\r\n\r\n<li><strong>Contr\u00f4le directionnel<\/strong>: R\u00e9gulation de la direction de l'\u00e9coulement des fluides pour permettre des mouvements et des contr\u00f4les pr\u00e9cis dans les \u00e9quipements.<\/li>\r\n<\/ul>\r\n<p>\r\n\r\n<\/p>\r\n<h4 class=\"wp-block-heading\">Conseils d'entretien\u00a0<\/h4>\r\n<p>\r\n\r\n<\/p>\r\n<p>Un bon entretien est essentiel pour garantir la long\u00e9vit\u00e9 et la fiabilit\u00e9 des pompes hydrauliques. Voici quelques conseils d'entretien essentiels \u00e0 prendre en compte :<\/p>\r\n<p>\r\n\r\n<\/p>\r\n<ul class=\"wp-block-list\">\r\n<li><strong>Inspection r\u00e9guli\u00e8re<\/strong>: V\u00e9rifier les signes d'usure, les fuites ou les dommages dans les composants de la pompe et r\u00e9soudre rapidement tout probl\u00e8me.<\/li>\r\n\r\n\r\n\r\n<li><strong>Qualit\u00e9 des fluides<\/strong>: Contr\u00f4ler l'\u00e9tat et le niveau de l'huile hydraulique, et remplacer ou compl\u00e9ter l'huile si n\u00e9cessaire pour maintenir des performances optimales.<\/li>\r\n\r\n\r\n\r\n<li><strong>Filtration<\/strong>: Utilisez des filtres de haute qualit\u00e9 pour \u00e9liminer les contaminants de l'huile hydraulique et \u00e9viter d'endommager les composants de la pompe.<\/li>\r\n\r\n\r\n\r\n<li><strong>Lubrification<\/strong>: Lubrifier correctement les pi\u00e8ces mobiles pour r\u00e9duire les frottements, l'usure et prolonger la dur\u00e9e de vie de la pompe.<\/li>\r\n\r\n\r\n\r\n<li><strong>Entretien des joints<\/strong>: Inspectez et remplacez r\u00e9guli\u00e8rement les joints d'\u00e9tanch\u00e9it\u00e9 et les joints toriques pour \u00e9viter les fuites et garantir l'int\u00e9grit\u00e9 du syst\u00e8me hydraulique.<\/li>\r\n<\/ul>\r\n<p>\r\n\r\n<\/p>\r\n<h2 class=\"wp-block-heading\">Conclusion<\/h2>\r\n<p>\r\n\r\n<\/p>\r\n<p>En conclusion, les pompes hydrauliques font partie int\u00e9grante des syst\u00e8mes hydrauliques, fournissant la puissance et le contr\u00f4le n\u00e9cessaires au fonctionnement des machines et des \u00e9quipements. Il est essentiel de comprendre les composants, les fonctions et les exigences de maintenance des pompes hydrauliques pour maximiser les performances, l'efficacit\u00e9 et la dur\u00e9e de vie. En adoptant des pratiques de maintenance appropri\u00e9es et en traitant les probl\u00e8mes de mani\u00e8re proactive, les entreprises peuvent garantir le bon fonctionnement des syst\u00e8mes hydrauliques et minimiser les temps d'arr\u00eat. La consultation de sp\u00e9cialistes de l'hydraulique pour des services de maintenance et de r\u00e9paration peut encore am\u00e9liorer la fiabilit\u00e9 et la long\u00e9vit\u00e9 des syst\u00e8mes de pompes hydrauliques.<\/p>","protected":false},"excerpt":{"rendered":"<p><strong><b>Partie<\/b><\/strong> #: 708-27-02025 708-27-02024<br \/><strong><b>Faire<\/b><\/strong>:Komatsu <br \/><strong><b>Mod\u00e8le<\/b><\/strong>: PC400LC-3<br \/><strong><b>Condition<\/b><\/strong>: Nouveau<\/p>","protected":false},"featured_media":4307,"template":"","meta":[],"product_brand":[],"product_cat":[382],"product_tag":[],"class_list":{"0":"post-4303","1":"product","2":"type-product","3":"status-publish","4":"has-post-thumbnail","6":"product_cat-komatsu-hydraulic-pumps","8":"first","9":"instock","10":"shipping-taxable","11":"product-type-simple"},"_links":{"self":[{"href":"https:\/\/swingbearing.net\/fr\/wp-json\/wp\/v2\/product\/4303","targetHints":{"allow":["GET"]}}],"collection":[{"href":"https:\/\/swingbearing.net\/fr\/wp-json\/wp\/v2\/product"}],"about":[{"href":"https:\/\/swingbearing.net\/fr\/wp-json\/wp\/v2\/types\/product"}],"wp:featuredmedia":[{"embeddable":true,"href":"https:\/\/swingbearing.net\/fr\/wp-json\/wp\/v2\/media\/4307"}],"wp:attachment":[{"href":"https:\/\/swingbearing.net\/fr\/wp-json\/wp\/v2\/media?parent=4303"}],"wp:term":[{"taxonomy":"product_brand","embeddable":true,"href":"https:\/\/swingbearing.net\/fr\/wp-json\/wp\/v2\/product_brand?post=4303"},{"taxonomy":"product_cat","embeddable":true,"href":"https:\/\/swingbearing.net\/fr\/wp-json\/wp\/v2\/product_cat?post=4303"},{"taxonomy":"product_tag","embeddable":true,"href":"https:\/\/swingbearing.net\/fr\/wp-json\/wp\/v2\/product_tag?post=4303"}],"curies":[{"name":"wp","href":"https:\/\/api.w.org\/{rel}","templated":true}]}}