{"id":3918,"date":"2024-06-05T05:52:32","date_gmt":"2024-06-05T05:52:32","guid":{"rendered":"https:\/\/swingbearing.net\/?post_type=product&#038;p=3918"},"modified":"2024-06-05T06:05:50","modified_gmt":"2024-06-05T06:05:50","slug":"swing-bearing-9098995-for-hitachi-ex100","status":"publish","type":"product","link":"https:\/\/swingbearing.net\/fr\/produit\/swing-bearing-9098995-for-hitachi-ex100\/","title":{"rendered":"Roulement pivotant 9098995 pour HITACHI EX100"},"content":{"rendered":"<h2 style=\"text-align: center;\">HITACHI <strong>Remplacement de l'anneau de pivotement\u00a0<\/strong><\/h2>\n<figure class=\"wp-block-table\" style=\"font-size: 12px;\">\n<table>\n<tbody>\n<tr>\n<td><strong>Num\u00e9ro de mod\u00e8le de la pelle<\/strong><\/td>\n<td><strong>Num\u00e9ro de pi\u00e8ce<\/strong><\/td>\n<td><strong>Num\u00e9ro de mod\u00e8le de la pelle<\/strong><\/td>\n<td><strong>Num\u00e9ro de pi\u00e8ce<\/strong><\/td>\n<\/tr>\n<tr>\n<td>EX60-2<\/td>\n<td>4193433<\/td>\n<td>ZX230<\/td>\n<td>9154037<\/td>\n<\/tr>\n<tr>\n<td>EX60WD -2<\/td>\n<td>4193433<\/td>\n<td>ZX230<\/td>\n<td>9159646<\/td>\n<\/tr>\n<tr>\n<td>EX60-5<\/td>\n<td>43767553<\/td>\n<td>ZX240<\/td>\n<td>9196732<\/td>\n<\/tr>\n<tr>\n<td>EX100<\/td>\n<td>9098995<\/td>\n<td>ZX240<\/td>\n<td>9245728<\/td>\n<\/tr>\n<tr>\n<td>EX100-3<\/td>\n<td>9102726<\/td>\n<td>EX300-3<\/td>\n<td>9112188<\/td>\n<\/tr>\n<tr>\n<td>ZX135<\/td>\n<td>9184497<\/td>\n<td>ZX330LC-5G<\/td>\n<td>9245698<\/td>\n<\/tr>\n<tr>\n<td>EX150-5<\/td>\n<td>9146953<\/td>\n<td>ZX350-3<\/td>\n<td>9245698<\/td>\n<\/tr>\n<tr>\n<td>EX200<\/td>\n<td>9098993<\/td>\n<td>ZX370<\/td>\n<td>9166468<\/td>\n<\/tr>\n<tr>\n<td>ZX200LC-5G<\/td>\n<td>9260971<\/td>\n<td>ZX370<\/td>\n<td>9169894<\/td>\n<\/tr>\n<tr>\n<td>ZX200-3,<\/td>\n<td>9260971<\/td>\n<td>KH180-3<\/td>\n<td>9099074<\/td>\n<\/tr>\n<tr>\n<td>EX200-3<\/td>\n<td>9148123<\/td>\n<td>HE6010B<\/td>\n<td>1214DBS110T<\/td>\n<\/tr>\n<tr>\n<td>ZX200<\/td>\n<td>9196732<\/td>\n<td>EX400<\/td>\n<td>164-2568<\/td>\n<\/tr>\n<tr>\n<td>ZX200-5G<\/td>\n<td>9260971<\/td>\n<td>EX400-5<\/td>\n<td>9129521<\/td>\n<\/tr>\n<tr>\n<td>EX200<\/td>\n<td>9102727<\/td>\n<td>ZX450<\/td>\n<td>9129521<\/td>\n<\/tr>\n<tr>\n<td>EX210-5<\/td>\n<td>9102727<\/td>\n<td>ZX450-3<\/td>\n<td>9247287<\/td>\n<\/tr>\n<tr>\n<td>ZX210LCK<\/td>\n<td>9169646<\/td>\n<td>ZX450-3<\/td>\n<td>9247287<\/td>\n<\/tr>\n<tr>\n<td>ZX210W-1<\/td>\n<td>9275368<\/td>\n<td>ZX470-3<\/td>\n<td>9247287<\/td>\n<\/tr>\n<tr>\n<td>ZX220<\/td>\n<td>9262248<\/td>\n<td>ZX650<\/td>\n<td>9321213<\/td>\n<\/tr>\n<tr>\n<td>EX220-1<\/td>\n<td>9154037<\/td>\n<td>ZX650LCH<\/td>\n<td>6016584<\/td>\n<\/tr>\n<tr>\n<td>ZX225USR<\/td>\n<td>9169646<\/td>\n<td>ZX800LD<\/td>\n<td>9229741<\/td>\n<\/tr>\n<tr>\n<td>ZX225US<\/td>\n<td>9196732<\/td>\n<td>ZX870-3<\/td>\n<td>9321216<\/td>\n<\/tr>\n<tr>\n<td>ZX330-3LC<\/td>\n<td>9260971<\/td>\n<td>ZX870<\/td>\n<td>6023643<\/td>\n<\/tr>\n<tr>\n<td>EX270-5<\/td>\n<td>9154037<\/td>\n<td><\/td>\n<td><\/td>\n<\/tr>\n<\/tbody>\n<\/table>\n<\/figure>\n<p>Nous pouvons fournir des paliers oscillants alternatifs pour votre CAT, HITACHI, KOMATSU, KOBELCO, HYUNDAI, VOLVO, DOOSAN, DAEWOO, JCB, CASE, SUMITOMO, XCMG. Nos paliers oscillants sont sp\u00e9cialement con\u00e7us pour r\u00e9pondre aux exigences des machines excavatrices, fournissant des performances fiables et durables dans un large \u00e9ventail de conditions. Que vous ayez besoin d'un palier oscillant pour une excavatrice, d'un palier de couronne d'orientation ou d'un palier de couronne d'orientation pour excavatrice, nos produits sont la solution parfaite.<\/p>\n<p>Nos paliers d'orientation pour excavateurs sont fabriqu\u00e9s \u00e0 partir de mat\u00e9riaux de haute qualit\u00e9, ce qui garantit leur solidit\u00e9, leur durabilit\u00e9 et leur r\u00e9sistance \u00e0 l'usure. Nos ing\u00e9nieurs ont pass\u00e9 d'innombrables heures \u00e0 perfectionner la conception de nos couronnes d'orientation afin de s'assurer qu'elles offrent des performances optimales, m\u00eame dans les conditions les plus difficiles. Nous sommes fiers de notre travail et nous sommes convaincus que vous verrez la diff\u00e9rence lorsque vous choisirez nos produits.<\/p>\n<p>Nous proposons une large gamme d'options de paliers oscillants pour les pi\u00e8ces de pelles, y compris les mod\u00e8les les plus populaires tels que UH025, UH045, UH063 et UH083.<br \/>\nNous proposons \u00e9galement des roulements pour d'autres mod\u00e8les populaires tels que les EX200, EX300, EX310, ZX60, ZX70, ZA80, ZX110, ZX120, ZX200, ZX210, ZX250, ZX290, ZX330, ZX470, ZX870EX1000, EX1200, ZX225UR, ZX520, EX120-3, EX120-5, EX130H-5, ZAX110, ZAX120-6, ZAX120, UH07-7, ZAX200, ZXA210, ZAX200-3G, ZAX250-3G, ZAX200-3, ZAX200LC-3, ZAX210H-3, ZAX210LCH-3, ZAX210K-3, EX210LCH-5, ZAX225, ZX230, EX220-2, EX220-3, EX220-5, EX270-5, EX230H-3, EX280H-5, ZAX240H, ZAX240LCH, ZAX240K, ZAX250, ZAX270, ZAX280LC, EX290LCH-5, EX300-1, EX300-2, EX300H-2, EX300-3, EX300-3C, EX300H-3, EX310H-3C, EX310LCH-3C, ZAX330, EX350, ZXA360, ZAX450-6, EX100-5, EX110-5 et EX120-2.<\/p>\n<p>Nos paliers d'orientation pour excavateurs et nos couronnes d'orientation pour excavateurs sont \u00e9galement disponibles pour ceux qui en ont besoin, afin que vous disposiez de tout ce dont vous avez besoin pour assurer le bon fonctionnement de votre machine.<\/p>","protected":false},"excerpt":{"rendered":"<p><strong><b>Partie<\/b><\/strong> #: 9098995<br \/>\n<strong><b>Faire<\/b><\/strong>: HITACHI<br \/>\n<strong><b>Mod\u00e8le<\/b><\/strong>:EX100<br \/>\n<strong><b>Condition<\/b><\/strong>: Nouveau<\/p>","protected":false},"featured_media":3040,"template":"","meta":[],"product_brand":[],"product_cat":[65,22],"product_tag":[81,80],"class_list":{"0":"post-3918","1":"product","2":"type-product","3":"status-publish","4":"has-post-thumbnail","6":"product_cat-hitachi-excavator-swing-bearing","7":"product_cat-swing-bearing","8":"product_tag-hitachi","9":"product_tag-slewing-ring","11":"first","12":"instock","13":"shipping-taxable","14":"product-type-simple"},"_links":{"self":[{"href":"https:\/\/swingbearing.net\/fr\/wp-json\/wp\/v2\/product\/3918","targetHints":{"allow":["GET"]}}],"collection":[{"href":"https:\/\/swingbearing.net\/fr\/wp-json\/wp\/v2\/product"}],"about":[{"href":"https:\/\/swingbearing.net\/fr\/wp-json\/wp\/v2\/types\/product"}],"wp:featuredmedia":[{"embeddable":true,"href":"https:\/\/swingbearing.net\/fr\/wp-json\/wp\/v2\/media\/3040"}],"wp:attachment":[{"href":"https:\/\/swingbearing.net\/fr\/wp-json\/wp\/v2\/media?parent=3918"}],"wp:term":[{"taxonomy":"product_brand","embeddable":true,"href":"https:\/\/swingbearing.net\/fr\/wp-json\/wp\/v2\/product_brand?post=3918"},{"taxonomy":"product_cat","embeddable":true,"href":"https:\/\/swingbearing.net\/fr\/wp-json\/wp\/v2\/product_cat?post=3918"},{"taxonomy":"product_tag","embeddable":true,"href":"https:\/\/swingbearing.net\/fr\/wp-json\/wp\/v2\/product_tag?post=3918"}],"curies":[{"name":"wp","href":"https:\/\/api.w.org\/{rel}","templated":true}]}}