{"id":3389,"date":"2024-05-27T09:08:44","date_gmt":"2024-05-27T09:08:44","guid":{"rendered":"https:\/\/swingbearing.net\/product\/hyundai-r360lc-7-excavator-swing-bearing-81na-01022gg-slewing-ring\/"},"modified":"2024-05-27T15:19:11","modified_gmt":"2024-05-27T15:19:11","slug":"hyundai-r360lc-7-excavator-swing-bearing-81na-01022gg-slewing-ring","status":"publish","type":"product","link":"https:\/\/swingbearing.net\/fr\/produit\/hyundai-r360lc-7-excavator-swing-bearing-81na-01022gg-slewing-ring\/","title":{"rendered":"Roulement 81NA-01022GG pour HYUNDAI R360LC-7"},"content":{"rendered":"<h2 style=\"text-align: center;\">Param\u00e8tres du palier oscillant HYUNDAI<\/h2>\n<div class=\"bde-rich-text-243-405 bde-rich-text breakdance-rich-text-styles\">\n<figure class=\"wp-block-table\">\n<table>\n<tbody>\n<tr>\n<td>Mod\u00e8le<\/td>\n<td>Num\u00e9ro de pi\u00e8ce<\/td>\n<td>Diam\u00e8tre ext\u00e9rieur<\/td>\n<td>Diam\u00e8tre int\u00e9rieur<\/td>\n<td>Hauteur totale<\/td>\n<td>Hauteur ext\u00e9rieure<\/td>\n<td>Hauteur int\u00e9rieure<\/td>\n<td>Param\u00e8tres du trou ext\u00e9rieur<\/td>\n<td>Param\u00e8tres du trou int\u00e9rieur<\/td>\n<td>Nombre de dents<\/td>\n<\/tr>\n<tr>\n<td>R140LC-7<\/td>\n<td>81N4-01020<\/td>\n<td>1196<\/td>\n<td>963<\/td>\n<td>90<\/td>\n<td>79<\/td>\n<td>80<\/td>\n<td>36-\u03c619<\/td>\n<td>36-M16*1.5<\/td>\n<td>98<\/td>\n<\/tr>\n<tr>\n<td>R210LC-3<\/td>\n<td>81EM-00020<\/td>\n<td>1202<\/td>\n<td>945<\/td>\n<td>84<\/td>\n<td>75<\/td>\n<td>70<\/td>\n<td>36<\/td>\n<td>36<\/td>\n<td>80<\/td>\n<\/tr>\n<tr>\n<td>R170W-7<\/td>\n<td>81EM-00021<\/td>\n<td>1202<\/td>\n<td>947<\/td>\n<td>83<\/td>\n<td>75<\/td>\n<td>70<\/td>\n<td>36-\u03c622<\/td>\n<td>36-M20*1.5<\/td>\n<td>80<\/td>\n<\/tr>\n<tr>\n<td>R180W-9S<\/td>\n<td>81EM-00021GG<\/td>\n<td>1202<\/td>\n<td>947<\/td>\n<td>83<\/td>\n<td>75<\/td>\n<td>70<\/td>\n<td>36-\u03c622<\/td>\n<td>36-M20*1.5<\/td>\n<td>80<\/td>\n<\/tr>\n<tr>\n<td>R200W-7<\/td>\n<td>81EM-00021GG<\/td>\n<td>1327<\/td>\n<td>1083<\/td>\n<td>110<\/td>\n<td>89<\/td>\n<td>94<\/td>\n<td>30-\u03c622<\/td>\n<td>36-M20<\/td>\n<td>92<\/td>\n<\/tr>\n<tr>\n<td>R210-7<\/td>\n<td>81N6-00023BG<\/td>\n<td>1327<\/td>\n<td>1084<\/td>\n<td>110<\/td>\n<td>89<\/td>\n<td>94<\/td>\n<td>30-\u03c622<\/td>\n<td>36-M20<\/td>\n<td>92<\/td>\n<\/tr>\n<tr>\n<td>R210LC-7<\/td>\n<td>81N6-01020<\/td>\n<td>1326<\/td>\n<td>1084<\/td>\n<td>110<\/td>\n<td>89<\/td>\n<td>94<\/td>\n<td>30-\u03c622<\/td>\n<td>36-M20<\/td>\n<td>92<\/td>\n<\/tr>\n<tr>\n<td>R210-7<\/td>\n<td>81N6-00022<\/td>\n<td>1326<\/td>\n<td>1084<\/td>\n<td>110<\/td>\n<td>89<\/td>\n<td>94<\/td>\n<td>30-\u03c622<\/td>\n<td>36-M20<\/td>\n<td>92<\/td>\n<\/tr>\n<tr>\n<td>R210-7<\/td>\n<td>81N6-00021<\/td>\n<td>1326<\/td>\n<td>1084<\/td>\n<td>110<\/td>\n<td>89<\/td>\n<td>94<\/td>\n<td>30-\u03c622<\/td>\n<td>36-M20<\/td>\n<td>92<\/td>\n<\/tr>\n<tr>\n<td>R210LC7<\/td>\n<td>31N 812020<\/td>\n<td>1326<\/td>\n<td>1084<\/td>\n<td>110<\/td>\n<td>89<\/td>\n<td>94<\/td>\n<td>30-\u03a622<\/td>\n<td>36-M20<\/td>\n<td>92<\/td>\n<\/tr>\n<tr>\n<td>R210W-9S<\/td>\n<td>81Q5-01020<\/td>\n<td>1327<\/td>\n<td>1083<\/td>\n<td>110<\/td>\n<td>89<\/td>\n<td>94<\/td>\n<td>30-\u03c622<\/td>\n<td>36-M20<\/td>\n<td>92<\/td>\n<\/tr>\n<tr>\n<td>R210W-9S<\/td>\n<td>81Q5-01021<\/td>\n<td>1327<\/td>\n<td>1083<\/td>\n<td>110<\/td>\n<td>89<\/td>\n<td>94<\/td>\n<td>30-\u03c622<\/td>\n<td>36-M20<\/td>\n<td>92<\/td>\n<\/tr>\n<tr>\n<td>R220LC-9S<\/td>\n<td>81Q6-00020<\/td>\n<td>1326<\/td>\n<td>1084<\/td>\n<td>110<\/td>\n<td>89<\/td>\n<td>94<\/td>\n<td>30-\u03c622<\/td>\n<td>36-M20<\/td>\n<td>92<\/td>\n<\/tr>\n<tr>\n<td>R220LC-9S<\/td>\n<td>81Q6-01020<\/td>\n<td>1326<\/td>\n<td>1084<\/td>\n<td>110<\/td>\n<td>89<\/td>\n<td>94<\/td>\n<td>30-\u03c622<\/td>\n<td>36-M20<\/td>\n<td>92<\/td>\n<\/tr>\n<tr>\n<td>R220LC-9S<\/td>\n<td>81Q6-01021<\/td>\n<td>1326<\/td>\n<td>1084<\/td>\n<td>110<\/td>\n<td>89<\/td>\n<td>94<\/td>\n<td>30-\u03c622<\/td>\n<td>36-M20<\/td>\n<td>92<\/td>\n<\/tr>\n<tr>\n<td>R220LC-9S<\/td>\n<td>81Q6-00021<\/td>\n<td>1326<\/td>\n<td>1084<\/td>\n<td>110<\/td>\n<td>89<\/td>\n<td>94<\/td>\n<td>30-\u03c622<\/td>\n<td>36-M20<\/td>\n<td>92<\/td>\n<\/tr>\n<tr>\n<td>R250LC-7<\/td>\n<td>81EN-00052<\/td>\n<td>1410<\/td>\n<td>1131<\/td>\n<td>120<\/td>\n<td>88<\/td>\n<td>110<\/td>\n<td>34-\u03c623<\/td>\n<td>36-M20<\/td>\n<td>82<\/td>\n<\/tr>\n<tr>\n<td>290LC-7<\/td>\n<td>81N8-0003<\/td>\n<td>1526<\/td>\n<td>1235<\/td>\n<td>123<\/td>\n<td>97<\/td>\n<td>110<\/td>\n<td>38-\u03c626<\/td>\n<td>40-M24<\/td>\n<td>90<\/td>\n<\/tr>\n<tr>\n<td>R290<\/td>\n<td>81N8-00021<\/td>\n<td>1526<\/td>\n<td>1235<\/td>\n<td>122<\/td>\n<td>87<\/td>\n<td>110<\/td>\n<td>37-\u042426<\/td>\n<td>40-M24<\/td>\n<td>90<\/td>\n<\/tr>\n<tr>\n<td>R290<\/td>\n<td>81N8-00022<\/td>\n<td>1526<\/td>\n<td>1235<\/td>\n<td>122<\/td>\n<td>87<\/td>\n<td>110<\/td>\n<td>37-\u042426<\/td>\n<td>40-M24<\/td>\n<td>90<\/td>\n<\/tr>\n<tr>\n<td>R290LC 7A<\/td>\n<td>4921797<\/td>\n<td>1526<\/td>\n<td>1235<\/td>\n<td>123<\/td>\n<td>97<\/td>\n<td>110<\/td>\n<td>38-\u03c626<\/td>\n<td>40-M24<\/td>\n<td>90<\/td>\n<\/tr>\n<tr>\n<td>R290LC-7<\/td>\n<td>81N8-00023<\/td>\n<td>1526<\/td>\n<td>1235<\/td>\n<td>123<\/td>\n<td>97<\/td>\n<td>110<\/td>\n<td>38-\u03c626<\/td>\n<td>40-M24<\/td>\n<td>90<\/td>\n<\/tr>\n<tr>\n<td>R290LC-7A<\/td>\n<td>81N8-00024GG<\/td>\n<td>1526<\/td>\n<td>1235<\/td>\n<td>122<\/td>\n<td>97<\/td>\n<td>110<\/td>\n<td>38-\u03c626<\/td>\n<td>40-M24<\/td>\n<td>90<\/td>\n<\/tr>\n<tr>\n<td>R320-7<\/td>\n<td>81N9-01020<\/td>\n<td>1526<\/td>\n<td>1235<\/td>\n<td>122<\/td>\n<td>97<\/td>\n<td>110<\/td>\n<td>38-\u042426<\/td>\n<td>40-M24<\/td>\n<td>90<\/td>\n<\/tr>\n<tr>\n<td>R320LC-7<\/td>\n<td>81N9-01021<\/td>\n<td>1526<\/td>\n<td>1235<\/td>\n<td>122<\/td>\n<td>97<\/td>\n<td>110<\/td>\n<td>38-\u042426<\/td>\n<td>40-M24<\/td>\n<td>90<\/td>\n<\/tr>\n<tr>\n<td>R320LC-7<\/td>\n<td>81N9-01022<\/td>\n<td>1526<\/td>\n<td>1235<\/td>\n<td>122<\/td>\n<td>97<\/td>\n<td>110<\/td>\n<td>38-\u042426<\/td>\n<td>40-M24<\/td>\n<td>90<\/td>\n<\/tr>\n<tr>\n<td>R320LC-7<\/td>\n<td>81n9-01022 BG<\/td>\n<td>1526<\/td>\n<td>1235<\/td>\n<td>122<\/td>\n<td>97<\/td>\n<td>110<\/td>\n<td>38-\u042426<\/td>\n<td>40-M24<\/td>\n<td>90<\/td>\n<\/tr>\n<tr>\n<td>R320LC-7<\/td>\n<td>81N9-00021<\/td>\n<td>1526<\/td>\n<td>1235<\/td>\n<td>122<\/td>\n<td>97<\/td>\n<td>110<\/td>\n<td>38<\/td>\n<td>40<\/td>\n<td>90<\/td>\n<\/tr>\n<tr>\n<td>R360LC-7<\/td>\n<td>81NA-01020<\/td>\n<td>1550<\/td>\n<td>1250<\/td>\n<td><\/td>\n<td>108<\/td>\n<td>140<\/td>\n<td>35<\/td>\n<td>40<\/td>\n<td>106<\/td>\n<\/tr>\n<tr>\n<td>R360LC-7<\/td>\n<td>81NA-01022GG<\/td>\n<td>1550<\/td>\n<td>1250<\/td>\n<td>152<\/td>\n<td>108<\/td>\n<td>140<\/td>\n<td>35<\/td>\n<td>40<\/td>\n<td>106<\/td>\n<\/tr>\n<tr>\n<td>R360LC-7A<\/td>\n<td>81NA-01021BG<\/td>\n<td>1550<\/td>\n<td>1250<\/td>\n<td>152<\/td>\n<td>108<\/td>\n<td>140<\/td>\n<td>35<\/td>\n<td>40<\/td>\n<td>106<\/td>\n<\/tr>\n<\/tbody>\n<\/table>\n<\/figure>\n<\/div>\n<h3>Introduction aux paliers d'oscillation pour excavateurs<\/h3>\n<p>Dans le domaine des machines lourdes, les excavatrices sont des outils indispensables pour un large \u00e9ventail de t\u00e2ches de construction et d'excavation. Parmi les composants essentiels qui contribuent \u00e0 leurs performances exceptionnelles, on trouve le palier oscillant. Ce composant vital joue un r\u00f4le essentiel en permettant \u00e0 la structure sup\u00e9rieure de l'excavateur de tourner en douceur et efficacement.<\/p>\n<p>Le palier oscillant est un grand palier circulaire situ\u00e9 \u00e0 la base de la structure sup\u00e9rieure de l'excavateur. Il constitue une surface \u00e0 faible frottement qui permet \u00e0 la structure sup\u00e9rieure de tourner librement sur la structure inf\u00e9rieure. Cette rotation est essentielle pour que l'excavatrice puisse remplir ses fonctions principales, telles que le creusement, l'ouverture de tranch\u00e9es et la manutention de mat\u00e9riaux.<\/p>\n<p>La conception du palier d'oscillation est cruciale pour les performances globales de l'excavatrice. Il doit \u00eatre capable de r\u00e9sister aux charges et aux forces consid\u00e9rables g\u00e9n\u00e9r\u00e9es pendant le fonctionnement. Ces charges comprennent le poids de la structure sup\u00e9rieure, les forces de creusement et les forces d'inertie qui se produisent lors de l'acc\u00e9l\u00e9ration et de la d\u00e9c\u00e9l\u00e9ration.<\/p>\n<p>Pour r\u00e9pondre \u00e0 ces exigences, les paliers oscillants sont g\u00e9n\u00e9ralement fabriqu\u00e9s \u00e0 partir de mat\u00e9riaux tr\u00e8s r\u00e9sistants, tels que l'acier forg\u00e9 ou la fonte. Ils sont \u00e9galement \u00e9quip\u00e9s de plusieurs rang\u00e9es d'\u00e9l\u00e9ments roulants, qui r\u00e9partissent la charge et r\u00e9duisent le frottement. Les \u00e9l\u00e9ments roulants sont g\u00e9n\u00e9ralement en acier tremp\u00e9 ou en c\u00e9ramique pour garantir leur durabilit\u00e9 et leur long\u00e9vit\u00e9.<\/p>\n<p>L'entretien correct des paliers d'oscillation est essentiel pour garantir les performances optimales et la long\u00e9vit\u00e9 de la pelle. Une lubrification r\u00e9guli\u00e8re est essentielle pour pr\u00e9venir l'usure et prolonger la dur\u00e9e de vie du roulement. En outre, des inspections p\u00e9riodiques doivent \u00eatre effectu\u00e9es afin d'identifier tout signe de dommage ou d'usure excessive.<\/p>\n<p>Lors de la s\u00e9lection d'un palier oscillant pour une excavatrice, il est important de prendre en compte les exigences sp\u00e9cifiques de l'application. Des facteurs tels que la taille, le poids et l'utilisation pr\u00e9vue de la pelle doivent \u00eatre pris en compte. Il est \u00e9galement conseill\u00e9 de consulter le fabricant de la pelle ou un fournisseur de roulements qualifi\u00e9 pour s'assurer que le choix et l'installation du roulement sont corrects.<\/p>\n<p>En conclusion, le palier oscillant est un composant critique qui joue un r\u00f4le essentiel dans les performances et l'efficacit\u00e9 des excavatrices. En comprenant la conception, le fonctionnement et les exigences d'entretien des paliers d'oscillation, les op\u00e9rateurs et le personnel d'entretien peuvent s'assurer que leurs excavatrices fonctionnent de mani\u00e8re optimale pendant de nombreuses ann\u00e9es.<\/p>\n<h4><a href=\"https:\/\/swingbearing.net\/fr\/swing-bearing\/\">Roulement pivotant Hyundai<\/a><\/h4>\n<p>Hyundai est une marque bien connue dans l'industrie des \u00e9quipements de construction, fournissant des machines et des pi\u00e8ces de rechange de qualit\u00e9 pour les excavateurs. Les paliers oscillants pour excavateurs Hyundai sont con\u00e7us pour offrir durabilit\u00e9, pr\u00e9cision et performance, ce qui en fait un choix id\u00e9al pour les propri\u00e9taires et les op\u00e9rateurs d'excavateurs.<\/p>\n<p>Le palier oscillant pour excavatrice de Hyundai est disponible pour une large gamme de mod\u00e8les d'excavatrices, y compris les mod\u00e8les R55, R60, R80, R130LC-3-5, R150, R190, R200, R200-5, R210, R215-7\/9, R220, R225LC-7\/9, R245, R260, R265, R290, R290LC-7, R300LC, R305LC, R330LC, R340, R375, R360LC-7, R390, R450LC, R470, R485, R500, R55-5, R60-5, R55-7, R60-7, R70-7, R80, R110LC-7, R130-5, R130-7, R140LC-7, R150LC-7, R150LC-9, R200W-7, R200, R200-3, R200-5, R210-3, R210-5, R210-5D, R220-3, R220-5, R210-7, R210-9, R215-7, R225-7, R220-9, R225-9, R260-7, R265-7, R290-3, R300-5, R290-7, R305-7, R305-9, R320-7, R300, R350, R400, R450, R480 et R550.<\/p>","protected":false},"excerpt":{"rendered":"<p><strong><b>Partie<\/b><\/strong> # : 81NA-01022GG<br \/>\n<strong><b>Faire<\/b><\/strong>: HYUNDAI<br \/>\n<strong><b>Mod\u00e8le<\/b><\/strong>R360LC-7<br \/>\n<strong><b>Condition<\/b><\/strong>: Nouveau<\/p>","protected":false},"featured_media":3038,"template":"","meta":[],"product_brand":[],"product_cat":[66,22],"product_tag":[],"class_list":{"0":"post-3389","1":"product","2":"type-product","3":"status-publish","4":"has-post-thumbnail","6":"product_cat-hyundai-excavator-swing-bearing","7":"product_cat-swing-bearing","9":"first","10":"instock","11":"shipping-taxable","12":"product-type-simple"},"_links":{"self":[{"href":"https:\/\/swingbearing.net\/fr\/wp-json\/wp\/v2\/product\/3389","targetHints":{"allow":["GET"]}}],"collection":[{"href":"https:\/\/swingbearing.net\/fr\/wp-json\/wp\/v2\/product"}],"about":[{"href":"https:\/\/swingbearing.net\/fr\/wp-json\/wp\/v2\/types\/product"}],"wp:featuredmedia":[{"embeddable":true,"href":"https:\/\/swingbearing.net\/fr\/wp-json\/wp\/v2\/media\/3038"}],"wp:attachment":[{"href":"https:\/\/swingbearing.net\/fr\/wp-json\/wp\/v2\/media?parent=3389"}],"wp:term":[{"taxonomy":"product_brand","embeddable":true,"href":"https:\/\/swingbearing.net\/fr\/wp-json\/wp\/v2\/product_brand?post=3389"},{"taxonomy":"product_cat","embeddable":true,"href":"https:\/\/swingbearing.net\/fr\/wp-json\/wp\/v2\/product_cat?post=3389"},{"taxonomy":"product_tag","embeddable":true,"href":"https:\/\/swingbearing.net\/fr\/wp-json\/wp\/v2\/product_tag?post=3389"}],"curies":[{"name":"wp","href":"https:\/\/api.w.org\/{rel}","templated":true}]}}