{"id":1643,"date":"2024-02-28T07:14:10","date_gmt":"2024-02-28T07:14:10","guid":{"rendered":"https:\/\/swingbearing.net\/?post_type=product&#038;p=1643"},"modified":"2024-03-01T03:27:17","modified_gmt":"2024-03-01T03:27:17","slug":"swing-gearbox-ec360","status":"publish","type":"product","link":"https:\/\/swingbearing.net\/fr\/produit\/reducteur-oscillant-ec360\/","title":{"rendered":"325b 325bl Volvo M2X170chb-15A-25\/270 Swing Gearbox 1140661 114-0661"},"content":{"rendered":"<h4>Nous pouvons fournir une gamme \u00e9tendue de r\u00e9ducteurs \u00e0 balancier \/ r\u00e9ducteurs \u00e0 balancier \/ r\u00e9ducteurs \u00e0 balancier pour les excavateurs.<\/h4>\n<p>Les moteurs \u00e0 balancier (parfois appel\u00e9s r\u00e9ducteurs rotatifs) fournissent la puissante force de rotation des fl\u00e8ches d'excavateurs en utilisant de l'huile hydraulique.<br \/>\net sont finement con\u00e7us pour garantir un fonctionnement et des performances sans faille.<\/p>\n<h4>Fabrications soutenues<\/h4>\n<p>Nous pouvons actuellement fournir des bo\u00eetes de vitesses pivotantes pour une large s\u00e9lection de pelles fabriqu\u00e9es par des soci\u00e9t\u00e9s telles que Komatsu, Caterpillar, Volvo, Case, Doosan, Sumitomo, Hyundai, Kobelco, JCB, Liugong, Sany, XCMG et Hitachi.<\/p>\n<h4>Related Volvo Excavator Swing Gearbox Assy (en anglais seulement)<\/h4>\n<figure class=\"wp-block-table is-style-stripes has-small-font-size\">\n<table class=\"has-cyan-bluish-gray-background-color has-background\" style=\"height: 618px;\" width=\"904\">\n<tbody>\n<tr>\n<td width=\"384\">114-1305 114-1306 114-0661 1141305 1141306 1140661 volvo 330b<\/td>\n<td width=\"421\">\u00a0VOE14215117 VOE14250820 EC130<\/td>\n<\/tr>\n<tr>\n<td width=\"384\">PJ4890052 PJ4890095 PJ4890100 EC50<\/td>\n<td width=\"421\">\u00a0VOE14250820 VOE14211116 EC130C EC150C<\/td>\n<\/tr>\n<tr>\n<td>\u00a0VOE14235261 VOE14054392 EC650<\/td>\n<td>\u00a0VOE14256325 VOE14211116 EC200<\/td>\n<\/tr>\n<tr>\n<td>\u00a0VOE14233392 VOE14211154 EC230B<\/td>\n<td>VOE14263538 EC450 VOE 14514894 EC160B EC180B<\/td>\n<\/tr>\n<tr>\n<td>\u00a0VOE14233392 EC230B 14524190 EC290B<\/td>\n<td width=\"421\">\u00a0VOE14264157 EC340<\/td>\n<\/tr>\n<tr>\n<td>\u00a0VOE14231304 EC300 volvo<\/td>\n<td>\u00a0VOE14264157 VOE14341272<\/td>\n<\/tr>\n<tr>\n<td width=\"384\">\u00a0VOE11806964 EC45 VOE 14524188 EC140B<\/td>\n<td>\u00a0VOE14267504 VOE14265302 EC280<\/td>\n<\/tr>\n<tr>\n<td>\u00a0SA8230-27000 SA8230-31780 EC360<\/td>\n<td width=\"421\">\u00a0VOE14503783 VOE14542163 VOE14500382 EC240B<\/td>\n<\/tr>\n<tr>\n<td width=\"384\">SA8230-24760 SA1155-30080 EC55<\/td>\n<td>\u00a014504144 VOE 14542165 SA 1142-00651<\/td>\n<\/tr>\n<tr>\n<td>\u00a0SA7118-38100 SA1142-00651 EC290<\/td>\n<td>VOE 14507900 VOE 14524188 EC135B<\/td>\n<\/tr>\n<tr>\n<td>\u00a0SA7118-30130 SA1142-07410 EC460<\/td>\n<td>\u00a0VOE14507900 VOE 14541064 SA 1142-06500<\/td>\n<\/tr>\n<tr>\n<td>\u00a0SA7118-23101 SA1142-06500 EC140<\/td>\n<td width=\"421\">\u00a0VOE 14512787 VOE 14512786 EC330B EC360B VOE 145<\/td>\n<\/tr>\n<tr>\n<td>\u00a0PJ5370257 EC70 VOE14250820 EC150<\/td>\n<td width=\"421\">VOE 14515046 VOE 14541067<\/td>\n<\/tr>\n<tr>\n<td>\u00a0VOE14235261 VOE14214158 EC650<\/td>\n<td width=\"421\">\u00a0VOE 14516445 VOE 14541069 SA 1142-00930 VOE 14521451 EC210B<\/td>\n<\/tr>\n<tr>\n<td>VOE 14521444 VOE 14521452 EC460B<\/td>\n<td width=\"421\">\u00a0VOE 14521444 VOE 14521452 EC460B<\/td>\n<\/tr>\n<tr>\n<td>VOE 7118-34100 SA 1142-00520 VOE 14500382 EC240<\/td>\n<td width=\"421\">\u00a0VOE 14529547 SA 1155-30060 SA 1155-30080 EC55E<\/td>\n<\/tr>\n<tr>\n<td>VOE 14535295 VOE 14535293 EC700B<\/td>\n<td>\u00a0VOE 14535295 VOE 14535293 EC700B<\/td>\n<\/tr>\n<\/tbody>\n<\/table>\n<\/figure>\n<h4><strong>Moteur et bo\u00eete de vitesses Mod\u00e8le disponible :<\/strong><\/h4>\n<figure class=\"wp-block-table is-style-stripes has-small-font-size\">\n<table class=\"aliDataTable\" style=\"height: 713px;\" width=\"783\">\n<tbody>\n<tr>\n<td>\n<div>\n<div><strong>DOOSAN<\/strong><\/div>\n<\/div>\n<\/td>\n<td colspan=\"3\">\n<div>DH50-7, DH55D, DH60-7, DH80, DH130, DH150, DH150W-9, DH215-5, DH200-5, DH150LC-7, DH215-7, DH220-5, DH220-7, DH220-9, DH220-10, DH225-9, DH258, DH258LC-7, DH280, DH290B, DH300-5, DH300-7, DH320, DH360, DH370, DH500, DX300<\/div>\n<\/td>\n<\/tr>\n<tr>\n<td>\n<div>\n<div><strong>HYUNDAI<\/strong><\/div>\n<\/div>\n<\/td>\n<td colspan=\"3\">\n<div>R60-7, R80, R130, R140, R150-7, R150-9, R1107-7, R160-7, R210, R220, R220-7, R215-7, R220-5, R225-7, R225-9T, R225lc-7, R290, R350-7,R110-9, R215-9, R275LC-9, R305, R305-7, R320, R335-7,R360, R370, R375, R375-7H, R455, R460, R485-7<\/div>\n<\/td>\n<\/tr>\n<tr>\n<td>\n<div>\n<div><strong>VOLVO<\/strong><\/div>\n<\/div>\n<\/td>\n<td colspan=\"3\">\n<div>EC130, EC140B, EC210B, EC210C, EC235C, EC240B, EC290, EC290B, EC290C, EC360B, EC460B, EC460C, EC480D<\/div>\n<\/td>\n<\/tr>\n<tr>\n<td>\n<div>\n<div><strong>CAT<\/strong><\/div>\n<\/div>\n<\/td>\n<td colspan=\"3\">\n<div>E305, E320, E325C, E315C, E330C, E315D, E320D, E325D, E330D, E360D, E70B, E120B, E200B, E320B, E330B<\/div>\n<\/td>\n<\/tr>\n<tr>\n<td>\n<div>\n<div><strong>KOMATSU<\/strong><\/div>\n<\/div>\n<\/td>\n<td colspan=\"3\">\n<div>PC35,PC40,PC45, PC50, PC55, PC60,PC60-6, PC70, PC75, PC78, PC80, PC90, PC100, PC110, PC120, PC120-7, PC130, PC150, PC160, PC180, PC200,PC200-6, PC200-7,PC200-8, PC210-8, PC220-6,PC220-7,PC210, PC220, PC230, PC240,PC240-8, PC270, PC300, PC360,PC360-7, PC350, PC400, PC450, PC650, PC750, PC1250 D31, D50, D65, D85, D155, D275, D375, D475<\/div>\n<\/td>\n<\/tr>\n<tr>\n<td>\n<div>\n<div><strong>HITACHI<\/strong><\/div>\n<\/div>\n<\/td>\n<td colspan=\"3\">\n<div>EX200-2, EX220-2, EX120-5, EX200-5, EX220-5, EX400-5, ZAXIS200-3, ZAXIS210-3, ZAXIS240-3, ZAXIS 270-3, ZAXIS330-3, ZAXIS360-3, ZAXIS110, ZAXIS120, ZX200-6<\/div>\n<\/td>\n<\/tr>\n<tr>\n<td>\n<div>\n<div><strong>KOBELCO\u00a0<\/strong><\/div>\n<\/div>\n<\/td>\n<td colspan=\"3\">\n<div>SK200-3, SK200-5, SK135rs, SK70rs,SK60,SK120-5, SK200-8, SK250-8, SK260-8, SK130-8, SK200-6e, SK210-6e, SK160<\/div>\n<\/td>\n<\/tr>\n<tr>\n<td>\n<div>\n<div><strong>CASE<\/strong><\/div>\n<\/div>\n<\/td>\n<td colspan=\"3\">CX130,CX800 CX800B ,CX490C CX500C,CX470B CX470C CX500D,CX350B CX350C CX360B,CX210D LC CX230D,CX180B CX160B,CX240D CX300 CX290D<\/td>\n<\/tr>\n<tr>\n<td>\n<div>\n<div><strong>SUMITOMO<\/strong><\/div>\n<\/div>\n<\/td>\n<td colspan=\"3\">\n<div>SH120A2\/A3,SH130, SH200A2\/A3, SH210A5, SH240A3, SH360A5<\/div>\n<\/td>\n<\/tr>\n<tr>\n<td>\n<div>\n<div><strong>JCB<\/strong><\/div>\n<\/div>\n<\/td>\n<td colspan=\"3\">JS290,JS190, JRC0007 JS220LR JS220 JS180 JS145 JS360<\/td>\n<\/tr>\n<\/tbody>\n<\/table>\n<\/figure>\n<p><img decoding=\"async\" class=\"wp-image-1155\" src=\"https:\/\/swingbearing.net\/wp-content\/uploads\/2023\/11\/111-300x187.jpg\" alt=\"Entra\u00eenement final de la pelleteuse\" width=\"850\" height=\"530\" srcset=\"https:\/\/swingbearing.net\/wp-content\/uploads\/2023\/11\/111-300x187.jpg 300w, https:\/\/swingbearing.net\/wp-content\/uploads\/2023\/11\/111-768x479.jpg 768w, https:\/\/swingbearing.net\/wp-content\/uploads\/2023\/11\/111-600x374.jpg 600w, https:\/\/swingbearing.net\/wp-content\/uploads\/2023\/11\/111.jpg 850w\" sizes=\"(max-width: 850px) 100vw, 850px\" \/><\/p>\n<p><img decoding=\"async\" class=\"alignnone wp-image-1156 size-full\" src=\"https:\/\/swingbearing.net\/wp-content\/uploads\/2023\/11\/222.jpg\" alt=\"Entra\u00eenement final de la pelleteuse\" width=\"850\" height=\"638\" srcset=\"https:\/\/swingbearing.net\/wp-content\/uploads\/2023\/11\/222.jpg 850w, https:\/\/swingbearing.net\/wp-content\/uploads\/2023\/11\/222-300x225.jpg 300w, https:\/\/swingbearing.net\/wp-content\/uploads\/2023\/11\/222-768x576.jpg 768w, https:\/\/swingbearing.net\/wp-content\/uploads\/2023\/11\/222-600x450.jpg 600w\" sizes=\"(max-width: 850px) 100vw, 850px\" \/><\/p>","protected":false},"excerpt":{"rendered":"<h5 class=\"ct-headline\">Cat\u00e9gories : Volvo Spare Parts, Swing Gearbox ,Swing Reducer,Swing Motor Assy<br \/>\n325b 325bl M2X170chb<br \/>\n1140661\u00a0 \u00a0114-0661<\/h5>\n<p>&nbsp;<\/p>","protected":false},"featured_media":1644,"template":"","meta":[],"product_brand":[],"product_cat":[25],"product_tag":[],"class_list":{"0":"post-1643","1":"product","2":"type-product","3":"status-publish","4":"has-post-thumbnail","6":"product_cat-slewing-reducers","8":"first","9":"instock","10":"shipping-taxable","11":"product-type-simple"},"_links":{"self":[{"href":"https:\/\/swingbearing.net\/fr\/wp-json\/wp\/v2\/product\/1643","targetHints":{"allow":["GET"]}}],"collection":[{"href":"https:\/\/swingbearing.net\/fr\/wp-json\/wp\/v2\/product"}],"about":[{"href":"https:\/\/swingbearing.net\/fr\/wp-json\/wp\/v2\/types\/product"}],"wp:featuredmedia":[{"embeddable":true,"href":"https:\/\/swingbearing.net\/fr\/wp-json\/wp\/v2\/media\/1644"}],"wp:attachment":[{"href":"https:\/\/swingbearing.net\/fr\/wp-json\/wp\/v2\/media?parent=1643"}],"wp:term":[{"taxonomy":"product_brand","embeddable":true,"href":"https:\/\/swingbearing.net\/fr\/wp-json\/wp\/v2\/product_brand?post=1643"},{"taxonomy":"product_cat","embeddable":true,"href":"https:\/\/swingbearing.net\/fr\/wp-json\/wp\/v2\/product_cat?post=1643"},{"taxonomy":"product_tag","embeddable":true,"href":"https:\/\/swingbearing.net\/fr\/wp-json\/wp\/v2\/product_tag?post=1643"}],"curies":[{"name":"wp","href":"https:\/\/api.w.org\/{rel}","templated":true}]}}